{"id":2701,"date":"2025-05-09T18:42:39","date_gmt":"2025-05-09T10:42:39","guid":{"rendered":"https:\/\/mekeltech.com\/?post_type=product&#038;p=2701"},"modified":"2025-08-25T15:56:13","modified_gmt":"2025-08-25T07:56:13","slug":"pillar-stand","status":"publish","type":"product","link":"https:\/\/www.mekeltech.com\/fr\/product\/pillar-stand\/","title":{"rendered":"Support de pilier"},"content":{"rendered":"<div data-elementor-type=\"wp-post\" data-elementor-id=\"2701\" class=\"elementor elementor-2701\" data-elementor-post-type=\"product\">\n\t\t\t\t<div class=\"elementor-element elementor-element-3c28ffb e-flex e-con-boxed e-con e-parent\" data-id=\"3c28ffb\" data-element_type=\"container\">\n\t\t\t\t\t<div class=\"e-con-inner\">\n\t\t\t\t<div class=\"elementor-element elementor-element-23a2c62 elementor-widget elementor-widget-heading\" data-id=\"23a2c62\" data-element_type=\"widget\" data-widget_type=\"heading.default\">\n\t\t\t\t<div class=\"elementor-widget-container\">\n\t\t\t\t\t<h2 class=\"elementor-heading-title elementor-size-default\">Introduction au pilier<\/h2>\t\t\t\t<\/div>\n\t\t\t\t<\/div>\n\t\t\t\t<div class=\"elementor-element elementor-element-49a6f33 elementor-widget elementor-widget-text-editor\" data-id=\"49a6f33\" data-element_type=\"widget\" data-widget_type=\"text-editor.default\">\n\t\t\t\t<div class=\"elementor-widget-container\">\n\t\t\t\t\t\t\t\t\t<p>Nous proposons des colonnes mont\u00e9es au sol qui constituent une base solide pour l'installation de stations de recharge pour v\u00e9hicules \u00e9lectriques dans n'importe quel environnement. Faciles \u00e0 installer, ces supports sont fabriqu\u00e9s avec des mat\u00e9riaux renforc\u00e9s de premi\u00e8re qualit\u00e9 pour offrir une stabilit\u00e9 et une durabilit\u00e9 optimales. Ils sont dot\u00e9s d'une construction r\u00e9sistante aux intemp\u00e9ries et d'un rev\u00eatement en poudre anticorrosion, ce qui garantit leur endurance dans des conditions ext\u00e9rieures difficiles. La conception des chemins de c\u00e2bles dissimul\u00e9s permet un c\u00e2blage interne s\u00fbr et organis\u00e9.<\/p>\n<p>Que ce soit pour les garages, les parkings ou les zones de recharge publiques, nos supports de colonne offrent des solutions fiables et polyvalentes pour soutenir l'installation d'une infrastructure de recharge pour VE.<\/p>\t\t\t\t\t\t\t\t<\/div>\n\t\t\t\t<\/div>\n\t\t\t\t<div class=\"elementor-element elementor-element-6318802 elementor-widget elementor-widget-heading\" data-id=\"6318802\" data-element_type=\"widget\" data-widget_type=\"heading.default\">\n\t\t\t\t<div class=\"elementor-widget-container\">\n\t\t\t\t\t<h2 class=\"elementor-heading-title elementor-size-default\">Pourquoi choisir le pilier Mekel pour l'installation ?<\/h2>\t\t\t\t<\/div>\n\t\t\t\t<\/div>\n\t\t\t\t<div class=\"elementor-element elementor-element-b447c2c elementor-widget elementor-widget-heading\" data-id=\"b447c2c\" data-element_type=\"widget\" data-widget_type=\"heading.default\">\n\t\t\t\t<div class=\"elementor-widget-container\">\n\t\t\t\t\t<h3 class=\"elementor-heading-title elementor-size-default\">Durabilit\u00e9 et r\u00e9sistance aux intemp\u00e9ries exceptionnelles<\/h3>\t\t\t\t<\/div>\n\t\t\t\t<\/div>\n\t\t\t\t<div class=\"elementor-element elementor-element-c72225d elementor-widget elementor-widget-text-editor\" data-id=\"c72225d\" data-element_type=\"widget\" data-widget_type=\"text-editor.default\">\n\t\t\t\t<div class=\"elementor-widget-container\">\n\t\t\t\t\t\t\t\t\t<p>Fabriqu\u00e9 en acier rev\u00eatu de poudre ou en aluminium de qualit\u00e9 a\u00e9rospatiale, notre support de colonne est con\u00e7u pour r\u00e9sister aux conditions ext\u00e9rieures difficiles, y compris la pluie\/la neige et l'exposition aux UV. Cela se traduit par des ann\u00e9es de performances fiables et sans entretien, ce qui permet \u00e0 votre infrastructure de charge de rester fiable et performante quel que soit le climat.<\/p>\t\t\t\t\t\t\t\t<\/div>\n\t\t\t\t<\/div>\n\t\t\t\t<div class=\"elementor-element elementor-element-9473831 elementor-widget elementor-widget-heading\" data-id=\"9473831\" data-element_type=\"widget\" data-widget_type=\"heading.default\">\n\t\t\t\t<div class=\"elementor-widget-container\">\n\t\t\t\t\t<h3 class=\"elementor-heading-title elementor-size-default\">Une conception souple et \u00e9volutive<\/h3>\t\t\t\t<\/div>\n\t\t\t\t<\/div>\n\t\t\t\t<div class=\"elementor-element elementor-element-4350366 elementor-widget elementor-widget-text-editor\" data-id=\"4350366\" data-element_type=\"widget\" data-widget_type=\"text-editor.default\">\n\t\t\t\t<div class=\"elementor-widget-container\">\n\t\t\t\t\t\t\t\t\t<p>Dot\u00e9s de supports de montage universels et de mod\u00e8les de boulons r\u00e9glables, nos socles s'adaptent \u00e0 une grande vari\u00e9t\u00e9 de stations de charge CA et CC, ce qui les rend compatibles avec les dispositifs de charge existants et futurs. Sa construction modulaire permet de remplacer ou d'am\u00e9liorer les c\u00e2bles et les fils sans avoir \u00e0 d\u00e9monter l'ensemble du socle, ce qui repr\u00e9sente un gain de temps et d'argent.<\/p>\t\t\t\t\t\t\t\t<\/div>\n\t\t\t\t<\/div>\n\t\t\t\t<div class=\"elementor-element elementor-element-d1aca09 elementor-widget elementor-widget-heading\" data-id=\"d1aca09\" data-element_type=\"widget\" data-widget_type=\"heading.default\">\n\t\t\t\t<div class=\"elementor-widget-container\">\n\t\t\t\t\t<h3 class=\"elementor-heading-title elementor-size-default\">Personnalisation des sp\u00e9cifications et des mat\u00e9riaux<\/h3>\t\t\t\t<\/div>\n\t\t\t\t<\/div>\n\t\t\t\t<div class=\"elementor-element elementor-element-91aed74 elementor-widget elementor-widget-text-editor\" data-id=\"91aed74\" data-element_type=\"widget\" data-widget_type=\"text-editor.default\">\n\t\t\t\t<div class=\"elementor-widget-container\">\n\t\t\t\t\t\t\t\t\t<p>Nous proposons une personnalisation pouss\u00e9e pour r\u00e9pondre \u00e0 divers besoins en mati\u00e8re d'installation et d'image de marque. Cela inclut des mat\u00e9riaux personnalis\u00e9s, des sp\u00e9cifications techniques, des finitions de couleur et un logo de marque. Notre objectif est de vous faciliter l'installation de vos dispositifs de charge et de vous aider \u00e0 promouvoir votre image de marque.<\/p>\t\t\t\t\t\t\t\t<\/div>\n\t\t\t\t<\/div>\n\t\t\t\t<div class=\"elementor-element elementor-element-bf8bf96 elementor-widget elementor-widget-heading\" data-id=\"bf8bf96\" data-element_type=\"widget\" data-widget_type=\"heading.default\">\n\t\t\t\t<div class=\"elementor-widget-container\">\n\t\t\t\t\t<h2 class=\"elementor-heading-title elementor-size-default\">Caract\u00e9ristiques du pilier<\/h2>\t\t\t\t<\/div>\n\t\t\t\t<\/div>\n\t\t\t\t<div class=\"elementor-element elementor-element-bde2b74 elementor-widget elementor-widget-text-editor\" data-id=\"bde2b74\" data-element_type=\"widget\" data-widget_type=\"text-editor.default\">\n\t\t\t\t<div class=\"elementor-widget-container\">\n\t\t\t\t\t\t\t\t\t<ul>\n<li>Mat\u00e9riaux durables<\/li>\n<li>Convivialit\u00e9 pour l'installateur<\/li>\n<li>Options de personnalisation<\/li>\n<li>Soutien \u00e0 la client\u00e8le<\/li>\n<\/ul>\t\t\t\t\t\t\t\t<\/div>\n\t\t\t\t<\/div>\n\t\t\t\t\t<\/div>\n\t\t\t\t<\/div>\n\t\t\t\t<\/div>","protected":false},"excerpt":{"rendered":"<p>Introduction to Pillar Stand We offer floor-mounted pillar stands that provide a secure foundation for EV charging stations to be installed for any environment. Hassle-free to install, the stands are manufactured with premium reinforced materials to provide optimal stability and durability . They come with weather-proof construction with anti-corrosion powder-coated finish, ensuring endurance in harsh [&hellip;]<\/p>","protected":false},"author":1,"featured_media":2874,"menu_order":0,"template":"","format":"standard","meta":{"_acf_changed":false,"site-sidebar-layout":"default","site-content-layout":"","ast-site-content-layout":"default","site-content-style":"default","site-sidebar-style":"default","ast-global-header-display":"","ast-banner-title-visibility":"","ast-main-header-display":"","ast-hfb-above-header-display":"","ast-hfb-below-header-display":"","ast-hfb-mobile-header-display":"","site-post-title":"","ast-breadcrumbs-content":"","ast-featured-img":"","footer-sml-layout":"","ast-disable-related-posts":"","theme-transparent-header-meta":"","adv-header-id-meta":"","stick-header-meta":"","header-above-stick-meta":"","header-main-stick-meta":"","header-below-stick-meta":"","astra-migrate-meta-layouts":"set","ast-page-background-enabled":"default","ast-page-background-meta":{"desktop":{"background-color":"","background-image":"","background-repeat":"repeat","background-position":"center center","background-size":"auto","background-attachment":"scroll","background-type":"","background-media":"","overlay-type":"","overlay-color":"","overlay-opacity":"","overlay-gradient":""},"tablet":{"background-color":"","background-image":"","background-repeat":"repeat","background-position":"center center","background-size":"auto","background-attachment":"scroll","background-type":"","background-media":"","overlay-type":"","overlay-color":"","overlay-opacity":"","overlay-gradient":""},"mobile":{"background-color":"","background-image":"","background-repeat":"repeat","background-position":"center center","background-size":"auto","background-attachment":"scroll","background-type":"","background-media":"","overlay-type":"","overlay-color":"","overlay-opacity":"","overlay-gradient":""}},"ast-content-background-meta":{"desktop":{"background-color":"var(--ast-global-color-5)","background-image":"","background-repeat":"repeat","background-position":"center center","background-size":"auto","background-attachment":"scroll","background-type":"","background-media":"","overlay-type":"","overlay-color":"","overlay-opacity":"","overlay-gradient":""},"tablet":{"background-color":"var(--ast-global-color-5)","background-image":"","background-repeat":"repeat","background-position":"center center","background-size":"auto","background-attachment":"scroll","background-type":"","background-media":"","overlay-type":"","overlay-color":"","overlay-opacity":"","overlay-gradient":""},"mobile":{"background-color":"var(--ast-global-color-5)","background-image":"","background-repeat":"repeat","background-position":"center center","background-size":"auto","background-attachment":"scroll","background-type":"","background-media":"","overlay-type":"","overlay-color":"","overlay-opacity":"","overlay-gradient":""}},"footnotes":""},"product-category":[102],"product-tag":[],"class_list":["post-2701","product","type-product","status-publish","format-standard","has-post-thumbnail","hentry","product-category-pillar-stand"],"acf":[],"_links":{"self":[{"href":"https:\/\/www.mekeltech.com\/fr\/wp-json\/wp\/v2\/product\/2701","targetHints":{"allow":["GET"]}}],"collection":[{"href":"https:\/\/www.mekeltech.com\/fr\/wp-json\/wp\/v2\/product"}],"about":[{"href":"https:\/\/www.mekeltech.com\/fr\/wp-json\/wp\/v2\/types\/product"}],"author":[{"embeddable":true,"href":"https:\/\/www.mekeltech.com\/fr\/wp-json\/wp\/v2\/users\/1"}],"version-history":[{"count":14,"href":"https:\/\/www.mekeltech.com\/fr\/wp-json\/wp\/v2\/product\/2701\/revisions"}],"predecessor-version":[{"id":6997,"href":"https:\/\/www.mekeltech.com\/fr\/wp-json\/wp\/v2\/product\/2701\/revisions\/6997"}],"wp:featuredmedia":[{"embeddable":true,"href":"https:\/\/www.mekeltech.com\/fr\/wp-json\/wp\/v2\/media\/2874"}],"wp:attachment":[{"href":"https:\/\/www.mekeltech.com\/fr\/wp-json\/wp\/v2\/media?parent=2701"}],"wp:term":[{"taxonomy":"product-category","embeddable":true,"href":"https:\/\/www.mekeltech.com\/fr\/wp-json\/wp\/v2\/product-category?post=2701"},{"taxonomy":"product-tag","embeddable":true,"href":"https:\/\/www.mekeltech.com\/fr\/wp-json\/wp\/v2\/product-tag?post=2701"}],"curies":[{"name":"wp","href":"https:\/\/api.w.org\/{rel}","templated":true}]}}