{"id":2424,"date":"2025-05-05T06:56:13","date_gmt":"2025-05-05T06:56:13","guid":{"rendered":"https:\/\/mekeltech.com\/?post_type=product&#038;p=2424"},"modified":"2025-08-07T12:19:23","modified_gmt":"2025-08-07T04:19:23","slug":"ccs2-to-gbt-dc-ev-charging-adapter","status":"publish","type":"product","link":"https:\/\/www.mekeltech.com\/fr\/product\/ccs2-to-gbt-dc-ev-charging-adapter\/","title":{"rendered":"Adaptateur de charge CCS2 vers GBT DC EV"},"content":{"rendered":"<div data-elementor-type=\"wp-post\" data-elementor-id=\"2424\" class=\"elementor elementor-2424\" data-elementor-post-type=\"product\">\n\t\t\t\t<div class=\"elementor-element elementor-element-1ed46942 e-flex e-con-boxed e-con e-parent\" data-id=\"1ed46942\" data-element_type=\"container\">\n\t\t\t\t\t<div class=\"e-con-inner\">\n\t\t\t\t<div class=\"elementor-element elementor-element-f17077f elementor-widget elementor-widget-text-editor\" data-id=\"f17077f\" data-element_type=\"widget\" data-widget_type=\"text-editor.default\">\n\t\t\t\t<div class=\"elementor-widget-container\">\n\t\t\t\t\t\t\t\t\t\n<p>Fiables et faciles \u00e0 utiliser, les adaptateurs de charge CCS2 vers GBT DC EV permettent aux v\u00e9hicules \u00e9quip\u00e9s d'un port standard chinois (GBT) de se recharger rapidement \u00e0 l'aide de chargeurs DC standard europ\u00e9ens (CCS2). Le produit a un design compact pour un stockage facile et est pr\u00eat \u00e0 l'emploi sans n\u00e9cessiter d'installation suppl\u00e9mentaire. La r\u00e9sistance \u00e0 l'eau IP54 et la r\u00e9sistance \u00e0 la temp\u00e9rature de -30\u00b0C \u00e0 +50\u00b0C garantissent une s\u00e9curit\u00e9 et une durabilit\u00e9 auxquelles vous pouvez faire confiance.<\/p>\n\n<h2 class=\"wp-block-heading has-medium-font-size\"><strong>Une solution pour chaque norme de recharge<\/strong><\/h2>\n\n<p>Our EV charging adapter lineup provides conversion solutions for every charging standard across\u00a0the world, including conversions between\u00a0American\u00a0Type 1, Tesla\u00a0NACS, European\u00a0Type 2, Chinese\u00a0GBT, and Japanese\u00a0Chademo\u00a0charging ports. \u00a0Speak with us to find out about the perfect adaptor products for your respective markets<\/p>\n\n<h2 class=\"wp-block-heading has-medium-font-size\"><strong>Qualit\u00e9 de construction sup\u00e9rieure<\/strong><\/h2>\n\n<p>Our adapters are made with high-strength thermoplastic\u00a0shell that provide great durability and silver-plated\u00a0copper alloy that delivers top-class conductivity, which will help drive your customers\u2019\u00a0satisfaction<\/p>\n\n<h2 class=\"wp-block-heading has-medium-font-size\"><strong>Facile \u00e0 utiliser et \u00e0 transporter<\/strong><\/h2>\n\n<p>Our adapters boast compact designs without compromising functionality. It supports high speed AC or DC charging, all while fits comfortably\u00a0inside a glovebox. Simply fit onto the charging gun and plug into vehicle\u2019s charging port fora seamless\u00a0charging experience<\/p>\n\n<h2 class=\"wp-block-heading has-medium-font-size\"><strong>Produit Haut<\/strong><strong>lumi\u00e8re<\/strong><\/h2>\n\n<ul class=\"wp-block-list\">\n<li>Toutes les normes de tarification<\/li>\n\n<li>Mat\u00e9riaux de premi\u00e8re qualit\u00e9<\/li>\n\n<li>Protection contre les intemp\u00e9ries<\/li>\n\n<li>Pr\u00e9paration de la production<\/li>\n\n<li>Livraison rapide<\/li>\n<\/ul>\n\n<h2 class=\"wp-block-heading has-medium-font-size\"><strong><strong>Product Specifications<\/strong><\/strong><\/h2>\n\n<figure class=\"wp-block-table\">\n<table class=\"has-fixed-layout\">\n<tbody>\n<tr>\n<td><strong>Nom du produit<\/strong><\/td>\n<td><strong>Adaptateur de charge CCS2 vers GBT<\/strong><\/td>\n<\/tr>\n<tr>\n<td><strong>Courant nominal<\/strong><\/td>\n<td><strong>Max 250A<\/strong><\/td>\n<\/tr>\n<tr>\n<td><strong>Tension nominale <\/strong><\/td>\n<td><strong>Max 1000V DC<\/strong><\/td>\n<\/tr>\n<tr>\n<td><strong>R\u00e9sistance \u00e0 l'eau <\/strong><\/td>\n<td><strong>IP54 (lorsqu'il est branch\u00e9)<\/strong><\/td>\n<\/tr>\n<tr>\n<td><strong>Coquille ext\u00e9rieure <\/strong><\/td>\n<td><strong>Thermoplastique<\/strong><strong>\uff08TBC\uff09<\/strong><\/td>\n<\/tr>\n<tr>\n<td><strong>Broche conductrice<\/strong><\/td>\n<td><strong>Alliage de cuivre, plaqu\u00e9 argent<\/strong><\/td>\n<\/tr>\n<tr>\n<td><strong>Temp\u00e9rature de fonctionnement <\/strong><\/td>\n<td><strong>De -30\u00b0C \u00e0 +50\u00b0C<\/strong><\/td>\n<\/tr>\n<tr>\n<td><strong>Poids net<\/strong><\/td>\n<td><strong>1,6 kg<\/strong><\/td>\n<\/tr>\n<tr>\n<td><strong>Dimensions<\/strong><\/td>\n<td><strong>294*95*145mm<\/strong><\/td>\n<\/tr>\n<\/tbody>\n<\/table>\n<\/figure>\n\n<h2 class=\"wp-block-heading has-medium-font-size\"><strong>FAQ<\/strong><\/h2>\n\n<p class=\"has-medium-font-size\"><strong>Q: What is the function of an EV charging adapter?<\/strong><\/p>\n\n<p>Un adaptateur de charge pour VE permet \u00e0 un v\u00e9hicule d'utiliser une station de charge dont la norme de charge est diff\u00e9rente. Par exemple, une voiture import\u00e9e de Chine et dot\u00e9e d'un port de charge de type GBT peut \u00eatre recharg\u00e9e avec la prise europ\u00e9enne de type 2, \u00e0 l'aide d'un adaptateur de type 2 \u00e0 GBT.<\/p>\n\n<p><strong class=\"\">Q: Will this CCS2 to GBT DC EV charging adapter charge slower than the original one?<\/strong><\/p>\n\n<p>R : Ce produit utilise des conducteurs en alliage de cuivre plaqu\u00e9 argent (r\u00e9sistance &lt; 0,2m\u03a9), perte de puissance &lt; 0,3%, et l&#039;efficacit\u00e9 de la charge est \u00e9quivalente \u00e0 celle des piles \u00e0 charge directe.<\/p>\n\n<p><strong class=\"\">Q: What safety certifications has this CCS2 to GBT DC EV charging adapter passed?<\/strong><\/p>\n\n<p>A: It holds CE\/ROHS certification, and core components have passed ISO 20653 dust and water resistance test and UL94 V-0 flame retardant certification.<\/p>\n\n<p><strong class=\"\">Q: How much power does this CCS2 to GBT EV charging adapter support for fast charging?<\/strong><\/p>\n\n<p>R : Ce produit prend en charge la charge rapide en courant continu jusqu'\u00e0 250A\/1000V (250kW), r\u00e9pondant ainsi aux besoins de charge \u00e0 vitesse extr\u00eame des mod\u00e8les grand public.<\/p>\n\n<p><strong class=\"\">Q: Can this CCS2 to GBT DC EV charging adapter be used normally in a low-temperature environment of -20\u2103?<\/strong><\/p>\n\n<p>A: Yes, this <strong class=\"\">Adaptateur de charge pour VE<\/strong> has passed the -30\u2103 extreme cold test, and the built-in temperature sensor is used for real-time monitoring to ensure safe operation in the full temperature range of -30\u00b0C to 50\u00b0C.<\/p>\n\t\t\t\t\t\t\t\t<\/div>\n\t\t\t\t<\/div>\n\t\t\t\t\t<\/div>\n\t\t\t\t<\/div>\n\t\t\t\t<\/div>","protected":false},"excerpt":{"rendered":"<p>Reliable and easy to use, the CCS2 to GBT DC EV charging adapters allow vehicles with Chinese standard port (GBT) to fast charge using European standard DC chargers (CCS2). The product has a compact\u00a0design for easy storage and is plug-and-play without needing additional setups. Comes with IP54 water resistance and temperature endurance of -30\u00b0C to [&hellip;]<\/p>","protected":false},"author":1,"featured_media":3496,"menu_order":15,"template":"","format":"standard","meta":{"_acf_changed":false,"site-sidebar-layout":"default","site-content-layout":"","ast-site-content-layout":"default","site-content-style":"default","site-sidebar-style":"default","ast-global-header-display":"","ast-banner-title-visibility":"","ast-main-header-display":"","ast-hfb-above-header-display":"","ast-hfb-below-header-display":"","ast-hfb-mobile-header-display":"","site-post-title":"","ast-breadcrumbs-content":"","ast-featured-img":"","footer-sml-layout":"","ast-disable-related-posts":"","theme-transparent-header-meta":"","adv-header-id-meta":"","stick-header-meta":"","header-above-stick-meta":"","header-main-stick-meta":"","header-below-stick-meta":"","astra-migrate-meta-layouts":"set","ast-page-background-enabled":"default","ast-page-background-meta":{"desktop":{"background-color":"","background-image":"","background-repeat":"repeat","background-position":"center center","background-size":"auto","background-attachment":"scroll","background-type":"","background-media":"","overlay-type":"","overlay-color":"","overlay-opacity":"","overlay-gradient":""},"tablet":{"background-color":"","background-image":"","background-repeat":"repeat","background-position":"center center","background-size":"auto","background-attachment":"scroll","background-type":"","background-media":"","overlay-type":"","overlay-color":"","overlay-opacity":"","overlay-gradient":""},"mobile":{"background-color":"","background-image":"","background-repeat":"repeat","background-position":"center center","background-size":"auto","background-attachment":"scroll","background-type":"","background-media":"","overlay-type":"","overlay-color":"","overlay-opacity":"","overlay-gradient":""}},"ast-content-background-meta":{"desktop":{"background-color":"var(--ast-global-color-5)","background-image":"","background-repeat":"repeat","background-position":"center center","background-size":"auto","background-attachment":"scroll","background-type":"","background-media":"","overlay-type":"","overlay-color":"","overlay-opacity":"","overlay-gradient":""},"tablet":{"background-color":"var(--ast-global-color-5)","background-image":"","background-repeat":"repeat","background-position":"center center","background-size":"auto","background-attachment":"scroll","background-type":"","background-media":"","overlay-type":"","overlay-color":"","overlay-opacity":"","overlay-gradient":""},"mobile":{"background-color":"var(--ast-global-color-5)","background-image":"","background-repeat":"repeat","background-position":"center center","background-size":"auto","background-attachment":"scroll","background-type":"","background-media":"","overlay-type":"","overlay-color":"","overlay-opacity":"","overlay-gradient":""}},"footnotes":""},"product-category":[89],"product-tag":[],"class_list":["post-2424","product","type-product","status-publish","format-standard","has-post-thumbnail","hentry","product-category-charging-adapter"],"acf":[],"_links":{"self":[{"href":"https:\/\/www.mekeltech.com\/fr\/wp-json\/wp\/v2\/product\/2424","targetHints":{"allow":["GET"]}}],"collection":[{"href":"https:\/\/www.mekeltech.com\/fr\/wp-json\/wp\/v2\/product"}],"about":[{"href":"https:\/\/www.mekeltech.com\/fr\/wp-json\/wp\/v2\/types\/product"}],"author":[{"embeddable":true,"href":"https:\/\/www.mekeltech.com\/fr\/wp-json\/wp\/v2\/users\/1"}],"version-history":[{"count":9,"href":"https:\/\/www.mekeltech.com\/fr\/wp-json\/wp\/v2\/product\/2424\/revisions"}],"predecessor-version":[{"id":5823,"href":"https:\/\/www.mekeltech.com\/fr\/wp-json\/wp\/v2\/product\/2424\/revisions\/5823"}],"wp:featuredmedia":[{"embeddable":true,"href":"https:\/\/www.mekeltech.com\/fr\/wp-json\/wp\/v2\/media\/3496"}],"wp:attachment":[{"href":"https:\/\/www.mekeltech.com\/fr\/wp-json\/wp\/v2\/media?parent=2424"}],"wp:term":[{"taxonomy":"product-category","embeddable":true,"href":"https:\/\/www.mekeltech.com\/fr\/wp-json\/wp\/v2\/product-category?post=2424"},{"taxonomy":"product-tag","embeddable":true,"href":"https:\/\/www.mekeltech.com\/fr\/wp-json\/wp\/v2\/product-tag?post=2424"}],"curies":[{"name":"wp","href":"https:\/\/api.w.org\/{rel}","templated":true}]}}