{"id":2272,"date":"2025-05-13T06:34:33","date_gmt":"2025-05-13T06:34:33","guid":{"rendered":"https:\/\/mekeltech.com\/?post_type=product&#038;p=2272"},"modified":"2025-08-21T14:04:22","modified_gmt":"2025-08-21T06:04:22","slug":"vehicle-to-load-multi-socket","status":"publish","type":"product","link":"https:\/\/www.mekeltech.com\/fr\/product\/vehicle-to-load-multi-socket\/","title":{"rendered":"V2L Multiprise"},"content":{"rendered":"<div data-elementor-type=\"wp-post\" data-elementor-id=\"2272\" class=\"elementor elementor-2272\" data-elementor-post-type=\"product\">\n\t\t\t\t<div class=\"elementor-element elementor-element-43132950 e-flex e-con-boxed e-con e-parent\" data-id=\"43132950\" data-element_type=\"container\">\n\t\t\t\t\t<div class=\"e-con-inner\">\n\t\t\t\t<div class=\"elementor-element elementor-element-e1d08f0 elementor-widget elementor-widget-heading\" data-id=\"e1d08f0\" data-element_type=\"widget\" data-widget_type=\"heading.default\">\n\t\t\t\t<div class=\"elementor-widget-container\">\n\t\t\t\t\t<h2 class=\"elementor-heading-title elementor-size-default\">Standard pour l'adaptateur multiprise V2L<\/h2>\t\t\t\t<\/div>\n\t\t\t\t<\/div>\n\t\t\t\t<div class=\"elementor-element elementor-element-1a161fe elementor-widget elementor-widget-text-editor\" data-id=\"1a161fe\" data-element_type=\"widget\" data-widget_type=\"text-editor.default\">\n\t\t\t\t<div class=\"elementor-widget-container\">\n\t\t\t\t\t\t\t\t\t<ul>\n<li>Puissance de sortie : Jusqu'\u00e0 3,6 kW (1 phase, 16 amp\u00e8res)<\/li>\n<li>Type de connecteur : Type 2<\/li>\n<li>Type de prise : Schuko, UK 3 Pin, Multi socket<\/li>\n<li>Option de c\u00e2ble : Disponible en 3m, 5m et 10m.<\/li>\n<li>V\u00e9hicules compatibles : Hyundai Ioniq 5, Kia EV6, MG ZS EV, BYD Atto 3, Genesis GV60\/GV70, et autres VE compatibles V2L<\/li>\n<li>Certifications : CE<\/li>\n<\/ul>\t\t\t\t\t\t\t\t<\/div>\n\t\t\t\t<\/div>\n\t\t\t\t<div class=\"elementor-element elementor-element-b2e5a49 elementor-widget elementor-widget-text-editor\" data-id=\"b2e5a49\" data-element_type=\"widget\" data-widget_type=\"text-editor.default\">\n\t\t\t\t<div class=\"elementor-widget-container\">\n\t\t\t\t\t\t\t\t\t<p>Les adaptateurs multiprises V2L (Vehicle-to-Load) de Mekel transforment les VE (v\u00e9hicules \u00e9lectriques) en une source d'\u00e9nergie polyvalente, permettant aux utilisateurs de puiser dans la batterie du VE pour alimenter des appareils externes. Con\u00e7u pour une int\u00e9gration transparente avec les VE compatibles V2L, cet adaptateur prend en charge une gamme d'applications, du camping aux aventures en plein air, en passant par l'alimentation de secours en cas de panne. Dot\u00e9 de solides caract\u00e9ristiques de s\u00e9curit\u00e9 et compatible avec les principales normes mondiales, l'adaptateur multiprise V2L de Mekel offre une alimentation fiable et mobile pour les besoins personnels et commerciaux.<\/p>\t\t\t\t\t\t\t\t<\/div>\n\t\t\t\t<\/div>\n\t\t\t\t<div class=\"elementor-element elementor-element-33c76eb elementor-widget elementor-widget-heading\" data-id=\"33c76eb\" data-element_type=\"widget\" data-widget_type=\"heading.default\">\n\t\t\t\t<div class=\"elementor-widget-container\">\n\t\t\t\t\t<h2 class=\"elementor-heading-title elementor-size-default\">Qu'est-ce qu'un adaptateur multiprise V2L ?<\/h2>\t\t\t\t<\/div>\n\t\t\t\t<\/div>\n\t\t\t\t<div class=\"elementor-element elementor-element-ed878dd elementor-widget elementor-widget-text-editor\" data-id=\"ed878dd\" data-element_type=\"widget\" data-widget_type=\"text-editor.default\">\n\t\t\t\t<div class=\"elementor-widget-container\">\n\t\t\t\t\t\t\t\t\t<p data-pm-slice=\"0 0 []\">Un adaptateur multiprise V2L (Vehicle-to-Load Adapter) est un dispositif sp\u00e9cialis\u00e9 qui se connecte au port de charge de votre VE, permettant une charge bidirectionnelle et permettant \u00e0 l'\u00e9nergie de la batterie de sortir sous forme de courant alternatif. La technologie v\u00e9hicule-charge fonctionne en convertissant le courant continu (CC) de la batterie du v\u00e9hicule en courant alternatif (CA) par l'interm\u00e9diaire de l'onduleur embarqu\u00e9, puis en l'acheminant via la prise de l'adaptateur V2L. Cela vous permet de faire fonctionner des appareils de grande puissance tels que des cuisini\u00e8res \u00e9lectriques, des ordinateurs portables, des outils \u00e9lectriques, ou m\u00eame de recharger un autre v\u00e9hicule \u00e9lectrique. Que vous partiez en camping, que vous viviez dans un endroit hors r\u00e9seau ou que vous soyez confront\u00e9 \u00e0 une panne d'\u00e9lectricit\u00e9, l'adaptateur multiprise EV V2L transforme votre voiture en une centrale \u00e9lectrique mobile.<\/p>\t\t\t\t\t\t\t\t<\/div>\n\t\t\t\t<\/div>\n\t\t\t\t<div class=\"elementor-element elementor-element-aa7e011 elementor-widget elementor-widget-heading\" data-id=\"aa7e011\" data-element_type=\"widget\" data-widget_type=\"heading.default\">\n\t\t\t\t<div class=\"elementor-widget-container\">\n\t\t\t\t\t<h2 class=\"elementor-heading-title elementor-size-default\">Comment fonctionne l'adaptateur multiprise V2L ?<\/h2>\t\t\t\t<\/div>\n\t\t\t\t<\/div>\n\t\t\t\t<div class=\"elementor-element elementor-element-9fb83bb elementor-widget elementor-widget-text-editor\" data-id=\"9fb83bb\" data-element_type=\"widget\" data-widget_type=\"text-editor.default\">\n\t\t\t\t<div class=\"elementor-widget-container\">\n\t\t\t\t\t\t\t\t\t<p data-pm-slice=\"0 0 []\">L'adaptateur multiprise V2L de Mekel se connecte directement au port de charge de type 2 d'un v\u00e9hicule \u00e9lectrique compatible V2L. Une fois branch\u00e9, l'onduleur embarqu\u00e9 du v\u00e9hicule convertit le courant continu de la batterie en courant alternatif, fournissant jusqu'\u00e0 3,6 kW de puissance continue par le biais d'une prise de 230V. Les utilisateurs peuvent activer le mode V2L \u00e0 partir du syst\u00e8me d'infodivertissement du v\u00e9hicule, en ajustant les limites de d\u00e9charge pour pr\u00e9server l'autonomie. Pouvant supporter jusqu'\u00e0 16A, l'adaptateur alimente des appareils allant de la cafeti\u00e8re au climatiseur portable, assurant ainsi la flexibilit\u00e9 n\u00e9cessaire \u00e0 l'alimentation V2L en ext\u00e9rieur et aux besoins de secours \u00e0 domicile.<\/p>\t\t\t\t\t\t\t\t<\/div>\n\t\t\t\t<\/div>\n\t\t\t\t<div class=\"elementor-element elementor-element-c221f2b elementor-widget elementor-widget-heading\" data-id=\"c221f2b\" data-element_type=\"widget\" data-widget_type=\"heading.default\">\n\t\t\t\t<div class=\"elementor-widget-container\">\n\t\t\t\t\t<h2 class=\"elementor-heading-title elementor-size-default\">Pourquoi choisir l'adaptateur multiprise Mekel V2L ?<\/h2>\t\t\t\t<\/div>\n\t\t\t\t<\/div>\n\t\t\t\t<div class=\"elementor-element elementor-element-428d93a elementor-widget elementor-widget-heading\" data-id=\"428d93a\" data-element_type=\"widget\" data-widget_type=\"heading.default\">\n\t\t\t\t<div class=\"elementor-widget-container\">\n\t\t\t\t\t<h2 class=\"elementor-heading-title elementor-size-default\">Solution d'alimentation polyvalente<\/h2>\t\t\t\t<\/div>\n\t\t\t\t<\/div>\n\t\t\t\t<div class=\"elementor-element elementor-element-cb967ed elementor-widget elementor-widget-text-editor\" data-id=\"cb967ed\" data-element_type=\"widget\" data-widget_type=\"text-editor.default\">\n\t\t\t\t<div class=\"elementor-widget-container\">\n\t\t\t\t\t\t\t\t\t<p>L'adaptateur Mekel Vehicle-to-Load permet aux propri\u00e9taires de VE de lib\u00e9rer tout le potentiel de leur v\u00e9hicule. Qu'il s'agisse de faire fonctionner une machine \u00e0 caf\u00e9 en camping, d'alimenter des outils sur un site isol\u00e9 ou de faire fonctionner des appareils essentiels en cas de panne, cette solution d'alimentation V2L prend en charge jusqu'\u00e0 3,6 kW d'\u00e9nergie fiable. Parfaite pour les installations d'alimentation de camping EV, la vie hors r\u00e9seau et la pr\u00e9paration aux situations d'urgence.<\/p>\t\t\t\t\t\t\t\t<\/div>\n\t\t\t\t<\/div>\n\t\t\t\t<div class=\"elementor-element elementor-element-23b40d3 elementor-widget elementor-widget-heading\" data-id=\"23b40d3\" data-element_type=\"widget\" data-widget_type=\"heading.default\">\n\t\t\t\t<div class=\"elementor-widget-container\">\n\t\t\t\t\t<h3 class=\"elementor-heading-title elementor-size-default\">Compatibilit\u00e9 universelle<\/h3>\t\t\t\t<\/div>\n\t\t\t\t<\/div>\n\t\t\t\t<div class=\"elementor-element elementor-element-29893c2 elementor-widget elementor-widget-text-editor\" data-id=\"29893c2\" data-element_type=\"widget\" data-widget_type=\"text-editor.default\">\n\t\t\t\t<div class=\"elementor-widget-container\">\n\t\t\t\t\t\t\t\t\t<p>\u00c9quip\u00e9 d'un connecteur de type 2, l'adaptateur multiprise V2L est compatible avec les v\u00e9hicules \u00e9lectriques populaires compatibles V2L tels que Hyundai Ioniq 5, Kia EV6, MG ZS EV, BYD Atto 3, et bien d'autres encore. Sa conformit\u00e9 aux normes de charge internationales garantit que la fonctionnalit\u00e9 V2L fonctionne de mani\u00e8re transparente dans les diff\u00e9rentes r\u00e9gions.<\/p>\t\t\t\t\t\t\t\t<\/div>\n\t\t\t\t<\/div>\n\t\t\t\t<div class=\"elementor-element elementor-element-6ecbedd elementor-widget elementor-widget-heading\" data-id=\"6ecbedd\" data-element_type=\"widget\" data-widget_type=\"heading.default\">\n\t\t\t\t<div class=\"elementor-widget-container\">\n\t\t\t\t\t<h3 class=\"elementor-heading-title elementor-size-default\">Longueurs de c\u00e2ble personnalisables<\/h3>\t\t\t\t<\/div>\n\t\t\t\t<\/div>\n\t\t\t\t<div class=\"elementor-element elementor-element-a0724de elementor-widget elementor-widget-text-editor\" data-id=\"a0724de\" data-element_type=\"widget\" data-widget_type=\"text-editor.default\">\n\t\t\t\t<div class=\"elementor-widget-container\">\n\t\t\t\t\t\t\t\t\t<p>Nos options de c\u00e2bles V2L multiprises comprennent des longueurs de 3 m, 5 m et 10 m, id\u00e9ales pour les connexions domestiques et les installations ext\u00e9rieures \u00e9tendues. Choisissez la taille adapt\u00e9e \u00e0 l'application de chargement de votre v\u00e9hicule, qu'il s'agisse d'une utilisation domestique compacte ou d'un am\u00e9nagement de camping spacieux.<\/p>\t\t\t\t\t\t\t\t<\/div>\n\t\t\t\t<\/div>\n\t\t\t\t<div class=\"elementor-element elementor-element-f328cce elementor-widget elementor-widget-heading\" data-id=\"f328cce\" data-element_type=\"widget\" data-widget_type=\"heading.default\">\n\t\t\t\t<div class=\"elementor-widget-container\">\n\t\t\t\t\t<h3 class=\"elementor-heading-title elementor-size-default\">Un large \u00e9ventail de mod\u00e8les ax\u00e9s sur les objectifs<\/h3>\t\t\t\t<\/div>\n\t\t\t\t<\/div>\n\t\t\t\t<div class=\"elementor-element elementor-element-a56cd4f elementor-widget elementor-widget-text-editor\" data-id=\"a56cd4f\" data-element_type=\"widget\" data-widget_type=\"text-editor.default\">\n\t\t\t\t<div class=\"elementor-widget-container\">\n\t\t\t\t\t\t\t\t\t<p>Mekel propose plusieurs mod\u00e8les d'adaptateurs multiprises V2L, pour diff\u00e9rentes fonctions et diff\u00e9rents budgets. Il s'agit notamment de l'adaptateur V2L standard, de la variante premium avec affichage LCD pour la charge et de la variante multiprise pour la charge de plusieurs appareils. Que les clients soient orient\u00e9s vers le budget ou la fonction, Mekel a la solution adapt\u00e9e au produit pour r\u00e9pondre aux besoins des clients.<\/p>\t\t\t\t\t\t\t\t<\/div>\n\t\t\t\t<\/div>\n\t\t\t\t<div class=\"elementor-element elementor-element-9f69f2e elementor-widget elementor-widget-heading\" data-id=\"9f69f2e\" data-element_type=\"widget\" data-widget_type=\"heading.default\">\n\t\t\t\t<div class=\"elementor-widget-container\">\n\t\t\t\t\t<h3 class=\"elementor-heading-title elementor-size-default\">Solutions de personnalisation flexibles<\/h3>\t\t\t\t<\/div>\n\t\t\t\t<\/div>\n\t\t\t\t<div class=\"elementor-element elementor-element-003b2b8 elementor-widget elementor-widget-text-editor\" data-id=\"003b2b8\" data-element_type=\"widget\" data-widget_type=\"text-editor.default\">\n\t\t\t\t<div class=\"elementor-widget-container\">\n\t\t\t\t\t\t\t\t\t<p>Nous proposons des gravures laser personnalis\u00e9es pour les logos des marques et des emballages sur mesure pour aider les distributeurs et les fabricants \u00e0 am\u00e9liorer la visibilit\u00e9 de leur marque sur le march\u00e9 des accessoires pour v\u00e9hicules \u00e9lectriques.<\/p>\t\t\t\t\t\t\t\t<\/div>\n\t\t\t\t<\/div>\n\t\t\t\t<div class=\"elementor-element elementor-element-bde86b7 elementor-widget elementor-widget-heading\" data-id=\"bde86b7\" data-element_type=\"widget\" data-widget_type=\"heading.default\">\n\t\t\t\t<div class=\"elementor-widget-container\">\n\t\t\t\t\t<h2 class=\"elementor-heading-title elementor-size-default\">Principales caract\u00e9ristiques de l'adaptateur multiprise Mekel V2L<\/h2>\t\t\t\t<\/div>\n\t\t\t\t<\/div>\n\t\t\t\t<div class=\"elementor-element elementor-element-576200b8 elementor-widget elementor-widget-text-editor\" data-id=\"576200b8\" data-element_type=\"widget\" data-widget_type=\"text-editor.default\">\n\t\t\t\t<div class=\"elementor-widget-container\">\n\t\t\t\t\t\t\t\t\t<ul>\n<li>Puissance \u00e9lev\u00e9e jusqu'\u00e0 3,6 kW<!-- \/wp:list-item --><!-- wp:list-item --><\/li>\n<li>Connecteur de type 2 pour une compatibilit\u00e9 universelle avec les v\u00e9hicules \u00e9lectriques<!-- \/wp:list-item --><!-- wp:list-item --><\/li>\n<li>Options de longueurs de c\u00e2ble multiples pour les variantes multiprises<!-- \/wp:list-item --><!-- wp:list-item --><\/li>\n<li>Options de prises r\u00e9sistantes aux intemp\u00e9ries pour une durabilit\u00e9 \u00e0 l'ext\u00e9rieur<!-- \/wp:list-item --><!-- wp:list-item --><\/li>\n<li>Prise en charge d'une large gamme de v\u00e9hicules \u00e9lectriques compatibles V2L<!-- \/wp:list-item --><!-- wp:list-item --><\/li>\n<li>Conception plug-and-play conviviale pour toute application d'adaptateur multiprise V2L<\/li>\n<\/ul>\n<p><!-- \/wp:list-item --><\/p>\n<p><!-- \/wp:list --><!-- wp:paragraph --><\/p>\n<p><!-- \/wp:paragraph --><\/p>\t\t\t\t\t\t\t\t<\/div>\n\t\t\t\t<\/div>\n\t\t\t\t<div class=\"elementor-element elementor-element-b579928 elementor-widget elementor-widget-heading\" data-id=\"b579928\" data-element_type=\"widget\" data-widget_type=\"heading.default\">\n\t\t\t\t<div class=\"elementor-widget-container\">\n\t\t\t\t\t<h2 class=\"elementor-heading-title elementor-size-default\">T\u00e9moignages de clients<\/h2>\t\t\t\t<\/div>\n\t\t\t\t<\/div>\n\t\t\t\t<div class=\"elementor-element elementor-element-dbe7d15 elementor-widget elementor-widget-text-editor\" data-id=\"dbe7d15\" data-element_type=\"widget\" data-widget_type=\"text-editor.default\">\n\t\t\t\t<div class=\"elementor-widget-container\">\n\t\t\t\t\t\t\t\t\t<p>\"L'adaptateur multiprise Mekel V2L a chang\u00e9 la donne pour nos voyages en camping. Avec notre Kia EV6, nous avons aliment\u00e9 un r\u00e9frig\u00e9rateur portable, des lampes et m\u00eame un grill \u00e9lectrique. Le c\u00e2ble de 5 m a facilit\u00e9 l'installation. Hautement recommand\u00e9 \u00e0 tous ceux qui cherchent \u00e0 tirer le meilleur parti de la technologie v\u00e9hicule-charge\". - Sarah, passionn\u00e9e de plein air<\/p>\t\t\t\t\t\t\t\t<\/div>\n\t\t\t\t<\/div>\n\t\t\t\t<div class=\"elementor-element elementor-element-fdee408 elementor-widget elementor-widget-heading\" data-id=\"fdee408\" data-element_type=\"widget\" data-widget_type=\"heading.default\">\n\t\t\t\t<div class=\"elementor-widget-container\">\n\t\t\t\t\t<h2 class=\"elementor-heading-title elementor-size-default\">FAQ <\/h2>\t\t\t\t<\/div>\n\t\t\t\t<\/div>\n\t\t\t\t<div class=\"elementor-element elementor-element-f50f1c5 elementor-widget elementor-widget-n-accordion\" data-id=\"f50f1c5\" data-element_type=\"widget\" data-settings=\"{&quot;default_state&quot;:&quot;expanded&quot;,&quot;max_items_expended&quot;:&quot;one&quot;,&quot;n_accordion_animation_duration&quot;:{&quot;unit&quot;:&quot;ms&quot;,&quot;size&quot;:400,&quot;sizes&quot;:[]}}\" data-widget_type=\"nested-accordion.default\">\n\t\t\t\t<div class=\"elementor-widget-container\">\n\t\t\t\t\t\t\t<div class=\"e-n-accordion\" aria-label=\"Accord\u00e9on. Ouvrez les liens avec Enter ou Space, fermez-les avec Escape et naviguez avec les touches fl\u00e9ch\u00e9es.\">\n\t\t\t\t\t\t<details id=\"e-n-accordion-item-2560\" class=\"e-n-accordion-item\" open>\n\t\t\t\t<summary class=\"e-n-accordion-item-title\" data-accordion-index=\"1\" tabindex=\"0\" aria-expanded=\"true\" aria-controls=\"e-n-accordion-item-2560\" >\n\t\t\t\t\t<span class='e-n-accordion-item-title-header'><div class=\"e-n-accordion-item-title-text\"> Quels VE sont compatibles avec l'adaptateur multiprise Mekel V2L ? <\/div><\/span>\n\t\t\t\t\t\t\t<span class='e-n-accordion-item-title-icon'>\n\t\t\t<span class='e-opened' ><svg aria-hidden=\"true\" class=\"e-font-icon-svg e-fas-minus\" viewbox=\"0 0 448 512\" xmlns=\"http:\/\/www.w3.org\/2000\/svg\"><path d=\"M416 208H32c-17.67 0-32 14.33-32 32v32c0 17.67 14.33 32 32 32h384c17.67 0 32-14.33 32-32v-32c0-17.67-14.33-32-32-32z\"><\/path><\/svg><\/span>\n\t\t\t<span class='e-closed'><svg aria-hidden=\"true\" class=\"e-font-icon-svg e-fas-plus\" viewbox=\"0 0 448 512\" xmlns=\"http:\/\/www.w3.org\/2000\/svg\"><path d=\"M416 208H272V64c0-17.67-14.33-32-32-32h-32c-17.67 0-32 14.33-32 32v144H32c-17.67 0-32 14.33-32 32v32c0 17.67 14.33 32 32 32h144v144c0 17.67 14.33 32 32 32h32c17.67 0 32-14.33 32-32V304h144c17.67 0 32-14.33 32-32v-32c0-17.67-14.33-32-32-32z\"><\/path><\/svg><\/span>\n\t\t<\/span>\n\n\t\t\t\t\t\t<\/summary>\n\t\t\t\t<div role=\"region\" aria-labelledby=\"e-n-accordion-item-2560\" class=\"elementor-element elementor-element-adc2455 e-con-full e-flex e-con e-child\" data-id=\"adc2455\" data-element_type=\"container\">\n\t\t\t\t<div class=\"elementor-element elementor-element-90efc59 elementor-widget elementor-widget-text-editor\" data-id=\"90efc59\" data-element_type=\"widget\" data-widget_type=\"text-editor.default\">\n\t\t\t\t<div class=\"elementor-widget-container\">\n\t\t\t\t\t\t\t\t\t<p>Compatible avec de nombreux VE pr\u00eats pour le V2L, notamment Hyundai Ioniq 5, Kia EV6, MG ZS EV, BYD Atto 3, Genesis GV60\/GV70, et bien d'autres encore. V\u00e9rifiez toujours la capacit\u00e9 de charge du v\u00e9hicule dans le manuel de votre VE.<\/p>\t\t\t\t\t\t\t\t<\/div>\n\t\t\t\t<\/div>\n\t\t\t\t<\/div>\n\t\t\t\t\t<\/details>\n\t\t\t\t\t\t<details id=\"e-n-accordion-item-2561\" class=\"e-n-accordion-item\" >\n\t\t\t\t<summary class=\"e-n-accordion-item-title\" data-accordion-index=\"2\" tabindex=\"-1\" aria-expanded=\"false\" aria-controls=\"e-n-accordion-item-2561\" >\n\t\t\t\t\t<span class='e-n-accordion-item-title-header'><div class=\"e-n-accordion-item-title-text\"> Quels appareils l'adaptateur multiprise V2L peut-il alimenter ? <\/div><\/span>\n\t\t\t\t\t\t\t<span class='e-n-accordion-item-title-icon'>\n\t\t\t<span class='e-opened' ><svg aria-hidden=\"true\" class=\"e-font-icon-svg e-fas-minus\" viewbox=\"0 0 448 512\" xmlns=\"http:\/\/www.w3.org\/2000\/svg\"><path d=\"M416 208H32c-17.67 0-32 14.33-32 32v32c0 17.67 14.33 32 32 32h384c17.67 0 32-14.33 32-32v-32c0-17.67-14.33-32-32-32z\"><\/path><\/svg><\/span>\n\t\t\t<span class='e-closed'><svg aria-hidden=\"true\" class=\"e-font-icon-svg e-fas-plus\" viewbox=\"0 0 448 512\" xmlns=\"http:\/\/www.w3.org\/2000\/svg\"><path d=\"M416 208H272V64c0-17.67-14.33-32-32-32h-32c-17.67 0-32 14.33-32 32v144H32c-17.67 0-32 14.33-32 32v32c0 17.67 14.33 32 32 32h144v144c0 17.67 14.33 32 32 32h32c17.67 0 32-14.33 32-32V304h144c17.67 0 32-14.33 32-32v-32c0-17.67-14.33-32-32-32z\"><\/path><\/svg><\/span>\n\t\t<\/span>\n\n\t\t\t\t\t\t<\/summary>\n\t\t\t\t<div role=\"region\" aria-labelledby=\"e-n-accordion-item-2561\" class=\"elementor-element elementor-element-c65d493 e-con-full e-flex e-con e-child\" data-id=\"c65d493\" data-element_type=\"container\">\n\t\t\t\t<div class=\"elementor-element elementor-element-9f449c1 elementor-widget elementor-widget-text-editor\" data-id=\"9f449c1\" data-element_type=\"widget\" data-widget_type=\"text-editor.default\">\n\t\t\t\t<div class=\"elementor-widget-container\">\n\t\t\t\t\t\t\t\t\t<p>Avec une puissance allant jusqu'\u00e0 3,6 kW, elle peut alimenter du mat\u00e9riel de camping (r\u00e9frig\u00e9rateurs, grils, lampes), des appareils domestiques essentiels (r\u00e9frig\u00e9rateurs, ventilateurs, chauffages) et des outils pour les travaux hors r\u00e9seau. Parfaite pour charger un v\u00e9hicule en \u00e9lectricit\u00e9 pour le camping ou pour alimenter une maison en cas d'urgence.<\/p>\t\t\t\t\t\t\t\t<\/div>\n\t\t\t\t<\/div>\n\t\t\t\t<\/div>\n\t\t\t\t\t<\/details>\n\t\t\t\t\t<\/div>\n\t\t\t\t\t\t<\/div>\n\t\t\t\t<\/div>\n\t\t\t\t\t<\/div>\n\t\t\t\t<\/div>\n\t\t\t\t<\/div>","protected":false},"excerpt":{"rendered":"<p>Standard for V2L Multi-Socket Adapter Power Output: Up to 3.6 kW (1 Phase, 16 Amp) Connector Type: Type 2 Socket Type: Schuko, UK 3 Pin, Multi socket Cable Option: Available in 3m, 5m, and 10m options Compatible Vehicles: Hyundai Ioniq 5, Kia EV6, MG ZS EV, BYD Atto 3, Genesis GV60\/GV70, and other V2L-enabled EVs [&hellip;]<\/p>","protected":false},"author":1,"featured_media":2273,"menu_order":0,"template":"","format":"standard","meta":{"_acf_changed":false,"site-sidebar-layout":"default","site-content-layout":"","ast-site-content-layout":"default","site-content-style":"default","site-sidebar-style":"default","ast-global-header-display":"","ast-banner-title-visibility":"","ast-main-header-display":"","ast-hfb-above-header-display":"","ast-hfb-below-header-display":"","ast-hfb-mobile-header-display":"","site-post-title":"","ast-breadcrumbs-content":"","ast-featured-img":"","footer-sml-layout":"","ast-disable-related-posts":"","theme-transparent-header-meta":"","adv-header-id-meta":"","stick-header-meta":"","header-above-stick-meta":"","header-main-stick-meta":"","header-below-stick-meta":"","astra-migrate-meta-layouts":"set","ast-page-background-enabled":"default","ast-page-background-meta":{"desktop":{"background-color":"","background-image":"","background-repeat":"repeat","background-position":"center center","background-size":"auto","background-attachment":"scroll","background-type":"","background-media":"","overlay-type":"","overlay-color":"","overlay-opacity":"","overlay-gradient":""},"tablet":{"background-color":"","background-image":"","background-repeat":"repeat","background-position":"center center","background-size":"auto","background-attachment":"scroll","background-type":"","background-media":"","overlay-type":"","overlay-color":"","overlay-opacity":"","overlay-gradient":""},"mobile":{"background-color":"","background-image":"","background-repeat":"repeat","background-position":"center center","background-size":"auto","background-attachment":"scroll","background-type":"","background-media":"","overlay-type":"","overlay-color":"","overlay-opacity":"","overlay-gradient":""}},"ast-content-background-meta":{"desktop":{"background-color":"var(--ast-global-color-5)","background-image":"","background-repeat":"repeat","background-position":"center center","background-size":"auto","background-attachment":"scroll","background-type":"","background-media":"","overlay-type":"","overlay-color":"","overlay-opacity":"","overlay-gradient":""},"tablet":{"background-color":"var(--ast-global-color-5)","background-image":"","background-repeat":"repeat","background-position":"center center","background-size":"auto","background-attachment":"scroll","background-type":"","background-media":"","overlay-type":"","overlay-color":"","overlay-opacity":"","overlay-gradient":""},"mobile":{"background-color":"var(--ast-global-color-5)","background-image":"","background-repeat":"repeat","background-position":"center center","background-size":"auto","background-attachment":"scroll","background-type":"","background-media":"","overlay-type":"","overlay-color":"","overlay-opacity":"","overlay-gradient":""}},"footnotes":""},"product-category":[93],"product-tag":[],"class_list":["post-2272","product","type-product","status-publish","format-standard","has-post-thumbnail","hentry","product-category-vehicle-to-load-v2l"],"acf":[],"_links":{"self":[{"href":"https:\/\/www.mekeltech.com\/fr\/wp-json\/wp\/v2\/product\/2272","targetHints":{"allow":["GET"]}}],"collection":[{"href":"https:\/\/www.mekeltech.com\/fr\/wp-json\/wp\/v2\/product"}],"about":[{"href":"https:\/\/www.mekeltech.com\/fr\/wp-json\/wp\/v2\/types\/product"}],"author":[{"embeddable":true,"href":"https:\/\/www.mekeltech.com\/fr\/wp-json\/wp\/v2\/users\/1"}],"version-history":[{"count":23,"href":"https:\/\/www.mekeltech.com\/fr\/wp-json\/wp\/v2\/product\/2272\/revisions"}],"predecessor-version":[{"id":6781,"href":"https:\/\/www.mekeltech.com\/fr\/wp-json\/wp\/v2\/product\/2272\/revisions\/6781"}],"wp:featuredmedia":[{"embeddable":true,"href":"https:\/\/www.mekeltech.com\/fr\/wp-json\/wp\/v2\/media\/2273"}],"wp:attachment":[{"href":"https:\/\/www.mekeltech.com\/fr\/wp-json\/wp\/v2\/media?parent=2272"}],"wp:term":[{"taxonomy":"product-category","embeddable":true,"href":"https:\/\/www.mekeltech.com\/fr\/wp-json\/wp\/v2\/product-category?post=2272"},{"taxonomy":"product-tag","embeddable":true,"href":"https:\/\/www.mekeltech.com\/fr\/wp-json\/wp\/v2\/product-tag?post=2272"}],"curies":[{"name":"wp","href":"https:\/\/api.w.org\/{rel}","templated":true}]}}