{"id":2250,"date":"2025-05-09T12:40:40","date_gmt":"2025-05-09T04:40:40","guid":{"rendered":"https:\/\/mekeltech.com\/?post_type=product&#038;p=2250"},"modified":"2025-08-25T16:18:08","modified_gmt":"2025-08-25T08:18:08","slug":"typeb-rccb","status":"publish","type":"product","link":"https:\/\/www.mekeltech.com\/fr\/product\/typeb-rccb\/","title":{"rendered":"TypeB RCCB"},"content":{"rendered":"<div data-elementor-type=\"wp-post\" data-elementor-id=\"2250\" class=\"elementor elementor-2250\" data-elementor-post-type=\"product\">\n\t\t\t\t<div class=\"elementor-element elementor-element-bdf2ac9 e-flex e-con-boxed e-con e-parent\" data-id=\"bdf2ac9\" data-element_type=\"container\">\n\t\t\t\t\t<div class=\"e-con-inner\">\n\t\t\t\t<div class=\"elementor-element elementor-element-260cf6e elementor-widget elementor-widget-heading\" data-id=\"260cf6e\" data-element_type=\"widget\" data-widget_type=\"heading.default\">\n\t\t\t\t<div class=\"elementor-widget-container\">\n\t\t\t\t\t<h2 class=\"elementor-heading-title elementor-size-default\">Introduction aux RCCB de type B<\/h2>\t\t\t\t<\/div>\n\t\t\t\t<\/div>\n\t\t\t\t<div class=\"elementor-element elementor-element-266336f elementor-widget elementor-widget-text-editor\" data-id=\"266336f\" data-element_type=\"widget\" data-widget_type=\"text-editor.default\">\n\t\t\t\t<div class=\"elementor-widget-container\">\n\t\t\t\t\t\t\t\t\t<p>Le disjoncteur \u00e0 courant r\u00e9siduel de type B (interchangeable avec \"RCB\") est un composant de s\u00e9curit\u00e9 essentiel pour les installations de chargeurs de VE. Il est install\u00e9 en amont du chargeur de VE et coupe le circuit lorsqu'il d\u00e9tecte un d\u00e9s\u00e9quilibre de courant entre les fils sous tension et les fils neutres, ce qui pourrait indiquer une fuite de courant vers la terre. Ce dispositif permet de prot\u00e9ger l'utilisateur contre de graves dangers, notamment les risques d'\u00e9lectrocution et d'incendie.<\/p>\n<p>MEKEL propose une gamme compl\u00e8te de RCCB de type B con\u00e7us pour r\u00e9pondre aux derni\u00e8res normes internationales de s\u00e9curit\u00e9 en mati\u00e8re de charge, notamment IEC 61851 et IEC 60364-7-722. Ceci inclut les RCCB de type A + 6mA DC et de type B. Envoyez-nous une demande et nous trouverons le RCCB adapt\u00e9 \u00e0 vos besoins d'installation.<\/p>\t\t\t\t\t\t\t\t<\/div>\n\t\t\t\t<\/div>\n\t\t\t\t<div class=\"elementor-element elementor-element-cc29208 elementor-widget elementor-widget-heading\" data-id=\"cc29208\" data-element_type=\"widget\" data-widget_type=\"heading.default\">\n\t\t\t\t<div class=\"elementor-widget-container\">\n\t\t\t\t\t<h2 class=\"elementor-heading-title elementor-size-default\">Pourquoi choisir TypeB RCCB ?<\/h2>\t\t\t\t<\/div>\n\t\t\t\t<\/div>\n\t\t\t\t<div class=\"elementor-element elementor-element-71f5849 elementor-widget elementor-widget-heading\" data-id=\"71f5849\" data-element_type=\"widget\" data-widget_type=\"heading.default\">\n\t\t\t\t<div class=\"elementor-widget-container\">\n\t\t\t\t\t<h3 class=\"elementor-heading-title elementor-size-default\">Protection pour toute configuration de chargement<\/h3>\t\t\t\t<\/div>\n\t\t\t\t<\/div>\n\t\t\t\t<div class=\"elementor-element elementor-element-ec2ae4a elementor-widget elementor-widget-text-editor\" data-id=\"ec2ae4a\" data-element_type=\"widget\" data-widget_type=\"text-editor.default\">\n\t\t\t\t<div class=\"elementor-widget-container\">\n\t\t\t\t\t\t\t\t\t<p>Nous proposons des RCCB de type B pour les situations de charge dans tous les types de lieux et d'appareils. Qu'il s'agisse d'une utilisation domestique ou commerciale, d'une charge en courant alternatif monophas\u00e9 ou triphas\u00e9, ou d'une charge en courant continu, nous avons le produit RCCB de type B qui convient \u00e0 votre installation de charge.<\/p>\t\t\t\t\t\t\t\t<\/div>\n\t\t\t\t<\/div>\n\t\t\t\t<div class=\"elementor-element elementor-element-5c68a09 elementor-widget elementor-widget-heading\" data-id=\"5c68a09\" data-element_type=\"widget\" data-widget_type=\"heading.default\">\n\t\t\t\t<div class=\"elementor-widget-container\">\n\t\t\t\t\t<h3 class=\"elementor-heading-title elementor-size-default\">Qualit\u00e9 et certification de confiance<\/h3>\t\t\t\t<\/div>\n\t\t\t\t<\/div>\n\t\t\t\t<div class=\"elementor-element elementor-element-d364e80 elementor-widget elementor-widget-text-editor\" data-id=\"d364e80\" data-element_type=\"widget\" data-widget_type=\"text-editor.default\">\n\t\t\t\t<div class=\"elementor-widget-container\">\n\t\t\t\t\t\t\t\t\t<p>Nous ne proposons que des produits RCCB de type B provenant de fabricants de premier ordre qui r\u00e9pondent aux exigences les plus strictes en mati\u00e8re de certification de l'UE et des \u00c9tats-Unis et qui ont export\u00e9 vers l'Europe, les Am\u00e9riques, le Moyen-Orient et l'Asie du Sud-Est. Rejoignez nos clients dans le monde entier et b\u00e9n\u00e9ficiez d'une qualit\u00e9 de produit garantie et d'une tranquillit\u00e9 d'esprit.<\/p>\t\t\t\t\t\t\t\t<\/div>\n\t\t\t\t<\/div>\n\t\t\t\t<div class=\"elementor-element elementor-element-0a497da elementor-widget elementor-widget-heading\" data-id=\"0a497da\" data-element_type=\"widget\" data-widget_type=\"heading.default\">\n\t\t\t\t<div class=\"elementor-widget-container\">\n\t\t\t\t\t<h3 class=\"elementor-heading-title elementor-size-default\">Une assistance \u00e0 la client\u00e8le exceptionnelle et d\u00e9vou\u00e9e<\/h3>\t\t\t\t<\/div>\n\t\t\t\t<\/div>\n\t\t\t\t<div class=\"elementor-element elementor-element-4be450b elementor-widget elementor-widget-text-editor\" data-id=\"4be450b\" data-element_type=\"widget\" data-widget_type=\"text-editor.default\">\n\t\t\t\t<div class=\"elementor-widget-container\">\n\t\t\t\t\t\t\t\t\t<p>Nous comprenons que la situation de chaque client est unique et que le chargement des VE peut \u00eatre nouveau et opaque pour certains. C'est pourquoi MEKEL vous offre une consultation gratuite sur les produits afin que vous puissiez faire le bon choix pour votre entreprise. Nous offrons \u00e9galement une assistance technique gratuite pendant l'installation du produit pour vous aider \u00e0 \u00e9viter les probl\u00e8mes d\u00e8s le d\u00e9but et \u00e0 r\u00e9duire le taux de r\u00e9clamation de vos clients.<\/p>\t\t\t\t\t\t\t\t<\/div>\n\t\t\t\t<\/div>\n\t\t\t\t<div class=\"elementor-element elementor-element-73fb410 elementor-widget elementor-widget-heading\" data-id=\"73fb410\" data-element_type=\"widget\" data-widget_type=\"heading.default\">\n\t\t\t\t<div class=\"elementor-widget-container\">\n\t\t\t\t\t<h2 class=\"elementor-heading-title elementor-size-default\">Produit phare de la RCCB de type B<\/h2>\t\t\t\t<\/div>\n\t\t\t\t<\/div>\n\t\t\t\t<div class=\"elementor-element elementor-element-7e71ce4 elementor-widget elementor-widget-text-editor\" data-id=\"7e71ce4\" data-element_type=\"widget\" data-widget_type=\"text-editor.default\">\n\t\t\t\t<div class=\"elementor-widget-container\">\n\t\t\t\t\t\t\t\t\t<ul class=\"wp-block-list\">\n<li>Toutes les situations de charge<\/li>\n<li>Certification et garantie<\/li>\n<li>Un soutien exceptionnel \u00e0 la client\u00e8le<\/li>\n<li>Livraison rapide<\/li>\n<\/ul>\t\t\t\t\t\t\t\t<\/div>\n\t\t\t\t<\/div>\n\t\t\t\t\t<\/div>\n\t\t\t\t<\/div>\n\t\t\t\t<\/div>","protected":false},"excerpt":{"rendered":"<p>Introduction to TypeB RCCB The TypeB RCCB (Residual Current Circuit Breaker, interchangeable with \u201cRCB\u201d) is a critical safety component for EV charger installations. It is installed at the upstream of the EV charger and cuts off the circuit upon detecting any current imbalance in the live and neutral wires, which could indicate a current leakage [&hellip;]<\/p>","protected":false},"author":1,"featured_media":2255,"menu_order":0,"template":"","format":"standard","meta":{"_acf_changed":false,"site-sidebar-layout":"default","site-content-layout":"","ast-site-content-layout":"default","site-content-style":"default","site-sidebar-style":"default","ast-global-header-display":"","ast-banner-title-visibility":"","ast-main-header-display":"","ast-hfb-above-header-display":"","ast-hfb-below-header-display":"","ast-hfb-mobile-header-display":"","site-post-title":"","ast-breadcrumbs-content":"","ast-featured-img":"","footer-sml-layout":"","ast-disable-related-posts":"","theme-transparent-header-meta":"","adv-header-id-meta":"","stick-header-meta":"","header-above-stick-meta":"","header-main-stick-meta":"","header-below-stick-meta":"","astra-migrate-meta-layouts":"set","ast-page-background-enabled":"default","ast-page-background-meta":{"desktop":{"background-color":"","background-image":"","background-repeat":"repeat","background-position":"center center","background-size":"auto","background-attachment":"scroll","background-type":"","background-media":"","overlay-type":"","overlay-color":"","overlay-opacity":"","overlay-gradient":""},"tablet":{"background-color":"","background-image":"","background-repeat":"repeat","background-position":"center center","background-size":"auto","background-attachment":"scroll","background-type":"","background-media":"","overlay-type":"","overlay-color":"","overlay-opacity":"","overlay-gradient":""},"mobile":{"background-color":"","background-image":"","background-repeat":"repeat","background-position":"center center","background-size":"auto","background-attachment":"scroll","background-type":"","background-media":"","overlay-type":"","overlay-color":"","overlay-opacity":"","overlay-gradient":""}},"ast-content-background-meta":{"desktop":{"background-color":"var(--ast-global-color-5)","background-image":"","background-repeat":"repeat","background-position":"center center","background-size":"auto","background-attachment":"scroll","background-type":"","background-media":"","overlay-type":"","overlay-color":"","overlay-opacity":"","overlay-gradient":""},"tablet":{"background-color":"var(--ast-global-color-5)","background-image":"","background-repeat":"repeat","background-position":"center center","background-size":"auto","background-attachment":"scroll","background-type":"","background-media":"","overlay-type":"","overlay-color":"","overlay-opacity":"","overlay-gradient":""},"mobile":{"background-color":"var(--ast-global-color-5)","background-image":"","background-repeat":"repeat","background-position":"center center","background-size":"auto","background-attachment":"scroll","background-type":"","background-media":"","overlay-type":"","overlay-color":"","overlay-opacity":"","overlay-gradient":""}},"footnotes":""},"product-category":[95],"product-tag":[],"class_list":["post-2250","product","type-product","status-publish","format-standard","has-post-thumbnail","hentry","product-category-circuit-breaker"],"acf":[],"_links":{"self":[{"href":"https:\/\/www.mekeltech.com\/fr\/wp-json\/wp\/v2\/product\/2250","targetHints":{"allow":["GET"]}}],"collection":[{"href":"https:\/\/www.mekeltech.com\/fr\/wp-json\/wp\/v2\/product"}],"about":[{"href":"https:\/\/www.mekeltech.com\/fr\/wp-json\/wp\/v2\/types\/product"}],"author":[{"embeddable":true,"href":"https:\/\/www.mekeltech.com\/fr\/wp-json\/wp\/v2\/users\/1"}],"version-history":[{"count":11,"href":"https:\/\/www.mekeltech.com\/fr\/wp-json\/wp\/v2\/product\/2250\/revisions"}],"predecessor-version":[{"id":7005,"href":"https:\/\/www.mekeltech.com\/fr\/wp-json\/wp\/v2\/product\/2250\/revisions\/7005"}],"wp:featuredmedia":[{"embeddable":true,"href":"https:\/\/www.mekeltech.com\/fr\/wp-json\/wp\/v2\/media\/2255"}],"wp:attachment":[{"href":"https:\/\/www.mekeltech.com\/fr\/wp-json\/wp\/v2\/media?parent=2250"}],"wp:term":[{"taxonomy":"product-category","embeddable":true,"href":"https:\/\/www.mekeltech.com\/fr\/wp-json\/wp\/v2\/product-category?post=2250"},{"taxonomy":"product-tag","embeddable":true,"href":"https:\/\/www.mekeltech.com\/fr\/wp-json\/wp\/v2\/product-tag?post=2250"}],"curies":[{"name":"wp","href":"https:\/\/api.w.org\/{rel}","templated":true}]}}