{"id":2225,"date":"2025-05-25T06:05:03","date_gmt":"2025-05-24T22:05:03","guid":{"rendered":"https:\/\/mekeltech.com\/?post_type=product&#038;p=2225"},"modified":"2025-09-05T10:39:31","modified_gmt":"2025-09-05T02:39:31","slug":"digital-display","status":"publish","type":"product","link":"https:\/\/www.mekeltech.com\/fr\/product\/digital-display\/","title":{"rendered":"Affichage num\u00e9rique"},"content":{"rendered":"<div data-elementor-type=\"wp-post\" data-elementor-id=\"2225\" class=\"elementor elementor-2225\" data-elementor-post-type=\"product\">\n\t\t\t\t<div class=\"elementor-element elementor-element-4cdb5fe4 e-flex e-con-boxed e-con e-parent\" data-id=\"4cdb5fe4\" data-element_type=\"container\">\n\t\t\t\t\t<div class=\"e-con-inner\">\n\t\t\t\t<div class=\"elementor-element elementor-element-9727433 elementor-widget elementor-widget-heading\" data-id=\"9727433\" data-element_type=\"widget\" data-widget_type=\"heading.default\">\n\t\t\t\t<div class=\"elementor-widget-container\">\n\t\t\t\t\t<h2 class=\"elementor-heading-title elementor-size-default\">Que sont les afficheurs num\u00e9riques de Mekel pour les stations de recharge de v\u00e9hicules \u00e9lectriques ?<\/h2>\t\t\t\t<\/div>\n\t\t\t\t<\/div>\n\t\t\t\t<div class=\"elementor-element elementor-element-52946ea elementor-widget elementor-widget-text-editor\" data-id=\"52946ea\" data-element_type=\"widget\" data-widget_type=\"text-editor.default\">\n\t\t\t\t<div class=\"elementor-widget-container\">\n\t\t\t\t\t\t\t\t\t<p>Les \u00e9crans num\u00e9riques Mekel EV Charging Station sont des modules d'affichage compacts de qualit\u00e9 industrielle con\u00e7us pour les stations de recharge de v\u00e9hicules \u00e9lectriques. Dot\u00e9s de diff\u00e9rentes tailles d'\u00e9cran, de 4,3 pouces pour les stations de recharge en courant alternatif \u00e0 10,1 pouces pour les stations de recharge en courant continu, ces \u00e9crans offrent des images nettes et de larges angles de vision. Cet \u00e9cran sert d'interface utilisateur pour les stations de recharge, fournissant un retour d'information en temps r\u00e9el, des mises \u00e0 jour d'\u00e9tat et des options de contr\u00f4le. La compatibilit\u00e9 avec une large gamme de solutions de stations de recharge les rend parfaits pour les march\u00e9s mondiaux, y compris l'Europe, l'Asie du Sud-Est et le Moyen-Orient, ce qui en fait un composant polyvalent pour les infrastructures de recharge de VE publiques et priv\u00e9es.<\/p>\t\t\t\t\t\t\t\t<\/div>\n\t\t\t\t<\/div>\n\t\t\t\t<div class=\"elementor-element elementor-element-b3bbc9d elementor-widget elementor-widget-heading\" data-id=\"b3bbc9d\" data-element_type=\"widget\" data-widget_type=\"heading.default\">\n\t\t\t\t<div class=\"elementor-widget-container\">\n\t\t\t\t\t<h2 class=\"elementor-heading-title elementor-size-default\">Comment fonctionne l'affichage num\u00e9rique ?<\/h2>\t\t\t\t<\/div>\n\t\t\t\t<\/div>\n\t\t\t\t<div class=\"elementor-element elementor-element-7da81578 elementor-widget elementor-widget-text-editor\" data-id=\"7da81578\" data-element_type=\"widget\" data-widget_type=\"text-editor.default\">\n\t\t\t\t<div class=\"elementor-widget-container\">\n\t\t\t\t\t\t\t\t\t<p>Les afficheurs num\u00e9riques s'int\u00e8grent parfaitement dans les stations de recharge de v\u00e9hicules \u00e9lectriques via des connexions TTL et RS232 pour l'alimentation et la communication en s\u00e9rie. Aliment\u00e9 par une puce ASIC et un syst\u00e8me d'exploitation propri\u00e9taires, il traite efficacement les donn\u00e9es et s'interface avec les syst\u00e8mes de contr\u00f4le de la station de recharge. Des panneaux \u00e0 \u00e9cran tactile sont \u00e9galement disponibles, permettant une interaction intuitive avec l'utilisateur. La luminosit\u00e9 de 800 nits assure la visibilit\u00e9 dans les environnements ext\u00e9rieurs lumineux. Les modules Wi-Fi et USB en option permettent des mises \u00e0 jour et des transferts de donn\u00e9es \u00e0 distance, am\u00e9liorant ainsi la flexibilit\u00e9 op\u00e9rationnelle.<\/p>\t\t\t\t\t\t\t\t<\/div>\n\t\t\t\t<\/div>\n\t\t\t\t<div class=\"elementor-element elementor-element-00e6dfd elementor-widget elementor-widget-heading\" data-id=\"00e6dfd\" data-element_type=\"widget\" data-widget_type=\"heading.default\">\n\t\t\t\t<div class=\"elementor-widget-container\">\n\t\t\t\t\t<h2 class=\"elementor-heading-title elementor-size-default\">Pourquoi choisir l'afficheur num\u00e9rique Mekel EV Charging Station ?<\/h2>\t\t\t\t<\/div>\n\t\t\t\t<\/div>\n\t\t\t\t<div class=\"elementor-element elementor-element-b69ee21 elementor-widget elementor-widget-heading\" data-id=\"b69ee21\" data-element_type=\"widget\" data-widget_type=\"heading.default\">\n\t\t\t\t<div class=\"elementor-widget-container\">\n\t\t\t\t\t<h3 class=\"elementor-heading-title elementor-size-default\">Une fiabilit\u00e9 \u00e0 la pointe de l'industrie<\/h3>\t\t\t\t<\/div>\n\t\t\t\t<\/div>\n\t\t\t\t<div class=\"elementor-element elementor-element-eb14644 elementor-widget elementor-widget-text-editor\" data-id=\"eb14644\" data-element_type=\"widget\" data-widget_type=\"text-editor.default\">\n\t\t\t\t<div class=\"elementor-widget-container\">\n\t\t\t\t\t\t\t\t\t<p>Con\u00e7us et test\u00e9s pour r\u00e9pondre \u00e0 des normes industrielles rigoureuses, les \u00e9crans num\u00e9riques sont dot\u00e9s d'une protection anti-UV et d'un rev\u00eatement conforme, ce qui leur permet de r\u00e9sister aux conditions environnementales difficiles. Avec une dur\u00e9e de vie du r\u00e9tro\u00e9clairage sup\u00e9rieure \u00e0 30 000 heures et un panneau tactile con\u00e7u pour plus de 1 000 000 de contacts, il garantit des performances \u00e0 long terme pour les stations de recharge tr\u00e8s fr\u00e9quent\u00e9es.<\/p>\t\t\t\t\t\t\t\t<\/div>\n\t\t\t\t<\/div>\n\t\t\t\t<div class=\"elementor-element elementor-element-24fe28c elementor-widget elementor-widget-heading\" data-id=\"24fe28c\" data-element_type=\"widget\" data-widget_type=\"heading.default\">\n\t\t\t\t<div class=\"elementor-widget-container\">\n\t\t\t\t\t<h3 class=\"elementor-heading-title elementor-size-default\">Une qualit\u00e9 robuste <\/h3>\t\t\t\t<\/div>\n\t\t\t\t<\/div>\n\t\t\t\t<div class=\"elementor-element elementor-element-9d97e4b elementor-widget elementor-widget-text-editor\" data-id=\"9d97e4b\" data-element_type=\"widget\" data-widget_type=\"text-editor.default\">\n\t\t\t\t<div class=\"elementor-widget-container\">\n\t\t\t\t\t\t\t\t\t<p>Con\u00e7us pour durer, les afficheurs num\u00e9riques peuvent r\u00e9sister \u00e0 des temp\u00e9ratures extr\u00eames allant jusqu'\u00e0 60\u00b0C pendant les op\u00e9rations et \u00e0 un environnement humide allant jusqu'\u00e0 90% RH. La m\u00e9moire flash personnalisable prend \u00e9galement en charge plus de 100 000 cycles de r\u00e9\u00e9criture, offrant ainsi un espace de stockage suffisant pour les polices, les ic\u00f4nes et les mises \u00e0 jour du micrologiciel. La robustesse de ces \u00e9crans r\u00e9duit les co\u00fbts de maintenance et les temps d'arr\u00eat pour les op\u00e9rateurs des stations de recharge.<\/p>\t\t\t\t\t\t\t\t<\/div>\n\t\t\t\t<\/div>\n\t\t\t\t<div class=\"elementor-element elementor-element-7117e94 elementor-widget elementor-widget-heading\" data-id=\"7117e94\" data-element_type=\"widget\" data-widget_type=\"heading.default\">\n\t\t\t\t<div class=\"elementor-widget-container\">\n\t\t\t\t\t<h3 class=\"elementor-heading-title elementor-size-default\">Caract\u00e9ristiques des afficheurs num\u00e9riques de la station de charge Mekel<\/h3>\t\t\t\t<\/div>\n\t\t\t\t<\/div>\n\t\t\t\t<div class=\"elementor-element elementor-element-15d20c1 elementor-widget elementor-widget-text-editor\" data-id=\"15d20c1\" data-element_type=\"widget\" data-widget_type=\"text-editor.default\">\n\t\t\t\t<div class=\"elementor-widget-container\">\n\t\t\t\t\t\t\t\t\t<ul>\n<li>R\u00e9solution de 480 x 800 \u00e0 1024 x 600<\/li>\n<li>Taille de l'\u00e9cran de 3 \u00e0 10,1 pouces<\/li>\n<li>Luminosit\u00e9 de 800 nit avec contr\u00f4le r\u00e9glable<\/li>\n<li>Rev\u00eatement anti-UV et conforme pour la protection de l'environnement<\/li>\n<li>Type d'\u00e9cran IPS TFT \/ TN TFT<\/li>\n<li>Garantie de 2 ans<\/li>\n<li>R\u00e9seau mondial de distribution<\/li>\n<li>M\u00e9moire flash de 16 Mo, extensible \u00e0 64 Mo<\/li>\n<li>Connexion TTL ou RS232<\/li>\n<li>Dur\u00e9e de vie de l'\u00e9cran tactile : plus de 1 million d'ann\u00e9es<\/li>\n<\/ul>\t\t\t\t\t\t\t\t<\/div>\n\t\t\t\t<\/div>\n\t\t\t\t<div class=\"elementor-element elementor-element-82f5986 elementor-widget elementor-widget-text-editor\" data-id=\"82f5986\" data-element_type=\"widget\" data-widget_type=\"text-editor.default\">\n\t\t\t\t<div class=\"elementor-widget-container\">\n\t\t\t\t\t\t\t\t\t<p><strong>Am\u00e9lioration de l'exp\u00e9rience de l'utilisateur :<\/strong> Les affichages num\u00e9riques haute r\u00e9solution et l'\u00e9cran tactile capacitif r\u00e9actif constituent une interface conviviale pour les conducteurs de VE. Les \u00e9crans num\u00e9riques indiquent l'\u00e9tat de charge, les niveaux de puissance et les alertes d'erreur avec clart\u00e9 et pr\u00e9cision.<\/p>\n<p><strong>Compatibilit\u00e9 \u00e9lev\u00e9e avec diff\u00e9rentes tailles d'enveloppe :<\/strong> Avec une large gamme d'options de taille et de r\u00e9solution d'affichage, il est garanti qu'une configuration r\u00e9pondra \u00e0 votre choix de conception et de taille de la station de recharge.<\/p>\n<p><strong>Options de personnalisation flexibles :<\/strong> Construit sur une puce ASIC et un logiciel propri\u00e9taires, les personnalisations comprennent l'int\u00e9gration de l'interface et du logo. Mekel s'engage \u00e9galement \u00e0 soutenir la conception de l'emballage, permettant aux clients d'aligner le produit avec l'identit\u00e9 de leur marque et les besoins du march\u00e9.<\/p>\t\t\t\t\t\t\t\t<\/div>\n\t\t\t\t<\/div>\n\t\t\t\t<div class=\"elementor-element elementor-element-a7f4cfe elementor-widget elementor-widget-heading\" data-id=\"a7f4cfe\" data-element_type=\"widget\" data-widget_type=\"heading.default\">\n\t\t\t\t<div class=\"elementor-widget-container\">\n\t\t\t\t\t<h2 class=\"elementor-heading-title elementor-size-default\">T\u00e9moignages de clients<\/h2>\t\t\t\t<\/div>\n\t\t\t\t<\/div>\n\t\t\t\t<div class=\"elementor-element elementor-element-fdd727d elementor-widget elementor-widget-text-editor\" data-id=\"fdd727d\" data-element_type=\"widget\" data-widget_type=\"text-editor.default\">\n\t\t\t\t<div class=\"elementor-widget-container\">\n\t\t\t\t\t\t\t\t\t<p>\"Nous avons int\u00e9gr\u00e9 les \u00e9crans num\u00e9riques 5 pouces de Mekel dans notre derni\u00e8re gamme de stations de recharge pour v\u00e9hicules \u00e9lectriques, et les r\u00e9sultats ont \u00e9t\u00e9 exceptionnels. La luminosit\u00e9 et la r\u00e9activit\u00e9 tactile sont excellentes, m\u00eame en plein soleil. L'\u00e9quipe de Mekel a collabor\u00e9 avec nous pour personnaliser l'interface, en veillant \u00e0 ce qu'elle corresponde parfaitement \u00e0 notre marque. Nous appr\u00e9cions la fiabilit\u00e9 et la clart\u00e9 de Mekel. - Mark, fabricant de stations de recharge pour v\u00e9hicules \u00e9lectriques<\/p>\t\t\t\t\t\t\t\t<\/div>\n\t\t\t\t<\/div>\n\t\t\t\t<div class=\"elementor-element elementor-element-c09351e elementor-widget elementor-widget-heading\" data-id=\"c09351e\" data-element_type=\"widget\" data-widget_type=\"heading.default\">\n\t\t\t\t<div class=\"elementor-widget-container\">\n\t\t\t\t\t<h2 class=\"elementor-heading-title elementor-size-default\">FAQ<\/h2>\t\t\t\t<\/div>\n\t\t\t\t<\/div>\n\t\t\t\t<div class=\"elementor-element elementor-element-955bb1b elementor-widget elementor-widget-n-accordion\" data-id=\"955bb1b\" data-element_type=\"widget\" data-settings=\"{&quot;default_state&quot;:&quot;expanded&quot;,&quot;max_items_expended&quot;:&quot;one&quot;,&quot;n_accordion_animation_duration&quot;:{&quot;unit&quot;:&quot;ms&quot;,&quot;size&quot;:400,&quot;sizes&quot;:[]}}\" data-widget_type=\"nested-accordion.default\">\n\t\t\t\t<div class=\"elementor-widget-container\">\n\t\t\t\t\t\t\t<div class=\"e-n-accordion\" aria-label=\"Accord\u00e9on. Ouvrez les liens avec Enter ou Space, fermez-les avec Escape et naviguez avec les touches fl\u00e9ch\u00e9es.\">\n\t\t\t\t\t\t<details id=\"e-n-accordion-item-1560\" class=\"e-n-accordion-item\" open>\n\t\t\t\t<summary class=\"e-n-accordion-item-title\" data-accordion-index=\"1\" tabindex=\"0\" aria-expanded=\"true\" aria-controls=\"e-n-accordion-item-1560\" >\n\t\t\t\t\t<span class='e-n-accordion-item-title-header'><div class=\"e-n-accordion-item-title-text\"> Les afficheurs num\u00e9riques sont-ils compatibles avec toutes les stations de recharge pour v\u00e9hicules \u00e9lectriques ? <\/div><\/span>\n\t\t\t\t\t\t\t<span class='e-n-accordion-item-title-icon'>\n\t\t\t<span class='e-opened' ><svg aria-hidden=\"true\" class=\"e-font-icon-svg e-fas-minus\" viewbox=\"0 0 448 512\" xmlns=\"http:\/\/www.w3.org\/2000\/svg\"><path d=\"M416 208H32c-17.67 0-32 14.33-32 32v32c0 17.67 14.33 32 32 32h384c17.67 0 32-14.33 32-32v-32c0-17.67-14.33-32-32-32z\"><\/path><\/svg><\/span>\n\t\t\t<span class='e-closed'><svg aria-hidden=\"true\" class=\"e-font-icon-svg e-fas-plus\" viewbox=\"0 0 448 512\" xmlns=\"http:\/\/www.w3.org\/2000\/svg\"><path d=\"M416 208H272V64c0-17.67-14.33-32-32-32h-32c-17.67 0-32 14.33-32 32v144H32c-17.67 0-32 14.33-32 32v32c0 17.67 14.33 32 32 32h144v144c0 17.67 14.33 32 32 32h32c17.67 0 32-14.33 32-32V304h144c17.67 0 32-14.33 32-32v-32c0-17.67-14.33-32-32-32z\"><\/path><\/svg><\/span>\n\t\t<\/span>\n\n\t\t\t\t\t\t<\/summary>\n\t\t\t\t<div role=\"region\" aria-labelledby=\"e-n-accordion-item-1560\" class=\"elementor-element elementor-element-9859ab4 e-con-full e-flex e-con e-child\" data-id=\"9859ab4\" data-element_type=\"container\">\n\t\t\t\t<div class=\"elementor-element elementor-element-ecd113d elementor-widget elementor-widget-text-editor\" data-id=\"ecd113d\" data-element_type=\"widget\" data-widget_type=\"text-editor.default\">\n\t\t\t\t<div class=\"elementor-widget-container\">\n\t\t\t\t\t\t\t\t\t<p>Les \u00e9crans sont compatibles avec la plupart des stations de recharge pour v\u00e9hicules \u00e9lectriques. Confirmez l'interface de votre syst\u00e8me, les exigences de tension et la prise de connexion avant l'int\u00e9gration.<\/p>\t\t\t\t\t\t\t\t<\/div>\n\t\t\t\t<\/div>\n\t\t\t\t<\/div>\n\t\t\t\t\t<\/details>\n\t\t\t\t\t\t<details id=\"e-n-accordion-item-1561\" class=\"e-n-accordion-item\" >\n\t\t\t\t<summary class=\"e-n-accordion-item-title\" data-accordion-index=\"2\" tabindex=\"-1\" aria-expanded=\"false\" aria-controls=\"e-n-accordion-item-1561\" >\n\t\t\t\t\t<span class='e-n-accordion-item-title-header'><div class=\"e-n-accordion-item-title-text\"> L'afficheur num\u00e9rique est-il accompagn\u00e9 de certifications de qualit\u00e9 ? <\/div><\/span>\n\t\t\t\t\t\t\t<span class='e-n-accordion-item-title-icon'>\n\t\t\t<span class='e-opened' ><svg aria-hidden=\"true\" class=\"e-font-icon-svg e-fas-minus\" viewbox=\"0 0 448 512\" xmlns=\"http:\/\/www.w3.org\/2000\/svg\"><path d=\"M416 208H32c-17.67 0-32 14.33-32 32v32c0 17.67 14.33 32 32 32h384c17.67 0 32-14.33 32-32v-32c0-17.67-14.33-32-32-32z\"><\/path><\/svg><\/span>\n\t\t\t<span class='e-closed'><svg aria-hidden=\"true\" class=\"e-font-icon-svg e-fas-plus\" viewbox=\"0 0 448 512\" xmlns=\"http:\/\/www.w3.org\/2000\/svg\"><path d=\"M416 208H272V64c0-17.67-14.33-32-32-32h-32c-17.67 0-32 14.33-32 32v144H32c-17.67 0-32 14.33-32 32v32c0 17.67 14.33 32 32 32h144v144c0 17.67 14.33 32 32 32h32c17.67 0 32-14.33 32-32V304h144c17.67 0 32-14.33 32-32v-32c0-17.67-14.33-32-32-32z\"><\/path><\/svg><\/span>\n\t\t<\/span>\n\n\t\t\t\t\t\t<\/summary>\n\t\t\t\t<div role=\"region\" aria-labelledby=\"e-n-accordion-item-1561\" class=\"elementor-element elementor-element-6a6cc2c e-con-full e-flex e-con e-child\" data-id=\"6a6cc2c\" data-element_type=\"container\">\n\t\t\t\t<div class=\"elementor-element elementor-element-69abc0f elementor-widget elementor-widget-text-editor\" data-id=\"69abc0f\" data-element_type=\"widget\" data-widget_type=\"text-editor.default\">\n\t\t\t\t<div class=\"elementor-widget-container\">\n\t\t\t\t\t\t\t\t\t<p>Oui, il r\u00e9pond aux normes industrielles avec des caract\u00e9ristiques anti-UV et de rev\u00eatement conforme, soutenues par des tests rigoureux et une garantie de 2 ans.<\/p>\t\t\t\t\t\t\t\t<\/div>\n\t\t\t\t<\/div>\n\t\t\t\t<\/div>\n\t\t\t\t\t<\/details>\n\t\t\t\t\t\t<details id=\"e-n-accordion-item-1562\" class=\"e-n-accordion-item\" >\n\t\t\t\t<summary class=\"e-n-accordion-item-title\" data-accordion-index=\"3\" tabindex=\"-1\" aria-expanded=\"false\" aria-controls=\"e-n-accordion-item-1562\" >\n\t\t\t\t\t<span class='e-n-accordion-item-title-header'><div class=\"e-n-accordion-item-title-text\"> O\u00f9 peut-on utiliser cet affichage num\u00e9rique ? <\/div><\/span>\n\t\t\t\t\t\t\t<span class='e-n-accordion-item-title-icon'>\n\t\t\t<span class='e-opened' ><svg aria-hidden=\"true\" class=\"e-font-icon-svg e-fas-minus\" viewbox=\"0 0 448 512\" xmlns=\"http:\/\/www.w3.org\/2000\/svg\"><path d=\"M416 208H32c-17.67 0-32 14.33-32 32v32c0 17.67 14.33 32 32 32h384c17.67 0 32-14.33 32-32v-32c0-17.67-14.33-32-32-32z\"><\/path><\/svg><\/span>\n\t\t\t<span class='e-closed'><svg aria-hidden=\"true\" class=\"e-font-icon-svg e-fas-plus\" viewbox=\"0 0 448 512\" xmlns=\"http:\/\/www.w3.org\/2000\/svg\"><path d=\"M416 208H272V64c0-17.67-14.33-32-32-32h-32c-17.67 0-32 14.33-32 32v144H32c-17.67 0-32 14.33-32 32v32c0 17.67 14.33 32 32 32h144v144c0 17.67 14.33 32 32 32h32c17.67 0 32-14.33 32-32V304h144c17.67 0 32-14.33 32-32v-32c0-17.67-14.33-32-32-32z\"><\/path><\/svg><\/span>\n\t\t<\/span>\n\n\t\t\t\t\t\t<\/summary>\n\t\t\t\t<div role=\"region\" aria-labelledby=\"e-n-accordion-item-1562\" class=\"elementor-element elementor-element-9fa674d e-con-full e-flex e-con e-child\" data-id=\"9fa674d\" data-element_type=\"container\">\n\t\t\t\t<div class=\"elementor-element elementor-element-b7af20c elementor-widget elementor-widget-text-editor\" data-id=\"b7af20c\" data-element_type=\"widget\" data-widget_type=\"text-editor.default\">\n\t\t\t\t<div class=\"elementor-widget-container\">\n\t\t\t\t\t\t\t\t\t<p>Il est id\u00e9al pour les stations de recharge en courant alternatif (7kW \u00e0 22kW) dans les lieux publics, commerciaux ou r\u00e9sidentiels. Des \u00e9crans num\u00e9riques de 10,1 pouces sont \u00e9galement disponibles pour les stations de recharge rapide en courant continu. Consultez un repr\u00e9sentant de Mekel pour trouver la meilleure solution \u00e0 vos besoins de construction.<\/p>\t\t\t\t\t\t\t\t<\/div>\n\t\t\t\t<\/div>\n\t\t\t\t<\/div>\n\t\t\t\t\t<\/details>\n\t\t\t\t\t<\/div>\n\t\t\t\t\t\t<\/div>\n\t\t\t\t<\/div>\n\t\t\t\t\t<\/div>\n\t\t\t\t<\/div>\n\t\t\t\t<\/div>","protected":false},"excerpt":{"rendered":"<p>What are Mekel EV Charging Station&nbsp;Digital Displays? The Mekel EV Charging Station digital displays are compact, industrial-grade display module engineered for EV charging stations. Featuring a various screen sizes from 4.3 inch for AC charging stations to 10.1 inch for DC charging stations, these screens deliver crisp visuals and wide viewing angles. This display serves [&hellip;]<\/p>","protected":false},"author":1,"featured_media":3372,"menu_order":0,"template":"","format":"standard","meta":{"_acf_changed":true,"site-sidebar-layout":"default","site-content-layout":"","ast-site-content-layout":"default","site-content-style":"default","site-sidebar-style":"default","ast-global-header-display":"","ast-banner-title-visibility":"","ast-main-header-display":"","ast-hfb-above-header-display":"","ast-hfb-below-header-display":"","ast-hfb-mobile-header-display":"","site-post-title":"","ast-breadcrumbs-content":"","ast-featured-img":"","footer-sml-layout":"","ast-disable-related-posts":"","theme-transparent-header-meta":"","adv-header-id-meta":"","stick-header-meta":"","header-above-stick-meta":"","header-main-stick-meta":"","header-below-stick-meta":"","astra-migrate-meta-layouts":"set","ast-page-background-enabled":"default","ast-page-background-meta":{"desktop":{"background-color":"","background-image":"","background-repeat":"repeat","background-position":"center center","background-size":"auto","background-attachment":"scroll","background-type":"","background-media":"","overlay-type":"","overlay-color":"","overlay-opacity":"","overlay-gradient":""},"tablet":{"background-color":"","background-image":"","background-repeat":"repeat","background-position":"center center","background-size":"auto","background-attachment":"scroll","background-type":"","background-media":"","overlay-type":"","overlay-color":"","overlay-opacity":"","overlay-gradient":""},"mobile":{"background-color":"","background-image":"","background-repeat":"repeat","background-position":"center center","background-size":"auto","background-attachment":"scroll","background-type":"","background-media":"","overlay-type":"","overlay-color":"","overlay-opacity":"","overlay-gradient":""}},"ast-content-background-meta":{"desktop":{"background-color":"var(--ast-global-color-5)","background-image":"","background-repeat":"repeat","background-position":"center center","background-size":"auto","background-attachment":"scroll","background-type":"","background-media":"","overlay-type":"","overlay-color":"","overlay-opacity":"","overlay-gradient":""},"tablet":{"background-color":"var(--ast-global-color-5)","background-image":"","background-repeat":"repeat","background-position":"center center","background-size":"auto","background-attachment":"scroll","background-type":"","background-media":"","overlay-type":"","overlay-color":"","overlay-opacity":"","overlay-gradient":""},"mobile":{"background-color":"var(--ast-global-color-5)","background-image":"","background-repeat":"repeat","background-position":"center center","background-size":"auto","background-attachment":"scroll","background-type":"","background-media":"","overlay-type":"","overlay-color":"","overlay-opacity":"","overlay-gradient":""}},"footnotes":""},"product-category":[98],"product-tag":[],"class_list":["post-2225","product","type-product","status-publish","format-standard","has-post-thumbnail","hentry","product-category-digital-display"],"acf":[],"_links":{"self":[{"href":"https:\/\/www.mekeltech.com\/fr\/wp-json\/wp\/v2\/product\/2225","targetHints":{"allow":["GET"]}}],"collection":[{"href":"https:\/\/www.mekeltech.com\/fr\/wp-json\/wp\/v2\/product"}],"about":[{"href":"https:\/\/www.mekeltech.com\/fr\/wp-json\/wp\/v2\/types\/product"}],"author":[{"embeddable":true,"href":"https:\/\/www.mekeltech.com\/fr\/wp-json\/wp\/v2\/users\/1"}],"version-history":[{"count":10,"href":"https:\/\/www.mekeltech.com\/fr\/wp-json\/wp\/v2\/product\/2225\/revisions"}],"predecessor-version":[{"id":6815,"href":"https:\/\/www.mekeltech.com\/fr\/wp-json\/wp\/v2\/product\/2225\/revisions\/6815"}],"wp:featuredmedia":[{"embeddable":true,"href":"https:\/\/www.mekeltech.com\/fr\/wp-json\/wp\/v2\/media\/3372"}],"wp:attachment":[{"href":"https:\/\/www.mekeltech.com\/fr\/wp-json\/wp\/v2\/media?parent=2225"}],"wp:term":[{"taxonomy":"product-category","embeddable":true,"href":"https:\/\/www.mekeltech.com\/fr\/wp-json\/wp\/v2\/product-category?post=2225"},{"taxonomy":"product-tag","embeddable":true,"href":"https:\/\/www.mekeltech.com\/fr\/wp-json\/wp\/v2\/product-tag?post=2225"}],"curies":[{"name":"wp","href":"https:\/\/api.w.org\/{rel}","templated":true}]}}