{"id":2221,"date":"2025-05-06T09:59:20","date_gmt":"2025-05-06T09:59:20","guid":{"rendered":"https:\/\/mekeltech.com\/?post_type=product&#038;p=2221"},"modified":"2025-06-18T18:06:28","modified_gmt":"2025-06-18T10:06:28","slug":"type-2-to-type-2-charging-cable","status":"publish","type":"product","link":"https:\/\/www.mekeltech.com\/fr\/product\/type-2-to-type-2-charging-cable\/","title":{"rendered":"C\u00e2ble de chargement de type 2 \u00e0 type 2"},"content":{"rendered":"<h2 class=\"wp-block-heading\"><strong>Type 2 Standard<\/strong><\/h2>\n\n\n\n<ul class=\"wp-block-list\">\n<li>32A \/ 16A | 3 Phase \/ 1 Phase<\/li>\n\n\n\n<li>Certifi\u00e9 TUV, CE, UKCA, RoHS<\/li>\n\n\n\n<li>Rev\u00eatement ext\u00e9rieur en TPU ignifug\u00e9<\/li>\n<\/ul>\n\n\n\n<p>Le c\u00e2ble de recharge Mekel Type 2 vers Type 2 EV offre une compatibilit\u00e9 sans effort pour les v\u00e9hicules \u00e9lectriques \u00e9quip\u00e9s d'une prise Type 2 ou CCS 2. Le c\u00e2ble est dot\u00e9 d'une conception ergonomique permettant de manipuler les prises \u00e0 la fois \u00e0 l'entr\u00e9e du v\u00e9hicule et \u00e0 l'extr\u00e9mit\u00e9 de la station de charge. Fabriqu\u00e9 avec des mat\u00e9riaux de haute qualit\u00e9 et con\u00e7u pour \u00eatre conforme aux normes europ\u00e9ennes les plus strictes, ce c\u00e2ble garantit une exp\u00e9rience de charge fiable et s\u00e9curis\u00e9e \u00e0 chaque utilisation.<\/p>\n\n\n\n<h2 class=\"wp-block-heading\"><strong>Qu'est-ce qu'un c\u00e2ble de recharge de type 2 \u00e0 type 2 ?<\/strong><\/h2>\n\n\n\n<p>Un c\u00e2ble de charge de type 2 \u00e0 type 2 est utilis\u00e9 pour charger les v\u00e9hicules \u00e9lectriques (VE) sur des chargeurs publics ou domestiques. Ces chargeurs de VE sont g\u00e9n\u00e9ralement des chargeurs \u00e0 courant alternatif (CA) d'une puissance de 7kw \u00e0 22kw et n'ont pas de c\u00e2ble attach\u00e9 \u00e0 l'extr\u00e9mit\u00e9 de la station de charge. Ce c\u00e2ble de charge est particuli\u00e8rement utile dans les r\u00e9gions comme l'Europe, o\u00f9 les chargeurs de type 2 dominent. D'autres chargeurs de type 2 dominants dans les zones g\u00e9ographiques de l'Asie du Sud-Est et du Moyen-Orient ont \u00e9galement recours \u00e0 ce produit. Il sert de connecteur, permettant aux utilisateurs de se recharger \u00e0 diff\u00e9rentes stations de charge, qu'ils soient en d\u00e9placement ou \u00e0 la maison.<\/p>\n\n\n\n<h2 class=\"wp-block-heading\"><strong>Comment cela fonctionne-t-il ?&nbsp;<\/strong><\/h2>\n\n\n\n<p>La fiche m\u00e2le de type 2 du c\u00e2ble se connecte \u00e0 la station de recharge, tandis que la fiche femelle est connect\u00e9e au v\u00e9hicule. Cette configuration garantit une alimentation \u00e9lectrique et une communication optimales entre la station et le v\u00e9hicule \u00e9lectrique. Cela permet une recharge s\u00fbre avec des niveaux de puissance appropri\u00e9s et la possibilit\u00e9 d'identifier tout probl\u00e8me au cours du processus.<\/p>\n\n\n\n<h2 class=\"wp-block-heading\"><strong>Pourquoi choisir le c\u00e2ble de charge Mekel Type 2 vers Type 2 ?<\/strong><\/h2>\n\n\n\n<h3 class=\"wp-block-heading\"><strong>Certifications de premier plan<\/strong><\/h3>\n\n\n\n<p>Test\u00e9 et certifi\u00e9 par le prestigieux laboratoire d'essai TUV Rheinland pour les certifications TUV, CE et UKCA, le c\u00e2ble de charge de type 2 a subi des tests rigoureux comme aucun autre produit comparable sur le march\u00e9. Cela permet \u00e0 chaque utilisateur de recharger son v\u00e9hicule \u00e9lectrique en toute tranquillit\u00e9, sachant que la s\u00e9curit\u00e9 certifi\u00e9e est la priorit\u00e9 absolue de l'artisan.<\/p>\n\n\n\n<h3 class=\"wp-block-heading\"><strong>Une qualit\u00e9 robuste<\/strong><\/h3>\n\n\n\n<p>Que vous exploitiez un r\u00e9seau de stations de recharge pour v\u00e9hicules \u00e9lectriques ou un parc de v\u00e9hicules \u00e9lectriques, le c\u00e2ble de recharge pour v\u00e9hicules \u00e9lectriques de type 2 de Mekel vous offre la meilleure valeur possible gr\u00e2ce \u00e0 la long\u00e9vit\u00e9 et \u00e0 la robustesse du produit. \u00c9prouv\u00e9 dans des environnements de tests de cycles d'utilisation, ce c\u00e2ble est con\u00e7u pour supporter plus de 10 000 cycles d'utilisation. Il convient \u00e0 toutes les entreprises et aux particuliers pour un usage quotidien.<\/p>\n\n\n\n<h3 class=\"wp-block-heading\"><strong>Prot\u00e9g\u00e9 contre les environnements et les conditions m\u00e9t\u00e9orologiques extr\u00eames<\/strong><\/h3>\n\n\n\n<p>Le c\u00e2ble de charge de type 2 de Mekel est performant quel que soit l'environnement (froid glacial ou chaleur \u00e9touffante). Avec des niveaux de protection contre les infiltrations de 65\/54, le c\u00e2ble est con\u00e7u pour r\u00e9sister \u00e0 la pluie et \u00e0 la neige. Ce c\u00e2ble est con\u00e7u pour \u00eatre utilis\u00e9 dans toutes sortes d'environnements, y compris les chaleurs extr\u00eames dans les pays situ\u00e9s le long de l'\u00e9quateur et les froids extr\u00eames dans les pays nordiques.<\/p>\n\n\n\n<h2 class=\"wp-block-heading\"><strong>Principales caract\u00e9ristiques du c\u00e2ble de chargement Mekel Type 2<\/strong><\/h2>\n\n\n\n<ul class=\"wp-block-list\">\n<li>Certifi\u00e9 TUV, CE, UKCA, RoHS<\/li>\n\n\n\n<li>Solutions de personnalisation flexibles : Gravure au laser du logo, de la longueur, de la couleur, de l'emballage<\/li>\n\n\n\n<li>2 ans de garantie<\/li>\n\n\n\n<li>Protection sup\u00e9rieure contre l'eau<\/li>\n\n\n\n<li>Un vaste r\u00e9seau de distribution mondial<\/li>\n<\/ul>\n\n\n\n<h2 class=\"wp-block-heading\"><strong>Sp\u00e9cifications techniques<\/strong><\/h2>\n\n\n\n<h2 class=\"wp-block-heading\"><strong>Pourquoi choisir le c\u00e2ble de recharge Mekel Type 2<\/strong><\/h2>\n\n\n\n<ul class=\"wp-block-list\">\n<li><strong>Chargement rapide<\/strong><\/li>\n\n\n\n<li><strong>Compatibilit\u00e9 entre les march\u00e9s<\/strong>\n<ul class=\"wp-block-list\">\n<li>Le c\u00e2ble de recharge Mekel Type 2 est compatible avec les principaux march\u00e9s, notamment l'Europe, l'Asie du Sud-Est et le Moyen-Orient, ce qui permet une flexibilit\u00e9 de recharge ind\u00e9pendamment de votre flotte et de votre r\u00e9seau de stations de recharge.<\/li>\n<\/ul>\n<\/li>\n\n\n\n<li><strong>Options de personnalisation flexibles<\/strong>\n<ul class=\"wp-block-list\">\n<li>Personnalis\u00e9s selon vos pr\u00e9f\u00e9rences de couleur, de longueur, de logo et d'emballage du produit, ils mettent en valeur la marque de votre entreprise afin de sensibiliser les utilisateurs et d'attirer leur attention.<\/li>\n<\/ul>\n<\/li>\n<\/ul>\n\n\n\n<h2 class=\"wp-block-heading\"><strong>T\u00e9moignages de clients<\/strong><\/h2>\n\n\n\n<p>\"Nous avons ajout\u00e9 les c\u00e2bles de charge de type 2 de Mekel pour compl\u00e9ter nos accessoires pour v\u00e9hicules \u00e9lectriques que nous distribuons par l'interm\u00e9diaire de notre boutique en ligne. Nous sommes tr\u00e8s satisfaits de la fa\u00e7on dont l'\u00e9quipe de Mekel a travaill\u00e9 avec nous sur l'emplacement du logo, la mise en page et la conception g\u00e9n\u00e9rale de l'emballage. C'\u00e9tait important pour nous, car nous voulions que notre image de marque soit coh\u00e9rente. Les commentaires des clients sur la conception et la qualit\u00e9 ont \u00e9t\u00e9 excellents. Nous pr\u00e9voyons de continuer \u00e0 augmenter notre volume gr\u00e2ce \u00e0 cela\"<\/p>\n\n\n\n<ul class=\"wp-block-list\">\n<li>James, Distributeur en ligne<\/li>\n<\/ul>\n\n\n\n<h2 class=\"wp-block-heading\"><strong>FAQ<\/strong><\/h2>\n\n\n\n<p><strong>Q : Ce c\u00e2ble est-il compatible avec les v\u00e9hicules \u00e9lectriques \u00e0 batterie (BEV) et les v\u00e9hicules \u00e9lectriques hybrides rechargeables (PHEV) ?<\/strong><\/p>\n\n\n\n<p>R : Veuillez v\u00e9rifier l'entr\u00e9e de charge du v\u00e9hicule pour voir si elle est de type 2 (Mennekes, 7 broches) ou CCS 2 (7 broches + 2 broches). Notre c\u00e2ble est compatible avec les BEV et PHEV dot\u00e9s d'entr\u00e9es de charge de type 2 et CCS.<\/p>\n\n\n\n<p><strong>Q : Le c\u00e2ble est-il accompagn\u00e9 d'un certificat de qualit\u00e9 ?<\/strong><\/p>\n\n\n\n<p>R : Oui. Notre c\u00e2ble de recharge de type 2 est conforme aux normes TUV, CE et UKCA. Il s'agit des exigences de certification les plus strictes en Europe et au Royaume-Uni. Notre priorit\u00e9 absolue est de garantir une qualit\u00e9 irr\u00e9prochable<\/p>\n\n\n\n<p><strong>Q : O\u00f9 peut-on utiliser le c\u00e2ble de recharge de type 2 ?<\/strong><\/p>\n\n\n\n<p>R : Le c\u00e2ble de recharge de type 2 peut \u00eatre utilis\u00e9 \u00e0 n'importe quelle station de recharge en courant alternatif dot\u00e9e d'une prise de type 2, qu'il s'agisse d'une station de recharge publique ou d'un bo\u00eetier mural install\u00e9 \u00e0 la maison. Les stations de recharge \u00e9quip\u00e9es de prises de type 2 existent g\u00e9n\u00e9ralement en Europe, en Asie du Sud-Est et au Moyen-Orient. Le c\u00e2ble de recharge de type 2 est donc tr\u00e8s polyvalent et compatible.<\/p>\n\n\n\n<p><strong>Q : Comment choisir le bon c\u00e2ble ?<\/strong><\/p>\n\n\n\n<p>R : Vous pouvez v\u00e9rifier les normes de charge du v\u00e9hicule et de la station de recharge pour d\u00e9terminer le nombre de kW que la voiture peut charger. La puissance recommand\u00e9e est de 22 kW, car elle est compatible avec tous les v\u00e9hicules et toutes les stations de recharge en courant alternatif et peut passer \u00e0 11 kW et 7 kW de charge dans diff\u00e9rents sc\u00e9narios. En ce qui concerne la longueur, une longueur de 5 m est id\u00e9ale pour une utilisation quotidienne \u00e0 la maison et sur la route. En revanche, dans certains environnements commerciaux, des c\u00e2bles plus longs peuvent s'av\u00e9rer n\u00e9cessaires. Il est recommand\u00e9 de mesurer ces distances avant de prendre une d\u00e9cision d'achat.<\/p>\n\n\n\n<p><strong>Q : Peut-on l'utiliser pour une charge rapide en courant continu ?<\/strong><\/p>\n\n\n\n<p>Notre c\u00e2ble de type 2 est con\u00e7u pour fonctionner avec la charge rapide en courant alternatif et ne doit pas \u00eatre utilis\u00e9 pour la charge rapide en courant continu. La charge en courant continu n\u00e9cessite une interface de charge et un c\u00e2ble diff\u00e9rents.<\/p>","protected":false},"excerpt":{"rendered":"<p>Type 2 Standard Mekel Type 2 to Type 2 EV Charging Cable provides effortless compatibility for electrical vehicles&nbsp;equipped&nbsp;with a Type 2 or CCS 2 socket. The cable features an ergonomic design for handle plugs for both the vehicle inlet and charging station ends. Crafted with high-quality materials and designed to comply with the current utmost [&hellip;]<\/p>","protected":false},"author":1,"featured_media":3405,"menu_order":0,"template":"","format":"standard","meta":{"_acf_changed":false,"site-sidebar-layout":"default","site-content-layout":"","ast-site-content-layout":"default","site-content-style":"default","site-sidebar-style":"default","ast-global-header-display":"","ast-banner-title-visibility":"","ast-main-header-display":"","ast-hfb-above-header-display":"","ast-hfb-below-header-display":"","ast-hfb-mobile-header-display":"","site-post-title":"","ast-breadcrumbs-content":"","ast-featured-img":"","footer-sml-layout":"","ast-disable-related-posts":"","theme-transparent-header-meta":"","adv-header-id-meta":"","stick-header-meta":"","header-above-stick-meta":"","header-main-stick-meta":"","header-below-stick-meta":"","astra-migrate-meta-layouts":"set","ast-page-background-enabled":"default","ast-page-background-meta":{"desktop":{"background-color":"","background-image":"","background-repeat":"repeat","background-position":"center center","background-size":"auto","background-attachment":"scroll","background-type":"","background-media":"","overlay-type":"","overlay-color":"","overlay-opacity":"","overlay-gradient":""},"tablet":{"background-color":"","background-image":"","background-repeat":"repeat","background-position":"center center","background-size":"auto","background-attachment":"scroll","background-type":"","background-media":"","overlay-type":"","overlay-color":"","overlay-opacity":"","overlay-gradient":""},"mobile":{"background-color":"","background-image":"","background-repeat":"repeat","background-position":"center center","background-size":"auto","background-attachment":"scroll","background-type":"","background-media":"","overlay-type":"","overlay-color":"","overlay-opacity":"","overlay-gradient":""}},"ast-content-background-meta":{"desktop":{"background-color":"var(--ast-global-color-5)","background-image":"","background-repeat":"repeat","background-position":"center center","background-size":"auto","background-attachment":"scroll","background-type":"","background-media":"","overlay-type":"","overlay-color":"","overlay-opacity":"","overlay-gradient":""},"tablet":{"background-color":"var(--ast-global-color-5)","background-image":"","background-repeat":"repeat","background-position":"center center","background-size":"auto","background-attachment":"scroll","background-type":"","background-media":"","overlay-type":"","overlay-color":"","overlay-opacity":"","overlay-gradient":""},"mobile":{"background-color":"var(--ast-global-color-5)","background-image":"","background-repeat":"repeat","background-position":"center center","background-size":"auto","background-attachment":"scroll","background-type":"","background-media":"","overlay-type":"","overlay-color":"","overlay-opacity":"","overlay-gradient":""}},"footnotes":""},"product-category":[90],"product-tag":[],"class_list":["post-2221","product","type-product","status-publish","format-standard","has-post-thumbnail","hentry","product-category-charging-cable"],"acf":[],"_links":{"self":[{"href":"https:\/\/www.mekeltech.com\/fr\/wp-json\/wp\/v2\/product\/2221","targetHints":{"allow":["GET"]}}],"collection":[{"href":"https:\/\/www.mekeltech.com\/fr\/wp-json\/wp\/v2\/product"}],"about":[{"href":"https:\/\/www.mekeltech.com\/fr\/wp-json\/wp\/v2\/types\/product"}],"author":[{"embeddable":true,"href":"https:\/\/www.mekeltech.com\/fr\/wp-json\/wp\/v2\/users\/1"}],"version-history":[{"count":8,"href":"https:\/\/www.mekeltech.com\/fr\/wp-json\/wp\/v2\/product\/2221\/revisions"}],"predecessor-version":[{"id":4523,"href":"https:\/\/www.mekeltech.com\/fr\/wp-json\/wp\/v2\/product\/2221\/revisions\/4523"}],"wp:featuredmedia":[{"embeddable":true,"href":"https:\/\/www.mekeltech.com\/fr\/wp-json\/wp\/v2\/media\/3405"}],"wp:attachment":[{"href":"https:\/\/www.mekeltech.com\/fr\/wp-json\/wp\/v2\/media?parent=2221"}],"wp:term":[{"taxonomy":"product-category","embeddable":true,"href":"https:\/\/www.mekeltech.com\/fr\/wp-json\/wp\/v2\/product-category?post=2221"},{"taxonomy":"product-tag","embeddable":true,"href":"https:\/\/www.mekeltech.com\/fr\/wp-json\/wp\/v2\/product-tag?post=2221"}],"curies":[{"name":"wp","href":"https:\/\/api.w.org\/{rel}","templated":true}]}}