{"id":2794,"date":"2025-05-13T03:05:01","date_gmt":"2025-05-13T03:05:01","guid":{"rendered":"https:\/\/mekeltech.com\/?page_id=2794"},"modified":"2025-08-21T11:43:12","modified_gmt":"2025-08-21T03:43:12","slug":"customer-cases","status":"publish","type":"page","link":"https:\/\/www.mekeltech.com\/fr\/customer-cases\/","title":{"rendered":"Cas clients"},"content":{"rendered":"<div data-elementor-type=\"wp-page\" data-elementor-id=\"2794\" class=\"elementor elementor-2794\" data-elementor-post-type=\"page\">\n\t\t\t\t<div class=\"elementor-element elementor-element-55974a8 e-flex e-con-boxed e-con e-parent\" data-id=\"55974a8\" data-element_type=\"container\" data-settings=\"{&quot;background_background&quot;:&quot;classic&quot;}\">\n\t\t\t\t\t<div class=\"e-con-inner\">\n\t\t<div class=\"elementor-element elementor-element-c61b5fd e-con-full e-flex e-con e-child\" data-id=\"c61b5fd\" data-element_type=\"container\">\n\t\t<div class=\"elementor-element elementor-element-74d7cfc e-con-full e-flex e-con e-child\" data-id=\"74d7cfc\" data-element_type=\"container\" data-settings=\"{&quot;background_background&quot;:&quot;classic&quot;}\">\n\t\t\t\t<div class=\"elementor-element elementor-element-ae83ca3 elementor-widget elementor-widget-heading\" data-id=\"ae83ca3\" data-element_type=\"widget\" data-widget_type=\"heading.default\">\n\t\t\t\t<div class=\"elementor-widget-container\">\n\t\t\t\t\t<h1 class=\"elementor-heading-title elementor-size-default\">Cas clients<\/h1>\t\t\t\t<\/div>\n\t\t\t\t<\/div>\n\t\t\t\t<div class=\"elementor-element elementor-element-eee93c6 elementor-widget elementor-widget-breadcrumbs\" data-id=\"eee93c6\" data-element_type=\"widget\" data-widget_type=\"breadcrumbs.default\">\n\t\t\t\t<div class=\"elementor-widget-container\">\n\t\t\t\t\t<nav aria-label=\"chapelure\" class=\"rank-math-breadcrumb\"><p><span class=\"last\">Accueil<\/span><\/p><\/nav>\t\t\t\t<\/div>\n\t\t\t\t<\/div>\n\t\t\t\t<\/div>\n\t\t<div class=\"elementor-element elementor-element-acb531d e-con-full e-flex e-con e-child\" data-id=\"acb531d\" data-element_type=\"container\">\n\t\t\t\t<\/div>\n\t\t\t\t<\/div>\n\t\t\t\t\t<\/div>\n\t\t\t\t<\/div>\n\t\t<div class=\"elementor-element elementor-element-2195dfa e-flex e-con-boxed e-con e-parent\" data-id=\"2195dfa\" data-element_type=\"container\">\n\t\t\t\t\t<div class=\"e-con-inner\">\n\t\t\t\t<div class=\"elementor-element elementor-element-1b3995e elementor-widget elementor-widget-text-editor\" data-id=\"1b3995e\" data-element_type=\"widget\" data-widget_type=\"text-editor.default\">\n\t\t\t\t<div class=\"elementor-widget-container\">\n\t\t\t\t\t\t\t\t\t<p>Mekel est une force motrice dans la r\u00e9volution des VE depuis <strong>2015<\/strong>. En tant que professionnel <strong>Accessoires et \u00e9quipements de recharge pour VE <\/strong>fabricant et fournisseur mondial dont le si\u00e8ge est situ\u00e9 \u00e0 <strong>Shanghai<\/strong>avec des bureaux strat\u00e9giques dans les pays suivants <strong>Shenzhen<\/strong> et <strong>Singapour<\/strong>Nous avons aid\u00e9 des clients dans plus de <strong>50<\/strong> surmonter les principaux obstacles \u00e0 l'adoption des VE.<\/p><p>En tant que partenaire unique pour la recharge des VE, nous offrons plus que des pi\u00e8ces et des accessoires standardis\u00e9s. Nous fournissons des solutions compl\u00e8tes : <strong>Fourniture compl\u00e8te, personnalisation et OEM\/ODM<\/strong>Les produits de l'UE sont disponibles dans le monde entier, avec un kit de d\u00e9veloppement logiciel (SDK) et une assistance technique, un service client\u00e8le professionnel et une logistique mondiale.<\/p><p>Vous trouverez ci-dessous les r\u00e9sultats tangibles de notre mod\u00e8le de partenariat. D\u00e9couvrez comment des entreprises internationales ont tir\u00e9 parti de l'expertise de MekelTech, de ses processus de fabrication flexibles et de son soutien ind\u00e9fectible pour atteindre leurs objectifs.<\/p><p>Explorez ces exemples de r\u00e9ussite pour d\u00e9couvrir comment MekelTech peut \u00eatre le catalyseur qui vous permettra de r\u00e9aliser vos r\u00eaves en mati\u00e8re de recharge de v\u00e9hicules \u00e9lectriques. Nous nous engageons \u00e0 vous satisfaire et \u00e0 \u00e9tablir des partenariats durables qui stimulent la croissance de l'industrie.<\/p>\t\t\t\t\t\t\t\t<\/div>\n\t\t\t\t<\/div>\n\t\t\t\t<div class=\"elementor-element elementor-element-d66edd7 e-n-tabs-mobile elementor-widget elementor-widget-n-tabs\" data-id=\"d66edd7\" data-element_type=\"widget\" data-settings=\"{&quot;horizontal_scroll&quot;:&quot;disable&quot;}\" data-widget_type=\"nested-tabs.default\">\n\t\t\t\t<div class=\"elementor-widget-container\">\n\t\t\t\t\t\t\t<div class=\"e-n-tabs\" data-widget-number=\"224849367\" aria-label=\"Schede. Apri gli elementi con Invio o Spazio, chiudili con Esc e naviga con i tasti freccia.\">\n\t\t\t<div class=\"e-n-tabs-heading\" role=\"tablist\">\n\t\t\t\t\t<button id=\"e-n-tab-title-2248493671\" data-tab-title-id=\"e-n-tab-title-2248493671\" class=\"e-n-tab-title\" aria-selected=\"true\" data-tab-index=\"1\" role=\"tab\" tabindex=\"0\" aria-controls=\"e-n-tab-content-2248493671\" style=\"--n-tabs-title-order: 1;\">\n\t\t\t\t\t\t<span class=\"e-n-tab-title-text\">\n\t\t\t\tOEM\/ODM\t\t\t<\/span>\n\t\t<\/button>\n\t\t\t\t<button id=\"e-n-tab-title-2248493672\" data-tab-title-id=\"e-n-tab-title-2248493672\" class=\"e-n-tab-title\" aria-selected=\"false\" data-tab-index=\"2\" role=\"tab\" tabindex=\"-1\" aria-controls=\"e-n-tab-content-2248493672\" style=\"--n-tabs-title-order: 2;\">\n\t\t\t\t\t\t<span class=\"e-n-tab-title-text\">\n\t\t\t\tGrossiste\/d\u00e9taillant\t\t\t<\/span>\n\t\t<\/button>\n\t\t\t\t\t<\/div>\n\t\t\t<div class=\"e-n-tabs-content\">\n\t\t\t\t<div id=\"e-n-tab-content-2248493671\" role=\"tabpanel\" aria-labelledby=\"e-n-tab-title-2248493671\" data-tab-index=\"1\" style=\"--n-tabs-title-order: 1;\" class=\"e-active elementor-element elementor-element-581622f e-con-full e-flex e-con e-child\" data-id=\"581622f\" data-element_type=\"container\">\n\t\t\t\t<div class=\"elementor-element elementor-element-bf65b28 elementor-grid-3 elementor-grid-tablet-2 elementor-grid-mobile-1 elementor-posts--thumbnail-top elementor-widget elementor-widget-posts\" data-id=\"bf65b28\" data-element_type=\"widget\" data-settings=\"{&quot;classic_columns&quot;:&quot;3&quot;,&quot;classic_columns_tablet&quot;:&quot;2&quot;,&quot;classic_columns_mobile&quot;:&quot;1&quot;,&quot;classic_row_gap&quot;:{&quot;unit&quot;:&quot;px&quot;,&quot;size&quot;:35,&quot;sizes&quot;:[]},&quot;classic_row_gap_tablet&quot;:{&quot;unit&quot;:&quot;px&quot;,&quot;size&quot;:&quot;&quot;,&quot;sizes&quot;:[]},&quot;classic_row_gap_mobile&quot;:{&quot;unit&quot;:&quot;px&quot;,&quot;size&quot;:&quot;&quot;,&quot;sizes&quot;:[]}}\" data-widget_type=\"posts.classic\">\n\t\t\t\t<div class=\"elementor-widget-container\">\n\t\t\t\t\t\t\t<div class=\"elementor-posts-container elementor-posts elementor-posts--skin-classic elementor-grid\" role=\"list\">\n\t\t\t\t<article class=\"elementor-post elementor-grid-item post-4394 post type-post status-publish format-standard has-post-thumbnail hentry category-case-studies category-oem-odm\" role=\"listitem\">\n\t\t\t\t<a class=\"elementor-post__thumbnail__link\" href=\"https:\/\/www.mekeltech.com\/fr\/ev-charging-accessories-for-european-ev-manufacturer\/\" tabindex=\"-1\" >\n\t\t\t<div class=\"elementor-post__thumbnail\"><img fetchpriority=\"high\" decoding=\"async\" width=\"800\" height=\"600\" src=\"https:\/\/www.mekeltech.com\/wp-content\/uploads\/2025\/05\/17.webp\" class=\"attachment-full size-full wp-image-3480\" alt=\"Accessoires de recharge pour VE\" srcset=\"https:\/\/www.mekeltech.com\/wp-content\/uploads\/2025\/05\/17.webp 800w, https:\/\/www.mekeltech.com\/wp-content\/uploads\/2025\/05\/17-300x225.webp 300w, https:\/\/www.mekeltech.com\/wp-content\/uploads\/2025\/05\/17-768x576.webp 768w\" sizes=\"(max-width: 800px) 100vw, 800px\" \/><\/div>\n\t\t<\/a>\n\t\t\t\t<div class=\"elementor-post__text\">\n\t\t\t\t<h2 class=\"elementor-post__title\">\n\t\t\t<a href=\"https:\/\/www.mekeltech.com\/fr\/ev-charging-accessories-for-european-ev-manufacturer\/\" >\n\t\t\t\tAccessoires de recharge pour v\u00e9hicules \u00e9lectriques pour un fabricant europ\u00e9en de v\u00e9hicules \u00e9lectriques\t\t\t<\/a>\n\t\t<\/h2>\n\t\t\t\t<div class=\"elementor-post__meta-data\">\n\t\t\t\t\t<span class=\"elementor-post-date\">\n\t\t\t10 juin 2025\t\t<\/span>\n\t\t\t\t<\/div>\n\t\t\t\t<div class=\"elementor-post__excerpt\">\n\t\t\t<p>Le client est un fabricant europ\u00e9en de v\u00e9hicules \u00e9lectriques en plein essor qui s'appr\u00eate \u00e0 produire des v\u00e9hicules \u00e9lectriques de luxe haut de gamme, en accordant une grande importance \u00e0 la qualit\u00e9 des produits et \u00e0 l'esth\u00e9tique. Mekel a form\u00e9 un partenariat strat\u00e9gique avec le client pour fournir des accessoires pour v\u00e9hicules \u00e9lectriques, notamment des stations de recharge et des c\u00e2bles.<\/p>\n\t\t<\/div>\n\t\t\n\t\t<a class=\"elementor-post__read-more\" href=\"https:\/\/www.mekeltech.com\/fr\/ev-charging-accessories-for-european-ev-manufacturer\/\" aria-label=\"En savoir plus sur EV Charging Accessories for European EV Manufacturer\" tabindex=\"-1\" >\n\t\t\tLire plus \"\t\t<\/a>\n\n\t\t\t\t<\/div>\n\t\t\t\t<\/article>\n\t\t\t\t<\/div>\n\t\t\n\t\t\t\t\t\t<\/div>\n\t\t\t\t<\/div>\n\t\t\t\t<\/div>\n\t\t<div id=\"e-n-tab-content-2248493672\" role=\"tabpanel\" aria-labelledby=\"e-n-tab-title-2248493672\" data-tab-index=\"2\" style=\"--n-tabs-title-order: 2;\" class=\"elementor-element elementor-element-b646687 e-con-full e-flex e-con e-child\" data-id=\"b646687\" data-element_type=\"container\">\n\t\t\t\t<div class=\"elementor-element elementor-element-f1f13c6 elementor-grid-3 elementor-grid-tablet-2 elementor-grid-mobile-1 elementor-posts--thumbnail-top elementor-widget elementor-widget-posts\" data-id=\"f1f13c6\" data-element_type=\"widget\" data-settings=\"{&quot;classic_columns&quot;:&quot;3&quot;,&quot;classic_columns_tablet&quot;:&quot;2&quot;,&quot;classic_columns_mobile&quot;:&quot;1&quot;,&quot;classic_row_gap&quot;:{&quot;unit&quot;:&quot;px&quot;,&quot;size&quot;:35,&quot;sizes&quot;:[]},&quot;classic_row_gap_tablet&quot;:{&quot;unit&quot;:&quot;px&quot;,&quot;size&quot;:&quot;&quot;,&quot;sizes&quot;:[]},&quot;classic_row_gap_mobile&quot;:{&quot;unit&quot;:&quot;px&quot;,&quot;size&quot;:&quot;&quot;,&quot;sizes&quot;:[]}}\" data-widget_type=\"posts.classic\">\n\t\t\t\t<div class=\"elementor-widget-container\">\n\t\t\t\t\t\t\t<div class=\"elementor-posts-container elementor-posts elementor-posts--skin-classic elementor-grid\" role=\"list\">\n\t\t\t\t<article class=\"elementor-post elementor-grid-item post-4402 post type-post status-publish format-standard has-post-thumbnail hentry category-case-studies category-wholesaler-retailer\" role=\"listitem\">\n\t\t\t\t<a class=\"elementor-post__thumbnail__link\" href=\"https:\/\/www.mekeltech.com\/fr\/ev-charging-accessories-for-auto-parts-distributor-in-uae\/\" tabindex=\"-1\" >\n\t\t\t<div class=\"elementor-post__thumbnail\"><img decoding=\"async\" width=\"800\" height=\"800\" src=\"https:\/\/www.mekeltech.com\/wp-content\/uploads\/2025\/04\/124.webp\" class=\"attachment-full size-full wp-image-3496\" alt=\"Adaptateur CCS2 vers GBT DC\" srcset=\"https:\/\/www.mekeltech.com\/wp-content\/uploads\/2025\/04\/124.webp 800w, https:\/\/www.mekeltech.com\/wp-content\/uploads\/2025\/04\/124-300x300.webp 300w, https:\/\/www.mekeltech.com\/wp-content\/uploads\/2025\/04\/124-150x150.webp 150w, https:\/\/www.mekeltech.com\/wp-content\/uploads\/2025\/04\/124-768x768.webp 768w\" sizes=\"(max-width: 800px) 100vw, 800px\" \/><\/div>\n\t\t<\/a>\n\t\t\t\t<div class=\"elementor-post__text\">\n\t\t\t\t<h2 class=\"elementor-post__title\">\n\t\t\t<a href=\"https:\/\/www.mekeltech.com\/fr\/ev-charging-accessories-for-auto-parts-distributor-in-uae\/\" >\n\t\t\t\tAccessoires de recharge pour v\u00e9hicules \u00e9lectriques pour un distributeur de pi\u00e8ces d\u00e9tach\u00e9es automobiles aux \u00c9mirats arabes unis\t\t\t<\/a>\n\t\t<\/h2>\n\t\t\t\t<div class=\"elementor-post__meta-data\">\n\t\t\t\t\t<span class=\"elementor-post-date\">\n\t\t\t12 juin 2025\t\t<\/span>\n\t\t\t\t<\/div>\n\t\t\t\t<div class=\"elementor-post__excerpt\">\n\t\t\t<p>Le client est un important distributeur de pi\u00e8ces automobiles avec des magasins physiques situ\u00e9s \u00e0 Duba\u00ef, Abu Dhabi et Sharjah.   Les ventes de v\u00e9hicules \u00e9lectriques dans les \u00c9mirats arabes unis ont consid\u00e9rablement augment\u00e9 l'ann\u00e9e derni\u00e8re avec la hausse des importations de v\u00e9hicules \u00e9lectriques en provenance de Chine, de l'Union europ\u00e9enne et du Japon. L'\u00e9quipe produit du client a rapidement choisi<\/p>\n\t\t<\/div>\n\t\t\n\t\t<a class=\"elementor-post__read-more\" href=\"https:\/\/www.mekeltech.com\/fr\/ev-charging-accessories-for-auto-parts-distributor-in-uae\/\" aria-label=\"En savoir plus sur EV Charging Accessories for Auto Parts Distributor in UAE\" tabindex=\"-1\" >\n\t\t\tLire plus \"\t\t<\/a>\n\n\t\t\t\t<\/div>\n\t\t\t\t<\/article>\n\t\t\t\t<article class=\"elementor-post elementor-grid-item post-4400 post type-post status-publish format-standard has-post-thumbnail hentry category-case-studies category-wholesaler-retailer\" role=\"listitem\">\n\t\t\t\t<a class=\"elementor-post__thumbnail__link\" href=\"https:\/\/www.mekeltech.com\/fr\/ev-charging-accessories-for-large-scale-wholesaler-in-germany\/\" tabindex=\"-1\" >\n\t\t\t<div class=\"elementor-post__thumbnail\"><img decoding=\"async\" width=\"612\" height=\"408\" src=\"https:\/\/www.mekeltech.com\/wp-content\/uploads\/2025\/06\/istockphoto-1292252309-612x612-1.jpg\" class=\"attachment-full size-full wp-image-3822\" alt=\"c\u00e2ble de charge ev\" srcset=\"https:\/\/www.mekeltech.com\/wp-content\/uploads\/2025\/06\/istockphoto-1292252309-612x612-1.jpg 612w, https:\/\/www.mekeltech.com\/wp-content\/uploads\/2025\/06\/istockphoto-1292252309-612x612-1-300x200.jpg 300w\" sizes=\"(max-width: 612px) 100vw, 612px\" \/><\/div>\n\t\t<\/a>\n\t\t\t\t<div class=\"elementor-post__text\">\n\t\t\t\t<h2 class=\"elementor-post__title\">\n\t\t\t<a href=\"https:\/\/www.mekeltech.com\/fr\/ev-charging-accessories-for-large-scale-wholesaler-in-germany\/\" >\n\t\t\t\tAccessoires de recharge pour v\u00e9hicules \u00e9lectriques pour un grand grossiste en Allemagne\t\t\t<\/a>\n\t\t<\/h2>\n\t\t\t\t<div class=\"elementor-post__meta-data\">\n\t\t\t\t\t<span class=\"elementor-post-date\">\n\t\t\t11 juin 2025\t\t<\/span>\n\t\t\t\t<\/div>\n\t\t\t\t<div class=\"elementor-post__excerpt\">\n\t\t\t<p>Le client est un important grossiste en Allemagne qui vend de tout, des produits m\u00e9nagers de base aux appareils \u00e9lectroniques. Compte tenu de la croissance rapide de la demande d'appareils li\u00e9s aux v\u00e9hicules \u00e9lectriques en Allemagne, le client a choisi Mekel comme partenaire ODM pour d\u00e9velopper et fabriquer des chargeurs de v\u00e9hicules \u00e9lectriques \u00e0 usage domestique.<\/p>\n\t\t<\/div>\n\t\t\n\t\t<a class=\"elementor-post__read-more\" href=\"https:\/\/www.mekeltech.com\/fr\/ev-charging-accessories-for-large-scale-wholesaler-in-germany\/\" aria-label=\"En savoir plus sur EV Charging Accessories for Large-scale Wholesaler in Germany\" tabindex=\"-1\" >\n\t\t\tLire plus \"\t\t<\/a>\n\n\t\t\t\t<\/div>\n\t\t\t\t<\/article>\n\t\t\t\t<article class=\"elementor-post elementor-grid-item post-4390 post type-post status-publish format-standard has-post-thumbnail hentry category-case-studies category-wholesaler-retailer\" role=\"listitem\">\n\t\t\t\t<a class=\"elementor-post__thumbnail__link\" href=\"https:\/\/www.mekeltech.com\/fr\/custom-v2l-accessories-solution-powers-south-american-ev-importer\/\" tabindex=\"-1\" >\n\t\t\t<div class=\"elementor-post__thumbnail\"><img loading=\"lazy\" decoding=\"async\" width=\"1280\" height=\"960\" src=\"https:\/\/www.mekeltech.com\/wp-content\/uploads\/2025\/06\/2.jpeg\" class=\"attachment-full size-full wp-image-4418\" alt=\"Station de recharge pour VE\" srcset=\"https:\/\/www.mekeltech.com\/wp-content\/uploads\/2025\/06\/2.jpeg 1280w, https:\/\/www.mekeltech.com\/wp-content\/uploads\/2025\/06\/2-300x225.jpeg 300w, https:\/\/www.mekeltech.com\/wp-content\/uploads\/2025\/06\/2-1024x768.jpeg 1024w, https:\/\/www.mekeltech.com\/wp-content\/uploads\/2025\/06\/2-768x576.jpeg 768w, https:\/\/www.mekeltech.com\/wp-content\/uploads\/2025\/06\/2-16x12.jpeg 16w\" sizes=\"(max-width: 1280px) 100vw, 1280px\" \/><\/div>\n\t\t<\/a>\n\t\t\t\t<div class=\"elementor-post__text\">\n\t\t\t\t<h2 class=\"elementor-post__title\">\n\t\t\t<a href=\"https:\/\/www.mekeltech.com\/fr\/custom-v2l-accessories-solution-powers-south-american-ev-importer\/\" >\n\t\t\t\tUne solution personnalis\u00e9e d'accessoires V2L \u00e9quipe un importateur sud-am\u00e9ricain de v\u00e9hicules \u00e9lectriques\t\t\t<\/a>\n\t\t<\/h2>\n\t\t\t\t<div class=\"elementor-post__meta-data\">\n\t\t\t\t\t<span class=\"elementor-post-date\">\n\t\t\t9 juin 2025\t\t<\/span>\n\t\t\t\t<\/div>\n\t\t\t\t<div class=\"elementor-post__excerpt\">\n\t\t\t<p>Le client est un grand importateur de v\u00e9hicules \u00e9lectriques en Am\u00e9rique du Sud et souhaitait inclure des accessoires V2L \u00e0 chaque vente de voiture pour attirer les clients actifs en plein air. Le client a contact\u00e9 Mekel au sujet d'une commande personnalis\u00e9e et a exig\u00e9 une date limite difficile \u00e0 respecter, \u00e0 savoir<\/p>\n\t\t<\/div>\n\t\t\n\t\t<a class=\"elementor-post__read-more\" href=\"https:\/\/www.mekeltech.com\/fr\/custom-v2l-accessories-solution-powers-south-american-ev-importer\/\" aria-label=\"En savoir plus sur Custom V2L Accessories Solution Powers South American EV Importer\" tabindex=\"-1\" >\n\t\t\tLire plus \"\t\t<\/a>\n\n\t\t\t\t<\/div>\n\t\t\t\t<\/article>\n\t\t\t\t<article class=\"elementor-post elementor-grid-item post-4397 post type-post status-publish format-standard has-post-thumbnail hentry category-case-studies category-wholesaler-retailer\" role=\"listitem\">\n\t\t\t\t<a class=\"elementor-post__thumbnail__link\" href=\"https:\/\/www.mekeltech.com\/fr\/ev-charging-accessories-for-bulgarian-car-dealership-chain\/\" tabindex=\"-1\" >\n\t\t\t<div class=\"elementor-post__thumbnail\"><img loading=\"lazy\" decoding=\"async\" width=\"1152\" height=\"864\" src=\"https:\/\/www.mekeltech.com\/wp-content\/uploads\/2025\/06\/1.jpeg\" class=\"attachment-full size-full wp-image-4417\" alt=\"Accessoire de recharge pour VE\" srcset=\"https:\/\/www.mekeltech.com\/wp-content\/uploads\/2025\/06\/1.jpeg 1152w, https:\/\/www.mekeltech.com\/wp-content\/uploads\/2025\/06\/1-300x225.jpeg 300w, https:\/\/www.mekeltech.com\/wp-content\/uploads\/2025\/06\/1-1024x768.jpeg 1024w, https:\/\/www.mekeltech.com\/wp-content\/uploads\/2025\/06\/1-768x576.jpeg 768w, https:\/\/www.mekeltech.com\/wp-content\/uploads\/2025\/06\/1-16x12.jpeg 16w\" sizes=\"(max-width: 1152px) 100vw, 1152px\" \/><\/div>\n\t\t<\/a>\n\t\t\t\t<div class=\"elementor-post__text\">\n\t\t\t\t<h2 class=\"elementor-post__title\">\n\t\t\t<a href=\"https:\/\/www.mekeltech.com\/fr\/ev-charging-accessories-for-bulgarian-car-dealership-chain\/\" >\n\t\t\t\tAccessoires de recharge pour v\u00e9hicules \u00e9lectriques destin\u00e9s aux concessionnaires automobiles bulgares\t\t\t<\/a>\n\t\t<\/h2>\n\t\t\t\t<div class=\"elementor-post__meta-data\">\n\t\t\t\t\t<span class=\"elementor-post-date\">\n\t\t\t8 juin 2025\t\t<\/span>\n\t\t\t\t<\/div>\n\t\t\t\t<div class=\"elementor-post__excerpt\">\n\t\t\t<p>Le client est une grande cha\u00eene de concessionnaires automobiles en Bulgarie qui a connu une croissance importante de ses ventes de v\u00e9hicules \u00e9lectriques. Il a rencontr\u00e9 des probl\u00e8mes de qualit\u00e9 avec son fournisseur pr\u00e9c\u00e9dent et avait besoin d'un partenaire d'approvisionnement plus exp\u00e9riment\u00e9 pour r\u00e9pondre \u00e0 sa croissance rapide,<\/p>\n\t\t<\/div>\n\t\t\n\t\t<a class=\"elementor-post__read-more\" href=\"https:\/\/www.mekeltech.com\/fr\/ev-charging-accessories-for-bulgarian-car-dealership-chain\/\" aria-label=\"En savoir plus sur EV Charging Accessories for Bulgarian Car Dealership Chain\" tabindex=\"-1\" >\n\t\t\tLire plus \"\t\t<\/a>\n\n\t\t\t\t<\/div>\n\t\t\t\t<\/article>\n\t\t\t\t<article class=\"elementor-post elementor-grid-item post-4405 post type-post status-publish format-standard has-post-thumbnail hentry category-case-studies category-wholesaler-retailer\" role=\"listitem\">\n\t\t\t\t<a class=\"elementor-post__thumbnail__link\" href=\"https:\/\/www.mekeltech.com\/fr\/home-charging-station-and-accessories-for-e-commerce-retailer-in-thailand\/\" tabindex=\"-1\" >\n\t\t\t<div class=\"elementor-post__thumbnail\"><img loading=\"lazy\" decoding=\"async\" width=\"800\" height=\"800\" src=\"https:\/\/www.mekeltech.com\/wp-content\/uploads\/2025\/05\/115-1.webp\" class=\"attachment-full size-full wp-image-3302\" alt=\"Installation d&#039;une station de recharge pour VE\" srcset=\"https:\/\/www.mekeltech.com\/wp-content\/uploads\/2025\/05\/115-1.webp 800w, https:\/\/www.mekeltech.com\/wp-content\/uploads\/2025\/05\/115-1-300x300.webp 300w, https:\/\/www.mekeltech.com\/wp-content\/uploads\/2025\/05\/115-1-150x150.webp 150w, https:\/\/www.mekeltech.com\/wp-content\/uploads\/2025\/05\/115-1-768x768.webp 768w\" sizes=\"(max-width: 800px) 100vw, 800px\" \/><\/div>\n\t\t<\/a>\n\t\t\t\t<div class=\"elementor-post__text\">\n\t\t\t\t<h2 class=\"elementor-post__title\">\n\t\t\t<a href=\"https:\/\/www.mekeltech.com\/fr\/home-charging-station-and-accessories-for-e-commerce-retailer-in-thailand\/\" >\n\t\t\t\tStation de recharge domestique et accessoires pour un d\u00e9taillant en commerce \u00e9lectronique en Tha\u00eflande\t\t\t<\/a>\n\t\t<\/h2>\n\t\t\t\t<div class=\"elementor-post__meta-data\">\n\t\t\t\t\t<span class=\"elementor-post-date\">\n\t\t\t7 juin 2025\t\t<\/span>\n\t\t\t\t<\/div>\n\t\t\t\t<div class=\"elementor-post__excerpt\">\n\t\t\t<p>Le client est un d\u00e9taillant bien connu d'accessoires li\u00e9s aux v\u00e9hicules \u00e9lectriques en Tha\u00eflande et r\u00e9alise des millions de ventes annuelles sur les principales plateformes de commerce \u00e9lectronique, notamment Sharpee et Lazada. Le client souhaitait ajouter des produits de recharge pour v\u00e9hicules \u00e9lectriques \u00e0 sa gamme de produits et recherchait un fournisseur poss\u00e9dant \u00e0 la fois les caract\u00e9ristiques suivantes<\/p>\n\t\t<\/div>\n\t\t\n\t\t<a class=\"elementor-post__read-more\" href=\"https:\/\/www.mekeltech.com\/fr\/home-charging-station-and-accessories-for-e-commerce-retailer-in-thailand\/\" aria-label=\"En savoir plus sur Home Charging Station and Accessories for E-commerce Retailer in Thailand\" tabindex=\"-1\" >\n\t\t\tLire plus \"\t\t<\/a>\n\n\t\t\t\t<\/div>\n\t\t\t\t<\/article>\n\t\t\t\t<\/div>\n\t\t\n\t\t\t\t\t\t<\/div>\n\t\t\t\t<\/div>\n\t\t\t\t<\/div>\n\t\t\t\t\t<\/div>\n\t\t<\/div>\n\t\t\t\t\t\t<\/div>\n\t\t\t\t<\/div>\n\t\t\t\t\t<\/div>\n\t\t\t\t<\/div>\n\t\t\t\t<\/div>","protected":false},"excerpt":{"rendered":"<p>Customer Cases Home Mekel has been a driving force in the EV revolution since 2015. As a professional EV charging accessories and equipment manufacturer and global supplier headquartered in Shanghai, with strategic offices in Shenzhen and Singapore, we have helped customers in more than 50 countries overcome key barriers to EV adoption. As your one-stop [&hellip;]<\/p>","protected":false},"author":1,"featured_media":0,"parent":0,"menu_order":0,"comment_status":"closed","ping_status":"closed","template":"","meta":{"_acf_changed":false,"site-sidebar-layout":"no-sidebar","site-content-layout":"page-builder","ast-site-content-layout":"full-width-container","site-content-style":"unboxed","site-sidebar-style":"unboxed","ast-global-header-display":"","ast-banner-title-visibility":"","ast-main-header-display":"","ast-hfb-above-header-display":"","ast-hfb-below-header-display":"","ast-hfb-mobile-header-display":"","site-post-title":"disabled","ast-breadcrumbs-content":"","ast-featured-img":"disabled","footer-sml-layout":"","ast-disable-related-posts":"","theme-transparent-header-meta":"","adv-header-id-meta":"","stick-header-meta":"","header-above-stick-meta":"","header-main-stick-meta":"","header-below-stick-meta":"","astra-migrate-meta-layouts":"set","ast-page-background-enabled":"default","ast-page-background-meta":{"desktop":{"background-color":"","background-image":"","background-repeat":"repeat","background-position":"center center","background-size":"auto","background-attachment":"scroll","background-type":"","background-media":"","overlay-type":"","overlay-color":"","overlay-opacity":"","overlay-gradient":""},"tablet":{"background-color":"","background-image":"","background-repeat":"repeat","background-position":"center center","background-size":"auto","background-attachment":"scroll","background-type":"","background-media":"","overlay-type":"","overlay-color":"","overlay-opacity":"","overlay-gradient":""},"mobile":{"background-color":"","background-image":"","background-repeat":"repeat","background-position":"center center","background-size":"auto","background-attachment":"scroll","background-type":"","background-media":"","overlay-type":"","overlay-color":"","overlay-opacity":"","overlay-gradient":""}},"ast-content-background-meta":{"desktop":{"background-color":"var(--ast-global-color-5)","background-image":"","background-repeat":"repeat","background-position":"center center","background-size":"auto","background-attachment":"scroll","background-type":"","background-media":"","overlay-type":"","overlay-color":"","overlay-opacity":"","overlay-gradient":""},"tablet":{"background-color":"var(--ast-global-color-5)","background-image":"","background-repeat":"repeat","background-position":"center center","background-size":"auto","background-attachment":"scroll","background-type":"","background-media":"","overlay-type":"","overlay-color":"","overlay-opacity":"","overlay-gradient":""},"mobile":{"background-color":"var(--ast-global-color-5)","background-image":"","background-repeat":"repeat","background-position":"center center","background-size":"auto","background-attachment":"scroll","background-type":"","background-media":"","overlay-type":"","overlay-color":"","overlay-opacity":"","overlay-gradient":""}},"footnotes":""},"class_list":["post-2794","page","type-page","status-publish","hentry"],"acf":[],"_links":{"self":[{"href":"https:\/\/www.mekeltech.com\/fr\/wp-json\/wp\/v2\/pages\/2794","targetHints":{"allow":["GET"]}}],"collection":[{"href":"https:\/\/www.mekeltech.com\/fr\/wp-json\/wp\/v2\/pages"}],"about":[{"href":"https:\/\/www.mekeltech.com\/fr\/wp-json\/wp\/v2\/types\/page"}],"author":[{"embeddable":true,"href":"https:\/\/www.mekeltech.com\/fr\/wp-json\/wp\/v2\/users\/1"}],"replies":[{"embeddable":true,"href":"https:\/\/www.mekeltech.com\/fr\/wp-json\/wp\/v2\/comments?post=2794"}],"version-history":[{"count":63,"href":"https:\/\/www.mekeltech.com\/fr\/wp-json\/wp\/v2\/pages\/2794\/revisions"}],"predecessor-version":[{"id":6772,"href":"https:\/\/www.mekeltech.com\/fr\/wp-json\/wp\/v2\/pages\/2794\/revisions\/6772"}],"wp:attachment":[{"href":"https:\/\/www.mekeltech.com\/fr\/wp-json\/wp\/v2\/media?parent=2794"}],"curies":[{"name":"wp","href":"https:\/\/api.w.org\/{rel}","templated":true}]}}