{"id":6309,"date":"2025-08-19T14:26:42","date_gmt":"2025-08-19T06:26:42","guid":{"rendered":"https:\/\/www.mekeltech.com\/?post_type=product&#038;p=6309"},"modified":"2025-11-07T11:26:37","modified_gmt":"2025-11-07T03:26:37","slug":"mekel-7kw-charging-station-for-tesla-models","status":"publish","type":"product","link":"https:\/\/www.mekeltech.com\/es\/product\/mekel-7kw-charging-station-for-tesla-models\/","title":{"rendered":"Estaci\u00f3n de carga Mekel de 7 kW para modelos Tesla"},"content":{"rendered":"<div data-elementor-type=\"wp-post\" data-elementor-id=\"6309\" class=\"elementor elementor-6309\" data-elementor-post-type=\"product\">\n\t\t\t\t<div class=\"elementor-element elementor-element-70ef9f68 e-flex e-con-boxed e-con e-parent\" data-id=\"70ef9f68\" data-element_type=\"container\">\n\t\t\t\t\t<div class=\"e-con-inner\">\n\t\t\t\t<div class=\"elementor-element elementor-element-840ef34 elementor-widget elementor-widget-heading\" data-id=\"840ef34\" data-element_type=\"widget\" data-widget_type=\"heading.default\">\n\t\t\t\t<div class=\"elementor-widget-container\">\n\t\t\t\t\t<h2 class=\"elementor-heading-title elementor-size-default\">Safety &amp; Seamless Integration<\/h2>\t\t\t\t<\/div>\n\t\t\t\t<\/div>\n\t\t\t\t<div class=\"elementor-element elementor-element-753e2cf7 elementor-widget elementor-widget-text-editor\" data-id=\"753e2cf7\" data-element_type=\"widget\" data-widget_type=\"text-editor.default\">\n\t\t\t\t<div class=\"elementor-widget-container\">\n\t\t\t\t\t\t\t\t\t<p><strong>Reliable, Compact AC 7kW EV Charging Station Optimized for Tesla Vehicles in Residential and Light Commercial Settings :<\/strong> Mekel\u2019s 7kW Charging Station is a powerful, space-efficient solution specifically engineered for seamless compatibility with all Tesla models, including the Model 3, Model Y, Model S, and Model X. Ideal for home garages, apartment complexes, or small businesses, it features Tesla-compatible connectors such as NACS (North American Charging Standard), Type 2, and GBT options to ensure universal fit across global markets. Built to IEC 61851-1 and IEC 62196-2 standards, this charger delivers reliable, high-performance charging tailored to Tesla&#8217;s advanced battery systems, promoting efficient energy transfer and extended vehicle range.<\/p>\t\t\t\t\t\t\t\t<\/div>\n\t\t\t\t<\/div>\n\t\t\t\t<div class=\"elementor-element elementor-element-423384aa elementor-widget__width-inherit elementor-widget elementor-widget-heading\" data-id=\"423384aa\" data-element_type=\"widget\" data-widget_type=\"heading.default\">\n\t\t\t\t<div class=\"elementor-widget-container\">\n\t\t\t\t\t<h2 class=\"elementor-heading-title elementor-size-default\">Key Technical Specifications of 7kW Charging Station<\/h2>\t\t\t\t<\/div>\n\t\t\t\t<\/div>\n\t\t\t\t<div class=\"elementor-element elementor-element-123ebf5 elementor-widget__width-initial elementor-widget elementor-widget-tablepress-table\" data-id=\"123ebf5\" data-element_type=\"widget\" data-widget_type=\"tablepress-table.default\">\n\t\t\t\t\t\n<table id=\"tablepress-24\" class=\"tablepress tablepress-id-24\">\n<tbody class=\"row-striping row-hover\">\n<tr class=\"row-1\">\n\t<td class=\"column-1\"><strong>Tensi\u00f3n de entrada\/salida<\/strong><\/td><td class=\"column-2\">230Vac +15%<\/td>\n<\/tr>\n<tr class=\"row-2\">\n\t<td class=\"column-1\"><strong>Corriente de carga m\u00e1xima<\/strong><\/td><td class=\"column-2\">32A (optimized for Tesla's Level 2 charging needs)<\/td>\n<\/tr>\n<tr class=\"row-3\">\n\t<td class=\"column-1\"><strong>Frecuencia de funcionamiento<\/strong><\/td><td class=\"column-2\">50 Hz<\/td>\n<\/tr>\n<tr class=\"row-4\">\n\t<td class=\"column-1\"><strong>Temperatura de funcionamiento<\/strong><\/td><td class=\"column-2\">-25\u00b0C a +50\u00b0C<\/td>\n<\/tr>\n<tr class=\"row-5\">\n\t<td class=\"column-1\"><strong>Temperatura de almacenamiento<strong><\/td><td class=\"column-2\">-40\u00b0C a +60\u00b0C<\/td>\n<\/tr>\n<tr class=\"row-6\">\n\t<td class=\"column-1\"><strong>Clasificaci\u00f3n del recinto<strong><\/td><td class=\"column-2\">IP65(dust-tight and protected from water jets, perfect for outdoor Tesla charging) <\/td>\n<\/tr>\n<tr class=\"row-7\">\n\t<td class=\"column-1\"><strong>Instalaci\u00f3n<strong><\/td><td class=\"column-2\">Montaje flexible en pared o en pedestal <\/td>\n<\/tr>\n<tr class=\"row-8\">\n\t<td class=\"column-1\"><strong>Dimensiones<strong><\/td><td class=\"column-2\">186 mm x 354 mm x 111 mm <\/td>\n<\/tr>\n<tr class=\"row-9\">\n\t<td class=\"column-1\"><strong>Comunicaci\u00f3n<strong><\/td><td class=\"column-2\">HCI Bluetooth \/ Wi-Fi \/ 4G (for easy integration with Tesla's app ecosystem) <\/td>\n<\/tr>\n<tr class=\"row-10\">\n\t<td class=\"column-1\"><strong>Certificaci\u00f3n<strong><\/td><td class=\"column-2\">Conformidad CE<\/td>\n<\/tr>\n<\/tbody>\n<\/table>\n\t\t\t\t<\/div>\n\t\t\t\t<div class=\"elementor-element elementor-element-5df35276 elementor-widget__width-inherit elementor-widget elementor-widget-heading\" data-id=\"5df35276\" data-element_type=\"widget\" data-widget_type=\"heading.default\">\n\t\t\t\t<div class=\"elementor-widget-container\">\n\t\t\t\t\t<h2 class=\"elementor-heading-title elementor-size-default\">Funciones de seguridad multicapa integradas<\/h2>\t\t\t\t<\/div>\n\t\t\t\t<\/div>\n\t\t\t\t<div class=\"elementor-element elementor-element-2c0e90f5 elementor-widget elementor-widget-text-editor\" data-id=\"2c0e90f5\" data-element_type=\"widget\" data-widget_type=\"text-editor.default\">\n\t\t\t\t<div class=\"elementor-widget-container\">\n\t\t\t\t\t\t\t\t\t<p>Designed with Tesla owners in mind, the 7kW Charging Station includes comprehensive protections to safeguard your vehicle:<\/p><ul><li>Protecci\u00f3n contra sobretensi\u00f3n\/subtensi\u00f3n<\/li><li>Limitaci\u00f3n de sobreintensidad<\/li><li>Temperature Monitoring &amp; Cutoff (Activates at 80\u00b0C, recovers at 60\u00b0C)<\/li><li>Protecci\u00f3n contra corriente de fuga<\/li><li>Relay Bonding Safety Circuit<\/li><li>Emergency Stop Button<\/li><\/ul>\t\t\t\t\t\t\t\t<\/div>\n\t\t\t\t<\/div>\n\t\t\t\t<div class=\"elementor-element elementor-element-2342652f elementor-widget__width-inherit elementor-widget elementor-widget-heading\" data-id=\"2342652f\" data-element_type=\"widget\" data-widget_type=\"heading.default\">\n\t\t\t\t<div class=\"elementor-widget-container\">\n\t\t\t\t\t<h2 class=\"elementor-heading-title elementor-size-default\">Smart Operational Modes for Tesla Compatibility<\/h2>\t\t\t\t<\/div>\n\t\t\t\t<\/div>\n\t\t\t\t<div class=\"elementor-element elementor-element-574d319f elementor-widget elementor-widget-text-editor\" data-id=\"574d319f\" data-element_type=\"widget\" data-widget_type=\"text-editor.default\">\n\t\t\t\t<div class=\"elementor-widget-container\">\n\t\t\t\t\t\t\t\t\t<ul><li><b><\/b>Multiple Charging Initiation Options(App, RFID)<\/li><li>Real-time Temperature Supervisionto protect Tesla batteries<\/li><li>Adaptive Current OutputBased on Load Conditions, aligning with Tesla&#8217;s dynamic power demands<\/li><li>Charging Status Indication:<br \/><strong>Ocioso:<\/strong> Green solid<br \/><strong>Plug-in:<\/strong> Green flashing<br \/><strong>Cargando:<\/strong> Blue flashing<br \/><strong>Complete:<\/strong> Blue solid<br \/><strong>Error:<\/strong> Red flashing with diagnostic codes<\/li><\/ul>\t\t\t\t\t\t\t\t<\/div>\n\t\t\t\t<\/div>\n\t\t\t\t<div class=\"elementor-element elementor-element-6b688abf elementor-widget__width-inherit elementor-widget elementor-widget-heading\" data-id=\"6b688abf\" data-element_type=\"widget\" data-widget_type=\"heading.default\">\n\t\t\t\t<div class=\"elementor-widget-container\">\n\t\t\t\t\t<h2 class=\"elementor-heading-title elementor-size-default\">Simple, Safe Charging Process for Tesla Vehicles<\/h2>\t\t\t\t<\/div>\n\t\t\t\t<\/div>\n\t\t\t\t<div class=\"elementor-element elementor-element-2498198 elementor-widget elementor-widget-text-editor\" data-id=\"2498198\" data-element_type=\"widget\" data-widget_type=\"text-editor.default\">\n\t\t\t\t<div class=\"elementor-widget-container\">\n\t\t\t\t\t\t\t\t\t<p>Connect the 7kW Charging Station to your Tesla, and it automatically initiates power delivery, recognizing and adapting to your vehicle&#8217;s requirements. The smart control system integrates with compatible apps, allowing Tesla owners to monitor, pause, or stop charging remotely \u2013 reducing hands-on effort while maximizing convenience and battery health.<\/p>\t\t\t\t\t\t\t\t<\/div>\n\t\t\t\t<\/div>\n\t\t\t\t<div class=\"elementor-element elementor-element-cba0402 elementor-widget elementor-widget-heading\" data-id=\"cba0402\" data-element_type=\"widget\" data-widget_type=\"heading.default\">\n\t\t\t\t<div class=\"elementor-widget-container\">\n\t\t\t\t\t<h2 class=\"elementor-heading-title elementor-size-default\">Installation &amp; Operation \u2013 Plug and Power for Tesla Owners<\/h2>\t\t\t\t<\/div>\n\t\t\t\t<\/div>\n\t\t\t\t<div class=\"elementor-element elementor-element-abd6745 elementor-widget elementor-widget-text-editor\" data-id=\"abd6745\" data-element_type=\"widget\" data-widget_type=\"text-editor.default\">\n\t\t\t\t<div class=\"elementor-widget-container\">\n\t\t\t\t\t\t\t\t\t<p>Engineered for quick setup, the 7kW Charging Station is perfect for Tesla enthusiasts. Whether wall-mounted in your garage or pedestal-style outdoors, its weather-resistant IP65 casing ensures durability in any environment without compromising charging speed or efficiency.<\/p>\t\t\t\t\t\t\t\t<\/div>\n\t\t\t\t<\/div>\n\t\t\t\t<div class=\"elementor-element elementor-element-bb10f07 elementor-widget elementor-widget-heading\" data-id=\"bb10f07\" data-element_type=\"widget\" data-widget_type=\"heading.default\">\n\t\t\t\t<div class=\"elementor-widget-container\">\n\t\t\t\t\t<h2 class=\"elementor-heading-title elementor-size-default\">Why Choose This Mekel 7kW Charging Station for Your Tesla?<\/h2>\t\t\t\t<\/div>\n\t\t\t\t<\/div>\n\t\t\t\t<div class=\"elementor-element elementor-element-8166f19 elementor-widget elementor-widget-text-editor\" data-id=\"8166f19\" data-element_type=\"widget\" data-widget_type=\"text-editor.default\">\n\t\t\t\t<div class=\"elementor-widget-container\">\n\t\t\t\t\t\t\t\t\t<ul><li><b><\/b><strong><b>Seguridad certificada<\/b><\/strong>: Full suite of protective features for worry-free daily charging of Tesla models.<\/li><li><b><\/b><strong><b>Smart App Control<\/b><\/strong>: Connects to the \u201cHomelife\u201d app for remote management, complementing Tesla&#8217;s own connectivity.<\/li><li><b><\/b><strong><b>No Screen, No Fuss<\/b><\/strong>: Streamlined design focused on reliability and ease, ideal for Tesla home charging setups.<\/li><\/ul>\t\t\t\t\t\t\t\t<\/div>\n\t\t\t\t<\/div>\n\t\t\t\t\t<\/div>\n\t\t\t\t<\/div>\n\t\t\t\t<\/div>","protected":false},"excerpt":{"rendered":"<p>Seguridad e integraci\u00f3n perfecta Estaci\u00f3n de carga para veh\u00edculos el\u00e9ctricos de CA de 7 kW, fiable y compacta, optimizada para veh\u00edculos Tesla en entornos residenciales y comerciales ligeros : La estaci\u00f3n de carga de 7 kW de Mekel es una soluci\u00f3n potente y eficiente en t\u00e9rminos de espacio, dise\u00f1ada espec\u00edficamente para una compatibilidad perfecta con todos los modelos Tesla, incluidos el Model 3, el Model Y, el Model S y el Model X. Ideal para garajes dom\u00e9sticos, [...].<\/p>","protected":false},"author":5,"featured_media":6310,"menu_order":0,"template":"","format":"standard","meta":{"_acf_changed":false,"site-sidebar-layout":"no-sidebar","site-content-layout":"page-builder","ast-site-content-layout":"full-width-container","site-content-style":"default","site-sidebar-style":"default","ast-global-header-display":"","ast-banner-title-visibility":"","ast-main-header-display":"","ast-hfb-above-header-display":"","ast-hfb-below-header-display":"","ast-hfb-mobile-header-display":"","site-post-title":"disabled","ast-breadcrumbs-content":"","ast-featured-img":"disabled","footer-sml-layout":"","ast-disable-related-posts":"","theme-transparent-header-meta":"","adv-header-id-meta":"","stick-header-meta":"","header-above-stick-meta":"","header-main-stick-meta":"","header-below-stick-meta":"","astra-migrate-meta-layouts":"set","ast-page-background-enabled":"default","ast-page-background-meta":{"desktop":{"background-color":"","background-image":"","background-repeat":"repeat","background-position":"center center","background-size":"auto","background-attachment":"scroll","background-type":"","background-media":"","overlay-type":"","overlay-color":"","overlay-opacity":"","overlay-gradient":""},"tablet":{"background-color":"","background-image":"","background-repeat":"repeat","background-position":"center center","background-size":"auto","background-attachment":"scroll","background-type":"","background-media":"","overlay-type":"","overlay-color":"","overlay-opacity":"","overlay-gradient":""},"mobile":{"background-color":"","background-image":"","background-repeat":"repeat","background-position":"center center","background-size":"auto","background-attachment":"scroll","background-type":"","background-media":"","overlay-type":"","overlay-color":"","overlay-opacity":"","overlay-gradient":""}},"ast-content-background-meta":{"desktop":{"background-color":"var(--ast-global-color-5)","background-image":"","background-repeat":"repeat","background-position":"center center","background-size":"auto","background-attachment":"scroll","background-type":"","background-media":"","overlay-type":"","overlay-color":"","overlay-opacity":"","overlay-gradient":""},"tablet":{"background-color":"var(--ast-global-color-5)","background-image":"","background-repeat":"repeat","background-position":"center center","background-size":"auto","background-attachment":"scroll","background-type":"","background-media":"","overlay-type":"","overlay-color":"","overlay-opacity":"","overlay-gradient":""},"mobile":{"background-color":"var(--ast-global-color-5)","background-image":"","background-repeat":"repeat","background-position":"center center","background-size":"auto","background-attachment":"scroll","background-type":"","background-media":"","overlay-type":"","overlay-color":"","overlay-opacity":"","overlay-gradient":""}},"footnotes":""},"product-category":[86,124],"product-tag":[],"class_list":["post-6309","product","type-product","status-publish","format-standard","has-post-thumbnail","hentry","product-category-charging-stations","product-category-tesla-charger"],"acf":[],"_links":{"self":[{"href":"https:\/\/www.mekeltech.com\/es\/wp-json\/wp\/v2\/product\/6309","targetHints":{"allow":["GET"]}}],"collection":[{"href":"https:\/\/www.mekeltech.com\/es\/wp-json\/wp\/v2\/product"}],"about":[{"href":"https:\/\/www.mekeltech.com\/es\/wp-json\/wp\/v2\/types\/product"}],"author":[{"embeddable":true,"href":"https:\/\/www.mekeltech.com\/es\/wp-json\/wp\/v2\/users\/5"}],"version-history":[{"count":16,"href":"https:\/\/www.mekeltech.com\/es\/wp-json\/wp\/v2\/product\/6309\/revisions"}],"predecessor-version":[{"id":8053,"href":"https:\/\/www.mekeltech.com\/es\/wp-json\/wp\/v2\/product\/6309\/revisions\/8053"}],"wp:featuredmedia":[{"embeddable":true,"href":"https:\/\/www.mekeltech.com\/es\/wp-json\/wp\/v2\/media\/6310"}],"wp:attachment":[{"href":"https:\/\/www.mekeltech.com\/es\/wp-json\/wp\/v2\/media?parent=6309"}],"wp:term":[{"taxonomy":"product-category","embeddable":true,"href":"https:\/\/www.mekeltech.com\/es\/wp-json\/wp\/v2\/product-category?post=6309"},{"taxonomy":"product-tag","embeddable":true,"href":"https:\/\/www.mekeltech.com\/es\/wp-json\/wp\/v2\/product-tag?post=6309"}],"curies":[{"name":"wp","href":"https:\/\/api.w.org\/{rel}","templated":true}]}}