{"id":6293,"date":"2025-08-19T14:11:01","date_gmt":"2025-08-19T06:11:01","guid":{"rendered":"https:\/\/www.mekeltech.com\/?post_type=product&#038;p=6293"},"modified":"2025-11-07T11:26:58","modified_gmt":"2025-11-07T03:26:58","slug":"mekel-7kw-charging-station-for-hyundai-electric-vehicles","status":"publish","type":"product","link":"https:\/\/www.mekeltech.com\/es\/product\/mekel-7kw-charging-station-for-hyundai-electric-vehicles\/","title":{"rendered":"Estaci\u00f3n de carga Mekel de 7 kW para veh\u00edculos el\u00e9ctricos Hyundai"},"content":{"rendered":"<div data-elementor-type=\"wp-post\" data-elementor-id=\"6293\" class=\"elementor elementor-6293\" data-elementor-post-type=\"product\">\n\t\t\t\t<div class=\"elementor-element elementor-element-4efdc9a2 e-flex e-con-boxed e-con e-parent\" data-id=\"4efdc9a2\" data-element_type=\"container\">\n\t\t\t\t\t<div class=\"e-con-inner\">\n\t\t\t\t<div class=\"elementor-element elementor-element-86027d2 elementor-widget elementor-widget-heading\" data-id=\"86027d2\" data-element_type=\"widget\" data-widget_type=\"heading.default\">\n\t\t\t\t<div class=\"elementor-widget-container\">\n\t\t\t\t\t<h2 class=\"elementor-heading-title elementor-size-default\">Dise\u00f1o fiable y f\u00e1cil de usar<\/h2>\t\t\t\t<\/div>\n\t\t\t\t<\/div>\n\t\t\t\t<div class=\"elementor-element elementor-element-1aee0b14 elementor-widget elementor-widget-text-editor\" data-id=\"1aee0b14\" data-element_type=\"widget\" data-widget_type=\"text-editor.default\">\n\t\t\t\t<div class=\"elementor-widget-container\">\n\t\t\t\t\t\t\t\t\t<p><strong>Estaci\u00f3n de carga de CA de 7 kW compacta y de alto rendimiento adaptada a los VE de Hyundai en entornos dom\u00e9sticos y de peque\u00f1as empresas:<\/strong> La estaci\u00f3n de carga Mekel de 7 kW para veh\u00edculos el\u00e9ctricos Hyundai es una soluci\u00f3n robusta que ahorra espacio y est\u00e1 dise\u00f1ada para integrarse perfectamente con todos los modelos de veh\u00edculos el\u00e9ctricos Hyundai, como el IONIQ 5, el IONIQ 6, el KONA el\u00e9ctrico y el SANTA FE h\u00edbrido enchufable. Perfecto para garajes residenciales, complejos de apartamentos o entornos comerciales ligeros, ofrece conectores compatibles con Hyundai como Tipo 2, CCS y NACS para una compatibilidad global. Conforme a las normas IEC 61851-1 e IEC 62196-2, este cargador garantiza una carga uniforme y de alta eficiencia optimizada para la sofisticada tecnolog\u00eda de bater\u00edas de Hyundai, lo que permite un suministro de energ\u00eda mejorado y una autonom\u00eda de conducci\u00f3n prolongada.<\/p>\t\t\t\t\t\t\t\t<\/div>\n\t\t\t\t<\/div>\n\t\t\t\t<div class=\"elementor-element elementor-element-18211e0 elementor-widget elementor-widget-heading\" data-id=\"18211e0\" data-element_type=\"widget\" data-widget_type=\"heading.default\">\n\t\t\t\t<div class=\"elementor-widget-container\">\n\t\t\t\t\t<h2 class=\"elementor-heading-title elementor-size-default\">Especificaciones t\u00e9cnicas de la estaci\u00f3n de carga de 7 kW para veh\u00edculos el\u00e9ctricos Hyundai<\/h2>\t\t\t\t<\/div>\n\t\t\t\t<\/div>\n\t\t\t\t<div class=\"elementor-element elementor-element-6f5c225 elementor-widget__width-initial elementor-widget elementor-widget-tablepress-table\" data-id=\"6f5c225\" data-element_type=\"widget\" data-widget_type=\"tablepress-table.default\">\n\t\t\t\t\t\n<table id=\"tablepress-23\" class=\"tablepress tablepress-id-23\">\n<tbody class=\"row-striping row-hover\">\n<tr class=\"row-1\">\n\t<td class=\"column-1\"><strong>Tensi\u00f3n de entrada\/salida<\/strong><\/td><td class=\"column-2\">230Vac +15%<\/td>\n<\/tr>\n<tr class=\"row-2\">\n\t<td class=\"column-1\"><strong>Corriente de carga m\u00e1xima<\/strong><\/td><td class=\"column-2\">32 A (ajustado a los requisitos de carga de nivel 2 de Hyundai) <\/td>\n<\/tr>\n<tr class=\"row-3\">\n\t<td class=\"column-1\"><strong>Frecuencia de funcionamiento<\/strong><\/td><td class=\"column-2\">50 Hz<\/td>\n<\/tr>\n<tr class=\"row-4\">\n\t<td class=\"column-1\"><strong>Temperatura de funcionamiento<\/strong><\/td><td class=\"column-2\">-25\u00b0C a +50\u00b0C<\/td>\n<\/tr>\n<tr class=\"row-5\">\n\t<td class=\"column-1\"><strong>Temperatura de almacenamiento<strong><\/td><td class=\"column-2\">-40\u00b0C a +60\u00b0C<\/td>\n<\/tr>\n<tr class=\"row-6\">\n\t<td class=\"column-1\"><strong>Clasificaci\u00f3n del recinto<strong><\/td><td class=\"column-2\">IP65(a prueba de polvo y resistente a chorros de agua, ideal para la carga de Hyundai en exteriores)  <\/td>\n<\/tr>\n<tr class=\"row-7\">\n\t<td class=\"column-1\"><strong>Opciones de instalaci\u00f3n<strong><\/td><td class=\"column-2\">Montaje vers\u00e1til en pared o pedestal <\/td>\n<\/tr>\n<tr class=\"row-8\">\n\t<td class=\"column-1\"><strong>Dimensiones<strong><\/td><td class=\"column-2\">186 mm x 354 mm x 111 mm <\/td>\n<\/tr>\n<tr class=\"row-9\">\n\t<td class=\"column-1\"><strong>Conectividad<strong><\/td><td class=\"column-2\">HCI Bluetooth, Wi-Fi y 4G <\/td>\n<\/tr>\n<tr class=\"row-10\">\n\t<td class=\"column-1\"><strong>Certificaci\u00f3n<strong><\/td><td class=\"column-2\">Conformidad CE<\/td>\n<\/tr>\n<\/tbody>\n<\/table>\n\t\t\t\t<\/div>\n\t\t\t\t<div class=\"elementor-element elementor-element-7ad9a17c elementor-widget__width-inherit elementor-widget elementor-widget-heading\" data-id=\"7ad9a17c\" data-element_type=\"widget\" data-widget_type=\"heading.default\">\n\t\t\t\t<div class=\"elementor-widget-container\">\n\t\t\t\t\t<h2 class=\"elementor-heading-title elementor-size-default\">Funciones de seguridad avanzadas<\/h2>\t\t\t\t<\/div>\n\t\t\t\t<\/div>\n\t\t\t\t<div class=\"elementor-element elementor-element-323125d7 elementor-widget elementor-widget-text-editor\" data-id=\"323125d7\" data-element_type=\"widget\" data-widget_type=\"text-editor.default\">\n\t\t\t\t<div class=\"elementor-widget-container\">\n\t\t\t\t\t\t\t\t\t<p>Adaptada a los propietarios de veh\u00edculos el\u00e9ctricos Hyundai, la estaci\u00f3n de carga de 7 kW para veh\u00edculos el\u00e9ctricos Hyundai incorpora un s\u00f3lido conjunto de mecanismos de protecci\u00f3n para garantizar la seguridad del veh\u00edculo:<\/p><ul><li>Protecciones contra sobretensi\u00f3n\/subtensi\u00f3n<\/li><li>Protecci\u00f3n contra sobrecorriente<\/li><li>Control de temperatura con apagado autom\u00e1tico (se activa a 80 \u00b0C y se reanuda a 60 \u00b0C)<\/li><li>Detecci\u00f3n de corriente de fuga<\/li><li>Sistema de seguridad de enlace de rel\u00e9s<\/li><li>Funci\u00f3n de parada de emergencia<\/li><\/ul>\t\t\t\t\t\t\t\t<\/div>\n\t\t\t\t<\/div>\n\t\t\t\t<div class=\"elementor-element elementor-element-5b959abc elementor-widget__width-inherit elementor-widget elementor-widget-heading\" data-id=\"5b959abc\" data-element_type=\"widget\" data-widget_type=\"heading.default\">\n\t\t\t\t<div class=\"elementor-widget-container\">\n\t\t\t\t\t<h2 class=\"elementor-heading-title elementor-size-default\">Modos de carga inteligentes para los VE de Hyundai<\/h2>\t\t\t\t<\/div>\n\t\t\t\t<\/div>\n\t\t\t\t<div class=\"elementor-element elementor-element-34c006 elementor-widget elementor-widget-text-editor\" data-id=\"34c006\" data-element_type=\"widget\" data-widget_type=\"text-editor.default\">\n\t\t\t\t<div class=\"elementor-widget-container\">\n\t\t\t\t\t\t\t\t\t<ul><li>Activaci\u00f3n de carga flexible (App o RFID)<\/li><li>Control t\u00e9rmico en tiempo real para proteger los sistemas de bater\u00edas de Hyundai<\/li><li>Ajuste din\u00e1mico de la corriente para adaptarse a las necesidades de potencia de Hyundai<\/li><li>Indicadores de estado de carga:<br \/><strong>Ocioso:<\/strong> Verde fijo<br \/><strong>Conectado:<\/strong> Verde intermitente<br \/><strong>Cargando:<\/strong> Azul intermitente<br \/><strong>Terminado:<\/strong> Azul fijo<br \/><strong>Fallo:<\/strong> Rojo intermitente con c\u00f3digos de error<\/li><\/ul>\t\t\t\t\t\t\t\t<\/div>\n\t\t\t\t<\/div>\n\t\t\t\t<div class=\"elementor-element elementor-element-6966b969 elementor-widget__width-inherit elementor-widget elementor-widget-heading\" data-id=\"6966b969\" data-element_type=\"widget\" data-widget_type=\"heading.default\">\n\t\t\t\t<div class=\"elementor-widget-container\">\n\t\t\t\t\t<h2 class=\"elementor-heading-title elementor-size-default\">Carga segura y sin esfuerzo para los veh\u00edculos el\u00e9ctricos de Hyundai<\/h2>\t\t\t\t<\/div>\n\t\t\t\t<\/div>\n\t\t\t\t<div class=\"elementor-element elementor-element-1d691e9b elementor-widget elementor-widget-text-editor\" data-id=\"1d691e9b\" data-element_type=\"widget\" data-widget_type=\"text-editor.default\">\n\t\t\t\t<div class=\"elementor-widget-container\">\n\t\t\t\t\t\t\t\t\t<p>Solo tiene que enchufar la estaci\u00f3n de carga de 7 kW para veh\u00edculos el\u00e9ctricos Hyundai a su veh\u00edculo el\u00e9ctrico Hyundai y autom\u00e1ticamente comenzar\u00e1 a suministrar energ\u00eda, adapt\u00e1ndose a las necesidades espec\u00edficas de su veh\u00edculo. Su sistema inteligente se sincroniza con aplicaciones compatibles, permitiendo a los propietarios de Hyundai controlar, pausar o detener la carga de forma remota, garantizando la facilidad de uso y un rendimiento \u00f3ptimo de la bater\u00eda con el m\u00ednimo esfuerzo.<\/p>\t\t\t\t\t\t\t\t<\/div>\n\t\t\t\t<\/div>\n\t\t\t\t<div class=\"elementor-element elementor-element-1ddabbac elementor-widget__width-inherit elementor-widget elementor-widget-heading\" data-id=\"1ddabbac\" data-element_type=\"widget\" data-widget_type=\"heading.default\">\n\t\t\t\t<div class=\"elementor-widget-container\">\n\t\t\t\t\t<h2 class=\"elementor-heading-title elementor-size-default\">F\u00e1cil configuraci\u00f3n y funcionamiento: enciende tu Hyundai<\/h2>\t\t\t\t<\/div>\n\t\t\t\t<\/div>\n\t\t\t\t<div class=\"elementor-element elementor-element-33f65ee elementor-widget elementor-widget-text-editor\" data-id=\"33f65ee\" data-element_type=\"widget\" data-widget_type=\"text-editor.default\">\n\t\t\t\t<div class=\"elementor-widget-container\">\n\t\t\t\t\t\t\t\t\t<p>Dise\u00f1ada para una instalaci\u00f3n sencilla, la estaci\u00f3n de carga de 7 kW es ideal para los conductores de veh\u00edculos el\u00e9ctricos Hyundai. Tanto si se instala en la pared de un garaje como en un pedestal independiente en el exterior, su carcasa resistente a la intemperie con clasificaci\u00f3n IP65 garantiza su durabilidad en cualquier entorno, al tiempo que mantiene el m\u00e1ximo rendimiento de carga.<\/p>\t\t\t\t\t\t\t\t<\/div>\n\t\t\t\t<\/div>\n\t\t\t\t<div class=\"elementor-element elementor-element-6265403 elementor-widget elementor-widget-heading\" data-id=\"6265403\" data-element_type=\"widget\" data-widget_type=\"heading.default\">\n\t\t\t\t<div class=\"elementor-widget-container\">\n\t\t\t\t\t<h2 class=\"elementor-heading-title elementor-size-default\">\u00bfPor qu\u00e9 elegir la estaci\u00f3n de carga Mekel de 7 kW para su VE Hyundai?<\/h2>\t\t\t\t<\/div>\n\t\t\t\t<\/div>\n\t\t\t\t<div class=\"elementor-element elementor-element-6766460 elementor-widget elementor-widget-text-editor\" data-id=\"6766460\" data-element_type=\"widget\" data-widget_type=\"text-editor.default\">\n\t\t\t\t<div class=\"elementor-widget-container\">\n\t\t\t\t\t\t\t\t\t<ul><li>Seguridad certificada: Funciones de protecci\u00f3n integrales para una carga fiable y diaria de los VE de Hyundai.<\/li><li>Conectividad inteligente: Enlaza con la app \"Homelife\" para control remoto, mejorando las funciones conectadas de Hyundai.<\/li><li>Dise\u00f1o minimalista: Sin pantalla, sin complejidad: una soluci\u00f3n fiable y f\u00e1cil de usar para la carga dom\u00e9stica de Hyundai.<\/li><\/ul>\t\t\t\t\t\t\t\t<\/div>\n\t\t\t\t<\/div>\n\t\t\t\t\t<\/div>\n\t\t\t\t<\/div>\n\t\t\t\t<\/div>","protected":false},"excerpt":{"rendered":"<p>Dependable &amp; User-Friendly Design Compact, High-Performance AC 7kW Charging Station Tailored for Hyundai EVs in Home and Small Business Environments: The Mekel 7kW Charging Station for Hyundai Electric Vehicle is a robust, space-saving solution crafted for seamless integration with all Hyundai electric vehicle models, such as the IONIQ 5, IONIQ 6, KONA Electric, and SANTA [&hellip;]<\/p>","protected":false},"author":5,"featured_media":6294,"menu_order":0,"template":"","format":"standard","meta":{"_acf_changed":false,"site-sidebar-layout":"no-sidebar","site-content-layout":"page-builder","ast-site-content-layout":"full-width-container","site-content-style":"default","site-sidebar-style":"default","ast-global-header-display":"","ast-banner-title-visibility":"","ast-main-header-display":"","ast-hfb-above-header-display":"","ast-hfb-below-header-display":"","ast-hfb-mobile-header-display":"","site-post-title":"disabled","ast-breadcrumbs-content":"","ast-featured-img":"disabled","footer-sml-layout":"","ast-disable-related-posts":"","theme-transparent-header-meta":"","adv-header-id-meta":"","stick-header-meta":"","header-above-stick-meta":"","header-main-stick-meta":"","header-below-stick-meta":"","astra-migrate-meta-layouts":"set","ast-page-background-enabled":"default","ast-page-background-meta":{"desktop":{"background-color":"","background-image":"","background-repeat":"repeat","background-position":"center center","background-size":"auto","background-attachment":"scroll","background-type":"","background-media":"","overlay-type":"","overlay-color":"","overlay-opacity":"","overlay-gradient":""},"tablet":{"background-color":"","background-image":"","background-repeat":"repeat","background-position":"center center","background-size":"auto","background-attachment":"scroll","background-type":"","background-media":"","overlay-type":"","overlay-color":"","overlay-opacity":"","overlay-gradient":""},"mobile":{"background-color":"","background-image":"","background-repeat":"repeat","background-position":"center center","background-size":"auto","background-attachment":"scroll","background-type":"","background-media":"","overlay-type":"","overlay-color":"","overlay-opacity":"","overlay-gradient":""}},"ast-content-background-meta":{"desktop":{"background-color":"var(--ast-global-color-5)","background-image":"","background-repeat":"repeat","background-position":"center center","background-size":"auto","background-attachment":"scroll","background-type":"","background-media":"","overlay-type":"","overlay-color":"","overlay-opacity":"","overlay-gradient":""},"tablet":{"background-color":"var(--ast-global-color-5)","background-image":"","background-repeat":"repeat","background-position":"center center","background-size":"auto","background-attachment":"scroll","background-type":"","background-media":"","overlay-type":"","overlay-color":"","overlay-opacity":"","overlay-gradient":""},"mobile":{"background-color":"var(--ast-global-color-5)","background-image":"","background-repeat":"repeat","background-position":"center center","background-size":"auto","background-attachment":"scroll","background-type":"","background-media":"","overlay-type":"","overlay-color":"","overlay-opacity":"","overlay-gradient":""}},"footnotes":""},"product-category":[86,125],"product-tag":[],"class_list":["post-6293","product","type-product","status-publish","format-standard","has-post-thumbnail","hentry","product-category-charging-stations","product-category-hyundai-charger"],"acf":[],"_links":{"self":[{"href":"https:\/\/www.mekeltech.com\/es\/wp-json\/wp\/v2\/product\/6293","targetHints":{"allow":["GET"]}}],"collection":[{"href":"https:\/\/www.mekeltech.com\/es\/wp-json\/wp\/v2\/product"}],"about":[{"href":"https:\/\/www.mekeltech.com\/es\/wp-json\/wp\/v2\/types\/product"}],"author":[{"embeddable":true,"href":"https:\/\/www.mekeltech.com\/es\/wp-json\/wp\/v2\/users\/5"}],"version-history":[{"count":22,"href":"https:\/\/www.mekeltech.com\/es\/wp-json\/wp\/v2\/product\/6293\/revisions"}],"predecessor-version":[{"id":6804,"href":"https:\/\/www.mekeltech.com\/es\/wp-json\/wp\/v2\/product\/6293\/revisions\/6804"}],"wp:featuredmedia":[{"embeddable":true,"href":"https:\/\/www.mekeltech.com\/es\/wp-json\/wp\/v2\/media\/6294"}],"wp:attachment":[{"href":"https:\/\/www.mekeltech.com\/es\/wp-json\/wp\/v2\/media?parent=6293"}],"wp:term":[{"taxonomy":"product-category","embeddable":true,"href":"https:\/\/www.mekeltech.com\/es\/wp-json\/wp\/v2\/product-category?post=6293"},{"taxonomy":"product-tag","embeddable":true,"href":"https:\/\/www.mekeltech.com\/es\/wp-json\/wp\/v2\/product-tag?post=6293"}],"curies":[{"name":"wp","href":"https:\/\/api.w.org\/{rel}","templated":true}]}}