{"id":6076,"date":"2025-08-18T11:11:25","date_gmt":"2025-08-18T03:11:25","guid":{"rendered":"https:\/\/www.mekeltech.com\/?post_type=product&#038;p=6076"},"modified":"2025-11-07T11:28:03","modified_gmt":"2025-11-07T03:28:03","slug":"mekel-7-22kw-series-charging-station-for-bmw-evs","status":"publish","type":"product","link":"https:\/\/www.mekeltech.com\/es\/product\/mekel-7-22kw-series-charging-station-for-bmw-evs\/","title":{"rendered":"Estaci\u00f3n de carga en serie Mekel 7-22kW para VE BMW"},"content":{"rendered":"<div data-elementor-type=\"wp-post\" data-elementor-id=\"6076\" class=\"elementor elementor-6076\" data-elementor-post-type=\"product\">\n\t\t\t\t<div class=\"elementor-element elementor-element-2d6be227 e-flex e-con-boxed e-con e-parent\" data-id=\"2d6be227\" data-element_type=\"container\">\n\t\t\t\t\t<div class=\"e-con-inner\">\n\t\t\t\t<div class=\"elementor-element elementor-element-37021bfc elementor-widget__width-inherit elementor-widget elementor-widget-heading\" data-id=\"37021bfc\" data-element_type=\"widget\" data-widget_type=\"heading.default\">\n\t\t\t\t<div class=\"elementor-widget-container\">\n\t\t\t\t\t<h2 class=\"elementor-heading-title elementor-size-default\">Seguro, eficiente y adaptado a los VE de BMW<\/h2>\t\t\t\t<\/div>\n\t\t\t\t<\/div>\n\t\t\t\t<div class=\"elementor-element elementor-element-e8dbb4d elementor-widget elementor-widget-text-editor\" data-id=\"e8dbb4d\" data-element_type=\"widget\" data-widget_type=\"text-editor.default\">\n\t\t\t\t<div class=\"elementor-widget-container\">\n\t\t\t\t\t\t\t\t\t<p><strong>Carga compacta y fiable para propietarios de BMW en hogares y complejos residenciales:<\/strong> La estaci\u00f3n de carga de la serie 7-22kW de Mekel para BMW EV es una soluci\u00f3n elegante y de alto rendimiento dise\u00f1ada para una compatibilidad perfecta con los veh\u00edculos el\u00e9ctricos BMW, incluidos modelos como el i4, iX, i7 e iX2. Dise\u00f1ado para garajes dom\u00e9sticos, complejos de apartamentos o peque\u00f1os establecimientos comerciales, cuenta con conectores de tipo 2 compatibles con BMW (con opciones de tipo 1 y NACS disponibles para mercados internacionales). Conforme a las normas IEC 61851-1, IEC 61851-21-2, UL 2231 y UL 2594, este cargador garantiza una carga fiable y eficiente adaptada a los avanzados sistemas de bater\u00edas de BMW, optimizando el suministro de energ\u00eda y permitiendo una mayor autonom\u00eda.<\/p>\t\t\t\t\t\t\t\t<\/div>\n\t\t\t\t<\/div>\n\t\t\t\t<div class=\"elementor-element elementor-element-04405c5 elementor-widget elementor-widget-heading\" data-id=\"04405c5\" data-element_type=\"widget\" data-widget_type=\"heading.default\">\n\t\t\t\t<div class=\"elementor-widget-container\">\n\t\t\t\t\t<h2 class=\"elementor-heading-title elementor-size-default\">Especificaciones t\u00e9cnicas de la estaci\u00f3n de carga serie 7-22kW<\/h2>\t\t\t\t<\/div>\n\t\t\t\t<\/div>\n\t\t\t\t<div class=\"elementor-element elementor-element-fc7e180 elementor-widget__width-initial elementor-widget elementor-widget-tablepress-table\" data-id=\"fc7e180\" data-element_type=\"widget\" data-widget_type=\"tablepress-table.default\">\n\t\t\t\t\t\n<table id=\"tablepress-21\" class=\"tablepress tablepress-id-21\">\n<tbody class=\"row-striping row-hover\">\n<tr class=\"row-1\">\n\t<td class=\"column-1\"><strong>Tensi\u00f3n de entrada\/salida<\/strong><\/td><td class=\"column-2\">230Vac +15%<\/td>\n<\/tr>\n<tr class=\"row-2\">\n\t<td class=\"column-1\"><strong>Corriente de carga m\u00e1xima<\/strong><\/td><td class=\"column-2\">32A<\/td>\n<\/tr>\n<tr class=\"row-3\">\n\t<td class=\"column-1\"><strong>Frecuencia de funcionamiento<\/strong><\/td><td class=\"column-2\">50-60Hz<\/td>\n<\/tr>\n<tr class=\"row-4\">\n\t<td class=\"column-1\"><strong>Temperatura de funcionamiento<\/strong><\/td><td class=\"column-2\">-20\u00b0C a +50\u00b0C<\/td>\n<\/tr>\n<tr class=\"row-5\">\n\t<td class=\"column-1\"><strong>Temperatura de almacenamiento<strong><\/td><td class=\"column-2\">-45\u00b0C a +60\u00b0C<\/td>\n<\/tr>\n<tr class=\"row-6\">\n\t<td class=\"column-1\"><strong>Clasificaci\u00f3n del recinto<strong><\/td><td class=\"column-2\">IP55 (estaci\u00f3n de carga resistente a la intemperie para uso en exteriores)<\/td>\n<\/tr>\n<tr class=\"row-7\">\n\t<td class=\"column-1\"><strong>Instalaci\u00f3n<strong><\/td><td class=\"column-2\">Montaje flexible en pared o en pedestal<\/td>\n<\/tr>\n<tr class=\"row-8\">\n\t<td class=\"column-1\"><strong>Dimensiones<strong><\/td><td class=\"column-2\">196 mm x 320 mm x 97 mm<\/td>\n<\/tr>\n<tr class=\"row-9\">\n\t<td class=\"column-1\"><strong>Conectividad<strong><\/td><td class=\"column-2\">HCI Bluetooth, Wi-Fi y 4G (para la integraci\u00f3n con el ecosistema de aplicaciones de VinFast)<\/td>\n<\/tr>\n<tr class=\"row-10\">\n\t<td class=\"column-1\"><strong>Certificaci\u00f3n<strong><\/td><td class=\"column-2\">Conformidad CE<\/td>\n<\/tr>\n<\/tbody>\n<\/table>\n\t\t\t\t<\/div>\n\t\t\t\t<div class=\"elementor-element elementor-element-4aedccb elementor-widget elementor-widget-heading\" data-id=\"4aedccb\" data-element_type=\"widget\" data-widget_type=\"heading.default\">\n\t\t\t\t<div class=\"elementor-widget-container\">\n\t\t\t\t\t<h2 class=\"elementor-heading-title elementor-size-default\">Funciones de seguridad multicapa integradas<\/h2>\t\t\t\t<\/div>\n\t\t\t\t<\/div>\n\t\t\t\t<div class=\"elementor-element elementor-element-ed497b1 elementor-widget elementor-widget-text-editor\" data-id=\"ed497b1\" data-element_type=\"widget\" data-widget_type=\"text-editor.default\">\n\t\t\t\t<div class=\"elementor-widget-container\">\n\t\t\t\t\t\t\t\t\t<p>Dise\u00f1ado pensando en los propietarios de veh\u00edculos el\u00e9ctricos BMW, el cargador incluye s\u00f3lidas protecciones para proteger su veh\u00edculo:<\/p><ul><li>Protecci\u00f3n contra sobretensi\u00f3n\/subtensi\u00f3n<\/li><li>Limitaci\u00f3n de sobreintensidad<\/li><li>Protecci\u00f3n contra corriente de fuga<\/li><\/ul>\t\t\t\t\t\t\t\t<\/div>\n\t\t\t\t<\/div>\n\t\t\t\t<div class=\"elementor-element elementor-element-ecabdd2 elementor-widget elementor-widget-heading\" data-id=\"ecabdd2\" data-element_type=\"widget\" data-widget_type=\"heading.default\">\n\t\t\t\t<div class=\"elementor-widget-container\">\n\t\t\t\t\t<h2 class=\"elementor-heading-title elementor-size-default\">Carga segura y sin esfuerzo para los veh\u00edculos el\u00e9ctricos BMW<\/h2>\t\t\t\t<\/div>\n\t\t\t\t<\/div>\n\t\t\t\t<div class=\"elementor-element elementor-element-b003b34 elementor-widget elementor-widget-text-editor\" data-id=\"b003b34\" data-element_type=\"widget\" data-widget_type=\"text-editor.default\">\n\t\t\t\t<div class=\"elementor-widget-container\">\n\t\t\t\t\t\t\t\t\t<p>Basta con conectar la estaci\u00f3n de carga de la serie 7-22kW a tu BMW EV para que inicie autom\u00e1ticamente el suministro de energ\u00eda, adapt\u00e1ndose a las necesidades espec\u00edficas de tu veh\u00edculo. El sistema inteligente integrado se sincroniza con la aplicaci\u00f3n \"Homelife\", lo que permite a los propietarios de BMW supervisar, programar o pausar de forma remota las sesiones de carga, garantizando la comodidad y el rendimiento \u00f3ptimo de la bater\u00eda con el m\u00ednimo esfuerzo.<\/p>\t\t\t\t\t\t\t\t<\/div>\n\t\t\t\t<\/div>\n\t\t\t\t<div class=\"elementor-element elementor-element-4ab37f3 elementor-widget elementor-widget-heading\" data-id=\"4ab37f3\" data-element_type=\"widget\" data-widget_type=\"heading.default\">\n\t\t\t\t<div class=\"elementor-widget-container\">\n\t\t\t\t\t<h2 class=\"elementor-heading-title elementor-size-default\">Instalaci\u00f3n r\u00e1pida y funcionamiento fiable para propietarios de BMW<\/h2>\t\t\t\t<\/div>\n\t\t\t\t<\/div>\n\t\t\t\t<div class=\"elementor-element elementor-element-3099ee4 elementor-widget elementor-widget-text-editor\" data-id=\"3099ee4\" data-element_type=\"widget\" data-widget_type=\"text-editor.default\">\n\t\t\t\t<div class=\"elementor-widget-container\">\n\t\t\t\t\t\t\t\t\t<p>Nuestras estaciones de carga de la serie 7-22kW est\u00e1n dise\u00f1adas para una instalaci\u00f3n r\u00e1pida y sin complicaciones, perfecta para los entusiastas de BMW. Ya sea montada en la pared de su garaje o instalada como pedestal en el exterior, su carcasa resistente a la intemperie con clasificaci\u00f3n IP55 garantiza la durabilidad sin comprometer la eficiencia de la carga, lo que la convierte en la opci\u00f3n ideal para la carga diaria de veh\u00edculos el\u00e9ctricos BMW.<\/p>\t\t\t\t\t\t\t\t<\/div>\n\t\t\t\t<\/div>\n\t\t\t\t<div class=\"elementor-element elementor-element-10d4d85 elementor-widget elementor-widget-heading\" data-id=\"10d4d85\" data-element_type=\"widget\" data-widget_type=\"heading.default\">\n\t\t\t\t<div class=\"elementor-widget-container\">\n\t\t\t\t\t<h2 class=\"elementor-heading-title elementor-size-default\">\u00bfPor qu\u00e9 elegir una estaci\u00f3n de carga de serie de 7-22 kW para veh\u00edculos el\u00e9ctricos BMW?<\/h2>\t\t\t\t<\/div>\n\t\t\t\t<\/div>\n\t\t\t\t<div class=\"elementor-element elementor-element-b8faed9 elementor-widget elementor-widget-text-editor\" data-id=\"b8faed9\" data-element_type=\"widget\" data-widget_type=\"text-editor.default\">\n\t\t\t\t<div class=\"elementor-widget-container\">\n\t\t\t\t\t\t\t\t\t<ul><li><b><\/b><strong>Seguridad certificada para estaciones de carga<\/strong>: Las protecciones integrales garantizan una carga segura y fiable para los sofisticados sistemas EV de BMW.<\/li><li><b><\/b><strong><b>Dise\u00f1o minimalista compatible con BMW<\/b><\/strong>: El funcionamiento sin pantalla combina a la perfecci\u00f3n con la elegante est\u00e9tica de BMW, perfecto para cargar en casa.<\/li><li><b><\/b><strong><b>Conectividad inteligente<\/b><\/strong>: La aplicaci\u00f3n \"Homelife\" complementa a BMW ConnectedDrive, ofreciendo control remoto y optimizaci\u00f3n de la carga.<\/li><\/ul>\t\t\t\t\t\t\t\t<\/div>\n\t\t\t\t<\/div>\n\t\t\t\t<div class=\"elementor-element elementor-element-63435266 elementor-widget__width-inherit elementor-widget elementor-widget-heading\" data-id=\"63435266\" data-element_type=\"widget\" data-widget_type=\"heading.default\">\n\t\t\t\t<div class=\"elementor-widget-container\">\n\t\t\t\t\t<h2 class=\"elementor-heading-title elementor-size-default\">PREGUNTAS FRECUENTES<\/h2>\t\t\t\t<\/div>\n\t\t\t\t<\/div>\n\t\t\t\t<div class=\"elementor-element elementor-element-30d54b36 elementor-widget elementor-widget-n-accordion\" data-id=\"30d54b36\" data-element_type=\"widget\" data-settings=\"{&quot;default_state&quot;:&quot;expanded&quot;,&quot;max_items_expended&quot;:&quot;one&quot;,&quot;n_accordion_animation_duration&quot;:{&quot;unit&quot;:&quot;ms&quot;,&quot;size&quot;:400,&quot;sizes&quot;:[]}}\" data-widget_type=\"nested-accordion.default\">\n\t\t\t\t<div class=\"elementor-widget-container\">\n\t\t\t\t\t\t\t<div class=\"e-n-accordion\" aria-label=\"Acorde\u00f3n. Abra los enlaces con Intro o Espacio, ci\u00e9rrelos con Escape y navegue con las teclas de flecha.\">\n\t\t\t\t\t\t<details id=\"e-n-accordion-item-8190\" class=\"e-n-accordion-item\" open>\n\t\t\t\t<summary class=\"e-n-accordion-item-title\" data-accordion-index=\"1\" tabindex=\"0\" aria-expanded=\"true\" aria-controls=\"e-n-accordion-item-8190\" >\n\t\t\t\t\t<span class='e-n-accordion-item-title-header'><div class=\"e-n-accordion-item-title-text\"> \u00bfCu\u00e1nto tarda una estaci\u00f3n de carga de la serie 7-22kW en cargar un BMW EV con los cargadores Mekel? <\/div><\/span>\n\t\t\t\t\t\t\t<span class='e-n-accordion-item-title-icon'>\n\t\t\t<span class='e-opened' ><svg aria-hidden=\"true\" class=\"e-font-icon-svg e-fas-minus\" viewbox=\"0 0 448 512\" xmlns=\"http:\/\/www.w3.org\/2000\/svg\"><path d=\"M416 208H32c-17.67 0-32 14.33-32 32v32c0 17.67 14.33 32 32 32h384c17.67 0 32-14.33 32-32v-32c0-17.67-14.33-32-32-32z\"><\/path><\/svg><\/span>\n\t\t\t<span class='e-closed'><svg aria-hidden=\"true\" class=\"e-font-icon-svg e-fas-plus\" viewbox=\"0 0 448 512\" xmlns=\"http:\/\/www.w3.org\/2000\/svg\"><path d=\"M416 208H272V64c0-17.67-14.33-32-32-32h-32c-17.67 0-32 14.33-32 32v144H32c-17.67 0-32 14.33-32 32v32c0 17.67 14.33 32 32 32h144v144c0 17.67 14.33 32 32 32h32c17.67 0 32-14.33 32-32V304h144c17.67 0 32-14.33 32-32v-32c0-17.67-14.33-32-32-32z\"><\/path><\/svg><\/span>\n\t\t<\/span>\n\n\t\t\t\t\t\t<\/summary>\n\t\t\t\t<div role=\"region\" aria-labelledby=\"e-n-accordion-item-8190\" class=\"elementor-element elementor-element-1764f8f1 e-con-full e-flex e-con e-child\" data-id=\"1764f8f1\" data-element_type=\"container\">\n\t\t\t\t<div class=\"elementor-element elementor-element-11ea3029 elementor-widget__width-inherit elementor-widget elementor-widget-text-editor\" data-id=\"11ea3029\" data-element_type=\"widget\" data-widget_type=\"text-editor.default\">\n\t\t\t\t<div class=\"elementor-widget-container\">\n\t\t\t\t\t\t\t\t\t<p>La estaci\u00f3n de carga de la serie 7-22kW para VE de BMW suele cargar completamente los VE de BMW, como el i4 o el iX, en unas 8 horas, lo que la hace ideal para la carga nocturna en casas o complejos de apartamentos.<\/p>\t\t\t\t\t\t\t\t<\/div>\n\t\t\t\t<\/div>\n\t\t\t\t<\/div>\n\t\t\t\t\t<\/details>\n\t\t\t\t\t\t<details id=\"e-n-accordion-item-8191\" class=\"e-n-accordion-item\" >\n\t\t\t\t<summary class=\"e-n-accordion-item-title\" data-accordion-index=\"2\" tabindex=\"-1\" aria-expanded=\"false\" aria-controls=\"e-n-accordion-item-8191\" >\n\t\t\t\t\t<span class='e-n-accordion-item-title-header'><div class=\"e-n-accordion-item-title-text\"> \u00bfC\u00f3mo puedo elegir entre los modelos de cargador b\u00e1sico e inteligente para mi BMW EV? <\/div><\/span>\n\t\t\t\t\t\t\t<span class='e-n-accordion-item-title-icon'>\n\t\t\t<span class='e-opened' ><svg aria-hidden=\"true\" class=\"e-font-icon-svg e-fas-minus\" viewbox=\"0 0 448 512\" xmlns=\"http:\/\/www.w3.org\/2000\/svg\"><path d=\"M416 208H32c-17.67 0-32 14.33-32 32v32c0 17.67 14.33 32 32 32h384c17.67 0 32-14.33 32-32v-32c0-17.67-14.33-32-32-32z\"><\/path><\/svg><\/span>\n\t\t\t<span class='e-closed'><svg aria-hidden=\"true\" class=\"e-font-icon-svg e-fas-plus\" viewbox=\"0 0 448 512\" xmlns=\"http:\/\/www.w3.org\/2000\/svg\"><path d=\"M416 208H272V64c0-17.67-14.33-32-32-32h-32c-17.67 0-32 14.33-32 32v144H32c-17.67 0-32 14.33-32 32v32c0 17.67 14.33 32 32 32h144v144c0 17.67 14.33 32 32 32h32c17.67 0 32-14.33 32-32V304h144c17.67 0 32-14.33 32-32v-32c0-17.67-14.33-32-32-32z\"><\/path><\/svg><\/span>\n\t\t<\/span>\n\n\t\t\t\t\t\t<\/summary>\n\t\t\t\t<div role=\"region\" aria-labelledby=\"e-n-accordion-item-8191\" class=\"elementor-element elementor-element-6d6b92a e-con-full e-flex e-con e-child\" data-id=\"6d6b92a\" data-element_type=\"container\">\n\t\t\t\t<div class=\"elementor-element elementor-element-12066cb6 elementor-widget__width-inherit elementor-widget elementor-widget-text-editor\" data-id=\"12066cb6\" data-element_type=\"widget\" data-widget_type=\"text-editor.default\">\n\t\t\t\t<div class=\"elementor-widget-container\">\n\t\t\t\t\t\t\t\t\t<p>Los modelos b\u00e1sicos son adecuados para los propietarios de BMW en zonas con tarifas el\u00e9ctricas constantes, ya que ofrecen una sencilla funcionalidad plug-and-play. Los cargadores inteligentes ofrecen funciones avanzadas como el seguimiento de la energ\u00eda, el control remoto a trav\u00e9s de la aplicaci\u00f3n \"Homelife\" y la programaci\u00f3n fuera de horas punta, ideales para conductores de BMW que buscan un mayor control o aplicaciones comerciales.<\/p>\t\t\t\t\t\t\t\t<\/div>\n\t\t\t\t<\/div>\n\t\t\t\t<\/div>\n\t\t\t\t\t<\/details>\n\t\t\t\t\t\t<details id=\"e-n-accordion-item-8192\" class=\"e-n-accordion-item\" >\n\t\t\t\t<summary class=\"e-n-accordion-item-title\" data-accordion-index=\"3\" tabindex=\"-1\" aria-expanded=\"false\" aria-controls=\"e-n-accordion-item-8192\" >\n\t\t\t\t\t<span class='e-n-accordion-item-title-header'><div class=\"e-n-accordion-item-title-text\">  \u00bfSon adecuadas las estaciones de carga de la serie 7-22kW de Mekel para el uso diario del BMW EV? <\/div><\/span>\n\t\t\t\t\t\t\t<span class='e-n-accordion-item-title-icon'>\n\t\t\t<span class='e-opened' ><svg aria-hidden=\"true\" class=\"e-font-icon-svg e-fas-minus\" viewbox=\"0 0 448 512\" xmlns=\"http:\/\/www.w3.org\/2000\/svg\"><path d=\"M416 208H32c-17.67 0-32 14.33-32 32v32c0 17.67 14.33 32 32 32h384c17.67 0 32-14.33 32-32v-32c0-17.67-14.33-32-32-32z\"><\/path><\/svg><\/span>\n\t\t\t<span class='e-closed'><svg aria-hidden=\"true\" class=\"e-font-icon-svg e-fas-plus\" viewbox=\"0 0 448 512\" xmlns=\"http:\/\/www.w3.org\/2000\/svg\"><path d=\"M416 208H272V64c0-17.67-14.33-32-32-32h-32c-17.67 0-32 14.33-32 32v144H32c-17.67 0-32 14.33-32 32v32c0 17.67 14.33 32 32 32h144v144c0 17.67 14.33 32 32 32h32c17.67 0 32-14.33 32-32V304h144c17.67 0 32-14.33 32-32v-32c0-17.67-14.33-32-32-32z\"><\/path><\/svg><\/span>\n\t\t<\/span>\n\n\t\t\t\t\t\t<\/summary>\n\t\t\t\t<div role=\"region\" aria-labelledby=\"e-n-accordion-item-8192\" class=\"elementor-element elementor-element-7671a948 e-con-full e-flex e-con e-child\" data-id=\"7671a948\" data-element_type=\"container\">\n\t\t\t\t<div class=\"elementor-element elementor-element-100dc179 elementor-widget__width-inherit elementor-widget elementor-widget-text-editor\" data-id=\"100dc179\" data-element_type=\"widget\" data-widget_type=\"text-editor.default\">\n\t\t\t\t<div class=\"elementor-widget-container\">\n\t\t\t\t\t\t\t\t\t<p>S\u00ed, las estaciones de carga Mekel de la serie 7-22kW para veh\u00edculos el\u00e9ctricos BMW est\u00e1n fabricadas para ofrecer durabilidad y una carga diaria constante de veh\u00edculos el\u00e9ctricos BMW, siempre que su sistema el\u00e9ctrico est\u00e9 configurado e instalado correctamente.<\/p>\t\t\t\t\t\t\t\t<\/div>\n\t\t\t\t<\/div>\n\t\t\t\t<\/div>\n\t\t\t\t\t<\/details>\n\t\t\t\t\t<\/div>\n\t\t\t\t\t\t<\/div>\n\t\t\t\t<\/div>\n\t\t\t\t\t<\/div>\n\t\t\t\t<\/div>\n\t\t\t\t<\/div>","protected":false},"excerpt":{"rendered":"<p>Safe, Efficient &amp; Tailored for BMW EVs Compact and Reliable Charging for BMW Owners in Homes and Residential Complexes: Mekel\u2019s 7-22kW Series Charging Station for BMW EV is a sleek, high-performance solution crafted for seamless compatibility with BMW electric vehicles, including models like the i4, iX, i7, and iX2. Designed for home garages, apartment complexes, [&hellip;]<\/p>","protected":false},"author":5,"featured_media":6081,"menu_order":0,"template":"","format":"standard","meta":{"_acf_changed":false,"site-sidebar-layout":"no-sidebar","site-content-layout":"page-builder","ast-site-content-layout":"full-width-container","site-content-style":"default","site-sidebar-style":"default","ast-global-header-display":"","ast-banner-title-visibility":"","ast-main-header-display":"","ast-hfb-above-header-display":"","ast-hfb-below-header-display":"","ast-hfb-mobile-header-display":"","site-post-title":"disabled","ast-breadcrumbs-content":"","ast-featured-img":"disabled","footer-sml-layout":"","ast-disable-related-posts":"","theme-transparent-header-meta":"","adv-header-id-meta":"","stick-header-meta":"","header-above-stick-meta":"","header-main-stick-meta":"","header-below-stick-meta":"","astra-migrate-meta-layouts":"set","ast-page-background-enabled":"default","ast-page-background-meta":{"desktop":{"background-color":"","background-image":"","background-repeat":"repeat","background-position":"center center","background-size":"auto","background-attachment":"scroll","background-type":"","background-media":"","overlay-type":"","overlay-color":"","overlay-opacity":"","overlay-gradient":""},"tablet":{"background-color":"","background-image":"","background-repeat":"repeat","background-position":"center center","background-size":"auto","background-attachment":"scroll","background-type":"","background-media":"","overlay-type":"","overlay-color":"","overlay-opacity":"","overlay-gradient":""},"mobile":{"background-color":"","background-image":"","background-repeat":"repeat","background-position":"center center","background-size":"auto","background-attachment":"scroll","background-type":"","background-media":"","overlay-type":"","overlay-color":"","overlay-opacity":"","overlay-gradient":""}},"ast-content-background-meta":{"desktop":{"background-color":"var(--ast-global-color-5)","background-image":"","background-repeat":"repeat","background-position":"center center","background-size":"auto","background-attachment":"scroll","background-type":"","background-media":"","overlay-type":"","overlay-color":"","overlay-opacity":"","overlay-gradient":""},"tablet":{"background-color":"var(--ast-global-color-5)","background-image":"","background-repeat":"repeat","background-position":"center center","background-size":"auto","background-attachment":"scroll","background-type":"","background-media":"","overlay-type":"","overlay-color":"","overlay-opacity":"","overlay-gradient":""},"mobile":{"background-color":"var(--ast-global-color-5)","background-image":"","background-repeat":"repeat","background-position":"center center","background-size":"auto","background-attachment":"scroll","background-type":"","background-media":"","overlay-type":"","overlay-color":"","overlay-opacity":"","overlay-gradient":""}},"footnotes":""},"product-category":[128,86],"product-tag":[],"class_list":["post-6076","product","type-product","status-publish","format-standard","has-post-thumbnail","hentry","product-category-bmw-charger","product-category-charging-stations"],"acf":[],"_links":{"self":[{"href":"https:\/\/www.mekeltech.com\/es\/wp-json\/wp\/v2\/product\/6076","targetHints":{"allow":["GET"]}}],"collection":[{"href":"https:\/\/www.mekeltech.com\/es\/wp-json\/wp\/v2\/product"}],"about":[{"href":"https:\/\/www.mekeltech.com\/es\/wp-json\/wp\/v2\/types\/product"}],"author":[{"embeddable":true,"href":"https:\/\/www.mekeltech.com\/es\/wp-json\/wp\/v2\/users\/5"}],"version-history":[{"count":35,"href":"https:\/\/www.mekeltech.com\/es\/wp-json\/wp\/v2\/product\/6076\/revisions"}],"predecessor-version":[{"id":7150,"href":"https:\/\/www.mekeltech.com\/es\/wp-json\/wp\/v2\/product\/6076\/revisions\/7150"}],"wp:featuredmedia":[{"embeddable":true,"href":"https:\/\/www.mekeltech.com\/es\/wp-json\/wp\/v2\/media\/6081"}],"wp:attachment":[{"href":"https:\/\/www.mekeltech.com\/es\/wp-json\/wp\/v2\/media?parent=6076"}],"wp:term":[{"taxonomy":"product-category","embeddable":true,"href":"https:\/\/www.mekeltech.com\/es\/wp-json\/wp\/v2\/product-category?post=6076"},{"taxonomy":"product-tag","embeddable":true,"href":"https:\/\/www.mekeltech.com\/es\/wp-json\/wp\/v2\/product-tag?post=6076"}],"curies":[{"name":"wp","href":"https:\/\/api.w.org\/{rel}","templated":true}]}}