{"id":5322,"date":"2025-07-20T17:03:39","date_gmt":"2025-07-20T09:03:39","guid":{"rendered":"https:\/\/www.mekeltech.com\/?post_type=product&#038;p=5322"},"modified":"2025-11-07T11:30:03","modified_gmt":"2025-11-07T03:30:03","slug":"7kw-bolt-series-ev-charging-station","status":"publish","type":"product","link":"https:\/\/www.mekeltech.com\/es\/product\/7kw-bolt-series-ev-charging-station\/","title":{"rendered":"Estaci\u00f3n de carga de CA para veh\u00edculos el\u00e9ctricos Bolt Series de 7 kW"},"content":{"rendered":"<div data-elementor-type=\"wp-post\" data-elementor-id=\"5322\" class=\"elementor elementor-5322\" data-elementor-post-type=\"product\">\n\t\t\t\t<div class=\"elementor-element elementor-element-4c283dd6 e-flex e-con-boxed e-con e-parent\" data-id=\"4c283dd6\" data-element_type=\"container\">\n\t\t\t\t\t<div class=\"e-con-inner\">\n\t\t\t\t<div class=\"elementor-element elementor-element-9bd4d94 elementor-widget elementor-widget-heading\" data-id=\"9bd4d94\" data-element_type=\"widget\" data-widget_type=\"heading.default\">\n\t\t\t\t<div class=\"elementor-widget-container\">\n\t\t\t\t\t<h2 class=\"elementor-heading-title elementor-size-default\">Introducci\u00f3n a la estaci\u00f3n de carga de CA para veh\u00edculos el\u00e9ctricos de la serie Bolt de 7 kW<\/h2>\t\t\t\t<\/div>\n\t\t\t\t<\/div>\n\t\t\t\t<div class=\"elementor-element elementor-element-59ea24b elementor-widget elementor-widget-text-editor\" data-id=\"59ea24b\" data-element_type=\"widget\" data-widget_type=\"text-editor.default\">\n\t\t\t\t<div class=\"elementor-widget-container\">\n\t\t\t\t\t\t\t\t\t<p>La estaci\u00f3n de carga para veh\u00edculos el\u00e9ctricos Bolt Series de 7 kW est\u00e1 dise\u00f1ada para conductores que buscan una soluci\u00f3n fiable, eficiente y f\u00e1cil de usar tanto para la carga de veh\u00edculos el\u00e9ctricos residenciales como para la carga de veh\u00edculos el\u00e9ctricos comerciales ligeros. Este compacto cargador de CA para veh\u00edculos el\u00e9ctricos combina un alto rendimiento con una conectividad inteligente, ofreciendo una integraci\u00f3n perfecta en garajes dom\u00e9sticos, complejos de apartamentos e instalaciones de peque\u00f1as empresas. Con opciones flexibles de instalaci\u00f3n en pared o en pedestal, garantiza la comodidad para cualquier configuraci\u00f3n. Dise\u00f1ada para ofrecer durabilidad y seguridad, la serie Bolt proporciona un rendimiento de carga constante para una amplia gama de veh\u00edculos el\u00e9ctricos, lo que la convierte en la opci\u00f3n ideal para una carga diaria sostenible y sin complicaciones.<\/p>\t\t\t\t\t\t\t\t<\/div>\n\t\t\t\t<\/div>\n\t\t\t\t<div class=\"elementor-element elementor-element-27ddf955 elementor-widget__width-inherit elementor-widget elementor-widget-heading\" data-id=\"27ddf955\" data-element_type=\"widget\" data-widget_type=\"heading.default\">\n\t\t\t\t<div class=\"elementor-widget-container\">\n\t\t\t\t\t<h2 class=\"elementor-heading-title elementor-size-default\">Estaci\u00f3n de carga para veh\u00edculos el\u00e9ctricos de la serie Bolt de 7 kW para uso residencial y comercial ligero<\/h2>\t\t\t\t<\/div>\n\t\t\t\t<\/div>\n\t\t\t\t<div class=\"elementor-element elementor-element-7a01444a elementor-widget elementor-widget-text-editor\" data-id=\"7a01444a\" data-element_type=\"widget\" data-widget_type=\"text-editor.default\">\n\t\t\t\t<div class=\"elementor-widget-container\">\n\t\t\t\t\t\t\t\t\t<p>Esta estaci\u00f3n de carga para veh\u00edculos el\u00e9ctricos de la serie Bolt de 7 kW es un cargador potente y compacto dise\u00f1ado para la carga de veh\u00edculos el\u00e9ctricos dom\u00e9sticos y aplicaciones comerciales ligeras. Equipada con conectores de tipo 2 (NACS y GBT tambi\u00e9n disponibles) y conforme a las normas IEC 61851-1 e IEC 62196-2, garantiza un rendimiento de carga fiable y seguridad en todos los mercados mundiales. La estaci\u00f3n de carga para veh\u00edculos el\u00e9ctricos de la serie Bolt de 7 kW para uso residencial y comercial ligero est\u00e1 dise\u00f1ada para satisfacer las necesidades de los usuarios cotidianos, proporcionando un suministro el\u00e9ctrico estable para varios modelos de veh\u00edculos el\u00e9ctricos y manteniendo al mismo tiempo un dise\u00f1o elegante que ahorra espacio.<\/p>\t\t\t\t\t\t\t\t<\/div>\n\t\t\t\t<\/div>\n\t\t\t\t<div class=\"elementor-element elementor-element-de8f08d elementor-widget__width-initial elementor-widget elementor-widget-image\" data-id=\"de8f08d\" data-element_type=\"widget\" data-widget_type=\"image.default\">\n\t\t\t\t<div class=\"elementor-widget-container\">\n\t\t\t\t\t\t\t\t\t\t\t\t\t\t\t<img fetchpriority=\"high\" decoding=\"async\" width=\"2560\" height=\"2560\" src=\"https:\/\/www.mekeltech.com\/wp-content\/uploads\/2025\/07\/Features-scaled.webp\" class=\"attachment-full size-full wp-image-5293\" alt=\"Colores de la estaci\u00f3n de carga Bolt Series de 7 kW\" srcset=\"https:\/\/www.mekeltech.com\/wp-content\/uploads\/2025\/07\/Features-scaled.webp 2560w, https:\/\/www.mekeltech.com\/wp-content\/uploads\/2025\/07\/Features-300x300.webp 300w, https:\/\/www.mekeltech.com\/wp-content\/uploads\/2025\/07\/Features-1024x1024.webp 1024w, https:\/\/www.mekeltech.com\/wp-content\/uploads\/2025\/07\/Features-150x150.webp 150w, https:\/\/www.mekeltech.com\/wp-content\/uploads\/2025\/07\/Features-768x768.webp 768w, https:\/\/www.mekeltech.com\/wp-content\/uploads\/2025\/07\/Features-1536x1536.webp 1536w, https:\/\/www.mekeltech.com\/wp-content\/uploads\/2025\/07\/Features-2048x2048.webp 2048w, https:\/\/www.mekeltech.com\/wp-content\/uploads\/2025\/07\/Features-12x12.webp 12w\" sizes=\"(max-width: 2560px) 100vw, 2560px\" \/>\t\t\t\t\t\t\t\t\t\t\t\t\t\t\t<\/div>\n\t\t\t\t<\/div>\n\t\t\t\t<div class=\"elementor-element elementor-element-5bbeaee7 elementor-widget__width-inherit elementor-widget elementor-widget-heading\" data-id=\"5bbeaee7\" data-element_type=\"widget\" data-widget_type=\"heading.default\">\n\t\t\t\t<div class=\"elementor-widget-container\">\n\t\t\t\t\t<h2 class=\"elementor-heading-title elementor-size-default\">Especificaciones t\u00e9cnicas clave de <span>Estaci\u00f3n de carga para veh\u00edculos el\u00e9ctricos Bolt Series de 7 kW<\/span><span><\/span><br><\/h2>\t\t\t\t<\/div>\n\t\t\t\t<\/div>\n\t\t\t\t<div class=\"elementor-element elementor-element-6ed10e9 elementor-widget__width-inherit elementor-widget elementor-widget-shortcode\" data-id=\"6ed10e9\" data-element_type=\"widget\" data-widget_type=\"shortcode.default\">\n\t\t\t\t<div class=\"elementor-widget-container\">\n\t\t\t\t\t\t\t<div class=\"elementor-shortcode\">\n<table id=\"tablepress-16\" class=\"tablepress tablepress-id-16\">\n<tbody class=\"row-striping row-hover\">\n<tr class=\"row-1\">\n\t<td class=\"column-1\"><b>Tensi\u00f3n de entrada\/salida<\/b><\/td><td class=\"column-2\">230Vac \u00b115%<\/td>\n<\/tr>\n<tr class=\"row-2\">\n\t<td class=\"column-1\"><b>Corriente de carga m\u00e1xima<\/b><\/td><td class=\"column-2\">32A<\/td>\n<\/tr>\n<tr class=\"row-3\">\n\t<td class=\"column-1\"><b>Frecuencia de funcionamiento<\/b><\/td><td class=\"column-2\">50 Hz<\/td>\n<\/tr>\n<tr class=\"row-4\">\n\t<td class=\"column-1\"><b>Temperatura de funcionamiento<\/b><\/td><td class=\"column-2\">-25\u00b0C a +50\u00b0C<\/td>\n<\/tr>\n<tr class=\"row-5\">\n\t<td class=\"column-1\"><b>Temperatura de almacenamiento<\/b><\/td><td class=\"column-2\">-40\u00b0C a +60\u00b0C<\/td>\n<\/tr>\n<tr class=\"row-6\">\n\t<td class=\"column-1\"><b>Clasificaci\u00f3n del recinto<\/b><\/td><td class=\"column-2\">IP65 (estanco al polvo y protegido contra chorros de agua)<\/td>\n<\/tr>\n<tr class=\"row-7\">\n\t<td class=\"column-1\"><b>Instalaci\u00f3n<\/b><\/td><td class=\"column-2\">Montaje flexible en pared o en pedestal<\/td>\n<\/tr>\n<tr class=\"row-8\">\n\t<td class=\"column-1\"><b>Dimensiones<\/b><\/td><td class=\"column-2\">186 mm x 354 mm x 111 mm<\/td>\n<\/tr>\n<tr class=\"row-9\">\n\t<td class=\"column-1\"><b>Comunicaci\u00f3n<\/b><\/td><td class=\"column-2\">HCI Bluetooth \/ Wi-Fi \/ 4G<\/td>\n<\/tr>\n<tr class=\"row-10\">\n\t<td class=\"column-1\"><b>Certificaci\u00f3n<\/b><\/td><td class=\"column-2\">Conformidad CE<\/td>\n<\/tr>\n<\/tbody>\n<\/table>\n<\/div>\n\t\t\t\t\t\t<\/div>\n\t\t\t\t<\/div>\n\t\t\t\t<div class=\"elementor-element elementor-element-1f68b3b1 elementor-widget__width-inherit elementor-widget elementor-widget-heading\" data-id=\"1f68b3b1\" data-element_type=\"widget\" data-widget_type=\"heading.default\">\n\t\t\t\t<div class=\"elementor-widget-container\">\n\t\t\t\t\t<h2 class=\"elementor-heading-title elementor-size-default\">Funciones de seguridad multicapa integradas<\/h2>\t\t\t\t<\/div>\n\t\t\t\t<\/div>\n\t\t\t\t<div class=\"elementor-element elementor-element-fdade0c elementor-widget elementor-widget-text-editor\" data-id=\"fdade0c\" data-element_type=\"widget\" data-widget_type=\"text-editor.default\">\n\t\t\t\t<div class=\"elementor-widget-container\">\n\t\t\t\t\t\t\t\t\t<p data-start=\"2973\" data-end=\"3100\">El cargador para veh\u00edculos el\u00e9ctricos Bolt Series de 7 kW integra m\u00faltiples protecciones de seguridad para garantizar una carga estable y segura en todo momento:<\/p><ul><li data-start=\"3103\" data-end=\"3134\">Protecci\u00f3n contra sobretensi\u00f3n\/subtensi\u00f3n<\/li><li data-start=\"3137\" data-end=\"3159\">Limitaci\u00f3n de sobreintensidad<\/li><li data-start=\"3162\" data-end=\"3231\">Control de la temperatura en tiempo real con desconexi\u00f3n y recuperaci\u00f3n autom\u00e1ticas<\/li><li data-start=\"3234\" data-end=\"3262\">Protecci\u00f3n contra corriente de fuga<\/li><li data-start=\"3265\" data-end=\"3295\">Circuito de seguridad de conexi\u00f3n de rel\u00e9s<\/li><li data-start=\"3298\" data-end=\"3340\">Bot\u00f3n de parada de emergencia para un apagado r\u00e1pido<\/li><\/ul><p data-start=\"3342\" data-end=\"3438\">Estas caracter\u00edsticas la convierten en una de las estaciones de carga para veh\u00edculos el\u00e9ctricos dom\u00e9sticos m\u00e1s fiables para el uso diario.<\/p>\t\t\t\t\t\t\t\t<\/div>\n\t\t\t\t<\/div>\n\t\t\t\t<div class=\"elementor-element elementor-element-3914d2e3 elementor-widget__width-inherit elementor-widget elementor-widget-heading\" data-id=\"3914d2e3\" data-element_type=\"widget\" data-widget_type=\"heading.default\">\n\t\t\t\t<div class=\"elementor-widget-container\">\n\t\t\t\t\t<h2 class=\"elementor-heading-title elementor-size-default\">Modos operativos inteligentes <\/h2>\t\t\t\t<\/div>\n\t\t\t\t<\/div>\n\t\t\t\t<div class=\"elementor-element elementor-element-68287f7f elementor-widget elementor-widget-text-editor\" data-id=\"68287f7f\" data-element_type=\"widget\" data-widget_type=\"text-editor.default\">\n\t\t\t\t<div class=\"elementor-widget-container\">\n\t\t\t\t\t\t\t\t\t<p data-start=\"3479\" data-end=\"3777\">La estaci\u00f3n de carga para veh\u00edculos el\u00e9ctricos Bolt Series de 7 kW admite varias opciones de inicio de carga, como el control mediante aplicaci\u00f3n m\u00f3vil y la autenticaci\u00f3n RFID. La supervisi\u00f3n de la temperatura en tiempo real y la salida de corriente adaptable garantizan la eficiencia y la seguridad. Los claros indicadores LED muestran el estado de carga de un vistazo:<\/p><ul><li data-start=\"3780\" data-end=\"3799\">Ralent\u00ed: Verde fijo<\/li><li data-start=\"3802\" data-end=\"3827\">Enchufe: Verde intermitente<\/li><li data-start=\"3830\" data-end=\"3855\">Cargando: Azul intermitente<\/li><li data-start=\"3858\" data-end=\"3880\">Completo: S\u00f3lido azul<\/li><li data-start=\"3883\" data-end=\"3926\">Error: Rojo intermitente con c\u00f3digos de diagn\u00f3stico<\/li><\/ul>\t\t\t\t\t\t\t\t<\/div>\n\t\t\t\t<\/div>\n\t\t\t\t<div class=\"elementor-element elementor-element-2cfbc15a elementor-widget__width-inherit elementor-widget elementor-widget-heading\" data-id=\"2cfbc15a\" data-element_type=\"widget\" data-widget_type=\"heading.default\">\n\t\t\t\t<div class=\"elementor-widget-container\">\n\t\t\t\t\t<h2 class=\"elementor-heading-title elementor-size-default\">Proceso de carga sencillo y seguro de <span>Estaci\u00f3n de carga para veh\u00edculos el\u00e9ctricos Bolt Series de 7 kW<\/span><span><\/span><br><\/h2>\t\t\t\t<\/div>\n\t\t\t\t<\/div>\n\t\t\t\t<div class=\"elementor-element elementor-element-731a2499 elementor-widget elementor-widget-text-editor\" data-id=\"731a2499\" data-element_type=\"widget\" data-widget_type=\"text-editor.default\">\n\t\t\t\t<div class=\"elementor-widget-container\">\n\t\t\t\t\t\t\t\t\t<p>Una vez conectada a su veh\u00edculo el\u00e9ctrico, la estaci\u00f3n de carga para veh\u00edculos el\u00e9ctricos Bolt Series de 7 kW comienza a suministrar energ\u00eda autom\u00e1ticamente. Los usuarios pueden supervisar, pausar o detener la carga a distancia mediante una aplicaci\u00f3n compatible, lo que reduce la manipulaci\u00f3n manual y aumenta la comodidad.<\/p>\t\t\t\t\t\t\t\t<\/div>\n\t\t\t\t<\/div>\n\t\t\t\t<div class=\"elementor-element elementor-element-b6120fa elementor-widget__width-inherit elementor-widget elementor-widget-heading\" data-id=\"b6120fa\" data-element_type=\"widget\" data-widget_type=\"heading.default\">\n\t\t\t\t<div class=\"elementor-widget-container\">\n\t\t\t\t\t<h2 class=\"elementor-heading-title elementor-size-default\">Instalaci\u00f3n y funcionamiento <span>- Enchufe y alimentaci\u00f3n<\/span><span><\/span><br><\/h2>\t\t\t\t<\/div>\n\t\t\t\t<\/div>\n\t\t\t\t<div class=\"elementor-element elementor-element-eb00a85 elementor-widget elementor-widget-text-editor\" data-id=\"eb00a85\" data-element_type=\"widget\" data-widget_type=\"text-editor.default\">\n\t\t\t\t<div class=\"elementor-widget-container\">\n\t\t\t\t\t\t\t\t\t<p data-start=\"4269\" data-end=\"4510\">La estaci\u00f3n de carga para veh\u00edculos el\u00e9ctricos Bolt Series de 7 kW est\u00e1 dise\u00f1ada para una instalaci\u00f3n r\u00e1pida y sencilla. Tanto para montaje en pared como en pedestal, su carcasa resistente a la intemperie garantiza la durabilidad en entornos exteriores sin comprometer el rendimiento.<\/p>\t\t\t\t\t\t\t\t<\/div>\n\t\t\t\t<\/div>\n\t\t\t\t<div class=\"elementor-element elementor-element-33f6a2aa elementor-widget__width-inherit elementor-widget elementor-widget-heading\" data-id=\"33f6a2aa\" data-element_type=\"widget\" data-widget_type=\"heading.default\">\n\t\t\t\t<div class=\"elementor-widget-container\">\n\t\t\t\t\t<h2 class=\"elementor-heading-title elementor-size-default\">\u00bfPor qu\u00e9 elegir la estaci\u00f3n de carga para veh\u00edculos el\u00e9ctricos Bolt Series de 7 kW?<\/h2>\t\t\t\t<\/div>\n\t\t\t\t<\/div>\n\t\t\t\t<div class=\"elementor-element elementor-element-964621e elementor-widget elementor-widget-text-editor\" data-id=\"964621e\" data-element_type=\"widget\" data-widget_type=\"text-editor.default\">\n\t\t\t\t<div class=\"elementor-widget-container\">\n\t\t\t\t\t\t\t\t\t<ul><li data-start=\"4558\" data-end=\"4654\"><strong data-start=\"4558\" data-end=\"4579\">Seguridad certificada:<\/strong> Totalmente equipado con mecanismos de protecci\u00f3n avanzados para un uso diario seguro.<\/li><li data-start=\"4657\" data-end=\"4739\"><strong data-start=\"4657\" data-end=\"4679\">Smart App Control:<\/strong> Gesti\u00f3n remota sin fisuras a trav\u00e9s de la aplicaci\u00f3n m\u00f3vil \"Homelife\".<\/li><li data-start=\"4742\" data-end=\"4837\"><strong data-start=\"4742\" data-end=\"4764\">Dise\u00f1o minimalista:<\/strong> Sin pantalla para reducir el mantenimiento, ideal para entornos residenciales.<\/li><\/ul>\t\t\t\t\t\t\t\t<\/div>\n\t\t\t\t<\/div>\n\t\t\t\t\t<\/div>\n\t\t\t\t<\/div>\n\t\t\t\t<\/div>","protected":false},"excerpt":{"rendered":"<p>Introduction to 7kW Bolt Series AC EV Charging Station The 7kW Bolt Series EV Charging Station is designed for drivers seeking a reliable, efficient, and user-friendly solution for both residential EV charging and light commercial EV charging. This compact AC EV charger combines high performance with smart connectivity, offering seamless integration into home garages, apartment [&hellip;]<\/p>","protected":false},"author":4,"featured_media":5398,"menu_order":0,"template":"","format":"standard","meta":{"_acf_changed":false,"site-sidebar-layout":"default","site-content-layout":"page-builder","ast-site-content-layout":"default","site-content-style":"default","site-sidebar-style":"default","ast-global-header-display":"","ast-banner-title-visibility":"","ast-main-header-display":"","ast-hfb-above-header-display":"","ast-hfb-below-header-display":"","ast-hfb-mobile-header-display":"","site-post-title":"disabled","ast-breadcrumbs-content":"","ast-featured-img":"disabled","footer-sml-layout":"","ast-disable-related-posts":"","theme-transparent-header-meta":"","adv-header-id-meta":"","stick-header-meta":"","header-above-stick-meta":"","header-main-stick-meta":"","header-below-stick-meta":"","astra-migrate-meta-layouts":"set","ast-page-background-enabled":"default","ast-page-background-meta":{"desktop":{"background-color":"","background-image":"","background-repeat":"repeat","background-position":"center center","background-size":"auto","background-attachment":"scroll","background-type":"","background-media":"","overlay-type":"","overlay-color":"","overlay-opacity":"","overlay-gradient":""},"tablet":{"background-color":"","background-image":"","background-repeat":"repeat","background-position":"center center","background-size":"auto","background-attachment":"scroll","background-type":"","background-media":"","overlay-type":"","overlay-color":"","overlay-opacity":"","overlay-gradient":""},"mobile":{"background-color":"","background-image":"","background-repeat":"repeat","background-position":"center center","background-size":"auto","background-attachment":"scroll","background-type":"","background-media":"","overlay-type":"","overlay-color":"","overlay-opacity":"","overlay-gradient":""}},"ast-content-background-meta":{"desktop":{"background-color":"var(--ast-global-color-5)","background-image":"","background-repeat":"repeat","background-position":"center center","background-size":"auto","background-attachment":"scroll","background-type":"","background-media":"","overlay-type":"","overlay-color":"","overlay-opacity":"","overlay-gradient":""},"tablet":{"background-color":"var(--ast-global-color-5)","background-image":"","background-repeat":"repeat","background-position":"center center","background-size":"auto","background-attachment":"scroll","background-type":"","background-media":"","overlay-type":"","overlay-color":"","overlay-opacity":"","overlay-gradient":""},"mobile":{"background-color":"var(--ast-global-color-5)","background-image":"","background-repeat":"repeat","background-position":"center center","background-size":"auto","background-attachment":"scroll","background-type":"","background-media":"","overlay-type":"","overlay-color":"","overlay-opacity":"","overlay-gradient":""}},"footnotes":""},"product-category":[116,86],"product-tag":[],"class_list":["post-5322","product","type-product","status-publish","format-standard","has-post-thumbnail","hentry","product-category-ac-charging-station","product-category-charging-stations"],"acf":[],"_links":{"self":[{"href":"https:\/\/www.mekeltech.com\/es\/wp-json\/wp\/v2\/product\/5322","targetHints":{"allow":["GET"]}}],"collection":[{"href":"https:\/\/www.mekeltech.com\/es\/wp-json\/wp\/v2\/product"}],"about":[{"href":"https:\/\/www.mekeltech.com\/es\/wp-json\/wp\/v2\/types\/product"}],"author":[{"embeddable":true,"href":"https:\/\/www.mekeltech.com\/es\/wp-json\/wp\/v2\/users\/4"}],"version-history":[{"count":23,"href":"https:\/\/www.mekeltech.com\/es\/wp-json\/wp\/v2\/product\/5322\/revisions"}],"predecessor-version":[{"id":7819,"href":"https:\/\/www.mekeltech.com\/es\/wp-json\/wp\/v2\/product\/5322\/revisions\/7819"}],"wp:featuredmedia":[{"embeddable":true,"href":"https:\/\/www.mekeltech.com\/es\/wp-json\/wp\/v2\/media\/5398"}],"wp:attachment":[{"href":"https:\/\/www.mekeltech.com\/es\/wp-json\/wp\/v2\/media?parent=5322"}],"wp:term":[{"taxonomy":"product-category","embeddable":true,"href":"https:\/\/www.mekeltech.com\/es\/wp-json\/wp\/v2\/product-category?post=5322"},{"taxonomy":"product-tag","embeddable":true,"href":"https:\/\/www.mekeltech.com\/es\/wp-json\/wp\/v2\/product-tag?post=5322"}],"curies":[{"name":"wp","href":"https:\/\/api.w.org\/{rel}","templated":true}]}}