{"id":5310,"date":"2025-07-20T16:55:24","date_gmt":"2025-07-20T08:55:24","guid":{"rendered":"https:\/\/www.mekeltech.com\/?post_type=product&#038;p=5310"},"modified":"2025-11-07T11:35:24","modified_gmt":"2025-11-07T03:35:24","slug":"7kw-pulse-series-ev-charging-station","status":"publish","type":"product","link":"https:\/\/www.mekeltech.com\/es\/product\/7kw-pulse-series-ev-charging-station\/","title":{"rendered":"Estaci\u00f3n de carga para veh\u00edculos el\u00e9ctricos Pulse Series AC de 7 kW"},"content":{"rendered":"<div data-elementor-type=\"wp-post\" data-elementor-id=\"5310\" class=\"elementor elementor-5310\" data-elementor-post-type=\"product\">\n\t\t\t\t<div class=\"elementor-element elementor-element-47391fed e-flex e-con-boxed e-con e-parent\" data-id=\"47391fed\" data-element_type=\"container\">\n\t\t\t\t\t<div class=\"e-con-inner\">\n\t\t\t\t<div class=\"elementor-element elementor-element-81a621d elementor-widget elementor-widget-heading\" data-id=\"81a621d\" data-element_type=\"widget\" data-widget_type=\"heading.default\">\n\t\t\t\t<div class=\"elementor-widget-container\">\n\t\t\t\t\t<h2 class=\"elementor-heading-title elementor-size-default\">Introducci\u00f3n a la estaci\u00f3n de carga para veh\u00edculos el\u00e9ctricos Pulse Series de 7 kW<\/h2>\t\t\t\t<\/div>\n\t\t\t\t<\/div>\n\t\t\t\t<div class=\"elementor-element elementor-element-01ece3f elementor-widget elementor-widget-text-editor\" data-id=\"01ece3f\" data-element_type=\"widget\" data-widget_type=\"text-editor.default\">\n\t\t\t\t<div class=\"elementor-widget-container\">\n\t\t\t\t\t\t\t\t\t<p data-start=\"582\" data-end=\"1333\">La estaci\u00f3n de carga para veh\u00edculos el\u00e9ctricos Mekel 7kW Pulse Series es una soluci\u00f3n avanzada de carga dom\u00e9stica y residencial dise\u00f1ada para propietarios de veh\u00edculos el\u00e9ctricos que buscan eficiencia, seguridad y comodidad. La estaci\u00f3n de carga para veh\u00edculos el\u00e9ctricos Pulse Series de 7 kW ofrece un rendimiento constante tanto en interiores como en exteriores, por lo que es perfecta para garajes dom\u00e9sticos, complejos de apartamentos y peque\u00f1as instalaciones comerciales.<br data-start=\"970\" data-end=\"973\" \/>Con opciones de instalaci\u00f3n flexibles, compatibilidad con conectores de tipo 2, tipo 1 y NACS, y cumplimiento de las normas de seguridad internacionales, la serie Pulse garantiza una carga fiable de veh\u00edculos el\u00e9ctricos para una amplia gama de modelos de VE. Dise\u00f1ada con un perfil elegante que ahorra espacio, ofrece una experiencia de carga de alta calidad para las necesidades modernas de e-movilidad.<\/p>\t\t\t\t\t\t\t\t<\/div>\n\t\t\t\t<\/div>\n\t\t\t\t<div class=\"elementor-element elementor-element-15cfc62 elementor-widget__width-inherit elementor-widget elementor-widget-heading\" data-id=\"15cfc62\" data-element_type=\"widget\" data-widget_type=\"heading.default\">\n\t\t\t\t<div class=\"elementor-widget-container\">\n\t\t\t\t\t<h2 class=\"elementor-heading-title elementor-size-default\">Estaci\u00f3n de carga para veh\u00edculos el\u00e9ctricos de la serie Pulse de 7 kW para viviendas y complejos residenciales<\/h2>\t\t\t\t<\/div>\n\t\t\t\t<\/div>\n\t\t\t\t<div class=\"elementor-element elementor-element-54a05936 elementor-widget elementor-widget-text-editor\" data-id=\"54a05936\" data-element_type=\"widget\" data-widget_type=\"text-editor.default\">\n\t\t\t\t<div class=\"elementor-widget-container\">\n\t\t\t\t\t\t\t\t\t<p data-start=\"1413\" data-end=\"2036\">La estaci\u00f3n de carga para veh\u00edculos el\u00e9ctricos Pulse Series de 7 kW de Mekel es ideal para entornos de carga compactos, desde garajes privados hasta plazas de aparcamiento compartidas en edificios residenciales. Dise\u00f1ada para cumplir las normas mundiales de seguridad y rendimiento como IEC 61851-1, IEC 61851-21-2, UL 2231 y UL 2594, ofrece tranquilidad para la carga diaria de veh\u00edculos el\u00e9ctricos.<br data-start=\"1765\" data-end=\"1768\" \/>La unidad admite varias opciones de conectores de carga (Tipo 2, Tipo 1 y NACS), lo que la hace compatible con una amplia gama de marcas de veh\u00edculos el\u00e9ctricos. Su carcasa con clasificaci\u00f3n IP55 garantiza un funcionamiento fiable incluso en condiciones meteorol\u00f3gicas adversas, lo que permite su uso tanto en interiores como en exteriores.<\/p>\t\t\t\t\t\t\t\t<\/div>\n\t\t\t\t<\/div>\n\t\t\t\t<div class=\"elementor-element elementor-element-3f9703da elementor-widget__width-inherit elementor-widget elementor-widget-heading\" data-id=\"3f9703da\" data-element_type=\"widget\" data-widget_type=\"heading.default\">\n\t\t\t\t<div class=\"elementor-widget-container\">\n\t\t\t\t\t<h2 class=\"elementor-heading-title elementor-size-default\">Especificaciones t\u00e9cnicas clave de la estaci\u00f3n de carga para veh\u00edculos el\u00e9ctricos Pulse Series de 7 kW<\/h2>\t\t\t\t<\/div>\n\t\t\t\t<\/div>\n\t\t\t\t<div class=\"elementor-element elementor-element-1b55473a elementor-widget__width-inherit elementor-widget elementor-widget-shortcode\" data-id=\"1b55473a\" data-element_type=\"widget\" data-widget_type=\"shortcode.default\">\n\t\t\t\t<div class=\"elementor-widget-container\">\n\t\t\t\t\t\t\t<div class=\"elementor-shortcode\">\n<table id=\"tablepress-15\" class=\"tablepress tablepress-id-15\">\n<tbody class=\"row-striping row-hover\">\n<tr class=\"row-1\">\n\t<td class=\"column-1\"><b>Tensi\u00f3n de entrada\/salida<\/b><\/td><td class=\"column-2\">230Vac \u00b115%<\/td>\n<\/tr>\n<tr class=\"row-2\">\n\t<td class=\"column-1\"><b>Corriente de carga m\u00e1xima<\/b><\/td><td class=\"column-2\">32A<\/td>\n<\/tr>\n<tr class=\"row-3\">\n\t<td class=\"column-1\"><b>Frecuencia de funcionamiento<\/b><\/td><td class=\"column-2\">50-60Hz<\/td>\n<\/tr>\n<tr class=\"row-4\">\n\t<td class=\"column-1\"><b>Temperatura de funcionamiento<\/b><\/td><td class=\"column-2\">-20\u00b0C a +50\u00b0C<\/td>\n<\/tr>\n<tr class=\"row-5\">\n\t<td class=\"column-1\"><b>Temperatura de almacenamiento<\/b><\/td><td class=\"column-2\">-45\u00b0C a +60\u00b0C<\/td>\n<\/tr>\n<tr class=\"row-6\">\n\t<td class=\"column-1\"><b>Clasificaci\u00f3n del recinto<\/b><\/td><td class=\"column-2\">IP55 (estanco al polvo y protegido contra chorros de agua)<\/td>\n<\/tr>\n<tr class=\"row-7\">\n\t<td class=\"column-1\"><b>Instalaci\u00f3n<\/b><\/td><td class=\"column-2\">Montaje flexible en pared o en pedestal<\/td>\n<\/tr>\n<tr class=\"row-8\">\n\t<td class=\"column-1\"><b>Dimensiones<\/b><\/td><td class=\"column-2\">196 mm x 320 mm x 97 mm<\/td>\n<\/tr>\n<tr class=\"row-9\">\n\t<td class=\"column-1\"><b>Comunicaci\u00f3n<\/b><\/td><td class=\"column-2\">HCI Bluetooth \/ Wi-Fi \/ 4G<\/td>\n<\/tr>\n<tr class=\"row-10\">\n\t<td class=\"column-1\"><b>Certificaci\u00f3n<\/b><\/td><td class=\"column-2\">Conformidad CE<\/td>\n<\/tr>\n<\/tbody>\n<\/table>\n<\/div>\n\t\t\t\t\t\t<\/div>\n\t\t\t\t<\/div>\n\t\t\t\t<div class=\"elementor-element elementor-element-26e33b52 elementor-widget__width-inherit elementor-widget elementor-widget-heading\" data-id=\"26e33b52\" data-element_type=\"widget\" data-widget_type=\"heading.default\">\n\t\t\t\t<div class=\"elementor-widget-container\">\n\t\t\t\t\t<h2 class=\"elementor-heading-title elementor-size-default\">Funciones de seguridad multicapa integradas<\/h2>\t\t\t\t<\/div>\n\t\t\t\t<\/div>\n\t\t\t\t<div class=\"elementor-element elementor-element-73aa4f6e elementor-widget elementor-widget-text-editor\" data-id=\"73aa4f6e\" data-element_type=\"widget\" data-widget_type=\"text-editor.default\">\n\t\t\t\t<div class=\"elementor-widget-container\">\n\t\t\t\t\t\t\t\t\t<p data-start=\"2530\" data-end=\"2675\">La estaci\u00f3n de carga para veh\u00edculos el\u00e9ctricos Pulse Series de 7 kW incorpora m\u00faltiples sistemas de protecci\u00f3n para salvaguardar tanto el veh\u00edculo como la red el\u00e9ctrica. Entre sus caracter\u00edsticas se incluyen:<\/p><ul><li data-start=\"2678\" data-end=\"2709\">Protecci\u00f3n contra sobretensi\u00f3n\/subtensi\u00f3n<\/li><li data-start=\"2712\" data-end=\"2734\">Limitaci\u00f3n de sobreintensidad<\/li><li data-start=\"2737\" data-end=\"2765\">Protecci\u00f3n contra corriente de fuga<\/li><\/ul><p data-start=\"2767\" data-end=\"2892\">Estas medidas de seguridad garantizan sesiones de carga estables, minimizando los riesgos y maximizando la fiabilidad a largo plazo para el uso diario.<\/p>\t\t\t\t\t\t\t\t<\/div>\n\t\t\t\t<\/div>\n\t\t\t\t<div class=\"elementor-element elementor-element-50c43177 elementor-widget__width-inherit elementor-widget elementor-widget-heading\" data-id=\"50c43177\" data-element_type=\"widget\" data-widget_type=\"heading.default\">\n\t\t\t\t<div class=\"elementor-widget-container\">\n\t\t\t\t\t<h2 class=\"elementor-heading-title elementor-size-default\">Carga segura y sin esfuerzo <\/h2>\t\t\t\t<\/div>\n\t\t\t\t<\/div>\n\t\t\t\t<div class=\"elementor-element elementor-element-1cad065e elementor-widget elementor-widget-text-editor\" data-id=\"1cad065e\" data-element_type=\"widget\" data-widget_type=\"text-editor.default\">\n\t\t\t\t<div class=\"elementor-widget-container\">\n\t\t\t\t\t\t\t\t\t<p>Con su dise\u00f1o plug-and-play, la estaci\u00f3n de carga para veh\u00edculos el\u00e9ctricos Pulse Series de 7 kW inicia autom\u00e1ticamente la carga una vez conectada a un veh\u00edculo compatible. La conectividad inteligente integrada permite el funcionamiento remoto a trav\u00e9s de aplicaciones mediante Bluetooth, Wi-Fi o 4G, lo que ofrece a los usuarios el control de las sesiones de carga en cualquier momento y lugar. De este modo, el control, la programaci\u00f3n y la gesti\u00f3n de la energ\u00eda resultan sencillos y eficientes.<\/p>\t\t\t\t\t\t\t\t<\/div>\n\t\t\t\t<\/div>\n\t\t\t\t<div class=\"elementor-element elementor-element-12020b23 elementor-widget__width-inherit elementor-widget elementor-widget-heading\" data-id=\"12020b23\" data-element_type=\"widget\" data-widget_type=\"heading.default\">\n\t\t\t\t<div class=\"elementor-widget-container\">\n\t\t\t\t\t<h2 class=\"elementor-heading-title elementor-size-default\">Instalaci\u00f3n r\u00e1pida y uso fiable<\/h2>\t\t\t\t<\/div>\n\t\t\t\t<\/div>\n\t\t\t\t<div class=\"elementor-element elementor-element-135a00cf elementor-widget elementor-widget-text-editor\" data-id=\"135a00cf\" data-element_type=\"widget\" data-widget_type=\"text-editor.default\">\n\t\t\t\t<div class=\"elementor-widget-container\">\n\t\t\t\t\t\t\t\t\t<p>La estaci\u00f3n de carga para veh\u00edculos el\u00e9ctricos Mekel Serie Pulse de 7 kW est\u00e1 dise\u00f1ada para una instalaci\u00f3n sin complicaciones. Su dise\u00f1o minimalista y sin pantalla acelera el despliegue y reduce las necesidades de mantenimiento. Tanto si se instala en una pared como en un pedestal, la carcasa con clasificaci\u00f3n IP55 ofrece durabilidad frente al polvo, la lluvia y otros factores ambientales, lo que la hace adecuada para aplicaciones residenciales y comerciales ligeras.<\/p>\t\t\t\t\t\t\t\t<\/div>\n\t\t\t\t<\/div>\n\t\t\t\t<div class=\"elementor-element elementor-element-66821b2 elementor-widget__width-inherit elementor-widget elementor-widget-heading\" data-id=\"66821b2\" data-element_type=\"widget\" data-widget_type=\"heading.default\">\n\t\t\t\t<div class=\"elementor-widget-container\">\n\t\t\t\t\t<h2 class=\"elementor-heading-title elementor-size-default\">\u00bfPor qu\u00e9 elegir esta estaci\u00f3n de carga para VE Mekel Serie Pulse de 7 kW?<\/h2>\t\t\t\t<\/div>\n\t\t\t\t<\/div>\n\t\t\t\t<div class=\"elementor-element elementor-element-e859d8c elementor-widget elementor-widget-text-editor\" data-id=\"e859d8c\" data-element_type=\"widget\" data-widget_type=\"text-editor.default\">\n\t\t\t\t<div class=\"elementor-widget-container\">\n\t\t\t\t\t\t\t\t\t<ul><li data-start=\"3802\" data-end=\"3893\"><strong data-start=\"3802\" data-end=\"3828\">Dise\u00f1o de seguridad de confianza:<\/strong> Las m\u00faltiples protecciones integradas garantizan un funcionamiento seguro a largo plazo.<\/li><li data-start=\"3896\" data-end=\"3994\"><strong data-start=\"3896\" data-end=\"3926\">Dise\u00f1o minimalista y moderno:<\/strong> La estructura sin pantalla es ideal para la carga diaria de veh\u00edculos el\u00e9ctricos dom\u00e9sticos.<\/li><li data-start=\"3997\" data-end=\"4090\"><strong data-start=\"3997\" data-end=\"4022\">Compatibilidad global:<\/strong> Admite los principales tipos de conectores y cumple las normas internacionales.<\/li><\/ul>\t\t\t\t\t\t\t\t<\/div>\n\t\t\t\t<\/div>\n\t\t\t\t<div class=\"elementor-element elementor-element-1d2bdbc5 elementor-widget__width-inherit elementor-widget elementor-widget-heading\" data-id=\"1d2bdbc5\" data-element_type=\"widget\" data-widget_type=\"heading.default\">\n\t\t\t\t<div class=\"elementor-widget-container\">\n\t\t\t\t\t<h2 class=\"elementor-heading-title elementor-size-default\">PREGUNTAS FRECUENTES<\/h2>\t\t\t\t<\/div>\n\t\t\t\t<\/div>\n\t\t\t\t<div class=\"elementor-element elementor-element-1115fca8 elementor-widget elementor-widget-n-accordion\" data-id=\"1115fca8\" data-element_type=\"widget\" data-settings=\"{&quot;default_state&quot;:&quot;expanded&quot;,&quot;max_items_expended&quot;:&quot;one&quot;,&quot;n_accordion_animation_duration&quot;:{&quot;unit&quot;:&quot;ms&quot;,&quot;size&quot;:400,&quot;sizes&quot;:[]}}\" data-widget_type=\"nested-accordion.default\">\n\t\t\t\t<div class=\"elementor-widget-container\">\n\t\t\t\t\t\t\t<div class=\"e-n-accordion\" aria-label=\"Acorde\u00f3n. Abra los enlaces con Intro o Espacio, ci\u00e9rrelos con Escape y navegue con las teclas de flecha.\">\n\t\t\t\t\t\t<details id=\"e-n-accordion-item-2860\" class=\"e-n-accordion-item\" open>\n\t\t\t\t<summary class=\"e-n-accordion-item-title\" data-accordion-index=\"1\" tabindex=\"0\" aria-expanded=\"true\" aria-controls=\"e-n-accordion-item-2860\" >\n\t\t\t\t\t<span class='e-n-accordion-item-title-header'><div class=\"e-n-accordion-item-title-text\"> P: \u00bfCu\u00e1nto tarda la estaci\u00f3n de carga Pulse Series de 7 kW en cargar un veh\u00edculo el\u00e9ctrico con un cargador de corriente alterna Pulse Series de Mekel? <\/div><\/span>\n\t\t\t\t\t\t\t<span class='e-n-accordion-item-title-icon'>\n\t\t\t<span class='e-opened' ><svg aria-hidden=\"true\" class=\"e-font-icon-svg e-fas-minus\" viewbox=\"0 0 448 512\" xmlns=\"http:\/\/www.w3.org\/2000\/svg\"><path d=\"M416 208H32c-17.67 0-32 14.33-32 32v32c0 17.67 14.33 32 32 32h384c17.67 0 32-14.33 32-32v-32c0-17.67-14.33-32-32-32z\"><\/path><\/svg><\/span>\n\t\t\t<span class='e-closed'><svg aria-hidden=\"true\" class=\"e-font-icon-svg e-fas-plus\" viewbox=\"0 0 448 512\" xmlns=\"http:\/\/www.w3.org\/2000\/svg\"><path d=\"M416 208H272V64c0-17.67-14.33-32-32-32h-32c-17.67 0-32 14.33-32 32v144H32c-17.67 0-32 14.33-32 32v32c0 17.67 14.33 32 32 32h144v144c0 17.67 14.33 32 32 32h32c17.67 0 32-14.33 32-32V304h144c17.67 0 32-14.33 32-32v-32c0-17.67-14.33-32-32-32z\"><\/path><\/svg><\/span>\n\t\t<\/span>\n\n\t\t\t\t\t\t<\/summary>\n\t\t\t\t<div role=\"region\" aria-labelledby=\"e-n-accordion-item-2860\" class=\"elementor-element elementor-element-74f26f6c e-con-full e-flex e-con e-child\" data-id=\"74f26f6c\" data-element_type=\"container\">\n\t\t\t\t<div class=\"elementor-element elementor-element-5951754f elementor-widget__width-inherit elementor-widget elementor-widget-text-editor\" data-id=\"5951754f\" data-element_type=\"widget\" data-widget_type=\"text-editor.default\">\n\t\t\t\t<div class=\"elementor-widget-container\">\n\t\t\t\t\t\t\t\t\t<p>R: Esta estaci\u00f3n de carga para veh\u00edculos el\u00e9ctricos de la serie Pulse de 7 kW suele tardar unas 8 horas en cargarse por completo, lo que la hace ideal para la carga nocturna en hogares y complejos residenciales.<\/p>\t\t\t\t\t\t\t\t<\/div>\n\t\t\t\t<\/div>\n\t\t\t\t<\/div>\n\t\t\t\t\t<\/details>\n\t\t\t\t\t\t<details id=\"e-n-accordion-item-2861\" class=\"e-n-accordion-item\" >\n\t\t\t\t<summary class=\"e-n-accordion-item-title\" data-accordion-index=\"2\" tabindex=\"-1\" aria-expanded=\"false\" aria-controls=\"e-n-accordion-item-2861\" >\n\t\t\t\t\t<span class='e-n-accordion-item-title-header'><div class=\"e-n-accordion-item-title-text\"> P: \u00bfC\u00f3mo elijo entre los modelos de cargador b\u00e1sico e inteligente? <\/div><\/span>\n\t\t\t\t\t\t\t<span class='e-n-accordion-item-title-icon'>\n\t\t\t<span class='e-opened' ><svg aria-hidden=\"true\" class=\"e-font-icon-svg e-fas-minus\" viewbox=\"0 0 448 512\" xmlns=\"http:\/\/www.w3.org\/2000\/svg\"><path d=\"M416 208H32c-17.67 0-32 14.33-32 32v32c0 17.67 14.33 32 32 32h384c17.67 0 32-14.33 32-32v-32c0-17.67-14.33-32-32-32z\"><\/path><\/svg><\/span>\n\t\t\t<span class='e-closed'><svg aria-hidden=\"true\" class=\"e-font-icon-svg e-fas-plus\" viewbox=\"0 0 448 512\" xmlns=\"http:\/\/www.w3.org\/2000\/svg\"><path d=\"M416 208H272V64c0-17.67-14.33-32-32-32h-32c-17.67 0-32 14.33-32 32v144H32c-17.67 0-32 14.33-32 32v32c0 17.67 14.33 32 32 32h144v144c0 17.67 14.33 32 32 32h32c17.67 0 32-14.33 32-32V304h144c17.67 0 32-14.33 32-32v-32c0-17.67-14.33-32-32-32z\"><\/path><\/svg><\/span>\n\t\t<\/span>\n\n\t\t\t\t\t\t<\/summary>\n\t\t\t\t<div role=\"region\" aria-labelledby=\"e-n-accordion-item-2861\" class=\"elementor-element elementor-element-634d8957 e-con-full e-flex e-con e-child\" data-id=\"634d8957\" data-element_type=\"container\">\n\t\t\t\t<div class=\"elementor-element elementor-element-286b3940 elementor-widget__width-inherit elementor-widget elementor-widget-text-editor\" data-id=\"286b3940\" data-element_type=\"widget\" data-widget_type=\"text-editor.default\">\n\t\t\t\t<div class=\"elementor-widget-container\">\n\t\t\t\t\t\t\t\t\t<p>R: Los modelos b\u00e1sicos son perfectos para un uso dom\u00e9stico sencillo, especialmente en zonas con tarifas el\u00e9ctricas planas. Las estaciones de carga inteligentes para veh\u00edculos el\u00e9ctricos de la serie Pulse de 7 kW ofrecen funciones avanzadas, como seguimiento de la energ\u00eda, control remoto y programaci\u00f3n fuera de horas punta, ideales para usuarios que buscan soluciones de carga inteligentes.<\/p>\t\t\t\t\t\t\t\t<\/div>\n\t\t\t\t<\/div>\n\t\t\t\t<\/div>\n\t\t\t\t\t<\/details>\n\t\t\t\t\t\t<details id=\"e-n-accordion-item-2862\" class=\"e-n-accordion-item\" >\n\t\t\t\t<summary class=\"e-n-accordion-item-title\" data-accordion-index=\"3\" tabindex=\"-1\" aria-expanded=\"false\" aria-controls=\"e-n-accordion-item-2862\" >\n\t\t\t\t\t<span class='e-n-accordion-item-title-header'><div class=\"e-n-accordion-item-title-text\"> P: \u00bfSon adecuadas las estaciones de carga para veh\u00edculos el\u00e9ctricos Mekel Serie Pulse de 7 kW para un uso diario prolongado? <\/div><\/span>\n\t\t\t\t\t\t\t<span class='e-n-accordion-item-title-icon'>\n\t\t\t<span class='e-opened' ><svg aria-hidden=\"true\" class=\"e-font-icon-svg e-fas-minus\" viewbox=\"0 0 448 512\" xmlns=\"http:\/\/www.w3.org\/2000\/svg\"><path d=\"M416 208H32c-17.67 0-32 14.33-32 32v32c0 17.67 14.33 32 32 32h384c17.67 0 32-14.33 32-32v-32c0-17.67-14.33-32-32-32z\"><\/path><\/svg><\/span>\n\t\t\t<span class='e-closed'><svg aria-hidden=\"true\" class=\"e-font-icon-svg e-fas-plus\" viewbox=\"0 0 448 512\" xmlns=\"http:\/\/www.w3.org\/2000\/svg\"><path d=\"M416 208H272V64c0-17.67-14.33-32-32-32h-32c-17.67 0-32 14.33-32 32v144H32c-17.67 0-32 14.33-32 32v32c0 17.67 14.33 32 32 32h144v144c0 17.67 14.33 32 32 32h32c17.67 0 32-14.33 32-32V304h144c17.67 0 32-14.33 32-32v-32c0-17.67-14.33-32-32-32z\"><\/path><\/svg><\/span>\n\t\t<\/span>\n\n\t\t\t\t\t\t<\/summary>\n\t\t\t\t<div role=\"region\" aria-labelledby=\"e-n-accordion-item-2862\" class=\"elementor-element elementor-element-5f9d202c e-con-full e-flex e-con e-child\" data-id=\"5f9d202c\" data-element_type=\"container\">\n\t\t\t\t<div class=\"elementor-element elementor-element-279de42b elementor-widget__width-inherit elementor-widget elementor-widget-text-editor\" data-id=\"279de42b\" data-element_type=\"widget\" data-widget_type=\"text-editor.default\">\n\t\t\t\t<div class=\"elementor-widget-container\">\n\t\t\t\t\t\t\t\t\t<p>R: S\u00ed. Construidas para ser duraderas, las estaciones de carga para veh\u00edculos el\u00e9ctricos Mekel Serie Pulse de 7 kW est\u00e1n dise\u00f1adas para soportar los ciclos de carga diarios, siempre que su sistema el\u00e9ctrico est\u00e9 correctamente configurado e instalado por un profesional.<\/p>\t\t\t\t\t\t\t\t<\/div>\n\t\t\t\t<\/div>\n\t\t\t\t<\/div>\n\t\t\t\t\t<\/details>\n\t\t\t\t\t<\/div>\n\t\t\t\t\t\t<\/div>\n\t\t\t\t<\/div>\n\t\t\t\t\t<\/div>\n\t\t\t\t<\/div>\n\t\t\t\t<\/div>","protected":false},"excerpt":{"rendered":"<p>Introduction to 7kW Pulse Series EV Charging Station The Mekel 7kW Pulse Series EV charging station is an advanced home and residential charging solution engineered for electric vehicle owners seeking efficiency, safety, and convenience. The 7kW Pulse Series EV Charging Station delivers consistent performance in both indoor and outdoor environments, making it a perfect fit [&hellip;]<\/p>","protected":false},"author":4,"featured_media":5535,"menu_order":0,"template":"","format":"standard","meta":{"_acf_changed":false,"site-sidebar-layout":"no-sidebar","site-content-layout":"page-builder","ast-site-content-layout":"full-width-container","site-content-style":"default","site-sidebar-style":"default","ast-global-header-display":"","ast-banner-title-visibility":"","ast-main-header-display":"","ast-hfb-above-header-display":"","ast-hfb-below-header-display":"","ast-hfb-mobile-header-display":"","site-post-title":"disabled","ast-breadcrumbs-content":"","ast-featured-img":"disabled","footer-sml-layout":"","ast-disable-related-posts":"","theme-transparent-header-meta":"","adv-header-id-meta":"","stick-header-meta":"","header-above-stick-meta":"","header-main-stick-meta":"","header-below-stick-meta":"","astra-migrate-meta-layouts":"set","ast-page-background-enabled":"default","ast-page-background-meta":{"desktop":{"background-color":"","background-image":"","background-repeat":"repeat","background-position":"center center","background-size":"auto","background-attachment":"scroll","background-type":"","background-media":"","overlay-type":"","overlay-color":"","overlay-opacity":"","overlay-gradient":""},"tablet":{"background-color":"","background-image":"","background-repeat":"repeat","background-position":"center center","background-size":"auto","background-attachment":"scroll","background-type":"","background-media":"","overlay-type":"","overlay-color":"","overlay-opacity":"","overlay-gradient":""},"mobile":{"background-color":"","background-image":"","background-repeat":"repeat","background-position":"center center","background-size":"auto","background-attachment":"scroll","background-type":"","background-media":"","overlay-type":"","overlay-color":"","overlay-opacity":"","overlay-gradient":""}},"ast-content-background-meta":{"desktop":{"background-color":"var(--ast-global-color-5)","background-image":"","background-repeat":"repeat","background-position":"center center","background-size":"auto","background-attachment":"scroll","background-type":"","background-media":"","overlay-type":"","overlay-color":"","overlay-opacity":"","overlay-gradient":""},"tablet":{"background-color":"var(--ast-global-color-5)","background-image":"","background-repeat":"repeat","background-position":"center center","background-size":"auto","background-attachment":"scroll","background-type":"","background-media":"","overlay-type":"","overlay-color":"","overlay-opacity":"","overlay-gradient":""},"mobile":{"background-color":"var(--ast-global-color-5)","background-image":"","background-repeat":"repeat","background-position":"center center","background-size":"auto","background-attachment":"scroll","background-type":"","background-media":"","overlay-type":"","overlay-color":"","overlay-opacity":"","overlay-gradient":""}},"footnotes":""},"product-category":[116,86],"product-tag":[],"class_list":["post-5310","product","type-product","status-publish","format-standard","has-post-thumbnail","hentry","product-category-ac-charging-station","product-category-charging-stations"],"acf":[],"_links":{"self":[{"href":"https:\/\/www.mekeltech.com\/es\/wp-json\/wp\/v2\/product\/5310","targetHints":{"allow":["GET"]}}],"collection":[{"href":"https:\/\/www.mekeltech.com\/es\/wp-json\/wp\/v2\/product"}],"about":[{"href":"https:\/\/www.mekeltech.com\/es\/wp-json\/wp\/v2\/types\/product"}],"author":[{"embeddable":true,"href":"https:\/\/www.mekeltech.com\/es\/wp-json\/wp\/v2\/users\/4"}],"version-history":[{"count":22,"href":"https:\/\/www.mekeltech.com\/es\/wp-json\/wp\/v2\/product\/5310\/revisions"}],"predecessor-version":[{"id":7822,"href":"https:\/\/www.mekeltech.com\/es\/wp-json\/wp\/v2\/product\/5310\/revisions\/7822"}],"wp:featuredmedia":[{"embeddable":true,"href":"https:\/\/www.mekeltech.com\/es\/wp-json\/wp\/v2\/media\/5535"}],"wp:attachment":[{"href":"https:\/\/www.mekeltech.com\/es\/wp-json\/wp\/v2\/media?parent=5310"}],"wp:term":[{"taxonomy":"product-category","embeddable":true,"href":"https:\/\/www.mekeltech.com\/es\/wp-json\/wp\/v2\/product-category?post=5310"},{"taxonomy":"product-tag","embeddable":true,"href":"https:\/\/www.mekeltech.com\/es\/wp-json\/wp\/v2\/product-tag?post=5310"}],"curies":[{"name":"wp","href":"https:\/\/api.w.org\/{rel}","templated":true}]}}