{"id":5101,"date":"2025-07-13T18:35:53","date_gmt":"2025-07-13T10:35:53","guid":{"rendered":"https:\/\/www.mekeltech.com\/?post_type=product&#038;p=5101"},"modified":"2025-09-05T11:32:26","modified_gmt":"2025-09-05T03:32:26","slug":"chademo-ccs1-dc-ev-charging-adapter","status":"publish","type":"product","link":"https:\/\/www.mekeltech.com\/es\/product\/chademo-ccs1-dc-ev-charging-adapter\/","title":{"rendered":"CHAdeMO-CCS1 Adaptador de carga de CC para veh\u00edculos el\u00e9ctricos"},"content":{"rendered":"<div data-elementor-type=\"wp-post\" data-elementor-id=\"5101\" class=\"elementor elementor-5101\" data-elementor-post-type=\"product\">\n\t\t\t\t<div class=\"elementor-element elementor-element-179d6e49 e-flex e-con-boxed e-con e-parent\" data-id=\"179d6e49\" data-element_type=\"container\">\n\t\t\t\t\t<div class=\"e-con-inner\">\n\t\t\t\t<div class=\"elementor-element elementor-element-6ae63dc0 elementor-widget__width-inherit elementor-widget elementor-widget-heading\" data-id=\"6ae63dc0\" data-element_type=\"widget\" data-widget_type=\"heading.default\">\n\t\t\t\t<div class=\"elementor-widget-container\">\n\t\t\t\t\t<h2 class=\"elementor-heading-title elementor-size-default\">Introduction to CHAdeMO-CCS1 DC Adapter<\/h2>\t\t\t\t<\/div>\n\t\t\t\t<\/div>\n\t\t\t\t<div class=\"elementor-element elementor-element-4ab8ce31 elementor-widget elementor-widget-text-editor\" data-id=\"4ab8ce31\" data-element_type=\"widget\" data-widget_type=\"text-editor.default\">\n\t\t\t\t<div class=\"elementor-widget-container\">\n\t\t\t\t\t\t\t\t\t<p>Mekel's <strong>CHAdeMO-CCS1 <\/strong><strong>Adaptador de CC<\/strong>\u00a0enables CCS1-standard vehicles to fast-charge using DC charging stations with CHAdeMO plugs. The product has a compact\u00a0design for easy storage and is plug-and-play without needing additional setups. Comes with IP54 water resistance and temperature endurance of -30\u00b0C to +50\u00b0C for safety and exceptional durability.<\/p>\t\t\t\t\t\t\t\t<\/div>\n\t\t\t\t<\/div>\n\t\t\t\t<div class=\"elementor-element elementor-element-63976d4d elementor-widget__width-inherit elementor-widget elementor-widget-heading\" data-id=\"63976d4d\" data-element_type=\"widget\" data-widget_type=\"heading.default\">\n\t\t\t\t<div class=\"elementor-widget-container\">\n\t\t\t\t\t<h2 class=\"elementor-heading-title elementor-size-default\">Una soluci\u00f3n para cada est\u00e1ndar de carga<\/h2>\t\t\t\t<\/div>\n\t\t\t\t<\/div>\n\t\t\t\t<div class=\"elementor-element elementor-element-27231ac3 elementor-widget elementor-widget-text-editor\" data-id=\"27231ac3\" data-element_type=\"widget\" data-widget_type=\"text-editor.default\">\n\t\t\t\t<div class=\"elementor-widget-container\">\n\t\t\t\t\t\t\t\t\t<p>Ofrecemos una amplia selecci\u00f3n de adaptadores de carga para VE dise\u00f1ados para una interoperabilidad sin problemas con los principales est\u00e1ndares de carga internacionales, incluidos los de Tipo 1 (J1772), NACS (Tesla), Tipo 2 y CCS2 (Europa), GBT (China) y CHAdeMO (Jap\u00f3n). Consulte a nuestros expertos para identificar las mejores soluciones de adaptadores para sus mercados objetivo.<\/p>\t\t\t\t\t\t\t\t<\/div>\n\t\t\t\t<\/div>\n\t\t\t\t<div class=\"elementor-element elementor-element-7aab582e elementor-widget__width-inherit elementor-widget elementor-widget-heading\" data-id=\"7aab582e\" data-element_type=\"widget\" data-widget_type=\"heading.default\">\n\t\t\t\t<div class=\"elementor-widget-container\">\n\t\t\t\t\t<h3 class=\"elementor-heading-title elementor-size-default\">Calidad superior<\/h3>\t\t\t\t<\/div>\n\t\t\t\t<\/div>\n\t\t\t\t<div class=\"elementor-element elementor-element-4934626b elementor-widget elementor-widget-text-editor\" data-id=\"4934626b\" data-element_type=\"widget\" data-widget_type=\"text-editor.default\">\n\t\t\t\t<div class=\"elementor-widget-container\">\n\t\t\t\t\t\t\t\t\t<p>Nuestra <strong>CHAdeMO-CCS1 <\/strong><strong>Adaptador de CC<\/strong>\u00a0is built with a durable high-strength thermoplastic shell and silver-plated copper alloy pins for superior conductivity\u2014ensuring reliable performance, enhanced user satisfaction, and fewer after-sales issues for our partners.<\/p>\t\t\t\t\t\t\t\t<\/div>\n\t\t\t\t<\/div>\n\t\t\t\t<div class=\"elementor-element elementor-element-686cd7d0 elementor-widget__width-inherit elementor-widget elementor-widget-heading\" data-id=\"686cd7d0\" data-element_type=\"widget\" data-widget_type=\"heading.default\">\n\t\t\t\t<div class=\"elementor-widget-container\">\n\t\t\t\t\t<h3 class=\"elementor-heading-title elementor-size-default\">F\u00e1cil de usar y de llevar<\/h3>\t\t\t\t<\/div>\n\t\t\t\t<\/div>\n\t\t\t\t<div class=\"elementor-element elementor-element-28e02a05 elementor-widget elementor-widget-text-editor\" data-id=\"28e02a05\" data-element_type=\"widget\" data-widget_type=\"text-editor.default\">\n\t\t\t\t<div class=\"elementor-widget-container\">\n\t\t\t\t\t\t\t\t\t<p>Mekel's <strong>CHAdeMO-CCS1 <\/strong><strong>Adaptador de CC<\/strong>\u00a0boasts\u00a0a compact and minimalistic design without compromising any functionality. The adapters support DC\u00a0fast\u00a0charging, all while fit comfortably\u00a0inside a glovebox. Simply fit onto the charging gun and plug into vehicle\u2019s charging port for a\u00a0seamless\u00a0charging experience.<\/p>\t\t\t\t\t\t\t\t<\/div>\n\t\t\t\t<\/div>\n\t\t\t\t<div class=\"elementor-element elementor-element-3f46aa69 elementor-widget__width-inherit elementor-widget elementor-widget-heading\" data-id=\"3f46aa69\" data-element_type=\"widget\" data-widget_type=\"heading.default\">\n\t\t\t\t<div class=\"elementor-widget-container\">\n\t\t\t\t\t<h2 class=\"elementor-heading-title elementor-size-default\">Producto destacado<\/h2>\t\t\t\t<\/div>\n\t\t\t\t<\/div>\n\t\t<div class=\"elementor-element elementor-element-78cf8352 e-grid e-con-full e-con e-child\" data-id=\"78cf8352\" data-element_type=\"container\">\n\t\t\t\t<div class=\"elementor-element elementor-element-1a04f094 elementor-view-stacked elementor-shape-rounded elementor-position-left elementor-mobile-position-top elementor-widget elementor-widget-icon-box\" data-id=\"1a04f094\" data-element_type=\"widget\" data-widget_type=\"icon-box.default\">\n\t\t\t\t<div class=\"elementor-widget-container\">\n\t\t\t\t\t\t\t<div class=\"elementor-icon-box-wrapper\">\n\n\t\t\t\t\t\t<div class=\"elementor-icon-box-icon\">\n\t\t\t\t<span  class=\"elementor-icon\">\n\t\t\t\t<svg aria-hidden=\"true\" class=\"e-font-icon-svg e-fas-star\" viewbox=\"0 0 576 512\" xmlns=\"http:\/\/www.w3.org\/2000\/svg\"><path d=\"M259.3 17.8L194 150.2 47.9 171.5c-26.2 3.8-36.7 36.1-17.7 54.6l105.7 103-25 145.5c-4.5 26.3 23.2 46 46.4 33.7L288 439.6l130.7 68.7c23.2 12.2 50.9-7.4 46.4-33.7l-25-145.5 105.7-103c19-18.5 8.5-50.8-17.7-54.6L382 150.2 316.7 17.8c-11.7-23.6-45.6-23.9-57.4 0z\"><\/path><\/svg>\t\t\t\t<\/span>\n\t\t\t<\/div>\n\t\t\t\n\t\t\t\t\t\t<div class=\"elementor-icon-box-content\">\n\n\t\t\t\t\t\t\t\t\t<h3 class=\"elementor-icon-box-title\">\n\t\t\t\t\t\t<span  >\n\t\t\t\t\t\t\tMateriales de primera calidad\t\t\t\t\t\t<\/span>\n\t\t\t\t\t<\/h3>\n\t\t\t\t\n\t\t\t\t\n\t\t\t<\/div>\n\t\t\t\n\t\t<\/div>\n\t\t\t\t\t\t<\/div>\n\t\t\t\t<\/div>\n\t\t\t\t<div class=\"elementor-element elementor-element-63e68bf4 elementor-view-stacked elementor-shape-rounded elementor-position-left elementor-mobile-position-top elementor-widget elementor-widget-icon-box\" data-id=\"63e68bf4\" data-element_type=\"widget\" data-widget_type=\"icon-box.default\">\n\t\t\t\t<div class=\"elementor-widget-container\">\n\t\t\t\t\t\t\t<div class=\"elementor-icon-box-wrapper\">\n\n\t\t\t\t\t\t<div class=\"elementor-icon-box-icon\">\n\t\t\t\t<span  class=\"elementor-icon\">\n\t\t\t\t<i aria-hidden=\"true\" class=\"icon icon-weather\"><\/i>\t\t\t\t<\/span>\n\t\t\t<\/div>\n\t\t\t\n\t\t\t\t\t\t<div class=\"elementor-icon-box-content\">\n\n\t\t\t\t\t\t\t\t\t<h3 class=\"elementor-icon-box-title\">\n\t\t\t\t\t\t<span  >\n\t\t\t\t\t\t\tProtecci\u00f3n contra la intemperie\t\t\t\t\t\t<\/span>\n\t\t\t\t\t<\/h3>\n\t\t\t\t\n\t\t\t\t\n\t\t\t<\/div>\n\t\t\t\n\t\t<\/div>\n\t\t\t\t\t\t<\/div>\n\t\t\t\t<\/div>\n\t\t\t\t<div class=\"elementor-element elementor-element-501b7bbd elementor-view-stacked elementor-shape-rounded elementor-position-left elementor-mobile-position-top elementor-widget elementor-widget-icon-box\" data-id=\"501b7bbd\" data-element_type=\"widget\" data-widget_type=\"icon-box.default\">\n\t\t\t\t<div class=\"elementor-widget-container\">\n\t\t\t\t\t\t\t<div class=\"elementor-icon-box-wrapper\">\n\n\t\t\t\t\t\t<div class=\"elementor-icon-box-icon\">\n\t\t\t\t<span  class=\"elementor-icon\">\n\t\t\t\t<svg aria-hidden=\"true\" class=\"e-font-icon-svg e-fas-shipping-fast\" viewbox=\"0 0 640 512\" xmlns=\"http:\/\/www.w3.org\/2000\/svg\"><path d=\"M624 352h-16V243.9c0-12.7-5.1-24.9-14.1-33.9L494 110.1c-9-9-21.2-14.1-33.9-14.1H416V48c0-26.5-21.5-48-48-48H112C85.5 0 64 21.5 64 48v48H8c-4.4 0-8 3.6-8 8v16c0 4.4 3.6 8 8 8h272c4.4 0 8 3.6 8 8v16c0 4.4-3.6 8-8 8H40c-4.4 0-8 3.6-8 8v16c0 4.4 3.6 8 8 8h208c4.4 0 8 3.6 8 8v16c0 4.4-3.6 8-8 8H8c-4.4 0-8 3.6-8 8v16c0 4.4 3.6 8 8 8h208c4.4 0 8 3.6 8 8v16c0 4.4-3.6 8-8 8H64v128c0 53 43 96 96 96s96-43 96-96h128c0 53 43 96 96 96s96-43 96-96h48c8.8 0 16-7.2 16-16v-32c0-8.8-7.2-16-16-16zM160 464c-26.5 0-48-21.5-48-48s21.5-48 48-48 48 21.5 48 48-21.5 48-48 48zm320 0c-26.5 0-48-21.5-48-48s21.5-48 48-48 48 21.5 48 48-21.5 48-48 48zm80-208H416V144h44.1l99.9 99.9V256z\"><\/path><\/svg>\t\t\t\t<\/span>\n\t\t\t<\/div>\n\t\t\t\n\t\t\t\t\t\t<div class=\"elementor-icon-box-content\">\n\n\t\t\t\t\t\t\t\t\t<h3 class=\"elementor-icon-box-title\">\n\t\t\t\t\t\t<span  >\n\t\t\t\t\t\t\tVolumen disponible listo para enviar\t\t\t\t\t\t<\/span>\n\t\t\t\t\t<\/h3>\n\t\t\t\t\n\t\t\t\t\n\t\t\t<\/div>\n\t\t\t\n\t\t<\/div>\n\t\t\t\t\t\t<\/div>\n\t\t\t\t<\/div>\n\t\t\t\t<div class=\"elementor-element elementor-element-6f7ca54 elementor-view-stacked elementor-shape-rounded elementor-position-left elementor-mobile-position-top elementor-widget elementor-widget-icon-box\" data-id=\"6f7ca54\" data-element_type=\"widget\" data-widget_type=\"icon-box.default\">\n\t\t\t\t<div class=\"elementor-widget-container\">\n\t\t\t\t\t\t\t<div class=\"elementor-icon-box-wrapper\">\n\n\t\t\t\t\t\t<div class=\"elementor-icon-box-icon\">\n\t\t\t\t<span  class=\"elementor-icon\">\n\t\t\t\t<i aria-hidden=\"true\" class=\"icon icon-rocket-ship\"><\/i>\t\t\t\t<\/span>\n\t\t\t<\/div>\n\t\t\t\n\t\t\t\t\t\t<div class=\"elementor-icon-box-content\">\n\n\t\t\t\t\t\t\t\t\t<h3 class=\"elementor-icon-box-title\">\n\t\t\t\t\t\t<span  >\n\t\t\t\t\t\t\tEntrega r\u00e1pida\t\t\t\t\t\t<\/span>\n\t\t\t\t\t<\/h3>\n\t\t\t\t\n\t\t\t\t\n\t\t\t<\/div>\n\t\t\t\n\t\t<\/div>\n\t\t\t\t\t\t<\/div>\n\t\t\t\t<\/div>\n\t\t\t\t<div class=\"elementor-element elementor-element-72773252 elementor-view-stacked elementor-shape-rounded elementor-position-left elementor-mobile-position-top elementor-widget elementor-widget-icon-box\" data-id=\"72773252\" data-element_type=\"widget\" data-widget_type=\"icon-box.default\">\n\t\t\t\t<div class=\"elementor-widget-container\">\n\t\t\t\t\t\t\t<div class=\"elementor-icon-box-wrapper\">\n\n\t\t\t\t\t\t<div class=\"elementor-icon-box-icon\">\n\t\t\t\t<span  class=\"elementor-icon\">\n\t\t\t\t<svg aria-hidden=\"true\" class=\"e-font-icon-svg e-fas-charging-station\" viewbox=\"0 0 576 512\" xmlns=\"http:\/\/www.w3.org\/2000\/svg\"><path d=\"M336 448H16c-8.84 0-16 7.16-16 16v32c0 8.84 7.16 16 16 16h320c8.84 0 16-7.16 16-16v-32c0-8.84-7.16-16-16-16zm208-320V80c0-8.84-7.16-16-16-16s-16 7.16-16 16v48h-32V80c0-8.84-7.16-16-16-16s-16 7.16-16 16v48h-16c-8.84 0-16 7.16-16 16v32c0 35.76 23.62 65.69 56 75.93v118.49c0 13.95-9.5 26.92-23.26 29.19C431.22 402.5 416 388.99 416 372v-28c0-48.6-39.4-88-88-88h-8V64c0-35.35-28.65-64-64-64H96C60.65 0 32 28.65 32 64v352h288V304h8c22.09 0 40 17.91 40 40v24.61c0 39.67 28.92 75.16 68.41 79.01C481.71 452.05 520 416.41 520 372V251.93c32.38-10.24 56-40.17 56-75.93v-32c0-8.84-7.16-16-16-16h-16zm-283.91 47.76l-93.7 139c-2.2 3.33-6.21 5.24-10.39 5.24-7.67 0-13.47-6.28-11.67-12.92L167.35 224H108c-7.25 0-12.85-5.59-11.89-11.89l16-107C112.9 99.9 117.98 96 124 96h68c7.88 0 13.62 6.54 11.6 13.21L192 160h57.7c9.24 0 15.01 8.78 10.39 15.76z\"><\/path><\/svg>\t\t\t\t<\/span>\n\t\t\t<\/div>\n\t\t\t\n\t\t\t\t\t\t<div class=\"elementor-icon-box-content\">\n\n\t\t\t\t\t\t\t\t\t<h3 class=\"elementor-icon-box-title\">\n\t\t\t\t\t\t<span  >\n\t\t\t\t\t\t\tTodas las normas de tarificaci\u00f3n\t\t\t\t\t\t<\/span>\n\t\t\t\t\t<\/h3>\n\t\t\t\t\n\t\t\t\t\n\t\t\t<\/div>\n\t\t\t\n\t\t<\/div>\n\t\t\t\t\t\t<\/div>\n\t\t\t\t<\/div>\n\t\t\t\t<\/div>\n\t\t\t\t<div class=\"elementor-element elementor-element-60773532 elementor-widget__width-inherit elementor-widget elementor-widget-heading\" data-id=\"60773532\" data-element_type=\"widget\" data-widget_type=\"heading.default\">\n\t\t\t\t<div class=\"elementor-widget-container\">\n\t\t\t\t\t<h2 class=\"elementor-heading-title elementor-size-default\">Detalles del producto<\/h2>\t\t\t\t<\/div>\n\t\t\t\t<\/div>\n\t\t\t\t<div class=\"elementor-element elementor-element-18a37e08 elementor-widget__width-inherit elementor-widget elementor-widget-shortcode\" data-id=\"18a37e08\" data-element_type=\"widget\" data-widget_type=\"shortcode.default\">\n\t\t\t\t<div class=\"elementor-widget-container\">\n\t\t\t\t\t\t\t<div class=\"elementor-shortcode\">\n<table id=\"tablepress-12\" class=\"tablepress tablepress-id-12\">\n<tbody class=\"row-striping row-hover\">\n<tr class=\"row-1\">\n\t<td class=\"column-1\"><b>Nombre del producto<\/b><\/td><td class=\"column-2\">CHAdeMO-CCS1 DC Adapter<\/td>\n<\/tr>\n<tr class=\"row-2\">\n\t<td class=\"column-1\"><b>Corriente nominal<\/b><\/td><td class=\"column-2\">250A CC<\/td>\n<\/tr>\n<tr class=\"row-3\">\n\t<td class=\"column-1\"><b>Tensi\u00f3n nominal<\/b><\/td><td class=\"column-2\">1000 V CC<\/td>\n<\/tr>\n<tr class=\"row-4\">\n\t<td class=\"column-1\"><b>Resistencia al agua<\/b><\/td><td class=\"column-2\">IP54 (enchufado)<\/td>\n<\/tr>\n<tr class=\"row-5\">\n\t<td class=\"column-1\"><b>Exterior<\/b><\/td><td class=\"column-2\">Termopl\u00e1stico<\/td>\n<\/tr>\n<tr class=\"row-6\">\n\t<td class=\"column-1\"><b>Clavija conductora<\/b><\/td><td class=\"column-2\">Aleaci\u00f3n de cobre, plateado<\/td>\n<\/tr>\n<tr class=\"row-7\">\n\t<td class=\"column-1\"><b>Temperatura de trabajo<\/b><\/td><td class=\"column-2\">-30\u00b0C a +50\u00b0C<\/td>\n<\/tr>\n<tr class=\"row-8\">\n\t<td class=\"column-1\"><b>Peso neto<\/b><\/td><td class=\"column-2\">0.73kg<\/td>\n<\/tr>\n<tr class=\"row-9\">\n\t<td class=\"column-1\"><b>Dimensiones<\/b><\/td><td class=\"column-2\">255*98*143mm<\/td>\n<\/tr>\n<\/tbody>\n<\/table>\n<\/div>\n\t\t\t\t\t\t<\/div>\n\t\t\t\t<\/div>\n\t\t\t\t<div class=\"elementor-element elementor-element-d92b6a elementor-widget__width-inherit elementor-widget elementor-widget-heading\" data-id=\"d92b6a\" data-element_type=\"widget\" data-widget_type=\"heading.default\">\n\t\t\t\t<div class=\"elementor-widget-container\">\n\t\t\t\t\t<h2 class=\"elementor-heading-title elementor-size-default\">PREGUNTAS FRECUENTES<\/h2>\t\t\t\t<\/div>\n\t\t\t\t<\/div>\n\t\t\t\t<div class=\"elementor-element elementor-element-2957645a elementor-widget elementor-widget-n-accordion\" data-id=\"2957645a\" data-element_type=\"widget\" data-settings=\"{&quot;default_state&quot;:&quot;expanded&quot;,&quot;max_items_expended&quot;:&quot;one&quot;,&quot;n_accordion_animation_duration&quot;:{&quot;unit&quot;:&quot;ms&quot;,&quot;size&quot;:400,&quot;sizes&quot;:[]}}\" data-widget_type=\"nested-accordion.default\">\n\t\t\t\t<div class=\"elementor-widget-container\">\n\t\t\t\t\t\t\t<div class=\"e-n-accordion\" aria-label=\"Acorde\u00f3n. Abra los enlaces con Intro o Espacio, ci\u00e9rrelos con Escape y navegue con las teclas de flecha.\">\n\t\t\t\t\t\t<details id=\"e-n-accordion-item-6930\" class=\"e-n-accordion-item\" open>\n\t\t\t\t<summary class=\"e-n-accordion-item-title\" data-accordion-index=\"1\" tabindex=\"0\" aria-expanded=\"true\" aria-controls=\"e-n-accordion-item-6930\" >\n\t\t\t\t\t<span class='e-n-accordion-item-title-header'><div class=\"e-n-accordion-item-title-text\"> \u00bfCu\u00e1l es la funci\u00f3n de un adaptador de carga para veh\u00edculos el\u00e9ctricos?  <\/div><\/span>\n\t\t\t\t\t\t\t<span class='e-n-accordion-item-title-icon'>\n\t\t\t<span class='e-opened' ><svg aria-hidden=\"true\" class=\"e-font-icon-svg e-fas-minus\" viewbox=\"0 0 448 512\" xmlns=\"http:\/\/www.w3.org\/2000\/svg\"><path d=\"M416 208H32c-17.67 0-32 14.33-32 32v32c0 17.67 14.33 32 32 32h384c17.67 0 32-14.33 32-32v-32c0-17.67-14.33-32-32-32z\"><\/path><\/svg><\/span>\n\t\t\t<span class='e-closed'><svg aria-hidden=\"true\" class=\"e-font-icon-svg e-fas-plus\" viewbox=\"0 0 448 512\" xmlns=\"http:\/\/www.w3.org\/2000\/svg\"><path d=\"M416 208H272V64c0-17.67-14.33-32-32-32h-32c-17.67 0-32 14.33-32 32v144H32c-17.67 0-32 14.33-32 32v32c0 17.67 14.33 32 32 32h144v144c0 17.67 14.33 32 32 32h32c17.67 0 32-14.33 32-32V304h144c17.67 0 32-14.33 32-32v-32c0-17.67-14.33-32-32-32z\"><\/path><\/svg><\/span>\n\t\t<\/span>\n\n\t\t\t\t\t\t<\/summary>\n\t\t\t\t<div role=\"region\" aria-labelledby=\"e-n-accordion-item-6930\" class=\"elementor-element elementor-element-2df9b629 e-con-full e-flex e-con e-child\" data-id=\"2df9b629\" data-element_type=\"container\">\n\t\t\t\t<div class=\"elementor-element elementor-element-5dc8a243 elementor-widget__width-inherit elementor-widget elementor-widget-text-editor\" data-id=\"5dc8a243\" data-element_type=\"widget\" data-widget_type=\"text-editor.default\">\n\t\t\t\t<div class=\"elementor-widget-container\">\n\t\t\t\t\t\t\t\t\t<p>Un adaptador de carga para veh\u00edculos el\u00e9ctricos permite conectarlos a estaciones de carga que utilizan un est\u00e1ndar de enchufe diferente. Por ejemplo, el <strong>CHAdeMO-CCS1 DC Adapter<\/strong>\u00a0allows a vehicle equipped with a CCS1 port to charge at stations featuring a CHAdeMO connector.<\/p>\t\t\t\t\t\t\t\t<\/div>\n\t\t\t\t<\/div>\n\t\t\t\t<\/div>\n\t\t\t\t\t<\/details>\n\t\t\t\t\t\t<details id=\"e-n-accordion-item-6931\" class=\"e-n-accordion-item\" >\n\t\t\t\t<summary class=\"e-n-accordion-item-title\" data-accordion-index=\"2\" tabindex=\"-1\" aria-expanded=\"false\" aria-controls=\"e-n-accordion-item-6931\" >\n\t\t\t\t\t<span class='e-n-accordion-item-title-header'><div class=\"e-n-accordion-item-title-text\"> \u00bfNecesita el adaptador de Mekel alguna configuraci\u00f3n adicional?  <\/div><\/span>\n\t\t\t\t\t\t\t<span class='e-n-accordion-item-title-icon'>\n\t\t\t<span class='e-opened' ><svg aria-hidden=\"true\" class=\"e-font-icon-svg e-fas-minus\" viewbox=\"0 0 448 512\" xmlns=\"http:\/\/www.w3.org\/2000\/svg\"><path d=\"M416 208H32c-17.67 0-32 14.33-32 32v32c0 17.67 14.33 32 32 32h384c17.67 0 32-14.33 32-32v-32c0-17.67-14.33-32-32-32z\"><\/path><\/svg><\/span>\n\t\t\t<span class='e-closed'><svg aria-hidden=\"true\" class=\"e-font-icon-svg e-fas-plus\" viewbox=\"0 0 448 512\" xmlns=\"http:\/\/www.w3.org\/2000\/svg\"><path d=\"M416 208H272V64c0-17.67-14.33-32-32-32h-32c-17.67 0-32 14.33-32 32v144H32c-17.67 0-32 14.33-32 32v32c0 17.67 14.33 32 32 32h144v144c0 17.67 14.33 32 32 32h32c17.67 0 32-14.33 32-32V304h144c17.67 0 32-14.33 32-32v-32c0-17.67-14.33-32-32-32z\"><\/path><\/svg><\/span>\n\t\t<\/span>\n\n\t\t\t\t\t\t<\/summary>\n\t\t\t\t<div role=\"region\" aria-labelledby=\"e-n-accordion-item-6931\" class=\"elementor-element elementor-element-66e3cfc2 e-con-full e-flex e-con e-child\" data-id=\"66e3cfc2\" data-element_type=\"container\">\n\t\t\t\t<div class=\"elementor-element elementor-element-6a913b1a elementor-widget__width-inherit elementor-widget elementor-widget-text-editor\" data-id=\"6a913b1a\" data-element_type=\"widget\" data-widget_type=\"text-editor.default\">\n\t\t\t\t<div class=\"elementor-widget-container\">\n\t\t\t\t\t\t\t\t\t<p>No requiere configuraci\u00f3n adicional Nuestro adaptador de carga EV es plug-and-play y se puede utilizar de inmediato para disfrutar de una experiencia de usuario sin problemas.<\/p>\t\t\t\t\t\t\t\t<\/div>\n\t\t\t\t<\/div>\n\t\t\t\t<\/div>\n\t\t\t\t\t<\/details>\n\t\t\t\t\t\t<details id=\"e-n-accordion-item-6932\" class=\"e-n-accordion-item\" >\n\t\t\t\t<summary class=\"e-n-accordion-item-title\" data-accordion-index=\"3\" tabindex=\"-1\" aria-expanded=\"false\" aria-controls=\"e-n-accordion-item-6932\" >\n\t\t\t\t\t<span class='e-n-accordion-item-title-header'><div class=\"e-n-accordion-item-title-text\"> \u00bfPuede utilizarse este adaptador de carga para VE en exteriores y con mal tiempo?  <\/div><\/span>\n\t\t\t\t\t\t\t<span class='e-n-accordion-item-title-icon'>\n\t\t\t<span class='e-opened' ><svg aria-hidden=\"true\" class=\"e-font-icon-svg e-fas-minus\" viewbox=\"0 0 448 512\" xmlns=\"http:\/\/www.w3.org\/2000\/svg\"><path d=\"M416 208H32c-17.67 0-32 14.33-32 32v32c0 17.67 14.33 32 32 32h384c17.67 0 32-14.33 32-32v-32c0-17.67-14.33-32-32-32z\"><\/path><\/svg><\/span>\n\t\t\t<span class='e-closed'><svg aria-hidden=\"true\" class=\"e-font-icon-svg e-fas-plus\" viewbox=\"0 0 448 512\" xmlns=\"http:\/\/www.w3.org\/2000\/svg\"><path d=\"M416 208H272V64c0-17.67-14.33-32-32-32h-32c-17.67 0-32 14.33-32 32v144H32c-17.67 0-32 14.33-32 32v32c0 17.67 14.33 32 32 32h144v144c0 17.67 14.33 32 32 32h32c17.67 0 32-14.33 32-32V304h144c17.67 0 32-14.33 32-32v-32c0-17.67-14.33-32-32-32z\"><\/path><\/svg><\/span>\n\t\t<\/span>\n\n\t\t\t\t\t\t<\/summary>\n\t\t\t\t<div role=\"region\" aria-labelledby=\"e-n-accordion-item-6932\" class=\"elementor-element elementor-element-3bec5eb8 e-con-full e-flex e-con e-child\" data-id=\"3bec5eb8\" data-element_type=\"container\">\n\t\t\t\t<div class=\"elementor-element elementor-element-d077978 elementor-widget__width-inherit elementor-widget elementor-widget-text-editor\" data-id=\"d077978\" data-element_type=\"widget\" data-widget_type=\"text-editor.default\">\n\t\t\t\t<div class=\"elementor-widget-container\">\n\t\t\t\t\t\t\t\t\t<p>Por supuesto. Nuestro adaptador de carga EV tiene una calificaci\u00f3n IP54 para una excelente resistencia al agua y al polvo, por lo que es \u00f3ptimo para ser utilizado en exteriores y en condiciones de lluvia \/ nieve.<\/p>\t\t\t\t\t\t\t\t<\/div>\n\t\t\t\t<\/div>\n\t\t\t\t<\/div>\n\t\t\t\t\t<\/details>\n\t\t\t\t\t<\/div>\n\t\t\t\t\t\t<\/div>\n\t\t\t\t<\/div>\n\t\t\t\t\t<\/div>\n\t\t\t\t<\/div>\n\t\t\t\t<\/div>","protected":false},"excerpt":{"rendered":"<p>Introduction to CHAdeMO-CCS1 DC Adapter Mekel\u2019s CHAdeMO-CCS1 DC Adapter\u00a0enables CCS1-standard vehicles to fast-charge using DC charging stations with CHAdeMO plugs. The product has a compact\u00a0design for easy storage and is plug-and-play without needing additional setups. Comes with IP54 water resistance and temperature endurance of -30\u00b0C to +50\u00b0C for safety and exceptional durability. A Solution for [&hellip;]<\/p>","protected":false},"author":4,"featured_media":4557,"menu_order":0,"template":"","format":"standard","meta":{"_acf_changed":false,"site-sidebar-layout":"no-sidebar","site-content-layout":"page-builder","ast-site-content-layout":"full-width-container","site-content-style":"default","site-sidebar-style":"default","ast-global-header-display":"","ast-banner-title-visibility":"","ast-main-header-display":"","ast-hfb-above-header-display":"","ast-hfb-below-header-display":"","ast-hfb-mobile-header-display":"","site-post-title":"disabled","ast-breadcrumbs-content":"","ast-featured-img":"disabled","footer-sml-layout":"","ast-disable-related-posts":"","theme-transparent-header-meta":"","adv-header-id-meta":"","stick-header-meta":"","header-above-stick-meta":"","header-main-stick-meta":"","header-below-stick-meta":"","astra-migrate-meta-layouts":"set","ast-page-background-enabled":"default","ast-page-background-meta":{"desktop":{"background-color":"","background-image":"","background-repeat":"repeat","background-position":"center center","background-size":"auto","background-attachment":"scroll","background-type":"","background-media":"","overlay-type":"","overlay-color":"","overlay-opacity":"","overlay-gradient":""},"tablet":{"background-color":"","background-image":"","background-repeat":"repeat","background-position":"center center","background-size":"auto","background-attachment":"scroll","background-type":"","background-media":"","overlay-type":"","overlay-color":"","overlay-opacity":"","overlay-gradient":""},"mobile":{"background-color":"","background-image":"","background-repeat":"repeat","background-position":"center center","background-size":"auto","background-attachment":"scroll","background-type":"","background-media":"","overlay-type":"","overlay-color":"","overlay-opacity":"","overlay-gradient":""}},"ast-content-background-meta":{"desktop":{"background-color":"var(--ast-global-color-5)","background-image":"","background-repeat":"repeat","background-position":"center center","background-size":"auto","background-attachment":"scroll","background-type":"","background-media":"","overlay-type":"","overlay-color":"","overlay-opacity":"","overlay-gradient":""},"tablet":{"background-color":"var(--ast-global-color-5)","background-image":"","background-repeat":"repeat","background-position":"center center","background-size":"auto","background-attachment":"scroll","background-type":"","background-media":"","overlay-type":"","overlay-color":"","overlay-opacity":"","overlay-gradient":""},"mobile":{"background-color":"var(--ast-global-color-5)","background-image":"","background-repeat":"repeat","background-position":"center center","background-size":"auto","background-attachment":"scroll","background-type":"","background-media":"","overlay-type":"","overlay-color":"","overlay-opacity":"","overlay-gradient":""}},"footnotes":""},"product-category":[84,89],"product-tag":[],"class_list":["post-5101","product","type-product","status-publish","format-standard","has-post-thumbnail","hentry","product-category-charging-accessories","product-category-charging-adapter"],"acf":[],"_links":{"self":[{"href":"https:\/\/www.mekeltech.com\/es\/wp-json\/wp\/v2\/product\/5101","targetHints":{"allow":["GET"]}}],"collection":[{"href":"https:\/\/www.mekeltech.com\/es\/wp-json\/wp\/v2\/product"}],"about":[{"href":"https:\/\/www.mekeltech.com\/es\/wp-json\/wp\/v2\/types\/product"}],"author":[{"embeddable":true,"href":"https:\/\/www.mekeltech.com\/es\/wp-json\/wp\/v2\/users\/4"}],"version-history":[{"count":9,"href":"https:\/\/www.mekeltech.com\/es\/wp-json\/wp\/v2\/product\/5101\/revisions"}],"predecessor-version":[{"id":7161,"href":"https:\/\/www.mekeltech.com\/es\/wp-json\/wp\/v2\/product\/5101\/revisions\/7161"}],"wp:featuredmedia":[{"embeddable":true,"href":"https:\/\/www.mekeltech.com\/es\/wp-json\/wp\/v2\/media\/4557"}],"wp:attachment":[{"href":"https:\/\/www.mekeltech.com\/es\/wp-json\/wp\/v2\/media?parent=5101"}],"wp:term":[{"taxonomy":"product-category","embeddable":true,"href":"https:\/\/www.mekeltech.com\/es\/wp-json\/wp\/v2\/product-category?post=5101"},{"taxonomy":"product-tag","embeddable":true,"href":"https:\/\/www.mekeltech.com\/es\/wp-json\/wp\/v2\/product-tag?post=5101"}],"curies":[{"name":"wp","href":"https:\/\/api.w.org\/{rel}","templated":true}]}}