{"id":4505,"date":"2025-06-18T16:47:51","date_gmt":"2025-06-18T08:47:51","guid":{"rendered":"https:\/\/www.mekeltech.com\/?post_type=product&#038;p=4505"},"modified":"2025-06-18T17:52:01","modified_gmt":"2025-06-18T09:52:01","slug":"type-2-standard-charging-connectors","status":"publish","type":"product","link":"https:\/\/www.mekeltech.com\/es\/product\/type-2-standard-charging-connectors\/","title":{"rendered":"Conectores de carga est\u00e1ndar de tipo 2"},"content":{"rendered":"<p>Los conectores Mekel Tipo 2 Hembra y Macho presentan un dise\u00f1o ergon\u00f3mico y han demostrado una durabilidad, seguridad y resistencia a la intemperie excepcionales. Ahora disponibles en variantes monof\u00e1sicas y trif\u00e1sicas, los conectores tambi\u00e9n incluyen componentes de conducci\u00f3n interna.<\/p>\n\n\n\n<h2 class=\"wp-block-heading\">\u00bfQu\u00e9 son los conectores hembra y macho de tipo 2?<\/h2>\n\n\n\n<p>Los conectores hembra y macho de tipo 2 se utilizan para el montaje de cables de carga de CA de tipo 2. <\/p>\n\n\n\n<p>En <strong>Conector hembra<\/strong> se utiliza para el extremo que se conecta directamente a las tomas de tipo 2 o CCS2 del veh\u00edculo. <\/p>\n\n\n\n<p>En <strong>Conector macho<\/strong> se utiliza para conectarse a estaciones de carga de CA. <\/p>\n\n\n\n<p>Si el cliente tiene la intenci\u00f3n de adquirir para el montaje de estaciones de carga ancladas, el conector hembra es suficiente, ya que es el extremo para la conexi\u00f3n con la toma de carga del veh\u00edculo.<\/p>\n\n\n\n<h2 class=\"wp-block-heading\">\u00bfC\u00f3mo funciona?<\/h2>\n\n\n\n<p>Los cables internos del cable de carga de tipo 2, una vez retirada la funda del cable, se estampar\u00e1n junto con los terminales correspondientes suministrados junto con los conectores. A continuaci\u00f3n, los terminales se montan en el PC exterior y en los componentes de la carcasa de nailon de los conectores.<\/p>\n\n\n\n<p>La conducci\u00f3n y retransmisi\u00f3n de la electricidad se realiza a trav\u00e9s de los terminales de los conectores hembra y macho de tipo 2 para cargar el VE desde la estaci\u00f3n de carga.<\/p>\n\n\n\n<h2 class=\"wp-block-heading\">\u00bfPor qu\u00e9 elegir los conectores de carga de tipo 2 a tipo 2 de Mekel?<\/h2>\n\n\n\n<h3 class=\"wp-block-heading\">Certificaciones l\u00edderes del sector<\/h3>\n\n\n\n<p>Probados y certificados por el prestigioso laboratorio de pruebas TUV Rheinland para las certificaciones TUV, CE y UKCA. Mekel se enorgullece de que nuestros productos ofrezcan seguridad certificada a todos los usuarios finales.<\/p>\n\n\n\n<h3 class=\"wp-block-heading\">Calidad robusta<\/h3>\n\n\n\n<p>Fabricados con materiales de la m\u00e1xima calidad, los conectores de tipo 2 de Mekel le ofrecen el m\u00e1ximo valor gracias a la longevidad del producto. Fabricados para soportar m\u00e1s de 10.000 ciclos de uso, nuestros conectores de tipo 2 son adecuados para todas las empresas y consumidores finales individuales en el uso diario.<\/p>\n\n\n\n<h3 class=\"wp-block-heading\">Protecci\u00f3n contra condiciones ambientales y meteorol\u00f3gicas extremas<\/h3>\n\n\n\n<p>Los conectores de tipo 2 de Mekel tienen un nivel de protecci\u00f3n IP65 para soportar condiciones de lluvia y nieve. Se ha comprobado su funcionamiento en condiciones meteorol\u00f3gicas extremas que oscilan entre -35 \u00b0C y +50 \u00b0C. Probados en todas las gamas de entornos, los conectores son adecuados para su uso en pa\u00edses situados a lo largo del ecuador y tambi\u00e9n en condiciones clim\u00e1ticas de congelaci\u00f3n extrema en los pa\u00edses n\u00f3rdicos.<\/p>\n\n\n\n<h3 class=\"wp-block-heading\">Caracter\u00edsticas principales de los conectores Mekel de tipo 2<\/h3>\n\n\n\n<p>1. Certificado TUV, CE, UKCA, RoHS<\/p>\n\n\n\n<ol class=\"wp-block-list\">\n<li><\/li>\n<\/ol>\n\n\n\n<p>2. Soluciones de personalizaci\u00f3n flexibles: Grabado l\u00e1ser de logotipo, longitud, color, embalaje<\/p>\n\n\n\n<p>3. 2 a\u00f1os de garant\u00eda<\/p>\n\n\n\n<p>4. Amplia red mundial de distribuci\u00f3n<\/p>\n\n\n\n<p>5. Protecci\u00f3n superior resistente al agua<\/p>\n\n\n\n<h2 class=\"wp-block-heading\">PREGUNTAS FRECUENTES<\/h2>\n\n\n\n<p><strong>P: \u00bfQu\u00e9 conector necesito si fabrico estaciones de carga?<\/strong><\/p>\n\n\n\n<p>R: Si est\u00e1 construyendo estaciones de carga con anclaje, en las que el extremo de la estaci\u00f3n del cable de carga de tipo 2 est\u00e1 anclado a la estaci\u00f3n de carga, s\u00f3lo necesitar\u00e1 el conector hembra. El conector hembra se coloca en el extremo de carga del cable y se utiliza para conectar el veh\u00edculo el\u00e9ctrico a la estaci\u00f3n de carga.<\/p>\n\n\n\n<p><strong>P: \u00bfSon compatibles los conectores con los veh\u00edculos el\u00e9ctricos de bater\u00eda (BEV) y los veh\u00edculos el\u00e9ctricos h\u00edbridos enchufables (PHEV)?<\/strong><\/p>\n\n\n\n<p>R: Por favor, compruebe la entrada de carga del coche para ver si es de tipo 2 (Mennekes, 7 pines) o CCS 2 (7 pines + 2 pines). El conector hembra de tipo 2 es compatible con BEV y PHEV con entradas de carga de tipo 2 y CCS. El Conector Macho es compatible con estaciones de carga, no para veh\u00edculos.<\/p>\n\n\n\n<p><strong>P: \u00bfVienen los conectores con certificaci\u00f3n de calidad?<\/strong><\/p>\n\n\n\n<p>R: S\u00ed. Nuestros conectores de Tipo 2 cumplen las normas TUV, CE y UKCA. Se trata de los requisitos de certificaci\u00f3n m\u00e1s estrictos de Europa y el Reino Unido. Garantizar una calidad l\u00edder es nuestra m\u00e1xima prioridad.<\/p>","protected":false},"excerpt":{"rendered":"<p>Mekel Type 2 Female and Male Connectors feature ergonomic design and are proven to be of exceptional durability, safety proof, and weather resistance. Now available in Single and three-phase variations, connectors also include internal conduction components. What are Type 2 Female and Male Connectors? Type 2 Female and Male Connectors are used for assembly of [&hellip;]<\/p>","protected":false},"author":4,"featured_media":4509,"menu_order":0,"template":"","format":"standard","meta":{"_acf_changed":false,"site-sidebar-layout":"default","site-content-layout":"","ast-site-content-layout":"default","site-content-style":"default","site-sidebar-style":"default","ast-global-header-display":"","ast-banner-title-visibility":"","ast-main-header-display":"","ast-hfb-above-header-display":"","ast-hfb-below-header-display":"","ast-hfb-mobile-header-display":"","site-post-title":"","ast-breadcrumbs-content":"","ast-featured-img":"","footer-sml-layout":"","ast-disable-related-posts":"","theme-transparent-header-meta":"","adv-header-id-meta":"","stick-header-meta":"","header-above-stick-meta":"","header-main-stick-meta":"","header-below-stick-meta":"","astra-migrate-meta-layouts":"set","ast-page-background-enabled":"default","ast-page-background-meta":{"desktop":{"background-color":"","background-image":"","background-repeat":"repeat","background-position":"center center","background-size":"auto","background-attachment":"scroll","background-type":"","background-media":"","overlay-type":"","overlay-color":"","overlay-opacity":"","overlay-gradient":""},"tablet":{"background-color":"","background-image":"","background-repeat":"repeat","background-position":"center center","background-size":"auto","background-attachment":"scroll","background-type":"","background-media":"","overlay-type":"","overlay-color":"","overlay-opacity":"","overlay-gradient":""},"mobile":{"background-color":"","background-image":"","background-repeat":"repeat","background-position":"center center","background-size":"auto","background-attachment":"scroll","background-type":"","background-media":"","overlay-type":"","overlay-color":"","overlay-opacity":"","overlay-gradient":""}},"ast-content-background-meta":{"desktop":{"background-color":"var(--ast-global-color-5)","background-image":"","background-repeat":"repeat","background-position":"center center","background-size":"auto","background-attachment":"scroll","background-type":"","background-media":"","overlay-type":"","overlay-color":"","overlay-opacity":"","overlay-gradient":""},"tablet":{"background-color":"var(--ast-global-color-5)","background-image":"","background-repeat":"repeat","background-position":"center center","background-size":"auto","background-attachment":"scroll","background-type":"","background-media":"","overlay-type":"","overlay-color":"","overlay-opacity":"","overlay-gradient":""},"mobile":{"background-color":"var(--ast-global-color-5)","background-image":"","background-repeat":"repeat","background-position":"center center","background-size":"auto","background-attachment":"scroll","background-type":"","background-media":"","overlay-type":"","overlay-color":"","overlay-opacity":"","overlay-gradient":""}},"footnotes":""},"product-category":[90],"product-tag":[],"class_list":["post-4505","product","type-product","status-publish","format-standard","has-post-thumbnail","hentry","product-category-charging-cable"],"acf":[],"_links":{"self":[{"href":"https:\/\/www.mekeltech.com\/es\/wp-json\/wp\/v2\/product\/4505","targetHints":{"allow":["GET"]}}],"collection":[{"href":"https:\/\/www.mekeltech.com\/es\/wp-json\/wp\/v2\/product"}],"about":[{"href":"https:\/\/www.mekeltech.com\/es\/wp-json\/wp\/v2\/types\/product"}],"author":[{"embeddable":true,"href":"https:\/\/www.mekeltech.com\/es\/wp-json\/wp\/v2\/users\/4"}],"version-history":[{"count":4,"href":"https:\/\/www.mekeltech.com\/es\/wp-json\/wp\/v2\/product\/4505\/revisions"}],"predecessor-version":[{"id":5994,"href":"https:\/\/www.mekeltech.com\/es\/wp-json\/wp\/v2\/product\/4505\/revisions\/5994"}],"wp:featuredmedia":[{"embeddable":true,"href":"https:\/\/www.mekeltech.com\/es\/wp-json\/wp\/v2\/media\/4509"}],"wp:attachment":[{"href":"https:\/\/www.mekeltech.com\/es\/wp-json\/wp\/v2\/media?parent=4505"}],"wp:term":[{"taxonomy":"product-category","embeddable":true,"href":"https:\/\/www.mekeltech.com\/es\/wp-json\/wp\/v2\/product-category?post=4505"},{"taxonomy":"product-tag","embeddable":true,"href":"https:\/\/www.mekeltech.com\/es\/wp-json\/wp\/v2\/product-tag?post=4505"}],"curies":[{"name":"wp","href":"https:\/\/api.w.org\/{rel}","templated":true}]}}