{"id":2981,"date":"2025-05-25T15:27:44","date_gmt":"2025-05-25T07:27:44","guid":{"rendered":"https:\/\/mekeltech.com\/?post_type=product&#038;p=2981"},"modified":"2025-09-05T10:41:59","modified_gmt":"2025-09-05T02:41:59","slug":"dc-charging-controller","status":"publish","type":"product","link":"https:\/\/www.mekeltech.com\/es\/product\/dc-charging-controller\/","title":{"rendered":"Controlador de carga de CC"},"content":{"rendered":"<div data-elementor-type=\"wp-post\" data-elementor-id=\"2981\" class=\"elementor elementor-2981\" data-elementor-post-type=\"product\">\n\t\t\t\t<div class=\"elementor-element elementor-element-40a01cfc e-flex e-con-boxed e-con e-parent\" data-id=\"40a01cfc\" data-element_type=\"container\">\n\t\t\t\t\t<div class=\"e-con-inner\">\n\t\t\t\t<div class=\"elementor-element elementor-element-85de9aa elementor-widget elementor-widget-heading\" data-id=\"85de9aa\" data-element_type=\"widget\" data-widget_type=\"heading.default\">\n\t\t\t\t<div class=\"elementor-widget-container\">\n\t\t\t\t\t<h2 class=\"elementor-heading-title elementor-size-default\">Introducci\u00f3n al controlador de carga de CC<\/h2>\t\t\t\t<\/div>\n\t\t\t\t<\/div>\n\t\t\t\t<div class=\"elementor-element elementor-element-e2110a0 elementor-widget elementor-widget-text-editor\" data-id=\"e2110a0\" data-element_type=\"widget\" data-widget_type=\"text-editor.default\">\n\t\t\t\t<div class=\"elementor-widget-container\">\n\t\t\t\t\t\t\t\t\t<p>El controlador de carga de corriente continua de Mekel es una unidad de control de alto rendimiento responsable de las funciones de supervisi\u00f3n, control, comunicaci\u00f3n y protecci\u00f3n de todo el proceso de carga. Cuenta con supervisi\u00f3n en tiempo real de la tensi\u00f3n, la corriente, la temperatura y el estado de los fallos, lo que garantiza la m\u00e1xima eficiencia (\u226596%) y un servicio ininterrumpido en escenarios de carga p\u00fablicos y comerciales. Gracias a la compatibilidad integrada con los protocolos CCS, CHAdeMO y GB\/T, y al cumplimiento de las normas IEC 61851-23 e ISO 15118, nuestro controlador ofrece una gesti\u00f3n de carga inteligente y diagn\u00f3stico remoto.<\/p>\t\t\t\t\t\t\t\t<\/div>\n\t\t\t\t<\/div>\n\t\t\t\t<div class=\"elementor-element elementor-element-b0e9e6a elementor-widget elementor-widget-heading\" data-id=\"b0e9e6a\" data-element_type=\"widget\" data-widget_type=\"heading.default\">\n\t\t\t\t<div class=\"elementor-widget-container\">\n\t\t\t\t\t<h2 class=\"elementor-heading-title elementor-size-default\">\u00bfC\u00f3mo funciona el controlador de carga de CC?<\/h2>\t\t\t\t<\/div>\n\t\t\t\t<\/div>\n\t\t\t\t<div class=\"elementor-element elementor-element-8118dc1 elementor-widget elementor-widget-text-editor\" data-id=\"8118dc1\" data-element_type=\"widget\" data-widget_type=\"text-editor.default\">\n\t\t\t\t<div class=\"elementor-widget-container\">\n\t\t\t\t\t\t\t\t\t<p>Tras la verificaci\u00f3n del usuario, el controlador de carga de CC establece la comunicaci\u00f3n con el sistema de gesti\u00f3n de la bater\u00eda del veh\u00edculo (BMS) e inicia el proceso de carga. Durante la carga, el controlador supervisa en tiempo real<strong>\u00a0<\/strong>tensi\u00f3n, corriente, temperatura, etc. y ajusta la salida en funci\u00f3n de la informaci\u00f3n recibida del BMS. Si se producen problemas como sobretensi\u00f3n o sobrecalentamiento, el controlador activa los mecanismos de seguridad y registra los datos del fallo. Una vez completada la carga, el controlador desconecta el circuito de forma segura, gestiona la medici\u00f3n y la facturaci\u00f3n, y se comunica con la nube para cualquier otro informe inteligente.<\/p>\t\t\t\t\t\t\t\t<\/div>\n\t\t\t\t<\/div>\n\t\t\t\t<div class=\"elementor-element elementor-element-e3577ea elementor-widget elementor-widget-heading\" data-id=\"e3577ea\" data-element_type=\"widget\" data-widget_type=\"heading.default\">\n\t\t\t\t<div class=\"elementor-widget-container\">\n\t\t\t\t\t<h2 class=\"elementor-heading-title elementor-size-default\">\u00bfPor qu\u00e9 elegir el controlador de carga de CC de Mekel?<\/h2>\t\t\t\t<\/div>\n\t\t\t\t<\/div>\n\t\t\t\t<div class=\"elementor-element elementor-element-2748d70 elementor-widget elementor-widget-heading\" data-id=\"2748d70\" data-element_type=\"widget\" data-widget_type=\"heading.default\">\n\t\t\t\t<div class=\"elementor-widget-container\">\n\t\t\t\t\t<h3 class=\"elementor-heading-title elementor-size-default\">Gesti\u00f3n escalable de la energ\u00eda<\/h3>\t\t\t\t<\/div>\n\t\t\t\t<\/div>\n\t\t\t\t<div class=\"elementor-element elementor-element-4c6943e elementor-widget elementor-widget-text-editor\" data-id=\"4c6943e\" data-element_type=\"widget\" data-widget_type=\"text-editor.default\">\n\t\t\t\t<div class=\"elementor-widget-container\">\n\t\t\t\t\t\t\t\t\t<p>Nuestro controlador de carga de CC admite varios m\u00f3dulos de alimentaci\u00f3n en paralelo, lo que permite a los operadores de estaciones de carga ampliar la capacidad a\u00f1adiendo o intercambiando m\u00f3dulos en caliente sin tiempo de inactividad. Esta arquitectura modular reduce el gasto de capital de los operadores y simplifica el mantenimiento, ya que los m\u00f3dulos individuales se pueden reparar o sustituir sin necesidad de desconectar toda la estaci\u00f3n.<\/p>\t\t\t\t\t\t\t\t<\/div>\n\t\t\t\t<\/div>\n\t\t\t\t<div class=\"elementor-element elementor-element-6800afa elementor-widget elementor-widget-heading\" data-id=\"6800afa\" data-element_type=\"widget\" data-widget_type=\"heading.default\">\n\t\t\t\t<div class=\"elementor-widget-container\">\n\t\t\t\t\t<h3 class=\"elementor-heading-title elementor-size-default\">Seguridad y fiabilidad avanzadas<\/h3>\t\t\t\t<\/div>\n\t\t\t\t<\/div>\n\t\t\t\t<div class=\"elementor-element elementor-element-9e9c837 elementor-widget elementor-widget-text-editor\" data-id=\"9e9c837\" data-element_type=\"widget\" data-widget_type=\"text-editor.default\">\n\t\t\t\t<div class=\"elementor-widget-container\">\n\t\t\t\t\t\t\t\t\t<p>Equipado con completos mecanismos de protecci\u00f3n, el controlador de carga de CC desconecta autom\u00e1ticamente los m\u00f3dulos defectuosos y activa secuencias de apagado seguro para proteger a los usuarios y los equipos. El controlador de carga de CC tiene un tiempo medio entre fallos (MTBF) superior a 500.000 horas, lo que garantiza su fiabilidad a largo plazo en entornos exigentes como superestaciones de autopistas y dep\u00f3sitos de flotas.<\/p>\t\t\t\t\t\t\t\t<\/div>\n\t\t\t\t<\/div>\n\t\t\t\t<div class=\"elementor-element elementor-element-62c6537 elementor-widget elementor-widget-heading\" data-id=\"62c6537\" data-element_type=\"widget\" data-widget_type=\"heading.default\">\n\t\t\t\t<div class=\"elementor-widget-container\">\n\t\t\t\t\t<h3 class=\"elementor-heading-title elementor-size-default\">Conectividad inteligente y cumplimiento exhaustivo<\/h3>\t\t\t\t<\/div>\n\t\t\t\t<\/div>\n\t\t\t\t<div class=\"elementor-element elementor-element-9a283df elementor-widget elementor-widget-text-editor\" data-id=\"9a283df\" data-element_type=\"widget\" data-widget_type=\"text-editor.default\">\n\t\t\t\t<div class=\"elementor-widget-container\">\n\t\t\t\t\t\t\t\t\t<p>Con interfaces CAN, RS485 y Ethernet, y puertos 4G\/LTE y Wi-Fi, el controlador de carga de CC se integra perfectamente con los sistemas de back-office para monitorizaci\u00f3n remota, actualizaciones de firmware y operaciones de gesti\u00f3n de carga. La compatibilidad con la norma ISO 15118 Plug &amp; Charge permite la autenticaci\u00f3n segura y la facturaci\u00f3n automatizada, preparando la infraestructura para las nuevas funciones V2G y de red inteligente.<\/p>\t\t\t\t\t\t\t\t<\/div>\n\t\t\t\t<\/div>\n\t\t\t\t<div class=\"elementor-element elementor-element-71d855e elementor-widget elementor-widget-heading\" data-id=\"71d855e\" data-element_type=\"widget\" data-widget_type=\"heading.default\">\n\t\t\t\t<div class=\"elementor-widget-container\">\n\t\t\t\t\t<h2 class=\"elementor-heading-title elementor-size-default\">Caracter\u00edsticas principales del controlador de carga de CC<\/h2>\t\t\t\t<\/div>\n\t\t\t\t<\/div>\n\t\t\t\t<div class=\"elementor-element elementor-element-7476077 elementor-widget elementor-widget-text-editor\" data-id=\"7476077\" data-element_type=\"widget\" data-widget_type=\"text-editor.default\">\n\t\t\t\t<div class=\"elementor-widget-container\">\n\t\t\t\t\t\t\t\t\t<ul>\n<li>Soporte modular para minimizar el tiempo de inactividad<\/li>\n<li>Estrictas medidas de seguridad y durabilidad<\/li>\n<li>Funciones de conectividad inteligentes<\/li>\n<li>F\u00e1cil integraci\u00f3n<\/li>\n<li>Entrega global y apoyo a la cadena de suministro \u00a0<\/li>\n<\/ul>\t\t\t\t\t\t\t\t<\/div>\n\t\t\t\t<\/div>\n\t\t\t\t\t<\/div>\n\t\t\t\t<\/div>\n\t\t\t\t<\/div>","protected":false},"excerpt":{"rendered":"<p>Introduction to DC Charging Controller Mekel\u2019s DC DC charging controller is a high-performance control unit responsible for the monitoring, control, communication, and protection functions of the entire charging process. It features real-time monitoring of voltage, current, temperature, and fault status, ensuring peak efficiency (\u226596%) and uninterrupted service in public and commercial charging scenarios. With integrated [&hellip;]<\/p>","protected":false},"author":1,"featured_media":2983,"menu_order":0,"template":"","format":"standard","meta":{"_acf_changed":true,"site-sidebar-layout":"default","site-content-layout":"","ast-site-content-layout":"default","site-content-style":"default","site-sidebar-style":"default","ast-global-header-display":"","ast-banner-title-visibility":"","ast-main-header-display":"","ast-hfb-above-header-display":"","ast-hfb-below-header-display":"","ast-hfb-mobile-header-display":"","site-post-title":"","ast-breadcrumbs-content":"","ast-featured-img":"","footer-sml-layout":"","ast-disable-related-posts":"","theme-transparent-header-meta":"","adv-header-id-meta":"","stick-header-meta":"","header-above-stick-meta":"","header-main-stick-meta":"","header-below-stick-meta":"","astra-migrate-meta-layouts":"set","ast-page-background-enabled":"default","ast-page-background-meta":{"desktop":{"background-color":"","background-image":"","background-repeat":"repeat","background-position":"center center","background-size":"auto","background-attachment":"scroll","background-type":"","background-media":"","overlay-type":"","overlay-color":"","overlay-opacity":"","overlay-gradient":""},"tablet":{"background-color":"","background-image":"","background-repeat":"repeat","background-position":"center center","background-size":"auto","background-attachment":"scroll","background-type":"","background-media":"","overlay-type":"","overlay-color":"","overlay-opacity":"","overlay-gradient":""},"mobile":{"background-color":"","background-image":"","background-repeat":"repeat","background-position":"center center","background-size":"auto","background-attachment":"scroll","background-type":"","background-media":"","overlay-type":"","overlay-color":"","overlay-opacity":"","overlay-gradient":""}},"ast-content-background-meta":{"desktop":{"background-color":"var(--ast-global-color-5)","background-image":"","background-repeat":"repeat","background-position":"center center","background-size":"auto","background-attachment":"scroll","background-type":"","background-media":"","overlay-type":"","overlay-color":"","overlay-opacity":"","overlay-gradient":""},"tablet":{"background-color":"var(--ast-global-color-5)","background-image":"","background-repeat":"repeat","background-position":"center center","background-size":"auto","background-attachment":"scroll","background-type":"","background-media":"","overlay-type":"","overlay-color":"","overlay-opacity":"","overlay-gradient":""},"mobile":{"background-color":"var(--ast-global-color-5)","background-image":"","background-repeat":"repeat","background-position":"center center","background-size":"auto","background-attachment":"scroll","background-type":"","background-media":"","overlay-type":"","overlay-color":"","overlay-opacity":"","overlay-gradient":""}},"footnotes":""},"product-category":[106],"product-tag":[],"class_list":["post-2981","product","type-product","status-publish","format-standard","has-post-thumbnail","hentry","product-category-dc-charging-controller"],"acf":[],"_links":{"self":[{"href":"https:\/\/www.mekeltech.com\/es\/wp-json\/wp\/v2\/product\/2981","targetHints":{"allow":["GET"]}}],"collection":[{"href":"https:\/\/www.mekeltech.com\/es\/wp-json\/wp\/v2\/product"}],"about":[{"href":"https:\/\/www.mekeltech.com\/es\/wp-json\/wp\/v2\/types\/product"}],"author":[{"embeddable":true,"href":"https:\/\/www.mekeltech.com\/es\/wp-json\/wp\/v2\/users\/1"}],"version-history":[{"count":14,"href":"https:\/\/www.mekeltech.com\/es\/wp-json\/wp\/v2\/product\/2981\/revisions"}],"predecessor-version":[{"id":6933,"href":"https:\/\/www.mekeltech.com\/es\/wp-json\/wp\/v2\/product\/2981\/revisions\/6933"}],"wp:featuredmedia":[{"embeddable":true,"href":"https:\/\/www.mekeltech.com\/es\/wp-json\/wp\/v2\/media\/2983"}],"wp:attachment":[{"href":"https:\/\/www.mekeltech.com\/es\/wp-json\/wp\/v2\/media?parent=2981"}],"wp:term":[{"taxonomy":"product-category","embeddable":true,"href":"https:\/\/www.mekeltech.com\/es\/wp-json\/wp\/v2\/product-category?post=2981"},{"taxonomy":"product-tag","embeddable":true,"href":"https:\/\/www.mekeltech.com\/es\/wp-json\/wp\/v2\/product-tag?post=2981"}],"curies":[{"name":"wp","href":"https:\/\/api.w.org\/{rel}","templated":true}]}}