{"id":2881,"date":"2025-05-25T10:32:10","date_gmt":"2025-05-25T02:32:10","guid":{"rendered":"https:\/\/mekeltech.com\/?post_type=product&#038;p=2881"},"modified":"2025-08-25T15:13:21","modified_gmt":"2025-08-25T07:13:21","slug":"dc-charging-cabinet","status":"publish","type":"product","link":"https:\/\/www.mekeltech.com\/es\/product\/dc-charging-cabinet\/","title":{"rendered":"Armario de carga de CC"},"content":{"rendered":"<div data-elementor-type=\"wp-post\" data-elementor-id=\"2881\" class=\"elementor elementor-2881\" data-elementor-post-type=\"product\">\n\t\t\t\t<div class=\"elementor-element elementor-element-b6b21d e-flex e-con-boxed e-con e-parent\" data-id=\"b6b21d\" data-element_type=\"container\">\n\t\t\t\t\t<div class=\"e-con-inner\">\n\t\t\t\t<div class=\"elementor-element elementor-element-1e94fb0 elementor-widget elementor-widget-heading\" data-id=\"1e94fb0\" data-element_type=\"widget\" data-widget_type=\"heading.default\">\n\t\t\t\t<div class=\"elementor-widget-container\">\n\t\t\t\t\t<h2 class=\"elementor-heading-title elementor-size-default\">Introducci\u00f3n al armario de carga de CC<\/h2>\t\t\t\t<\/div>\n\t\t\t\t<\/div>\n\t\t\t\t<div class=\"elementor-element elementor-element-c888902 elementor-widget elementor-widget-text-editor\" data-id=\"c888902\" data-element_type=\"widget\" data-widget_type=\"text-editor.default\">\n\t\t\t\t<div class=\"elementor-widget-container\">\n\t\t\t\t\t\t\t\t\t<p>DC Charging Cabinet de Mekel es una soluci\u00f3n robusta y de alta calidad hecha a medida para fabricantes y montadores de estaciones de carga de CC. Dise\u00f1ados para aplicaciones de alta potencia, nuestros armarios ofrecen una durabilidad excepcional, resistencia a la intemperie y personalizaci\u00f3n flexible para satisfacer las demandas de los mercados globales. Centrados en un dise\u00f1o estructural robusto y en la compatibilidad con diversos componentes internos, los armarios de CC de Mekel son la opci\u00f3n ideal para construir estaciones de carga de CC fiables y de alto rendimiento.<\/p>\t\t\t\t\t\t\t\t<\/div>\n\t\t\t\t<\/div>\n\t\t\t\t<div class=\"elementor-element elementor-element-ca14b01 elementor-widget elementor-widget-heading\" data-id=\"ca14b01\" data-element_type=\"widget\" data-widget_type=\"heading.default\">\n\t\t\t\t<div class=\"elementor-widget-container\">\n\t\t\t\t\t<h2 class=\"elementor-heading-title elementor-size-default\">\u00bfQu\u00e9 es un armario de carga de CC?<\/h2>\t\t\t\t<\/div>\n\t\t\t\t<\/div>\n\t\t\t\t<div class=\"elementor-element elementor-element-8c1cac7 elementor-widget elementor-widget-text-editor\" data-id=\"8c1cac7\" data-element_type=\"widget\" data-widget_type=\"text-editor.default\">\n\t\t\t\t<div class=\"elementor-widget-container\">\n\t\t\t\t\t\t\t\t\t<p>El armario de carga de CC es la carcasa exterior que aloja los componentes internos cr\u00edticos de las estaciones de carga de CC de alta potencia, incluidos los m\u00f3dulos de potencia, los sistemas de refrigeraci\u00f3n y las unidades de control. Dise\u00f1ado para la integraci\u00f3n compatible de m\u00f3dulos de potencia apilados, nuestro armario admite potencias de carga r\u00e1pida de entre 60 kW y 360 kW. Estos armarios son seguros y resistentes a la intemperie. A diferencia de los dise\u00f1os de armarios a medida que requieren una importante inversi\u00f3n inicial, los armarios est\u00e1ndar de Mekel ofrecen una soluci\u00f3n rentable que permite a los fabricantes y ensambladores racionalizar la producci\u00f3n sin comprometer la calidad ni el rendimiento.<\/p>\t\t\t\t\t\t\t\t<\/div>\n\t\t\t\t<\/div>\n\t\t\t\t<div class=\"elementor-element elementor-element-6d06177 elementor-widget elementor-widget-heading\" data-id=\"6d06177\" data-element_type=\"widget\" data-widget_type=\"heading.default\">\n\t\t\t\t<div class=\"elementor-widget-container\">\n\t\t\t\t\t<h2 class=\"elementor-heading-title elementor-size-default\">\u00bfC\u00f3mo funciona el armario de carga de CC?<\/h2>\t\t\t\t<\/div>\n\t\t\t\t<\/div>\n\t\t\t\t<div class=\"elementor-element elementor-element-8e699c5 elementor-widget elementor-widget-text-editor\" data-id=\"8e699c5\" data-element_type=\"widget\" data-widget_type=\"text-editor.default\">\n\t\t\t\t<div class=\"elementor-widget-container\">\n\t\t\t\t\t\t\t\t\t<p>Los fabricantes y ensambladores pueden seleccionar armarios en funci\u00f3n de los componentes internos necesarios para sus dise\u00f1os de estaciones de carga de CC, como m\u00f3dulos de potencia para la salida requerida, sistemas de gesti\u00f3n t\u00e9rmica y unidades de comunicaci\u00f3n. Mekel proporciona planos detallados de compatibilidad y unidades de muestra para su verificaci\u00f3n con el fin de garantizar una integraci\u00f3n perfecta. Nuestros armarios de carga de CC est\u00e1n dise\u00f1ados con disposiciones internas modulares para adaptarse a distintos tama\u00f1os y configuraciones de componentes, incluidos componentes de m\u00f3dulos de potencia y configuraciones de bombas de refrigeraci\u00f3n l\u00edquida para variantes de salida de alto kW. Nuestro equipo de soporte especializado ayuda a los clientes a identificar el armario \u00f3ptimo para sus necesidades espec\u00edficas.<\/p>\t\t\t\t\t\t\t\t<\/div>\n\t\t\t\t<\/div>\n\t\t\t\t<div class=\"elementor-element elementor-element-9de7f12 elementor-widget elementor-widget-heading\" data-id=\"9de7f12\" data-element_type=\"widget\" data-widget_type=\"heading.default\">\n\t\t\t\t<div class=\"elementor-widget-container\">\n\t\t\t\t\t<h2 class=\"elementor-heading-title elementor-size-default\">\u00bfPor qu\u00e9 elegir el armario de carga de corriente continua Mekel?<\/h2>\t\t\t\t<\/div>\n\t\t\t\t<\/div>\n\t\t\t\t<div class=\"elementor-element elementor-element-51d492b elementor-widget elementor-widget-heading\" data-id=\"51d492b\" data-element_type=\"widget\" data-widget_type=\"heading.default\">\n\t\t\t\t<div class=\"elementor-widget-container\">\n\t\t\t\t\t<h3 class=\"elementor-heading-title elementor-size-default\">Durabilidad inigualable para entornos exigentes<\/h3>\t\t\t\t<\/div>\n\t\t\t\t<\/div>\n\t\t\t\t<div class=\"elementor-element elementor-element-424fa0e elementor-widget elementor-widget-text-editor\" data-id=\"424fa0e\" data-element_type=\"widget\" data-widget_type=\"text-editor.default\">\n\t\t\t\t<div class=\"elementor-widget-container\">\n\t\t\t\t\t\t\t\t\t<p>Los armarios de carga de corriente continua de Mekel est\u00e1n fabricados con la mejor protecci\u00f3n contra la penetraci\u00f3n del sector, con una clasificaci\u00f3n IP54, que ofrece una protecci\u00f3n superior contra la penetraci\u00f3n de agua y polvo. Esto los hace ideales para instalaciones exteriores en condiciones meteorol\u00f3gicas extremas, desde fuertes lluvias hasta tormentas de polvo en el desierto. Gracias a su dise\u00f1o estructural y al uso de materiales de alta calidad, nuestros armarios de carga de CC son muy resistentes a los impactos, lo que garantiza su fiabilidad a largo plazo en diversos entornos, como carreteras, pol\u00edgonos industriales y aparcamientos p\u00fablicos. Esta durabilidad se traduce en una reducci\u00f3n de los costes de mantenimiento y una mayor confianza del cliente en las operaciones diarias.<\/p>\t\t\t\t\t\t\t\t<\/div>\n\t\t\t\t<\/div>\n\t\t\t\t<div class=\"elementor-element elementor-element-ab135a8 elementor-widget elementor-widget-heading\" data-id=\"ab135a8\" data-element_type=\"widget\" data-widget_type=\"heading.default\">\n\t\t\t\t<div class=\"elementor-widget-container\">\n\t\t\t\t\t<h3 class=\"elementor-heading-title elementor-size-default\">Cumplimiento de la certificaci\u00f3n mundial<\/h3>\t\t\t\t<\/div>\n\t\t\t\t<\/div>\n\t\t\t\t<div class=\"elementor-element elementor-element-396ee10 elementor-widget elementor-widget-text-editor\" data-id=\"396ee10\" data-element_type=\"widget\" data-widget_type=\"text-editor.default\">\n\t\t\t\t<div class=\"elementor-widget-container\">\n\t\t\t\t\t\t\t\t\t<p>Los armarios de carga de CC de Mekel est\u00e1n dise\u00f1ados para cumplir las estrictas normas mundiales, incluidas TUV, CE y UL. Tanto si se dirige al mercado europeo como al norteamericano, nuestros armarios de carga de CC simplifican el proceso de certificaci\u00f3n de sus estaciones de carga de CC. Esta compatibilidad global permite a los fabricantes y ensambladores construir con confianza productos para diversos mercados sin necesidad de costosos redise\u00f1os o pruebas adicionales.<\/p>\t\t\t\t\t\t\t\t<\/div>\n\t\t\t\t<\/div>\n\t\t\t\t<div class=\"elementor-element elementor-element-e29c235 elementor-widget elementor-widget-heading\" data-id=\"e29c235\" data-element_type=\"widget\" data-widget_type=\"heading.default\">\n\t\t\t\t<div class=\"elementor-widget-container\">\n\t\t\t\t\t<h3 class=\"elementor-heading-title elementor-size-default\">Soluciones flexibles para configuraciones internas<\/h3>\t\t\t\t<\/div>\n\t\t\t\t<\/div>\n\t\t\t\t<div class=\"elementor-element elementor-element-b91dfac elementor-widget elementor-widget-text-editor\" data-id=\"b91dfac\" data-element_type=\"widget\" data-widget_type=\"text-editor.default\">\n\t\t\t\t<div class=\"elementor-widget-container\">\n\t\t\t\t\t\t\t\t\t<p>Entendemos que las estaciones de carga de CC var\u00edan mucho en sus dise\u00f1os internos. Los armarios de carga de CC de Mekel ofrecen dise\u00f1os internos adaptables para acomodar una gama de m\u00f3dulos de potencia, sistemas de refrigeraci\u00f3n y unidades de control. Tambi\u00e9n proporcionamos componentes internos y soporte de dise\u00f1o. El soporte de marca, que incluye logotipos, complementos, acabados de color personalizados y dise\u00f1os de panel a medida, permite a los fabricantes alinear el armario con su identidad de marca \u00fanica.<\/p>\t\t\t\t\t\t\t\t<\/div>\n\t\t\t\t<\/div>\n\t\t\t\t<div class=\"elementor-element elementor-element-26d5be9 elementor-widget elementor-widget-heading\" data-id=\"26d5be9\" data-element_type=\"widget\" data-widget_type=\"heading.default\">\n\t\t\t\t<div class=\"elementor-widget-container\">\n\t\t\t\t\t<h2 class=\"elementor-heading-title elementor-size-default\">Caracter\u00edsticas principales de los armarios de carga de CC Mekel<\/h2>\t\t\t\t<\/div>\n\t\t\t\t<\/div>\n\t\t\t\t<div class=\"elementor-element elementor-element-361f17d elementor-widget elementor-widget-text-editor\" data-id=\"361f17d\" data-element_type=\"widget\" data-widget_type=\"text-editor.default\">\n\t\t\t\t<div class=\"elementor-widget-container\">\n\t\t\t\t\t\t\t\t\t<ul>\n<li>Compatible con estaciones de carga de CC de 60 kW a 480 kW<\/li>\n<li>Compatible con TUV, CE y UL \u00a0<\/li>\n<li>Soluciones personalizables: Grabado por l\u00e1ser, acabados en color, disposiciones internas modulares \u00a0<\/li>\n<li>Garant\u00eda de 2 a\u00f1os \u00a0<\/li>\n<li>Protecci\u00f3n superior contra la intemperie con clasificaci\u00f3n IP54 \u00a0<\/li>\n<li>Entrega global y apoyo a la cadena de suministro \u00a0<\/li>\n<\/ul>\t\t\t\t\t\t\t\t<\/div>\n\t\t\t\t<\/div>\n\t\t\t\t<div class=\"elementor-element elementor-element-7e9555b elementor-widget elementor-widget-heading\" data-id=\"7e9555b\" data-element_type=\"widget\" data-widget_type=\"heading.default\">\n\t\t\t\t<div class=\"elementor-widget-container\">\n\t\t\t\t\t<h2 class=\"elementor-heading-title elementor-size-default\">Especificaciones t\u00e9cnicas del armario de carga de CC<\/h2>\t\t\t\t<\/div>\n\t\t\t\t<\/div>\n\t\t\t\t<div class=\"elementor-element elementor-element-7ea9b34 elementor-widget elementor-widget-text-editor\" data-id=\"7ea9b34\" data-element_type=\"widget\" data-widget_type=\"text-editor.default\">\n\t\t\t\t<div class=\"elementor-widget-container\">\n\t\t\t\t\t\t\t\t\t<ul>\n<li>Estaci\u00f3n de carga de CC de alta potencia Armario met\u00e1lico<\/li>\n<li>Gama de potencias: 60kW - 480kW | Configuraciones de uno o dos ca\u00f1ones \u00a0<\/li>\n<li>Grado de impermeabilidad: IP54<\/li>\n<li>Certificaciones: CE, IEC 61851<\/li>\n<\/ul>\t\t\t\t\t\t\t\t<\/div>\n\t\t\t\t<\/div>\n\t\t\t\t<div class=\"elementor-element elementor-element-c1b5f27 elementor-widget elementor-widget-heading\" data-id=\"c1b5f27\" data-element_type=\"widget\" data-widget_type=\"heading.default\">\n\t\t\t\t<div class=\"elementor-widget-container\">\n\t\t\t\t\t<h2 class=\"elementor-heading-title elementor-size-default\">PREGUNTAS FRECUENTES<\/h2>\t\t\t\t<\/div>\n\t\t\t\t<\/div>\n\t\t\t\t<div class=\"elementor-element elementor-element-9c2b4dc elementor-widget elementor-widget-n-accordion\" data-id=\"9c2b4dc\" data-element_type=\"widget\" data-settings=\"{&quot;default_state&quot;:&quot;expanded&quot;,&quot;max_items_expended&quot;:&quot;one&quot;,&quot;n_accordion_animation_duration&quot;:{&quot;unit&quot;:&quot;ms&quot;,&quot;size&quot;:400,&quot;sizes&quot;:[]}}\" data-widget_type=\"nested-accordion.default\">\n\t\t\t\t<div class=\"elementor-widget-container\">\n\t\t\t\t\t\t\t<div class=\"e-n-accordion\" aria-label=\"Acorde\u00f3n. Abra los enlaces con Intro o Espacio, ci\u00e9rrelos con Escape y navegue con las teclas de flecha.\">\n\t\t\t\t\t\t<details id=\"e-n-accordion-item-1630\" class=\"e-n-accordion-item\" open>\n\t\t\t\t<summary class=\"e-n-accordion-item-title\" data-accordion-index=\"1\" tabindex=\"0\" aria-expanded=\"true\" aria-controls=\"e-n-accordion-item-1630\" >\n\t\t\t\t\t<span class='e-n-accordion-item-title-header'><div class=\"e-n-accordion-item-title-text\"> \u00bfPara qu\u00e9 tipos de estaciones de carga est\u00e1n dise\u00f1adas las cabinas de carga de CC? <\/div><\/span>\n\t\t\t\t\t\t\t<span class='e-n-accordion-item-title-icon'>\n\t\t\t<span class='e-opened' ><svg aria-hidden=\"true\" class=\"e-font-icon-svg e-fas-minus\" viewbox=\"0 0 448 512\" xmlns=\"http:\/\/www.w3.org\/2000\/svg\"><path d=\"M416 208H32c-17.67 0-32 14.33-32 32v32c0 17.67 14.33 32 32 32h384c17.67 0 32-14.33 32-32v-32c0-17.67-14.33-32-32-32z\"><\/path><\/svg><\/span>\n\t\t\t<span class='e-closed'><svg aria-hidden=\"true\" class=\"e-font-icon-svg e-fas-plus\" viewbox=\"0 0 448 512\" xmlns=\"http:\/\/www.w3.org\/2000\/svg\"><path d=\"M416 208H272V64c0-17.67-14.33-32-32-32h-32c-17.67 0-32 14.33-32 32v144H32c-17.67 0-32 14.33-32 32v32c0 17.67 14.33 32 32 32h144v144c0 17.67 14.33 32 32 32h32c17.67 0 32-14.33 32-32V304h144c17.67 0 32-14.33 32-32v-32c0-17.67-14.33-32-32-32z\"><\/path><\/svg><\/span>\n\t\t<\/span>\n\n\t\t\t\t\t\t<\/summary>\n\t\t\t\t<div role=\"region\" aria-labelledby=\"e-n-accordion-item-1630\" class=\"elementor-element elementor-element-f29351f e-con-full e-flex e-con e-child\" data-id=\"f29351f\" data-element_type=\"container\">\n\t\t\t\t<div class=\"elementor-element elementor-element-8cd5127 elementor-widget elementor-widget-text-editor\" data-id=\"8cd5127\" data-element_type=\"widget\" data-widget_type=\"text-editor.default\">\n\t\t\t\t<div class=\"elementor-widget-container\">\n\t\t\t\t\t\t\t\t\t<p>Estos armarios de carga de CC est\u00e1n dise\u00f1ados para estaciones de carga de CC de alta potencia con potencias de salida de 60 kW a 480 kW. Son adecuados para entornos interiores y exteriores, incluidas aplicaciones de carga comerciales, industriales y p\u00fablicas.<\/p>\t\t\t\t\t\t\t\t<\/div>\n\t\t\t\t<\/div>\n\t\t\t\t<\/div>\n\t\t\t\t\t<\/details>\n\t\t\t\t\t\t<details id=\"e-n-accordion-item-1631\" class=\"e-n-accordion-item\" >\n\t\t\t\t<summary class=\"e-n-accordion-item-title\" data-accordion-index=\"2\" tabindex=\"-1\" aria-expanded=\"false\" aria-controls=\"e-n-accordion-item-1631\" >\n\t\t\t\t\t<span class='e-n-accordion-item-title-header'><div class=\"e-n-accordion-item-title-text\"> \u00bfSon los armarios de carga de CC compatibles con los mercados mundiales? <\/div><\/span>\n\t\t\t\t\t\t\t<span class='e-n-accordion-item-title-icon'>\n\t\t\t<span class='e-opened' ><svg aria-hidden=\"true\" class=\"e-font-icon-svg e-fas-minus\" viewbox=\"0 0 448 512\" xmlns=\"http:\/\/www.w3.org\/2000\/svg\"><path d=\"M416 208H32c-17.67 0-32 14.33-32 32v32c0 17.67 14.33 32 32 32h384c17.67 0 32-14.33 32-32v-32c0-17.67-14.33-32-32-32z\"><\/path><\/svg><\/span>\n\t\t\t<span class='e-closed'><svg aria-hidden=\"true\" class=\"e-font-icon-svg e-fas-plus\" viewbox=\"0 0 448 512\" xmlns=\"http:\/\/www.w3.org\/2000\/svg\"><path d=\"M416 208H272V64c0-17.67-14.33-32-32-32h-32c-17.67 0-32 14.33-32 32v144H32c-17.67 0-32 14.33-32 32v32c0 17.67 14.33 32 32 32h144v144c0 17.67 14.33 32 32 32h32c17.67 0 32-14.33 32-32V304h144c17.67 0 32-14.33 32-32v-32c0-17.67-14.33-32-32-32z\"><\/path><\/svg><\/span>\n\t\t<\/span>\n\n\t\t\t\t\t\t<\/summary>\n\t\t\t\t<div role=\"region\" aria-labelledby=\"e-n-accordion-item-1631\" class=\"elementor-element elementor-element-9afbd5e e-con-full e-flex e-con e-child\" data-id=\"9afbd5e\" data-element_type=\"container\">\n\t\t\t\t<div class=\"elementor-element elementor-element-7c7c199 elementor-widget elementor-widget-text-editor\" data-id=\"7c7c199\" data-element_type=\"widget\" data-widget_type=\"text-editor.default\">\n\t\t\t\t<div class=\"elementor-widget-container\">\n\t\t\t\t\t\t\t\t\t<p>S\u00ed, los armarios de carga de CC de Mekel cumplen con las certificaciones TUV, CE y UL, lo que los hace adecuados para su despliegue en Europa, Norteam\u00e9rica y otras regiones de todo el mundo.<\/p>\t\t\t\t\t\t\t\t<\/div>\n\t\t\t\t<\/div>\n\t\t\t\t<\/div>\n\t\t\t\t\t<\/details>\n\t\t\t\t\t\t<details id=\"e-n-accordion-item-1632\" class=\"e-n-accordion-item\" >\n\t\t\t\t<summary class=\"e-n-accordion-item-title\" data-accordion-index=\"3\" tabindex=\"-1\" aria-expanded=\"false\" aria-controls=\"e-n-accordion-item-1632\" >\n\t\t\t\t\t<span class='e-n-accordion-item-title-header'><div class=\"e-n-accordion-item-title-text\"> \u00bfC\u00f3mo selecciono el armario de carga de CC adecuado para mi estaci\u00f3n de carga de CC? <\/div><\/span>\n\t\t\t\t\t\t\t<span class='e-n-accordion-item-title-icon'>\n\t\t\t<span class='e-opened' ><svg aria-hidden=\"true\" class=\"e-font-icon-svg e-fas-minus\" viewbox=\"0 0 448 512\" xmlns=\"http:\/\/www.w3.org\/2000\/svg\"><path d=\"M416 208H32c-17.67 0-32 14.33-32 32v32c0 17.67 14.33 32 32 32h384c17.67 0 32-14.33 32-32v-32c0-17.67-14.33-32-32-32z\"><\/path><\/svg><\/span>\n\t\t\t<span class='e-closed'><svg aria-hidden=\"true\" class=\"e-font-icon-svg e-fas-plus\" viewbox=\"0 0 448 512\" xmlns=\"http:\/\/www.w3.org\/2000\/svg\"><path d=\"M416 208H272V64c0-17.67-14.33-32-32-32h-32c-17.67 0-32 14.33-32 32v144H32c-17.67 0-32 14.33-32 32v32c0 17.67 14.33 32 32 32h144v144c0 17.67 14.33 32 32 32h32c17.67 0 32-14.33 32-32V304h144c17.67 0 32-14.33 32-32v-32c0-17.67-14.33-32-32-32z\"><\/path><\/svg><\/span>\n\t\t<\/span>\n\n\t\t\t\t\t\t<\/summary>\n\t\t\t\t<div role=\"region\" aria-labelledby=\"e-n-accordion-item-1632\" class=\"elementor-element elementor-element-b3631fb e-con-full e-flex e-con e-child\" data-id=\"b3631fb\" data-element_type=\"container\">\n\t\t\t\t<div class=\"elementor-element elementor-element-ee3eae4 elementor-widget elementor-widget-text-editor\" data-id=\"ee3eae4\" data-element_type=\"widget\" data-widget_type=\"text-editor.default\">\n\t\t\t\t<div class=\"elementor-widget-container\">\n\t\t\t\t\t\t\t\t\t<p>Empiece por identificar los componentes internos, como m\u00f3dulos de potencia, sistemas de refrigeraci\u00f3n y unidades de control, necesarios para su estaci\u00f3n de carga. A continuaci\u00f3n, eval\u00fae los requisitos de espacio y montaje de estos componentes. Mekel proporciona especificaciones detalladas y soporte de compatibilidad para ayudarle a elegir el armario ideal. P\u00f3ngase en contacto con nuestros representantes para obtener asistencia personalizada o solicitar muestras y planos.<\/p>\t\t\t\t\t\t\t\t<\/div>\n\t\t\t\t<\/div>\n\t\t\t\t<\/div>\n\t\t\t\t\t<\/details>\n\t\t\t\t\t<\/div>\n\t\t\t\t\t\t<\/div>\n\t\t\t\t<\/div>\n\t\t\t\t\t<\/div>\n\t\t\t\t<\/div>\n\t\t\t\t<\/div>","protected":false},"excerpt":{"rendered":"<p>Introduction to DC Charging Cabinet DC Charging Cabinet by Mekel is a robust, high-quality solution tailored for manufacturers and assemblers of DC charging stations. Designed for high-power applications, our cabinets offer exceptional durability, weather resistance, and flexible customization to meet the demands of global markets. With a focus on robust structural design and compatibility with [&hellip;]<\/p>","protected":false},"author":1,"featured_media":2882,"menu_order":0,"template":"","format":"standard","meta":{"_acf_changed":false,"site-sidebar-layout":"default","site-content-layout":"","ast-site-content-layout":"default","site-content-style":"default","site-sidebar-style":"default","ast-global-header-display":"","ast-banner-title-visibility":"","ast-main-header-display":"","ast-hfb-above-header-display":"","ast-hfb-below-header-display":"","ast-hfb-mobile-header-display":"","site-post-title":"","ast-breadcrumbs-content":"","ast-featured-img":"","footer-sml-layout":"","ast-disable-related-posts":"","theme-transparent-header-meta":"","adv-header-id-meta":"","stick-header-meta":"","header-above-stick-meta":"","header-main-stick-meta":"","header-below-stick-meta":"","astra-migrate-meta-layouts":"set","ast-page-background-enabled":"default","ast-page-background-meta":{"desktop":{"background-color":"","background-image":"","background-repeat":"repeat","background-position":"center center","background-size":"auto","background-attachment":"scroll","background-type":"","background-media":"","overlay-type":"","overlay-color":"","overlay-opacity":"","overlay-gradient":""},"tablet":{"background-color":"","background-image":"","background-repeat":"repeat","background-position":"center center","background-size":"auto","background-attachment":"scroll","background-type":"","background-media":"","overlay-type":"","overlay-color":"","overlay-opacity":"","overlay-gradient":""},"mobile":{"background-color":"","background-image":"","background-repeat":"repeat","background-position":"center center","background-size":"auto","background-attachment":"scroll","background-type":"","background-media":"","overlay-type":"","overlay-color":"","overlay-opacity":"","overlay-gradient":""}},"ast-content-background-meta":{"desktop":{"background-color":"var(--ast-global-color-5)","background-image":"","background-repeat":"repeat","background-position":"center center","background-size":"auto","background-attachment":"scroll","background-type":"","background-media":"","overlay-type":"","overlay-color":"","overlay-opacity":"","overlay-gradient":""},"tablet":{"background-color":"var(--ast-global-color-5)","background-image":"","background-repeat":"repeat","background-position":"center center","background-size":"auto","background-attachment":"scroll","background-type":"","background-media":"","overlay-type":"","overlay-color":"","overlay-opacity":"","overlay-gradient":""},"mobile":{"background-color":"var(--ast-global-color-5)","background-image":"","background-repeat":"repeat","background-position":"center center","background-size":"auto","background-attachment":"scroll","background-type":"","background-media":"","overlay-type":"","overlay-color":"","overlay-opacity":"","overlay-gradient":""}},"footnotes":""},"product-category":[103],"product-tag":[],"class_list":["post-2881","product","type-product","status-publish","format-standard","has-post-thumbnail","hentry","product-category-dc-charging-cabinet"],"acf":[],"_links":{"self":[{"href":"https:\/\/www.mekeltech.com\/es\/wp-json\/wp\/v2\/product\/2881","targetHints":{"allow":["GET"]}}],"collection":[{"href":"https:\/\/www.mekeltech.com\/es\/wp-json\/wp\/v2\/product"}],"about":[{"href":"https:\/\/www.mekeltech.com\/es\/wp-json\/wp\/v2\/types\/product"}],"author":[{"embeddable":true,"href":"https:\/\/www.mekeltech.com\/es\/wp-json\/wp\/v2\/users\/1"}],"version-history":[{"count":28,"href":"https:\/\/www.mekeltech.com\/es\/wp-json\/wp\/v2\/product\/2881\/revisions"}],"predecessor-version":[{"id":6985,"href":"https:\/\/www.mekeltech.com\/es\/wp-json\/wp\/v2\/product\/2881\/revisions\/6985"}],"wp:featuredmedia":[{"embeddable":true,"href":"https:\/\/www.mekeltech.com\/es\/wp-json\/wp\/v2\/media\/2882"}],"wp:attachment":[{"href":"https:\/\/www.mekeltech.com\/es\/wp-json\/wp\/v2\/media?parent=2881"}],"wp:term":[{"taxonomy":"product-category","embeddable":true,"href":"https:\/\/www.mekeltech.com\/es\/wp-json\/wp\/v2\/product-category?post=2881"},{"taxonomy":"product-tag","embeddable":true,"href":"https:\/\/www.mekeltech.com\/es\/wp-json\/wp\/v2\/product-tag?post=2881"}],"curies":[{"name":"wp","href":"https:\/\/api.w.org\/{rel}","templated":true}]}}