{"id":2868,"date":"2025-05-09T12:14:04","date_gmt":"2025-05-09T04:14:04","guid":{"rendered":"https:\/\/mekeltech.com\/?post_type=product&#038;p=2868"},"modified":"2025-08-25T15:38:27","modified_gmt":"2025-08-25T07:38:27","slug":"electrical-junction-box","status":"publish","type":"product","link":"https:\/\/www.mekeltech.com\/es\/product\/electrical-junction-box\/","title":{"rendered":"Caja de conexiones el\u00e9ctricas"},"content":{"rendered":"<div data-elementor-type=\"wp-post\" data-elementor-id=\"2868\" class=\"elementor elementor-2868\" data-elementor-post-type=\"product\">\n\t\t\t\t<div class=\"elementor-element elementor-element-1078a445 e-flex e-con-boxed e-con e-parent\" data-id=\"1078a445\" data-element_type=\"container\">\n\t\t\t\t\t<div class=\"e-con-inner\">\n\t\t\t\t<div class=\"elementor-element elementor-element-3f0bac4 elementor-widget elementor-widget-heading\" data-id=\"3f0bac4\" data-element_type=\"widget\" data-widget_type=\"heading.default\">\n\t\t\t\t<div class=\"elementor-widget-container\">\n\t\t\t\t\t<h2 class=\"elementor-heading-title elementor-size-default\">Introducci\u00f3n a las cajas de conexiones el\u00e9ctricas<\/h2>\t\t\t\t<\/div>\n\t\t\t\t<\/div>\n\t\t\t\t<div class=\"elementor-element elementor-element-9e3260f elementor-widget elementor-widget-text-editor\" data-id=\"9e3260f\" data-element_type=\"widget\" data-widget_type=\"text-editor.default\">\n\t\t\t\t<div class=\"elementor-widget-container\">\n\t\t\t\t\t\t\t\t\t<p>Mekel ofrece una gran variedad de productos de cajas de conexiones el\u00e9ctricas para proporcionar un alojamiento robusto y resistente a la intemperie para los disyuntores y las tomas industriales (si es necesario) necesarios para la instalaci\u00f3n de estaciones de recarga de VE. Nuestras cajas de conexiones el\u00e9ctricas cuentan con una clasificaci\u00f3n de resistencia a la intemperie IP65\/IP66 para proteger los dispositivos el\u00e9ctricos de la lluvia y el polvo. Tambi\u00e9n admitimos personalizaciones, como orificios ciegos preperforados, para que se adapten perfectamente a su caso de uso espec\u00edfico. P\u00f3ngase en contacto con nosotros para recibir asesoramiento gratuito sobre la caja de empalmes el\u00e9ctricos adecuada para usted.<\/p>\t\t\t\t\t\t\t\t<\/div>\n\t\t\t\t<\/div>\n\t\t\t\t<div class=\"elementor-element elementor-element-b13aa75 elementor-widget elementor-widget-heading\" data-id=\"b13aa75\" data-element_type=\"widget\" data-widget_type=\"heading.default\">\n\t\t\t\t<div class=\"elementor-widget-container\">\n\t\t\t\t\t<h2 class=\"elementor-heading-title elementor-size-default\">\u00bfPor qu\u00e9 elegir la caja de empalmes el\u00e9ctrica?<\/h2>\t\t\t\t<\/div>\n\t\t\t\t<\/div>\n\t\t\t\t<div class=\"elementor-element elementor-element-e14e173 elementor-widget elementor-widget-text-editor\" data-id=\"e14e173\" data-element_type=\"widget\" data-widget_type=\"text-editor.default\">\n\t\t\t\t<div class=\"elementor-widget-container\">\n\t\t\t\t\t\t\t\t\t<p>Para los compradores B2B, elegir la caja de empalmes el\u00e9ctrica adecuada significa reducir las costosas visitas a las instalaciones y cumplir los plazos de instalaci\u00f3n. Una caja de empalmes robusta y estanca a la lluvia protege los disyuntores y las tomas de corriente desde el primer d\u00eda hasta el d\u00e9cimo a\u00f1o, para que las flotas, las empresas de servicios p\u00fablicos y los instaladores gasten menos en mantenimiento y m\u00e1s en ampliar la red.<\/p>\t\t\t\t\t\t\t\t<\/div>\n\t\t\t\t<\/div>\n\t\t\t\t<div class=\"elementor-element elementor-element-91f9c1c elementor-widget elementor-widget-heading\" data-id=\"91f9c1c\" data-element_type=\"widget\" data-widget_type=\"heading.default\">\n\t\t\t\t<div class=\"elementor-widget-container\">\n\t\t\t\t\t<h2 class=\"elementor-heading-title elementor-size-default\">Caracter\u00edsticas de la caja de empalmes el\u00e9ctricos<\/h2>\t\t\t\t<\/div>\n\t\t\t\t<\/div>\n\t\t\t\t<div class=\"elementor-element elementor-element-8682a71 elementor-widget elementor-widget-text-editor\" data-id=\"8682a71\" data-element_type=\"widget\" data-widget_type=\"text-editor.default\">\n\t\t\t\t<div class=\"elementor-widget-container\">\n\t\t\t\t\t\t\t\t\t<ul>\n<li>Excelente resistencia a la intemperie<!-- \/wp:paragraph --><!-- wp:paragraph --><\/li>\n<li>F\u00e1cil de instalar<!-- \/wp:paragraph --><!-- wp:paragraph --><\/li>\n<li>Opciones de personalizaci\u00f3n<!-- \/wp:paragraph --><!-- wp:paragraph --><\/li>\n<li>Atenci\u00f3n al cliente<\/li>\n<\/ul>\t\t\t\t\t\t\t\t<\/div>\n\t\t\t\t<\/div>\n\t\t\t\t<div class=\"elementor-element elementor-element-dcca250 elementor-widget elementor-widget-text-editor\" data-id=\"dcca250\" data-element_type=\"widget\" data-widget_type=\"text-editor.default\">\n\t\t\t\t<div class=\"elementor-widget-container\">\n\t\t\t\t\t\t\t\t\t<!-- wp:paragraph {\"fontSize\":\"medium\"} -->\n<p class=\"has-medium-font-size\">\u00a0<\/p>\n<!-- \/wp:paragraph --><!-- wp:paragraph -->\n<p>\u00a0<\/p>\n<!-- \/wp:paragraph --><!-- wp:paragraph {\"fontSize\":\"medium\"} -->\n<p class=\"has-medium-font-size\">\u00a0<\/p>\n<!-- \/wp:paragraph --><!-- wp:paragraph -->\n<p>\u00a0<\/p>\n<!-- \/wp:paragraph --><!-- wp:paragraph -->\n<p>\u00a0<\/p>\n<!-- \/wp:paragraph -->\t\t\t\t\t\t\t\t<\/div>\n\t\t\t\t<\/div>\n\t\t\t\t\t<\/div>\n\t\t\t\t<\/div>\n\t\t\t\t<\/div>","protected":false},"excerpt":{"rendered":"<p>Introduction to Electrical Junction Box Mekel offers a great variety of electric junction box products to provide a robust and weatherproof housing for the circuit breakers and industrial sockets (if needed) required for EV charging station installation. Our Electrical Junction Boxes feature an IP65\/IP66 weatherproof rating to protect the electrical devices from rain and dust. [&hellip;]<\/p>","protected":false},"author":1,"featured_media":2871,"menu_order":0,"template":"","format":"standard","meta":{"_acf_changed":false,"site-sidebar-layout":"default","site-content-layout":"","ast-site-content-layout":"default","site-content-style":"default","site-sidebar-style":"default","ast-global-header-display":"","ast-banner-title-visibility":"","ast-main-header-display":"","ast-hfb-above-header-display":"","ast-hfb-below-header-display":"","ast-hfb-mobile-header-display":"","site-post-title":"","ast-breadcrumbs-content":"","ast-featured-img":"","footer-sml-layout":"","ast-disable-related-posts":"","theme-transparent-header-meta":"","adv-header-id-meta":"","stick-header-meta":"","header-above-stick-meta":"","header-main-stick-meta":"","header-below-stick-meta":"","astra-migrate-meta-layouts":"set","ast-page-background-enabled":"default","ast-page-background-meta":{"desktop":{"background-color":"","background-image":"","background-repeat":"repeat","background-position":"center center","background-size":"auto","background-attachment":"scroll","background-type":"","background-media":"","overlay-type":"","overlay-color":"","overlay-opacity":"","overlay-gradient":""},"tablet":{"background-color":"","background-image":"","background-repeat":"repeat","background-position":"center center","background-size":"auto","background-attachment":"scroll","background-type":"","background-media":"","overlay-type":"","overlay-color":"","overlay-opacity":"","overlay-gradient":""},"mobile":{"background-color":"","background-image":"","background-repeat":"repeat","background-position":"center center","background-size":"auto","background-attachment":"scroll","background-type":"","background-media":"","overlay-type":"","overlay-color":"","overlay-opacity":"","overlay-gradient":""}},"ast-content-background-meta":{"desktop":{"background-color":"var(--ast-global-color-5)","background-image":"","background-repeat":"repeat","background-position":"center center","background-size":"auto","background-attachment":"scroll","background-type":"","background-media":"","overlay-type":"","overlay-color":"","overlay-opacity":"","overlay-gradient":""},"tablet":{"background-color":"var(--ast-global-color-5)","background-image":"","background-repeat":"repeat","background-position":"center center","background-size":"auto","background-attachment":"scroll","background-type":"","background-media":"","overlay-type":"","overlay-color":"","overlay-opacity":"","overlay-gradient":""},"mobile":{"background-color":"var(--ast-global-color-5)","background-image":"","background-repeat":"repeat","background-position":"center center","background-size":"auto","background-attachment":"scroll","background-type":"","background-media":"","overlay-type":"","overlay-color":"","overlay-opacity":"","overlay-gradient":""}},"footnotes":""},"product-category":[94],"product-tag":[],"class_list":["post-2868","product","type-product","status-publish","format-standard","has-post-thumbnail","hentry","product-category-electrical-junction-box"],"acf":[],"_links":{"self":[{"href":"https:\/\/www.mekeltech.com\/es\/wp-json\/wp\/v2\/product\/2868","targetHints":{"allow":["GET"]}}],"collection":[{"href":"https:\/\/www.mekeltech.com\/es\/wp-json\/wp\/v2\/product"}],"about":[{"href":"https:\/\/www.mekeltech.com\/es\/wp-json\/wp\/v2\/types\/product"}],"author":[{"embeddable":true,"href":"https:\/\/www.mekeltech.com\/es\/wp-json\/wp\/v2\/users\/1"}],"version-history":[{"count":5,"href":"https:\/\/www.mekeltech.com\/es\/wp-json\/wp\/v2\/product\/2868\/revisions"}],"predecessor-version":[{"id":6990,"href":"https:\/\/www.mekeltech.com\/es\/wp-json\/wp\/v2\/product\/2868\/revisions\/6990"}],"wp:featuredmedia":[{"embeddable":true,"href":"https:\/\/www.mekeltech.com\/es\/wp-json\/wp\/v2\/media\/2871"}],"wp:attachment":[{"href":"https:\/\/www.mekeltech.com\/es\/wp-json\/wp\/v2\/media?parent=2868"}],"wp:term":[{"taxonomy":"product-category","embeddable":true,"href":"https:\/\/www.mekeltech.com\/es\/wp-json\/wp\/v2\/product-category?post=2868"},{"taxonomy":"product-tag","embeddable":true,"href":"https:\/\/www.mekeltech.com\/es\/wp-json\/wp\/v2\/product-tag?post=2868"}],"curies":[{"name":"wp","href":"https:\/\/api.w.org\/{rel}","templated":true}]}}