{"id":2859,"date":"2025-05-09T07:59:57","date_gmt":"2025-05-09T07:59:57","guid":{"rendered":"https:\/\/mekeltech.com\/?post_type=product&#038;p=2859"},"modified":"2025-08-21T09:45:44","modified_gmt":"2025-08-21T01:45:44","slug":"dc-v2l-discharger-for-tesla-nacs-port","status":"publish","type":"product","link":"https:\/\/www.mekeltech.com\/es\/product\/dc-v2l-discharger-for-tesla-nacs-port\/","title":{"rendered":"DC V2L Discharger for Tesla NACS Port- Soluci\u00f3n de alimentaci\u00f3n port\u00e1til para VE"},"content":{"rendered":"<div data-elementor-type=\"wp-post\" data-elementor-id=\"2859\" class=\"elementor elementor-2859\" data-elementor-post-type=\"product\">\n\t\t\t\t<div class=\"elementor-element elementor-element-4a0c9806 e-flex e-con-boxed e-con e-parent\" data-id=\"4a0c9806\" data-element_type=\"container\">\n\t\t\t\t\t<div class=\"e-con-inner\">\n\t\t\t\t<div class=\"elementor-element elementor-element-4f6cc8a elementor-widget elementor-widget-heading\" data-id=\"4f6cc8a\" data-element_type=\"widget\" data-widget_type=\"heading.default\">\n\t\t\t\t<div class=\"elementor-widget-container\">\n\t\t\t\t\t<h2 class=\"elementor-heading-title elementor-size-default\">Descargador DC V2L para Tesla NACS Port<\/h2>\t\t\t\t<\/div>\n\t\t\t\t<\/div>\n\t\t\t\t<div class=\"elementor-element elementor-element-dbd82cd elementor-widget elementor-widget-text-editor\" data-id=\"dbd82cd\" data-element_type=\"widget\" data-widget_type=\"text-editor.default\">\n\t\t\t\t<div class=\"elementor-widget-container\">\n\t\t\t\t\t\t\t\t\t<div data-lark-html-role=\"root\"><span class=\"text-only\" data-eleid=\"10\"><span class=\"text-only\" data-eleid=\"10\">Do you own a Tesla \/ an EV model that doesn\u2019t have built-in V2L functions? Now with our innovative DC V2L dischargers <span style=\"font-size: 16px;\">for Tesla NACS<\/span><\/span><\/span><span class=\"text-only\" data-eleid=\"10\">, you can effortlessly use your car battery to power your electronic appliances when you are on the road. Our DC V2L Discharger uses the car\u2019s DC charging port as power source and features 2 outlets with power up to 3.5KW for Tesla NACS port and 5KW for CCS2 port. You can use it to power all your camping appliances such as grill, cooker, refrigerator, lights, and more. You can also use it for emergency power backup during power outages.<\/span><\/div>\t\t\t\t\t\t\t\t<\/div>\n\t\t\t\t<\/div>\n\t\t\t\t<div class=\"elementor-element elementor-element-b47661f elementor-widget elementor-widget-heading\" data-id=\"b47661f\" data-element_type=\"widget\" data-widget_type=\"heading.default\">\n\t\t\t\t<div class=\"elementor-widget-container\">\n\t\t\t\t\t<h2 class=\"elementor-heading-title elementor-size-default\">How does Our DC V2L Discharger for Tesla NACS  Work? <\/h2>\t\t\t\t<\/div>\n\t\t\t\t<\/div>\n\t\t\t\t<div class=\"elementor-element elementor-element-53e5d74d elementor-widget elementor-widget-text-editor\" data-id=\"53e5d74d\" data-element_type=\"widget\" data-widget_type=\"text-editor.default\">\n\t\t\t\t<div class=\"elementor-widget-container\">\n\t\t\t\t\t\t\t\t\t<p data-start=\"1160\" data-end=\"1477\">Normally, vehicles with built-in V2L capability supply AC power directly through the charging port, which can be used with a simple V2L adapter. However, many EV models \u2014 such as Tesla \u2014 do not have native V2L functions. This can be frustrating for EV owners who want to make the most of their car\u2019s battery capacity.<\/p><p data-start=\"1479\" data-end=\"1889\">The Mekel DC V2L Discharger for Tesla NACS solves this limitation by drawing DC power directly from your car\u2019s DC charging port and converting it to AC power via a built-in inverter. This ensures safe and efficient energy conversion for powering your appliances. Simply connect the discharger to your vehicle\u2019s charging port, switch it on, and you\u2019re ready to power your devices just like plugging into a home outlet.<\/p>\t\t\t\t\t\t\t\t<\/div>\n\t\t\t\t<\/div>\n\t\t\t\t<div class=\"elementor-element elementor-element-d2d73f4 elementor-widget elementor-widget-heading\" data-id=\"d2d73f4\" data-element_type=\"widget\" data-widget_type=\"heading.default\">\n\t\t\t\t<div class=\"elementor-widget-container\">\n\t\t\t\t\t<h2 class=\"elementor-heading-title elementor-size-default\">Key Features of DC V2L Discharger for Tesla NACS Port<\/h2>\t\t\t\t<\/div>\n\t\t\t\t<\/div>\n\t\t\t\t<div class=\"elementor-element elementor-element-7eccb48 elementor-widget elementor-widget-text-editor\" data-id=\"7eccb48\" data-element_type=\"widget\" data-widget_type=\"text-editor.default\">\n\t\t\t\t<div class=\"elementor-widget-container\">\n\t\t\t\t\t\t\t\t\t<ul><li data-lark-html-role=\"root\"><span class=\"text-only\" data-eleid=\"22\">Para veh\u00edculos sin funciones V2L integradas <\/span><\/li><li data-lark-html-role=\"root\"><span class=\"text-only\" data-eleid=\"24\">Funciona con puertos NACS (Tesla) o CCS2 <\/span><\/li><li data-lark-html-role=\"root\"><span class=\"text-only\" data-eleid=\"26\">Potencia de salida de hasta 5 kW <\/span><\/li><li data-lark-html-role=\"root\"><span class=\"text-only\" data-eleid=\"28\">Tomas de corriente dobles<\/span><\/li><\/ul>\t\t\t\t\t\t\t\t<\/div>\n\t\t\t\t<\/div>\n\t\t\t\t\t<\/div>\n\t\t\t\t<\/div>\n\t\t\t\t<\/div>","protected":false},"excerpt":{"rendered":"<p>DC V2L Discharger for Tesla NACS Port Do you own a Tesla \/ an EV model that doesn\u2019t have built-in V2L functions? Now with our innovative DC V2L dischargers for Tesla NACS, you can effortlessly use your car battery to power your electronic appliances when you are on the road. Our DC V2L Discharger uses [&hellip;]<\/p>","protected":false},"author":1,"featured_media":2860,"menu_order":0,"template":"","format":"standard","meta":{"_acf_changed":false,"site-sidebar-layout":"default","site-content-layout":"","ast-site-content-layout":"default","site-content-style":"default","site-sidebar-style":"default","ast-global-header-display":"","ast-banner-title-visibility":"","ast-main-header-display":"","ast-hfb-above-header-display":"","ast-hfb-below-header-display":"","ast-hfb-mobile-header-display":"","site-post-title":"","ast-breadcrumbs-content":"","ast-featured-img":"","footer-sml-layout":"","ast-disable-related-posts":"","theme-transparent-header-meta":"","adv-header-id-meta":"","stick-header-meta":"","header-above-stick-meta":"","header-main-stick-meta":"","header-below-stick-meta":"","astra-migrate-meta-layouts":"set","ast-page-background-enabled":"default","ast-page-background-meta":{"desktop":{"background-color":"","background-image":"","background-repeat":"repeat","background-position":"center center","background-size":"auto","background-attachment":"scroll","background-type":"","background-media":"","overlay-type":"","overlay-color":"","overlay-opacity":"","overlay-gradient":""},"tablet":{"background-color":"","background-image":"","background-repeat":"repeat","background-position":"center center","background-size":"auto","background-attachment":"scroll","background-type":"","background-media":"","overlay-type":"","overlay-color":"","overlay-opacity":"","overlay-gradient":""},"mobile":{"background-color":"","background-image":"","background-repeat":"repeat","background-position":"center center","background-size":"auto","background-attachment":"scroll","background-type":"","background-media":"","overlay-type":"","overlay-color":"","overlay-opacity":"","overlay-gradient":""}},"ast-content-background-meta":{"desktop":{"background-color":"var(--ast-global-color-5)","background-image":"","background-repeat":"repeat","background-position":"center center","background-size":"auto","background-attachment":"scroll","background-type":"","background-media":"","overlay-type":"","overlay-color":"","overlay-opacity":"","overlay-gradient":""},"tablet":{"background-color":"var(--ast-global-color-5)","background-image":"","background-repeat":"repeat","background-position":"center center","background-size":"auto","background-attachment":"scroll","background-type":"","background-media":"","overlay-type":"","overlay-color":"","overlay-opacity":"","overlay-gradient":""},"mobile":{"background-color":"var(--ast-global-color-5)","background-image":"","background-repeat":"repeat","background-position":"center center","background-size":"auto","background-attachment":"scroll","background-type":"","background-media":"","overlay-type":"","overlay-color":"","overlay-opacity":"","overlay-gradient":""}},"footnotes":""},"product-category":[93],"product-tag":[],"class_list":["post-2859","product","type-product","status-publish","format-standard","has-post-thumbnail","hentry","product-category-vehicle-to-load-v2l"],"acf":[],"_links":{"self":[{"href":"https:\/\/www.mekeltech.com\/es\/wp-json\/wp\/v2\/product\/2859","targetHints":{"allow":["GET"]}}],"collection":[{"href":"https:\/\/www.mekeltech.com\/es\/wp-json\/wp\/v2\/product"}],"about":[{"href":"https:\/\/www.mekeltech.com\/es\/wp-json\/wp\/v2\/types\/product"}],"author":[{"embeddable":true,"href":"https:\/\/www.mekeltech.com\/es\/wp-json\/wp\/v2\/users\/1"}],"version-history":[{"count":20,"href":"https:\/\/www.mekeltech.com\/es\/wp-json\/wp\/v2\/product\/2859\/revisions"}],"predecessor-version":[{"id":6116,"href":"https:\/\/www.mekeltech.com\/es\/wp-json\/wp\/v2\/product\/2859\/revisions\/6116"}],"wp:featuredmedia":[{"embeddable":true,"href":"https:\/\/www.mekeltech.com\/es\/wp-json\/wp\/v2\/media\/2860"}],"wp:attachment":[{"href":"https:\/\/www.mekeltech.com\/es\/wp-json\/wp\/v2\/media?parent=2859"}],"wp:term":[{"taxonomy":"product-category","embeddable":true,"href":"https:\/\/www.mekeltech.com\/es\/wp-json\/wp\/v2\/product-category?post=2859"},{"taxonomy":"product-tag","embeddable":true,"href":"https:\/\/www.mekeltech.com\/es\/wp-json\/wp\/v2\/product-tag?post=2859"}],"curies":[{"name":"wp","href":"https:\/\/api.w.org\/{rel}","templated":true}]}}