{"id":2855,"date":"2025-05-10T07:58:42","date_gmt":"2025-05-10T07:58:42","guid":{"rendered":"https:\/\/mekeltech.com\/?post_type=product&#038;p=2855"},"modified":"2025-09-05T11:37:20","modified_gmt":"2025-09-05T03:37:20","slug":"dc-v2l-discharger-for-ccs2-port","status":"publish","type":"product","link":"https:\/\/www.mekeltech.com\/es\/product\/dc-v2l-discharger-for-ccs2-port\/","title":{"rendered":"Descargador de CC V2L para puerto CCS2: soluci\u00f3n de alimentaci\u00f3n port\u00e1til para veh\u00edculos el\u00e9ctricos"},"content":{"rendered":"<div data-elementor-type=\"wp-post\" data-elementor-id=\"2855\" class=\"elementor elementor-2855\" data-elementor-post-type=\"product\">\n\t\t\t\t<div class=\"elementor-element elementor-element-4a95899e e-flex e-con-boxed e-con e-parent\" data-id=\"4a95899e\" data-element_type=\"container\">\n\t\t\t\t\t<div class=\"e-con-inner\">\n\t\t\t\t<div class=\"elementor-element elementor-element-da866a4 elementor-widget elementor-widget-heading\" data-id=\"da866a4\" data-element_type=\"widget\" data-widget_type=\"heading.default\">\n\t\t\t\t<div class=\"elementor-widget-container\">\n\t\t\t\t\t<h2 class=\"elementor-heading-title elementor-size-default\">Descargador CC V2L para puerto CCS2<\/h2>\t\t\t\t<\/div>\n\t\t\t\t<\/div>\n\t\t\t\t<div class=\"elementor-element elementor-element-1ee4811 elementor-widget elementor-widget-text-editor\" data-id=\"1ee4811\" data-element_type=\"widget\" data-widget_type=\"text-editor.default\">\n\t\t\t\t<div class=\"elementor-widget-container\">\n\t\t\t\t\t\t\t\t\t<div data-lark-html-role=\"root\"><span class=\"text-only\" data-eleid=\"10\"> \u00bfTienes un Tesla \/ un modelo EV que no tiene funciones V2L integradas? Ahora con nuestros innovadores descargadores DC V2L para puerto CCS2, puede utilizar sin esfuerzo la bater\u00eda de su coche para alimentar sus aparatos electr\u00f3nicos cuando est\u00e9 de viaje. Nuestro descargador DC V2L utiliza el puerto de carga DC del coche como fuente de alimentaci\u00f3n y dispone de 2 salidas con una potencia de hasta 3,5KW para el puerto Tesla NACS y 5KW para el puerto CCS2. Puede utilizarlo para alimentar todos sus aparatos de camping, como la parrilla, la cocina, el frigor\u00edfico, las luces y mucho m\u00e1s. Tambi\u00e9n puede utilizarlo como respaldo de energ\u00eda de emergencia durante los cortes de energ\u00eda.<\/span><\/div>\t\t\t\t\t\t\t\t<\/div>\n\t\t\t\t<\/div>\n\t\t\t\t<div class=\"elementor-element elementor-element-f2c233c elementor-widget elementor-widget-heading\" data-id=\"f2c233c\" data-element_type=\"widget\" data-widget_type=\"heading.default\">\n\t\t\t\t<div class=\"elementor-widget-container\">\n\t\t\t\t\t<h2 class=\"elementor-heading-title elementor-size-default\">\n\u00bfC\u00f3mo funciona nuestro descargador DC V2L para puerto CCS2?<\/h2>\t\t\t\t<\/div>\n\t\t\t\t<\/div>\n\t\t\t\t<div class=\"elementor-element elementor-element-5cf6907c elementor-widget elementor-widget-text-editor\" data-id=\"5cf6907c\" data-element_type=\"widget\" data-widget_type=\"text-editor.default\">\n\t\t\t\t<div class=\"elementor-widget-container\">\n\t\t\t\t\t\t\t\t\t<div data-lark-html-role=\"root\"><span class=\"text-only\" data-eleid=\"15\">Normalmente, los veh\u00edculos compatibles con V2L suministran corriente alterna directamente a trav\u00e9s de su puerto de carga, que luego se utiliza para alimentar aparatos electr\u00f3nicos con un simple adaptador V2L. Sin embargo, algunos veh\u00edculos como Tesla no admiten V2L de esta forma t\u00edpica, lo que podr\u00eda suponer una molestia para los propietarios que no quieren comprometer su estilo de vida activo. <\/span> <span class=\"text-only\" data-eleid=\"17\">El descargador DC V2L de Mekel para puerto CCS2 sortea esta limitaci\u00f3n de forma inteligente extrayendo corriente continua directamente del puerto de carga DC del coche, que luego se convierte en corriente alterna a trav\u00e9s del inversor del descargador para alimentar de forma segura tus aparatos externos. Simplemente con\u00e9ctelo al puerto de carga del coche, encienda el dispositivo y estar\u00e1 listo para cargar sus dispositivos. <\/span><\/div>\t\t\t\t\t\t\t\t<\/div>\n\t\t\t\t<\/div>\n\t\t\t\t<div class=\"elementor-element elementor-element-3d00db9 elementor-widget elementor-widget-heading\" data-id=\"3d00db9\" data-element_type=\"widget\" data-widget_type=\"heading.default\">\n\t\t\t\t<div class=\"elementor-widget-container\">\n\t\t\t\t\t<h2 class=\"elementor-heading-title elementor-size-default\">Caracter\u00edsticas principales del descargador DC V2L para puerto CCS2<\/h2>\t\t\t\t<\/div>\n\t\t\t\t<\/div>\n\t\t\t\t<div class=\"elementor-element elementor-element-bc22011 elementor-widget elementor-widget-text-editor\" data-id=\"bc22011\" data-element_type=\"widget\" data-widget_type=\"text-editor.default\">\n\t\t\t\t<div class=\"elementor-widget-container\">\n\t\t\t\t\t\t\t\t\t<ul>\n<li data-lark-html-role=\"root\"><span class=\"text-only\" data-eleid=\"22\">Para veh\u00edculos sin funciones V2L integradas <\/span><\/li>\n<li data-lark-html-role=\"root\"><span class=\"text-only\" data-eleid=\"24\">Funciona con puertos NACS (Tesla) o CCS2 <\/span><\/li>\n<li data-lark-html-role=\"root\"><span class=\"text-only\" data-eleid=\"26\">Potencia de salida de hasta 5 kW <\/span><\/li>\n<li data-lark-html-role=\"root\"><span class=\"text-only\" data-eleid=\"28\">Tomas de corriente dobles<\/span><\/li>\n<\/ul>\t\t\t\t\t\t\t\t<\/div>\n\t\t\t\t<\/div>\n\t\t\t\t\t<\/div>\n\t\t\t\t<\/div>\n\t\t\t\t<\/div>","protected":false},"excerpt":{"rendered":"<p>DC V2L Discharger for CCS2 Port Do you own a Tesla \/ an EV model that doesn\u2019t have built-in V2L functions? Now with our innovative DC V2L dischargers for CCS2 Port, you can effortlessly use your car battery to power your electronic appliances when you are on the road. Our DC V2L Discharger uses the [&hellip;]<\/p>","protected":false},"author":1,"featured_media":2857,"menu_order":0,"template":"","format":"standard","meta":{"_acf_changed":true,"site-sidebar-layout":"default","site-content-layout":"","ast-site-content-layout":"default","site-content-style":"default","site-sidebar-style":"default","ast-global-header-display":"","ast-banner-title-visibility":"","ast-main-header-display":"","ast-hfb-above-header-display":"","ast-hfb-below-header-display":"","ast-hfb-mobile-header-display":"","site-post-title":"disabled","ast-breadcrumbs-content":"","ast-featured-img":"disabled","footer-sml-layout":"","ast-disable-related-posts":"","theme-transparent-header-meta":"","adv-header-id-meta":"","stick-header-meta":"","header-above-stick-meta":"","header-main-stick-meta":"","header-below-stick-meta":"","astra-migrate-meta-layouts":"set","ast-page-background-enabled":"default","ast-page-background-meta":{"desktop":{"background-color":"","background-image":"","background-repeat":"repeat","background-position":"center center","background-size":"auto","background-attachment":"scroll","background-type":"","background-media":"","overlay-type":"","overlay-color":"","overlay-opacity":"","overlay-gradient":""},"tablet":{"background-color":"","background-image":"","background-repeat":"repeat","background-position":"center center","background-size":"auto","background-attachment":"scroll","background-type":"","background-media":"","overlay-type":"","overlay-color":"","overlay-opacity":"","overlay-gradient":""},"mobile":{"background-color":"","background-image":"","background-repeat":"repeat","background-position":"center center","background-size":"auto","background-attachment":"scroll","background-type":"","background-media":"","overlay-type":"","overlay-color":"","overlay-opacity":"","overlay-gradient":""}},"ast-content-background-meta":{"desktop":{"background-color":"var(--ast-global-color-5)","background-image":"","background-repeat":"repeat","background-position":"center center","background-size":"auto","background-attachment":"scroll","background-type":"","background-media":"","overlay-type":"","overlay-color":"","overlay-opacity":"","overlay-gradient":""},"tablet":{"background-color":"var(--ast-global-color-5)","background-image":"","background-repeat":"repeat","background-position":"center center","background-size":"auto","background-attachment":"scroll","background-type":"","background-media":"","overlay-type":"","overlay-color":"","overlay-opacity":"","overlay-gradient":""},"mobile":{"background-color":"var(--ast-global-color-5)","background-image":"","background-repeat":"repeat","background-position":"center center","background-size":"auto","background-attachment":"scroll","background-type":"","background-media":"","overlay-type":"","overlay-color":"","overlay-opacity":"","overlay-gradient":""}},"footnotes":""},"product-category":[93],"product-tag":[],"class_list":["post-2855","product","type-product","status-publish","format-standard","has-post-thumbnail","hentry","product-category-vehicle-to-load-v2l"],"acf":[],"_links":{"self":[{"href":"https:\/\/www.mekeltech.com\/es\/wp-json\/wp\/v2\/product\/2855","targetHints":{"allow":["GET"]}}],"collection":[{"href":"https:\/\/www.mekeltech.com\/es\/wp-json\/wp\/v2\/product"}],"about":[{"href":"https:\/\/www.mekeltech.com\/es\/wp-json\/wp\/v2\/types\/product"}],"author":[{"embeddable":true,"href":"https:\/\/www.mekeltech.com\/es\/wp-json\/wp\/v2\/users\/1"}],"version-history":[{"count":27,"href":"https:\/\/www.mekeltech.com\/es\/wp-json\/wp\/v2\/product\/2855\/revisions"}],"predecessor-version":[{"id":7162,"href":"https:\/\/www.mekeltech.com\/es\/wp-json\/wp\/v2\/product\/2855\/revisions\/7162"}],"wp:featuredmedia":[{"embeddable":true,"href":"https:\/\/www.mekeltech.com\/es\/wp-json\/wp\/v2\/media\/2857"}],"wp:attachment":[{"href":"https:\/\/www.mekeltech.com\/es\/wp-json\/wp\/v2\/media?parent=2855"}],"wp:term":[{"taxonomy":"product-category","embeddable":true,"href":"https:\/\/www.mekeltech.com\/es\/wp-json\/wp\/v2\/product-category?post=2855"},{"taxonomy":"product-tag","embeddable":true,"href":"https:\/\/www.mekeltech.com\/es\/wp-json\/wp\/v2\/product-tag?post=2855"}],"curies":[{"name":"wp","href":"https:\/\/api.w.org\/{rel}","templated":true}]}}