{"id":2847,"date":"2025-05-01T07:50:03","date_gmt":"2025-05-01T07:50:03","guid":{"rendered":"https:\/\/mekeltech.com\/?post_type=product&#038;p=2847"},"modified":"2025-09-04T10:43:01","modified_gmt":"2025-09-04T02:43:01","slug":"european-to-tesla-dc-ev-charging-adapter-type2-ccs2","status":"publish","type":"product","link":"https:\/\/www.mekeltech.com\/es\/product\/european-to-tesla-dc-ev-charging-adapter-type2-ccs2\/","title":{"rendered":"Adaptador europeo a Tesla de carga de CC para VE (Tipo 2 - CCS2)"},"content":{"rendered":"<p>Fiable y f\u00e1cil de usar, el adaptador de carga para veh\u00edculos el\u00e9ctricos de CC de Tipo 2 a CCS2 permite que los veh\u00edculos con puerto est\u00e1ndar europeo (Tipo 2) se carguen r\u00e1pidamente con cargadores de CC Tesla (CCS2). El producto tiene un dise\u00f1o compacto para un f\u00e1cil almacenamiento y es plug-and-play sin necesidad de configuraciones adicionales. Viene con resistencia al agua IP54 y resistencia a temperaturas de -30\u00b0C a +50\u00b0C para una seguridad y durabilidad en las que puede confiar.<\/p>\n\n\n\n<h2 class=\"wp-block-heading has-medium-font-size\"><strong>Una soluci\u00f3n para cada est\u00e1ndar de carga<\/strong><strong><\/strong><\/h2>\n\n\n\n<p>Nuestra gama de adaptadores de carga para veh\u00edculos el\u00e9ctricos ofrece soluciones de conversi\u00f3n para todos los est\u00e1ndares de carga del mundo, incluidas conversiones entre puertos de carga estadounidenses de tipo 1, Tesla NACS, europeos de tipo 2, chinos GBT y japoneses Chademo.  Hable con nosotros para conocer los productos adaptadores perfectos para sus respectivos mercados.<\/p>\n\n\n\n<h3 class=\"wp-block-heading has-medium-font-size\"><strong>Calidad superior<\/strong><strong><\/strong><\/h3>\n\n\n\n<p>Nuestros adaptadores est\u00e1n fabricados con una carcasa termopl\u00e1stica de alta resistencia que proporciona una gran durabilidad y una aleaci\u00f3n de cobre plateado que ofrece una conductividad de primera clase, lo que ayudar\u00e1 a aumentar la satisfacci\u00f3n de sus clientes.<\/p>\n\n\n\n<h3 class=\"wp-block-heading has-medium-font-size\"><strong>F\u00e1cil de usar y de llevar<\/strong><strong><\/strong><\/h3>\n\n\n\n<p>Nuestros adaptadores tienen un dise\u00f1o compacto sin comprometer la funcionalidad. Admite carga de CA o CC de alta velocidad y cabe c\u00f3modamente en la guantera. Basta con colocarlo en la pistola de carga y conectarlo al puerto de carga del veh\u00edculo para disfrutar de una experiencia de carga perfecta.<\/p>\n\n\n\n<h2 class=\"wp-block-heading has-medium-font-size\"><strong>Producto Alto<\/strong><strong>luz<\/strong><strong><\/strong><\/h2>\n\n\n\n<ul class=\"wp-block-list\">\n<li>Todas las normas de tarificaci\u00f3n<\/li>\n\n\n\n<li>Materiales de primera calidad<\/li>\n\n\n\n<li>Protecci\u00f3n contra la intemperie<\/li>\n\n\n\n<li>Preparaci\u00f3n de la producci\u00f3n<\/li>\n\n\n\n<li>Entrega r\u00e1pida<\/li>\n<\/ul>\n\n\n\n<h2 class=\"wp-block-heading has-medium-font-size\"><strong>Producto<\/strong><strong>&nbsp;<\/strong><strong>Detalles<\/strong><strong><\/strong><\/h2>\n\n\n\n<figure class=\"wp-block-table\"><table class=\"has-fixed-layout\"><tbody><tr><td><strong>Nombre del producto<\/strong><strong><\/strong><\/td><td><strong>Tipo 2 a CCS2<\/strong> <strong>Adaptador de carga de CC<\/strong><\/td><\/tr><tr><td><strong>Corriente nominal<\/strong><strong><\/strong><\/td><td><strong>M\u00e1x. 250 A<\/strong><strong><\/strong><\/td><\/tr><tr><td><strong>Tensi\u00f3n nominal <\/strong><strong><\/strong><\/td><td><strong>M\u00e1x. 1000 V CC<\/strong><strong><\/strong><\/td><\/tr><tr><td><strong>Resistencia al agua <\/strong><strong><\/strong><\/td><td><strong>IP54 (cuando est\u00e1 enchufado)<\/strong><strong><\/strong><\/td><\/tr><tr><td><strong>Exterior <\/strong><strong><\/strong><\/td><td><strong>Termopl\u00e1stico<\/strong><strong>\uff08TBC\uff09<\/strong><strong><\/strong><\/td><\/tr><tr><td><strong>Clavija conductora<\/strong><strong><\/strong><\/td><td><strong>Aleaci\u00f3n de cobre, plateado<\/strong><strong><\/strong><\/td><\/tr><tr><td><strong>Temperatura de trabajo <\/strong><strong><\/strong><\/td><td><strong>-30\u00b0C a +50\u00b0C<\/strong><strong><\/strong><\/td><\/tr><tr><td><strong>Peso neto<\/strong><strong><\/strong><\/td><td><strong>1,6 kg<\/strong><strong><\/strong><\/td><\/tr><tr><td><strong>Dimensiones<\/strong><strong><\/strong><\/td><td><strong>294*95*145mm<\/strong><strong><\/strong><\/td><\/tr><\/tbody><\/table><\/figure>\n\n\n\n<p class=\"has-medium-font-size\"><\/p>\n\n\n\n<h2 class=\"wp-block-heading has-medium-font-size\"><strong>PREGUNTAS FRECUENTES<\/strong><strong><\/strong><\/h2>\n\n\n\n<p><strong>\u00bfCu\u00e1l es la funci\u00f3n de un adaptador de carga para veh\u00edculos el\u00e9ctricos? <\/strong><\/p>\n\n\n\n<p>Un adaptador de carga para VE permite a un veh\u00edculo utilizar una estaci\u00f3n de carga que tenga un est\u00e1ndar de carga diferente. Por ejemplo, un coche importado de China que tenga un puerto de carga de tipo GBT puede cargarse con el enchufe europeo de tipo 2, utilizando un adaptador de tipo 2 a GBT.<\/p>\n\n\n\n<p><strong class=\"\">P: \u00bfQu\u00e9 certificaciones de seguridad tiene este Tipo 2-CCS2 DC <strong>Adaptador de carga para VE<\/strong> \u00bfPas\u00f3?<\/strong><\/p>\n\n\n\n<p>R: Cuenta con la certificaci\u00f3n CE\/ROHS, y los componentes principales han superado la prueba ISO 20653 de resistencia al polvo y al agua y la certificaci\u00f3n UL94 V-0 de retardante de llama.<\/p>\n\n\n\n<p><strong>P: \u00bfCu\u00e1nta potencia tiene este Tipo 2-CCS2 <strong>Adaptador de carga para VE<\/strong> \u00bfapoyo a la carga r\u00e1pida?<\/strong><\/p>\n\n\n\n<p>R: Este producto soporta hasta 250A\/1000V DC de carga r\u00e1pida (250kW), satisfaciendo las necesidades de carga a velocidad extrema de los modelos convencionales.<\/p>\n\n\n\n<p><strong class=\"\">frage_abgekuerzt}: \u00bfPuede este europeo a Tesla DC <strong>Adaptador de carga para VE<\/strong> utilizarse normalmente en un entorno de baja temperatura de -20\u2103?<\/strong><\/p>\n\n\n\n<p>R: S\u00ed, este <strong class=\"\">Adaptador de carga para VE<\/strong> ha superado la prueba de fr\u00edo extremo de -30\u2103, y el sensor de temperatura incorporado se utiliza para la supervisi\u00f3n en tiempo real a fin de garantizar un funcionamiento seguro en toda la gama de temperaturas de -30\u00b0C a 50\u00b0C.<\/p>\n\n\n\n<p><strong class=\"\">P: \u00bfEsto <strong>Adaptador de carga para VE<\/strong> \u00bfrequieren configuraci\u00f3n adicional?<\/strong><\/p>\n\n\n\n<p>R: No requiere configuraci\u00f3n. Nuestro <strong class=\"\">Adaptador de carga para VE<\/strong> es totalmente plug-and-play y listo para usar para una experiencia sin complicaciones.<\/p>","protected":false},"excerpt":{"rendered":"<p>Reliable and easy to use, the Type 2 to CCS2 DC EV charging adapter allows vehicles with European standard port (Type 2) to fast charge using Tesla DC chargers (CCS2). The product has a compact&nbsp;design for easy storage and is plug-and-play without needing additional setups. Comes with IP54 water resistance and temperature endurance of -30\u00b0C [&hellip;]<\/p>","protected":false},"author":1,"featured_media":3359,"menu_order":0,"template":"","format":"standard","meta":{"_acf_changed":true,"site-sidebar-layout":"default","site-content-layout":"","ast-site-content-layout":"default","site-content-style":"default","site-sidebar-style":"default","ast-global-header-display":"","ast-banner-title-visibility":"","ast-main-header-display":"","ast-hfb-above-header-display":"","ast-hfb-below-header-display":"","ast-hfb-mobile-header-display":"","site-post-title":"","ast-breadcrumbs-content":"","ast-featured-img":"","footer-sml-layout":"","ast-disable-related-posts":"","theme-transparent-header-meta":"","adv-header-id-meta":"","stick-header-meta":"","header-above-stick-meta":"","header-main-stick-meta":"","header-below-stick-meta":"","astra-migrate-meta-layouts":"set","ast-page-background-enabled":"default","ast-page-background-meta":{"desktop":{"background-color":"","background-image":"","background-repeat":"repeat","background-position":"center center","background-size":"auto","background-attachment":"scroll","background-type":"","background-media":"","overlay-type":"","overlay-color":"","overlay-opacity":"","overlay-gradient":""},"tablet":{"background-color":"","background-image":"","background-repeat":"repeat","background-position":"center center","background-size":"auto","background-attachment":"scroll","background-type":"","background-media":"","overlay-type":"","overlay-color":"","overlay-opacity":"","overlay-gradient":""},"mobile":{"background-color":"","background-image":"","background-repeat":"repeat","background-position":"center center","background-size":"auto","background-attachment":"scroll","background-type":"","background-media":"","overlay-type":"","overlay-color":"","overlay-opacity":"","overlay-gradient":""}},"ast-content-background-meta":{"desktop":{"background-color":"var(--ast-global-color-5)","background-image":"","background-repeat":"repeat","background-position":"center center","background-size":"auto","background-attachment":"scroll","background-type":"","background-media":"","overlay-type":"","overlay-color":"","overlay-opacity":"","overlay-gradient":""},"tablet":{"background-color":"var(--ast-global-color-5)","background-image":"","background-repeat":"repeat","background-position":"center center","background-size":"auto","background-attachment":"scroll","background-type":"","background-media":"","overlay-type":"","overlay-color":"","overlay-opacity":"","overlay-gradient":""},"mobile":{"background-color":"var(--ast-global-color-5)","background-image":"","background-repeat":"repeat","background-position":"center center","background-size":"auto","background-attachment":"scroll","background-type":"","background-media":"","overlay-type":"","overlay-color":"","overlay-opacity":"","overlay-gradient":""}},"footnotes":""},"product-category":[89],"product-tag":[],"class_list":["post-2847","product","type-product","status-publish","format-standard","has-post-thumbnail","hentry","product-category-charging-adapter"],"acf":[],"_links":{"self":[{"href":"https:\/\/www.mekeltech.com\/es\/wp-json\/wp\/v2\/product\/2847","targetHints":{"allow":["GET"]}}],"collection":[{"href":"https:\/\/www.mekeltech.com\/es\/wp-json\/wp\/v2\/product"}],"about":[{"href":"https:\/\/www.mekeltech.com\/es\/wp-json\/wp\/v2\/types\/product"}],"author":[{"embeddable":true,"href":"https:\/\/www.mekeltech.com\/es\/wp-json\/wp\/v2\/users\/1"}],"version-history":[{"count":8,"href":"https:\/\/www.mekeltech.com\/es\/wp-json\/wp\/v2\/product\/2847\/revisions"}],"predecessor-version":[{"id":7092,"href":"https:\/\/www.mekeltech.com\/es\/wp-json\/wp\/v2\/product\/2847\/revisions\/7092"}],"wp:featuredmedia":[{"embeddable":true,"href":"https:\/\/www.mekeltech.com\/es\/wp-json\/wp\/v2\/media\/3359"}],"wp:attachment":[{"href":"https:\/\/www.mekeltech.com\/es\/wp-json\/wp\/v2\/media?parent=2847"}],"wp:term":[{"taxonomy":"product-category","embeddable":true,"href":"https:\/\/www.mekeltech.com\/es\/wp-json\/wp\/v2\/product-category?post=2847"},{"taxonomy":"product-tag","embeddable":true,"href":"https:\/\/www.mekeltech.com\/es\/wp-json\/wp\/v2\/product-tag?post=2847"}],"curies":[{"name":"wp","href":"https:\/\/api.w.org\/{rel}","templated":true}]}}