{"id":2845,"date":"2025-05-02T07:48:19","date_gmt":"2025-05-02T07:48:19","guid":{"rendered":"https:\/\/mekeltech.com\/?post_type=product&#038;p=2845"},"modified":"2025-08-07T17:06:11","modified_gmt":"2025-08-07T09:06:11","slug":"european-to-tesla-ac-type2-ccs2-ev-charging-adapter","status":"publish","type":"product","link":"https:\/\/www.mekeltech.com\/es\/product\/european-to-tesla-ac-type2-ccs2-ev-charging-adapter\/","title":{"rendered":"Adaptador de carga europeo a Tesla AC (Tipo 2 - CCS2) para veh\u00edculos el\u00e9ctricos"},"content":{"rendered":"<p>Fiable y f\u00e1cil de usar, el adaptador de carga CCS2 a GBT para veh\u00edculos el\u00e9ctricos permite que los veh\u00edculos con puerto est\u00e1ndar chino (GBT) se carguen r\u00e1pidamente con cargadores de CC de est\u00e1ndar europeo (CCS2). El producto tiene un dise\u00f1o compacto para facilitar su almacenamiento y es plug-and-play sin necesidad de configuraciones adicionales. Viene con resistencia al agua IP54 y resistencia a temperaturas de -30\u00b0C a +50\u00b0C para una seguridad y durabilidad en las que puede confiar.<\/p>\n\n\n\n<p class=\"has-medium-font-size\"><strong>Una soluci\u00f3n para cada est\u00e1ndar de carga<\/strong><strong><\/strong><\/p>\n\n\n\n<p>Nuestra gama de adaptadores de carga para veh\u00edculos el\u00e9ctricos ofrece soluciones de conversi\u00f3n para todos los est\u00e1ndares de carga del mundo, incluidas conversiones entre puertos de carga estadounidenses de tipo 1, Tesla NACS, europeos de tipo 2, chinos GBT y japoneses Chademo.  Hable con nosotros para conocer los productos adaptadores perfectos para sus respectivos mercados.<\/p>\n\n\n\n<p class=\"has-medium-font-size\"><strong>Calidad superior<\/strong><strong><\/strong><\/p>\n\n\n\n<p>Nuestros adaptadores est\u00e1n fabricados con una carcasa termopl\u00e1stica de alta resistencia que proporciona una gran durabilidad y una aleaci\u00f3n de cobre plateado que ofrece una conductividad de primera clase, lo que ayudar\u00e1 a aumentar la satisfacci\u00f3n de sus clientes.<\/p>\n\n\n\n<p class=\"has-medium-font-size\"><strong>F\u00e1cil de usar y de llevar<\/strong><strong><\/strong><\/p>\n\n\n\n<p>Nuestros adaptadores tienen un dise\u00f1o compacto sin comprometer la funcionalidad. Admite carga de CA o CC de alta velocidad y cabe c\u00f3modamente en la guantera. Basta con colocarlo en la pistola de carga y conectarlo al puerto de carga del veh\u00edculo para disfrutar de una experiencia de carga perfecta.<\/p>\n\n\n\n<p class=\"has-medium-font-size\"><strong>Producto Alto<\/strong><strong>luz<\/strong><strong><\/strong><\/p>\n\n\n\n<ul class=\"wp-block-list\">\n<li>Todas las normas de tarificaci\u00f3n<\/li>\n\n\n\n<li>Materiales de primera calidad<\/li>\n\n\n\n<li>Protecci\u00f3n contra la intemperie<\/li>\n\n\n\n<li>Preparaci\u00f3n de la producci\u00f3n<\/li>\n\n\n\n<li>Entrega r\u00e1pida<\/li>\n<\/ul>\n\n\n\n<p class=\"has-medium-font-size\"><strong>Producto<\/strong><strong>&nbsp;<\/strong><strong>Detalles<\/strong><strong><\/strong><\/p>\n\n\n\n<figure class=\"wp-block-table\"><table class=\"has-fixed-layout\"><tbody><tr><td><strong>Nombre del producto<\/strong><strong><\/strong><\/td><td><strong>Adaptador de carga CCS2 a GBT<\/strong><strong><\/strong><\/td><\/tr><tr><td><strong>Corriente nominal<\/strong><strong><\/strong><\/td><td><strong>M\u00e1x. 250 A<\/strong><strong><\/strong><\/td><\/tr><tr><td><strong>Tensi\u00f3n nominal <\/strong><strong><\/strong><\/td><td><strong>M\u00e1x. 1000 V CC<\/strong><strong><\/strong><\/td><\/tr><tr><td><strong>Resistencia al agua <\/strong><strong><\/strong><\/td><td><strong>IP54 (cuando est\u00e1 enchufado)<\/strong><strong><\/strong><\/td><\/tr><tr><td><strong>Exterior <\/strong><strong><\/strong><\/td><td><strong>Termopl\u00e1stico<\/strong><strong>\uff08TBC\uff09<\/strong><strong><\/strong><\/td><\/tr><tr><td><strong>Clavija conductora<\/strong><strong><\/strong><\/td><td><strong>Aleaci\u00f3n de cobre, plateado<\/strong><strong><\/strong><\/td><\/tr><tr><td><strong>Temperatura de trabajo <\/strong><strong><\/strong><\/td><td><strong>-30\u00b0C a +50\u00b0C<\/strong><strong><\/strong><\/td><\/tr><tr><td><strong>Peso neto<\/strong><strong><\/strong><\/td><td><strong>1,6 kg<\/strong><strong><\/strong><\/td><\/tr><tr><td><strong>Dimensiones<\/strong><strong><\/strong><\/td><td><strong>294*95*145mm<\/strong><strong><\/strong><\/td><\/tr><\/tbody><\/table><\/figure>\n\n\n\n<p class=\"has-medium-font-size\"><strong>PREGUNTAS FRECUENTES<\/strong><strong><\/strong><\/p>\n\n\n\n<p class=\"has-medium-font-size\"><strong>\u00bfCu\u00e1l es la funci\u00f3n de un adaptador de carga para veh\u00edculos el\u00e9ctricos? <\/strong><strong><\/strong><\/p>\n\n\n\n<p>Un adaptador de carga para VE permite a un veh\u00edculo utilizar una estaci\u00f3n de carga que tenga un est\u00e1ndar de carga diferente. Por ejemplo, un coche importado de China que tenga un puerto de carga de tipo GBT puede cargarse con el enchufe europeo de tipo 2, utilizando un adaptador de tipo 2 a GBT.<\/p>\n\n\n\n<p><strong class=\"\">\u00bfC\u00f3mo conecto el adaptador de carga europeo a Tesla AC (Tipo 2 - CCS2) EV?<\/strong><\/p>\n\n\n\n<p>Para utilizar el <strong>Adaptador de carga para VE<\/strong>Simplemente inserte el enchufe de tipo 2 de la estaci\u00f3n en el extremo hembra del adaptador y, a continuaci\u00f3n, enchufe el extremo macho compatible con Tesla en el puerto de carga de su veh\u00edculo. La carga se iniciar\u00e1 autom\u00e1ticamente en cuesti\u00f3n de segundos.<\/p>\n\n\n\n<p><strong class=\"\">\u00bfEl adaptador de carga europeo a Tesla AC (Tipo 2 - CCS2) ralentizar\u00e1 mi velocidad de carga en comparaci\u00f3n con un conector de pared Tesla nativo?<\/strong><\/p>\n\n\n\n<p>No. Los conductores plateados del <strong class=\"\">Adaptador de carga para VE<\/strong> introducen una p\u00e9rdida de potencia &lt;0,3%, por lo que las velocidades de carga de CA de 11 kW o 22 kW siguen siendo id\u00e9nticas a las de la carga directa de Tipo 2.<\/p>\n\n\n\n<p><\/p>","protected":false},"excerpt":{"rendered":"<p>Reliable and easy to use, the CCS2 to GBT DC EV charging adapter allows vehicles with Chinese standard port (GBT) to fast charge using European standard DC chargers (CCS2). The product has a compact\u00a0design for easy storage and is plug-and-play without needing additional setups. Comes with IP54 water resistance and temperature endurance of -30\u00b0C to [&hellip;]<\/p>","protected":false},"author":1,"featured_media":3356,"menu_order":0,"template":"","format":"standard","meta":{"_acf_changed":false,"site-sidebar-layout":"default","site-content-layout":"","ast-site-content-layout":"default","site-content-style":"default","site-sidebar-style":"default","ast-global-header-display":"","ast-banner-title-visibility":"","ast-main-header-display":"","ast-hfb-above-header-display":"","ast-hfb-below-header-display":"","ast-hfb-mobile-header-display":"","site-post-title":"","ast-breadcrumbs-content":"","ast-featured-img":"","footer-sml-layout":"","ast-disable-related-posts":"","theme-transparent-header-meta":"","adv-header-id-meta":"","stick-header-meta":"","header-above-stick-meta":"","header-main-stick-meta":"","header-below-stick-meta":"","astra-migrate-meta-layouts":"set","ast-page-background-enabled":"default","ast-page-background-meta":{"desktop":{"background-color":"","background-image":"","background-repeat":"repeat","background-position":"center center","background-size":"auto","background-attachment":"scroll","background-type":"","background-media":"","overlay-type":"","overlay-color":"","overlay-opacity":"","overlay-gradient":""},"tablet":{"background-color":"","background-image":"","background-repeat":"repeat","background-position":"center center","background-size":"auto","background-attachment":"scroll","background-type":"","background-media":"","overlay-type":"","overlay-color":"","overlay-opacity":"","overlay-gradient":""},"mobile":{"background-color":"","background-image":"","background-repeat":"repeat","background-position":"center center","background-size":"auto","background-attachment":"scroll","background-type":"","background-media":"","overlay-type":"","overlay-color":"","overlay-opacity":"","overlay-gradient":""}},"ast-content-background-meta":{"desktop":{"background-color":"var(--ast-global-color-5)","background-image":"","background-repeat":"repeat","background-position":"center center","background-size":"auto","background-attachment":"scroll","background-type":"","background-media":"","overlay-type":"","overlay-color":"","overlay-opacity":"","overlay-gradient":""},"tablet":{"background-color":"var(--ast-global-color-5)","background-image":"","background-repeat":"repeat","background-position":"center center","background-size":"auto","background-attachment":"scroll","background-type":"","background-media":"","overlay-type":"","overlay-color":"","overlay-opacity":"","overlay-gradient":""},"mobile":{"background-color":"var(--ast-global-color-5)","background-image":"","background-repeat":"repeat","background-position":"center center","background-size":"auto","background-attachment":"scroll","background-type":"","background-media":"","overlay-type":"","overlay-color":"","overlay-opacity":"","overlay-gradient":""}},"footnotes":""},"product-category":[89],"product-tag":[],"class_list":["post-2845","product","type-product","status-publish","format-standard","has-post-thumbnail","hentry","product-category-charging-adapter"],"acf":[],"_links":{"self":[{"href":"https:\/\/www.mekeltech.com\/es\/wp-json\/wp\/v2\/product\/2845","targetHints":{"allow":["GET"]}}],"collection":[{"href":"https:\/\/www.mekeltech.com\/es\/wp-json\/wp\/v2\/product"}],"about":[{"href":"https:\/\/www.mekeltech.com\/es\/wp-json\/wp\/v2\/types\/product"}],"author":[{"embeddable":true,"href":"https:\/\/www.mekeltech.com\/es\/wp-json\/wp\/v2\/users\/1"}],"version-history":[{"count":5,"href":"https:\/\/www.mekeltech.com\/es\/wp-json\/wp\/v2\/product\/2845\/revisions"}],"predecessor-version":[{"id":5829,"href":"https:\/\/www.mekeltech.com\/es\/wp-json\/wp\/v2\/product\/2845\/revisions\/5829"}],"wp:featuredmedia":[{"embeddable":true,"href":"https:\/\/www.mekeltech.com\/es\/wp-json\/wp\/v2\/media\/3356"}],"wp:attachment":[{"href":"https:\/\/www.mekeltech.com\/es\/wp-json\/wp\/v2\/media?parent=2845"}],"wp:term":[{"taxonomy":"product-category","embeddable":true,"href":"https:\/\/www.mekeltech.com\/es\/wp-json\/wp\/v2\/product-category?post=2845"},{"taxonomy":"product-tag","embeddable":true,"href":"https:\/\/www.mekeltech.com\/es\/wp-json\/wp\/v2\/product-tag?post=2845"}],"curies":[{"name":"wp","href":"https:\/\/api.w.org\/{rel}","templated":true}]}}