{"id":2843,"date":"2025-05-03T07:45:54","date_gmt":"2025-05-03T07:45:54","guid":{"rendered":"https:\/\/mekeltech.com\/?post_type=product&#038;p=2843"},"modified":"2025-09-05T10:51:46","modified_gmt":"2025-09-05T02:51:46","slug":"ccs2-chademo-ev-charging-adapters","status":"publish","type":"product","link":"https:\/\/www.mekeltech.com\/es\/product\/ccs2-chademo-ev-charging-adapters\/","title":{"rendered":"Adaptadores de carga para VE CCS2-CHAdeMO"},"content":{"rendered":"<h2 class=\"wp-block-heading\">Introducci\u00f3n a la corriente continua de Europa a Jap\u00f3n (CCS2-CHAdeMO)<\/h2>\n\n\n\n<p>Fiables y f\u00e1ciles de usar, los adaptadores de carga CCS2 a CHAdeMO DC para VE permiten que los veh\u00edculos con puerto est\u00e1ndar japon\u00e9s (CHAdeMO ) se carguen r\u00e1pidamente con cargadores CC de est\u00e1ndar europeo (CCS2). El producto tiene un dise\u00f1o compacto para un f\u00e1cil almacenamiento y es plug-and-play sin necesidad de configuraciones adicionales. Viene con resistencia al agua IP54 y resistencia a temperaturas de -30\u00b0C a +50\u00b0C para una seguridad y durabilidad en las que puede confiar.<\/p>\n\n\n\n<h2 class=\"wp-block-heading\">Caracter\u00edsticas de los adaptadores de carga para veh\u00edculos el\u00e9ctricos Mekel<\/h2>\n\n\n\n<h3 class=\"wp-block-heading\">Una soluci\u00f3n para cada est\u00e1ndar de carga<\/h3>\n\n\n\n<p>Nuestra gama de adaptadores de carga para veh\u00edculos el\u00e9ctricos ofrece soluciones de conversi\u00f3n para todos los est\u00e1ndares de carga del mundo, incluidas las conversiones entre puertos de carga estadounidenses de tipo 1, Tesla NACS, europeos de tipo 2, chinos GBT y japoneses Chademo.  Hable con nosotros para conocer los productos adaptadores perfectos para sus respectivos mercados.<\/p>\n\n\n\n<h3 class=\"wp-block-heading has-medium-font-size\"><strong>Calidad superior<\/strong><strong><\/strong><\/h3>\n\n\n\n<p>Nuestros adaptadores est\u00e1n fabricados con una carcasa termopl\u00e1stica de alta resistencia que proporciona una gran durabilidad y una aleaci\u00f3n de cobre plateado que ofrece una conductividad de primera clase, lo que ayudar\u00e1 a aumentar la satisfacci\u00f3n de sus clientes.<\/p>\n\n\n\n<h3 class=\"wp-block-heading has-medium-font-size\"><strong>F\u00e1cil de usar y de llevar<\/strong><strong><\/strong><\/h3>\n\n\n\n<p>Nuestros adaptadores tienen un dise\u00f1o compacto sin comprometer la funcionalidad. Admite carga de CA o CC de alta velocidad y cabe c\u00f3modamente en la guantera. Basta con colocarlo en la pistola de carga y conectarlo al puerto de carga del veh\u00edculo para disfrutar de una experiencia de carga perfecta.<\/p>\n\n\n\n<h2 class=\"wp-block-heading\"><strong>Producto Alto<\/strong><strong>luz<\/strong><strong><\/strong><\/h2>\n\n\n\n<p>Todas las normas de tarificaci\u00f3n<\/p>\n\n\n\n<p>Materiales de primera calidad<\/p>\n\n\n\n<p>Protecci\u00f3n contra la intemperie<\/p>\n\n\n\n<p>Preparaci\u00f3n de la producci\u00f3n<\/p>\n\n\n\n<p>Entrega r\u00e1pida<\/p>\n\n\n\n<h2 class=\"wp-block-heading has-medium-font-size\"><strong>Producto<\/strong><strong>&nbsp;<\/strong><strong>Detalles<\/strong><strong><\/strong><\/h2>\n\n\n\n<figure class=\"wp-block-table\"><table class=\"has-fixed-layout\"><tbody><tr><td><strong>Nombre del producto<\/strong><strong><\/strong><\/td><td><strong>CCS2 a CHAdeMO<\/strong> <strong>Adaptador de carga<\/strong><\/td><\/tr><tr><td><strong>Corriente nominal<\/strong><strong><\/strong><\/td><td><strong>M\u00e1x. 250 A<\/strong><strong><\/strong><\/td><\/tr><tr><td><strong>Tensi\u00f3n nominal <\/strong><strong><\/strong><\/td><td><strong>M\u00e1x. 1000 V CC<\/strong><strong><\/strong><\/td><\/tr><tr><td><strong>Resistencia al agua <\/strong><strong><\/strong><\/td><td><strong>IP54 (cuando est\u00e1 enchufado)<\/strong><strong><\/strong><\/td><\/tr><tr><td><strong>Exterior <\/strong><strong><\/strong><\/td><td><strong>Termopl\u00e1stico<\/strong><strong>\uff08TBC\uff09<\/strong><strong><\/strong><\/td><\/tr><tr><td><strong>Clavija conductora<\/strong><strong><\/strong><\/td><td><strong>Aleaci\u00f3n de cobre, plateado<\/strong><strong><\/strong><\/td><\/tr><tr><td><strong>Temperatura de trabajo <\/strong><strong><\/strong><\/td><td><strong>-30\u00b0C a +50\u00b0C<\/strong><strong><\/strong><\/td><\/tr><tr><td><strong>Peso neto<\/strong><strong><\/strong><\/td><td><strong>1,6 kg<\/strong><strong><\/strong><\/td><\/tr><tr><td><strong>Dimensiones<\/strong><strong><\/strong><\/td><td><strong>294*95*145mm<\/strong><\/td><\/tr><\/tbody><\/table><\/figure>\n\n\n\n<h2 class=\"wp-block-heading has-medium-font-size\"><strong>PREGUNTAS FRECUENTES<\/strong><strong><\/strong><\/h2>\n\n\n\n<p class=\"has-medium-font-size\">\u00bfCu\u00e1l es la funci\u00f3n de un adaptador de carga para veh\u00edculos el\u00e9ctricos? <\/p>\n\n\n\n<p>Un adaptador de carga para VE permite a un veh\u00edculo utilizar una estaci\u00f3n de carga que tenga un est\u00e1ndar de carga diferente. Por ejemplo, un coche importado de China que tenga un puerto de carga de tipo CHAdeMO puede cargar con el enchufe de tipo 2 de Europa, utilizando un adaptador de tipo 2 a CHAdeMO.<\/p>\n\n\n\n<p class=\"has-medium-font-size\">\u00bfEstos adaptadores de carga CCS2 a CHAdeMO DC para VE cargar\u00e1n m\u00e1s despacio que el original?<\/p>\n\n\n\n<p>R: Este producto utiliza conductores de aleaci\u00f3n de cobre plateado (resistencia &lt; 0,2m\u03a9), p\u00e9rdida de potencia &lt; 0,3%, y la eficiencia de carga es equivalente a las pilas de carga directa.<\/p>\n\n\n\n<p class=\"has-medium-font-size\">\u00bfCu\u00e1nta potencia admiten estos adaptadores de carga para VE CCS2-CHAdeMO para la carga r\u00e1pida?<\/p>\n\n\n\n<p>R: Este producto soporta hasta 250A\/1000V DC de carga r\u00e1pida (250kW), satisfaciendo las necesidades de carga a velocidad extrema de los modelos convencionales.<\/p>\n\n\n\n<p class=\"has-medium-font-size\">\u00bfSe puede utilizar normalmente este adaptador CCS2 a CHAdeMO DC en un entorno de baja temperatura de -20\u2103?<\/p>\n\n\n\n<p>R: S\u00ed, estos <strong>Adaptadores de carga para veh\u00edculos el\u00e9ctricos<\/strong> han superado la prueba de fr\u00edo extremo de -30\u2103, y el sensor de temperatura incorporado se utiliza para la supervisi\u00f3n en tiempo real a fin de garantizar un funcionamiento seguro en toda la gama de temperaturas de -30\u00b0C a 50\u00b0C.<\/p>\n\n\n\n<p><\/p>","protected":false},"excerpt":{"rendered":"<p>Introduction to European to Japanese DC (CCS2-CHAdeMO) Reliable and easy to use, the CCS2 to CHAdeMO DC EV charging adapters allow vehicles with Japanese standard port (CHAdeMO ) to fast charge using European standard DC chargers (CCS2). The product has a compact&nbsp;design for easy storage and is plug-and-play without needing additional setups. Comes with IP54 [&hellip;]<\/p>","protected":false},"author":1,"featured_media":3352,"menu_order":0,"template":"","format":"standard","meta":{"_acf_changed":true,"site-sidebar-layout":"default","site-content-layout":"","ast-site-content-layout":"default","site-content-style":"default","site-sidebar-style":"default","ast-global-header-display":"","ast-banner-title-visibility":"","ast-main-header-display":"","ast-hfb-above-header-display":"","ast-hfb-below-header-display":"","ast-hfb-mobile-header-display":"","site-post-title":"","ast-breadcrumbs-content":"","ast-featured-img":"","footer-sml-layout":"","ast-disable-related-posts":"","theme-transparent-header-meta":"","adv-header-id-meta":"","stick-header-meta":"","header-above-stick-meta":"","header-main-stick-meta":"","header-below-stick-meta":"","astra-migrate-meta-layouts":"set","ast-page-background-enabled":"default","ast-page-background-meta":{"desktop":{"background-color":"","background-image":"","background-repeat":"repeat","background-position":"center center","background-size":"auto","background-attachment":"scroll","background-type":"","background-media":"","overlay-type":"","overlay-color":"","overlay-opacity":"","overlay-gradient":""},"tablet":{"background-color":"","background-image":"","background-repeat":"repeat","background-position":"center center","background-size":"auto","background-attachment":"scroll","background-type":"","background-media":"","overlay-type":"","overlay-color":"","overlay-opacity":"","overlay-gradient":""},"mobile":{"background-color":"","background-image":"","background-repeat":"repeat","background-position":"center center","background-size":"auto","background-attachment":"scroll","background-type":"","background-media":"","overlay-type":"","overlay-color":"","overlay-opacity":"","overlay-gradient":""}},"ast-content-background-meta":{"desktop":{"background-color":"var(--ast-global-color-5)","background-image":"","background-repeat":"repeat","background-position":"center center","background-size":"auto","background-attachment":"scroll","background-type":"","background-media":"","overlay-type":"","overlay-color":"","overlay-opacity":"","overlay-gradient":""},"tablet":{"background-color":"var(--ast-global-color-5)","background-image":"","background-repeat":"repeat","background-position":"center center","background-size":"auto","background-attachment":"scroll","background-type":"","background-media":"","overlay-type":"","overlay-color":"","overlay-opacity":"","overlay-gradient":""},"mobile":{"background-color":"var(--ast-global-color-5)","background-image":"","background-repeat":"repeat","background-position":"center center","background-size":"auto","background-attachment":"scroll","background-type":"","background-media":"","overlay-type":"","overlay-color":"","overlay-opacity":"","overlay-gradient":""}},"footnotes":""},"product-category":[89],"product-tag":[],"class_list":["post-2843","product","type-product","status-publish","format-standard","has-post-thumbnail","hentry","product-category-charging-adapter"],"acf":[],"_links":{"self":[{"href":"https:\/\/www.mekeltech.com\/es\/wp-json\/wp\/v2\/product\/2843","targetHints":{"allow":["GET"]}}],"collection":[{"href":"https:\/\/www.mekeltech.com\/es\/wp-json\/wp\/v2\/product"}],"about":[{"href":"https:\/\/www.mekeltech.com\/es\/wp-json\/wp\/v2\/types\/product"}],"author":[{"embeddable":true,"href":"https:\/\/www.mekeltech.com\/es\/wp-json\/wp\/v2\/users\/1"}],"version-history":[{"count":7,"href":"https:\/\/www.mekeltech.com\/es\/wp-json\/wp\/v2\/product\/2843\/revisions"}],"predecessor-version":[{"id":7093,"href":"https:\/\/www.mekeltech.com\/es\/wp-json\/wp\/v2\/product\/2843\/revisions\/7093"}],"wp:featuredmedia":[{"embeddable":true,"href":"https:\/\/www.mekeltech.com\/es\/wp-json\/wp\/v2\/media\/3352"}],"wp:attachment":[{"href":"https:\/\/www.mekeltech.com\/es\/wp-json\/wp\/v2\/media?parent=2843"}],"wp:term":[{"taxonomy":"product-category","embeddable":true,"href":"https:\/\/www.mekeltech.com\/es\/wp-json\/wp\/v2\/product-category?post=2843"},{"taxonomy":"product-tag","embeddable":true,"href":"https:\/\/www.mekeltech.com\/es\/wp-json\/wp\/v2\/product-tag?post=2843"}],"curies":[{"name":"wp","href":"https:\/\/api.w.org\/{rel}","templated":true}]}}