{"id":2841,"date":"2025-05-04T07:43:48","date_gmt":"2025-05-04T07:43:48","guid":{"rendered":"https:\/\/mekeltech.com\/?post_type=product&#038;p=2841"},"modified":"2025-08-07T11:58:34","modified_gmt":"2025-08-07T03:58:34","slug":"european-to-chinese-dc-ccs2-gbt-ev-charging-adapters","status":"publish","type":"product","link":"https:\/\/www.mekeltech.com\/es\/product\/european-to-chinese-dc-ccs2-gbt-ev-charging-adapters\/","title":{"rendered":"Adaptadores de carga para veh\u00edculos el\u00e9ctricos de CC europea a CC china (CCS2-GBT)"},"content":{"rendered":"<h2 class=\"wp-block-heading\">Introducci\u00f3n a los adaptadores de carga para veh\u00edculos el\u00e9ctricos de CC europea a CC china (CCS2-GBT)<\/h2>\n\n\n\n<p>Fiables y f\u00e1ciles de usar, los adaptadores de carga CCS2 a GBT para veh\u00edculos el\u00e9ctricos permiten que los veh\u00edculos con puerto est\u00e1ndar chino (GBT) se carguen r\u00e1pidamente con cargadores CC de est\u00e1ndar europeo (CCS2). El producto tiene un dise\u00f1o compacto para facilitar su almacenamiento y es plug-and-play sin necesidad de configuraciones adicionales. Viene con resistencia al agua IP54 y resistencia a temperaturas de -30\u00b0C a +50\u00b0C para una seguridad y durabilidad en las que puede confiar.<\/p>\n\n\n\n<h2 class=\"wp-block-heading\">Caracter\u00edsticas de los adaptadores de carga para veh\u00edculos el\u00e9ctricos Mekel<\/h2>\n\n\n\n<h3 class=\"wp-block-heading has-medium-font-size\"><strong>Una soluci\u00f3n para cada est\u00e1ndar de carga<\/strong><strong><\/strong><\/h3>\n\n\n\n<p>La gama de adaptadores de carga para veh\u00edculos el\u00e9ctricos de Mekel ofrece soluciones de conversi\u00f3n para todos los est\u00e1ndares de carga del mundo, incluidas las conversiones entre<strong>&nbsp;American Type 1, Tesla NACS, European Type 2, Chinese GBT y Japanese Chademo<\/strong>&nbsp;puertos de carga.  Hable con nosotros para conocer los productos adaptadores perfectos para sus respectivos mercados<\/p>\n\n\n\n<h3 class=\"wp-block-heading has-medium-font-size\"><strong>Calidad superior<\/strong><strong><\/strong><\/h3>\n\n\n\n<p>Nuestros adaptadores de carga est\u00e1n fabricados con una carcasa termopl\u00e1stica de alta resistencia que proporciona una gran durabilidad y una aleaci\u00f3n de cobre plateado que ofrece una conductividad de primera clase, lo que ayudar\u00e1 a aumentar la satisfacci\u00f3n de sus clientes.<\/p>\n\n\n\n<h3 class=\"wp-block-heading has-medium-font-size\"><strong>F\u00e1cil de usar y de llevar<\/strong><strong><\/strong><\/h3>\n\n\n\n<p>Nuestros adaptadores de carga para veh\u00edculos el\u00e9ctricos tienen un dise\u00f1o compacto sin renunciar a la funcionalidad. Admite carga de CA o CC de alta velocidad y cabe c\u00f3modamente en la guantera. Basta con colocarlo en la pistola de carga y conectarlo al puerto de carga del veh\u00edculo para disfrutar de una experiencia de carga perfecta.<\/p>\n\n\n\n<h2 class=\"wp-block-heading\"><strong>Producto Alto<\/strong><strong>luz<\/strong><strong><\/strong><\/h2>\n\n\n\n<ul class=\"wp-block-list\">\n<li>Todas las normas de tarificaci\u00f3n<\/li>\n\n\n\n<li>Materiales de primera calidad<\/li>\n\n\n\n<li>Protecci\u00f3n contra la intemperie<\/li>\n\n\n\n<li>Preparaci\u00f3n de la producci\u00f3n<\/li>\n\n\n\n<li>Entrega r\u00e1pida<\/li>\n<\/ul>\n\n\n\n<h2 class=\"wp-block-heading\"><strong>Especificaciones del producto<\/strong><\/h2>\n\n\n\n<figure class=\"wp-block-table\"><table class=\"has-fixed-layout\"><tbody><tr><td><strong>Nombre del producto<\/strong><strong><\/strong><\/td><td><strong>Adaptador de carga CCS2 a GBT<\/strong><strong><\/strong><\/td><\/tr><tr><td><strong>Corriente nominal<\/strong><strong><\/strong><\/td><td><strong>M\u00e1x. 250 A<\/strong><strong><\/strong><\/td><\/tr><tr><td><strong>Tensi\u00f3n nominal <\/strong><strong><\/strong><\/td><td><strong>M\u00e1x. 1000 V CC<\/strong><strong><\/strong><\/td><\/tr><tr><td><strong>Resistencia al agua<\/strong><\/td><td><strong>IP54 (cuando est\u00e1 enchufado)<\/strong><strong><\/strong><\/td><\/tr><tr><td><strong>Exterior <\/strong><strong><\/strong><\/td><td><strong>Termopl\u00e1stico<\/strong><strong>\uff08TBC\uff09<\/strong><strong><\/strong><\/td><\/tr><tr><td><strong>Clavija conductora<\/strong><strong><\/strong><\/td><td><strong>Aleaci\u00f3n de cobre, plateado<\/strong><strong><\/strong><\/td><\/tr><tr><td><strong>Temperatura de trabajo <\/strong><strong><\/strong><\/td><td><strong>-30\u00b0C a +50\u00b0C<\/strong><strong><\/strong><\/td><\/tr><tr><td><strong>Peso neto<\/strong><strong><\/strong><\/td><td><strong>1,6 kg<\/strong><strong><\/strong><\/td><\/tr><tr><td><strong>Dimensiones<\/strong><strong><\/strong><\/td><td><strong>294*95*145mm<\/strong><strong><\/strong><\/td><\/tr><\/tbody><\/table><\/figure>\n\n\n\n<h2 class=\"wp-block-heading\"><strong>PREGUNTAS FRECUENTES<\/strong><\/h2>\n\n\n\n<p><strong>P: \u00bfCargar\u00e1n m\u00e1s despacio estos adaptadores de corriente continua europeos a chinos que los originales?<\/strong><br>R: Este producto utiliza conductores de aleaci\u00f3n de cobre plateado (resistencia &lt; 0,2m\u03a9), p\u00e9rdida de potencia &lt; 0,3%, y la eficiencia de carga es equivalente a las pilas de carga directa.<\/p>\n\n\n\n<p><strong>P: \u00bfQu\u00e9 certificaciones de seguridad ha superado este adaptador de carga CC para veh\u00edculos el\u00e9ctricos CCS2-GBT?<\/strong><br>R: Cuenta con la certificaci\u00f3n CE\/ROHS, y los componentes principales han superado la prueba ISO 20653 de resistencia al polvo y al agua y la certificaci\u00f3n UL94 V-0 de retardante de llama.<\/p>\n\n\n\n<p><strong>P: \u00bfCu\u00e1nta potencia admiten los adaptadores de carga para veh\u00edculos el\u00e9ctricos CCS2-GBT para la carga r\u00e1pida?<\/strong><br>R: Este producto soporta hasta 250A\/1000V DC de carga r\u00e1pida (250kW), satisfaciendo las necesidades de carga a velocidad extrema de los modelos convencionales.<\/p>\n\n\n\n<p><strong>P: \u00bfSe puede utilizar normalmente este adaptador de CC europeo a chino en un entorno de baja temperatura de -20\u2103?<\/strong><br>R S\u00ed, estos adaptadores de carga para VE han superado la prueba de fr\u00edo extremo de -30\u2103, y el sensor de temperatura incorporado se utiliza para la supervisi\u00f3n en tiempo real a fin de garantizar un funcionamiento seguro en todo el rango de temperaturas de -30\u00b0C a 50\u00b0C.<\/p>","protected":false},"excerpt":{"rendered":"<p>Introducci\u00f3n a los adaptadores de carga para veh\u00edculos el\u00e9ctricos de CC europea a CC china (CCS2-GBT) Fiables y f\u00e1ciles de usar, los adaptadores de carga para veh\u00edculos el\u00e9ctricos de CC CCS2 a GBT permiten que los veh\u00edculos con puerto de norma china (GBT) se carguen r\u00e1pidamente con cargadores de CC de norma europea (CCS2). El producto tiene un dise\u00f1o compacto para un f\u00e1cil almacenamiento y es plug-and-play sin necesidad de configuraciones adicionales. Viene [...]<\/p>","protected":false},"author":1,"featured_media":3338,"menu_order":0,"template":"","format":"standard","meta":{"_acf_changed":false,"site-sidebar-layout":"default","site-content-layout":"","ast-site-content-layout":"default","site-content-style":"default","site-sidebar-style":"default","ast-global-header-display":"","ast-banner-title-visibility":"","ast-main-header-display":"","ast-hfb-above-header-display":"","ast-hfb-below-header-display":"","ast-hfb-mobile-header-display":"","site-post-title":"","ast-breadcrumbs-content":"","ast-featured-img":"","footer-sml-layout":"","ast-disable-related-posts":"","theme-transparent-header-meta":"","adv-header-id-meta":"","stick-header-meta":"","header-above-stick-meta":"","header-main-stick-meta":"","header-below-stick-meta":"","astra-migrate-meta-layouts":"set","ast-page-background-enabled":"default","ast-page-background-meta":{"desktop":{"background-color":"","background-image":"","background-repeat":"repeat","background-position":"center center","background-size":"auto","background-attachment":"scroll","background-type":"","background-media":"","overlay-type":"","overlay-color":"","overlay-opacity":"","overlay-gradient":""},"tablet":{"background-color":"","background-image":"","background-repeat":"repeat","background-position":"center center","background-size":"auto","background-attachment":"scroll","background-type":"","background-media":"","overlay-type":"","overlay-color":"","overlay-opacity":"","overlay-gradient":""},"mobile":{"background-color":"","background-image":"","background-repeat":"repeat","background-position":"center center","background-size":"auto","background-attachment":"scroll","background-type":"","background-media":"","overlay-type":"","overlay-color":"","overlay-opacity":"","overlay-gradient":""}},"ast-content-background-meta":{"desktop":{"background-color":"var(--ast-global-color-5)","background-image":"","background-repeat":"repeat","background-position":"center center","background-size":"auto","background-attachment":"scroll","background-type":"","background-media":"","overlay-type":"","overlay-color":"","overlay-opacity":"","overlay-gradient":""},"tablet":{"background-color":"var(--ast-global-color-5)","background-image":"","background-repeat":"repeat","background-position":"center center","background-size":"auto","background-attachment":"scroll","background-type":"","background-media":"","overlay-type":"","overlay-color":"","overlay-opacity":"","overlay-gradient":""},"mobile":{"background-color":"var(--ast-global-color-5)","background-image":"","background-repeat":"repeat","background-position":"center center","background-size":"auto","background-attachment":"scroll","background-type":"","background-media":"","overlay-type":"","overlay-color":"","overlay-opacity":"","overlay-gradient":""}},"footnotes":""},"product-category":[89],"product-tag":[],"class_list":["post-2841","product","type-product","status-publish","format-standard","has-post-thumbnail","hentry","product-category-charging-adapter"],"acf":[],"_links":{"self":[{"href":"https:\/\/www.mekeltech.com\/es\/wp-json\/wp\/v2\/product\/2841","targetHints":{"allow":["GET"]}}],"collection":[{"href":"https:\/\/www.mekeltech.com\/es\/wp-json\/wp\/v2\/product"}],"about":[{"href":"https:\/\/www.mekeltech.com\/es\/wp-json\/wp\/v2\/types\/product"}],"author":[{"embeddable":true,"href":"https:\/\/www.mekeltech.com\/es\/wp-json\/wp\/v2\/users\/1"}],"version-history":[{"count":11,"href":"https:\/\/www.mekeltech.com\/es\/wp-json\/wp\/v2\/product\/2841\/revisions"}],"predecessor-version":[{"id":7090,"href":"https:\/\/www.mekeltech.com\/es\/wp-json\/wp\/v2\/product\/2841\/revisions\/7090"}],"wp:featuredmedia":[{"embeddable":true,"href":"https:\/\/www.mekeltech.com\/es\/wp-json\/wp\/v2\/media\/3338"}],"wp:attachment":[{"href":"https:\/\/www.mekeltech.com\/es\/wp-json\/wp\/v2\/media?parent=2841"}],"wp:term":[{"taxonomy":"product-category","embeddable":true,"href":"https:\/\/www.mekeltech.com\/es\/wp-json\/wp\/v2\/product-category?post=2841"},{"taxonomy":"product-tag","embeddable":true,"href":"https:\/\/www.mekeltech.com\/es\/wp-json\/wp\/v2\/product-tag?post=2841"}],"curies":[{"name":"wp","href":"https:\/\/api.w.org\/{rel}","templated":true}]}}