{"id":2701,"date":"2025-05-09T18:42:39","date_gmt":"2025-05-09T10:42:39","guid":{"rendered":"https:\/\/mekeltech.com\/?post_type=product&#038;p=2701"},"modified":"2025-08-25T15:56:13","modified_gmt":"2025-08-25T07:56:13","slug":"pillar-stand","status":"publish","type":"product","link":"https:\/\/www.mekeltech.com\/es\/product\/pillar-stand\/","title":{"rendered":"Pie de columna"},"content":{"rendered":"<div data-elementor-type=\"wp-post\" data-elementor-id=\"2701\" class=\"elementor elementor-2701\" data-elementor-post-type=\"product\">\n\t\t\t\t<div class=\"elementor-element elementor-element-3c28ffb e-flex e-con-boxed e-con e-parent\" data-id=\"3c28ffb\" data-element_type=\"container\">\n\t\t\t\t\t<div class=\"e-con-inner\">\n\t\t\t\t<div class=\"elementor-element elementor-element-23a2c62 elementor-widget elementor-widget-heading\" data-id=\"23a2c62\" data-element_type=\"widget\" data-widget_type=\"heading.default\">\n\t\t\t\t<div class=\"elementor-widget-container\">\n\t\t\t\t\t<h2 class=\"elementor-heading-title elementor-size-default\">Introducci\u00f3n al soporte de columna<\/h2>\t\t\t\t<\/div>\n\t\t\t\t<\/div>\n\t\t\t\t<div class=\"elementor-element elementor-element-49a6f33 elementor-widget elementor-widget-text-editor\" data-id=\"49a6f33\" data-element_type=\"widget\" data-widget_type=\"text-editor.default\">\n\t\t\t\t<div class=\"elementor-widget-container\">\n\t\t\t\t\t\t\t\t\t<p>Ofrecemos soportes de columna montados en el suelo que proporcionan una base segura para la instalaci\u00f3n de estaciones de carga de veh\u00edculos el\u00e9ctricos en cualquier entorno. F\u00e1ciles de instalar, los soportes est\u00e1n fabricados con materiales reforzados de primera calidad para proporcionar una estabilidad y durabilidad \u00f3ptimas. Son resistentes a la intemperie y tienen un acabado con recubrimiento en polvo anticorrosi\u00f3n que garantiza su resistencia en condiciones exteriores adversas. El dise\u00f1o de canalizaci\u00f3n oculta permite un cableado interno seguro y organizado.<\/p>\n<p>Ya sea para garajes, aparcamientos o zonas de recarga p\u00fablicas, nuestros soportes de columna ofrecen soluciones fiables y vers\u00e1tiles para apoyar la instalaci\u00f3n de infraestructura de recarga de veh\u00edculos el\u00e9ctricos.<\/p>\t\t\t\t\t\t\t\t<\/div>\n\t\t\t\t<\/div>\n\t\t\t\t<div class=\"elementor-element elementor-element-6318802 elementor-widget elementor-widget-heading\" data-id=\"6318802\" data-element_type=\"widget\" data-widget_type=\"heading.default\">\n\t\t\t\t<div class=\"elementor-widget-container\">\n\t\t\t\t\t<h2 class=\"elementor-heading-title elementor-size-default\">Por qu\u00e9 elegir el soporte de columna de Mekel para la instalaci\u00f3n<\/h2>\t\t\t\t<\/div>\n\t\t\t\t<\/div>\n\t\t\t\t<div class=\"elementor-element elementor-element-b447c2c elementor-widget elementor-widget-heading\" data-id=\"b447c2c\" data-element_type=\"widget\" data-widget_type=\"heading.default\">\n\t\t\t\t<div class=\"elementor-widget-container\">\n\t\t\t\t\t<h3 class=\"elementor-heading-title elementor-size-default\">Durabilidad y resistencia a la intemperie excepcionales<\/h3>\t\t\t\t<\/div>\n\t\t\t\t<\/div>\n\t\t\t\t<div class=\"elementor-element elementor-element-c72225d elementor-widget elementor-widget-text-editor\" data-id=\"c72225d\" data-element_type=\"widget\" data-widget_type=\"text-editor.default\">\n\t\t\t\t<div class=\"elementor-widget-container\">\n\t\t\t\t\t\t\t\t\t<p>Fabricado en acero con recubrimiento en polvo o aluminio de calidad aeroespacial, nuestro soporte de columna est\u00e1 dise\u00f1ado para soportar las duras condiciones exteriores, incluida la lluvia\/nieve y la exposici\u00f3n a los rayos UV. Esto se traduce en a\u00f1os de rendimiento fiable y sin mantenimiento, manteniendo su infraestructura de carga fiable y con un buen rendimiento en cualquier clima.<\/p>\t\t\t\t\t\t\t\t<\/div>\n\t\t\t\t<\/div>\n\t\t\t\t<div class=\"elementor-element elementor-element-9473831 elementor-widget elementor-widget-heading\" data-id=\"9473831\" data-element_type=\"widget\" data-widget_type=\"heading.default\">\n\t\t\t\t<div class=\"elementor-widget-container\">\n\t\t\t\t\t<h3 class=\"elementor-heading-title elementor-size-default\">Dise\u00f1o flexible y preparado para el futuro<\/h3>\t\t\t\t<\/div>\n\t\t\t\t<\/div>\n\t\t\t\t<div class=\"elementor-element elementor-element-4350366 elementor-widget elementor-widget-text-editor\" data-id=\"4350366\" data-element_type=\"widget\" data-widget_type=\"text-editor.default\">\n\t\t\t\t<div class=\"elementor-widget-container\">\n\t\t\t\t\t\t\t\t\t<p>Con soportes de montaje universales y patrones de tornillos ajustables, nuestros soportes de columna se adaptan a una amplia variedad de estaciones de carga de CA y CC, por lo que son compatibles con los dispositivos de carga actuales y futuros. Su construcci\u00f3n modular permite cambiar o actualizar los cables sin desmontar todo el pedestal, lo que ahorra tiempo y dinero.<\/p>\t\t\t\t\t\t\t\t<\/div>\n\t\t\t\t<\/div>\n\t\t\t\t<div class=\"elementor-element elementor-element-d1aca09 elementor-widget elementor-widget-heading\" data-id=\"d1aca09\" data-element_type=\"widget\" data-widget_type=\"heading.default\">\n\t\t\t\t<div class=\"elementor-widget-container\">\n\t\t\t\t\t<h3 class=\"elementor-heading-title elementor-size-default\">Personalizaci\u00f3n de especificaciones y materiales<\/h3>\t\t\t\t<\/div>\n\t\t\t\t<\/div>\n\t\t\t\t<div class=\"elementor-element elementor-element-91aed74 elementor-widget elementor-widget-text-editor\" data-id=\"91aed74\" data-element_type=\"widget\" data-widget_type=\"text-editor.default\">\n\t\t\t\t<div class=\"elementor-widget-container\">\n\t\t\t\t\t\t\t\t\t<p>Ofrecemos una amplia personalizaci\u00f3n para satisfacer las diversas necesidades de instalaci\u00f3n y de marca. Esto incluye materiales personalizados, especificaciones t\u00e9cnicas, acabados de color y logotipo de marca. Nuestro objetivo es facilitarle la instalaci\u00f3n de sus dispositivos de carga y ayudarle a promocionar su imagen de marca.<\/p>\t\t\t\t\t\t\t\t<\/div>\n\t\t\t\t<\/div>\n\t\t\t\t<div class=\"elementor-element elementor-element-bf8bf96 elementor-widget elementor-widget-heading\" data-id=\"bf8bf96\" data-element_type=\"widget\" data-widget_type=\"heading.default\">\n\t\t\t\t<div class=\"elementor-widget-container\">\n\t\t\t\t\t<h2 class=\"elementor-heading-title elementor-size-default\">Caracter\u00edsticas del soporte de columna<\/h2>\t\t\t\t<\/div>\n\t\t\t\t<\/div>\n\t\t\t\t<div class=\"elementor-element elementor-element-bde2b74 elementor-widget elementor-widget-text-editor\" data-id=\"bde2b74\" data-element_type=\"widget\" data-widget_type=\"text-editor.default\">\n\t\t\t\t<div class=\"elementor-widget-container\">\n\t\t\t\t\t\t\t\t\t<ul>\n<li>Materiales duraderos<\/li>\n<li>F\u00e1cil de instalar<\/li>\n<li>Opciones de personalizaci\u00f3n<\/li>\n<li>Atenci\u00f3n al cliente<\/li>\n<\/ul>\t\t\t\t\t\t\t\t<\/div>\n\t\t\t\t<\/div>\n\t\t\t\t\t<\/div>\n\t\t\t\t<\/div>\n\t\t\t\t<\/div>","protected":false},"excerpt":{"rendered":"<p>Introducci\u00f3n al soporte de columna Ofrecemos soportes de columna montados en el suelo que proporcionan una base segura para la instalaci\u00f3n de estaciones de carga de VE en cualquier entorno. F\u00e1ciles de instalar, los soportes est\u00e1n fabricados con materiales reforzados de primera calidad para proporcionar una estabilidad y durabilidad \u00f3ptimas. Son resistentes a la intemperie y tienen un acabado con recubrimiento en polvo anticorrosi\u00f3n que garantiza su resistencia en [...]<\/p>","protected":false},"author":1,"featured_media":2874,"menu_order":0,"template":"","format":"standard","meta":{"_acf_changed":false,"site-sidebar-layout":"default","site-content-layout":"","ast-site-content-layout":"default","site-content-style":"default","site-sidebar-style":"default","ast-global-header-display":"","ast-banner-title-visibility":"","ast-main-header-display":"","ast-hfb-above-header-display":"","ast-hfb-below-header-display":"","ast-hfb-mobile-header-display":"","site-post-title":"","ast-breadcrumbs-content":"","ast-featured-img":"","footer-sml-layout":"","ast-disable-related-posts":"","theme-transparent-header-meta":"","adv-header-id-meta":"","stick-header-meta":"","header-above-stick-meta":"","header-main-stick-meta":"","header-below-stick-meta":"","astra-migrate-meta-layouts":"set","ast-page-background-enabled":"default","ast-page-background-meta":{"desktop":{"background-color":"","background-image":"","background-repeat":"repeat","background-position":"center center","background-size":"auto","background-attachment":"scroll","background-type":"","background-media":"","overlay-type":"","overlay-color":"","overlay-opacity":"","overlay-gradient":""},"tablet":{"background-color":"","background-image":"","background-repeat":"repeat","background-position":"center center","background-size":"auto","background-attachment":"scroll","background-type":"","background-media":"","overlay-type":"","overlay-color":"","overlay-opacity":"","overlay-gradient":""},"mobile":{"background-color":"","background-image":"","background-repeat":"repeat","background-position":"center center","background-size":"auto","background-attachment":"scroll","background-type":"","background-media":"","overlay-type":"","overlay-color":"","overlay-opacity":"","overlay-gradient":""}},"ast-content-background-meta":{"desktop":{"background-color":"var(--ast-global-color-5)","background-image":"","background-repeat":"repeat","background-position":"center center","background-size":"auto","background-attachment":"scroll","background-type":"","background-media":"","overlay-type":"","overlay-color":"","overlay-opacity":"","overlay-gradient":""},"tablet":{"background-color":"var(--ast-global-color-5)","background-image":"","background-repeat":"repeat","background-position":"center center","background-size":"auto","background-attachment":"scroll","background-type":"","background-media":"","overlay-type":"","overlay-color":"","overlay-opacity":"","overlay-gradient":""},"mobile":{"background-color":"var(--ast-global-color-5)","background-image":"","background-repeat":"repeat","background-position":"center center","background-size":"auto","background-attachment":"scroll","background-type":"","background-media":"","overlay-type":"","overlay-color":"","overlay-opacity":"","overlay-gradient":""}},"footnotes":""},"product-category":[102],"product-tag":[],"class_list":["post-2701","product","type-product","status-publish","format-standard","has-post-thumbnail","hentry","product-category-pillar-stand"],"acf":[],"_links":{"self":[{"href":"https:\/\/www.mekeltech.com\/es\/wp-json\/wp\/v2\/product\/2701","targetHints":{"allow":["GET"]}}],"collection":[{"href":"https:\/\/www.mekeltech.com\/es\/wp-json\/wp\/v2\/product"}],"about":[{"href":"https:\/\/www.mekeltech.com\/es\/wp-json\/wp\/v2\/types\/product"}],"author":[{"embeddable":true,"href":"https:\/\/www.mekeltech.com\/es\/wp-json\/wp\/v2\/users\/1"}],"version-history":[{"count":14,"href":"https:\/\/www.mekeltech.com\/es\/wp-json\/wp\/v2\/product\/2701\/revisions"}],"predecessor-version":[{"id":6997,"href":"https:\/\/www.mekeltech.com\/es\/wp-json\/wp\/v2\/product\/2701\/revisions\/6997"}],"wp:featuredmedia":[{"embeddable":true,"href":"https:\/\/www.mekeltech.com\/es\/wp-json\/wp\/v2\/media\/2874"}],"wp:attachment":[{"href":"https:\/\/www.mekeltech.com\/es\/wp-json\/wp\/v2\/media?parent=2701"}],"wp:term":[{"taxonomy":"product-category","embeddable":true,"href":"https:\/\/www.mekeltech.com\/es\/wp-json\/wp\/v2\/product-category?post=2701"},{"taxonomy":"product-tag","embeddable":true,"href":"https:\/\/www.mekeltech.com\/es\/wp-json\/wp\/v2\/product-tag?post=2701"}],"curies":[{"name":"wp","href":"https:\/\/api.w.org\/{rel}","templated":true}]}}