{"id":2424,"date":"2025-05-05T06:56:13","date_gmt":"2025-05-05T06:56:13","guid":{"rendered":"https:\/\/mekeltech.com\/?post_type=product&#038;p=2424"},"modified":"2025-08-07T12:19:23","modified_gmt":"2025-08-07T04:19:23","slug":"ccs2-to-gbt-dc-ev-charging-adapter","status":"publish","type":"product","link":"https:\/\/www.mekeltech.com\/es\/product\/ccs2-to-gbt-dc-ev-charging-adapter\/","title":{"rendered":"Adaptador de carga CCS2 a GBT DC EV"},"content":{"rendered":"<div data-elementor-type=\"wp-post\" data-elementor-id=\"2424\" class=\"elementor elementor-2424\" data-elementor-post-type=\"product\">\n\t\t\t\t<div class=\"elementor-element elementor-element-1ed46942 e-flex e-con-boxed e-con e-parent\" data-id=\"1ed46942\" data-element_type=\"container\">\n\t\t\t\t\t<div class=\"e-con-inner\">\n\t\t\t\t<div class=\"elementor-element elementor-element-f17077f elementor-widget elementor-widget-text-editor\" data-id=\"f17077f\" data-element_type=\"widget\" data-widget_type=\"text-editor.default\">\n\t\t\t\t<div class=\"elementor-widget-container\">\n\t\t\t\t\t\t\t\t\t\n<p>Fiables y f\u00e1ciles de usar, los adaptadores de carga CCS2 a GBT para veh\u00edculos el\u00e9ctricos permiten que los veh\u00edculos con puerto est\u00e1ndar chino (GBT) se carguen r\u00e1pidamente con cargadores CC de est\u00e1ndar europeo (CCS2). El producto tiene un dise\u00f1o compacto para facilitar su almacenamiento y es plug-and-play sin necesidad de configuraciones adicionales. Viene con resistencia al agua IP54 y resistencia a temperaturas de -30\u00b0C a +50\u00b0C para una seguridad y durabilidad en las que puede confiar.<\/p>\n\n<h2 class=\"wp-block-heading has-medium-font-size\"><strong>Una soluci\u00f3n para cada est\u00e1ndar de carga<\/strong><\/h2>\n\n<p>Nuestra gama de adaptadores de carga para veh\u00edculos el\u00e9ctricos ofrece soluciones de conversi\u00f3n para todos los est\u00e1ndares de carga del mundo, incluidas conversiones entre puertos de carga estadounidenses de tipo 1, Tesla NACS, europeos de tipo 2, chinos GBT y japoneses Chademo.  Hable con nosotros para conocer los productos adaptadores perfectos para sus respectivos mercados.<\/p>\n\n<h2 class=\"wp-block-heading has-medium-font-size\"><strong>Calidad superior<\/strong><\/h2>\n\n<p>Nuestros adaptadores est\u00e1n fabricados con una carcasa termopl\u00e1stica de alta resistencia que proporciona una gran durabilidad y una aleaci\u00f3n de cobre plateado que ofrece una conductividad de primera clase, lo que ayudar\u00e1 a aumentar la satisfacci\u00f3n de sus clientes.<\/p>\n\n<h2 class=\"wp-block-heading has-medium-font-size\"><strong>F\u00e1cil de usar y de llevar<\/strong><\/h2>\n\n<p>Nuestros adaptadores cuentan con dise\u00f1os compactos sin comprometer la funcionalidad. Admite carga de CA o CC de alta velocidad y cabe c\u00f3modamente en la guantera. Basta con colocarlo en la pistola de carga y conectarlo al puerto de carga del veh\u00edculo para disfrutar de una experiencia de carga perfecta.<\/p>\n\n<h2 class=\"wp-block-heading has-medium-font-size\"><strong>Producto Alto<\/strong><strong>luz<\/strong><\/h2>\n\n<ul class=\"wp-block-list\">\n<li>Todas las normas de tarificaci\u00f3n<\/li>\n\n<li>Materiales de primera calidad<\/li>\n\n<li>Protecci\u00f3n contra la intemperie<\/li>\n\n<li>Preparaci\u00f3n de la producci\u00f3n<\/li>\n\n<li>Entrega r\u00e1pida<\/li>\n<\/ul>\n\n<h2 class=\"wp-block-heading has-medium-font-size\"><strong><strong>Especificaciones del producto<\/strong><\/strong><\/h2>\n\n<figure class=\"wp-block-table\">\n<table class=\"has-fixed-layout\">\n<tbody>\n<tr>\n<td><strong>Nombre del producto<\/strong><\/td>\n<td><strong>Adaptador de carga CCS2 a GBT<\/strong><\/td>\n<\/tr>\n<tr>\n<td><strong>Corriente nominal<\/strong><\/td>\n<td><strong>M\u00e1x. 250 A<\/strong><\/td>\n<\/tr>\n<tr>\n<td><strong>Tensi\u00f3n nominal <\/strong><\/td>\n<td><strong>M\u00e1x. 1000 V CC<\/strong><\/td>\n<\/tr>\n<tr>\n<td><strong>Resistencia al agua <\/strong><\/td>\n<td><strong>IP54 (cuando est\u00e1 enchufado)<\/strong><\/td>\n<\/tr>\n<tr>\n<td><strong>Exterior <\/strong><\/td>\n<td><strong>Termopl\u00e1stico<\/strong><strong>\uff08TBC\uff09<\/strong><\/td>\n<\/tr>\n<tr>\n<td><strong>Clavija conductora<\/strong><\/td>\n<td><strong>Aleaci\u00f3n de cobre, plateado<\/strong><\/td>\n<\/tr>\n<tr>\n<td><strong>Temperatura de trabajo <\/strong><\/td>\n<td><strong>-30\u00b0C a +50\u00b0C<\/strong><\/td>\n<\/tr>\n<tr>\n<td><strong>Peso neto<\/strong><\/td>\n<td><strong>1,6 kg<\/strong><\/td>\n<\/tr>\n<tr>\n<td><strong>Dimensiones<\/strong><\/td>\n<td><strong>294*95*145mm<\/strong><\/td>\n<\/tr>\n<\/tbody>\n<\/table>\n<\/figure>\n\n<h2 class=\"wp-block-heading has-medium-font-size\"><strong>PREGUNTAS FRECUENTES<\/strong><\/h2>\n\n<p class=\"has-medium-font-size\"><strong>P: \u00bfCu\u00e1l es la funci\u00f3n de un adaptador de carga para veh\u00edculos el\u00e9ctricos?<\/strong><\/p>\n\n<p>Un adaptador de carga para VE permite a un veh\u00edculo utilizar una estaci\u00f3n de carga que tenga un est\u00e1ndar de carga diferente. Por ejemplo, un coche importado de China que tenga un puerto de carga de tipo GBT puede cargarse con el enchufe europeo de tipo 2, utilizando un adaptador de tipo 2 a GBT.<\/p>\n\n<p><strong class=\"\">P: \u00bfEste adaptador de carga CCS2 a GBT DC EV cargar\u00e1 m\u00e1s despacio que el original?<\/strong><\/p>\n\n<p>R: Este producto utiliza conductores de aleaci\u00f3n de cobre plateado (resistencia &lt; 0,2m\u03a9), p\u00e9rdida de potencia &lt; 0,3%, y la eficiencia de carga es equivalente a las pilas de carga directa.<\/p>\n\n<p><strong class=\"\">P: \u00bfQu\u00e9 certificaciones de seguridad ha superado este adaptador de carga CCS2 a GBT DC para VE?<\/strong><\/p>\n\n<p>R: Cuenta con la certificaci\u00f3n CE\/ROHS, y los componentes principales han superado la prueba ISO 20653 de resistencia al polvo y al agua y la certificaci\u00f3n UL94 V-0 de retardante de llama.<\/p>\n\n<p><strong class=\"\">P: \u00bfCu\u00e1nta potencia admite este adaptador de carga CCS2 a GBT EV para carga r\u00e1pida?<\/strong><\/p>\n\n<p>R: Este producto soporta hasta 250A\/1000V DC de carga r\u00e1pida (250kW), satisfaciendo las necesidades de carga a velocidad extrema de los modelos convencionales.<\/p>\n\n<p><strong class=\"\">P: \u00bfSe puede utilizar normalmente este adaptador de carga CCS2 a GBT DC EV en un entorno de baja temperatura de -20\u2103?<\/strong><\/p>\n\n<p>R: S\u00ed, este <strong class=\"\">Adaptador de carga para VE<\/strong> ha superado la prueba de fr\u00edo extremo de -30\u2103, y el sensor de temperatura incorporado se utiliza para la supervisi\u00f3n en tiempo real a fin de garantizar un funcionamiento seguro en toda la gama de temperaturas de -30\u00b0C a 50\u00b0C.<\/p>\n\t\t\t\t\t\t\t\t<\/div>\n\t\t\t\t<\/div>\n\t\t\t\t\t<\/div>\n\t\t\t\t<\/div>\n\t\t\t\t<\/div>","protected":false},"excerpt":{"rendered":"<p>Reliable and easy to use, the CCS2 to GBT DC EV charging adapters allow vehicles with Chinese standard port (GBT) to fast charge using European standard DC chargers (CCS2). The product has a compact\u00a0design for easy storage and is plug-and-play without needing additional setups. Comes with IP54 water resistance and temperature endurance of -30\u00b0C to [&hellip;]<\/p>","protected":false},"author":1,"featured_media":3496,"menu_order":15,"template":"","format":"standard","meta":{"_acf_changed":false,"site-sidebar-layout":"default","site-content-layout":"","ast-site-content-layout":"default","site-content-style":"default","site-sidebar-style":"default","ast-global-header-display":"","ast-banner-title-visibility":"","ast-main-header-display":"","ast-hfb-above-header-display":"","ast-hfb-below-header-display":"","ast-hfb-mobile-header-display":"","site-post-title":"","ast-breadcrumbs-content":"","ast-featured-img":"","footer-sml-layout":"","ast-disable-related-posts":"","theme-transparent-header-meta":"","adv-header-id-meta":"","stick-header-meta":"","header-above-stick-meta":"","header-main-stick-meta":"","header-below-stick-meta":"","astra-migrate-meta-layouts":"set","ast-page-background-enabled":"default","ast-page-background-meta":{"desktop":{"background-color":"","background-image":"","background-repeat":"repeat","background-position":"center center","background-size":"auto","background-attachment":"scroll","background-type":"","background-media":"","overlay-type":"","overlay-color":"","overlay-opacity":"","overlay-gradient":""},"tablet":{"background-color":"","background-image":"","background-repeat":"repeat","background-position":"center center","background-size":"auto","background-attachment":"scroll","background-type":"","background-media":"","overlay-type":"","overlay-color":"","overlay-opacity":"","overlay-gradient":""},"mobile":{"background-color":"","background-image":"","background-repeat":"repeat","background-position":"center center","background-size":"auto","background-attachment":"scroll","background-type":"","background-media":"","overlay-type":"","overlay-color":"","overlay-opacity":"","overlay-gradient":""}},"ast-content-background-meta":{"desktop":{"background-color":"var(--ast-global-color-5)","background-image":"","background-repeat":"repeat","background-position":"center center","background-size":"auto","background-attachment":"scroll","background-type":"","background-media":"","overlay-type":"","overlay-color":"","overlay-opacity":"","overlay-gradient":""},"tablet":{"background-color":"var(--ast-global-color-5)","background-image":"","background-repeat":"repeat","background-position":"center center","background-size":"auto","background-attachment":"scroll","background-type":"","background-media":"","overlay-type":"","overlay-color":"","overlay-opacity":"","overlay-gradient":""},"mobile":{"background-color":"var(--ast-global-color-5)","background-image":"","background-repeat":"repeat","background-position":"center center","background-size":"auto","background-attachment":"scroll","background-type":"","background-media":"","overlay-type":"","overlay-color":"","overlay-opacity":"","overlay-gradient":""}},"footnotes":""},"product-category":[89],"product-tag":[],"class_list":["post-2424","product","type-product","status-publish","format-standard","has-post-thumbnail","hentry","product-category-charging-adapter"],"acf":[],"_links":{"self":[{"href":"https:\/\/www.mekeltech.com\/es\/wp-json\/wp\/v2\/product\/2424","targetHints":{"allow":["GET"]}}],"collection":[{"href":"https:\/\/www.mekeltech.com\/es\/wp-json\/wp\/v2\/product"}],"about":[{"href":"https:\/\/www.mekeltech.com\/es\/wp-json\/wp\/v2\/types\/product"}],"author":[{"embeddable":true,"href":"https:\/\/www.mekeltech.com\/es\/wp-json\/wp\/v2\/users\/1"}],"version-history":[{"count":9,"href":"https:\/\/www.mekeltech.com\/es\/wp-json\/wp\/v2\/product\/2424\/revisions"}],"predecessor-version":[{"id":5823,"href":"https:\/\/www.mekeltech.com\/es\/wp-json\/wp\/v2\/product\/2424\/revisions\/5823"}],"wp:featuredmedia":[{"embeddable":true,"href":"https:\/\/www.mekeltech.com\/es\/wp-json\/wp\/v2\/media\/3496"}],"wp:attachment":[{"href":"https:\/\/www.mekeltech.com\/es\/wp-json\/wp\/v2\/media?parent=2424"}],"wp:term":[{"taxonomy":"product-category","embeddable":true,"href":"https:\/\/www.mekeltech.com\/es\/wp-json\/wp\/v2\/product-category?post=2424"},{"taxonomy":"product-tag","embeddable":true,"href":"https:\/\/www.mekeltech.com\/es\/wp-json\/wp\/v2\/product-tag?post=2424"}],"curies":[{"name":"wp","href":"https:\/\/api.w.org\/{rel}","templated":true}]}}