{"id":2278,"date":"2025-05-11T06:36:48","date_gmt":"2025-05-11T06:36:48","guid":{"rendered":"https:\/\/mekeltech.com\/?post_type=product&#038;p=2278"},"modified":"2025-09-05T10:38:57","modified_gmt":"2025-09-05T02:38:57","slug":"v2l-with-digital-display","status":"publish","type":"product","link":"https:\/\/www.mekeltech.com\/es\/product\/v2l-with-digital-display\/","title":{"rendered":"V2L con pantalla digital"},"content":{"rendered":"<div data-elementor-type=\"wp-post\" data-elementor-id=\"2278\" class=\"elementor elementor-2278\" data-elementor-post-type=\"product\">\n\t\t\t\t<div class=\"elementor-element elementor-element-73c0587a e-flex e-con-boxed e-con e-parent\" data-id=\"73c0587a\" data-element_type=\"container\">\n\t\t\t\t\t<div class=\"e-con-inner\">\n\t\t\t\t<div class=\"elementor-element elementor-element-96a467c elementor-widget elementor-widget-heading\" data-id=\"96a467c\" data-element_type=\"widget\" data-widget_type=\"heading.default\">\n\t\t\t\t<div class=\"elementor-widget-container\">\n\t\t\t\t\t<h2 class=\"elementor-heading-title elementor-size-default\">Est\u00e1ndar para V2L con pantalla digital<\/h2>\t\t\t\t<\/div>\n\t\t\t\t<\/div>\n\t\t\t\t<div class=\"elementor-element elementor-element-2d41dae elementor-widget elementor-widget-text-editor\" data-id=\"2d41dae\" data-element_type=\"widget\" data-widget_type=\"text-editor.default\">\n\t\t\t\t<div class=\"elementor-widget-container\">\n\t\t\t\t\t\t\t\t\t<ul class=\"wp-block-list\">\n<li>Potencia de salida: Hasta 3,6 kW (1 fase, 16 amperios)<\/li>\n<!-- \/wp:list-item --><!-- wp:list-item -->\n<li>Tipo de conector: Tipo 2<\/li>\n<!-- \/wp:list-item --><!-- wp:list-item -->\n<li>Tipo de enchufe: Schuko, UK 3 Pin, Multi socket<\/li>\n<!-- \/wp:list-item --><!-- wp:list-item -->\n<li>Opci\u00f3n de cable: Disponible en opciones de 3 m, 5 m y 10 m.<\/li>\n<!-- \/wp:list-item --><!-- wp:list-item -->\n<li>Veh\u00edculos compatibles: Hyundai Ioniq 5, Kia EV6, MG ZS EV, BYD Atto 3, Genesis GV60\/GV70 y otros veh\u00edculos el\u00e9ctricos compatibles con V2L.<\/li>\n<!-- \/wp:list-item --><!-- wp:list-item -->\n<li>Certificaciones: CE<\/li>\n<\/ul>\t\t\t\t\t\t\t\t<\/div>\n\t\t\t\t<\/div>\n\t\t\t\t<div class=\"elementor-element elementor-element-ccbf9c6 elementor-widget elementor-widget-text-editor\" data-id=\"ccbf9c6\" data-element_type=\"widget\" data-widget_type=\"text-editor.default\">\n\t\t\t\t<div class=\"elementor-widget-container\">\n\t\t\t\t\t\t\t\t\t<p>El adaptador Mekel Vehicle-to-Load (V2L) con pantalla digital transforma los VE (veh\u00edculos el\u00e9ctricos) en una fuente de energ\u00eda vers\u00e1til, permitiendo a los usuarios aprovechar la bater\u00eda del VE para alimentar dispositivos externos. Dise\u00f1ado para una integraci\u00f3n perfecta con los VE compatibles con V2L, este adaptador admite una amplia gama de aplicaciones, desde acampadas y aventuras al aire libre hasta alimentaci\u00f3n de reserva de emergencia durante apagones. Con s\u00f3lidas funciones de seguridad y compatibilidad con los principales est\u00e1ndares mundiales, el Mekel V2L con pantalla digital proporciona una alimentaci\u00f3n fiable en cualquier lugar, tanto para necesidades personales como comerciales.<\/p>\t\t\t\t\t\t\t\t<\/div>\n\t\t\t\t<\/div>\n\t\t\t\t<div class=\"elementor-element elementor-element-ab3761a elementor-widget elementor-widget-heading\" data-id=\"ab3761a\" data-element_type=\"widget\" data-widget_type=\"heading.default\">\n\t\t\t\t<div class=\"elementor-widget-container\">\n\t\t\t\t\t<h2 class=\"elementor-heading-title elementor-size-default\">\u00bfQu\u00e9 es V2L con pantalla digital? <\/h2>\t\t\t\t<\/div>\n\t\t\t\t<\/div>\n\t\t\t\t<div class=\"elementor-element elementor-element-b179d57 elementor-widget elementor-widget-text-editor\" data-id=\"b179d57\" data-element_type=\"widget\" data-widget_type=\"text-editor.default\">\n\t\t\t\t<div class=\"elementor-widget-container\">\n\t\t\t\t\t\t\t\t\t<p>Un V2L con pantalla digital es un dispositivo especializado que se conecta al puerto de carga de un veh\u00edculo el\u00e9ctrico y permite que la bater\u00eda de alta capacidad del veh\u00edculo suministre corriente alterna a dispositivos externos. Los veh\u00edculos compatibles con V2L convierten la corriente continua (CC) de la bater\u00eda en corriente alterna (CA) a bordo y suministran CA a trav\u00e9s del V2L con pantalla digital. Permite a los usuarios alimentar aparatos de uso intensivo como estufas el\u00e9ctricas, ordenadores port\u00e1tiles, herramientas el\u00e9ctricas o incluso cargar otro veh\u00edculo el\u00e9ctrico. Ideal para lugares remotos, campamentos o situaciones de emergencia, el V2L con pantalla digital libera el potencial sin explotar de la bater\u00eda de su veh\u00edculo el\u00e9ctrico, convirti\u00e9ndolo en un banco de energ\u00eda m\u00f3vil.<\/p>\t\t\t\t\t\t\t\t<\/div>\n\t\t\t\t<\/div>\n\t\t\t\t<div class=\"elementor-element elementor-element-6c75e56 elementor-widget elementor-widget-heading\" data-id=\"6c75e56\" data-element_type=\"widget\" data-widget_type=\"heading.default\">\n\t\t\t\t<div class=\"elementor-widget-container\">\n\t\t\t\t\t<h2 class=\"elementor-heading-title elementor-size-default\">\u00bfC\u00f3mo funciona el V2L con pantalla digital?<\/h2>\t\t\t\t<\/div>\n\t\t\t\t<\/div>\n\t\t\t\t<div class=\"elementor-element elementor-element-d5500ed elementor-widget elementor-widget-text-editor\" data-id=\"d5500ed\" data-element_type=\"widget\" data-widget_type=\"text-editor.default\">\n\t\t\t\t<div class=\"elementor-widget-container\">\n\t\t\t\t\t\t\t\t\t<p>El Mekel V2L con pantalla digital se conecta directamente al puerto de carga de tipo 2 de un veh\u00edculo el\u00e9ctrico compatible con V2L. Una vez conectado, el inversor de a bordo del veh\u00edculo convierte la corriente continua de la bater\u00eda en corriente alterna, que se suministra a trav\u00e9s de la toma de 230 V del adaptador al dispositivo conectado. Los usuarios activan el modo V2L a trav\u00e9s del sistema de infoentretenimiento del veh\u00edculo, con l\u00edmites de descarga personalizables para preservar la autonom\u00eda de la bater\u00eda durante la conducci\u00f3n. El adaptador admite hasta 16 A para dispositivos de mayor potencia, lo que garantiza la flexibilidad en diversos escenarios.<\/p>\t\t\t\t\t\t\t\t<\/div>\n\t\t\t\t<\/div>\n\t\t\t\t<div class=\"elementor-element elementor-element-007ca1e elementor-widget elementor-widget-heading\" data-id=\"007ca1e\" data-element_type=\"widget\" data-widget_type=\"heading.default\">\n\t\t\t\t<div class=\"elementor-widget-container\">\n\t\t\t\t\t<h2 class=\"elementor-heading-title elementor-size-default\">\u00bfPor qu\u00e9 elegir Mekel V2L con pantalla digital?<\/h2>\t\t\t\t<\/div>\n\t\t\t\t<\/div>\n\t\t\t\t<div class=\"elementor-element elementor-element-1715c9e elementor-widget elementor-widget-heading\" data-id=\"1715c9e\" data-element_type=\"widget\" data-widget_type=\"heading.default\">\n\t\t\t\t<div class=\"elementor-widget-container\">\n\t\t\t\t\t<h3 class=\"elementor-heading-title elementor-size-default\">Soluci\u00f3n energ\u00e9tica vers\u00e1til<\/h3>\t\t\t\t<\/div>\n\t\t\t\t<\/div>\n\t\t\t\t<div class=\"elementor-element elementor-element-3ed9a7e elementor-widget elementor-widget-text-editor\" data-id=\"3ed9a7e\" data-element_type=\"widget\" data-widget_type=\"text-editor.default\">\n\t\t\t\t<div class=\"elementor-widget-container\">\n\t\t\t\t\t\t\t\t\t<p>El Mekel V2L con pantalla digital permite a los propietarios de veh\u00edculos el\u00e9ctricos aprovechar la bater\u00eda de su veh\u00edculo para una amplia gama de aplicaciones. Ya sea para alimentar una cafetera en una acampada, utilizar herramientas el\u00e9ctricas en un lugar de trabajo remoto o mantener en funcionamiento electrodom\u00e9sticos esenciales como frigor\u00edficos durante un apag\u00f3n, este adaptador proporciona hasta 3,6 kW de potencia fiable. El adaptador V2L con pantalla digital puede utilizarse tanto en el hogar como en comercios, lo que lo convierte en un accesorio esencial para los propietarios de veh\u00edculos el\u00e9ctricos modernos.<\/p>\t\t\t\t\t\t\t\t<\/div>\n\t\t\t\t<\/div>\n\t\t\t\t<div class=\"elementor-element elementor-element-01c21cd elementor-widget elementor-widget-heading\" data-id=\"01c21cd\" data-element_type=\"widget\" data-widget_type=\"heading.default\">\n\t\t\t\t<div class=\"elementor-widget-container\">\n\t\t\t\t\t<h3 class=\"elementor-heading-title elementor-size-default\">Compatibilidad universal<\/h3>\t\t\t\t<\/div>\n\t\t\t\t<\/div>\n\t\t\t\t<div class=\"elementor-element elementor-element-c931501 elementor-widget elementor-widget-text-editor\" data-id=\"c931501\" data-element_type=\"widget\" data-widget_type=\"text-editor.default\">\n\t\t\t\t<div class=\"elementor-widget-container\">\n\t\t\t\t\t\t\t\t\t<p>Dise\u00f1ado con un conector de tipo 2, el adaptador es compatible con una lista cada vez mayor de veh\u00edculos el\u00e9ctricos con tecnolog\u00eda V2L, como el Hyundai Ioniq 5, el Kia EV6, el MG ZS EV y el BYD Atto 3. Su conformidad con las normas mundiales garantiza su uso en m\u00faltiples mercados, desde Europa hasta Norteam\u00e9rica.<\/p>\t\t\t\t\t\t\t\t<\/div>\n\t\t\t\t<\/div>\n\t\t\t\t<div class=\"elementor-element elementor-element-c1c7d79 elementor-widget elementor-widget-heading\" data-id=\"c1c7d79\" data-element_type=\"widget\" data-widget_type=\"heading.default\">\n\t\t\t\t<div class=\"elementor-widget-container\">\n\t\t\t\t\t<h3 class=\"elementor-heading-title elementor-size-default\">Longitudes de cable personalizables para V2L con pantalla digital<\/h3>\t\t\t\t<\/div>\n\t\t\t\t<\/div>\n\t\t\t\t<div class=\"elementor-element elementor-element-9eb2fac elementor-widget elementor-widget-text-editor\" data-id=\"9eb2fac\" data-element_type=\"widget\" data-widget_type=\"text-editor.default\">\n\t\t\t\t<div class=\"elementor-widget-container\">\n\t\t\t\t\t\t\t\t\t<p>La variante de cable multitoma est\u00e1 disponible en longitudes de 3 m, 5 m y 10 m. La longitud personalizable permite que Mekel V2L con pantalla digital se adapte a diversos casos de uso, desde conexiones cortas para uso dom\u00e9stico hasta un mayor alcance para aplicaciones exteriores o comerciales. Los clientes pueden seleccionar la longitud que mejor se adapte a sus necesidades de comodidad y portabilidad.<\/p>\t\t\t\t\t\t\t\t<\/div>\n\t\t\t\t<\/div>\n\t\t\t\t<div class=\"elementor-element elementor-element-0917b6b elementor-widget elementor-widget-heading\" data-id=\"0917b6b\" data-element_type=\"widget\" data-widget_type=\"heading.default\">\n\t\t\t\t<div class=\"elementor-widget-container\">\n\t\t\t\t\t<h3 class=\"elementor-heading-title elementor-size-default\">Amplia gama de modelos impulsados por un prop\u00f3sito<\/h3>\t\t\t\t<\/div>\n\t\t\t\t<\/div>\n\t\t\t\t<div class=\"elementor-element elementor-element-1725825 elementor-widget elementor-widget-text-editor\" data-id=\"1725825\" data-element_type=\"widget\" data-widget_type=\"text-editor.default\">\n\t\t\t\t<div class=\"elementor-widget-container\">\n\t\t\t\t\t\t\t\t\t<p>Mekel ofrece varios modelos de V2L con pantalla digital, con distintas funciones y presupuestos. Entre ellos se incluyen el V2L est\u00e1ndar con pantalla digital, la variante premium con pantalla LCD para carga y la variante multienchufe para carga de varios aparatos. Tanto si el cliente est\u00e1 orientado al presupuesto como a la funci\u00f3n, Mekel tiene la soluci\u00f3n de producto adecuada para satisfacer sus necesidades.<\/p>\t\t\t\t\t\t\t\t<\/div>\n\t\t\t\t<\/div>\n\t\t\t\t<div class=\"elementor-element elementor-element-831abff elementor-widget elementor-widget-heading\" data-id=\"831abff\" data-element_type=\"widget\" data-widget_type=\"heading.default\">\n\t\t\t\t<div class=\"elementor-widget-container\">\n\t\t\t\t\t<h3 class=\"elementor-heading-title elementor-size-default\">Soluciones de personalizaci\u00f3n flexibles<\/h3>\t\t\t\t<\/div>\n\t\t\t\t<\/div>\n\t\t\t\t<div class=\"elementor-element elementor-element-1818af7 elementor-widget elementor-widget-text-editor\" data-id=\"1818af7\" data-element_type=\"widget\" data-widget_type=\"text-editor.default\">\n\t\t\t\t<div class=\"elementor-widget-container\">\n\t\t\t\t\t\t\t\t\t<p>Se puede personalizar el grabado por l\u00e1ser, lo que permite a los clientes seleccionar el grabado de su logotipo en el V2L con pantalla digital. Mekel tambi\u00e9n se dedica al dise\u00f1o y la adquisici\u00f3n de envases personalizables para ayudar a los clientes a comunicar su identidad de marca a los consumidores finales.<\/p>\t\t\t\t\t\t\t\t<\/div>\n\t\t\t\t<\/div>\n\t\t\t\t<div class=\"elementor-element elementor-element-7edd3bf elementor-widget elementor-widget-heading\" data-id=\"7edd3bf\" data-element_type=\"widget\" data-widget_type=\"heading.default\">\n\t\t\t\t<div class=\"elementor-widget-container\">\n\t\t\t\t\t<h2 class=\"elementor-heading-title elementor-size-default\">Caracter\u00edsticas principales de Mekel V2L con pantalla digital<\/h2>\t\t\t\t<\/div>\n\t\t\t\t<\/div>\n\t\t\t\t<div class=\"elementor-element elementor-element-2bcd456 elementor-widget elementor-widget-text-editor\" data-id=\"2bcd456\" data-element_type=\"widget\" data-widget_type=\"text-editor.default\">\n\t\t\t\t<div class=\"elementor-widget-container\">\n\t\t\t\t\t\t\t\t\t<ul>\n<li>Alta potencia de hasta 3,6 kW<\/li>\n<li>Conector de tipo 2 para compatibilidad universal con veh\u00edculos el\u00e9ctricos<\/li>\n<li>M\u00faltiples opciones de longitud de cable para la variante multitoma<\/li>\n<li>Enchufes resistentes a la intemperie para una mayor durabilidad en exteriores<\/li>\n<li>Admite una amplia gama de veh\u00edculos el\u00e9ctricos con tecnolog\u00eda V2L<\/li>\n<li>Dise\u00f1o plug-and-play f\u00e1cil de usar<\/li>\n<\/ul>\t\t\t\t\t\t\t\t<\/div>\n\t\t\t\t<\/div>\n\t\t\t\t<div class=\"elementor-element elementor-element-e9417a1 elementor-widget elementor-widget-heading\" data-id=\"e9417a1\" data-element_type=\"widget\" data-widget_type=\"heading.default\">\n\t\t\t\t<div class=\"elementor-widget-container\">\n\t\t\t\t\t<h2 class=\"elementor-heading-title elementor-size-default\">Opiniones de clientes sobre V2L con pantalla digital<\/h2>\t\t\t\t<\/div>\n\t\t\t\t<\/div>\n\t\t\t\t<div class=\"elementor-element elementor-element-f33790f elementor-widget elementor-widget-text-editor\" data-id=\"f33790f\" data-element_type=\"widget\" data-widget_type=\"text-editor.default\">\n\t\t\t\t<div class=\"elementor-widget-container\">\n\t\t\t\t\t\t\t\t\t<p>\"El Mekel V2L con pantalla digital ha cambiado las reglas del juego en nuestras acampadas familiares. Lo utilizamos con nuestro Kia EV6 para alimentar una nevera port\u00e1til y una cadena de luces, y funcion\u00f3 a la perfecci\u00f3n. El cable de 5 m nos dio mucho alcance. Muy recomendable para cualquier persona con un veh\u00edculo el\u00e9ctrico con capacidad V2L\". - Sarah, aficionada a las actividades al aire libre<\/p>\t\t\t\t\t\t\t\t<\/div>\n\t\t\t\t<\/div>\n\t\t\t\t<div class=\"elementor-element elementor-element-5cb7097 elementor-widget elementor-widget-heading\" data-id=\"5cb7097\" data-element_type=\"widget\" data-widget_type=\"heading.default\">\n\t\t\t\t<div class=\"elementor-widget-container\">\n\t\t\t\t\t<h2 class=\"elementor-heading-title elementor-size-default\">PREGUNTAS FRECUENTES<\/h2>\t\t\t\t<\/div>\n\t\t\t\t<\/div>\n\t\t\t\t<div class=\"elementor-element elementor-element-9145808 elementor-widget elementor-widget-n-accordion\" data-id=\"9145808\" data-element_type=\"widget\" data-settings=\"{&quot;default_state&quot;:&quot;expanded&quot;,&quot;max_items_expended&quot;:&quot;one&quot;,&quot;n_accordion_animation_duration&quot;:{&quot;unit&quot;:&quot;ms&quot;,&quot;size&quot;:400,&quot;sizes&quot;:[]}}\" data-widget_type=\"nested-accordion.default\">\n\t\t\t\t<div class=\"elementor-widget-container\">\n\t\t\t\t\t\t\t<div class=\"e-n-accordion\" aria-label=\"Acorde\u00f3n. Abra los enlaces con Intro o Espacio, ci\u00e9rrelos con Escape y navegue con las teclas de flecha.\">\n\t\t\t\t\t\t<details id=\"e-n-accordion-item-1520\" class=\"e-n-accordion-item\" open>\n\t\t\t\t<summary class=\"e-n-accordion-item-title\" data-accordion-index=\"1\" tabindex=\"0\" aria-expanded=\"true\" aria-controls=\"e-n-accordion-item-1520\" >\n\t\t\t\t\t<span class='e-n-accordion-item-title-header'><div class=\"e-n-accordion-item-title-text\"> \u00bfQu\u00e9 VE son compatibles con el Mekel V2L con pantalla digital? <\/div><\/span>\n\t\t\t\t\t\t\t<span class='e-n-accordion-item-title-icon'>\n\t\t\t<span class='e-opened' ><svg aria-hidden=\"true\" class=\"e-font-icon-svg e-fas-minus\" viewbox=\"0 0 448 512\" xmlns=\"http:\/\/www.w3.org\/2000\/svg\"><path d=\"M416 208H32c-17.67 0-32 14.33-32 32v32c0 17.67 14.33 32 32 32h384c17.67 0 32-14.33 32-32v-32c0-17.67-14.33-32-32-32z\"><\/path><\/svg><\/span>\n\t\t\t<span class='e-closed'><svg aria-hidden=\"true\" class=\"e-font-icon-svg e-fas-plus\" viewbox=\"0 0 448 512\" xmlns=\"http:\/\/www.w3.org\/2000\/svg\"><path d=\"M416 208H272V64c0-17.67-14.33-32-32-32h-32c-17.67 0-32 14.33-32 32v144H32c-17.67 0-32 14.33-32 32v32c0 17.67 14.33 32 32 32h144v144c0 17.67 14.33 32 32 32h32c17.67 0 32-14.33 32-32V304h144c17.67 0 32-14.33 32-32v-32c0-17.67-14.33-32-32-32z\"><\/path><\/svg><\/span>\n\t\t<\/span>\n\n\t\t\t\t\t\t<\/summary>\n\t\t\t\t<div role=\"region\" aria-labelledby=\"e-n-accordion-item-1520\" class=\"elementor-element elementor-element-88cb4ce e-con-full e-flex e-con e-child\" data-id=\"88cb4ce\" data-element_type=\"container\">\n\t\t\t\t<div class=\"elementor-element elementor-element-aea238c elementor-widget elementor-widget-text-editor\" data-id=\"aea238c\" data-element_type=\"widget\" data-widget_type=\"text-editor.default\">\n\t\t\t\t<div class=\"elementor-widget-container\">\n\t\t\t\t\t\t\t\t\t<p>El adaptador es compatible con veh\u00edculos el\u00e9ctricos habilitados para V2L, como el Hyundai Ioniq 5, el Kia EV6, el MG ZS EV, el BYD Atto 3 y los Genesis GV60\/GV70, entre otros. Los consumidores deben consultar el manual del veh\u00edculo para confirmar la compatibilidad con V2L.<\/p>\t\t\t\t\t\t\t\t<\/div>\n\t\t\t\t<\/div>\n\t\t\t\t<\/div>\n\t\t\t\t\t<\/details>\n\t\t\t\t\t\t<details id=\"e-n-accordion-item-1521\" class=\"e-n-accordion-item\" >\n\t\t\t\t<summary class=\"e-n-accordion-item-title\" data-accordion-index=\"2\" tabindex=\"-1\" aria-expanded=\"false\" aria-controls=\"e-n-accordion-item-1521\" >\n\t\t\t\t\t<span class='e-n-accordion-item-title-header'><div class=\"e-n-accordion-item-title-text\"> \u00bfQu\u00e9 aparatos puede alimentar el V2L con pantalla digital? <\/div><\/span>\n\t\t\t\t\t\t\t<span class='e-n-accordion-item-title-icon'>\n\t\t\t<span class='e-opened' ><svg aria-hidden=\"true\" class=\"e-font-icon-svg e-fas-minus\" viewbox=\"0 0 448 512\" xmlns=\"http:\/\/www.w3.org\/2000\/svg\"><path d=\"M416 208H32c-17.67 0-32 14.33-32 32v32c0 17.67 14.33 32 32 32h384c17.67 0 32-14.33 32-32v-32c0-17.67-14.33-32-32-32z\"><\/path><\/svg><\/span>\n\t\t\t<span class='e-closed'><svg aria-hidden=\"true\" class=\"e-font-icon-svg e-fas-plus\" viewbox=\"0 0 448 512\" xmlns=\"http:\/\/www.w3.org\/2000\/svg\"><path d=\"M416 208H272V64c0-17.67-14.33-32-32-32h-32c-17.67 0-32 14.33-32 32v144H32c-17.67 0-32 14.33-32 32v32c0 17.67 14.33 32 32 32h144v144c0 17.67 14.33 32 32 32h32c17.67 0 32-14.33 32-32V304h144c17.67 0 32-14.33 32-32v-32c0-17.67-14.33-32-32-32z\"><\/path><\/svg><\/span>\n\t\t<\/span>\n\n\t\t\t\t\t\t<\/summary>\n\t\t\t\t<div role=\"region\" aria-labelledby=\"e-n-accordion-item-1521\" class=\"elementor-element elementor-element-1b6aa00 e-con-full e-flex e-con e-child\" data-id=\"1b6aa00\" data-element_type=\"container\">\n\t\t\t\t<div class=\"elementor-element elementor-element-da0611a elementor-widget elementor-widget-text-editor\" data-id=\"da0611a\" data-element_type=\"widget\" data-widget_type=\"text-editor.default\">\n\t\t\t\t<div class=\"elementor-widget-container\">\n\t\t\t\t\t\t\t\t\t<p>Puede alimentar aparatos como un horno port\u00e1til y una parrilla durante una acampada, as\u00ed como frigor\u00edficos y luces en caso de apag\u00f3n. El umbral superior de potencia de salida es de 3,6 kW, suficiente para la mayor\u00eda de los electrodom\u00e9sticos disponibles.<\/p>\t\t\t\t\t\t\t\t<\/div>\n\t\t\t\t<\/div>\n\t\t\t\t<\/div>\n\t\t\t\t\t<\/details>\n\t\t\t\t\t<\/div>\n\t\t\t\t\t\t<\/div>\n\t\t\t\t<\/div>\n\t\t\t\t\t<\/div>\n\t\t\t\t<\/div>\n\t\t\t\t<\/div>","protected":false},"excerpt":{"rendered":"<p>De serie para V2L con pantalla digital Potencia de salida: Hasta 3,6 kW (1 fase, 16 amperios) Tipo de conector: Tipo 2 Tipo de enchufe: Schuko, UK 3 Pin, Multi socket Opci\u00f3n de cable: Disponible en opciones de 3 m, 5 m y 10 m Veh\u00edculos compatibles: Hyundai Ioniq 5, Kia EV6, MG ZS EV, BYD Atto 3, Genesis GV60\/GV70, y otros [...]<\/p>","protected":false},"author":1,"featured_media":2280,"menu_order":0,"template":"","format":"standard","meta":{"_acf_changed":false,"site-sidebar-layout":"default","site-content-layout":"","ast-site-content-layout":"default","site-content-style":"default","site-sidebar-style":"default","ast-global-header-display":"","ast-banner-title-visibility":"","ast-main-header-display":"","ast-hfb-above-header-display":"","ast-hfb-below-header-display":"","ast-hfb-mobile-header-display":"","site-post-title":"","ast-breadcrumbs-content":"","ast-featured-img":"","footer-sml-layout":"","ast-disable-related-posts":"","theme-transparent-header-meta":"","adv-header-id-meta":"","stick-header-meta":"","header-above-stick-meta":"","header-main-stick-meta":"","header-below-stick-meta":"","astra-migrate-meta-layouts":"set","ast-page-background-enabled":"default","ast-page-background-meta":{"desktop":{"background-color":"","background-image":"","background-repeat":"repeat","background-position":"center center","background-size":"auto","background-attachment":"scroll","background-type":"","background-media":"","overlay-type":"","overlay-color":"","overlay-opacity":"","overlay-gradient":""},"tablet":{"background-color":"","background-image":"","background-repeat":"repeat","background-position":"center center","background-size":"auto","background-attachment":"scroll","background-type":"","background-media":"","overlay-type":"","overlay-color":"","overlay-opacity":"","overlay-gradient":""},"mobile":{"background-color":"","background-image":"","background-repeat":"repeat","background-position":"center center","background-size":"auto","background-attachment":"scroll","background-type":"","background-media":"","overlay-type":"","overlay-color":"","overlay-opacity":"","overlay-gradient":""}},"ast-content-background-meta":{"desktop":{"background-color":"var(--ast-global-color-5)","background-image":"","background-repeat":"repeat","background-position":"center center","background-size":"auto","background-attachment":"scroll","background-type":"","background-media":"","overlay-type":"","overlay-color":"","overlay-opacity":"","overlay-gradient":""},"tablet":{"background-color":"var(--ast-global-color-5)","background-image":"","background-repeat":"repeat","background-position":"center center","background-size":"auto","background-attachment":"scroll","background-type":"","background-media":"","overlay-type":"","overlay-color":"","overlay-opacity":"","overlay-gradient":""},"mobile":{"background-color":"var(--ast-global-color-5)","background-image":"","background-repeat":"repeat","background-position":"center center","background-size":"auto","background-attachment":"scroll","background-type":"","background-media":"","overlay-type":"","overlay-color":"","overlay-opacity":"","overlay-gradient":""}},"footnotes":""},"product-category":[93],"product-tag":[],"class_list":["post-2278","product","type-product","status-publish","format-standard","has-post-thumbnail","hentry","product-category-vehicle-to-load-v2l"],"acf":[],"_links":{"self":[{"href":"https:\/\/www.mekeltech.com\/es\/wp-json\/wp\/v2\/product\/2278","targetHints":{"allow":["GET"]}}],"collection":[{"href":"https:\/\/www.mekeltech.com\/es\/wp-json\/wp\/v2\/product"}],"about":[{"href":"https:\/\/www.mekeltech.com\/es\/wp-json\/wp\/v2\/types\/product"}],"author":[{"embeddable":true,"href":"https:\/\/www.mekeltech.com\/es\/wp-json\/wp\/v2\/users\/1"}],"version-history":[{"count":14,"href":"https:\/\/www.mekeltech.com\/es\/wp-json\/wp\/v2\/product\/2278\/revisions"}],"predecessor-version":[{"id":7130,"href":"https:\/\/www.mekeltech.com\/es\/wp-json\/wp\/v2\/product\/2278\/revisions\/7130"}],"wp:featuredmedia":[{"embeddable":true,"href":"https:\/\/www.mekeltech.com\/es\/wp-json\/wp\/v2\/media\/2280"}],"wp:attachment":[{"href":"https:\/\/www.mekeltech.com\/es\/wp-json\/wp\/v2\/media?parent=2278"}],"wp:term":[{"taxonomy":"product-category","embeddable":true,"href":"https:\/\/www.mekeltech.com\/es\/wp-json\/wp\/v2\/product-category?post=2278"},{"taxonomy":"product-tag","embeddable":true,"href":"https:\/\/www.mekeltech.com\/es\/wp-json\/wp\/v2\/product-tag?post=2278"}],"curies":[{"name":"wp","href":"https:\/\/api.w.org\/{rel}","templated":true}]}}