{"id":2275,"date":"2025-05-12T06:35:36","date_gmt":"2025-05-12T06:35:36","guid":{"rendered":"https:\/\/mekeltech.com\/?post_type=product&#038;p=2275"},"modified":"2025-08-21T14:09:12","modified_gmt":"2025-08-21T06:09:12","slug":"vehicle-to-load-standard","status":"publish","type":"product","link":"https:\/\/www.mekeltech.com\/es\/product\/vehicle-to-load-standard\/","title":{"rendered":"Norma V2L"},"content":{"rendered":"<div data-elementor-type=\"wp-post\" data-elementor-id=\"2275\" class=\"elementor elementor-2275\" data-elementor-post-type=\"product\">\n\t\t\t\t<div class=\"elementor-element elementor-element-2da37ea e-flex e-con-boxed e-con e-parent\" data-id=\"2da37ea\" data-element_type=\"container\">\n\t\t\t\t\t<div class=\"e-con-inner\">\n\t\t\t\t<div class=\"elementor-element elementor-element-25e61d7 elementor-widget elementor-widget-heading\" data-id=\"25e61d7\" data-element_type=\"widget\" data-widget_type=\"heading.default\">\n\t\t\t\t<div class=\"elementor-widget-container\">\n\t\t\t\t\t<h2 class=\"elementor-heading-title elementor-size-default\">Norma V2L<\/h2>\t\t\t\t<\/div>\n\t\t\t\t<\/div>\n\t\t\t\t<div class=\"elementor-element elementor-element-7582acf elementor-widget elementor-widget-text-editor\" data-id=\"7582acf\" data-element_type=\"widget\" data-widget_type=\"text-editor.default\">\n\t\t\t\t<div class=\"elementor-widget-container\">\n\t\t\t\t\t\t\t\t\t<ul class=\"wp-block-list\">\n<li>Potencia de salida: Hasta 3,6 kW (1 fase, 16 amperios)<\/li>\n<!-- \/wp:list-item --><!-- wp:list-item -->\n<li>Tipo de conector: Tipo 2<\/li>\n<!-- \/wp:list-item --><!-- wp:list-item -->\n<li>Tipo de enchufe: Schuko, UK 3 Pin, Multi socket<\/li>\n<!-- \/wp:list-item --><!-- wp:list-item -->\n<li>Opci\u00f3n de cable: Disponible en opciones de 3 m, 5 m y 10 m.<\/li>\n<!-- \/wp:list-item --><!-- wp:list-item -->\n<li>Veh\u00edculos compatibles: Hyundai Ioniq 5, Kia EV6, MG ZS EV, BYD Atto 3, Genesis GV60\/GV70 y otros veh\u00edculos el\u00e9ctricos compatibles con la norma Vehicle-to-Load.<\/li>\n<!-- \/wp:list-item --><!-- wp:list-item -->\n<li>Certificaciones: CE<\/li>\n<\/ul>\t\t\t\t\t\t\t\t<\/div>\n\t\t\t\t<\/div>\n\t\t\t\t<div class=\"elementor-element elementor-element-c354ff2 elementor-widget elementor-widget-text-editor\" data-id=\"c354ff2\" data-element_type=\"widget\" data-widget_type=\"text-editor.default\">\n\t\t\t\t<div class=\"elementor-widget-container\">\n\t\t\t\t\t\t\t\t\t<p>Los adaptadores est\u00e1ndar Mekel Vehicle-to-Load (V2L) transforman los VE (veh\u00edculos el\u00e9ctricos) en una fuente de alimentaci\u00f3n vers\u00e1til, permitiendo a los usuarios aprovechar la bater\u00eda del VE para alimentar dispositivos externos. Dise\u00f1ado para una integraci\u00f3n perfecta con VE compatibles con V2L, este adaptador admite una amplia gama de aplicaciones, desde acampadas y aventuras al aire libre hasta alimentaci\u00f3n de reserva de emergencia durante apagones. Con s\u00f3lidas funciones de seguridad y compatibilidad con los principales est\u00e1ndares mundiales, el adaptador est\u00e1ndar V2L de Mekel proporciona una alimentaci\u00f3n fiable y port\u00e1til tanto para necesidades personales como comerciales.<\/p>\t\t\t\t\t\t\t\t<\/div>\n\t\t\t\t<\/div>\n\t\t\t\t<div class=\"elementor-element elementor-element-01615b6 elementor-widget elementor-widget-heading\" data-id=\"01615b6\" data-element_type=\"widget\" data-widget_type=\"heading.default\">\n\t\t\t\t<div class=\"elementor-widget-container\">\n\t\t\t\t\t<h2 class=\"elementor-heading-title elementor-size-default\">\u00bfQu\u00e9 es el adaptador est\u00e1ndar V2L? <\/h2>\t\t\t\t<\/div>\n\t\t\t\t<\/div>\n\t\t\t\t<div class=\"elementor-element elementor-element-18c78fb elementor-widget elementor-widget-text-editor\" data-id=\"18c78fb\" data-element_type=\"widget\" data-widget_type=\"text-editor.default\">\n\t\t\t\t<div class=\"elementor-widget-container\">\n\t\t\t\t\t\t\t\t\t<p>Un adaptador est\u00e1ndar V2L es un dispositivo especializado que se conecta al puerto de carga de un veh\u00edculo el\u00e9ctrico y permite que la bater\u00eda de alta capacidad del veh\u00edculo suministre corriente alterna a dispositivos externos. Los veh\u00edculos compatibles con V2L convierten la corriente continua (CC) de la bater\u00eda en corriente alterna (CA) a bordo y suministran CA a trav\u00e9s del adaptador est\u00e1ndar V2L. Permite a los usuarios alimentar aparatos de uso intensivo como estufas el\u00e9ctricas, ordenadores port\u00e1tiles, herramientas el\u00e9ctricas o incluso cargar otro veh\u00edculo el\u00e9ctrico. Ideal para lugares remotos, acampadas o situaciones de emergencia, el V2L con pantalla digital libera el potencial sin explotar de la bater\u00eda de su VE, convirti\u00e9ndolo en un banco de energ\u00eda m\u00f3vil. El adaptador est\u00e1ndar V2L es la opci\u00f3n m\u00e1s com\u00fan y asequible, y proporciona una transferencia de energ\u00eda fiable de VE a dispositivo.<\/p>\t\t\t\t\t\t\t\t<\/div>\n\t\t\t\t<\/div>\n\t\t\t\t<div class=\"elementor-element elementor-element-9869f30 elementor-widget elementor-widget-heading\" data-id=\"9869f30\" data-element_type=\"widget\" data-widget_type=\"heading.default\">\n\t\t\t\t<div class=\"elementor-widget-container\">\n\t\t\t\t\t<h2 class=\"elementor-heading-title elementor-size-default\">\u00bfC\u00f3mo funciona el adaptador est\u00e1ndar V2L?<\/h2>\t\t\t\t<\/div>\n\t\t\t\t<\/div>\n\t\t\t\t<div class=\"elementor-element elementor-element-c9ffd29 elementor-widget elementor-widget-text-editor\" data-id=\"c9ffd29\" data-element_type=\"widget\" data-widget_type=\"text-editor.default\">\n\t\t\t\t<div class=\"elementor-widget-container\">\n\t\t\t\t\t\t\t\t\t<p>El adaptador est\u00e1ndar Mekel V2L se conecta directamente al puerto de carga de tipo 2 de un veh\u00edculo el\u00e9ctrico compatible con V2L. Una vez conectado, el inversor de a bordo del veh\u00edculo convierte la corriente continua de la bater\u00eda en corriente alterna, que se suministra a trav\u00e9s de la toma de 230 V del adaptador al dispositivo conectado. Los usuarios activan el modo V2L a trav\u00e9s del sistema de infoentretenimiento del veh\u00edculo, con l\u00edmites de descarga personalizables para preservar la autonom\u00eda de la bater\u00eda durante la conducci\u00f3n. El adaptador admite hasta 16 A para dispositivos de mayor potencia, lo que garantiza la flexibilidad en diversos escenarios.<\/p>\t\t\t\t\t\t\t\t<\/div>\n\t\t\t\t<\/div>\n\t\t\t\t<div class=\"elementor-element elementor-element-688c6c7 elementor-widget elementor-widget-heading\" data-id=\"688c6c7\" data-element_type=\"widget\" data-widget_type=\"heading.default\">\n\t\t\t\t<div class=\"elementor-widget-container\">\n\t\t\t\t\t<h2 class=\"elementor-heading-title elementor-size-default\">\u00bfPor qu\u00e9 elegir el adaptador V2L de Mekel?<\/h2>\t\t\t\t<\/div>\n\t\t\t\t<\/div>\n\t\t\t\t<div class=\"elementor-element elementor-element-8843385 elementor-widget elementor-widget-heading\" data-id=\"8843385\" data-element_type=\"widget\" data-widget_type=\"heading.default\">\n\t\t\t\t<div class=\"elementor-widget-container\">\n\t\t\t\t\t<h3 class=\"elementor-heading-title elementor-size-default\">Soluci\u00f3n energ\u00e9tica vers\u00e1til<\/h3>\t\t\t\t<\/div>\n\t\t\t\t<\/div>\n\t\t\t\t<div class=\"elementor-element elementor-element-6859e91 elementor-widget elementor-widget-text-editor\" data-id=\"6859e91\" data-element_type=\"widget\" data-widget_type=\"text-editor.default\">\n\t\t\t\t<div class=\"elementor-widget-container\">\n\t\t\t\t\t\t\t\t\t<p>El adaptador Mekel V2L permite a los propietarios de veh\u00edculos el\u00e9ctricos aprovechar la bater\u00eda de su veh\u00edculo para una amplia gama de aplicaciones. Ya sea para alimentar una cafetera durante una acampada, utilizar herramientas el\u00e9ctricas en un lugar de trabajo remoto o mantener en funcionamiento electrodom\u00e9sticos esenciales como frigor\u00edficos durante un apag\u00f3n, este adaptador proporciona hasta 3,6 kW de potencia fiable. El adaptador est\u00e1ndar V2L es compatible tanto para uso dom\u00e9stico como comercial, lo que lo convierte en un accesorio esencial para los propietarios de veh\u00edculos el\u00e9ctricos modernos.<\/p>\t\t\t\t\t\t\t\t<\/div>\n\t\t\t\t<\/div>\n\t\t\t\t<div class=\"elementor-element elementor-element-e8bd921 elementor-widget elementor-widget-heading\" data-id=\"e8bd921\" data-element_type=\"widget\" data-widget_type=\"heading.default\">\n\t\t\t\t<div class=\"elementor-widget-container\">\n\t\t\t\t\t<h3 class=\"elementor-heading-title elementor-size-default\">Compatibilidad universal<\/h3>\t\t\t\t<\/div>\n\t\t\t\t<\/div>\n\t\t\t\t<div class=\"elementor-element elementor-element-1720a52 elementor-widget elementor-widget-text-editor\" data-id=\"1720a52\" data-element_type=\"widget\" data-widget_type=\"text-editor.default\">\n\t\t\t\t<div class=\"elementor-widget-container\">\n\t\t\t\t\t\t\t\t\t<p>Dise\u00f1ado con un conector de tipo 2, el adaptador es compatible con una lista cada vez mayor de veh\u00edculos el\u00e9ctricos con tecnolog\u00eda V2L, como el Hyundai Ioniq 5, el Kia EV6, el MG ZS EV y el BYD Atto 3. Su conformidad con las normas mundiales garantiza su uso en m\u00faltiples mercados, desde Europa hasta Norteam\u00e9rica.<\/p>\t\t\t\t\t\t\t\t<\/div>\n\t\t\t\t<\/div>\n\t\t\t\t<div class=\"elementor-element elementor-element-f39f0c1 elementor-widget elementor-widget-heading\" data-id=\"f39f0c1\" data-element_type=\"widget\" data-widget_type=\"heading.default\">\n\t\t\t\t<div class=\"elementor-widget-container\">\n\t\t\t\t\t<h3 class=\"elementor-heading-title elementor-size-default\">Longitudes de cable personalizables<\/h3>\t\t\t\t<\/div>\n\t\t\t\t<\/div>\n\t\t\t\t<div class=\"elementor-element elementor-element-5abc357 elementor-widget elementor-widget-text-editor\" data-id=\"5abc357\" data-element_type=\"widget\" data-widget_type=\"text-editor.default\">\n\t\t\t\t<div class=\"elementor-widget-container\">\n\t\t\t\t\t\t\t\t\t<p>La variante de cable multitoma est\u00e1 disponible en longitudes de 3 m, 5 m y 10 m. La longitud personalizable permite que el adaptador est\u00e1ndar Mekel V2L se adapte a diversos casos de uso, desde conexiones cortas para uso dom\u00e9stico hasta un mayor alcance para aplicaciones exteriores o comerciales. Los clientes pueden seleccionar la longitud que mejor se adapte a sus necesidades de comodidad y portabilidad.<\/p>\t\t\t\t\t\t\t\t<\/div>\n\t\t\t\t<\/div>\n\t\t\t\t<div class=\"elementor-element elementor-element-0eacb94 elementor-widget elementor-widget-heading\" data-id=\"0eacb94\" data-element_type=\"widget\" data-widget_type=\"heading.default\">\n\t\t\t\t<div class=\"elementor-widget-container\">\n\t\t\t\t\t<h3 class=\"elementor-heading-title elementor-size-default\">Amplia gama de modelos impulsados por un prop\u00f3sito<\/h3>\t\t\t\t<\/div>\n\t\t\t\t<\/div>\n\t\t\t\t<div class=\"elementor-element elementor-element-383f04e elementor-widget elementor-widget-text-editor\" data-id=\"383f04e\" data-element_type=\"widget\" data-widget_type=\"text-editor.default\">\n\t\t\t\t<div class=\"elementor-widget-container\">\n\t\t\t\t\t\t\t\t\t<p>Mekel ofrece varios modelos de adaptadores V2L, con distintas funciones y presupuestos. Entre ellos se incluyen el adaptador est\u00e1ndar V2L, la variante premium con pantalla LCD para la carga y la variante multienchufe para la carga de varios aparatos. Tanto si el cliente se orienta por el presupuesto como por la funci\u00f3n, Mekel tiene la soluci\u00f3n de producto adecuada para satisfacer sus necesidades.<\/p>\t\t\t\t\t\t\t\t<\/div>\n\t\t\t\t<\/div>\n\t\t\t\t<div class=\"elementor-element elementor-element-0a0e6af elementor-widget elementor-widget-heading\" data-id=\"0a0e6af\" data-element_type=\"widget\" data-widget_type=\"heading.default\">\n\t\t\t\t<div class=\"elementor-widget-container\">\n\t\t\t\t\t<h3 class=\"elementor-heading-title elementor-size-default\">Soluciones de personalizaci\u00f3n flexibles<\/h3>\t\t\t\t<\/div>\n\t\t\t\t<\/div>\n\t\t\t\t<div class=\"elementor-element elementor-element-bf0a471 elementor-widget elementor-widget-text-editor\" data-id=\"bf0a471\" data-element_type=\"widget\" data-widget_type=\"text-editor.default\">\n\t\t\t\t<div class=\"elementor-widget-container\">\n\t\t\t\t\t\t\t\t\t<p>Existe la posibilidad de personalizar el grabado por l\u00e1ser, lo que permite a los clientes seleccionar el grabado de su logotipo en los adaptadores est\u00e1ndar V2L. Mekel tambi\u00e9n se dedica al dise\u00f1o y la adquisici\u00f3n de embalajes personalizables para ayudar a los clientes a comunicar su identidad de marca a los consumidores finales.<\/p>\t\t\t\t\t\t\t\t<\/div>\n\t\t\t\t<\/div>\n\t\t\t\t<div class=\"elementor-element elementor-element-0839937 elementor-widget elementor-widget-heading\" data-id=\"0839937\" data-element_type=\"widget\" data-widget_type=\"heading.default\">\n\t\t\t\t<div class=\"elementor-widget-container\">\n\t\t\t\t\t<h2 class=\"elementor-heading-title elementor-size-default\">Caracter\u00edsticas principales del adaptador est\u00e1ndar Mekel V2L<\/h2>\t\t\t\t<\/div>\n\t\t\t\t<\/div>\n\t\t\t\t<div class=\"elementor-element elementor-element-1220974 elementor-widget elementor-widget-text-editor\" data-id=\"1220974\" data-element_type=\"widget\" data-widget_type=\"text-editor.default\">\n\t\t\t\t<div class=\"elementor-widget-container\">\n\t\t\t\t\t\t\t\t\t<ul>\n<li>Salida de alta potencia de hasta 3,6 kW con dise\u00f1o de adaptador est\u00e1ndar V2L<\/li>\n<li>Conector de tipo 2 para compatibilidad universal con veh\u00edculos el\u00e9ctricos<\/li>\n<li>M\u00faltiples opciones de longitud de cable para la variante multitoma<\/li>\n<li>Enchufes resistentes a la intemperie para una mayor durabilidad en exteriores<\/li>\n<li>Admite una amplia gama de veh\u00edculos el\u00e9ctricos con tecnolog\u00eda V2L<\/li>\n<li>Dise\u00f1o plug-and-play f\u00e1cil de usar<\/li>\n<\/ul>\t\t\t\t\t\t\t\t<\/div>\n\t\t\t\t<\/div>\n\t\t\t\t<div class=\"elementor-element elementor-element-badfa94 elementor-widget elementor-widget-heading\" data-id=\"badfa94\" data-element_type=\"widget\" data-widget_type=\"heading.default\">\n\t\t\t\t<div class=\"elementor-widget-container\">\n\t\t\t\t\t<h2 class=\"elementor-heading-title elementor-size-default\">Testimonios de clientes<\/h2>\t\t\t\t<\/div>\n\t\t\t\t<\/div>\n\t\t\t\t<div class=\"elementor-element elementor-element-209ab11 elementor-widget elementor-widget-text-editor\" data-id=\"209ab11\" data-element_type=\"widget\" data-widget_type=\"text-editor.default\">\n\t\t\t\t<div class=\"elementor-widget-container\">\n\t\t\t\t\t\t\t\t\t<p>\"El adaptador est\u00e1ndar Mekel V2L ha cambiado las reglas del juego en nuestras acampadas familiares. Lo utilizamos con nuestro Kia EV6 para alimentar una nevera port\u00e1til y una cadena de luces, y funcion\u00f3 a la perfecci\u00f3n. El cable de 5 m nos dio mucho alcance. Muy recomendable para cualquier persona con un veh\u00edculo el\u00e9ctrico con capacidad V2L\". - Sarah, aficionada a las actividades al aire libre<\/p>\t\t\t\t\t\t\t\t<\/div>\n\t\t\t\t<\/div>\n\t\t\t\t<div class=\"elementor-element elementor-element-d62f669 elementor-widget elementor-widget-heading\" data-id=\"d62f669\" data-element_type=\"widget\" data-widget_type=\"heading.default\">\n\t\t\t\t<div class=\"elementor-widget-container\">\n\t\t\t\t\t<h2 class=\"elementor-heading-title elementor-size-default\">PREGUNTAS FRECUENTES<\/h2>\t\t\t\t<\/div>\n\t\t\t\t<\/div>\n\t\t\t\t<div class=\"elementor-element elementor-element-5068d14 elementor-widget elementor-widget-n-accordion\" data-id=\"5068d14\" data-element_type=\"widget\" data-settings=\"{&quot;default_state&quot;:&quot;expanded&quot;,&quot;max_items_expended&quot;:&quot;one&quot;,&quot;n_accordion_animation_duration&quot;:{&quot;unit&quot;:&quot;ms&quot;,&quot;size&quot;:400,&quot;sizes&quot;:[]}}\" data-widget_type=\"nested-accordion.default\">\n\t\t\t\t<div class=\"elementor-widget-container\">\n\t\t\t\t\t\t\t<div class=\"e-n-accordion\" aria-label=\"Acorde\u00f3n. Abra los enlaces con Intro o Espacio, ci\u00e9rrelos con Escape y navegue con las teclas de flecha.\">\n\t\t\t\t\t\t<details id=\"e-n-accordion-item-8430\" class=\"e-n-accordion-item\" open>\n\t\t\t\t<summary class=\"e-n-accordion-item-title\" data-accordion-index=\"1\" tabindex=\"0\" aria-expanded=\"true\" aria-controls=\"e-n-accordion-item-8430\" >\n\t\t\t\t\t<span class='e-n-accordion-item-title-header'><div class=\"e-n-accordion-item-title-text\"> \u00bfQu\u00e9 veh\u00edculos el\u00e9ctricos son compatibles con el adaptador est\u00e1ndar Mekel V2L? <\/div><\/span>\n\t\t\t\t\t\t\t<span class='e-n-accordion-item-title-icon'>\n\t\t\t<span class='e-opened' ><svg aria-hidden=\"true\" class=\"e-font-icon-svg e-fas-minus\" viewbox=\"0 0 448 512\" xmlns=\"http:\/\/www.w3.org\/2000\/svg\"><path d=\"M416 208H32c-17.67 0-32 14.33-32 32v32c0 17.67 14.33 32 32 32h384c17.67 0 32-14.33 32-32v-32c0-17.67-14.33-32-32-32z\"><\/path><\/svg><\/span>\n\t\t\t<span class='e-closed'><svg aria-hidden=\"true\" class=\"e-font-icon-svg e-fas-plus\" viewbox=\"0 0 448 512\" xmlns=\"http:\/\/www.w3.org\/2000\/svg\"><path d=\"M416 208H272V64c0-17.67-14.33-32-32-32h-32c-17.67 0-32 14.33-32 32v144H32c-17.67 0-32 14.33-32 32v32c0 17.67 14.33 32 32 32h144v144c0 17.67 14.33 32 32 32h32c17.67 0 32-14.33 32-32V304h144c17.67 0 32-14.33 32-32v-32c0-17.67-14.33-32-32-32z\"><\/path><\/svg><\/span>\n\t\t<\/span>\n\n\t\t\t\t\t\t<\/summary>\n\t\t\t\t<div role=\"region\" aria-labelledby=\"e-n-accordion-item-8430\" class=\"elementor-element elementor-element-96f3182 e-con-full e-flex e-con e-child\" data-id=\"96f3182\" data-element_type=\"container\">\n\t\t\t\t<div class=\"elementor-element elementor-element-6503594 elementor-widget elementor-widget-text-editor\" data-id=\"6503594\" data-element_type=\"widget\" data-widget_type=\"text-editor.default\">\n\t\t\t\t<div class=\"elementor-widget-container\">\n\t\t\t\t\t\t\t\t\t<p>El adaptador es compatible con veh\u00edculos el\u00e9ctricos habilitados para V2L, como el Hyundai Ioniq 5, el Kia EV6, el MG ZS EV, el BYD Atto 3 y los Genesis GV60\/GV70, entre otros. Los consumidores deben consultar el manual del veh\u00edculo para confirmar la compatibilidad con V2L.<\/p>\t\t\t\t\t\t\t\t<\/div>\n\t\t\t\t<\/div>\n\t\t\t\t<\/div>\n\t\t\t\t\t<\/details>\n\t\t\t\t\t\t<details id=\"e-n-accordion-item-8431\" class=\"e-n-accordion-item\" >\n\t\t\t\t<summary class=\"e-n-accordion-item-title\" data-accordion-index=\"2\" tabindex=\"-1\" aria-expanded=\"false\" aria-controls=\"e-n-accordion-item-8431\" >\n\t\t\t\t\t<span class='e-n-accordion-item-title-header'><div class=\"e-n-accordion-item-title-text\"> \u00bfQu\u00e9 aparatos puede alimentar el adaptador est\u00e1ndar V2L? <\/div><\/span>\n\t\t\t\t\t\t\t<span class='e-n-accordion-item-title-icon'>\n\t\t\t<span class='e-opened' ><svg aria-hidden=\"true\" class=\"e-font-icon-svg e-fas-minus\" viewbox=\"0 0 448 512\" xmlns=\"http:\/\/www.w3.org\/2000\/svg\"><path d=\"M416 208H32c-17.67 0-32 14.33-32 32v32c0 17.67 14.33 32 32 32h384c17.67 0 32-14.33 32-32v-32c0-17.67-14.33-32-32-32z\"><\/path><\/svg><\/span>\n\t\t\t<span class='e-closed'><svg aria-hidden=\"true\" class=\"e-font-icon-svg e-fas-plus\" viewbox=\"0 0 448 512\" xmlns=\"http:\/\/www.w3.org\/2000\/svg\"><path d=\"M416 208H272V64c0-17.67-14.33-32-32-32h-32c-17.67 0-32 14.33-32 32v144H32c-17.67 0-32 14.33-32 32v32c0 17.67 14.33 32 32 32h144v144c0 17.67 14.33 32 32 32h32c17.67 0 32-14.33 32-32V304h144c17.67 0 32-14.33 32-32v-32c0-17.67-14.33-32-32-32z\"><\/path><\/svg><\/span>\n\t\t<\/span>\n\n\t\t\t\t\t\t<\/summary>\n\t\t\t\t<div role=\"region\" aria-labelledby=\"e-n-accordion-item-8431\" class=\"elementor-element elementor-element-04a22de e-con-full e-flex e-con e-child\" data-id=\"04a22de\" data-element_type=\"container\">\n\t\t\t\t<div class=\"elementor-element elementor-element-95be39e elementor-widget elementor-widget-text-editor\" data-id=\"95be39e\" data-element_type=\"widget\" data-widget_type=\"text-editor.default\">\n\t\t\t\t<div class=\"elementor-widget-container\">\n\t\t\t\t\t\t\t\t\t<p>Puede alimentar aparatos como un horno port\u00e1til y una parrilla durante una acampada, as\u00ed como frigor\u00edficos y luces en caso de apag\u00f3n. El umbral superior de potencia de salida es de 3,6 kW, suficiente para la mayor\u00eda de los electrodom\u00e9sticos disponibles.<\/p>\t\t\t\t\t\t\t\t<\/div>\n\t\t\t\t<\/div>\n\t\t\t\t<\/div>\n\t\t\t\t\t<\/details>\n\t\t\t\t\t<\/div>\n\t\t\t\t\t\t<\/div>\n\t\t\t\t<\/div>\n\t\t\t\t\t<\/div>\n\t\t\t\t<\/div>\n\t\t\t\t<\/div>","protected":false},"excerpt":{"rendered":"<p>V2L Standard Power Output: Up to 3.6 kW (1 Phase, 16 Amp) Connector Type: Type 2 Socket Type: Schuko, UK 3 Pin, Multi socket Cable Option: Available in 3m, 5m, and 10m options Compatible Vehicles: Hyundai Ioniq 5, Kia EV6, MG ZS EV, BYD Atto 3, Genesis GV60\/GV70, and other Vehicle-to-Load standard enabled EVs Certifications: [&hellip;]<\/p>","protected":false},"author":1,"featured_media":2276,"menu_order":0,"template":"","format":"standard","meta":{"_acf_changed":false,"site-sidebar-layout":"default","site-content-layout":"","ast-site-content-layout":"default","site-content-style":"default","site-sidebar-style":"default","ast-global-header-display":"","ast-banner-title-visibility":"","ast-main-header-display":"","ast-hfb-above-header-display":"","ast-hfb-below-header-display":"","ast-hfb-mobile-header-display":"","site-post-title":"","ast-breadcrumbs-content":"","ast-featured-img":"","footer-sml-layout":"","ast-disable-related-posts":"","theme-transparent-header-meta":"","adv-header-id-meta":"","stick-header-meta":"","header-above-stick-meta":"","header-main-stick-meta":"","header-below-stick-meta":"","astra-migrate-meta-layouts":"set","ast-page-background-enabled":"default","ast-page-background-meta":{"desktop":{"background-color":"","background-image":"","background-repeat":"repeat","background-position":"center center","background-size":"auto","background-attachment":"scroll","background-type":"","background-media":"","overlay-type":"","overlay-color":"","overlay-opacity":"","overlay-gradient":""},"tablet":{"background-color":"","background-image":"","background-repeat":"repeat","background-position":"center center","background-size":"auto","background-attachment":"scroll","background-type":"","background-media":"","overlay-type":"","overlay-color":"","overlay-opacity":"","overlay-gradient":""},"mobile":{"background-color":"","background-image":"","background-repeat":"repeat","background-position":"center center","background-size":"auto","background-attachment":"scroll","background-type":"","background-media":"","overlay-type":"","overlay-color":"","overlay-opacity":"","overlay-gradient":""}},"ast-content-background-meta":{"desktop":{"background-color":"var(--ast-global-color-5)","background-image":"","background-repeat":"repeat","background-position":"center center","background-size":"auto","background-attachment":"scroll","background-type":"","background-media":"","overlay-type":"","overlay-color":"","overlay-opacity":"","overlay-gradient":""},"tablet":{"background-color":"var(--ast-global-color-5)","background-image":"","background-repeat":"repeat","background-position":"center center","background-size":"auto","background-attachment":"scroll","background-type":"","background-media":"","overlay-type":"","overlay-color":"","overlay-opacity":"","overlay-gradient":""},"mobile":{"background-color":"var(--ast-global-color-5)","background-image":"","background-repeat":"repeat","background-position":"center center","background-size":"auto","background-attachment":"scroll","background-type":"","background-media":"","overlay-type":"","overlay-color":"","overlay-opacity":"","overlay-gradient":""}},"footnotes":""},"product-category":[93],"product-tag":[],"class_list":["post-2275","product","type-product","status-publish","format-standard","has-post-thumbnail","hentry","product-category-vehicle-to-load-v2l"],"acf":[],"_links":{"self":[{"href":"https:\/\/www.mekeltech.com\/es\/wp-json\/wp\/v2\/product\/2275","targetHints":{"allow":["GET"]}}],"collection":[{"href":"https:\/\/www.mekeltech.com\/es\/wp-json\/wp\/v2\/product"}],"about":[{"href":"https:\/\/www.mekeltech.com\/es\/wp-json\/wp\/v2\/types\/product"}],"author":[{"embeddable":true,"href":"https:\/\/www.mekeltech.com\/es\/wp-json\/wp\/v2\/users\/1"}],"version-history":[{"count":21,"href":"https:\/\/www.mekeltech.com\/es\/wp-json\/wp\/v2\/product\/2275\/revisions"}],"predecessor-version":[{"id":6785,"href":"https:\/\/www.mekeltech.com\/es\/wp-json\/wp\/v2\/product\/2275\/revisions\/6785"}],"wp:featuredmedia":[{"embeddable":true,"href":"https:\/\/www.mekeltech.com\/es\/wp-json\/wp\/v2\/media\/2276"}],"wp:attachment":[{"href":"https:\/\/www.mekeltech.com\/es\/wp-json\/wp\/v2\/media?parent=2275"}],"wp:term":[{"taxonomy":"product-category","embeddable":true,"href":"https:\/\/www.mekeltech.com\/es\/wp-json\/wp\/v2\/product-category?post=2275"},{"taxonomy":"product-tag","embeddable":true,"href":"https:\/\/www.mekeltech.com\/es\/wp-json\/wp\/v2\/product-tag?post=2275"}],"curies":[{"name":"wp","href":"https:\/\/api.w.org\/{rel}","templated":true}]}}