{"id":2272,"date":"2025-05-13T06:34:33","date_gmt":"2025-05-13T06:34:33","guid":{"rendered":"https:\/\/mekeltech.com\/?post_type=product&#038;p=2272"},"modified":"2025-08-21T14:04:22","modified_gmt":"2025-08-21T06:04:22","slug":"vehicle-to-load-multi-socket","status":"publish","type":"product","link":"https:\/\/www.mekeltech.com\/es\/product\/vehicle-to-load-multi-socket\/","title":{"rendered":"Multienchufe V2L"},"content":{"rendered":"<div data-elementor-type=\"wp-post\" data-elementor-id=\"2272\" class=\"elementor elementor-2272\" data-elementor-post-type=\"product\">\n\t\t\t\t<div class=\"elementor-element elementor-element-43132950 e-flex e-con-boxed e-con e-parent\" data-id=\"43132950\" data-element_type=\"container\">\n\t\t\t\t\t<div class=\"e-con-inner\">\n\t\t\t\t<div class=\"elementor-element elementor-element-e1d08f0 elementor-widget elementor-widget-heading\" data-id=\"e1d08f0\" data-element_type=\"widget\" data-widget_type=\"heading.default\">\n\t\t\t\t<div class=\"elementor-widget-container\">\n\t\t\t\t\t<h2 class=\"elementor-heading-title elementor-size-default\">Est\u00e1ndar para adaptador multienchufe V2L<\/h2>\t\t\t\t<\/div>\n\t\t\t\t<\/div>\n\t\t\t\t<div class=\"elementor-element elementor-element-1a161fe elementor-widget elementor-widget-text-editor\" data-id=\"1a161fe\" data-element_type=\"widget\" data-widget_type=\"text-editor.default\">\n\t\t\t\t<div class=\"elementor-widget-container\">\n\t\t\t\t\t\t\t\t\t<ul>\n<li>Potencia de salida: Hasta 3,6 kW (1 fase, 16 amperios)<\/li>\n<li>Tipo de conector: Tipo 2<\/li>\n<li>Tipo de enchufe: Schuko, UK 3 Pin, Multi socket<\/li>\n<li>Opci\u00f3n de cable: Disponible en opciones de 3 m, 5 m y 10 m.<\/li>\n<li>Veh\u00edculos compatibles: Hyundai Ioniq 5, Kia EV6, MG ZS EV, BYD Atto 3, Genesis GV60\/GV70 y otros veh\u00edculos el\u00e9ctricos compatibles con V2L.<\/li>\n<li>Certificaciones: CE<\/li>\n<\/ul>\t\t\t\t\t\t\t\t<\/div>\n\t\t\t\t<\/div>\n\t\t\t\t<div class=\"elementor-element elementor-element-b2e5a49 elementor-widget elementor-widget-text-editor\" data-id=\"b2e5a49\" data-element_type=\"widget\" data-widget_type=\"text-editor.default\">\n\t\t\t\t<div class=\"elementor-widget-container\">\n\t\t\t\t\t\t\t\t\t<p>Los adaptadores multienchufe Mekel Vehicle-to-Load (V2L) transforman los veh\u00edculos el\u00e9ctricos en una fuente de alimentaci\u00f3n vers\u00e1til que permite a los usuarios aprovechar la bater\u00eda del veh\u00edculo para alimentar dispositivos externos. Dise\u00f1ado para una integraci\u00f3n perfecta con VE compatibles con V2L, este adaptador admite una amplia gama de aplicaciones, desde acampadas y aventuras al aire libre hasta alimentaci\u00f3n de reserva de emergencia durante apagones. Con s\u00f3lidas funciones de seguridad y compatibilidad con los principales est\u00e1ndares mundiales, el adaptador multienchufe Mekel V2L proporciona una alimentaci\u00f3n fiable y port\u00e1til tanto para necesidades personales como comerciales.<\/p>\t\t\t\t\t\t\t\t<\/div>\n\t\t\t\t<\/div>\n\t\t\t\t<div class=\"elementor-element elementor-element-33c76eb elementor-widget elementor-widget-heading\" data-id=\"33c76eb\" data-element_type=\"widget\" data-widget_type=\"heading.default\">\n\t\t\t\t<div class=\"elementor-widget-container\">\n\t\t\t\t\t<h2 class=\"elementor-heading-title elementor-size-default\">\u00bfQu\u00e9 es un adaptador multienchufe V2L?<\/h2>\t\t\t\t<\/div>\n\t\t\t\t<\/div>\n\t\t\t\t<div class=\"elementor-element elementor-element-ed878dd elementor-widget elementor-widget-text-editor\" data-id=\"ed878dd\" data-element_type=\"widget\" data-widget_type=\"text-editor.default\">\n\t\t\t\t<div class=\"elementor-widget-container\">\n\t\t\t\t\t\t\t\t\t<p data-pm-slice=\"0 0 []\">Un adaptador multienchufe V2L (adaptador de veh\u00edculo a carga) es un dispositivo especializado que se conecta al puerto de carga de su veh\u00edculo el\u00e9ctrico, lo que permite la carga bidireccional y que la energ\u00eda de la bater\u00eda fluya hacia el exterior en forma de corriente alterna. La tecnolog\u00eda de veh\u00edculo a carga convierte la corriente continua (CC) de la bater\u00eda del veh\u00edculo en corriente alterna (CA) a trav\u00e9s del inversor de a bordo y, a continuaci\u00f3n, la distribuye a trav\u00e9s de la toma del adaptador V2L. Esto le permite hacer funcionar aparatos de alta potencia como estufas el\u00e9ctricas, ordenadores port\u00e1tiles, herramientas el\u00e9ctricas o incluso cargar otro veh\u00edculo el\u00e9ctrico. Tanto si te vas de acampada como si vives en un lugar aislado de la red el\u00e9ctrica o te enfrentas a un apag\u00f3n, el adaptador multienchufe EV V2L transforma tu coche en una central el\u00e9ctrica m\u00f3vil.<\/p>\t\t\t\t\t\t\t\t<\/div>\n\t\t\t\t<\/div>\n\t\t\t\t<div class=\"elementor-element elementor-element-aa7e011 elementor-widget elementor-widget-heading\" data-id=\"aa7e011\" data-element_type=\"widget\" data-widget_type=\"heading.default\">\n\t\t\t\t<div class=\"elementor-widget-container\">\n\t\t\t\t\t<h2 class=\"elementor-heading-title elementor-size-default\">\u00bfC\u00f3mo funciona el adaptador multienchufe V2L?<\/h2>\t\t\t\t<\/div>\n\t\t\t\t<\/div>\n\t\t\t\t<div class=\"elementor-element elementor-element-9fb83bb elementor-widget elementor-widget-text-editor\" data-id=\"9fb83bb\" data-element_type=\"widget\" data-widget_type=\"text-editor.default\">\n\t\t\t\t<div class=\"elementor-widget-container\">\n\t\t\t\t\t\t\t\t\t<p data-pm-slice=\"0 0 []\">El adaptador multienchufe Mekel V2L se conecta directamente al puerto de carga de tipo 2 de un veh\u00edculo el\u00e9ctrico compatible con V2L. Una vez enchufado, el inversor de a bordo del veh\u00edculo convierte la corriente continua de la bater\u00eda en corriente alterna, suministrando hasta 3,6 kW de potencia continua a trav\u00e9s de una toma de 230 V. Los usuarios pueden activar el modo V2L desde el sistema de infoentretenimiento del veh\u00edculo, ajustando los l\u00edmites de descarga para preservar la autonom\u00eda. Con una potencia de hasta 16 A, el adaptador alimenta dispositivos que van desde cafeteras hasta aparatos de aire acondicionado port\u00e1tiles, lo que garantiza la flexibilidad tanto para la alimentaci\u00f3n V2L en exteriores como para las necesidades de reserva en el hogar.<\/p>\t\t\t\t\t\t\t\t<\/div>\n\t\t\t\t<\/div>\n\t\t\t\t<div class=\"elementor-element elementor-element-c221f2b elementor-widget elementor-widget-heading\" data-id=\"c221f2b\" data-element_type=\"widget\" data-widget_type=\"heading.default\">\n\t\t\t\t<div class=\"elementor-widget-container\">\n\t\t\t\t\t<h2 class=\"elementor-heading-title elementor-size-default\">\u00bfPor qu\u00e9 elegir el adaptador multienchufe Mekel V2L?<\/h2>\t\t\t\t<\/div>\n\t\t\t\t<\/div>\n\t\t\t\t<div class=\"elementor-element elementor-element-428d93a elementor-widget elementor-widget-heading\" data-id=\"428d93a\" data-element_type=\"widget\" data-widget_type=\"heading.default\">\n\t\t\t\t<div class=\"elementor-widget-container\">\n\t\t\t\t\t<h2 class=\"elementor-heading-title elementor-size-default\">Soluci\u00f3n energ\u00e9tica vers\u00e1til<\/h2>\t\t\t\t<\/div>\n\t\t\t\t<\/div>\n\t\t\t\t<div class=\"elementor-element elementor-element-cb967ed elementor-widget elementor-widget-text-editor\" data-id=\"cb967ed\" data-element_type=\"widget\" data-widget_type=\"text-editor.default\">\n\t\t\t\t<div class=\"elementor-widget-container\">\n\t\t\t\t\t\t\t\t\t<p>El adaptador de veh\u00edculo a carga Mekel permite a los propietarios de veh\u00edculos el\u00e9ctricos liberar todo el potencial de su veh\u00edculo. Esta soluci\u00f3n de alimentaci\u00f3n V2L admite hasta 3,6 kW de energ\u00eda fiable, desde el funcionamiento de una cafetera en una acampada hasta la alimentaci\u00f3n de herramientas en un lugar remoto o el mantenimiento de los electrodom\u00e9sticos esenciales en funcionamiento durante los cortes. Perfecta para acampadas con veh\u00edculos el\u00e9ctricos, viviendas aisladas y preparaci\u00f3n para emergencias.<\/p>\t\t\t\t\t\t\t\t<\/div>\n\t\t\t\t<\/div>\n\t\t\t\t<div class=\"elementor-element elementor-element-23b40d3 elementor-widget elementor-widget-heading\" data-id=\"23b40d3\" data-element_type=\"widget\" data-widget_type=\"heading.default\">\n\t\t\t\t<div class=\"elementor-widget-container\">\n\t\t\t\t\t<h3 class=\"elementor-heading-title elementor-size-default\">Compatibilidad universal<\/h3>\t\t\t\t<\/div>\n\t\t\t\t<\/div>\n\t\t\t\t<div class=\"elementor-element elementor-element-29893c2 elementor-widget elementor-widget-text-editor\" data-id=\"29893c2\" data-element_type=\"widget\" data-widget_type=\"text-editor.default\">\n\t\t\t\t<div class=\"elementor-widget-container\">\n\t\t\t\t\t\t\t\t\t<p>Equipado con un conector de tipo 2, el adaptador multienchufe V2L es compatible con los veh\u00edculos el\u00e9ctricos V2L m\u00e1s populares, como Hyundai Ioniq 5, Kia EV6, MG ZS EV y BYD Atto 3, entre otros. Su conformidad con las normas internacionales de carga garantiza que la funcionalidad V2L funcione sin problemas en diferentes regiones.<\/p>\t\t\t\t\t\t\t\t<\/div>\n\t\t\t\t<\/div>\n\t\t\t\t<div class=\"elementor-element elementor-element-6ecbedd elementor-widget elementor-widget-heading\" data-id=\"6ecbedd\" data-element_type=\"widget\" data-widget_type=\"heading.default\">\n\t\t\t\t<div class=\"elementor-widget-container\">\n\t\t\t\t\t<h3 class=\"elementor-heading-title elementor-size-default\">Longitudes de cable personalizables<\/h3>\t\t\t\t<\/div>\n\t\t\t\t<\/div>\n\t\t\t\t<div class=\"elementor-element elementor-element-a0724de elementor-widget elementor-widget-text-editor\" data-id=\"a0724de\" data-element_type=\"widget\" data-widget_type=\"text-editor.default\">\n\t\t\t\t<div class=\"elementor-widget-container\">\n\t\t\t\t\t\t\t\t\t<p>Nuestras opciones de cable V2L multienchufe incluyen longitudes de 3 m, 5 m y 10 m, ideales para todo, desde conexiones dom\u00e9sticas hasta configuraciones de exterior ampliadas. Elija el tama\u00f1o adecuado para la aplicaci\u00f3n de carga de su veh\u00edculo, ya sea para uso dom\u00e9stico compacto o para espaciosas instalaciones de camping.<\/p>\t\t\t\t\t\t\t\t<\/div>\n\t\t\t\t<\/div>\n\t\t\t\t<div class=\"elementor-element elementor-element-f328cce elementor-widget elementor-widget-heading\" data-id=\"f328cce\" data-element_type=\"widget\" data-widget_type=\"heading.default\">\n\t\t\t\t<div class=\"elementor-widget-container\">\n\t\t\t\t\t<h3 class=\"elementor-heading-title elementor-size-default\">Amplia gama de modelos impulsados por un prop\u00f3sito<\/h3>\t\t\t\t<\/div>\n\t\t\t\t<\/div>\n\t\t\t\t<div class=\"elementor-element elementor-element-a56cd4f elementor-widget elementor-widget-text-editor\" data-id=\"a56cd4f\" data-element_type=\"widget\" data-widget_type=\"text-editor.default\">\n\t\t\t\t<div class=\"elementor-widget-container\">\n\t\t\t\t\t\t\t\t\t<p>Mekel ofrece varios modelos de adaptadores multienchufe V2L, con distintas funciones y presupuestos. Entre ellos se incluyen el adaptador V2L est\u00e1ndar, la variante premium con pantalla LCD para la carga y la variante multienchufe para la carga de varios aparatos. Tanto si los clientes se orientan por el presupuesto como por la funci\u00f3n, Mekel tiene la soluci\u00f3n de producto adecuada para satisfacer sus necesidades.<\/p>\t\t\t\t\t\t\t\t<\/div>\n\t\t\t\t<\/div>\n\t\t\t\t<div class=\"elementor-element elementor-element-9f69f2e elementor-widget elementor-widget-heading\" data-id=\"9f69f2e\" data-element_type=\"widget\" data-widget_type=\"heading.default\">\n\t\t\t\t<div class=\"elementor-widget-container\">\n\t\t\t\t\t<h3 class=\"elementor-heading-title elementor-size-default\">Soluciones de personalizaci\u00f3n flexibles<\/h3>\t\t\t\t<\/div>\n\t\t\t\t<\/div>\n\t\t\t\t<div class=\"elementor-element elementor-element-003b2b8 elementor-widget elementor-widget-text-editor\" data-id=\"003b2b8\" data-element_type=\"widget\" data-widget_type=\"text-editor.default\">\n\t\t\t\t<div class=\"elementor-widget-container\">\n\t\t\t\t\t\t\t\t\t<p>Ofrecemos grabado l\u00e1ser personalizado para logotipos de marcas y dise\u00f1os de envases a medida para ayudar a distribuidores y fabricantes a mejorar la visibilidad de sus marcas en el mercado de accesorios para veh\u00edculos el\u00e9ctricos.<\/p>\t\t\t\t\t\t\t\t<\/div>\n\t\t\t\t<\/div>\n\t\t\t\t<div class=\"elementor-element elementor-element-bde86b7 elementor-widget elementor-widget-heading\" data-id=\"bde86b7\" data-element_type=\"widget\" data-widget_type=\"heading.default\">\n\t\t\t\t<div class=\"elementor-widget-container\">\n\t\t\t\t\t<h2 class=\"elementor-heading-title elementor-size-default\">Caracter\u00edsticas principales del adaptador multienchufe Mekel V2L<\/h2>\t\t\t\t<\/div>\n\t\t\t\t<\/div>\n\t\t\t\t<div class=\"elementor-element elementor-element-576200b8 elementor-widget elementor-widget-text-editor\" data-id=\"576200b8\" data-element_type=\"widget\" data-widget_type=\"text-editor.default\">\n\t\t\t\t<div class=\"elementor-widget-container\">\n\t\t\t\t\t\t\t\t\t<ul>\n<li>Alta potencia de hasta 3,6 kW<!-- \/wp:list-item --><!-- wp:list-item --><\/li>\n<li>Conector de tipo 2 para compatibilidad universal con veh\u00edculos el\u00e9ctricos<!-- \/wp:list-item --><!-- wp:list-item --><\/li>\n<li>M\u00faltiples opciones de longitud de cable para la variante multitoma<!-- \/wp:list-item --><!-- wp:list-item --><\/li>\n<li>Enchufes resistentes a la intemperie para una mayor durabilidad en exteriores<!-- \/wp:list-item --><!-- wp:list-item --><\/li>\n<li>Admite una amplia gama de veh\u00edculos el\u00e9ctricos con tecnolog\u00eda V2L<!-- \/wp:list-item --><!-- wp:list-item --><\/li>\n<li>Dise\u00f1o plug-and-play f\u00e1cil de usar para cualquier aplicaci\u00f3n de adaptador multienchufe V2L<\/li>\n<\/ul>\n<p><!-- \/wp:list-item --><\/p>\n<p><!-- \/wp:list --><!-- wp:paragraph --><\/p>\n<p><!-- \/wp:paragraph --><\/p>\t\t\t\t\t\t\t\t<\/div>\n\t\t\t\t<\/div>\n\t\t\t\t<div class=\"elementor-element elementor-element-b579928 elementor-widget elementor-widget-heading\" data-id=\"b579928\" data-element_type=\"widget\" data-widget_type=\"heading.default\">\n\t\t\t\t<div class=\"elementor-widget-container\">\n\t\t\t\t\t<h2 class=\"elementor-heading-title elementor-size-default\">Testimonios de clientes<\/h2>\t\t\t\t<\/div>\n\t\t\t\t<\/div>\n\t\t\t\t<div class=\"elementor-element elementor-element-dbe7d15 elementor-widget elementor-widget-text-editor\" data-id=\"dbe7d15\" data-element_type=\"widget\" data-widget_type=\"text-editor.default\">\n\t\t\t\t<div class=\"elementor-widget-container\">\n\t\t\t\t\t\t\t\t\t<p>\"El adaptador multienchufe Mekel V2L ha cambiado las reglas del juego en nuestras acampadas. Con nuestro Kia EV6, hemos alimentado una nevera port\u00e1til, luces e incluso una parrilla el\u00e9ctrica. El cable de 5 m facilit\u00f3 la instalaci\u00f3n. Muy recomendable para cualquiera que busque sacar el m\u00e1ximo provecho de la tecnolog\u00eda de veh\u00edculo a carga.\" - Sarah, aficionada a las actividades al aire libre<\/p>\t\t\t\t\t\t\t\t<\/div>\n\t\t\t\t<\/div>\n\t\t\t\t<div class=\"elementor-element elementor-element-fdee408 elementor-widget elementor-widget-heading\" data-id=\"fdee408\" data-element_type=\"widget\" data-widget_type=\"heading.default\">\n\t\t\t\t<div class=\"elementor-widget-container\">\n\t\t\t\t\t<h2 class=\"elementor-heading-title elementor-size-default\">PREGUNTAS FRECUENTES <\/h2>\t\t\t\t<\/div>\n\t\t\t\t<\/div>\n\t\t\t\t<div class=\"elementor-element elementor-element-f50f1c5 elementor-widget elementor-widget-n-accordion\" data-id=\"f50f1c5\" data-element_type=\"widget\" data-settings=\"{&quot;default_state&quot;:&quot;expanded&quot;,&quot;max_items_expended&quot;:&quot;one&quot;,&quot;n_accordion_animation_duration&quot;:{&quot;unit&quot;:&quot;ms&quot;,&quot;size&quot;:400,&quot;sizes&quot;:[]}}\" data-widget_type=\"nested-accordion.default\">\n\t\t\t\t<div class=\"elementor-widget-container\">\n\t\t\t\t\t\t\t<div class=\"e-n-accordion\" aria-label=\"Acorde\u00f3n. Abra los enlaces con Intro o Espacio, ci\u00e9rrelos con Escape y navegue con las teclas de flecha.\">\n\t\t\t\t\t\t<details id=\"e-n-accordion-item-2560\" class=\"e-n-accordion-item\" open>\n\t\t\t\t<summary class=\"e-n-accordion-item-title\" data-accordion-index=\"1\" tabindex=\"0\" aria-expanded=\"true\" aria-controls=\"e-n-accordion-item-2560\" >\n\t\t\t\t\t<span class='e-n-accordion-item-title-header'><div class=\"e-n-accordion-item-title-text\"> \u00bfQu\u00e9 VE son compatibles con el adaptador multienchufe Mekel V2L? <\/div><\/span>\n\t\t\t\t\t\t\t<span class='e-n-accordion-item-title-icon'>\n\t\t\t<span class='e-opened' ><svg aria-hidden=\"true\" class=\"e-font-icon-svg e-fas-minus\" viewbox=\"0 0 448 512\" xmlns=\"http:\/\/www.w3.org\/2000\/svg\"><path d=\"M416 208H32c-17.67 0-32 14.33-32 32v32c0 17.67 14.33 32 32 32h384c17.67 0 32-14.33 32-32v-32c0-17.67-14.33-32-32-32z\"><\/path><\/svg><\/span>\n\t\t\t<span class='e-closed'><svg aria-hidden=\"true\" class=\"e-font-icon-svg e-fas-plus\" viewbox=\"0 0 448 512\" xmlns=\"http:\/\/www.w3.org\/2000\/svg\"><path d=\"M416 208H272V64c0-17.67-14.33-32-32-32h-32c-17.67 0-32 14.33-32 32v144H32c-17.67 0-32 14.33-32 32v32c0 17.67 14.33 32 32 32h144v144c0 17.67 14.33 32 32 32h32c17.67 0 32-14.33 32-32V304h144c17.67 0 32-14.33 32-32v-32c0-17.67-14.33-32-32-32z\"><\/path><\/svg><\/span>\n\t\t<\/span>\n\n\t\t\t\t\t\t<\/summary>\n\t\t\t\t<div role=\"region\" aria-labelledby=\"e-n-accordion-item-2560\" class=\"elementor-element elementor-element-adc2455 e-con-full e-flex e-con e-child\" data-id=\"adc2455\" data-element_type=\"container\">\n\t\t\t\t<div class=\"elementor-element elementor-element-90efc59 elementor-widget elementor-widget-text-editor\" data-id=\"90efc59\" data-element_type=\"widget\" data-widget_type=\"text-editor.default\">\n\t\t\t\t<div class=\"elementor-widget-container\">\n\t\t\t\t\t\t\t\t\t<p>Compatible con muchos VE preparados para V2L, como Hyundai Ioniq 5, Kia EV6, MG ZS EV, BYD Atto 3, Genesis GV60\/GV70 y muchos m\u00e1s. Confirme siempre la capacidad de carga del veh\u00edculo en el manual de su VE.<\/p>\t\t\t\t\t\t\t\t<\/div>\n\t\t\t\t<\/div>\n\t\t\t\t<\/div>\n\t\t\t\t\t<\/details>\n\t\t\t\t\t\t<details id=\"e-n-accordion-item-2561\" class=\"e-n-accordion-item\" >\n\t\t\t\t<summary class=\"e-n-accordion-item-title\" data-accordion-index=\"2\" tabindex=\"-1\" aria-expanded=\"false\" aria-controls=\"e-n-accordion-item-2561\" >\n\t\t\t\t\t<span class='e-n-accordion-item-title-header'><div class=\"e-n-accordion-item-title-text\"> \u00bfQu\u00e9 aparatos puede alimentar el adaptador multienchufe V2L? <\/div><\/span>\n\t\t\t\t\t\t\t<span class='e-n-accordion-item-title-icon'>\n\t\t\t<span class='e-opened' ><svg aria-hidden=\"true\" class=\"e-font-icon-svg e-fas-minus\" viewbox=\"0 0 448 512\" xmlns=\"http:\/\/www.w3.org\/2000\/svg\"><path d=\"M416 208H32c-17.67 0-32 14.33-32 32v32c0 17.67 14.33 32 32 32h384c17.67 0 32-14.33 32-32v-32c0-17.67-14.33-32-32-32z\"><\/path><\/svg><\/span>\n\t\t\t<span class='e-closed'><svg aria-hidden=\"true\" class=\"e-font-icon-svg e-fas-plus\" viewbox=\"0 0 448 512\" xmlns=\"http:\/\/www.w3.org\/2000\/svg\"><path d=\"M416 208H272V64c0-17.67-14.33-32-32-32h-32c-17.67 0-32 14.33-32 32v144H32c-17.67 0-32 14.33-32 32v32c0 17.67 14.33 32 32 32h144v144c0 17.67 14.33 32 32 32h32c17.67 0 32-14.33 32-32V304h144c17.67 0 32-14.33 32-32v-32c0-17.67-14.33-32-32-32z\"><\/path><\/svg><\/span>\n\t\t<\/span>\n\n\t\t\t\t\t\t<\/summary>\n\t\t\t\t<div role=\"region\" aria-labelledby=\"e-n-accordion-item-2561\" class=\"elementor-element elementor-element-c65d493 e-con-full e-flex e-con e-child\" data-id=\"c65d493\" data-element_type=\"container\">\n\t\t\t\t<div class=\"elementor-element elementor-element-9f449c1 elementor-widget elementor-widget-text-editor\" data-id=\"9f449c1\" data-element_type=\"widget\" data-widget_type=\"text-editor.default\">\n\t\t\t\t<div class=\"elementor-widget-container\">\n\t\t\t\t\t\t\t\t\t<p>Con una potencia de hasta 3,6 kW, puede alimentar equipos de acampada (frigor\u00edficos, parrillas, luces), elementos esenciales para el hogar (frigor\u00edficos, ventiladores, calefactores) y herramientas para trabajar sin conexi\u00f3n a la red. Perfecta para cargar un veh\u00edculo en camping o como reserva dom\u00e9stica de emergencia.<\/p>\t\t\t\t\t\t\t\t<\/div>\n\t\t\t\t<\/div>\n\t\t\t\t<\/div>\n\t\t\t\t\t<\/details>\n\t\t\t\t\t<\/div>\n\t\t\t\t\t\t<\/div>\n\t\t\t\t<\/div>\n\t\t\t\t\t<\/div>\n\t\t\t\t<\/div>\n\t\t\t\t<\/div>","protected":false},"excerpt":{"rendered":"<p>Standard for V2L Multi-Socket Adapter Power Output: Up to 3.6 kW (1 Phase, 16 Amp) Connector Type: Type 2 Socket Type: Schuko, UK 3 Pin, Multi socket Cable Option: Available in 3m, 5m, and 10m options Compatible Vehicles: Hyundai Ioniq 5, Kia EV6, MG ZS EV, BYD Atto 3, Genesis GV60\/GV70, and other V2L-enabled EVs [&hellip;]<\/p>","protected":false},"author":1,"featured_media":2273,"menu_order":0,"template":"","format":"standard","meta":{"_acf_changed":false,"site-sidebar-layout":"default","site-content-layout":"","ast-site-content-layout":"default","site-content-style":"default","site-sidebar-style":"default","ast-global-header-display":"","ast-banner-title-visibility":"","ast-main-header-display":"","ast-hfb-above-header-display":"","ast-hfb-below-header-display":"","ast-hfb-mobile-header-display":"","site-post-title":"","ast-breadcrumbs-content":"","ast-featured-img":"","footer-sml-layout":"","ast-disable-related-posts":"","theme-transparent-header-meta":"","adv-header-id-meta":"","stick-header-meta":"","header-above-stick-meta":"","header-main-stick-meta":"","header-below-stick-meta":"","astra-migrate-meta-layouts":"set","ast-page-background-enabled":"default","ast-page-background-meta":{"desktop":{"background-color":"","background-image":"","background-repeat":"repeat","background-position":"center center","background-size":"auto","background-attachment":"scroll","background-type":"","background-media":"","overlay-type":"","overlay-color":"","overlay-opacity":"","overlay-gradient":""},"tablet":{"background-color":"","background-image":"","background-repeat":"repeat","background-position":"center center","background-size":"auto","background-attachment":"scroll","background-type":"","background-media":"","overlay-type":"","overlay-color":"","overlay-opacity":"","overlay-gradient":""},"mobile":{"background-color":"","background-image":"","background-repeat":"repeat","background-position":"center center","background-size":"auto","background-attachment":"scroll","background-type":"","background-media":"","overlay-type":"","overlay-color":"","overlay-opacity":"","overlay-gradient":""}},"ast-content-background-meta":{"desktop":{"background-color":"var(--ast-global-color-5)","background-image":"","background-repeat":"repeat","background-position":"center center","background-size":"auto","background-attachment":"scroll","background-type":"","background-media":"","overlay-type":"","overlay-color":"","overlay-opacity":"","overlay-gradient":""},"tablet":{"background-color":"var(--ast-global-color-5)","background-image":"","background-repeat":"repeat","background-position":"center center","background-size":"auto","background-attachment":"scroll","background-type":"","background-media":"","overlay-type":"","overlay-color":"","overlay-opacity":"","overlay-gradient":""},"mobile":{"background-color":"var(--ast-global-color-5)","background-image":"","background-repeat":"repeat","background-position":"center center","background-size":"auto","background-attachment":"scroll","background-type":"","background-media":"","overlay-type":"","overlay-color":"","overlay-opacity":"","overlay-gradient":""}},"footnotes":""},"product-category":[93],"product-tag":[],"class_list":["post-2272","product","type-product","status-publish","format-standard","has-post-thumbnail","hentry","product-category-vehicle-to-load-v2l"],"acf":[],"_links":{"self":[{"href":"https:\/\/www.mekeltech.com\/es\/wp-json\/wp\/v2\/product\/2272","targetHints":{"allow":["GET"]}}],"collection":[{"href":"https:\/\/www.mekeltech.com\/es\/wp-json\/wp\/v2\/product"}],"about":[{"href":"https:\/\/www.mekeltech.com\/es\/wp-json\/wp\/v2\/types\/product"}],"author":[{"embeddable":true,"href":"https:\/\/www.mekeltech.com\/es\/wp-json\/wp\/v2\/users\/1"}],"version-history":[{"count":23,"href":"https:\/\/www.mekeltech.com\/es\/wp-json\/wp\/v2\/product\/2272\/revisions"}],"predecessor-version":[{"id":6781,"href":"https:\/\/www.mekeltech.com\/es\/wp-json\/wp\/v2\/product\/2272\/revisions\/6781"}],"wp:featuredmedia":[{"embeddable":true,"href":"https:\/\/www.mekeltech.com\/es\/wp-json\/wp\/v2\/media\/2273"}],"wp:attachment":[{"href":"https:\/\/www.mekeltech.com\/es\/wp-json\/wp\/v2\/media?parent=2272"}],"wp:term":[{"taxonomy":"product-category","embeddable":true,"href":"https:\/\/www.mekeltech.com\/es\/wp-json\/wp\/v2\/product-category?post=2272"},{"taxonomy":"product-tag","embeddable":true,"href":"https:\/\/www.mekeltech.com\/es\/wp-json\/wp\/v2\/product-tag?post=2272"}],"curies":[{"name":"wp","href":"https:\/\/api.w.org\/{rel}","templated":true}]}}