{"id":2250,"date":"2025-05-09T12:40:40","date_gmt":"2025-05-09T04:40:40","guid":{"rendered":"https:\/\/mekeltech.com\/?post_type=product&#038;p=2250"},"modified":"2025-08-25T16:18:08","modified_gmt":"2025-08-25T08:18:08","slug":"typeb-rccb","status":"publish","type":"product","link":"https:\/\/www.mekeltech.com\/es\/product\/typeb-rccb\/","title":{"rendered":"TipoB RCCB"},"content":{"rendered":"<div data-elementor-type=\"wp-post\" data-elementor-id=\"2250\" class=\"elementor elementor-2250\" data-elementor-post-type=\"product\">\n\t\t\t\t<div class=\"elementor-element elementor-element-bdf2ac9 e-flex e-con-boxed e-con e-parent\" data-id=\"bdf2ac9\" data-element_type=\"container\">\n\t\t\t\t\t<div class=\"e-con-inner\">\n\t\t\t\t<div class=\"elementor-element elementor-element-260cf6e elementor-widget elementor-widget-heading\" data-id=\"260cf6e\" data-element_type=\"widget\" data-widget_type=\"heading.default\">\n\t\t\t\t<div class=\"elementor-widget-container\">\n\t\t\t\t\t<h2 class=\"elementor-heading-title elementor-size-default\">Introduction to TypeB RCCB<\/h2>\t\t\t\t<\/div>\n\t\t\t\t<\/div>\n\t\t\t\t<div class=\"elementor-element elementor-element-266336f elementor-widget elementor-widget-text-editor\" data-id=\"266336f\" data-element_type=\"widget\" data-widget_type=\"text-editor.default\">\n\t\t\t\t<div class=\"elementor-widget-container\">\n\t\t\t\t\t\t\t\t\t<p>The TypeB RCCB (Residual Current Circuit Breaker, interchangeable with \u201cRCB\u201d) is a critical safety component for EV charger installations. It is installed at the upstream of the EV charger and cuts off the circuit upon detecting any current imbalance in the live and neutral wires, which could indicate a current leakage to the ground. This is done to protect the user from serious dangers including electric shock and fire hazards.<\/p>\n<p>MEKEL provides a complete lineup of TypeB RCCBs designed to meet the latest international charging safety standards including IEC 61851 and IEC 60364-7-722. This includes Type A + 6mA DC and Type B RCCB. Send us an inquiry and we will find the right RCCB for your installation needs.<\/p>\t\t\t\t\t\t\t\t<\/div>\n\t\t\t\t<\/div>\n\t\t\t\t<div class=\"elementor-element elementor-element-cc29208 elementor-widget elementor-widget-heading\" data-id=\"cc29208\" data-element_type=\"widget\" data-widget_type=\"heading.default\">\n\t\t\t\t<div class=\"elementor-widget-container\">\n\t\t\t\t\t<h2 class=\"elementor-heading-title elementor-size-default\">Why Choose TypeB RCCB?<\/h2>\t\t\t\t<\/div>\n\t\t\t\t<\/div>\n\t\t\t\t<div class=\"elementor-element elementor-element-71f5849 elementor-widget elementor-widget-heading\" data-id=\"71f5849\" data-element_type=\"widget\" data-widget_type=\"heading.default\">\n\t\t\t\t<div class=\"elementor-widget-container\">\n\t\t\t\t\t<h3 class=\"elementor-heading-title elementor-size-default\">Protecci\u00f3n para cualquier configuraci\u00f3n de carga<\/h3>\t\t\t\t<\/div>\n\t\t\t\t<\/div>\n\t\t\t\t<div class=\"elementor-element elementor-element-ec2ae4a elementor-widget elementor-widget-text-editor\" data-id=\"ec2ae4a\" data-element_type=\"widget\" data-widget_type=\"text-editor.default\">\n\t\t\t\t<div class=\"elementor-widget-container\">\n\t\t\t\t\t\t\t\t\t<p>We offer TypeB RCCB devices for charging situations across all types of locations and devices. Whether it is for home or commercial use, or single-phase or three-phase AC charging, or DC charging, we have the right TypeB RCCB product for your charging setup.<\/p>\t\t\t\t\t\t\t\t<\/div>\n\t\t\t\t<\/div>\n\t\t\t\t<div class=\"elementor-element elementor-element-5c68a09 elementor-widget elementor-widget-heading\" data-id=\"5c68a09\" data-element_type=\"widget\" data-widget_type=\"heading.default\">\n\t\t\t\t<div class=\"elementor-widget-container\">\n\t\t\t\t\t<h3 class=\"elementor-heading-title elementor-size-default\">Calidad y certificaci\u00f3n de confianza<\/h3>\t\t\t\t<\/div>\n\t\t\t\t<\/div>\n\t\t\t\t<div class=\"elementor-element elementor-element-d364e80 elementor-widget elementor-widget-text-editor\" data-id=\"d364e80\" data-element_type=\"widget\" data-widget_type=\"text-editor.default\">\n\t\t\t\t<div class=\"elementor-widget-container\">\n\t\t\t\t\t\t\t\t\t<p>We only carry TypeB RCCB products from the first-rate manufacturers that meet the strictest EU\/US certification requirements and have exported to Europe, the Americas, the Middle East and Southeast Asia. Join our clients across the world for guaranteed product quality and peace of mind.<\/p>\t\t\t\t\t\t\t\t<\/div>\n\t\t\t\t<\/div>\n\t\t\t\t<div class=\"elementor-element elementor-element-0a497da elementor-widget elementor-widget-heading\" data-id=\"0a497da\" data-element_type=\"widget\" data-widget_type=\"heading.default\">\n\t\t\t\t<div class=\"elementor-widget-container\">\n\t\t\t\t\t<h3 class=\"elementor-heading-title elementor-size-default\">Atenci\u00f3n al cliente dedicada y excepcional<\/h3>\t\t\t\t<\/div>\n\t\t\t\t<\/div>\n\t\t\t\t<div class=\"elementor-element elementor-element-4be450b elementor-widget elementor-widget-text-editor\" data-id=\"4be450b\" data-element_type=\"widget\" data-widget_type=\"text-editor.default\">\n\t\t\t\t<div class=\"elementor-widget-container\">\n\t\t\t\t\t\t\t\t\t<p>Entendemos que la situaci\u00f3n de cada cliente es \u00fanica y que la recarga de VE puede ser nueva y opaca para algunos, por lo que MEKEL le ofrece asesoramiento gratuito sobre el producto para que pueda tomar la decisi\u00f3n correcta para su negocio. Tambi\u00e9n ofrecemos asistencia t\u00e9cnica gratuita durante la instalaci\u00f3n del producto para ayudarle a evitar problemas y reducir la tasa de reclamaciones de sus clientes.<\/p>\t\t\t\t\t\t\t\t<\/div>\n\t\t\t\t<\/div>\n\t\t\t\t<div class=\"elementor-element elementor-element-73fb410 elementor-widget elementor-widget-heading\" data-id=\"73fb410\" data-element_type=\"widget\" data-widget_type=\"heading.default\">\n\t\t\t\t<div class=\"elementor-widget-container\">\n\t\t\t\t\t<h2 class=\"elementor-heading-title elementor-size-default\">Product Highlight of TypeB RCCB<\/h2>\t\t\t\t<\/div>\n\t\t\t\t<\/div>\n\t\t\t\t<div class=\"elementor-element elementor-element-7e71ce4 elementor-widget elementor-widget-text-editor\" data-id=\"7e71ce4\" data-element_type=\"widget\" data-widget_type=\"text-editor.default\">\n\t\t\t\t<div class=\"elementor-widget-container\">\n\t\t\t\t\t\t\t\t\t<ul class=\"wp-block-list\">\n<li>Situaci\u00f3n de todos los cargos<\/li>\n<li>Certificaci\u00f3n y garant\u00eda<\/li>\n<li>Atenci\u00f3n al cliente excepcional<\/li>\n<li>Fast Deliver<\/li>\n<\/ul>\t\t\t\t\t\t\t\t<\/div>\n\t\t\t\t<\/div>\n\t\t\t\t\t<\/div>\n\t\t\t\t<\/div>\n\t\t\t\t<\/div>","protected":false},"excerpt":{"rendered":"<p>Introduction to TypeB RCCB The TypeB RCCB (Residual Current Circuit Breaker, interchangeable with \u201cRCB\u201d) is a critical safety component for EV charger installations. It is installed at the upstream of the EV charger and cuts off the circuit upon detecting any current imbalance in the live and neutral wires, which could indicate a current leakage [&hellip;]<\/p>","protected":false},"author":1,"featured_media":2255,"menu_order":0,"template":"","format":"standard","meta":{"_acf_changed":false,"site-sidebar-layout":"default","site-content-layout":"","ast-site-content-layout":"default","site-content-style":"default","site-sidebar-style":"default","ast-global-header-display":"","ast-banner-title-visibility":"","ast-main-header-display":"","ast-hfb-above-header-display":"","ast-hfb-below-header-display":"","ast-hfb-mobile-header-display":"","site-post-title":"","ast-breadcrumbs-content":"","ast-featured-img":"","footer-sml-layout":"","ast-disable-related-posts":"","theme-transparent-header-meta":"","adv-header-id-meta":"","stick-header-meta":"","header-above-stick-meta":"","header-main-stick-meta":"","header-below-stick-meta":"","astra-migrate-meta-layouts":"set","ast-page-background-enabled":"default","ast-page-background-meta":{"desktop":{"background-color":"","background-image":"","background-repeat":"repeat","background-position":"center center","background-size":"auto","background-attachment":"scroll","background-type":"","background-media":"","overlay-type":"","overlay-color":"","overlay-opacity":"","overlay-gradient":""},"tablet":{"background-color":"","background-image":"","background-repeat":"repeat","background-position":"center center","background-size":"auto","background-attachment":"scroll","background-type":"","background-media":"","overlay-type":"","overlay-color":"","overlay-opacity":"","overlay-gradient":""},"mobile":{"background-color":"","background-image":"","background-repeat":"repeat","background-position":"center center","background-size":"auto","background-attachment":"scroll","background-type":"","background-media":"","overlay-type":"","overlay-color":"","overlay-opacity":"","overlay-gradient":""}},"ast-content-background-meta":{"desktop":{"background-color":"var(--ast-global-color-5)","background-image":"","background-repeat":"repeat","background-position":"center center","background-size":"auto","background-attachment":"scroll","background-type":"","background-media":"","overlay-type":"","overlay-color":"","overlay-opacity":"","overlay-gradient":""},"tablet":{"background-color":"var(--ast-global-color-5)","background-image":"","background-repeat":"repeat","background-position":"center center","background-size":"auto","background-attachment":"scroll","background-type":"","background-media":"","overlay-type":"","overlay-color":"","overlay-opacity":"","overlay-gradient":""},"mobile":{"background-color":"var(--ast-global-color-5)","background-image":"","background-repeat":"repeat","background-position":"center center","background-size":"auto","background-attachment":"scroll","background-type":"","background-media":"","overlay-type":"","overlay-color":"","overlay-opacity":"","overlay-gradient":""}},"footnotes":""},"product-category":[95],"product-tag":[],"class_list":["post-2250","product","type-product","status-publish","format-standard","has-post-thumbnail","hentry","product-category-circuit-breaker"],"acf":[],"_links":{"self":[{"href":"https:\/\/www.mekeltech.com\/es\/wp-json\/wp\/v2\/product\/2250","targetHints":{"allow":["GET"]}}],"collection":[{"href":"https:\/\/www.mekeltech.com\/es\/wp-json\/wp\/v2\/product"}],"about":[{"href":"https:\/\/www.mekeltech.com\/es\/wp-json\/wp\/v2\/types\/product"}],"author":[{"embeddable":true,"href":"https:\/\/www.mekeltech.com\/es\/wp-json\/wp\/v2\/users\/1"}],"version-history":[{"count":11,"href":"https:\/\/www.mekeltech.com\/es\/wp-json\/wp\/v2\/product\/2250\/revisions"}],"predecessor-version":[{"id":7005,"href":"https:\/\/www.mekeltech.com\/es\/wp-json\/wp\/v2\/product\/2250\/revisions\/7005"}],"wp:featuredmedia":[{"embeddable":true,"href":"https:\/\/www.mekeltech.com\/es\/wp-json\/wp\/v2\/media\/2255"}],"wp:attachment":[{"href":"https:\/\/www.mekeltech.com\/es\/wp-json\/wp\/v2\/media?parent=2250"}],"wp:term":[{"taxonomy":"product-category","embeddable":true,"href":"https:\/\/www.mekeltech.com\/es\/wp-json\/wp\/v2\/product-category?post=2250"},{"taxonomy":"product-tag","embeddable":true,"href":"https:\/\/www.mekeltech.com\/es\/wp-json\/wp\/v2\/product-tag?post=2250"}],"curies":[{"name":"wp","href":"https:\/\/api.w.org\/{rel}","templated":true}]}}