{"id":2233,"date":"2025-05-08T10:40:02","date_gmt":"2025-05-08T10:40:02","guid":{"rendered":"https:\/\/mekeltech.com\/?post_type=product&#038;p=2233"},"modified":"2025-08-06T10:28:26","modified_gmt":"2025-08-06T02:28:26","slug":"3-7kw-brd-series-with-type-2-plug","status":"publish","type":"product","link":"https:\/\/www.mekeltech.com\/es\/product\/3-7kw-brd-series-with-type-2-plug\/","title":{"rendered":"Cargador port\u00e1til para VE de 3,7 kW con enchufe de tipo 2"},"content":{"rendered":"<div data-elementor-type=\"wp-post\" data-elementor-id=\"2233\" class=\"elementor elementor-2233\" data-elementor-post-type=\"product\">\n\t\t\t\t<div class=\"elementor-element elementor-element-58449f64 e-flex e-con-boxed e-con e-parent\" data-id=\"58449f64\" data-element_type=\"container\">\n\t\t\t\t\t<div class=\"e-con-inner\">\n\t\t\t\t<div class=\"elementor-element elementor-element-6ebf6c99 elementor-widget elementor-widget-text-editor\" data-id=\"6ebf6c99\" data-element_type=\"widget\" data-widget_type=\"text-editor.default\">\n\t\t\t\t<div class=\"elementor-widget-container\">\n\t\t\t\t\t\t\t\t\t\n<h2 class=\"wp-block-heading has-medium-font-size\"><strong>Cargador port\u00e1til para VE de 16 A y 3,7 kW<\/strong><\/h2>\n\n<p>El cargador port\u00e1til para veh\u00edculos el\u00e9ctricos Mekel de 3,7 kW ofrece la comodidad de enchufar y cargar sin problemas, tanto si se fija en un lugar como si se utiliza en movimiento. Dise\u00f1ado para adaptarse tanto a interiores como a exteriores, es el cargador fiable y port\u00e1til para los propietarios de veh\u00edculos el\u00e9ctricos que buscan una carga f\u00e1cil y fiable en casa o dondequiera que viajen.<\/p>\n\n<h2 class=\"wp-block-heading has-medium-font-size\"><strong>\u00bfCu\u00e1nto tarda en encenderse un VE?<\/strong><\/h2>\n\n<p>El tiempo que se tarda en cargar un veh\u00edculo el\u00e9ctrico depende de la capacidad de su bater\u00eda y del nivel de carga actual. A diferencia de los cargadores de 32 A de mayor potencia, el cargador port\u00e1til Mekel de 3,7 kW y 16 A prioriza la carga constante y fiable por encima de la velocidad. Para un veh\u00edculo el\u00e9ctrico de tama\u00f1o medio, la carga completa tarda entre 11 y 12 horas, lo que resulta perfecto para las paradas nocturnas durante un viaje. Para recargas m\u00e1s cortas, proporciona entre 20 y 30 km de autonom\u00eda por hora, garantizando que su VE est\u00e9 listo para la siguiente etapa de su aventura por la ma\u00f1ana.<\/p>\n\n<h2 class=\"has-medium-font-size\"><strong>Durabilidad a toda prueba: Dise\u00f1ada para la naturaleza<\/strong><\/h2>\n\n<p>El cargador port\u00e1til monof\u00e1sico Mekel 16A est\u00e1 dise\u00f1ado para soportar las condiciones exteriores m\u00e1s duras. Tanto si lo vuelca accidentalmente un veh\u00edculo, como si se cae sobre un terreno rocoso o queda expuesto a los elementos, este cargador resiste. Dise\u00f1ado para la naturaleza impredecible de los viajes, sigue ofreciendo un rendimiento constante sin importar el desaf\u00edo.<\/p>\n\n<h2 class=\"has-medium-font-size\"><strong>Ideal para aventuras al aire libre<\/strong><\/h2>\n\n<p>Para los viajeros que viven fuera de la red -piensen en campistas, entusiastas de las autocaravanas o trabajadores remotos- este cargador port\u00e1til para veh\u00edculos el\u00e9ctricos cambia las reglas del juego. Su dise\u00f1o compacto y f\u00e1cil de transportar se adapta sin esfuerzo a tu equipo, garantizando que puedas cargarlo dondequiera que te lleve tu viaje. Mant\u00e9n tu veh\u00edculo el\u00e9ctrico cargado y tus planes en marcha, incluso en medio de la nada.<\/p>\n\n<h2 class=\"has-medium-font-size\"><strong>Ligero y listo para viajar<\/strong><\/h2>\n\n<p>Carga Plug and Play sin complicaciones<br \/>El cable de carga port\u00e1til Mekel est\u00e1 dise\u00f1ado para ser port\u00e1til, por lo que es muy f\u00e1cil de transportar. No requiere configuraciones complejas: basta con enchufar el cable Modo 2 a una toma p\u00fablica o dom\u00e9stica compatible, conectar el otro extremo a la toma del veh\u00edculo el\u00e9ctrico y empezar a cargar. Este sencillo dise\u00f1o es perfecto para usuarios sin acceso a estaciones de carga fijas, ya que ofrece flexibilidad all\u00e1 donde vayas.<\/p>\n\n<h2 class=\"has-medium-font-size\"><strong>Construido para mantenerte en movimiento<\/strong><\/h2>\n\n<p>Materiales de primera calidad para una potencia fiable<br \/>La calidad importa cuando se carga lejos de la civilizaci\u00f3n. El cargador port\u00e1til para veh\u00edculos el\u00e9ctricos Mekel de 240 V utiliza componentes de primera calidad, incluido el cableado de cobre puro 100%, para una conductividad y eficiencia superiores. Esto garantiza una carga m\u00e1s r\u00e1pida y fiable y un rendimiento duradero, incluso con un uso frecuente. Menos tiempo de inactividad, m\u00e1s exploraci\u00f3n: conf\u00ede en este cargador para alimentar sus viajes sin fallos.<\/p>\n\n<h2 class=\"has-medium-font-size\"><strong>\u00bfPor qu\u00e9 elegir el cargador port\u00e1til para VE Mekel de 3,6 kW y 16 A?<\/strong><\/h2>\n\n<ul class=\"wp-block-list\">\n<li>Carga remota\n<ul class=\"wp-block-list\">\n<li>Perfecto para recargas nocturnas en lugares remotos, lo que le proporciona una bater\u00eda llena al amanecer para el d\u00eda siguiente.<\/li>\n<\/ul>\n<\/li>\n\n<li>Flexibilidad en los viajes\n<ul class=\"wp-block-list\">\n<li>Recargue su VE en cualquier parada con la correspondiente toma de corriente Schuko o de otro tipo, con lo que los viajes a zonas rurales o los desv\u00edos espont\u00e1neos sin infraestructura de recarga no supondr\u00e1n ning\u00fan problema.<\/li>\n<\/ul>\n<\/li>\n\n<li>L\u00ednea de vida sin red el\u00e9ctrica\n<ul class=\"wp-block-list\">\n<li>Cuando te quedes tirado con la bater\u00eda baja y sin estaciones a la vista, este cargador port\u00e1til metido en el maletero puede salvarte el d\u00eda.<\/li>\n<\/ul>\n<\/li>\n\n<li>Poder en la cartera\n<ul class=\"wp-block-list\">\n<li>S\u00e1ltate los cargadores p\u00fablicos m\u00e1s caros carg\u00e1ndote en campings o casas de amigos, manteniendo intacto tu presupuesto de viaje.<\/li>\n<\/ul>\n<\/li>\n<\/ul>\n\t\t\t\t\t\t\t\t<\/div>\n\t\t\t\t<\/div>\n\t\t\t\t\t<\/div>\n\t\t\t\t<\/div>\n\t\t\t\t<\/div>","protected":false},"excerpt":{"rendered":"<p>16A 3.7kW Portable EV Charger The Mekel 3.7kW Portable EV Charger offers seamless plug-and-charge convenience, whether fixed in one spot or used on the move. Built to suit both indoor and outdoor settings, it is the dependable and portable charger for EV owners seeking easy, reliable charging at home or wherever they travel. How Long [&hellip;]<\/p>","protected":false},"author":1,"featured_media":2234,"menu_order":0,"template":"","format":"standard","meta":{"_acf_changed":false,"site-sidebar-layout":"default","site-content-layout":"","ast-site-content-layout":"default","site-content-style":"default","site-sidebar-style":"default","ast-global-header-display":"","ast-banner-title-visibility":"","ast-main-header-display":"","ast-hfb-above-header-display":"","ast-hfb-below-header-display":"","ast-hfb-mobile-header-display":"","site-post-title":"","ast-breadcrumbs-content":"","ast-featured-img":"","footer-sml-layout":"","ast-disable-related-posts":"","theme-transparent-header-meta":"","adv-header-id-meta":"","stick-header-meta":"","header-above-stick-meta":"","header-main-stick-meta":"","header-below-stick-meta":"","astra-migrate-meta-layouts":"set","ast-page-background-enabled":"default","ast-page-background-meta":{"desktop":{"background-color":"","background-image":"","background-repeat":"repeat","background-position":"center center","background-size":"auto","background-attachment":"scroll","background-type":"","background-media":"","overlay-type":"","overlay-color":"","overlay-opacity":"","overlay-gradient":""},"tablet":{"background-color":"","background-image":"","background-repeat":"repeat","background-position":"center center","background-size":"auto","background-attachment":"scroll","background-type":"","background-media":"","overlay-type":"","overlay-color":"","overlay-opacity":"","overlay-gradient":""},"mobile":{"background-color":"","background-image":"","background-repeat":"repeat","background-position":"center center","background-size":"auto","background-attachment":"scroll","background-type":"","background-media":"","overlay-type":"","overlay-color":"","overlay-opacity":"","overlay-gradient":""}},"ast-content-background-meta":{"desktop":{"background-color":"var(--ast-global-color-5)","background-image":"","background-repeat":"repeat","background-position":"center center","background-size":"auto","background-attachment":"scroll","background-type":"","background-media":"","overlay-type":"","overlay-color":"","overlay-opacity":"","overlay-gradient":""},"tablet":{"background-color":"var(--ast-global-color-5)","background-image":"","background-repeat":"repeat","background-position":"center center","background-size":"auto","background-attachment":"scroll","background-type":"","background-media":"","overlay-type":"","overlay-color":"","overlay-opacity":"","overlay-gradient":""},"mobile":{"background-color":"var(--ast-global-color-5)","background-image":"","background-repeat":"repeat","background-position":"center center","background-size":"auto","background-attachment":"scroll","background-type":"","background-media":"","overlay-type":"","overlay-color":"","overlay-opacity":"","overlay-gradient":""}},"footnotes":""},"product-category":[92],"product-tag":[],"class_list":["post-2233","product","type-product","status-publish","format-standard","has-post-thumbnail","hentry","product-category-portable-charger"],"acf":[],"_links":{"self":[{"href":"https:\/\/www.mekeltech.com\/es\/wp-json\/wp\/v2\/product\/2233","targetHints":{"allow":["GET"]}}],"collection":[{"href":"https:\/\/www.mekeltech.com\/es\/wp-json\/wp\/v2\/product"}],"about":[{"href":"https:\/\/www.mekeltech.com\/es\/wp-json\/wp\/v2\/types\/product"}],"author":[{"embeddable":true,"href":"https:\/\/www.mekeltech.com\/es\/wp-json\/wp\/v2\/users\/1"}],"version-history":[{"count":14,"href":"https:\/\/www.mekeltech.com\/es\/wp-json\/wp\/v2\/product\/2233\/revisions"}],"predecessor-version":[{"id":5925,"href":"https:\/\/www.mekeltech.com\/es\/wp-json\/wp\/v2\/product\/2233\/revisions\/5925"}],"wp:featuredmedia":[{"embeddable":true,"href":"https:\/\/www.mekeltech.com\/es\/wp-json\/wp\/v2\/media\/2234"}],"wp:attachment":[{"href":"https:\/\/www.mekeltech.com\/es\/wp-json\/wp\/v2\/media?parent=2233"}],"wp:term":[{"taxonomy":"product-category","embeddable":true,"href":"https:\/\/www.mekeltech.com\/es\/wp-json\/wp\/v2\/product-category?post=2233"},{"taxonomy":"product-tag","embeddable":true,"href":"https:\/\/www.mekeltech.com\/es\/wp-json\/wp\/v2\/product-tag?post=2233"}],"curies":[{"name":"wp","href":"https:\/\/api.w.org\/{rel}","templated":true}]}}