{"id":2225,"date":"2025-05-25T06:05:03","date_gmt":"2025-05-24T22:05:03","guid":{"rendered":"https:\/\/mekeltech.com\/?post_type=product&#038;p=2225"},"modified":"2025-09-05T10:39:31","modified_gmt":"2025-09-05T02:39:31","slug":"digital-display","status":"publish","type":"product","link":"https:\/\/www.mekeltech.com\/es\/product\/digital-display\/","title":{"rendered":"Pantalla digital"},"content":{"rendered":"<div data-elementor-type=\"wp-post\" data-elementor-id=\"2225\" class=\"elementor elementor-2225\" data-elementor-post-type=\"product\">\n\t\t\t\t<div class=\"elementor-element elementor-element-4cdb5fe4 e-flex e-con-boxed e-con e-parent\" data-id=\"4cdb5fe4\" data-element_type=\"container\">\n\t\t\t\t\t<div class=\"e-con-inner\">\n\t\t\t\t<div class=\"elementor-element elementor-element-9727433 elementor-widget elementor-widget-heading\" data-id=\"9727433\" data-element_type=\"widget\" data-widget_type=\"heading.default\">\n\t\t\t\t<div class=\"elementor-widget-container\">\n\t\t\t\t\t<h2 class=\"elementor-heading-title elementor-size-default\">\u00bfQu\u00e9 son las pantallas digitales para estaciones de recarga de veh\u00edculos el\u00e9ctricos de Mekel?<\/h2>\t\t\t\t<\/div>\n\t\t\t\t<\/div>\n\t\t\t\t<div class=\"elementor-element elementor-element-52946ea elementor-widget elementor-widget-text-editor\" data-id=\"52946ea\" data-element_type=\"widget\" data-widget_type=\"text-editor.default\">\n\t\t\t\t<div class=\"elementor-widget-container\">\n\t\t\t\t\t\t\t\t\t<p>Las pantallas digitales para estaciones de carga de veh\u00edculos el\u00e9ctricos de Mekel son m\u00f3dulos de visualizaci\u00f3n compactos de calidad industrial dise\u00f1ados para estaciones de carga de veh\u00edculos el\u00e9ctricos. Con varios tama\u00f1os de pantalla, desde 4,3 pulgadas para estaciones de carga de CA hasta 10,1 pulgadas para estaciones de carga de CC, estas pantallas ofrecen im\u00e1genes n\u00edtidas y amplios \u00e1ngulos de visi\u00f3n. Esta pantalla sirve como interfaz de usuario para las estaciones de carga, proporcionando informaci\u00f3n en tiempo real, actualizaciones de estado y opciones de control. Su compatibilidad con una amplia gama de soluciones de estaciones de recarga las hace perfectas para los mercados mundiales, incluidos Europa, el Sudeste Asi\u00e1tico y Oriente Medio, y las convierte en un componente vers\u00e1til para infraestructuras de recarga de veh\u00edculos el\u00e9ctricos tanto p\u00fablicas como privadas.<\/p>\t\t\t\t\t\t\t\t<\/div>\n\t\t\t\t<\/div>\n\t\t\t\t<div class=\"elementor-element elementor-element-b3bbc9d elementor-widget elementor-widget-heading\" data-id=\"b3bbc9d\" data-element_type=\"widget\" data-widget_type=\"heading.default\">\n\t\t\t\t<div class=\"elementor-widget-container\">\n\t\t\t\t\t<h2 class=\"elementor-heading-title elementor-size-default\">\u00bfC\u00f3mo funciona la pantalla digital?<\/h2>\t\t\t\t<\/div>\n\t\t\t\t<\/div>\n\t\t\t\t<div class=\"elementor-element elementor-element-7da81578 elementor-widget elementor-widget-text-editor\" data-id=\"7da81578\" data-element_type=\"widget\" data-widget_type=\"text-editor.default\">\n\t\t\t\t<div class=\"elementor-widget-container\">\n\t\t\t\t\t\t\t\t\t<p>Las pantallas digitales se integran perfectamente en las estaciones de recarga de veh\u00edculos el\u00e9ctricos mediante conexiones TTL y RS232 para la alimentaci\u00f3n y la comunicaci\u00f3n serie. Gracias a un chip ASIC y un sistema operativo propios, procesa los datos de forma eficiente y se comunica con los sistemas de control de la estaci\u00f3n de recarga. Tambi\u00e9n hay disponibles paneles con pantalla t\u00e1ctil, que permiten una interacci\u00f3n intuitiva con el usuario. La luminosidad de 800 nits garantiza la visibilidad en entornos exteriores con mucha luz. Los m\u00f3dulos Wi-Fi y USB opcionales permiten realizar actualizaciones y transferencias de datos a distancia, lo que aumenta la flexibilidad operativa.<\/p>\t\t\t\t\t\t\t\t<\/div>\n\t\t\t\t<\/div>\n\t\t\t\t<div class=\"elementor-element elementor-element-00e6dfd elementor-widget elementor-widget-heading\" data-id=\"00e6dfd\" data-element_type=\"widget\" data-widget_type=\"heading.default\">\n\t\t\t\t<div class=\"elementor-widget-container\">\n\t\t\t\t\t<h2 class=\"elementor-heading-title elementor-size-default\">\u00bfPor qu\u00e9 elegir la pantalla digital para estaciones de carga EV de Mekel?<\/h2>\t\t\t\t<\/div>\n\t\t\t\t<\/div>\n\t\t\t\t<div class=\"elementor-element elementor-element-b69ee21 elementor-widget elementor-widget-heading\" data-id=\"b69ee21\" data-element_type=\"widget\" data-widget_type=\"heading.default\">\n\t\t\t\t<div class=\"elementor-widget-container\">\n\t\t\t\t\t<h3 class=\"elementor-heading-title elementor-size-default\">Fiabilidad l\u00edder del sector<\/h3>\t\t\t\t<\/div>\n\t\t\t\t<\/div>\n\t\t\t\t<div class=\"elementor-element elementor-element-eb14644 elementor-widget elementor-widget-text-editor\" data-id=\"eb14644\" data-element_type=\"widget\" data-widget_type=\"text-editor.default\">\n\t\t\t\t<div class=\"elementor-widget-container\">\n\t\t\t\t\t\t\t\t\t<p>Dise\u00f1adas y probadas para cumplir rigurosas normas industriales, las pantallas digitales cuentan con protecci\u00f3n anti-UV y revestimiento de conformaci\u00f3n, lo que garantiza su resistencia frente a factores ambientales adversos. Con una vida \u00fatil de la retroiluminaci\u00f3n superior a 30.000 horas y un panel t\u00e1ctil con capacidad para m\u00e1s de 1.000.000 de pulsaciones, garantiza un rendimiento a largo plazo para estaciones de carga con mucho tr\u00e1fico.<\/p>\t\t\t\t\t\t\t\t<\/div>\n\t\t\t\t<\/div>\n\t\t\t\t<div class=\"elementor-element elementor-element-24fe28c elementor-widget elementor-widget-heading\" data-id=\"24fe28c\" data-element_type=\"widget\" data-widget_type=\"heading.default\">\n\t\t\t\t<div class=\"elementor-widget-container\">\n\t\t\t\t\t<h3 class=\"elementor-heading-title elementor-size-default\">Calidad robusta <\/h3>\t\t\t\t<\/div>\n\t\t\t\t<\/div>\n\t\t\t\t<div class=\"elementor-element elementor-element-9d97e4b elementor-widget elementor-widget-text-editor\" data-id=\"9d97e4b\" data-element_type=\"widget\" data-widget_type=\"text-editor.default\">\n\t\t\t\t<div class=\"elementor-widget-container\">\n\t\t\t\t\t\t\t\t\t<p>Dise\u00f1ados para durar, los monitores digitales pueden soportar temperaturas extremas de hasta 60 \u00b0C durante el funcionamiento y una humedad ambiente de hasta 90% HR. La memoria flash personalizable tambi\u00e9n admite m\u00e1s de 100.000 ciclos de reescritura, lo que proporciona un amplio almacenamiento para fuentes, iconos y actualizaciones de firmware. La robustez de estas pantallas reduce los costes de mantenimiento y el tiempo de inactividad de los operadores de las estaciones de carga.<\/p>\t\t\t\t\t\t\t\t<\/div>\n\t\t\t\t<\/div>\n\t\t\t\t<div class=\"elementor-element elementor-element-7117e94 elementor-widget elementor-widget-heading\" data-id=\"7117e94\" data-element_type=\"widget\" data-widget_type=\"heading.default\">\n\t\t\t\t<div class=\"elementor-widget-container\">\n\t\t\t\t\t<h3 class=\"elementor-heading-title elementor-size-default\">Caracter\u00edsticas de las pantallas digitales de las estaciones de carga Mekel<\/h3>\t\t\t\t<\/div>\n\t\t\t\t<\/div>\n\t\t\t\t<div class=\"elementor-element elementor-element-15d20c1 elementor-widget elementor-widget-text-editor\" data-id=\"15d20c1\" data-element_type=\"widget\" data-widget_type=\"text-editor.default\">\n\t\t\t\t<div class=\"elementor-widget-container\">\n\t\t\t\t\t\t\t\t\t<ul>\n<li>Resoluci\u00f3n de 480 x 800 a 1024 x 600<\/li>\n<li>Pantalla de 3 a 10,1 pulgadas<\/li>\n<li>800 nit de brillo con control ajustable<\/li>\n<li>Revestimiento anti-UV y de conformaci\u00f3n para la protecci\u00f3n del medio ambiente<\/li>\n<li>Tipo de pantalla IPS TFT \/ TN TFT<\/li>\n<li>2 a\u00f1os de garant\u00eda<\/li>\n<li>Red mundial de distribuci\u00f3n<\/li>\n<li>16 MB de memoria flash, ampliables a 64 MB<\/li>\n<li>Conexi\u00f3n TTL o RS232<\/li>\n<li>M\u00e1s de 1M de vida \u00fatil de la pantalla t\u00e1ctil<\/li>\n<\/ul>\t\t\t\t\t\t\t\t<\/div>\n\t\t\t\t<\/div>\n\t\t\t\t<div class=\"elementor-element elementor-element-82f5986 elementor-widget elementor-widget-text-editor\" data-id=\"82f5986\" data-element_type=\"widget\" data-widget_type=\"text-editor.default\">\n\t\t\t\t<div class=\"elementor-widget-container\">\n\t\t\t\t\t\t\t\t\t<p><strong>Experiencia de usuario mejorada:<\/strong> Las pantallas digitales de alta resoluci\u00f3n y la pantalla t\u00e1ctil capacitiva de gran capacidad de respuesta proporcionan una interfaz f\u00e1cil de usar para los conductores de veh\u00edculos el\u00e9ctricos. Las pantallas digitales muestran el estado de carga, los niveles de potencia y las alertas de error con claridad y precisi\u00f3n.<\/p>\n<p><strong>Alta compatibilidad con diversos tama\u00f1os de carcasa:<\/strong> Con una amplia gama de opciones de tama\u00f1o y resoluci\u00f3n de pantalla, se garantiza una configuraci\u00f3n adaptada al dise\u00f1o y tama\u00f1o de su estaci\u00f3n de carga.<\/p>\n<p><strong>Opciones de personalizaci\u00f3n flexibles:<\/strong> Construido sobre un chip ASIC y un software propios, las personalizaciones incluyen la integraci\u00f3n de la interfaz y el logotipo. Mekel tambi\u00e9n se compromete a apoyar el dise\u00f1o de envases, lo que permite a los clientes alinear el producto con su identidad de marca y las necesidades del mercado.<\/p>\t\t\t\t\t\t\t\t<\/div>\n\t\t\t\t<\/div>\n\t\t\t\t<div class=\"elementor-element elementor-element-a7f4cfe elementor-widget elementor-widget-heading\" data-id=\"a7f4cfe\" data-element_type=\"widget\" data-widget_type=\"heading.default\">\n\t\t\t\t<div class=\"elementor-widget-container\">\n\t\t\t\t\t<h2 class=\"elementor-heading-title elementor-size-default\">Testimonios de clientes<\/h2>\t\t\t\t<\/div>\n\t\t\t\t<\/div>\n\t\t\t\t<div class=\"elementor-element elementor-element-fdd727d elementor-widget elementor-widget-text-editor\" data-id=\"fdd727d\" data-element_type=\"widget\" data-widget_type=\"text-editor.default\">\n\t\t\t\t<div class=\"elementor-widget-container\">\n\t\t\t\t\t\t\t\t\t<p>\"Hemos integrado las pantallas digitales de 5 pulgadas de Mekel en nuestra \u00faltima l\u00ednea de estaciones de recarga de veh\u00edculos el\u00e9ctricos y los resultados han sido extraordinarios. El brillo y la respuesta t\u00e1ctil son de primera categor\u00eda, incluso con luz solar directa. El equipo de Mekel colabor\u00f3 con nosotros para personalizar la interfaz, asegur\u00e1ndose de que encajara perfectamente con nuestra marca. Apreciamos la fiabilidad y claridad general de Mekel\". - Mark, fabricante de estaciones de carga EV<\/p>\t\t\t\t\t\t\t\t<\/div>\n\t\t\t\t<\/div>\n\t\t\t\t<div class=\"elementor-element elementor-element-c09351e elementor-widget elementor-widget-heading\" data-id=\"c09351e\" data-element_type=\"widget\" data-widget_type=\"heading.default\">\n\t\t\t\t<div class=\"elementor-widget-container\">\n\t\t\t\t\t<h2 class=\"elementor-heading-title elementor-size-default\">PREGUNTAS FRECUENTES<\/h2>\t\t\t\t<\/div>\n\t\t\t\t<\/div>\n\t\t\t\t<div class=\"elementor-element elementor-element-955bb1b elementor-widget elementor-widget-n-accordion\" data-id=\"955bb1b\" data-element_type=\"widget\" data-settings=\"{&quot;default_state&quot;:&quot;expanded&quot;,&quot;max_items_expended&quot;:&quot;one&quot;,&quot;n_accordion_animation_duration&quot;:{&quot;unit&quot;:&quot;ms&quot;,&quot;size&quot;:400,&quot;sizes&quot;:[]}}\" data-widget_type=\"nested-accordion.default\">\n\t\t\t\t<div class=\"elementor-widget-container\">\n\t\t\t\t\t\t\t<div class=\"e-n-accordion\" aria-label=\"Acorde\u00f3n. Abra los enlaces con Intro o Espacio, ci\u00e9rrelos con Escape y navegue con las teclas de flecha.\">\n\t\t\t\t\t\t<details id=\"e-n-accordion-item-1560\" class=\"e-n-accordion-item\" open>\n\t\t\t\t<summary class=\"e-n-accordion-item-title\" data-accordion-index=\"1\" tabindex=\"0\" aria-expanded=\"true\" aria-controls=\"e-n-accordion-item-1560\" >\n\t\t\t\t\t<span class='e-n-accordion-item-title-header'><div class=\"e-n-accordion-item-title-text\"> \u00bfSon compatibles las pantallas digitales con todas las estaciones de recarga de veh\u00edculos el\u00e9ctricos? <\/div><\/span>\n\t\t\t\t\t\t\t<span class='e-n-accordion-item-title-icon'>\n\t\t\t<span class='e-opened' ><svg aria-hidden=\"true\" class=\"e-font-icon-svg e-fas-minus\" viewbox=\"0 0 448 512\" xmlns=\"http:\/\/www.w3.org\/2000\/svg\"><path d=\"M416 208H32c-17.67 0-32 14.33-32 32v32c0 17.67 14.33 32 32 32h384c17.67 0 32-14.33 32-32v-32c0-17.67-14.33-32-32-32z\"><\/path><\/svg><\/span>\n\t\t\t<span class='e-closed'><svg aria-hidden=\"true\" class=\"e-font-icon-svg e-fas-plus\" viewbox=\"0 0 448 512\" xmlns=\"http:\/\/www.w3.org\/2000\/svg\"><path d=\"M416 208H272V64c0-17.67-14.33-32-32-32h-32c-17.67 0-32 14.33-32 32v144H32c-17.67 0-32 14.33-32 32v32c0 17.67 14.33 32 32 32h144v144c0 17.67 14.33 32 32 32h32c17.67 0 32-14.33 32-32V304h144c17.67 0 32-14.33 32-32v-32c0-17.67-14.33-32-32-32z\"><\/path><\/svg><\/span>\n\t\t<\/span>\n\n\t\t\t\t\t\t<\/summary>\n\t\t\t\t<div role=\"region\" aria-labelledby=\"e-n-accordion-item-1560\" class=\"elementor-element elementor-element-9859ab4 e-con-full e-flex e-con e-child\" data-id=\"9859ab4\" data-element_type=\"container\">\n\t\t\t\t<div class=\"elementor-element elementor-element-ecd113d elementor-widget elementor-widget-text-editor\" data-id=\"ecd113d\" data-element_type=\"widget\" data-widget_type=\"text-editor.default\">\n\t\t\t\t<div class=\"elementor-widget-container\">\n\t\t\t\t\t\t\t\t\t<p>Las pantallas son compatibles con la mayor\u00eda de las estaciones de recarga de veh\u00edculos el\u00e9ctricos. Confirme la interfaz de su sistema, los requisitos de voltaje y la toma de conexi\u00f3n antes de la integraci\u00f3n.<\/p>\t\t\t\t\t\t\t\t<\/div>\n\t\t\t\t<\/div>\n\t\t\t\t<\/div>\n\t\t\t\t\t<\/details>\n\t\t\t\t\t\t<details id=\"e-n-accordion-item-1561\" class=\"e-n-accordion-item\" >\n\t\t\t\t<summary class=\"e-n-accordion-item-title\" data-accordion-index=\"2\" tabindex=\"-1\" aria-expanded=\"false\" aria-controls=\"e-n-accordion-item-1561\" >\n\t\t\t\t\t<span class='e-n-accordion-item-title-header'><div class=\"e-n-accordion-item-title-text\"> \u00bfLa pantalla digital cuenta con certificaciones de calidad? <\/div><\/span>\n\t\t\t\t\t\t\t<span class='e-n-accordion-item-title-icon'>\n\t\t\t<span class='e-opened' ><svg aria-hidden=\"true\" class=\"e-font-icon-svg e-fas-minus\" viewbox=\"0 0 448 512\" xmlns=\"http:\/\/www.w3.org\/2000\/svg\"><path d=\"M416 208H32c-17.67 0-32 14.33-32 32v32c0 17.67 14.33 32 32 32h384c17.67 0 32-14.33 32-32v-32c0-17.67-14.33-32-32-32z\"><\/path><\/svg><\/span>\n\t\t\t<span class='e-closed'><svg aria-hidden=\"true\" class=\"e-font-icon-svg e-fas-plus\" viewbox=\"0 0 448 512\" xmlns=\"http:\/\/www.w3.org\/2000\/svg\"><path d=\"M416 208H272V64c0-17.67-14.33-32-32-32h-32c-17.67 0-32 14.33-32 32v144H32c-17.67 0-32 14.33-32 32v32c0 17.67 14.33 32 32 32h144v144c0 17.67 14.33 32 32 32h32c17.67 0 32-14.33 32-32V304h144c17.67 0 32-14.33 32-32v-32c0-17.67-14.33-32-32-32z\"><\/path><\/svg><\/span>\n\t\t<\/span>\n\n\t\t\t\t\t\t<\/summary>\n\t\t\t\t<div role=\"region\" aria-labelledby=\"e-n-accordion-item-1561\" class=\"elementor-element elementor-element-6a6cc2c e-con-full e-flex e-con e-child\" data-id=\"6a6cc2c\" data-element_type=\"container\">\n\t\t\t\t<div class=\"elementor-element elementor-element-69abc0f elementor-widget elementor-widget-text-editor\" data-id=\"69abc0f\" data-element_type=\"widget\" data-widget_type=\"text-editor.default\">\n\t\t\t\t<div class=\"elementor-widget-container\">\n\t\t\t\t\t\t\t\t\t<p>S\u00ed, cumple las normas de calidad industrial con funciones anti UV y de revestimiento de conformidad, respaldadas por rigurosas pruebas y una garant\u00eda de 2 a\u00f1os.<\/p>\t\t\t\t\t\t\t\t<\/div>\n\t\t\t\t<\/div>\n\t\t\t\t<\/div>\n\t\t\t\t\t<\/details>\n\t\t\t\t\t\t<details id=\"e-n-accordion-item-1562\" class=\"e-n-accordion-item\" >\n\t\t\t\t<summary class=\"e-n-accordion-item-title\" data-accordion-index=\"3\" tabindex=\"-1\" aria-expanded=\"false\" aria-controls=\"e-n-accordion-item-1562\" >\n\t\t\t\t\t<span class='e-n-accordion-item-title-header'><div class=\"e-n-accordion-item-title-text\"> \u00bfD\u00f3nde se puede utilizar esta pantalla digital? <\/div><\/span>\n\t\t\t\t\t\t\t<span class='e-n-accordion-item-title-icon'>\n\t\t\t<span class='e-opened' ><svg aria-hidden=\"true\" class=\"e-font-icon-svg e-fas-minus\" viewbox=\"0 0 448 512\" xmlns=\"http:\/\/www.w3.org\/2000\/svg\"><path d=\"M416 208H32c-17.67 0-32 14.33-32 32v32c0 17.67 14.33 32 32 32h384c17.67 0 32-14.33 32-32v-32c0-17.67-14.33-32-32-32z\"><\/path><\/svg><\/span>\n\t\t\t<span class='e-closed'><svg aria-hidden=\"true\" class=\"e-font-icon-svg e-fas-plus\" viewbox=\"0 0 448 512\" xmlns=\"http:\/\/www.w3.org\/2000\/svg\"><path d=\"M416 208H272V64c0-17.67-14.33-32-32-32h-32c-17.67 0-32 14.33-32 32v144H32c-17.67 0-32 14.33-32 32v32c0 17.67 14.33 32 32 32h144v144c0 17.67 14.33 32 32 32h32c17.67 0 32-14.33 32-32V304h144c17.67 0 32-14.33 32-32v-32c0-17.67-14.33-32-32-32z\"><\/path><\/svg><\/span>\n\t\t<\/span>\n\n\t\t\t\t\t\t<\/summary>\n\t\t\t\t<div role=\"region\" aria-labelledby=\"e-n-accordion-item-1562\" class=\"elementor-element elementor-element-9fa674d e-con-full e-flex e-con e-child\" data-id=\"9fa674d\" data-element_type=\"container\">\n\t\t\t\t<div class=\"elementor-element elementor-element-b7af20c elementor-widget elementor-widget-text-editor\" data-id=\"b7af20c\" data-element_type=\"widget\" data-widget_type=\"text-editor.default\">\n\t\t\t\t<div class=\"elementor-widget-container\">\n\t\t\t\t\t\t\t\t\t<p>Es ideal para estaciones de carga de CA (de 7 kW a 22 kW) en entornos p\u00fablicos, comerciales o residenciales. Tambi\u00e9n hay disponibles pantallas digitales de 10,1 pulgadas para su integraci\u00f3n con estaciones de carga r\u00e1pida de CC. Consulte con el representante de Mekel para encontrar la mejor soluci\u00f3n a sus necesidades de construcci\u00f3n.<\/p>\t\t\t\t\t\t\t\t<\/div>\n\t\t\t\t<\/div>\n\t\t\t\t<\/div>\n\t\t\t\t\t<\/details>\n\t\t\t\t\t<\/div>\n\t\t\t\t\t\t<\/div>\n\t\t\t\t<\/div>\n\t\t\t\t\t<\/div>\n\t\t\t\t<\/div>\n\t\t\t\t<\/div>","protected":false},"excerpt":{"rendered":"<p>What are Mekel EV Charging Station&nbsp;Digital Displays? The Mekel EV Charging Station digital displays are compact, industrial-grade display module engineered for EV charging stations. Featuring a various screen sizes from 4.3 inch for AC charging stations to 10.1 inch for DC charging stations, these screens deliver crisp visuals and wide viewing angles. This display serves [&hellip;]<\/p>","protected":false},"author":1,"featured_media":3372,"menu_order":0,"template":"","format":"standard","meta":{"_acf_changed":true,"site-sidebar-layout":"default","site-content-layout":"","ast-site-content-layout":"default","site-content-style":"default","site-sidebar-style":"default","ast-global-header-display":"","ast-banner-title-visibility":"","ast-main-header-display":"","ast-hfb-above-header-display":"","ast-hfb-below-header-display":"","ast-hfb-mobile-header-display":"","site-post-title":"","ast-breadcrumbs-content":"","ast-featured-img":"","footer-sml-layout":"","ast-disable-related-posts":"","theme-transparent-header-meta":"","adv-header-id-meta":"","stick-header-meta":"","header-above-stick-meta":"","header-main-stick-meta":"","header-below-stick-meta":"","astra-migrate-meta-layouts":"set","ast-page-background-enabled":"default","ast-page-background-meta":{"desktop":{"background-color":"","background-image":"","background-repeat":"repeat","background-position":"center center","background-size":"auto","background-attachment":"scroll","background-type":"","background-media":"","overlay-type":"","overlay-color":"","overlay-opacity":"","overlay-gradient":""},"tablet":{"background-color":"","background-image":"","background-repeat":"repeat","background-position":"center center","background-size":"auto","background-attachment":"scroll","background-type":"","background-media":"","overlay-type":"","overlay-color":"","overlay-opacity":"","overlay-gradient":""},"mobile":{"background-color":"","background-image":"","background-repeat":"repeat","background-position":"center center","background-size":"auto","background-attachment":"scroll","background-type":"","background-media":"","overlay-type":"","overlay-color":"","overlay-opacity":"","overlay-gradient":""}},"ast-content-background-meta":{"desktop":{"background-color":"var(--ast-global-color-5)","background-image":"","background-repeat":"repeat","background-position":"center center","background-size":"auto","background-attachment":"scroll","background-type":"","background-media":"","overlay-type":"","overlay-color":"","overlay-opacity":"","overlay-gradient":""},"tablet":{"background-color":"var(--ast-global-color-5)","background-image":"","background-repeat":"repeat","background-position":"center center","background-size":"auto","background-attachment":"scroll","background-type":"","background-media":"","overlay-type":"","overlay-color":"","overlay-opacity":"","overlay-gradient":""},"mobile":{"background-color":"var(--ast-global-color-5)","background-image":"","background-repeat":"repeat","background-position":"center center","background-size":"auto","background-attachment":"scroll","background-type":"","background-media":"","overlay-type":"","overlay-color":"","overlay-opacity":"","overlay-gradient":""}},"footnotes":""},"product-category":[98],"product-tag":[],"class_list":["post-2225","product","type-product","status-publish","format-standard","has-post-thumbnail","hentry","product-category-digital-display"],"acf":[],"_links":{"self":[{"href":"https:\/\/www.mekeltech.com\/es\/wp-json\/wp\/v2\/product\/2225","targetHints":{"allow":["GET"]}}],"collection":[{"href":"https:\/\/www.mekeltech.com\/es\/wp-json\/wp\/v2\/product"}],"about":[{"href":"https:\/\/www.mekeltech.com\/es\/wp-json\/wp\/v2\/types\/product"}],"author":[{"embeddable":true,"href":"https:\/\/www.mekeltech.com\/es\/wp-json\/wp\/v2\/users\/1"}],"version-history":[{"count":10,"href":"https:\/\/www.mekeltech.com\/es\/wp-json\/wp\/v2\/product\/2225\/revisions"}],"predecessor-version":[{"id":6815,"href":"https:\/\/www.mekeltech.com\/es\/wp-json\/wp\/v2\/product\/2225\/revisions\/6815"}],"wp:featuredmedia":[{"embeddable":true,"href":"https:\/\/www.mekeltech.com\/es\/wp-json\/wp\/v2\/media\/3372"}],"wp:attachment":[{"href":"https:\/\/www.mekeltech.com\/es\/wp-json\/wp\/v2\/media?parent=2225"}],"wp:term":[{"taxonomy":"product-category","embeddable":true,"href":"https:\/\/www.mekeltech.com\/es\/wp-json\/wp\/v2\/product-category?post=2225"},{"taxonomy":"product-tag","embeddable":true,"href":"https:\/\/www.mekeltech.com\/es\/wp-json\/wp\/v2\/product-tag?post=2225"}],"curies":[{"name":"wp","href":"https:\/\/api.w.org\/{rel}","templated":true}]}}