{"id":2794,"date":"2025-05-13T03:05:01","date_gmt":"2025-05-13T03:05:01","guid":{"rendered":"https:\/\/mekeltech.com\/?page_id=2794"},"modified":"2025-08-21T11:43:12","modified_gmt":"2025-08-21T03:43:12","slug":"customer-cases","status":"publish","type":"page","link":"https:\/\/www.mekeltech.com\/es\/customer-cases\/","title":{"rendered":"Casos de clientes"},"content":{"rendered":"<div data-elementor-type=\"wp-page\" data-elementor-id=\"2794\" class=\"elementor elementor-2794\" data-elementor-post-type=\"page\">\n\t\t\t\t<div class=\"elementor-element elementor-element-55974a8 e-flex e-con-boxed e-con e-parent\" data-id=\"55974a8\" data-element_type=\"container\" data-settings=\"{&quot;background_background&quot;:&quot;classic&quot;}\">\n\t\t\t\t\t<div class=\"e-con-inner\">\n\t\t<div class=\"elementor-element elementor-element-c61b5fd e-con-full e-flex e-con e-child\" data-id=\"c61b5fd\" data-element_type=\"container\">\n\t\t<div class=\"elementor-element elementor-element-74d7cfc e-con-full e-flex e-con e-child\" data-id=\"74d7cfc\" data-element_type=\"container\" data-settings=\"{&quot;background_background&quot;:&quot;classic&quot;}\">\n\t\t\t\t<div class=\"elementor-element elementor-element-ae83ca3 elementor-widget elementor-widget-heading\" data-id=\"ae83ca3\" data-element_type=\"widget\" data-widget_type=\"heading.default\">\n\t\t\t\t<div class=\"elementor-widget-container\">\n\t\t\t\t\t<h1 class=\"elementor-heading-title elementor-size-default\">Casos de clientes<\/h1>\t\t\t\t<\/div>\n\t\t\t\t<\/div>\n\t\t\t\t<div class=\"elementor-element elementor-element-eee93c6 elementor-widget elementor-widget-breadcrumbs\" data-id=\"eee93c6\" data-element_type=\"widget\" data-widget_type=\"breadcrumbs.default\">\n\t\t\t\t<div class=\"elementor-widget-container\">\n\t\t\t\t\t<nav aria-label=\"pan rallado\" class=\"rank-math-breadcrumb\"><p><span class=\"last\">Inicio<\/span><\/p><\/nav>\t\t\t\t<\/div>\n\t\t\t\t<\/div>\n\t\t\t\t<\/div>\n\t\t<div class=\"elementor-element elementor-element-acb531d e-con-full e-flex e-con e-child\" data-id=\"acb531d\" data-element_type=\"container\">\n\t\t\t\t<\/div>\n\t\t\t\t<\/div>\n\t\t\t\t\t<\/div>\n\t\t\t\t<\/div>\n\t\t<div class=\"elementor-element elementor-element-2195dfa e-flex e-con-boxed e-con e-parent\" data-id=\"2195dfa\" data-element_type=\"container\">\n\t\t\t\t\t<div class=\"e-con-inner\">\n\t\t\t\t<div class=\"elementor-element elementor-element-1b3995e elementor-widget elementor-widget-text-editor\" data-id=\"1b3995e\" data-element_type=\"widget\" data-widget_type=\"text-editor.default\">\n\t\t\t\t<div class=\"elementor-widget-container\">\n\t\t\t\t\t\t\t\t\t<p>Mekel ha sido una fuerza motriz en la revoluci\u00f3n del VE desde <strong>2015<\/strong>. Como profesional <strong>Accesorios y equipos de recarga de veh\u00edculos el\u00e9ctricos <\/strong>fabricante y proveedor mundial con sede en <strong>Shanghai<\/strong>con oficinas estrat\u00e9gicas en <strong>Shenzhen<\/strong> y <strong>Singapur<\/strong>Hemos ayudado a clientes de m\u00e1s de <strong>50<\/strong> pa\u00edses superen los principales obst\u00e1culos a la adopci\u00f3n del VE.<\/p><p>Como proveedor integral de recarga de veh\u00edculos el\u00e9ctricos, ofrecemos m\u00e1s que piezas y accesorios estandarizados. Proporcionamos soluciones integrales: <strong>suministro completo, personalizaci\u00f3n y OEM\/ODM<\/strong>SDK y soporte t\u00e9cnico, servicio profesional de atenci\u00f3n al cliente y log\u00edstica global.<\/p><p>A continuaci\u00f3n se muestran los resultados tangibles de nuestro modelo de asociaci\u00f3n. Descubra c\u00f3mo empresas de todo el mundo han aprovechado la experiencia, los procesos de fabricaci\u00f3n flexibles y el apoyo inquebrantable de MekelTech para alcanzar sus objetivos.<\/p><p>Explore estas historias de \u00e9xito reales para saber c\u00f3mo MekelTech puede ser el catalizador para hacer realidad sus sue\u00f1os de recarga de VE. Estamos comprometidos con su satisfacci\u00f3n y con la creaci\u00f3n de asociaciones duraderas que impulsen el crecimiento del sector.<\/p>\t\t\t\t\t\t\t\t<\/div>\n\t\t\t\t<\/div>\n\t\t\t\t<div class=\"elementor-element elementor-element-d66edd7 e-n-tabs-mobile elementor-widget elementor-widget-n-tabs\" data-id=\"d66edd7\" data-element_type=\"widget\" data-settings=\"{&quot;horizontal_scroll&quot;:&quot;disable&quot;}\" data-widget_type=\"nested-tabs.default\">\n\t\t\t\t<div class=\"elementor-widget-container\">\n\t\t\t\t\t\t\t<div class=\"e-n-tabs\" data-widget-number=\"224849367\" aria-label=\"Schede. Apri gli elementi con Invio o Spazio, chiudili con Esc e naviga con i tasti freccia.\">\n\t\t\t<div class=\"e-n-tabs-heading\" role=\"tablist\">\n\t\t\t\t\t<button id=\"e-n-tab-title-2248493671\" data-tab-title-id=\"e-n-tab-title-2248493671\" class=\"e-n-tab-title\" aria-selected=\"true\" data-tab-index=\"1\" role=\"tab\" tabindex=\"0\" aria-controls=\"e-n-tab-content-2248493671\" style=\"--n-tabs-title-order: 1;\">\n\t\t\t\t\t\t<span class=\"e-n-tab-title-text\">\n\t\t\t\tOEM\/ODM\t\t\t<\/span>\n\t\t<\/button>\n\t\t\t\t<button id=\"e-n-tab-title-2248493672\" data-tab-title-id=\"e-n-tab-title-2248493672\" class=\"e-n-tab-title\" aria-selected=\"false\" data-tab-index=\"2\" role=\"tab\" tabindex=\"-1\" aria-controls=\"e-n-tab-content-2248493672\" style=\"--n-tabs-title-order: 2;\">\n\t\t\t\t\t\t<span class=\"e-n-tab-title-text\">\n\t\t\t\tMayorista\/Minorista\t\t\t<\/span>\n\t\t<\/button>\n\t\t\t\t\t<\/div>\n\t\t\t<div class=\"e-n-tabs-content\">\n\t\t\t\t<div id=\"e-n-tab-content-2248493671\" role=\"tabpanel\" aria-labelledby=\"e-n-tab-title-2248493671\" data-tab-index=\"1\" style=\"--n-tabs-title-order: 1;\" class=\"e-active elementor-element elementor-element-581622f e-con-full e-flex e-con e-child\" data-id=\"581622f\" data-element_type=\"container\">\n\t\t\t\t<div class=\"elementor-element elementor-element-bf65b28 elementor-grid-3 elementor-grid-tablet-2 elementor-grid-mobile-1 elementor-posts--thumbnail-top elementor-widget elementor-widget-posts\" data-id=\"bf65b28\" data-element_type=\"widget\" data-settings=\"{&quot;classic_columns&quot;:&quot;3&quot;,&quot;classic_columns_tablet&quot;:&quot;2&quot;,&quot;classic_columns_mobile&quot;:&quot;1&quot;,&quot;classic_row_gap&quot;:{&quot;unit&quot;:&quot;px&quot;,&quot;size&quot;:35,&quot;sizes&quot;:[]},&quot;classic_row_gap_tablet&quot;:{&quot;unit&quot;:&quot;px&quot;,&quot;size&quot;:&quot;&quot;,&quot;sizes&quot;:[]},&quot;classic_row_gap_mobile&quot;:{&quot;unit&quot;:&quot;px&quot;,&quot;size&quot;:&quot;&quot;,&quot;sizes&quot;:[]}}\" data-widget_type=\"posts.classic\">\n\t\t\t\t<div class=\"elementor-widget-container\">\n\t\t\t\t\t\t\t<div class=\"elementor-posts-container elementor-posts elementor-posts--skin-classic elementor-grid\" role=\"list\">\n\t\t\t\t<article class=\"elementor-post elementor-grid-item post-4394 post type-post status-publish format-standard has-post-thumbnail hentry category-case-studies category-oem-odm\" role=\"listitem\">\n\t\t\t\t<a class=\"elementor-post__thumbnail__link\" href=\"https:\/\/www.mekeltech.com\/es\/ev-charging-accessories-for-european-ev-manufacturer\/\" tabindex=\"-1\" >\n\t\t\t<div class=\"elementor-post__thumbnail\"><img fetchpriority=\"high\" decoding=\"async\" width=\"800\" height=\"600\" src=\"https:\/\/www.mekeltech.com\/wp-content\/uploads\/2025\/05\/17.webp\" class=\"attachment-full size-full wp-image-3480\" alt=\"Accesorios para recarga de veh\u00edculos el\u00e9ctricos\" srcset=\"https:\/\/www.mekeltech.com\/wp-content\/uploads\/2025\/05\/17.webp 800w, https:\/\/www.mekeltech.com\/wp-content\/uploads\/2025\/05\/17-300x225.webp 300w, https:\/\/www.mekeltech.com\/wp-content\/uploads\/2025\/05\/17-768x576.webp 768w\" sizes=\"(max-width: 800px) 100vw, 800px\" \/><\/div>\n\t\t<\/a>\n\t\t\t\t<div class=\"elementor-post__text\">\n\t\t\t\t<h2 class=\"elementor-post__title\">\n\t\t\t<a href=\"https:\/\/www.mekeltech.com\/es\/ev-charging-accessories-for-european-ev-manufacturer\/\" >\n\t\t\t\tAccesorios de recarga para fabricantes europeos de veh\u00edculos el\u00e9ctricos\t\t\t<\/a>\n\t\t<\/h2>\n\t\t\t\t<div class=\"elementor-post__meta-data\">\n\t\t\t\t\t<span class=\"elementor-post-date\">\n\t\t\t10 de junio de 2025\t\t<\/span>\n\t\t\t\t<\/div>\n\t\t\t\t<div class=\"elementor-post__excerpt\">\n\t\t\t<p>El cliente es un prometedor fabricante europeo de veh\u00edculos el\u00e9ctricos que se dedica a la producci\u00f3n de veh\u00edculos de lujo de gama alta y que valora la calidad del producto y el buen gusto est\u00e9tico como sus principales prioridades. Mekel se asoci\u00f3 estrat\u00e9gicamente con el cliente para suministrarle accesorios para veh\u00edculos el\u00e9ctricos, desde estaciones de carga hasta cables.<\/p>\n\t\t<\/div>\n\t\t\n\t\t<a class=\"elementor-post__read-more\" href=\"https:\/\/www.mekeltech.com\/es\/ev-charging-accessories-for-european-ev-manufacturer\/\" aria-label=\"M\u00e1s informaci\u00f3n sobre EV Charging Accessories for European EV Manufacturer\" tabindex=\"-1\" >\n\t\t\tLeer M\u00e1s \"\t\t<\/a>\n\n\t\t\t\t<\/div>\n\t\t\t\t<\/article>\n\t\t\t\t<\/div>\n\t\t\n\t\t\t\t\t\t<\/div>\n\t\t\t\t<\/div>\n\t\t\t\t<\/div>\n\t\t<div id=\"e-n-tab-content-2248493672\" role=\"tabpanel\" aria-labelledby=\"e-n-tab-title-2248493672\" data-tab-index=\"2\" style=\"--n-tabs-title-order: 2;\" class=\"elementor-element elementor-element-b646687 e-con-full e-flex e-con e-child\" data-id=\"b646687\" data-element_type=\"container\">\n\t\t\t\t<div class=\"elementor-element elementor-element-f1f13c6 elementor-grid-3 elementor-grid-tablet-2 elementor-grid-mobile-1 elementor-posts--thumbnail-top elementor-widget elementor-widget-posts\" data-id=\"f1f13c6\" data-element_type=\"widget\" data-settings=\"{&quot;classic_columns&quot;:&quot;3&quot;,&quot;classic_columns_tablet&quot;:&quot;2&quot;,&quot;classic_columns_mobile&quot;:&quot;1&quot;,&quot;classic_row_gap&quot;:{&quot;unit&quot;:&quot;px&quot;,&quot;size&quot;:35,&quot;sizes&quot;:[]},&quot;classic_row_gap_tablet&quot;:{&quot;unit&quot;:&quot;px&quot;,&quot;size&quot;:&quot;&quot;,&quot;sizes&quot;:[]},&quot;classic_row_gap_mobile&quot;:{&quot;unit&quot;:&quot;px&quot;,&quot;size&quot;:&quot;&quot;,&quot;sizes&quot;:[]}}\" data-widget_type=\"posts.classic\">\n\t\t\t\t<div class=\"elementor-widget-container\">\n\t\t\t\t\t\t\t<div class=\"elementor-posts-container elementor-posts elementor-posts--skin-classic elementor-grid\" role=\"list\">\n\t\t\t\t<article class=\"elementor-post elementor-grid-item post-4402 post type-post status-publish format-standard has-post-thumbnail hentry category-case-studies category-wholesaler-retailer\" role=\"listitem\">\n\t\t\t\t<a class=\"elementor-post__thumbnail__link\" href=\"https:\/\/www.mekeltech.com\/es\/ev-charging-accessories-for-auto-parts-distributor-in-uae\/\" tabindex=\"-1\" >\n\t\t\t<div class=\"elementor-post__thumbnail\"><img decoding=\"async\" width=\"800\" height=\"800\" src=\"https:\/\/www.mekeltech.com\/wp-content\/uploads\/2025\/04\/124.webp\" class=\"attachment-full size-full wp-image-3496\" alt=\"Adaptador CCS2 a GBT DC\" srcset=\"https:\/\/www.mekeltech.com\/wp-content\/uploads\/2025\/04\/124.webp 800w, https:\/\/www.mekeltech.com\/wp-content\/uploads\/2025\/04\/124-300x300.webp 300w, https:\/\/www.mekeltech.com\/wp-content\/uploads\/2025\/04\/124-150x150.webp 150w, https:\/\/www.mekeltech.com\/wp-content\/uploads\/2025\/04\/124-768x768.webp 768w\" sizes=\"(max-width: 800px) 100vw, 800px\" \/><\/div>\n\t\t<\/a>\n\t\t\t\t<div class=\"elementor-post__text\">\n\t\t\t\t<h2 class=\"elementor-post__title\">\n\t\t\t<a href=\"https:\/\/www.mekeltech.com\/es\/ev-charging-accessories-for-auto-parts-distributor-in-uae\/\" >\n\t\t\t\tAccesorios de recarga de veh\u00edculos el\u00e9ctricos para distribuidores de piezas de autom\u00f3viles en los EAU\t\t\t<\/a>\n\t\t<\/h2>\n\t\t\t\t<div class=\"elementor-post__meta-data\">\n\t\t\t\t\t<span class=\"elementor-post-date\">\n\t\t\t12 de junio de 2025\t\t<\/span>\n\t\t\t\t<\/div>\n\t\t\t\t<div class=\"elementor-post__excerpt\">\n\t\t\t<p>El cliente es un importante distribuidor de piezas de autom\u00f3vil con tiendas f\u00edsicas en Dubai, Abu Dhabi y Sharjah.   Las ventas de veh\u00edculos el\u00e9ctricos en los EAU aumentaron considerablemente el a\u00f1o pasado con el incremento de las importaciones de veh\u00edculos el\u00e9ctricos procedentes de China, la UE y Jap\u00f3n. El equipo de producto del cliente eligi\u00f3 r\u00e1pidamente<\/p>\n\t\t<\/div>\n\t\t\n\t\t<a class=\"elementor-post__read-more\" href=\"https:\/\/www.mekeltech.com\/es\/ev-charging-accessories-for-auto-parts-distributor-in-uae\/\" aria-label=\"M\u00e1s informaci\u00f3n sobre EV Charging Accessories for Auto Parts Distributor in UAE\" tabindex=\"-1\" >\n\t\t\tLeer M\u00e1s \"\t\t<\/a>\n\n\t\t\t\t<\/div>\n\t\t\t\t<\/article>\n\t\t\t\t<article class=\"elementor-post elementor-grid-item post-4400 post type-post status-publish format-standard has-post-thumbnail hentry category-case-studies category-wholesaler-retailer\" role=\"listitem\">\n\t\t\t\t<a class=\"elementor-post__thumbnail__link\" href=\"https:\/\/www.mekeltech.com\/es\/ev-charging-accessories-for-large-scale-wholesaler-in-germany\/\" tabindex=\"-1\" >\n\t\t\t<div class=\"elementor-post__thumbnail\"><img decoding=\"async\" width=\"612\" height=\"408\" src=\"https:\/\/www.mekeltech.com\/wp-content\/uploads\/2025\/06\/istockphoto-1292252309-612x612-1.jpg\" class=\"attachment-full size-full wp-image-3822\" alt=\"cable de carga ev\" srcset=\"https:\/\/www.mekeltech.com\/wp-content\/uploads\/2025\/06\/istockphoto-1292252309-612x612-1.jpg 612w, https:\/\/www.mekeltech.com\/wp-content\/uploads\/2025\/06\/istockphoto-1292252309-612x612-1-300x200.jpg 300w\" sizes=\"(max-width: 612px) 100vw, 612px\" \/><\/div>\n\t\t<\/a>\n\t\t\t\t<div class=\"elementor-post__text\">\n\t\t\t\t<h2 class=\"elementor-post__title\">\n\t\t\t<a href=\"https:\/\/www.mekeltech.com\/es\/ev-charging-accessories-for-large-scale-wholesaler-in-germany\/\" >\n\t\t\t\tAccesorios de recarga de VE para un gran mayorista en Alemania\t\t\t<\/a>\n\t\t<\/h2>\n\t\t\t\t<div class=\"elementor-post__meta-data\">\n\t\t\t\t\t<span class=\"elementor-post-date\">\n\t\t\t11 de junio de 2025\t\t<\/span>\n\t\t\t\t<\/div>\n\t\t\t\t<div class=\"elementor-post__excerpt\">\n\t\t\t<p>El cliente es un importante mayorista de Alemania que distribuye desde art\u00edculos de primera necesidad para el hogar hasta aparatos electr\u00f3nicos. En vista del r\u00e1pido crecimiento de la demanda de electrodom\u00e9sticos relacionados con los veh\u00edculos el\u00e9ctricos en Alemania, el cliente seleccion\u00f3 a Mekel como su socio ODM para desarrollar y fabricar cargadores dom\u00e9sticos para veh\u00edculos el\u00e9ctricos.<\/p>\n\t\t<\/div>\n\t\t\n\t\t<a class=\"elementor-post__read-more\" href=\"https:\/\/www.mekeltech.com\/es\/ev-charging-accessories-for-large-scale-wholesaler-in-germany\/\" aria-label=\"M\u00e1s informaci\u00f3n sobre EV Charging Accessories for Large-scale Wholesaler in Germany\" tabindex=\"-1\" >\n\t\t\tLeer M\u00e1s \"\t\t<\/a>\n\n\t\t\t\t<\/div>\n\t\t\t\t<\/article>\n\t\t\t\t<article class=\"elementor-post elementor-grid-item post-4390 post type-post status-publish format-standard has-post-thumbnail hentry category-case-studies category-wholesaler-retailer\" role=\"listitem\">\n\t\t\t\t<a class=\"elementor-post__thumbnail__link\" href=\"https:\/\/www.mekeltech.com\/es\/custom-v2l-accessories-solution-powers-south-american-ev-importer\/\" tabindex=\"-1\" >\n\t\t\t<div class=\"elementor-post__thumbnail\"><img loading=\"lazy\" decoding=\"async\" width=\"1280\" height=\"960\" src=\"https:\/\/www.mekeltech.com\/wp-content\/uploads\/2025\/06\/2.jpeg\" class=\"attachment-full size-full wp-image-4418\" alt=\"Estaci\u00f3n de carga para veh\u00edculos el\u00e9ctricos\" srcset=\"https:\/\/www.mekeltech.com\/wp-content\/uploads\/2025\/06\/2.jpeg 1280w, https:\/\/www.mekeltech.com\/wp-content\/uploads\/2025\/06\/2-300x225.jpeg 300w, https:\/\/www.mekeltech.com\/wp-content\/uploads\/2025\/06\/2-1024x768.jpeg 1024w, https:\/\/www.mekeltech.com\/wp-content\/uploads\/2025\/06\/2-768x576.jpeg 768w, https:\/\/www.mekeltech.com\/wp-content\/uploads\/2025\/06\/2-16x12.jpeg 16w\" sizes=\"(max-width: 1280px) 100vw, 1280px\" \/><\/div>\n\t\t<\/a>\n\t\t\t\t<div class=\"elementor-post__text\">\n\t\t\t\t<h2 class=\"elementor-post__title\">\n\t\t\t<a href=\"https:\/\/www.mekeltech.com\/es\/custom-v2l-accessories-solution-powers-south-american-ev-importer\/\" >\n\t\t\t\tUna soluci\u00f3n de accesorios V2L a medida impulsa a un importador sudamericano de veh\u00edculos el\u00e9ctricos\t\t\t<\/a>\n\t\t<\/h2>\n\t\t\t\t<div class=\"elementor-post__meta-data\">\n\t\t\t\t\t<span class=\"elementor-post-date\">\n\t\t\t9 de junio de 2025\t\t<\/span>\n\t\t\t\t<\/div>\n\t\t\t\t<div class=\"elementor-post__excerpt\">\n\t\t\t<p>El cliente es un gran importador de veh\u00edculos el\u00e9ctricos en Sudam\u00e9rica y quer\u00eda incluir accesorios V2L en cada venta de veh\u00edculos para atraer a clientes activos en exteriores. El cliente se puso en contacto con Mekel en relaci\u00f3n con un pedido personalizado y exigi\u00f3 un plazo exigente de<\/p>\n\t\t<\/div>\n\t\t\n\t\t<a class=\"elementor-post__read-more\" href=\"https:\/\/www.mekeltech.com\/es\/custom-v2l-accessories-solution-powers-south-american-ev-importer\/\" aria-label=\"M\u00e1s informaci\u00f3n sobre Custom V2L Accessories Solution Powers South American EV Importer\" tabindex=\"-1\" >\n\t\t\tLeer M\u00e1s \"\t\t<\/a>\n\n\t\t\t\t<\/div>\n\t\t\t\t<\/article>\n\t\t\t\t<article class=\"elementor-post elementor-grid-item post-4397 post type-post status-publish format-standard has-post-thumbnail hentry category-case-studies category-wholesaler-retailer\" role=\"listitem\">\n\t\t\t\t<a class=\"elementor-post__thumbnail__link\" href=\"https:\/\/www.mekeltech.com\/es\/ev-charging-accessories-for-bulgarian-car-dealership-chain\/\" tabindex=\"-1\" >\n\t\t\t<div class=\"elementor-post__thumbnail\"><img loading=\"lazy\" decoding=\"async\" width=\"1152\" height=\"864\" src=\"https:\/\/www.mekeltech.com\/wp-content\/uploads\/2025\/06\/1.jpeg\" class=\"attachment-full size-full wp-image-4417\" alt=\"Accesorio de carga para veh\u00edculos el\u00e9ctricos\" srcset=\"https:\/\/www.mekeltech.com\/wp-content\/uploads\/2025\/06\/1.jpeg 1152w, https:\/\/www.mekeltech.com\/wp-content\/uploads\/2025\/06\/1-300x225.jpeg 300w, https:\/\/www.mekeltech.com\/wp-content\/uploads\/2025\/06\/1-1024x768.jpeg 1024w, https:\/\/www.mekeltech.com\/wp-content\/uploads\/2025\/06\/1-768x576.jpeg 768w, https:\/\/www.mekeltech.com\/wp-content\/uploads\/2025\/06\/1-16x12.jpeg 16w\" sizes=\"(max-width: 1152px) 100vw, 1152px\" \/><\/div>\n\t\t<\/a>\n\t\t\t\t<div class=\"elementor-post__text\">\n\t\t\t\t<h2 class=\"elementor-post__title\">\n\t\t\t<a href=\"https:\/\/www.mekeltech.com\/es\/ev-charging-accessories-for-bulgarian-car-dealership-chain\/\" >\n\t\t\t\tAccesorios de recarga de VE para la cadena b\u00falgara de concesionarios de autom\u00f3viles\t\t\t<\/a>\n\t\t<\/h2>\n\t\t\t\t<div class=\"elementor-post__meta-data\">\n\t\t\t\t\t<span class=\"elementor-post-date\">\n\t\t\t8 de junio de 2025\t\t<\/span>\n\t\t\t\t<\/div>\n\t\t\t\t<div class=\"elementor-post__excerpt\">\n\t\t\t<p>El cliente es una gran cadena de concesionarios de autom\u00f3viles de Bulgaria que ha experimentado un importante crecimiento en sus ventas de veh\u00edculos el\u00e9ctricos. Tras encontrar problemas de calidad con su proveedor anterior, necesitaba un socio de suministro con m\u00e1s experiencia para dar servicio a su r\u00e1pido crecimiento,<\/p>\n\t\t<\/div>\n\t\t\n\t\t<a class=\"elementor-post__read-more\" href=\"https:\/\/www.mekeltech.com\/es\/ev-charging-accessories-for-bulgarian-car-dealership-chain\/\" aria-label=\"M\u00e1s informaci\u00f3n sobre EV Charging Accessories for Bulgarian Car Dealership Chain\" tabindex=\"-1\" >\n\t\t\tLeer M\u00e1s \"\t\t<\/a>\n\n\t\t\t\t<\/div>\n\t\t\t\t<\/article>\n\t\t\t\t<article class=\"elementor-post elementor-grid-item post-4405 post type-post status-publish format-standard has-post-thumbnail hentry category-case-studies category-wholesaler-retailer\" role=\"listitem\">\n\t\t\t\t<a class=\"elementor-post__thumbnail__link\" href=\"https:\/\/www.mekeltech.com\/es\/home-charging-station-and-accessories-for-e-commerce-retailer-in-thailand\/\" tabindex=\"-1\" >\n\t\t\t<div class=\"elementor-post__thumbnail\"><img loading=\"lazy\" decoding=\"async\" width=\"800\" height=\"800\" src=\"https:\/\/www.mekeltech.com\/wp-content\/uploads\/2025\/05\/115-1.webp\" class=\"attachment-full size-full wp-image-3302\" alt=\"instalar una estaci\u00f3n de recarga para veh\u00edculos el\u00e9ctricos\" srcset=\"https:\/\/www.mekeltech.com\/wp-content\/uploads\/2025\/05\/115-1.webp 800w, https:\/\/www.mekeltech.com\/wp-content\/uploads\/2025\/05\/115-1-300x300.webp 300w, https:\/\/www.mekeltech.com\/wp-content\/uploads\/2025\/05\/115-1-150x150.webp 150w, https:\/\/www.mekeltech.com\/wp-content\/uploads\/2025\/05\/115-1-768x768.webp 768w\" sizes=\"(max-width: 800px) 100vw, 800px\" \/><\/div>\n\t\t<\/a>\n\t\t\t\t<div class=\"elementor-post__text\">\n\t\t\t\t<h2 class=\"elementor-post__title\">\n\t\t\t<a href=\"https:\/\/www.mekeltech.com\/es\/home-charging-station-and-accessories-for-e-commerce-retailer-in-thailand\/\" >\n\t\t\t\tEstaci\u00f3n de carga dom\u00e9stica y accesorios para un minorista de comercio electr\u00f3nico en Tailandia\t\t\t<\/a>\n\t\t<\/h2>\n\t\t\t\t<div class=\"elementor-post__meta-data\">\n\t\t\t\t\t<span class=\"elementor-post-date\">\n\t\t\t7 de junio de 2025\t\t<\/span>\n\t\t\t\t<\/div>\n\t\t\t\t<div class=\"elementor-post__excerpt\">\n\t\t\t<p>El cliente es un conocido minorista de comercio electr\u00f3nico de accesorios relacionados con veh\u00edculos el\u00e9ctricos en Tailandia y tiene millones de ventas anuales en las principales plataformas de comercio electr\u00f3nico, incluidas Sharpee y Lazada. El cliente deseaba a\u00f1adir productos de recarga de veh\u00edculos el\u00e9ctricos a su oferta de productos y buscaba un proveedor con ambas caracter\u00edsticas.<\/p>\n\t\t<\/div>\n\t\t\n\t\t<a class=\"elementor-post__read-more\" href=\"https:\/\/www.mekeltech.com\/es\/home-charging-station-and-accessories-for-e-commerce-retailer-in-thailand\/\" aria-label=\"M\u00e1s informaci\u00f3n sobre Home Charging Station and Accessories for E-commerce Retailer in Thailand\" tabindex=\"-1\" >\n\t\t\tLeer M\u00e1s \"\t\t<\/a>\n\n\t\t\t\t<\/div>\n\t\t\t\t<\/article>\n\t\t\t\t<\/div>\n\t\t\n\t\t\t\t\t\t<\/div>\n\t\t\t\t<\/div>\n\t\t\t\t<\/div>\n\t\t\t\t\t<\/div>\n\t\t<\/div>\n\t\t\t\t\t\t<\/div>\n\t\t\t\t<\/div>\n\t\t\t\t\t<\/div>\n\t\t\t\t<\/div>\n\t\t\t\t<\/div>","protected":false},"excerpt":{"rendered":"<p>Customer Cases Home Mekel has been a driving force in the EV revolution since 2015. As a professional EV charging accessories and equipment manufacturer and global supplier headquartered in Shanghai, with strategic offices in Shenzhen and Singapore, we have helped customers in more than 50 countries overcome key barriers to EV adoption. As your one-stop [&hellip;]<\/p>","protected":false},"author":1,"featured_media":0,"parent":0,"menu_order":0,"comment_status":"closed","ping_status":"closed","template":"","meta":{"_acf_changed":false,"site-sidebar-layout":"no-sidebar","site-content-layout":"page-builder","ast-site-content-layout":"full-width-container","site-content-style":"unboxed","site-sidebar-style":"unboxed","ast-global-header-display":"","ast-banner-title-visibility":"","ast-main-header-display":"","ast-hfb-above-header-display":"","ast-hfb-below-header-display":"","ast-hfb-mobile-header-display":"","site-post-title":"disabled","ast-breadcrumbs-content":"","ast-featured-img":"disabled","footer-sml-layout":"","ast-disable-related-posts":"","theme-transparent-header-meta":"","adv-header-id-meta":"","stick-header-meta":"","header-above-stick-meta":"","header-main-stick-meta":"","header-below-stick-meta":"","astra-migrate-meta-layouts":"set","ast-page-background-enabled":"default","ast-page-background-meta":{"desktop":{"background-color":"","background-image":"","background-repeat":"repeat","background-position":"center center","background-size":"auto","background-attachment":"scroll","background-type":"","background-media":"","overlay-type":"","overlay-color":"","overlay-opacity":"","overlay-gradient":""},"tablet":{"background-color":"","background-image":"","background-repeat":"repeat","background-position":"center center","background-size":"auto","background-attachment":"scroll","background-type":"","background-media":"","overlay-type":"","overlay-color":"","overlay-opacity":"","overlay-gradient":""},"mobile":{"background-color":"","background-image":"","background-repeat":"repeat","background-position":"center center","background-size":"auto","background-attachment":"scroll","background-type":"","background-media":"","overlay-type":"","overlay-color":"","overlay-opacity":"","overlay-gradient":""}},"ast-content-background-meta":{"desktop":{"background-color":"var(--ast-global-color-5)","background-image":"","background-repeat":"repeat","background-position":"center center","background-size":"auto","background-attachment":"scroll","background-type":"","background-media":"","overlay-type":"","overlay-color":"","overlay-opacity":"","overlay-gradient":""},"tablet":{"background-color":"var(--ast-global-color-5)","background-image":"","background-repeat":"repeat","background-position":"center center","background-size":"auto","background-attachment":"scroll","background-type":"","background-media":"","overlay-type":"","overlay-color":"","overlay-opacity":"","overlay-gradient":""},"mobile":{"background-color":"var(--ast-global-color-5)","background-image":"","background-repeat":"repeat","background-position":"center center","background-size":"auto","background-attachment":"scroll","background-type":"","background-media":"","overlay-type":"","overlay-color":"","overlay-opacity":"","overlay-gradient":""}},"footnotes":""},"class_list":["post-2794","page","type-page","status-publish","hentry"],"acf":[],"_links":{"self":[{"href":"https:\/\/www.mekeltech.com\/es\/wp-json\/wp\/v2\/pages\/2794","targetHints":{"allow":["GET"]}}],"collection":[{"href":"https:\/\/www.mekeltech.com\/es\/wp-json\/wp\/v2\/pages"}],"about":[{"href":"https:\/\/www.mekeltech.com\/es\/wp-json\/wp\/v2\/types\/page"}],"author":[{"embeddable":true,"href":"https:\/\/www.mekeltech.com\/es\/wp-json\/wp\/v2\/users\/1"}],"replies":[{"embeddable":true,"href":"https:\/\/www.mekeltech.com\/es\/wp-json\/wp\/v2\/comments?post=2794"}],"version-history":[{"count":63,"href":"https:\/\/www.mekeltech.com\/es\/wp-json\/wp\/v2\/pages\/2794\/revisions"}],"predecessor-version":[{"id":6772,"href":"https:\/\/www.mekeltech.com\/es\/wp-json\/wp\/v2\/pages\/2794\/revisions\/6772"}],"wp:attachment":[{"href":"https:\/\/www.mekeltech.com\/es\/wp-json\/wp\/v2\/media?parent=2794"}],"curies":[{"name":"wp","href":"https:\/\/api.w.org\/{rel}","templated":true}]}}