{"id":6293,"date":"2025-08-19T14:11:01","date_gmt":"2025-08-19T06:11:01","guid":{"rendered":"https:\/\/www.mekeltech.com\/?post_type=product&#038;p=6293"},"modified":"2025-11-07T11:26:58","modified_gmt":"2025-11-07T03:26:58","slug":"mekel-7kw-charging-station-for-hyundai-electric-vehicles","status":"publish","type":"product","link":"https:\/\/www.mekeltech.com\/de\/product\/mekel-7kw-charging-station-for-hyundai-electric-vehicles\/","title":{"rendered":"Mekel 7kW Ladestation f\u00fcr Hyundai Elektrofahrzeuge"},"content":{"rendered":"<div data-elementor-type=\"wp-post\" data-elementor-id=\"6293\" class=\"elementor elementor-6293\" data-elementor-post-type=\"product\">\n\t\t\t\t<div class=\"elementor-element elementor-element-4efdc9a2 e-flex e-con-boxed e-con e-parent\" data-id=\"4efdc9a2\" data-element_type=\"container\">\n\t\t\t\t\t<div class=\"e-con-inner\">\n\t\t\t\t<div class=\"elementor-element elementor-element-86027d2 elementor-widget elementor-widget-heading\" data-id=\"86027d2\" data-element_type=\"widget\" data-widget_type=\"heading.default\">\n\t\t\t\t<div class=\"elementor-widget-container\">\n\t\t\t\t\t<h2 class=\"elementor-heading-title elementor-size-default\">Zuverl\u00e4ssiges und benutzerfreundliches Design<\/h2>\t\t\t\t<\/div>\n\t\t\t\t<\/div>\n\t\t\t\t<div class=\"elementor-element elementor-element-1aee0b14 elementor-widget elementor-widget-text-editor\" data-id=\"1aee0b14\" data-element_type=\"widget\" data-widget_type=\"text-editor.default\">\n\t\t\t\t<div class=\"elementor-widget-container\">\n\t\t\t\t\t\t\t\t\t<p><strong>Kompakte, leistungsstarke AC 7kW-Ladestation, ma\u00dfgeschneidert f\u00fcr Hyundai EVs in privaten und kleinen Gesch\u00e4ftsumgebungen:<\/strong> Die Mekel 7kW-Ladestation f\u00fcr Hyundai-Elektrofahrzeuge ist eine robuste, platzsparende L\u00f6sung, die f\u00fcr eine nahtlose Integration mit allen Hyundai-Elektrofahrzeugmodellen, wie dem IONIQ 5, IONIQ 6, KONA Electric und SANTA FE Plug-in-Hybrid, entwickelt wurde. Sie eignet sich perfekt f\u00fcr Wohngaragen, Wohnkomplexe oder leichte gewerbliche Umgebungen und bietet Hyundai-kompatible Anschl\u00fcsse wie Typ 2, CCS und NACS f\u00fcr globale Kompatibilit\u00e4t. Dieses Ladeger\u00e4t entspricht den Normen IEC 61851-1 und IEC 62196-2 und gew\u00e4hrleistet eine konsistente, hocheffiziente Ladung, die f\u00fcr die hochentwickelte Batterietechnologie von Hyundai optimiert ist und eine verbesserte Energiebereitstellung sowie eine verl\u00e4ngerte Reichweite erm\u00f6glicht.<\/p>\t\t\t\t\t\t\t\t<\/div>\n\t\t\t\t<\/div>\n\t\t\t\t<div class=\"elementor-element elementor-element-18211e0 elementor-widget elementor-widget-heading\" data-id=\"18211e0\" data-element_type=\"widget\" data-widget_type=\"heading.default\">\n\t\t\t\t<div class=\"elementor-widget-container\">\n\t\t\t\t\t<h2 class=\"elementor-heading-title elementor-size-default\">Technische Daten der 7kW-Ladestation f\u00fcr Hyundai-Elektroautos<\/h2>\t\t\t\t<\/div>\n\t\t\t\t<\/div>\n\t\t\t\t<div class=\"elementor-element elementor-element-6f5c225 elementor-widget__width-initial elementor-widget elementor-widget-tablepress-table\" data-id=\"6f5c225\" data-element_type=\"widget\" data-widget_type=\"tablepress-table.default\">\n\t\t\t\t\t\n<table id=\"tablepress-23\" class=\"tablepress tablepress-id-23\">\n<tbody class=\"row-striping row-hover\">\n<tr class=\"row-1\">\n\t<td class=\"column-1\"><strong>Eingangs-\/Ausgangsspannung<\/strong><\/td><td class=\"column-2\">230Vac +15%<\/td>\n<\/tr>\n<tr class=\"row-2\">\n\t<td class=\"column-1\"><strong>Maximaler Ladestrom<\/strong><\/td><td class=\"column-2\">32A (abgestimmt auf die Level-2-Ladeanforderungen von Hyundai) <\/td>\n<\/tr>\n<tr class=\"row-3\">\n\t<td class=\"column-1\"><strong>Betriebsfrequenz<\/strong><\/td><td class=\"column-2\">50Hz<\/td>\n<\/tr>\n<tr class=\"row-4\">\n\t<td class=\"column-1\"><strong>Betriebstemperatur<\/strong><\/td><td class=\"column-2\">-25\u00b0C bis +50\u00b0C<\/td>\n<\/tr>\n<tr class=\"row-5\">\n\t<td class=\"column-1\"><strong>Lagertemperatur<strong><\/td><td class=\"column-2\">-40\u00b0C bis +60\u00b0C<\/td>\n<\/tr>\n<tr class=\"row-6\">\n\t<td class=\"column-1\"><strong>Geh\u00e4use Bewertung<strong><\/td><td class=\"column-2\">IP65 (staubdicht und strahlwassergesch\u00fctzt, ideal f\u00fcr das Aufladen von Hyundai im Freien)  <\/td>\n<\/tr>\n<tr class=\"row-7\">\n\t<td class=\"column-1\"><strong>Installationsoptionen<strong><\/td><td class=\"column-2\">Vielseitige Montage an der Wand oder auf einem Sockel <\/td>\n<\/tr>\n<tr class=\"row-8\">\n\t<td class=\"column-1\"><strong>Abmessungen<strong><\/td><td class=\"column-2\">186 mm x 354 mm x 111 mm <\/td>\n<\/tr>\n<tr class=\"row-9\">\n\t<td class=\"column-1\"><strong>Konnektivit\u00e4t<strong><\/td><td class=\"column-2\">HCI Bluetooth, Wi-Fi, und 4G <\/td>\n<\/tr>\n<tr class=\"row-10\">\n\t<td class=\"column-1\"><strong>Zertifizierung<strong><\/td><td class=\"column-2\">CE-konform<\/td>\n<\/tr>\n<\/tbody>\n<\/table>\n\t\t\t\t<\/div>\n\t\t\t\t<div class=\"elementor-element elementor-element-7ad9a17c elementor-widget__width-inherit elementor-widget elementor-widget-heading\" data-id=\"7ad9a17c\" data-element_type=\"widget\" data-widget_type=\"heading.default\">\n\t\t\t\t<div class=\"elementor-widget-container\">\n\t\t\t\t\t<h2 class=\"elementor-heading-title elementor-size-default\">Erweiterte Sicherheitsmerkmale<\/h2>\t\t\t\t<\/div>\n\t\t\t\t<\/div>\n\t\t\t\t<div class=\"elementor-element elementor-element-323125d7 elementor-widget elementor-widget-text-editor\" data-id=\"323125d7\" data-element_type=\"widget\" data-widget_type=\"text-editor.default\">\n\t\t\t\t<div class=\"elementor-widget-container\">\n\t\t\t\t\t\t\t\t\t<p>Die 7-kW-Ladestation f\u00fcr Hyundai-Elektrofahrzeuge wurde speziell f\u00fcr Besitzer von Hyundai-Elektrofahrzeugen entwickelt und verf\u00fcgt \u00fcber robuste Schutzmechanismen zur Gew\u00e4hrleistung der Fahrzeugsicherheit:<\/p><ul><li>\u00dcber-\/Unterspannungssicherungen<\/li><li>\u00dcberstromschutz<\/li><li>Temperatur\u00fcberwachung mit Auto-Shutdown (Ausl\u00f6sung bei 80\u00b0C, Wiederaufnahme bei 60\u00b0C)<\/li><li>Erkennung von Leckstrom<\/li><li>Relais Bonding Sicherheitssystem<\/li><li>Not-Aus-Funktion<\/li><\/ul>\t\t\t\t\t\t\t\t<\/div>\n\t\t\t\t<\/div>\n\t\t\t\t<div class=\"elementor-element elementor-element-5b959abc elementor-widget__width-inherit elementor-widget elementor-widget-heading\" data-id=\"5b959abc\" data-element_type=\"widget\" data-widget_type=\"heading.default\">\n\t\t\t\t<div class=\"elementor-widget-container\">\n\t\t\t\t\t<h2 class=\"elementor-heading-title elementor-size-default\">Intelligente Lademodi f\u00fcr Hyundai EVs<\/h2>\t\t\t\t<\/div>\n\t\t\t\t<\/div>\n\t\t\t\t<div class=\"elementor-element elementor-element-34c006 elementor-widget elementor-widget-text-editor\" data-id=\"34c006\" data-element_type=\"widget\" data-widget_type=\"text-editor.default\">\n\t\t\t\t<div class=\"elementor-widget-container\">\n\t\t\t\t\t\t\t\t\t<ul><li>Flexible Ladeaktivierung (App oder RFID)<\/li><li>Thermische Echtzeit\u00fcberwachung zum Schutz von Hyundai-Batteriesystemen<\/li><li>Dynamische Stromanpassung zur Anpassung an die Leistungsanforderungen von Hyundai<\/li><li>Anzeigen f\u00fcr den Ladestatus:<br \/><strong>Unt\u00e4tig:<\/strong> Stetig gr\u00fcn<br \/><strong>Verbunden:<\/strong> Gr\u00fcn blinkend<br \/><strong>Aufladen:<\/strong> Blau blinkend<br \/><strong>Erledigt:<\/strong> Stetig blau<br \/><strong>St\u00f6rung:<\/strong> Rot blinkend mit Fehlercodes<\/li><\/ul>\t\t\t\t\t\t\t\t<\/div>\n\t\t\t\t<\/div>\n\t\t\t\t<div class=\"elementor-element elementor-element-6966b969 elementor-widget__width-inherit elementor-widget elementor-widget-heading\" data-id=\"6966b969\" data-element_type=\"widget\" data-widget_type=\"heading.default\">\n\t\t\t\t<div class=\"elementor-widget-container\">\n\t\t\t\t\t<h2 class=\"elementor-heading-title elementor-size-default\">M\u00fchelose, sichere Ladung f\u00fcr Hyundai EVs<\/h2>\t\t\t\t<\/div>\n\t\t\t\t<\/div>\n\t\t\t\t<div class=\"elementor-element elementor-element-1d691e9b elementor-widget elementor-widget-text-editor\" data-id=\"1d691e9b\" data-element_type=\"widget\" data-widget_type=\"text-editor.default\">\n\t\t\t\t<div class=\"elementor-widget-container\">\n\t\t\t\t\t\t\t\t\t<p>Schlie\u00dfen Sie die 7-kW-Ladestation f\u00fcr Hyundai-Elektrofahrzeuge einfach an Ihr Hyundai-Elektrofahrzeug an, und sie beginnt automatisch mit der Stromabgabe und passt sich an die spezifischen Bed\u00fcrfnisse Ihres Fahrzeugs an. Das intelligente System synchronisiert sich mit kompatiblen Apps und erm\u00f6glicht es Hyundai-Besitzern, den Ladevorgang aus der Ferne zu \u00fcberwachen, zu unterbrechen oder zu beenden.<\/p>\t\t\t\t\t\t\t\t<\/div>\n\t\t\t\t<\/div>\n\t\t\t\t<div class=\"elementor-element elementor-element-1ddabbac elementor-widget__width-inherit elementor-widget elementor-widget-heading\" data-id=\"1ddabbac\" data-element_type=\"widget\" data-widget_type=\"heading.default\">\n\t\t\t\t<div class=\"elementor-widget-container\">\n\t\t\t\t\t<h2 class=\"elementor-heading-title elementor-size-default\">Einfache Einrichtung und Bedienung - Schalten Sie Ihren Hyundai ein<\/h2>\t\t\t\t<\/div>\n\t\t\t\t<\/div>\n\t\t\t\t<div class=\"elementor-element elementor-element-33f65ee elementor-widget elementor-widget-text-editor\" data-id=\"33f65ee\" data-element_type=\"widget\" data-widget_type=\"text-editor.default\">\n\t\t\t\t<div class=\"elementor-widget-container\">\n\t\t\t\t\t\t\t\t\t<p>Die 7-kW-Ladestation wurde f\u00fcr eine einfache Installation konzipiert und ist ideal f\u00fcr Hyundai EV-Fahrer. Egal, ob sie an einer Garagenwand montiert oder als freistehende S\u00e4ule im Freien aufgestellt wird, ihr wetterfestes Geh\u00e4use der Schutzart IP65 garantiert Langlebigkeit in jeder Umgebung bei gleichzeitig h\u00f6chster Ladeleistung.<\/p>\t\t\t\t\t\t\t\t<\/div>\n\t\t\t\t<\/div>\n\t\t\t\t<div class=\"elementor-element elementor-element-6265403 elementor-widget elementor-widget-heading\" data-id=\"6265403\" data-element_type=\"widget\" data-widget_type=\"heading.default\">\n\t\t\t\t<div class=\"elementor-widget-container\">\n\t\t\t\t\t<h2 class=\"elementor-heading-title elementor-size-default\">Warum die Mekel 7kW-Ladestation f\u00fcr Ihren Hyundai EV?<\/h2>\t\t\t\t<\/div>\n\t\t\t\t<\/div>\n\t\t\t\t<div class=\"elementor-element elementor-element-6766460 elementor-widget elementor-widget-text-editor\" data-id=\"6766460\" data-element_type=\"widget\" data-widget_type=\"text-editor.default\">\n\t\t\t\t<div class=\"elementor-widget-container\">\n\t\t\t\t\t\t\t\t\t<ul><li>Zertifizierte Sicherheit: Umfassende Schutzfunktionen f\u00fcr zuverl\u00e4ssiges, t\u00e4gliches Laden von Hyundai EVs.<\/li><li>Intelligente Konnektivit\u00e4t: Verbindet sich mit der \"Homelife\"-App zur Fernsteuerung und erweitert so die vernetzten Funktionen von Hyundai.<\/li><li>Minimalistisches Design: Kein Bildschirm, keine Komplexit\u00e4t - eine zuverl\u00e4ssige, benutzerfreundliche L\u00f6sung f\u00fcr Hyundai Home Charging.<\/li><\/ul>\t\t\t\t\t\t\t\t<\/div>\n\t\t\t\t<\/div>\n\t\t\t\t\t<\/div>\n\t\t\t\t<\/div>\n\t\t\t\t<\/div>","protected":false},"excerpt":{"rendered":"<p>Dependable &amp; User-Friendly Design Compact, High-Performance AC 7kW Charging Station Tailored for Hyundai EVs in Home and Small Business Environments: The Mekel 7kW Charging Station for Hyundai Electric Vehicle is a robust, space-saving solution crafted for seamless integration with all Hyundai electric vehicle models, such as the IONIQ 5, IONIQ 6, KONA Electric, and SANTA [&hellip;]<\/p>","protected":false},"author":5,"featured_media":6294,"menu_order":0,"template":"","format":"standard","meta":{"_acf_changed":false,"site-sidebar-layout":"no-sidebar","site-content-layout":"page-builder","ast-site-content-layout":"full-width-container","site-content-style":"default","site-sidebar-style":"default","ast-global-header-display":"","ast-banner-title-visibility":"","ast-main-header-display":"","ast-hfb-above-header-display":"","ast-hfb-below-header-display":"","ast-hfb-mobile-header-display":"","site-post-title":"disabled","ast-breadcrumbs-content":"","ast-featured-img":"disabled","footer-sml-layout":"","ast-disable-related-posts":"","theme-transparent-header-meta":"","adv-header-id-meta":"","stick-header-meta":"","header-above-stick-meta":"","header-main-stick-meta":"","header-below-stick-meta":"","astra-migrate-meta-layouts":"set","ast-page-background-enabled":"default","ast-page-background-meta":{"desktop":{"background-color":"","background-image":"","background-repeat":"repeat","background-position":"center center","background-size":"auto","background-attachment":"scroll","background-type":"","background-media":"","overlay-type":"","overlay-color":"","overlay-opacity":"","overlay-gradient":""},"tablet":{"background-color":"","background-image":"","background-repeat":"repeat","background-position":"center center","background-size":"auto","background-attachment":"scroll","background-type":"","background-media":"","overlay-type":"","overlay-color":"","overlay-opacity":"","overlay-gradient":""},"mobile":{"background-color":"","background-image":"","background-repeat":"repeat","background-position":"center center","background-size":"auto","background-attachment":"scroll","background-type":"","background-media":"","overlay-type":"","overlay-color":"","overlay-opacity":"","overlay-gradient":""}},"ast-content-background-meta":{"desktop":{"background-color":"var(--ast-global-color-5)","background-image":"","background-repeat":"repeat","background-position":"center center","background-size":"auto","background-attachment":"scroll","background-type":"","background-media":"","overlay-type":"","overlay-color":"","overlay-opacity":"","overlay-gradient":""},"tablet":{"background-color":"var(--ast-global-color-5)","background-image":"","background-repeat":"repeat","background-position":"center center","background-size":"auto","background-attachment":"scroll","background-type":"","background-media":"","overlay-type":"","overlay-color":"","overlay-opacity":"","overlay-gradient":""},"mobile":{"background-color":"var(--ast-global-color-5)","background-image":"","background-repeat":"repeat","background-position":"center center","background-size":"auto","background-attachment":"scroll","background-type":"","background-media":"","overlay-type":"","overlay-color":"","overlay-opacity":"","overlay-gradient":""}},"footnotes":""},"product-category":[86,125],"product-tag":[],"class_list":["post-6293","product","type-product","status-publish","format-standard","has-post-thumbnail","hentry","product-category-charging-stations","product-category-hyundai-charger"],"acf":[],"_links":{"self":[{"href":"https:\/\/www.mekeltech.com\/de\/wp-json\/wp\/v2\/product\/6293","targetHints":{"allow":["GET"]}}],"collection":[{"href":"https:\/\/www.mekeltech.com\/de\/wp-json\/wp\/v2\/product"}],"about":[{"href":"https:\/\/www.mekeltech.com\/de\/wp-json\/wp\/v2\/types\/product"}],"author":[{"embeddable":true,"href":"https:\/\/www.mekeltech.com\/de\/wp-json\/wp\/v2\/users\/5"}],"version-history":[{"count":22,"href":"https:\/\/www.mekeltech.com\/de\/wp-json\/wp\/v2\/product\/6293\/revisions"}],"predecessor-version":[{"id":6804,"href":"https:\/\/www.mekeltech.com\/de\/wp-json\/wp\/v2\/product\/6293\/revisions\/6804"}],"wp:featuredmedia":[{"embeddable":true,"href":"https:\/\/www.mekeltech.com\/de\/wp-json\/wp\/v2\/media\/6294"}],"wp:attachment":[{"href":"https:\/\/www.mekeltech.com\/de\/wp-json\/wp\/v2\/media?parent=6293"}],"wp:term":[{"taxonomy":"product-category","embeddable":true,"href":"https:\/\/www.mekeltech.com\/de\/wp-json\/wp\/v2\/product-category?post=6293"},{"taxonomy":"product-tag","embeddable":true,"href":"https:\/\/www.mekeltech.com\/de\/wp-json\/wp\/v2\/product-tag?post=6293"}],"curies":[{"name":"wp","href":"https:\/\/api.w.org\/{rel}","templated":true}]}}