{"id":6102,"date":"2025-08-18T13:53:59","date_gmt":"2025-08-18T05:53:59","guid":{"rendered":"https:\/\/www.mekeltech.com\/?post_type=product&#038;p=6102"},"modified":"2025-11-07T11:27:38","modified_gmt":"2025-11-07T03:27:38","slug":"mekel-7-11kw-series-charging-station-for-vinfast-electric-vehicles","status":"publish","type":"product","link":"https:\/\/www.mekeltech.com\/de\/product\/mekel-7-11kw-series-charging-station-for-vinfast-electric-vehicles\/","title":{"rendered":"Mekel 7-11kW Series Ladestation f\u00fcr VinFast Elektrofahrzeuge"},"content":{"rendered":"<div data-elementor-type=\"wp-post\" data-elementor-id=\"6102\" class=\"elementor elementor-6102\" data-elementor-post-type=\"product\">\n\t\t\t\t<div class=\"elementor-element elementor-element-760537b3 e-flex e-con-boxed e-con e-parent\" data-id=\"760537b3\" data-element_type=\"container\">\n\t\t\t\t\t<div class=\"e-con-inner\">\n\t\t\t\t<div class=\"elementor-element elementor-element-a938170 elementor-widget elementor-widget-heading\" data-id=\"a938170\" data-element_type=\"widget\" data-widget_type=\"heading.default\">\n\t\t\t\t<div class=\"elementor-widget-container\">\n\t\t\t\t\t<h2 class=\"elementor-heading-title elementor-size-default\">Sicher, effizient und ma\u00dfgeschneidert f\u00fcr VinFast EVs<\/h2>\t\t\t\t<\/div>\n\t\t\t\t<\/div>\n\t\t\t\t<div class=\"elementor-element elementor-element-3e8d232 elementor-widget elementor-widget-text-editor\" data-id=\"3e8d232\" data-element_type=\"widget\" data-widget_type=\"text-editor.default\">\n\t\t\t\t<div class=\"elementor-widget-container\">\n\t\t\t\t\t\t\t\t\t<p><strong>Kompaktes und zuverl\u00e4ssiges Laden f\u00fcr VinFast-Besitzer in H\u00e4usern und Wohnkomplexen:\u00a0<\/strong> Die 7-11 kW-Ladestation von Mekel ist eine elegante, leistungsstarke L\u00f6sung, die f\u00fcr eine nahtlose Kompatibilit\u00e4t mit VinFast-Elektrofahrzeugen, einschlie\u00dflich Modellen wie dem VF e34, VF 8, VF 9 und VF 3, entwickelt wurde. Sie eignet sich perfekt f\u00fcr Hausgaragen, Wohnungskomplexe oder kleine gewerbliche Umgebungen und verf\u00fcgt \u00fcber VinFast-kompatible Typ-2-Anschl\u00fcsse (globale Ladestationsoptionen). Dieses Ladeger\u00e4t entspricht den Normen IEC 61851-1, IEC 61851-21-2, UL 2231 und UL 2594 und liefert zuverl\u00e4ssige, effiziente Ladevorg\u00e4nge, die f\u00fcr die fortschrittlichen Batteriesysteme von VinFast optimiert sind, die Energieversorgung verbessern und eine gr\u00f6\u00dfere Reichweite erm\u00f6glichen.<\/p>\t\t\t\t\t\t\t\t<\/div>\n\t\t\t\t<\/div>\n\t\t\t\t<div class=\"elementor-element elementor-element-d20d2c5 elementor-widget elementor-widget-heading\" data-id=\"d20d2c5\" data-element_type=\"widget\" data-widget_type=\"heading.default\">\n\t\t\t\t<div class=\"elementor-widget-container\">\n\t\t\t\t\t<h2 class=\"elementor-heading-title elementor-size-default\">Die wichtigsten technischen Daten der 7-11kW-Ladestationsserie<\/h2>\t\t\t\t<\/div>\n\t\t\t\t<\/div>\n\t\t\t\t<div class=\"elementor-element elementor-element-7c6e06b elementor-widget__width-initial elementor-widget elementor-widget-tablepress-table\" data-id=\"7c6e06b\" data-element_type=\"widget\" data-widget_type=\"tablepress-table.default\">\n\t\t\t\t\t\n<table id=\"tablepress-19\" class=\"tablepress tablepress-id-19\">\n<tbody class=\"row-striping row-hover\">\n<tr class=\"row-1\">\n\t<td class=\"column-1\"><strong>Eingangs-\/Ausgangsspannung<\/strong><\/td><td class=\"column-2\">230Vac +15%<\/td>\n<\/tr>\n<tr class=\"row-2\">\n\t<td class=\"column-1\"><strong>Max. Ladestrom<\/strong><\/td><td class=\"column-2\">32A (optimiert f\u00fcr die Level-2-Ladeanforderungen von BMW)<\/td>\n<\/tr>\n<tr class=\"row-3\">\n\t<td class=\"column-1\"><strong>Betriebsfrequenz<\/strong><\/td><td class=\"column-2\">50-60Hz<\/td>\n<\/tr>\n<tr class=\"row-4\">\n\t<td class=\"column-1\"><strong>Betriebstemperaturbereich<\/strong><\/td><td class=\"column-2\">-20\u00b0C bis +50\u00b0C<\/td>\n<\/tr>\n<tr class=\"row-5\">\n\t<td class=\"column-1\"><strong>Lagertemperaturbereich<strong><\/td><td class=\"column-2\">-45\u00b0C bis +60\u00b0C<\/td>\n<\/tr>\n<tr class=\"row-6\">\n\t<td class=\"column-1\"><strong>Geh\u00e4use Bewertung<strong><\/td><td class=\"column-2\">IP55 (staubdicht und strahlwassergesch\u00fctzt, ideal f\u00fcr das Laden von BMW im Freien)<\/td>\n<\/tr>\n<tr class=\"row-7\">\n\t<td class=\"column-1\"><strong>Einrichtung<strong><\/td><td class=\"column-2\">Flexible Aufstellung an der Wand oder auf einem Sockel<\/td>\n<\/tr>\n<tr class=\"row-8\">\n\t<td class=\"column-1\"><strong>Abmessungen<strong><\/td><td class=\"column-2\">196 mm x 320 mm x 97 mm<\/td>\n<\/tr>\n<tr class=\"row-9\">\n\t<td class=\"column-1\"><strong>Konnektivit\u00e4t<strong><\/td><td class=\"column-2\">Funktionen der intelligenten Ladestation mit HCI Bluetooth<\/td>\n<\/tr>\n<tr class=\"row-10\">\n\t<td class=\"column-1\"><strong>Zertifizierung<strong><\/td><td class=\"column-2\">CE-konform<\/td>\n<\/tr>\n<\/tbody>\n<\/table>\n\t\t\t\t<\/div>\n\t\t\t\t<div class=\"elementor-element elementor-element-bbbdb05 elementor-widget elementor-widget-heading\" data-id=\"bbbdb05\" data-element_type=\"widget\" data-widget_type=\"heading.default\">\n\t\t\t\t<div class=\"elementor-widget-container\">\n\t\t\t\t\t<h2 class=\"elementor-heading-title elementor-size-default\">Eingebaute, mehrschichtige Sicherheitsmerkmale<\/h2>\t\t\t\t<\/div>\n\t\t\t\t<\/div>\n\t\t\t\t<div class=\"elementor-element elementor-element-642b18e elementor-widget elementor-widget-text-editor\" data-id=\"642b18e\" data-element_type=\"widget\" data-widget_type=\"text-editor.default\">\n\t\t\t\t<div class=\"elementor-widget-container\">\n\t\t\t\t\t\t\t\t\t<p>Die f\u00fcr VinFast EV-Besitzer entwickelte Ladestation der Serie 7-11 kW verf\u00fcgt \u00fcber robuste Schutzvorrichtungen zur Gew\u00e4hrleistung der Fahrzeugsicherheit:<\/p><ul><li>\u00dcber-\/Unterspannungsschutz<\/li><li>\u00dcberstrombegrenzung<\/li><li>Ableitstromschutz<\/li><\/ul>\t\t\t\t\t\t\t\t<\/div>\n\t\t\t\t<\/div>\n\t\t\t\t<div class=\"elementor-element elementor-element-1e2a967 elementor-widget elementor-widget-heading\" data-id=\"1e2a967\" data-element_type=\"widget\" data-widget_type=\"heading.default\">\n\t\t\t\t<div class=\"elementor-widget-container\">\n\t\t\t\t\t<h2 class=\"elementor-heading-title elementor-size-default\">M\u00fchelose und sichere Aufladung f\u00fcr VinFast EVs<\/h2>\t\t\t\t<\/div>\n\t\t\t\t<\/div>\n\t\t\t\t<div class=\"elementor-element elementor-element-000673b elementor-widget elementor-widget-text-editor\" data-id=\"000673b\" data-element_type=\"widget\" data-widget_type=\"text-editor.default\">\n\t\t\t\t<div class=\"elementor-widget-container\">\n\t\t\t\t\t\t\t\t\t<p>Schlie\u00dfen Sie die 7-11-kW-Ladestation an Ihr VinFast EV an, und sie beginnt automatisch mit der Stromabgabe und passt sich an die spezifischen Anforderungen Ihres Fahrzeugs an. Das integrierte intelligente System synchronisiert sich mit der \"Homelife\"-App und erm\u00f6glicht es VinFast-Besitzern, Ladevorg\u00e4nge aus der Ferne zu \u00fcberwachen, zu planen oder zu pausieren, um Komfort und optimale Batterieleistung mit minimalem Aufwand zu gew\u00e4hrleisten.<\/p>\t\t\t\t\t\t\t\t<\/div>\n\t\t\t\t<\/div>\n\t\t\t\t<div class=\"elementor-element elementor-element-e51fef0 elementor-widget elementor-widget-heading\" data-id=\"e51fef0\" data-element_type=\"widget\" data-widget_type=\"heading.default\">\n\t\t\t\t<div class=\"elementor-widget-container\">\n\t\t\t\t\t<h2 class=\"elementor-heading-title elementor-size-default\">Schnelle Installation und zuverl\u00e4ssiger Betrieb f\u00fcr VinFast-Besitzer<\/h2>\t\t\t\t<\/div>\n\t\t\t\t<\/div>\n\t\t\t\t<div class=\"elementor-element elementor-element-5d25084 elementor-widget elementor-widget-text-editor\" data-id=\"5d25084\" data-element_type=\"widget\" data-widget_type=\"text-editor.default\">\n\t\t\t\t<div class=\"elementor-widget-container\">\n\t\t\t\t\t\t\t\t\t<p>F\u00fcr eine schnelle, problemlose Einrichtung konzipiert, ist der <span class=\"text-only\" data-eleid=\"7\">Ladestation der Serie 7-11kw <\/span>ist ideal f\u00fcr VinFast-Fans. Ob an der Wand in der Garage oder als Standfu\u00df im Freien - das wetterfeste Geh\u00e4use nach IP55 garantiert Langlebigkeit, ohne die Ladeeffizienz zu beeintr\u00e4chtigen, und ist damit die perfekte Wahl f\u00fcr das t\u00e4gliche VinFast EV-Laden.<\/p>\t\t\t\t\t\t\t\t<\/div>\n\t\t\t\t<\/div>\n\t\t\t\t<div class=\"elementor-element elementor-element-02493bb elementor-widget elementor-widget-heading\" data-id=\"02493bb\" data-element_type=\"widget\" data-widget_type=\"heading.default\">\n\t\t\t\t<div class=\"elementor-widget-container\">\n\t\t\t\t\t<h2 class=\"elementor-heading-title elementor-size-default\">Warum dieses Mekel w\u00e4hlen <span>7-11kw Serie Ladestation<\/span><span>?<\/span><span><\/span><br><\/h2>\t\t\t\t<\/div>\n\t\t\t\t<\/div>\n\t\t\t\t<div class=\"elementor-element elementor-element-272dcfe elementor-widget elementor-widget-text-editor\" data-id=\"272dcfe\" data-element_type=\"widget\" data-widget_type=\"text-editor.default\">\n\t\t\t\t<div class=\"elementor-widget-container\">\n\t\t\t\t\t\t\t\t\t<ul><li><b><\/b><strong>Zuverl\u00e4ssiges Design der Ladestation<\/strong>: Umfassende Schutzma\u00dfnahmen gew\u00e4hrleisten sicheres, zuverl\u00e4ssiges Laden f\u00fcr die fortschrittlichen EV-Systeme von VinFast.<\/li><li><b><\/b><strong><b>Minimalistisches, VinFast-kompatibles Design<\/b><\/strong>: Die bildschirmlose Bedienung erg\u00e4nzt die moderne \u00c4sthetik von VinFast, ideal f\u00fcr das Aufladen zu Hause.<\/li><li><b><\/b><strong><b>Intelligente Konnektivit\u00e4t<\/b><\/strong>: Die App \"Homelife\" erweitert die vernetzten Funktionen von VinFast und bietet Fernsteuerung und Ladeoptimierung.<\/li><\/ul>\t\t\t\t\t\t\t\t<\/div>\n\t\t\t\t<\/div>\n\t\t\t\t<div class=\"elementor-element elementor-element-761ce281 elementor-widget__width-inherit elementor-widget elementor-widget-heading\" data-id=\"761ce281\" data-element_type=\"widget\" data-widget_type=\"heading.default\">\n\t\t\t\t<div class=\"elementor-widget-container\">\n\t\t\t\t\t<h2 class=\"elementor-heading-title elementor-size-default\">FAQ<\/h2>\t\t\t\t<\/div>\n\t\t\t\t<\/div>\n\t\t\t\t<div class=\"elementor-element elementor-element-29ba8b3e elementor-widget elementor-widget-n-accordion\" data-id=\"29ba8b3e\" data-element_type=\"widget\" data-settings=\"{&quot;default_state&quot;:&quot;expanded&quot;,&quot;max_items_expended&quot;:&quot;one&quot;,&quot;n_accordion_animation_duration&quot;:{&quot;unit&quot;:&quot;ms&quot;,&quot;size&quot;:400,&quot;sizes&quot;:[]}}\" data-widget_type=\"nested-accordion.default\">\n\t\t\t\t<div class=\"elementor-widget-container\">\n\t\t\t\t\t\t\t<div class=\"e-n-accordion\" aria-label=\"Akkordeon. \u00d6ffnen Sie Links mit Enter oder Space, schlie\u00dfen Sie sie mit Escape und navigieren Sie mit den Pfeiltasten.\">\n\t\t\t\t\t\t<details id=\"e-n-accordion-item-7000\" class=\"e-n-accordion-item\" open>\n\t\t\t\t<summary class=\"e-n-accordion-item-title\" data-accordion-index=\"1\" tabindex=\"0\" aria-expanded=\"true\" aria-controls=\"e-n-accordion-item-7000\" >\n\t\t\t\t\t<span class='e-n-accordion-item-title-header'><div class=\"e-n-accordion-item-title-text\"> Wie lange dauert es, einen VinFast EV mit der Mekel-Ladestation der Serie 7-11kw aufzuladen? <\/div><\/span>\n\t\t\t\t\t\t\t<span class='e-n-accordion-item-title-icon'>\n\t\t\t<span class='e-opened' ><svg aria-hidden=\"true\" class=\"e-font-icon-svg e-fas-minus\" viewbox=\"0 0 448 512\" xmlns=\"http:\/\/www.w3.org\/2000\/svg\"><path d=\"M416 208H32c-17.67 0-32 14.33-32 32v32c0 17.67 14.33 32 32 32h384c17.67 0 32-14.33 32-32v-32c0-17.67-14.33-32-32-32z\"><\/path><\/svg><\/span>\n\t\t\t<span class='e-closed'><svg aria-hidden=\"true\" class=\"e-font-icon-svg e-fas-plus\" viewbox=\"0 0 448 512\" xmlns=\"http:\/\/www.w3.org\/2000\/svg\"><path d=\"M416 208H272V64c0-17.67-14.33-32-32-32h-32c-17.67 0-32 14.33-32 32v144H32c-17.67 0-32 14.33-32 32v32c0 17.67 14.33 32 32 32h144v144c0 17.67 14.33 32 32 32h32c17.67 0 32-14.33 32-32V304h144c17.67 0 32-14.33 32-32v-32c0-17.67-14.33-32-32-32z\"><\/path><\/svg><\/span>\n\t\t<\/span>\n\n\t\t\t\t\t\t<\/summary>\n\t\t\t\t<div role=\"region\" aria-labelledby=\"e-n-accordion-item-7000\" class=\"elementor-element elementor-element-54c12bb6 e-con-full e-flex e-con e-child\" data-id=\"54c12bb6\" data-element_type=\"container\">\n\t\t\t\t<div class=\"elementor-element elementor-element-40803e15 elementor-widget__width-inherit elementor-widget elementor-widget-text-editor\" data-id=\"40803e15\" data-element_type=\"widget\" data-widget_type=\"text-editor.default\">\n\t\t\t\t<div class=\"elementor-widget-container\">\n\t\t\t\t\t\t\t\t\t<p>Die 7-11-kW-Ladestation der Serie l\u00e4dt VinFast-Elektrofahrzeuge wie den VF 8 oder den VF e34 in etwa 8 Stunden vollst\u00e4ndig auf, was ideal f\u00fcr das Aufladen \u00fcber Nacht in Privathaushalten oder Wohnkomplexen ist. Bei 22 kW kann die Ladezeit auf 5-6 Stunden reduziert werden, je nach Modell und Batteriekapazit\u00e4t.<\/p>\t\t\t\t\t\t\t\t<\/div>\n\t\t\t\t<\/div>\n\t\t\t\t<\/div>\n\t\t\t\t\t<\/details>\n\t\t\t\t\t\t<details id=\"e-n-accordion-item-7001\" class=\"e-n-accordion-item\" >\n\t\t\t\t<summary class=\"e-n-accordion-item-title\" data-accordion-index=\"2\" tabindex=\"-1\" aria-expanded=\"false\" aria-controls=\"e-n-accordion-item-7001\" >\n\t\t\t\t\t<span class='e-n-accordion-item-title-header'><div class=\"e-n-accordion-item-title-text\"> Wie w\u00e4hle ich zwischen einem Basis- und einem intelligenten Ladeger\u00e4t f\u00fcr mein VinFast EV? <\/div><\/span>\n\t\t\t\t\t\t\t<span class='e-n-accordion-item-title-icon'>\n\t\t\t<span class='e-opened' ><svg aria-hidden=\"true\" class=\"e-font-icon-svg e-fas-minus\" viewbox=\"0 0 448 512\" xmlns=\"http:\/\/www.w3.org\/2000\/svg\"><path d=\"M416 208H32c-17.67 0-32 14.33-32 32v32c0 17.67 14.33 32 32 32h384c17.67 0 32-14.33 32-32v-32c0-17.67-14.33-32-32-32z\"><\/path><\/svg><\/span>\n\t\t\t<span class='e-closed'><svg aria-hidden=\"true\" class=\"e-font-icon-svg e-fas-plus\" viewbox=\"0 0 448 512\" xmlns=\"http:\/\/www.w3.org\/2000\/svg\"><path d=\"M416 208H272V64c0-17.67-14.33-32-32-32h-32c-17.67 0-32 14.33-32 32v144H32c-17.67 0-32 14.33-32 32v32c0 17.67 14.33 32 32 32h144v144c0 17.67 14.33 32 32 32h32c17.67 0 32-14.33 32-32V304h144c17.67 0 32-14.33 32-32v-32c0-17.67-14.33-32-32-32z\"><\/path><\/svg><\/span>\n\t\t<\/span>\n\n\t\t\t\t\t\t<\/summary>\n\t\t\t\t<div role=\"region\" aria-labelledby=\"e-n-accordion-item-7001\" class=\"elementor-element elementor-element-6140541b e-con-full e-flex e-con e-child\" data-id=\"6140541b\" data-element_type=\"container\">\n\t\t\t\t<div class=\"elementor-element elementor-element-122be59 elementor-widget__width-inherit elementor-widget elementor-widget-text-editor\" data-id=\"122be59\" data-element_type=\"widget\" data-widget_type=\"text-editor.default\">\n\t\t\t\t<div class=\"elementor-widget-container\">\n\t\t\t\t\t\t\t\t\t<p>Die Basismodelle sind perfekt f\u00fcr VinFast-Besitzer in Gebieten mit pauschalen Stromtarifen und bieten einfache Plug-and-Play-Funktionalit\u00e4t. Intelligente Ladeger\u00e4te bieten erweiterte Funktionen wie Energieverfolgung, Fernsteuerung \u00fcber die \"Homelife\"-App und Zeitplanung au\u00dferhalb der Spitzenzeiten, ideal f\u00fcr VinFast-Fahrer, die eine bessere Kontrolle w\u00fcnschen, oder f\u00fcr kommerzielle Anwendungen.<\/p>\t\t\t\t\t\t\t\t<\/div>\n\t\t\t\t<\/div>\n\t\t\t\t<\/div>\n\t\t\t\t\t<\/details>\n\t\t\t\t\t\t<details id=\"e-n-accordion-item-7002\" class=\"e-n-accordion-item\" >\n\t\t\t\t<summary class=\"e-n-accordion-item-title\" data-accordion-index=\"3\" tabindex=\"-1\" aria-expanded=\"false\" aria-controls=\"e-n-accordion-item-7002\" >\n\t\t\t\t\t<span class='e-n-accordion-item-title-header'><div class=\"e-n-accordion-item-title-text\"> Sind die Mekel-Ladestationen der Serie 7-11 kW f\u00fcr den t\u00e4glichen Gebrauch von VinFast EV geeignet? <\/div><\/span>\n\t\t\t\t\t\t\t<span class='e-n-accordion-item-title-icon'>\n\t\t\t<span class='e-opened' ><svg aria-hidden=\"true\" class=\"e-font-icon-svg e-fas-minus\" viewbox=\"0 0 448 512\" xmlns=\"http:\/\/www.w3.org\/2000\/svg\"><path d=\"M416 208H32c-17.67 0-32 14.33-32 32v32c0 17.67 14.33 32 32 32h384c17.67 0 32-14.33 32-32v-32c0-17.67-14.33-32-32-32z\"><\/path><\/svg><\/span>\n\t\t\t<span class='e-closed'><svg aria-hidden=\"true\" class=\"e-font-icon-svg e-fas-plus\" viewbox=\"0 0 448 512\" xmlns=\"http:\/\/www.w3.org\/2000\/svg\"><path d=\"M416 208H272V64c0-17.67-14.33-32-32-32h-32c-17.67 0-32 14.33-32 32v144H32c-17.67 0-32 14.33-32 32v32c0 17.67 14.33 32 32 32h144v144c0 17.67 14.33 32 32 32h32c17.67 0 32-14.33 32-32V304h144c17.67 0 32-14.33 32-32v-32c0-17.67-14.33-32-32-32z\"><\/path><\/svg><\/span>\n\t\t<\/span>\n\n\t\t\t\t\t\t<\/summary>\n\t\t\t\t<div role=\"region\" aria-labelledby=\"e-n-accordion-item-7002\" class=\"elementor-element elementor-element-2da2c7fd e-con-full e-flex e-con e-child\" data-id=\"2da2c7fd\" data-element_type=\"container\">\n\t\t\t\t<div class=\"elementor-element elementor-element-23321e88 elementor-widget__width-inherit elementor-widget elementor-widget-text-editor\" data-id=\"23321e88\" data-element_type=\"widget\" data-widget_type=\"text-editor.default\">\n\t\t\t\t<div class=\"elementor-widget-container\">\n\t\t\t\t\t\t\t\t\t<p>Ja, Mekel <span class=\"text-only\" data-eleid=\"7\">Ladestationen der Serie 7-11kw <\/span>sind f\u00fcr eine lange Lebensdauer und eine konstante t\u00e4gliche Aufladung von VinFast EVs ausgelegt, vorausgesetzt, Ihr elektrisches System ist richtig konfiguriert und installiert.<\/p>\t\t\t\t\t\t\t\t<\/div>\n\t\t\t\t<\/div>\n\t\t\t\t<\/div>\n\t\t\t\t\t<\/details>\n\t\t\t\t\t<\/div>\n\t\t\t\t\t\t<\/div>\n\t\t\t\t<\/div>\n\t\t\t\t\t<\/div>\n\t\t\t\t<\/div>\n\t\t\t\t<\/div>","protected":false},"excerpt":{"rendered":"<p>Sicher, effizient &amp; ma\u00dfgeschneidert f\u00fcr VinFast EVs Kompaktes und zuverl\u00e4ssiges Laden f\u00fcr VinFast-Besitzer in H\u00e4usern und Wohnanlagen:  Die 7-11-kW-Ladestation von Mekel ist eine elegante, leistungsstarke L\u00f6sung, die f\u00fcr eine nahtlose Kompatibilit\u00e4t mit VinFast-Elektrofahrzeugen entwickelt wurde, darunter Modelle wie der VF e34, VF 8, VF 9 und VF 3. [...]<\/p>","protected":false},"author":5,"featured_media":6239,"menu_order":0,"template":"","format":"standard","meta":{"_acf_changed":false,"site-sidebar-layout":"no-sidebar","site-content-layout":"page-builder","ast-site-content-layout":"full-width-container","site-content-style":"default","site-sidebar-style":"default","ast-global-header-display":"","ast-banner-title-visibility":"","ast-main-header-display":"","ast-hfb-above-header-display":"","ast-hfb-below-header-display":"","ast-hfb-mobile-header-display":"","site-post-title":"disabled","ast-breadcrumbs-content":"","ast-featured-img":"disabled","footer-sml-layout":"","ast-disable-related-posts":"","theme-transparent-header-meta":"","adv-header-id-meta":"","stick-header-meta":"","header-above-stick-meta":"","header-main-stick-meta":"","header-below-stick-meta":"","astra-migrate-meta-layouts":"set","ast-page-background-enabled":"default","ast-page-background-meta":{"desktop":{"background-color":"","background-image":"","background-repeat":"repeat","background-position":"center center","background-size":"auto","background-attachment":"scroll","background-type":"","background-media":"","overlay-type":"","overlay-color":"","overlay-opacity":"","overlay-gradient":""},"tablet":{"background-color":"","background-image":"","background-repeat":"repeat","background-position":"center center","background-size":"auto","background-attachment":"scroll","background-type":"","background-media":"","overlay-type":"","overlay-color":"","overlay-opacity":"","overlay-gradient":""},"mobile":{"background-color":"","background-image":"","background-repeat":"repeat","background-position":"center center","background-size":"auto","background-attachment":"scroll","background-type":"","background-media":"","overlay-type":"","overlay-color":"","overlay-opacity":"","overlay-gradient":""}},"ast-content-background-meta":{"desktop":{"background-color":"var(--ast-global-color-5)","background-image":"","background-repeat":"repeat","background-position":"center center","background-size":"auto","background-attachment":"scroll","background-type":"","background-media":"","overlay-type":"","overlay-color":"","overlay-opacity":"","overlay-gradient":""},"tablet":{"background-color":"var(--ast-global-color-5)","background-image":"","background-repeat":"repeat","background-position":"center center","background-size":"auto","background-attachment":"scroll","background-type":"","background-media":"","overlay-type":"","overlay-color":"","overlay-opacity":"","overlay-gradient":""},"mobile":{"background-color":"var(--ast-global-color-5)","background-image":"","background-repeat":"repeat","background-position":"center center","background-size":"auto","background-attachment":"scroll","background-type":"","background-media":"","overlay-type":"","overlay-color":"","overlay-opacity":"","overlay-gradient":""}},"footnotes":""},"product-category":[86,123],"product-tag":[],"class_list":["post-6102","product","type-product","status-publish","format-standard","has-post-thumbnail","hentry","product-category-charging-stations","product-category-vinfast-charger"],"acf":[],"_links":{"self":[{"href":"https:\/\/www.mekeltech.com\/de\/wp-json\/wp\/v2\/product\/6102","targetHints":{"allow":["GET"]}}],"collection":[{"href":"https:\/\/www.mekeltech.com\/de\/wp-json\/wp\/v2\/product"}],"about":[{"href":"https:\/\/www.mekeltech.com\/de\/wp-json\/wp\/v2\/types\/product"}],"author":[{"embeddable":true,"href":"https:\/\/www.mekeltech.com\/de\/wp-json\/wp\/v2\/users\/5"}],"version-history":[{"count":36,"href":"https:\/\/www.mekeltech.com\/de\/wp-json\/wp\/v2\/product\/6102\/revisions"}],"predecessor-version":[{"id":6797,"href":"https:\/\/www.mekeltech.com\/de\/wp-json\/wp\/v2\/product\/6102\/revisions\/6797"}],"wp:featuredmedia":[{"embeddable":true,"href":"https:\/\/www.mekeltech.com\/de\/wp-json\/wp\/v2\/media\/6239"}],"wp:attachment":[{"href":"https:\/\/www.mekeltech.com\/de\/wp-json\/wp\/v2\/media?parent=6102"}],"wp:term":[{"taxonomy":"product-category","embeddable":true,"href":"https:\/\/www.mekeltech.com\/de\/wp-json\/wp\/v2\/product-category?post=6102"},{"taxonomy":"product-tag","embeddable":true,"href":"https:\/\/www.mekeltech.com\/de\/wp-json\/wp\/v2\/product-tag?post=6102"}],"curies":[{"name":"wp","href":"https:\/\/api.w.org\/{rel}","templated":true}]}}