{"id":6076,"date":"2025-08-18T11:11:25","date_gmt":"2025-08-18T03:11:25","guid":{"rendered":"https:\/\/www.mekeltech.com\/?post_type=product&#038;p=6076"},"modified":"2025-11-07T11:28:03","modified_gmt":"2025-11-07T03:28:03","slug":"mekel-7-22kw-series-charging-station-for-bmw-evs","status":"publish","type":"product","link":"https:\/\/www.mekeltech.com\/de\/product\/mekel-7-22kw-series-charging-station-for-bmw-evs\/","title":{"rendered":"Mekel 7-22kW Series Ladestation f\u00fcr BMW EVs"},"content":{"rendered":"<div data-elementor-type=\"wp-post\" data-elementor-id=\"6076\" class=\"elementor elementor-6076\" data-elementor-post-type=\"product\">\n\t\t\t\t<div class=\"elementor-element elementor-element-2d6be227 e-flex e-con-boxed e-con e-parent\" data-id=\"2d6be227\" data-element_type=\"container\">\n\t\t\t\t\t<div class=\"e-con-inner\">\n\t\t\t\t<div class=\"elementor-element elementor-element-37021bfc elementor-widget__width-inherit elementor-widget elementor-widget-heading\" data-id=\"37021bfc\" data-element_type=\"widget\" data-widget_type=\"heading.default\">\n\t\t\t\t<div class=\"elementor-widget-container\">\n\t\t\t\t\t<h2 class=\"elementor-heading-title elementor-size-default\">Sicher, effizient und ma\u00dfgeschneidert f\u00fcr BMW EVs<\/h2>\t\t\t\t<\/div>\n\t\t\t\t<\/div>\n\t\t\t\t<div class=\"elementor-element elementor-element-e8dbb4d elementor-widget elementor-widget-text-editor\" data-id=\"e8dbb4d\" data-element_type=\"widget\" data-widget_type=\"text-editor.default\">\n\t\t\t\t<div class=\"elementor-widget-container\">\n\t\t\t\t\t\t\t\t\t<p><strong>Kompaktes und zuverl\u00e4ssiges Aufladen f\u00fcr BMW-Besitzer in H\u00e4usern und Wohnkomplexen:<\/strong> Die Mekel-Ladestation der Serie 7-22 kW f\u00fcr BMW EV ist eine elegante, leistungsstarke L\u00f6sung, die f\u00fcr eine nahtlose Kompatibilit\u00e4t mit BMW-Elektrofahrzeugen, einschlie\u00dflich Modellen wie dem i4, iX, i7 und iX2, entwickelt wurde. Sie wurde f\u00fcr Hausgaragen, Wohnanlagen oder kleine gewerbliche Einrichtungen entwickelt und ist mit BMW-kompatiblen Typ-2-Steckern ausgestattet (mit Typ-1- und NACS-Optionen f\u00fcr globale M\u00e4rkte). Dieses Ladeger\u00e4t entspricht den Normen IEC 61851-1, IEC 61851-21-2, UL 2231 und UL 2594 und gew\u00e4hrleistet ein zuverl\u00e4ssiges, effizientes Laden, das auf die fortschrittlichen Batteriesysteme von BMW zugeschnitten ist, die Energiebereitstellung optimiert und eine gr\u00f6\u00dfere Reichweite erm\u00f6glicht.<\/p>\t\t\t\t\t\t\t\t<\/div>\n\t\t\t\t<\/div>\n\t\t\t\t<div class=\"elementor-element elementor-element-04405c5 elementor-widget elementor-widget-heading\" data-id=\"04405c5\" data-element_type=\"widget\" data-widget_type=\"heading.default\">\n\t\t\t\t<div class=\"elementor-widget-container\">\n\t\t\t\t\t<h2 class=\"elementor-heading-title elementor-size-default\">Technische Daten der Ladestation der Serie 7-22kW<\/h2>\t\t\t\t<\/div>\n\t\t\t\t<\/div>\n\t\t\t\t<div class=\"elementor-element elementor-element-fc7e180 elementor-widget__width-initial elementor-widget elementor-widget-tablepress-table\" data-id=\"fc7e180\" data-element_type=\"widget\" data-widget_type=\"tablepress-table.default\">\n\t\t\t\t\t\n<table id=\"tablepress-21\" class=\"tablepress tablepress-id-21\">\n<tbody class=\"row-striping row-hover\">\n<tr class=\"row-1\">\n\t<td class=\"column-1\"><strong>Eingangs-\/Ausgangsspannung<\/strong><\/td><td class=\"column-2\">230Vac +15%<\/td>\n<\/tr>\n<tr class=\"row-2\">\n\t<td class=\"column-1\"><strong>Max. Ladestrom<\/strong><\/td><td class=\"column-2\">32A<\/td>\n<\/tr>\n<tr class=\"row-3\">\n\t<td class=\"column-1\"><strong>Betriebsfrequenz<\/strong><\/td><td class=\"column-2\">50-60Hz<\/td>\n<\/tr>\n<tr class=\"row-4\">\n\t<td class=\"column-1\"><strong>Betriebstemperaturbereich<\/strong><\/td><td class=\"column-2\">-20\u00b0C bis +50\u00b0C<\/td>\n<\/tr>\n<tr class=\"row-5\">\n\t<td class=\"column-1\"><strong>Lagertemperaturbereich<strong><\/td><td class=\"column-2\">-45\u00b0C bis +60\u00b0C<\/td>\n<\/tr>\n<tr class=\"row-6\">\n\t<td class=\"column-1\"><strong>Geh\u00e4use Bewertung<strong><\/td><td class=\"column-2\">IP55 (wetterfeste Ladestation f\u00fcr den Au\u00dfeneinsatz)<\/td>\n<\/tr>\n<tr class=\"row-7\">\n\t<td class=\"column-1\"><strong>Einrichtung<strong><\/td><td class=\"column-2\">Flexible Aufstellung an der Wand oder auf einem Sockel<\/td>\n<\/tr>\n<tr class=\"row-8\">\n\t<td class=\"column-1\"><strong>Abmessungen<strong><\/td><td class=\"column-2\">196 mm x 320 mm x 97 mm<\/td>\n<\/tr>\n<tr class=\"row-9\">\n\t<td class=\"column-1\"><strong>Konnektivit\u00e4t<strong><\/td><td class=\"column-2\">HCI Bluetooth, Wi-Fi und 4G (f\u00fcr die Integration mit VinFast's App-\u00d6kosystem)<\/td>\n<\/tr>\n<tr class=\"row-10\">\n\t<td class=\"column-1\"><strong>Zertifizierung<strong><\/td><td class=\"column-2\">CE-konform<\/td>\n<\/tr>\n<\/tbody>\n<\/table>\n\t\t\t\t<\/div>\n\t\t\t\t<div class=\"elementor-element elementor-element-4aedccb elementor-widget elementor-widget-heading\" data-id=\"4aedccb\" data-element_type=\"widget\" data-widget_type=\"heading.default\">\n\t\t\t\t<div class=\"elementor-widget-container\">\n\t\t\t\t\t<h2 class=\"elementor-heading-title elementor-size-default\">Eingebaute, mehrschichtige Sicherheitsmerkmale<\/h2>\t\t\t\t<\/div>\n\t\t\t\t<\/div>\n\t\t\t\t<div class=\"elementor-element elementor-element-ed497b1 elementor-widget elementor-widget-text-editor\" data-id=\"ed497b1\" data-element_type=\"widget\" data-widget_type=\"text-editor.default\">\n\t\t\t\t<div class=\"elementor-widget-container\">\n\t\t\t\t\t\t\t\t\t<p>Das Ladeger\u00e4t wurde mit Blick auf die Besitzer von BMW EVs mit 7-22 kW entwickelt und verf\u00fcgt \u00fcber robuste Schutzvorrichtungen, um Ihr Fahrzeug zu sch\u00fctzen:<\/p><ul><li>\u00dcber-\/Unterspannungsschutz<\/li><li>\u00dcberstrombegrenzung<\/li><li>Ableitstromschutz<\/li><\/ul>\t\t\t\t\t\t\t\t<\/div>\n\t\t\t\t<\/div>\n\t\t\t\t<div class=\"elementor-element elementor-element-ecabdd2 elementor-widget elementor-widget-heading\" data-id=\"ecabdd2\" data-element_type=\"widget\" data-widget_type=\"heading.default\">\n\t\t\t\t<div class=\"elementor-widget-container\">\n\t\t\t\t\t<h2 class=\"elementor-heading-title elementor-size-default\">M\u00fchelose und sichere Ladung f\u00fcr BMW EVs<\/h2>\t\t\t\t<\/div>\n\t\t\t\t<\/div>\n\t\t\t\t<div class=\"elementor-element elementor-element-b003b34 elementor-widget elementor-widget-text-editor\" data-id=\"b003b34\" data-element_type=\"widget\" data-widget_type=\"text-editor.default\">\n\t\t\t\t<div class=\"elementor-widget-container\">\n\t\t\t\t\t\t\t\t\t<p>Schlie\u00dfen Sie die Ladestation der Serie 7-22 kW einfach an Ihr BMW EV an, und sie beginnt automatisch mit der Stromabgabe, die sich an die spezifischen Bed\u00fcrfnisse Ihres Fahrzeugs anpasst. Das integrierte intelligente System synchronisiert sich mit der \"Homelife\"-App und erm\u00f6glicht es BMW-Besitzern, Ladevorg\u00e4nge aus der Ferne zu \u00fcberwachen, zu planen oder zu unterbrechen, um Komfort und optimale Batterieleistung mit minimalem Aufwand zu gew\u00e4hrleisten.<\/p>\t\t\t\t\t\t\t\t<\/div>\n\t\t\t\t<\/div>\n\t\t\t\t<div class=\"elementor-element elementor-element-4ab37f3 elementor-widget elementor-widget-heading\" data-id=\"4ab37f3\" data-element_type=\"widget\" data-widget_type=\"heading.default\">\n\t\t\t\t<div class=\"elementor-widget-container\">\n\t\t\t\t\t<h2 class=\"elementor-heading-title elementor-size-default\">Schnelle Installation und zuverl\u00e4ssiger Betrieb f\u00fcr BMW-Besitzer<\/h2>\t\t\t\t<\/div>\n\t\t\t\t<\/div>\n\t\t\t\t<div class=\"elementor-element elementor-element-3099ee4 elementor-widget elementor-widget-text-editor\" data-id=\"3099ee4\" data-element_type=\"widget\" data-widget_type=\"text-editor.default\">\n\t\t\t\t<div class=\"elementor-widget-container\">\n\t\t\t\t\t\t\t\t\t<p>Unsere Ladestationen der Serie 7-22 kW sind f\u00fcr eine schnelle, problemlose Einrichtung konzipiert und perfekt f\u00fcr BMW-Enthusiasten. Ob an der Wand in der Garage oder als Stands\u00e4ule im Freien - das wetterfeste Geh\u00e4use nach IP55 garantiert Langlebigkeit ohne Kompromisse bei der Ladeeffizienz und macht sie zur idealen Wahl f\u00fcr das t\u00e4gliche Aufladen von BMW Fahrzeugen.<\/p>\t\t\t\t\t\t\t\t<\/div>\n\t\t\t\t<\/div>\n\t\t\t\t<div class=\"elementor-element elementor-element-10d4d85 elementor-widget elementor-widget-heading\" data-id=\"10d4d85\" data-element_type=\"widget\" data-widget_type=\"heading.default\">\n\t\t\t\t<div class=\"elementor-widget-container\">\n\t\t\t\t\t<h2 class=\"elementor-heading-title elementor-size-default\">Warum sollten Sie sich f\u00fcr eine 7-22kW-Ladestation f\u00fcr BMW EVs entscheiden?<\/h2>\t\t\t\t<\/div>\n\t\t\t\t<\/div>\n\t\t\t\t<div class=\"elementor-element elementor-element-b8faed9 elementor-widget elementor-widget-text-editor\" data-id=\"b8faed9\" data-element_type=\"widget\" data-widget_type=\"text-editor.default\">\n\t\t\t\t<div class=\"elementor-widget-container\">\n\t\t\t\t\t\t\t\t\t<ul><li><b><\/b><strong>Zertifizierte Sicherheit von Ladestationen<\/strong>: Umfassende Schutzma\u00dfnahmen sorgen f\u00fcr sicheres und zuverl\u00e4ssiges Laden der hochentwickelten EV-Systeme von BMW.<\/li><li><b><\/b><strong><b>Minimalistisches, BMW-kompatibles Design<\/b><\/strong>: Die bildschirmlose Bedienung f\u00fcgt sich nahtlos in die elegante \u00c4sthetik von BMW ein und eignet sich perfekt zum Aufladen zu Hause.<\/li><li><b><\/b><strong><b>Intelligente Konnektivit\u00e4t<\/b><\/strong>: Die App \"Homelife\" erg\u00e4nzt BMW ConnectedDrive und bietet Fernsteuerung und Ladeoptimierung.<\/li><\/ul>\t\t\t\t\t\t\t\t<\/div>\n\t\t\t\t<\/div>\n\t\t\t\t<div class=\"elementor-element elementor-element-63435266 elementor-widget__width-inherit elementor-widget elementor-widget-heading\" data-id=\"63435266\" data-element_type=\"widget\" data-widget_type=\"heading.default\">\n\t\t\t\t<div class=\"elementor-widget-container\">\n\t\t\t\t\t<h2 class=\"elementor-heading-title elementor-size-default\">FAQ<\/h2>\t\t\t\t<\/div>\n\t\t\t\t<\/div>\n\t\t\t\t<div class=\"elementor-element elementor-element-30d54b36 elementor-widget elementor-widget-n-accordion\" data-id=\"30d54b36\" data-element_type=\"widget\" data-settings=\"{&quot;default_state&quot;:&quot;expanded&quot;,&quot;max_items_expended&quot;:&quot;one&quot;,&quot;n_accordion_animation_duration&quot;:{&quot;unit&quot;:&quot;ms&quot;,&quot;size&quot;:400,&quot;sizes&quot;:[]}}\" data-widget_type=\"nested-accordion.default\">\n\t\t\t\t<div class=\"elementor-widget-container\">\n\t\t\t\t\t\t\t<div class=\"e-n-accordion\" aria-label=\"Akkordeon. \u00d6ffnen Sie Links mit Enter oder Space, schlie\u00dfen Sie sie mit Escape und navigieren Sie mit den Pfeiltasten.\">\n\t\t\t\t\t\t<details id=\"e-n-accordion-item-8190\" class=\"e-n-accordion-item\" open>\n\t\t\t\t<summary class=\"e-n-accordion-item-title\" data-accordion-index=\"1\" tabindex=\"0\" aria-expanded=\"true\" aria-controls=\"e-n-accordion-item-8190\" >\n\t\t\t\t\t<span class='e-n-accordion-item-title-header'><div class=\"e-n-accordion-item-title-text\"> Wie lange dauert das Aufladen eines BMW EV mit den Mekel-Ladeger\u00e4ten der Serie 7-22kW? <\/div><\/span>\n\t\t\t\t\t\t\t<span class='e-n-accordion-item-title-icon'>\n\t\t\t<span class='e-opened' ><svg aria-hidden=\"true\" class=\"e-font-icon-svg e-fas-minus\" viewbox=\"0 0 448 512\" xmlns=\"http:\/\/www.w3.org\/2000\/svg\"><path d=\"M416 208H32c-17.67 0-32 14.33-32 32v32c0 17.67 14.33 32 32 32h384c17.67 0 32-14.33 32-32v-32c0-17.67-14.33-32-32-32z\"><\/path><\/svg><\/span>\n\t\t\t<span class='e-closed'><svg aria-hidden=\"true\" class=\"e-font-icon-svg e-fas-plus\" viewbox=\"0 0 448 512\" xmlns=\"http:\/\/www.w3.org\/2000\/svg\"><path d=\"M416 208H272V64c0-17.67-14.33-32-32-32h-32c-17.67 0-32 14.33-32 32v144H32c-17.67 0-32 14.33-32 32v32c0 17.67 14.33 32 32 32h144v144c0 17.67 14.33 32 32 32h32c17.67 0 32-14.33 32-32V304h144c17.67 0 32-14.33 32-32v-32c0-17.67-14.33-32-32-32z\"><\/path><\/svg><\/span>\n\t\t<\/span>\n\n\t\t\t\t\t\t<\/summary>\n\t\t\t\t<div role=\"region\" aria-labelledby=\"e-n-accordion-item-8190\" class=\"elementor-element elementor-element-1764f8f1 e-con-full e-flex e-con e-child\" data-id=\"1764f8f1\" data-element_type=\"container\">\n\t\t\t\t<div class=\"elementor-element elementor-element-11ea3029 elementor-widget__width-inherit elementor-widget elementor-widget-text-editor\" data-id=\"11ea3029\" data-element_type=\"widget\" data-widget_type=\"text-editor.default\">\n\t\t\t\t<div class=\"elementor-widget-container\">\n\t\t\t\t\t\t\t\t\t<p>Die 7-22-kW-Serienladestation f\u00fcr BMW E-Fahrzeuge l\u00e4dt BMW E-Fahrzeuge wie den i4 oder iX in etwa 8 Stunden vollst\u00e4ndig auf und ist damit ideal f\u00fcr das Aufladen \u00fcber Nacht in Privathaushalten oder Wohnanlagen.<\/p>\t\t\t\t\t\t\t\t<\/div>\n\t\t\t\t<\/div>\n\t\t\t\t<\/div>\n\t\t\t\t\t<\/details>\n\t\t\t\t\t\t<details id=\"e-n-accordion-item-8191\" class=\"e-n-accordion-item\" >\n\t\t\t\t<summary class=\"e-n-accordion-item-title\" data-accordion-index=\"2\" tabindex=\"-1\" aria-expanded=\"false\" aria-controls=\"e-n-accordion-item-8191\" >\n\t\t\t\t\t<span class='e-n-accordion-item-title-header'><div class=\"e-n-accordion-item-title-text\"> Wie w\u00e4hle ich zwischen einem Basis- und einem intelligenten Ladeger\u00e4t f\u00fcr meinen BMW EV? <\/div><\/span>\n\t\t\t\t\t\t\t<span class='e-n-accordion-item-title-icon'>\n\t\t\t<span class='e-opened' ><svg aria-hidden=\"true\" class=\"e-font-icon-svg e-fas-minus\" viewbox=\"0 0 448 512\" xmlns=\"http:\/\/www.w3.org\/2000\/svg\"><path d=\"M416 208H32c-17.67 0-32 14.33-32 32v32c0 17.67 14.33 32 32 32h384c17.67 0 32-14.33 32-32v-32c0-17.67-14.33-32-32-32z\"><\/path><\/svg><\/span>\n\t\t\t<span class='e-closed'><svg aria-hidden=\"true\" class=\"e-font-icon-svg e-fas-plus\" viewbox=\"0 0 448 512\" xmlns=\"http:\/\/www.w3.org\/2000\/svg\"><path d=\"M416 208H272V64c0-17.67-14.33-32-32-32h-32c-17.67 0-32 14.33-32 32v144H32c-17.67 0-32 14.33-32 32v32c0 17.67 14.33 32 32 32h144v144c0 17.67 14.33 32 32 32h32c17.67 0 32-14.33 32-32V304h144c17.67 0 32-14.33 32-32v-32c0-17.67-14.33-32-32-32z\"><\/path><\/svg><\/span>\n\t\t<\/span>\n\n\t\t\t\t\t\t<\/summary>\n\t\t\t\t<div role=\"region\" aria-labelledby=\"e-n-accordion-item-8191\" class=\"elementor-element elementor-element-6d6b92a e-con-full e-flex e-con e-child\" data-id=\"6d6b92a\" data-element_type=\"container\">\n\t\t\t\t<div class=\"elementor-element elementor-element-12066cb6 elementor-widget__width-inherit elementor-widget elementor-widget-text-editor\" data-id=\"12066cb6\" data-element_type=\"widget\" data-widget_type=\"text-editor.default\">\n\t\t\t\t<div class=\"elementor-widget-container\">\n\t\t\t\t\t\t\t\t\t<p>Die Basismodelle eignen sich f\u00fcr BMW-Besitzer in Gegenden mit einheitlichen Stromtarifen und bieten einfache Plug-and-Play-Funktionalit\u00e4t. Intelligente Ladeger\u00e4te bieten fortschrittliche Funktionen wie Energieverfolgung, Fernsteuerung \u00fcber die \"Homelife\"-App und Zeitplanung au\u00dferhalb der Spitzenzeiten, ideal f\u00fcr BMW-Fahrer, die mehr Kontrolle w\u00fcnschen, oder f\u00fcr gewerbliche Anwendungen.<\/p>\t\t\t\t\t\t\t\t<\/div>\n\t\t\t\t<\/div>\n\t\t\t\t<\/div>\n\t\t\t\t\t<\/details>\n\t\t\t\t\t\t<details id=\"e-n-accordion-item-8192\" class=\"e-n-accordion-item\" >\n\t\t\t\t<summary class=\"e-n-accordion-item-title\" data-accordion-index=\"3\" tabindex=\"-1\" aria-expanded=\"false\" aria-controls=\"e-n-accordion-item-8192\" >\n\t\t\t\t\t<span class='e-n-accordion-item-title-header'><div class=\"e-n-accordion-item-title-text\">  Sind die Mekel-Ladestationen der Serie 7-22kW f\u00fcr den t\u00e4glichen Gebrauch von BMW EV geeignet? <\/div><\/span>\n\t\t\t\t\t\t\t<span class='e-n-accordion-item-title-icon'>\n\t\t\t<span class='e-opened' ><svg aria-hidden=\"true\" class=\"e-font-icon-svg e-fas-minus\" viewbox=\"0 0 448 512\" xmlns=\"http:\/\/www.w3.org\/2000\/svg\"><path d=\"M416 208H32c-17.67 0-32 14.33-32 32v32c0 17.67 14.33 32 32 32h384c17.67 0 32-14.33 32-32v-32c0-17.67-14.33-32-32-32z\"><\/path><\/svg><\/span>\n\t\t\t<span class='e-closed'><svg aria-hidden=\"true\" class=\"e-font-icon-svg e-fas-plus\" viewbox=\"0 0 448 512\" xmlns=\"http:\/\/www.w3.org\/2000\/svg\"><path d=\"M416 208H272V64c0-17.67-14.33-32-32-32h-32c-17.67 0-32 14.33-32 32v144H32c-17.67 0-32 14.33-32 32v32c0 17.67 14.33 32 32 32h144v144c0 17.67 14.33 32 32 32h32c17.67 0 32-14.33 32-32V304h144c17.67 0 32-14.33 32-32v-32c0-17.67-14.33-32-32-32z\"><\/path><\/svg><\/span>\n\t\t<\/span>\n\n\t\t\t\t\t\t<\/summary>\n\t\t\t\t<div role=\"region\" aria-labelledby=\"e-n-accordion-item-8192\" class=\"elementor-element elementor-element-7671a948 e-con-full e-flex e-con e-child\" data-id=\"7671a948\" data-element_type=\"container\">\n\t\t\t\t<div class=\"elementor-element elementor-element-100dc179 elementor-widget__width-inherit elementor-widget elementor-widget-text-editor\" data-id=\"100dc179\" data-element_type=\"widget\" data-widget_type=\"text-editor.default\">\n\t\t\t\t<div class=\"elementor-widget-container\">\n\t\t\t\t\t\t\t\t\t<p>Ja, die Mekel-Ladestationen der Serie 7-22 kW f\u00fcr BMW E-Fahrzeuge sind f\u00fcr Langlebigkeit und best\u00e4ndiges t\u00e4gliches Laden von BMW E-Fahrzeugen ausgelegt, vorausgesetzt, Ihr elektrisches System ist richtig konfiguriert und installiert.<\/p>\t\t\t\t\t\t\t\t<\/div>\n\t\t\t\t<\/div>\n\t\t\t\t<\/div>\n\t\t\t\t\t<\/details>\n\t\t\t\t\t<\/div>\n\t\t\t\t\t\t<\/div>\n\t\t\t\t<\/div>\n\t\t\t\t\t<\/div>\n\t\t\t\t<\/div>\n\t\t\t\t<\/div>","protected":false},"excerpt":{"rendered":"<p>Safe, Efficient &amp; Tailored for BMW EVs Compact and Reliable Charging for BMW Owners in Homes and Residential Complexes: Mekel\u2019s 7-22kW Series Charging Station for BMW EV is a sleek, high-performance solution crafted for seamless compatibility with BMW electric vehicles, including models like the i4, iX, i7, and iX2. Designed for home garages, apartment complexes, [&hellip;]<\/p>","protected":false},"author":5,"featured_media":6081,"menu_order":0,"template":"","format":"standard","meta":{"_acf_changed":false,"site-sidebar-layout":"no-sidebar","site-content-layout":"page-builder","ast-site-content-layout":"full-width-container","site-content-style":"default","site-sidebar-style":"default","ast-global-header-display":"","ast-banner-title-visibility":"","ast-main-header-display":"","ast-hfb-above-header-display":"","ast-hfb-below-header-display":"","ast-hfb-mobile-header-display":"","site-post-title":"disabled","ast-breadcrumbs-content":"","ast-featured-img":"disabled","footer-sml-layout":"","ast-disable-related-posts":"","theme-transparent-header-meta":"","adv-header-id-meta":"","stick-header-meta":"","header-above-stick-meta":"","header-main-stick-meta":"","header-below-stick-meta":"","astra-migrate-meta-layouts":"set","ast-page-background-enabled":"default","ast-page-background-meta":{"desktop":{"background-color":"","background-image":"","background-repeat":"repeat","background-position":"center center","background-size":"auto","background-attachment":"scroll","background-type":"","background-media":"","overlay-type":"","overlay-color":"","overlay-opacity":"","overlay-gradient":""},"tablet":{"background-color":"","background-image":"","background-repeat":"repeat","background-position":"center center","background-size":"auto","background-attachment":"scroll","background-type":"","background-media":"","overlay-type":"","overlay-color":"","overlay-opacity":"","overlay-gradient":""},"mobile":{"background-color":"","background-image":"","background-repeat":"repeat","background-position":"center center","background-size":"auto","background-attachment":"scroll","background-type":"","background-media":"","overlay-type":"","overlay-color":"","overlay-opacity":"","overlay-gradient":""}},"ast-content-background-meta":{"desktop":{"background-color":"var(--ast-global-color-5)","background-image":"","background-repeat":"repeat","background-position":"center center","background-size":"auto","background-attachment":"scroll","background-type":"","background-media":"","overlay-type":"","overlay-color":"","overlay-opacity":"","overlay-gradient":""},"tablet":{"background-color":"var(--ast-global-color-5)","background-image":"","background-repeat":"repeat","background-position":"center center","background-size":"auto","background-attachment":"scroll","background-type":"","background-media":"","overlay-type":"","overlay-color":"","overlay-opacity":"","overlay-gradient":""},"mobile":{"background-color":"var(--ast-global-color-5)","background-image":"","background-repeat":"repeat","background-position":"center center","background-size":"auto","background-attachment":"scroll","background-type":"","background-media":"","overlay-type":"","overlay-color":"","overlay-opacity":"","overlay-gradient":""}},"footnotes":""},"product-category":[128,86],"product-tag":[],"class_list":["post-6076","product","type-product","status-publish","format-standard","has-post-thumbnail","hentry","product-category-bmw-charger","product-category-charging-stations"],"acf":[],"_links":{"self":[{"href":"https:\/\/www.mekeltech.com\/de\/wp-json\/wp\/v2\/product\/6076","targetHints":{"allow":["GET"]}}],"collection":[{"href":"https:\/\/www.mekeltech.com\/de\/wp-json\/wp\/v2\/product"}],"about":[{"href":"https:\/\/www.mekeltech.com\/de\/wp-json\/wp\/v2\/types\/product"}],"author":[{"embeddable":true,"href":"https:\/\/www.mekeltech.com\/de\/wp-json\/wp\/v2\/users\/5"}],"version-history":[{"count":35,"href":"https:\/\/www.mekeltech.com\/de\/wp-json\/wp\/v2\/product\/6076\/revisions"}],"predecessor-version":[{"id":7150,"href":"https:\/\/www.mekeltech.com\/de\/wp-json\/wp\/v2\/product\/6076\/revisions\/7150"}],"wp:featuredmedia":[{"embeddable":true,"href":"https:\/\/www.mekeltech.com\/de\/wp-json\/wp\/v2\/media\/6081"}],"wp:attachment":[{"href":"https:\/\/www.mekeltech.com\/de\/wp-json\/wp\/v2\/media?parent=6076"}],"wp:term":[{"taxonomy":"product-category","embeddable":true,"href":"https:\/\/www.mekeltech.com\/de\/wp-json\/wp\/v2\/product-category?post=6076"},{"taxonomy":"product-tag","embeddable":true,"href":"https:\/\/www.mekeltech.com\/de\/wp-json\/wp\/v2\/product-tag?post=6076"}],"curies":[{"name":"wp","href":"https:\/\/api.w.org\/{rel}","templated":true}]}}