{"id":5322,"date":"2025-07-20T17:03:39","date_gmt":"2025-07-20T09:03:39","guid":{"rendered":"https:\/\/www.mekeltech.com\/?post_type=product&#038;p=5322"},"modified":"2025-11-07T11:30:03","modified_gmt":"2025-11-07T03:30:03","slug":"7kw-bolt-series-ev-charging-station","status":"publish","type":"product","link":"https:\/\/www.mekeltech.com\/de\/product\/7kw-bolt-series-ev-charging-station\/","title":{"rendered":"7kW Bolt Serie AC EV Ladestation"},"content":{"rendered":"<div data-elementor-type=\"wp-post\" data-elementor-id=\"5322\" class=\"elementor elementor-5322\" data-elementor-post-type=\"product\">\n\t\t\t\t<div class=\"elementor-element elementor-element-4c283dd6 e-flex e-con-boxed e-con e-parent\" data-id=\"4c283dd6\" data-element_type=\"container\">\n\t\t\t\t\t<div class=\"e-con-inner\">\n\t\t\t\t<div class=\"elementor-element elementor-element-9bd4d94 elementor-widget elementor-widget-heading\" data-id=\"9bd4d94\" data-element_type=\"widget\" data-widget_type=\"heading.default\">\n\t\t\t\t<div class=\"elementor-widget-container\">\n\t\t\t\t\t<h2 class=\"elementor-heading-title elementor-size-default\">Einf\u00fchrung in die 7kW Bolt Serie AC EV Ladestation<\/h2>\t\t\t\t<\/div>\n\t\t\t\t<\/div>\n\t\t\t\t<div class=\"elementor-element elementor-element-59ea24b elementor-widget elementor-widget-text-editor\" data-id=\"59ea24b\" data-element_type=\"widget\" data-widget_type=\"text-editor.default\">\n\t\t\t\t<div class=\"elementor-widget-container\">\n\t\t\t\t\t\t\t\t\t<p>Die 7-kW-EV-Ladestation der Bolt-Serie wurde f\u00fcr Autofahrer entwickelt, die eine zuverl\u00e4ssige, effiziente und benutzerfreundliche L\u00f6sung f\u00fcr das Aufladen von Elektrofahrzeugen in Privathaushalten und kleinen Unternehmen suchen. Dieses kompakte AC-EV-Ladeger\u00e4t kombiniert hohe Leistung mit intelligenter Konnektivit\u00e4t und bietet eine nahtlose Integration in Hausgaragen, Wohnungskomplexe und kleine Gesch\u00e4ftsr\u00e4ume. Mit flexiblen Optionen f\u00fcr die Wand- oder Sockelmontage bietet es Komfort f\u00fcr jede Einrichtung. Die auf Langlebigkeit und Sicherheit ausgelegte Bolt-Serie bietet eine gleichbleibende Ladeleistung f\u00fcr eine breite Palette von Elektrofahrzeugen und ist damit die ideale Wahl f\u00fcr nachhaltiges und problemloses t\u00e4gliches Laden.<\/p>\t\t\t\t\t\t\t\t<\/div>\n\t\t\t\t<\/div>\n\t\t\t\t<div class=\"elementor-element elementor-element-27ddf955 elementor-widget__width-inherit elementor-widget elementor-widget-heading\" data-id=\"27ddf955\" data-element_type=\"widget\" data-widget_type=\"heading.default\">\n\t\t\t\t<div class=\"elementor-widget-container\">\n\t\t\t\t\t<h2 class=\"elementor-heading-title elementor-size-default\">7-kW-EV-Ladestation der Bolt-Serie f\u00fcr Privathaushalte und kleine Gewerbebetriebe<\/h2>\t\t\t\t<\/div>\n\t\t\t\t<\/div>\n\t\t\t\t<div class=\"elementor-element elementor-element-7a01444a elementor-widget elementor-widget-text-editor\" data-id=\"7a01444a\" data-element_type=\"widget\" data-widget_type=\"text-editor.default\">\n\t\t\t\t<div class=\"elementor-widget-container\">\n\t\t\t\t\t\t\t\t\t<p>Die 7-kW-EV-Ladestation der Bolt-Serie ist ein leistungsstarkes und dennoch kompaktes EV-Ladeger\u00e4t, das f\u00fcr das Aufladen von Elektrofahrzeugen zu Hause und f\u00fcr leichte gewerbliche Anwendungen geeignet ist. Ausgestattet mit Typ-2-Steckern (NACS und GBT ebenfalls erh\u00e4ltlich) und konform mit den Normen IEC 61851-1 und IEC 62196-2, gew\u00e4hrleistet sie zuverl\u00e4ssige Ladeleistung und Sicherheit auf dem gesamten Weltmarkt. Die 7-kW-EV-Ladestation der Bolt-Serie f\u00fcr Privathaushalte und kleine Gewerbebetriebe wurde f\u00fcr die Bed\u00fcrfnisse allt\u00e4glicher Nutzer entwickelt und bietet eine stabile Stromversorgung f\u00fcr verschiedene Elektrofahrzeugmodelle bei gleichzeitiger Beibehaltung eines eleganten, platzsparenden Designs.<\/p>\t\t\t\t\t\t\t\t<\/div>\n\t\t\t\t<\/div>\n\t\t\t\t<div class=\"elementor-element elementor-element-de8f08d elementor-widget__width-initial elementor-widget elementor-widget-image\" data-id=\"de8f08d\" data-element_type=\"widget\" data-widget_type=\"image.default\">\n\t\t\t\t<div class=\"elementor-widget-container\">\n\t\t\t\t\t\t\t\t\t\t\t\t\t\t\t<img fetchpriority=\"high\" decoding=\"async\" width=\"2560\" height=\"2560\" src=\"https:\/\/www.mekeltech.com\/wp-content\/uploads\/2025\/07\/Features-scaled.webp\" class=\"attachment-full size-full wp-image-5293\" alt=\"7kW Bolt Serie Ladestation Farben\" srcset=\"https:\/\/www.mekeltech.com\/wp-content\/uploads\/2025\/07\/Features-scaled.webp 2560w, https:\/\/www.mekeltech.com\/wp-content\/uploads\/2025\/07\/Features-300x300.webp 300w, https:\/\/www.mekeltech.com\/wp-content\/uploads\/2025\/07\/Features-1024x1024.webp 1024w, https:\/\/www.mekeltech.com\/wp-content\/uploads\/2025\/07\/Features-150x150.webp 150w, https:\/\/www.mekeltech.com\/wp-content\/uploads\/2025\/07\/Features-768x768.webp 768w, https:\/\/www.mekeltech.com\/wp-content\/uploads\/2025\/07\/Features-1536x1536.webp 1536w, https:\/\/www.mekeltech.com\/wp-content\/uploads\/2025\/07\/Features-2048x2048.webp 2048w, https:\/\/www.mekeltech.com\/wp-content\/uploads\/2025\/07\/Features-12x12.webp 12w\" sizes=\"(max-width: 2560px) 100vw, 2560px\" \/>\t\t\t\t\t\t\t\t\t\t\t\t\t\t\t<\/div>\n\t\t\t\t<\/div>\n\t\t\t\t<div class=\"elementor-element elementor-element-5bbeaee7 elementor-widget__width-inherit elementor-widget elementor-widget-heading\" data-id=\"5bbeaee7\" data-element_type=\"widget\" data-widget_type=\"heading.default\">\n\t\t\t\t<div class=\"elementor-widget-container\">\n\t\t\t\t\t<h2 class=\"elementor-heading-title elementor-size-default\">Die wichtigsten technischen Spezifikationen von <span>7kW EV-Ladestation der Bolt-Serie<\/span><span><\/span><br><\/h2>\t\t\t\t<\/div>\n\t\t\t\t<\/div>\n\t\t\t\t<div class=\"elementor-element elementor-element-6ed10e9 elementor-widget__width-inherit elementor-widget elementor-widget-shortcode\" data-id=\"6ed10e9\" data-element_type=\"widget\" data-widget_type=\"shortcode.default\">\n\t\t\t\t<div class=\"elementor-widget-container\">\n\t\t\t\t\t\t\t<div class=\"elementor-shortcode\">\n<table id=\"tablepress-16\" class=\"tablepress tablepress-id-16\">\n<tbody class=\"row-striping row-hover\">\n<tr class=\"row-1\">\n\t<td class=\"column-1\"><b>Eingangs-\/Ausgangsspannung<\/b><\/td><td class=\"column-2\">230Vac \u00b115%<\/td>\n<\/tr>\n<tr class=\"row-2\">\n\t<td class=\"column-1\"><b>Max. Ladestrom<\/b><\/td><td class=\"column-2\">32A<\/td>\n<\/tr>\n<tr class=\"row-3\">\n\t<td class=\"column-1\"><b>Betriebsfrequenz<\/b><\/td><td class=\"column-2\">50Hz<\/td>\n<\/tr>\n<tr class=\"row-4\">\n\t<td class=\"column-1\"><b>Betriebstemperaturbereich<\/b><\/td><td class=\"column-2\">-25\u00b0C bis +50\u00b0C<\/td>\n<\/tr>\n<tr class=\"row-5\">\n\t<td class=\"column-1\"><b>Temperaturbereich bei Lagerung<\/b><\/td><td class=\"column-2\">-40\u00b0C bis +60\u00b0C<\/td>\n<\/tr>\n<tr class=\"row-6\">\n\t<td class=\"column-1\"><b>Geh\u00e4use Bewertung<\/b><\/td><td class=\"column-2\">IP65 (staubdicht und gegen Strahlwasser gesch\u00fctzt)<\/td>\n<\/tr>\n<tr class=\"row-7\">\n\t<td class=\"column-1\"><b>Einrichtung<\/b><\/td><td class=\"column-2\">Flexible Aufstellung an der Wand oder auf einem Sockel<\/td>\n<\/tr>\n<tr class=\"row-8\">\n\t<td class=\"column-1\"><b>Abmessungen<\/b><\/td><td class=\"column-2\">186 mm x 354 mm x 111 mm<\/td>\n<\/tr>\n<tr class=\"row-9\">\n\t<td class=\"column-1\"><b>Kommunikation<\/b><\/td><td class=\"column-2\">HCI Bluetooth \/ Wi-Fi \/ 4G<\/td>\n<\/tr>\n<tr class=\"row-10\">\n\t<td class=\"column-1\"><b>Zertifizierung<\/b><\/td><td class=\"column-2\">CE-konform<\/td>\n<\/tr>\n<\/tbody>\n<\/table>\n<\/div>\n\t\t\t\t\t\t<\/div>\n\t\t\t\t<\/div>\n\t\t\t\t<div class=\"elementor-element elementor-element-1f68b3b1 elementor-widget__width-inherit elementor-widget elementor-widget-heading\" data-id=\"1f68b3b1\" data-element_type=\"widget\" data-widget_type=\"heading.default\">\n\t\t\t\t<div class=\"elementor-widget-container\">\n\t\t\t\t\t<h2 class=\"elementor-heading-title elementor-size-default\">Eingebaute, mehrschichtige Sicherheitsmerkmale<\/h2>\t\t\t\t<\/div>\n\t\t\t\t<\/div>\n\t\t\t\t<div class=\"elementor-element elementor-element-fdade0c elementor-widget elementor-widget-text-editor\" data-id=\"fdade0c\" data-element_type=\"widget\" data-widget_type=\"text-editor.default\">\n\t\t\t\t<div class=\"elementor-widget-container\">\n\t\t\t\t\t\t\t\t\t<p data-start=\"2973\" data-end=\"3100\">Das 7-kW-EV-Ladeger\u00e4t der Bolt-Serie verf\u00fcgt \u00fcber mehrere Sicherheitsvorkehrungen, um jederzeit einen stabilen und sicheren Ladevorgang zu gew\u00e4hrleisten:<\/p><ul><li data-start=\"3103\" data-end=\"3134\">\u00dcber-\/Unterspannungsschutz<\/li><li data-start=\"3137\" data-end=\"3159\">\u00dcberstrombegrenzung<\/li><li data-start=\"3162\" data-end=\"3231\">Temperatur\u00fcberwachung in Echtzeit mit automatischer Abschaltung und Erholung<\/li><li data-start=\"3234\" data-end=\"3262\">Ableitstromschutz<\/li><li data-start=\"3265\" data-end=\"3295\">Sicherheitskreis f\u00fcr die Relaiskontaktierung<\/li><li data-start=\"3298\" data-end=\"3340\">Not-Aus-Taste f\u00fcr schnelles Abschalten<\/li><\/ul><p data-start=\"3342\" data-end=\"3438\">Diese Eigenschaften machen sie zu einer der zuverl\u00e4ssigsten Heim-EV-Ladestationen f\u00fcr den t\u00e4glichen Gebrauch.<\/p>\t\t\t\t\t\t\t\t<\/div>\n\t\t\t\t<\/div>\n\t\t\t\t<div class=\"elementor-element elementor-element-3914d2e3 elementor-widget__width-inherit elementor-widget elementor-widget-heading\" data-id=\"3914d2e3\" data-element_type=\"widget\" data-widget_type=\"heading.default\">\n\t\t\t\t<div class=\"elementor-widget-container\">\n\t\t\t\t\t<h2 class=\"elementor-heading-title elementor-size-default\">Intelligente Betriebsmodi <\/h2>\t\t\t\t<\/div>\n\t\t\t\t<\/div>\n\t\t\t\t<div class=\"elementor-element elementor-element-68287f7f elementor-widget elementor-widget-text-editor\" data-id=\"68287f7f\" data-element_type=\"widget\" data-widget_type=\"text-editor.default\">\n\t\t\t\t<div class=\"elementor-widget-container\">\n\t\t\t\t\t\t\t\t\t<p data-start=\"3479\" data-end=\"3777\">Die 7-kW-EV-Ladestation der Bolt-Serie unterst\u00fctzt mehrere Optionen f\u00fcr den Start des Ladevorgangs, darunter die Steuerung \u00fcber eine mobile App und RFID-Authentifizierung. Die Temperatur\u00fcberwachung in Echtzeit und die adaptive Stromabgabe gew\u00e4hrleisten Effizienz und Sicherheit. Klare LED-Anzeigen zeigen den Ladestatus auf einen Blick an:<\/p><ul><li data-start=\"3780\" data-end=\"3799\">Leerlauf: Gr\u00fcn durchgehend<\/li><li data-start=\"3802\" data-end=\"3827\">Einstecken: Gr\u00fcnes Blinken<\/li><li data-start=\"3830\" data-end=\"3855\">Aufladen: Blaues Blinken<\/li><li data-start=\"3858\" data-end=\"3880\">Vollst\u00e4ndig: Blauer Feststoff<\/li><li data-start=\"3883\" data-end=\"3926\">Fehler: Rotes Blinken mit Diagnosecodes<\/li><\/ul>\t\t\t\t\t\t\t\t<\/div>\n\t\t\t\t<\/div>\n\t\t\t\t<div class=\"elementor-element elementor-element-2cfbc15a elementor-widget__width-inherit elementor-widget elementor-widget-heading\" data-id=\"2cfbc15a\" data-element_type=\"widget\" data-widget_type=\"heading.default\">\n\t\t\t\t<div class=\"elementor-widget-container\">\n\t\t\t\t\t<h2 class=\"elementor-heading-title elementor-size-default\">Einfacher, sicherer Ladevorgang von <span>7kW EV-Ladestation der Bolt-Serie<\/span><span><\/span><br><\/h2>\t\t\t\t<\/div>\n\t\t\t\t<\/div>\n\t\t\t\t<div class=\"elementor-element elementor-element-731a2499 elementor-widget elementor-widget-text-editor\" data-id=\"731a2499\" data-element_type=\"widget\" data-widget_type=\"text-editor.default\">\n\t\t\t\t<div class=\"elementor-widget-container\">\n\t\t\t\t\t\t\t\t\t<p>Sobald die 7-kW-EV-Ladestation der Bolt-Serie an Ihr Elektrofahrzeug angeschlossen ist, beginnt sie automatisch, Strom zu liefern. Benutzer k\u00f6nnen den Ladevorgang \u00fcber eine kompatible App aus der Ferne \u00fcberwachen, unterbrechen oder stoppen, was die manuelle Handhabung reduziert und den Komfort erh\u00f6ht.<\/p>\t\t\t\t\t\t\t\t<\/div>\n\t\t\t\t<\/div>\n\t\t\t\t<div class=\"elementor-element elementor-element-b6120fa elementor-widget__width-inherit elementor-widget elementor-widget-heading\" data-id=\"b6120fa\" data-element_type=\"widget\" data-widget_type=\"heading.default\">\n\t\t\t\t<div class=\"elementor-widget-container\">\n\t\t\t\t\t<h2 class=\"elementor-heading-title elementor-size-default\">Installation und Betrieb <span>- Stecker und Strom<\/span><span><\/span><br><\/h2>\t\t\t\t<\/div>\n\t\t\t\t<\/div>\n\t\t\t\t<div class=\"elementor-element elementor-element-eb00a85 elementor-widget elementor-widget-text-editor\" data-id=\"eb00a85\" data-element_type=\"widget\" data-widget_type=\"text-editor.default\">\n\t\t\t\t<div class=\"elementor-widget-container\">\n\t\t\t\t\t\t\t\t\t<p data-start=\"4269\" data-end=\"4510\">Die 7-kW-EV-Ladestation der Bolt-Serie ist f\u00fcr eine schnelle und einfache Installation konzipiert. Ob an der Wand oder auf einem Sockel montiert, ihr wetterfestes Geh\u00e4use sorgt f\u00fcr Langlebigkeit in Au\u00dfenbereichen, ohne die Leistung zu beeintr\u00e4chtigen.<\/p>\t\t\t\t\t\t\t\t<\/div>\n\t\t\t\t<\/div>\n\t\t\t\t<div class=\"elementor-element elementor-element-33f6a2aa elementor-widget__width-inherit elementor-widget elementor-widget-heading\" data-id=\"33f6a2aa\" data-element_type=\"widget\" data-widget_type=\"heading.default\">\n\t\t\t\t<div class=\"elementor-widget-container\">\n\t\t\t\t\t<h2 class=\"elementor-heading-title elementor-size-default\">Warum sollten Sie sich f\u00fcr die 7kW Bolt Serie EV Ladestation entscheiden?<\/h2>\t\t\t\t<\/div>\n\t\t\t\t<\/div>\n\t\t\t\t<div class=\"elementor-element elementor-element-964621e elementor-widget elementor-widget-text-editor\" data-id=\"964621e\" data-element_type=\"widget\" data-widget_type=\"text-editor.default\">\n\t\t\t\t<div class=\"elementor-widget-container\">\n\t\t\t\t\t\t\t\t\t<ul><li data-start=\"4558\" data-end=\"4654\"><strong data-start=\"4558\" data-end=\"4579\">Zertifizierte Sicherheit:<\/strong> Ausgestattet mit fortschrittlichen Schutzmechanismen f\u00fcr den sicheren t\u00e4glichen Gebrauch.<\/li><li data-start=\"4657\" data-end=\"4739\"><strong data-start=\"4657\" data-end=\"4679\">Intelligente App-Steuerung:<\/strong> Nahtlose Fernverwaltung \u00fcber die mobile App \"Homelife\".<\/li><li data-start=\"4742\" data-end=\"4837\"><strong data-start=\"4742\" data-end=\"4764\">Minimalistisches Design:<\/strong> Kein Bildschirm f\u00fcr geringere Wartung, ideal f\u00fcr Wohnumgebungen.<\/li><\/ul>\t\t\t\t\t\t\t\t<\/div>\n\t\t\t\t<\/div>\n\t\t\t\t\t<\/div>\n\t\t\t\t<\/div>\n\t\t\t\t<\/div>","protected":false},"excerpt":{"rendered":"<p>Introduction to 7kW Bolt Series AC EV Charging Station The 7kW Bolt Series EV Charging Station is designed for drivers seeking a reliable, efficient, and user-friendly solution for both residential EV charging and light commercial EV charging. This compact AC EV charger combines high performance with smart connectivity, offering seamless integration into home garages, apartment [&hellip;]<\/p>","protected":false},"author":4,"featured_media":5398,"menu_order":0,"template":"","format":"standard","meta":{"_acf_changed":false,"site-sidebar-layout":"default","site-content-layout":"page-builder","ast-site-content-layout":"default","site-content-style":"default","site-sidebar-style":"default","ast-global-header-display":"","ast-banner-title-visibility":"","ast-main-header-display":"","ast-hfb-above-header-display":"","ast-hfb-below-header-display":"","ast-hfb-mobile-header-display":"","site-post-title":"disabled","ast-breadcrumbs-content":"","ast-featured-img":"disabled","footer-sml-layout":"","ast-disable-related-posts":"","theme-transparent-header-meta":"","adv-header-id-meta":"","stick-header-meta":"","header-above-stick-meta":"","header-main-stick-meta":"","header-below-stick-meta":"","astra-migrate-meta-layouts":"set","ast-page-background-enabled":"default","ast-page-background-meta":{"desktop":{"background-color":"","background-image":"","background-repeat":"repeat","background-position":"center center","background-size":"auto","background-attachment":"scroll","background-type":"","background-media":"","overlay-type":"","overlay-color":"","overlay-opacity":"","overlay-gradient":""},"tablet":{"background-color":"","background-image":"","background-repeat":"repeat","background-position":"center center","background-size":"auto","background-attachment":"scroll","background-type":"","background-media":"","overlay-type":"","overlay-color":"","overlay-opacity":"","overlay-gradient":""},"mobile":{"background-color":"","background-image":"","background-repeat":"repeat","background-position":"center center","background-size":"auto","background-attachment":"scroll","background-type":"","background-media":"","overlay-type":"","overlay-color":"","overlay-opacity":"","overlay-gradient":""}},"ast-content-background-meta":{"desktop":{"background-color":"var(--ast-global-color-5)","background-image":"","background-repeat":"repeat","background-position":"center center","background-size":"auto","background-attachment":"scroll","background-type":"","background-media":"","overlay-type":"","overlay-color":"","overlay-opacity":"","overlay-gradient":""},"tablet":{"background-color":"var(--ast-global-color-5)","background-image":"","background-repeat":"repeat","background-position":"center center","background-size":"auto","background-attachment":"scroll","background-type":"","background-media":"","overlay-type":"","overlay-color":"","overlay-opacity":"","overlay-gradient":""},"mobile":{"background-color":"var(--ast-global-color-5)","background-image":"","background-repeat":"repeat","background-position":"center center","background-size":"auto","background-attachment":"scroll","background-type":"","background-media":"","overlay-type":"","overlay-color":"","overlay-opacity":"","overlay-gradient":""}},"footnotes":""},"product-category":[116,86],"product-tag":[],"class_list":["post-5322","product","type-product","status-publish","format-standard","has-post-thumbnail","hentry","product-category-ac-charging-station","product-category-charging-stations"],"acf":[],"_links":{"self":[{"href":"https:\/\/www.mekeltech.com\/de\/wp-json\/wp\/v2\/product\/5322","targetHints":{"allow":["GET"]}}],"collection":[{"href":"https:\/\/www.mekeltech.com\/de\/wp-json\/wp\/v2\/product"}],"about":[{"href":"https:\/\/www.mekeltech.com\/de\/wp-json\/wp\/v2\/types\/product"}],"author":[{"embeddable":true,"href":"https:\/\/www.mekeltech.com\/de\/wp-json\/wp\/v2\/users\/4"}],"version-history":[{"count":23,"href":"https:\/\/www.mekeltech.com\/de\/wp-json\/wp\/v2\/product\/5322\/revisions"}],"predecessor-version":[{"id":7819,"href":"https:\/\/www.mekeltech.com\/de\/wp-json\/wp\/v2\/product\/5322\/revisions\/7819"}],"wp:featuredmedia":[{"embeddable":true,"href":"https:\/\/www.mekeltech.com\/de\/wp-json\/wp\/v2\/media\/5398"}],"wp:attachment":[{"href":"https:\/\/www.mekeltech.com\/de\/wp-json\/wp\/v2\/media?parent=5322"}],"wp:term":[{"taxonomy":"product-category","embeddable":true,"href":"https:\/\/www.mekeltech.com\/de\/wp-json\/wp\/v2\/product-category?post=5322"},{"taxonomy":"product-tag","embeddable":true,"href":"https:\/\/www.mekeltech.com\/de\/wp-json\/wp\/v2\/product-tag?post=5322"}],"curies":[{"name":"wp","href":"https:\/\/api.w.org\/{rel}","templated":true}]}}