{"id":5310,"date":"2025-07-20T16:55:24","date_gmt":"2025-07-20T08:55:24","guid":{"rendered":"https:\/\/www.mekeltech.com\/?post_type=product&#038;p=5310"},"modified":"2025-11-07T11:35:24","modified_gmt":"2025-11-07T03:35:24","slug":"7kw-pulse-series-ev-charging-station","status":"publish","type":"product","link":"https:\/\/www.mekeltech.com\/de\/product\/7kw-pulse-series-ev-charging-station\/","title":{"rendered":"7kW Pulse Serie AC EV Ladestation"},"content":{"rendered":"<div data-elementor-type=\"wp-post\" data-elementor-id=\"5310\" class=\"elementor elementor-5310\" data-elementor-post-type=\"product\">\n\t\t\t\t<div class=\"elementor-element elementor-element-47391fed e-flex e-con-boxed e-con e-parent\" data-id=\"47391fed\" data-element_type=\"container\">\n\t\t\t\t\t<div class=\"e-con-inner\">\n\t\t\t\t<div class=\"elementor-element elementor-element-81a621d elementor-widget elementor-widget-heading\" data-id=\"81a621d\" data-element_type=\"widget\" data-widget_type=\"heading.default\">\n\t\t\t\t<div class=\"elementor-widget-container\">\n\t\t\t\t\t<h2 class=\"elementor-heading-title elementor-size-default\">Einf\u00fchrung in die 7kW Pulse Series EV-Ladestation<\/h2>\t\t\t\t<\/div>\n\t\t\t\t<\/div>\n\t\t\t\t<div class=\"elementor-element elementor-element-01ece3f elementor-widget elementor-widget-text-editor\" data-id=\"01ece3f\" data-element_type=\"widget\" data-widget_type=\"text-editor.default\">\n\t\t\t\t<div class=\"elementor-widget-container\">\n\t\t\t\t\t\t\t\t\t<p data-start=\"582\" data-end=\"1333\">Die 7-kW-Ladestation der Pulse-Serie von Mekel ist eine fortschrittliche Ladel\u00f6sung f\u00fcr Privatanwender, die auf der Suche nach Effizienz, Sicherheit und Komfort f\u00fcr Elektrofahrzeuge sind. Die 7-kW-Ladestation der Pulse-Serie bietet eine gleichbleibende Leistung sowohl im Innen- als auch im Au\u00dfenbereich und eignet sich daher perfekt f\u00fcr Hausgaragen, Wohnkomplexe und kleine gewerbliche Einrichtungen.<br data-start=\"970\" data-end=\"973\" \/>Mit flexiblen Installationsoptionen, Kompatibilit\u00e4t mit Typ-2-, Typ-1- und NACS-Steckern und der Einhaltung internationaler Sicherheitsstandards gew\u00e4hrleistet die Pulse-Serie ein zuverl\u00e4ssiges Aufladen von Elektrofahrzeugen f\u00fcr eine breite Palette von EV-Modellen. Mit ihrem schlanken, platzsparenden Profil bietet sie ein hochwertiges Ladeerlebnis f\u00fcr moderne E-Mobilit\u00e4tsanforderungen.<\/p>\t\t\t\t\t\t\t\t<\/div>\n\t\t\t\t<\/div>\n\t\t\t\t<div class=\"elementor-element elementor-element-15cfc62 elementor-widget__width-inherit elementor-widget elementor-widget-heading\" data-id=\"15cfc62\" data-element_type=\"widget\" data-widget_type=\"heading.default\">\n\t\t\t\t<div class=\"elementor-widget-container\">\n\t\t\t\t\t<h2 class=\"elementor-heading-title elementor-size-default\">7kW Pulse Series EV-Ladestation f\u00fcr Wohnh\u00e4user und Wohnkomplexe<\/h2>\t\t\t\t<\/div>\n\t\t\t\t<\/div>\n\t\t\t\t<div class=\"elementor-element elementor-element-54a05936 elementor-widget elementor-widget-text-editor\" data-id=\"54a05936\" data-element_type=\"widget\" data-widget_type=\"text-editor.default\">\n\t\t\t\t<div class=\"elementor-widget-container\">\n\t\t\t\t\t\t\t\t\t<p data-start=\"1413\" data-end=\"2036\">Die 7-kW-EV-Ladestation der Pulse-Serie von Mekel ist ideal f\u00fcr kompakte Ladeumgebungen, von privaten Garagen bis zu Gemeinschaftsparkpl\u00e4tzen in Wohngeb\u00e4uden. Sie erf\u00fcllt die weltweiten Sicherheits- und Leistungsstandards wie IEC 61851-1, IEC 61851-21-2, UL 2231 und UL 2594 und bietet somit Sicherheit f\u00fcr das t\u00e4gliche Laden von Elektrofahrzeugen.<br data-start=\"1765\" data-end=\"1768\" \/>Das Ger\u00e4t unterst\u00fctzt mehrere Ladestecker-Optionen - Typ 2, Typ 1 und NACS - und ist damit mit einer breiten Palette von E-Fahrzeugmarken kompatibel. Das IP55-zertifizierte Geh\u00e4use gew\u00e4hrleistet einen zuverl\u00e4ssigen Betrieb auch unter schwierigen Wetterbedingungen und kann sowohl im Innen- als auch im Au\u00dfenbereich eingesetzt werden.<\/p>\t\t\t\t\t\t\t\t<\/div>\n\t\t\t\t<\/div>\n\t\t\t\t<div class=\"elementor-element elementor-element-3f9703da elementor-widget__width-inherit elementor-widget elementor-widget-heading\" data-id=\"3f9703da\" data-element_type=\"widget\" data-widget_type=\"heading.default\">\n\t\t\t\t<div class=\"elementor-widget-container\">\n\t\t\t\t\t<h2 class=\"elementor-heading-title elementor-size-default\">Die wichtigsten technischen Daten der 7kW Pulse Series EV-Ladestation<\/h2>\t\t\t\t<\/div>\n\t\t\t\t<\/div>\n\t\t\t\t<div class=\"elementor-element elementor-element-1b55473a elementor-widget__width-inherit elementor-widget elementor-widget-shortcode\" data-id=\"1b55473a\" data-element_type=\"widget\" data-widget_type=\"shortcode.default\">\n\t\t\t\t<div class=\"elementor-widget-container\">\n\t\t\t\t\t\t\t<div class=\"elementor-shortcode\">\n<table id=\"tablepress-15\" class=\"tablepress tablepress-id-15\">\n<tbody class=\"row-striping row-hover\">\n<tr class=\"row-1\">\n\t<td class=\"column-1\"><b>Eingangs-\/Ausgangsspannung<\/b><\/td><td class=\"column-2\">230Vac \u00b115%<\/td>\n<\/tr>\n<tr class=\"row-2\">\n\t<td class=\"column-1\"><b>Max. Ladestrom<\/b><\/td><td class=\"column-2\">32A<\/td>\n<\/tr>\n<tr class=\"row-3\">\n\t<td class=\"column-1\"><b>Betriebsfrequenz<\/b><\/td><td class=\"column-2\">50-60Hz<\/td>\n<\/tr>\n<tr class=\"row-4\">\n\t<td class=\"column-1\"><b>Betriebstemperaturbereich<\/b><\/td><td class=\"column-2\">-20\u00b0C bis +50\u00b0C<\/td>\n<\/tr>\n<tr class=\"row-5\">\n\t<td class=\"column-1\"><b>Temperaturbereich bei Lagerung<\/b><\/td><td class=\"column-2\">-45\u00b0C bis +60\u00b0C<\/td>\n<\/tr>\n<tr class=\"row-6\">\n\t<td class=\"column-1\"><b>Geh\u00e4use Bewertung<\/b><\/td><td class=\"column-2\">IP55 (staubdicht und gegen Strahlwasser gesch\u00fctzt)<\/td>\n<\/tr>\n<tr class=\"row-7\">\n\t<td class=\"column-1\"><b>Einrichtung<\/b><\/td><td class=\"column-2\">Flexible Aufstellung an der Wand oder auf einem Sockel<\/td>\n<\/tr>\n<tr class=\"row-8\">\n\t<td class=\"column-1\"><b>Abmessungen<\/b><\/td><td class=\"column-2\">196 mm x 320 mm x 97 mm<\/td>\n<\/tr>\n<tr class=\"row-9\">\n\t<td class=\"column-1\"><b>Kommunikation<\/b><\/td><td class=\"column-2\">HCI Bluetooth \/ Wi-Fi \/ 4G<\/td>\n<\/tr>\n<tr class=\"row-10\">\n\t<td class=\"column-1\"><b>Zertifizierung<\/b><\/td><td class=\"column-2\">CE-konform<\/td>\n<\/tr>\n<\/tbody>\n<\/table>\n<\/div>\n\t\t\t\t\t\t<\/div>\n\t\t\t\t<\/div>\n\t\t\t\t<div class=\"elementor-element elementor-element-26e33b52 elementor-widget__width-inherit elementor-widget elementor-widget-heading\" data-id=\"26e33b52\" data-element_type=\"widget\" data-widget_type=\"heading.default\">\n\t\t\t\t<div class=\"elementor-widget-container\">\n\t\t\t\t\t<h2 class=\"elementor-heading-title elementor-size-default\">Eingebaute, mehrschichtige Sicherheitsmerkmale<\/h2>\t\t\t\t<\/div>\n\t\t\t\t<\/div>\n\t\t\t\t<div class=\"elementor-element elementor-element-73aa4f6e elementor-widget elementor-widget-text-editor\" data-id=\"73aa4f6e\" data-element_type=\"widget\" data-widget_type=\"text-editor.default\">\n\t\t\t\t<div class=\"elementor-widget-container\">\n\t\t\t\t\t\t\t\t\t<p data-start=\"2530\" data-end=\"2675\">Die 7-kW-EV-Ladestation der Pulse-Serie verf\u00fcgt \u00fcber mehrere Schutzsysteme, die sowohl das Fahrzeug als auch das Stromnetz sch\u00fctzen. Merkmale umfassen:<\/p><ul><li data-start=\"2678\" data-end=\"2709\">\u00dcber-\/Unterspannungsschutz<\/li><li data-start=\"2712\" data-end=\"2734\">\u00dcberstrombegrenzung<\/li><li data-start=\"2737\" data-end=\"2765\">Ableitstromschutz<\/li><\/ul><p data-start=\"2767\" data-end=\"2892\">Diese Sicherheitsma\u00dfnahmen gew\u00e4hrleisten stabile Ladevorg\u00e4nge, minimieren die Risiken und maximieren die langfristige Zuverl\u00e4ssigkeit im t\u00e4glichen Gebrauch.<\/p>\t\t\t\t\t\t\t\t<\/div>\n\t\t\t\t<\/div>\n\t\t\t\t<div class=\"elementor-element elementor-element-50c43177 elementor-widget__width-inherit elementor-widget elementor-widget-heading\" data-id=\"50c43177\" data-element_type=\"widget\" data-widget_type=\"heading.default\">\n\t\t\t\t<div class=\"elementor-widget-container\">\n\t\t\t\t\t<h2 class=\"elementor-heading-title elementor-size-default\">M\u00fchelose und sichere Ladevorg\u00e4nge <\/h2>\t\t\t\t<\/div>\n\t\t\t\t<\/div>\n\t\t\t\t<div class=\"elementor-element elementor-element-1cad065e elementor-widget elementor-widget-text-editor\" data-id=\"1cad065e\" data-element_type=\"widget\" data-widget_type=\"text-editor.default\">\n\t\t\t\t<div class=\"elementor-widget-container\">\n\t\t\t\t\t\t\t\t\t<p>Dank ihres Plug-and-Play-Designs beginnt die 7-kW-EV-Ladestation der Pulse-Serie automatisch mit dem Laden, sobald sie an ein kompatibles Fahrzeug angeschlossen ist. Die integrierte intelligente Konnektivit\u00e4t unterst\u00fctzt den App-basierten Fernbetrieb \u00fcber Bluetooth, Wi-Fi oder 4G, so dass die Benutzer jederzeit und \u00fcberall die Kontrolle \u00fcber die Ladevorg\u00e4nge haben. Dies macht die Energie\u00fcberwachung, Planung und Verwaltung einfach und effizient.<\/p>\t\t\t\t\t\t\t\t<\/div>\n\t\t\t\t<\/div>\n\t\t\t\t<div class=\"elementor-element elementor-element-12020b23 elementor-widget__width-inherit elementor-widget elementor-widget-heading\" data-id=\"12020b23\" data-element_type=\"widget\" data-widget_type=\"heading.default\">\n\t\t\t\t<div class=\"elementor-widget-container\">\n\t\t\t\t\t<h2 class=\"elementor-heading-title elementor-size-default\">Schnelle Installation &amp; zuverl\u00e4ssiger Betrieb<\/h2>\t\t\t\t<\/div>\n\t\t\t\t<\/div>\n\t\t\t\t<div class=\"elementor-element elementor-element-135a00cf elementor-widget elementor-widget-text-editor\" data-id=\"135a00cf\" data-element_type=\"widget\" data-widget_type=\"text-editor.default\">\n\t\t\t\t<div class=\"elementor-widget-container\">\n\t\t\t\t\t\t\t\t\t<p>Die 7-kW-EV-Ladestation der Pulse-Serie von Mekel ist f\u00fcr eine problemlose Installation ausgelegt. Ihr minimalistisches, bildschirmloses Design beschleunigt die Bereitstellung und reduziert den Wartungsbedarf. Ob an der Wand oder auf einem Sockel installiert, das IP55-zertifizierte Geh\u00e4use bietet Best\u00e4ndigkeit gegen Staub, Regen und andere Umwelteinfl\u00fcsse und eignet sich daher sowohl f\u00fcr private als auch f\u00fcr leicht kommerzielle Anwendungen.<\/p>\t\t\t\t\t\t\t\t<\/div>\n\t\t\t\t<\/div>\n\t\t\t\t<div class=\"elementor-element elementor-element-66821b2 elementor-widget__width-inherit elementor-widget elementor-widget-heading\" data-id=\"66821b2\" data-element_type=\"widget\" data-widget_type=\"heading.default\">\n\t\t\t\t<div class=\"elementor-widget-container\">\n\t\t\t\t\t<h2 class=\"elementor-heading-title elementor-size-default\">Warum diese Mekel 7kW Pulse Series EV-Ladestation w\u00e4hlen?<\/h2>\t\t\t\t<\/div>\n\t\t\t\t<\/div>\n\t\t\t\t<div class=\"elementor-element elementor-element-e859d8c elementor-widget elementor-widget-text-editor\" data-id=\"e859d8c\" data-element_type=\"widget\" data-widget_type=\"text-editor.default\">\n\t\t\t\t<div class=\"elementor-widget-container\">\n\t\t\t\t\t\t\t\t\t<ul><li data-start=\"3802\" data-end=\"3893\"><strong data-start=\"3802\" data-end=\"3828\">Bew\u00e4hrtes Sicherheitsdesign:<\/strong> Mehrere eingebaute Schutzvorrichtungen gew\u00e4hrleisten einen langfristig sicheren Betrieb.<\/li><li data-start=\"3896\" data-end=\"3994\"><strong data-start=\"3896\" data-end=\"3926\">Minimalistisches, modernes Design:<\/strong> Die bildschirmlose Struktur ist ideal f\u00fcr das t\u00e4gliche Aufladen von Elektrofahrzeugen zu Hause.<\/li><li data-start=\"3997\" data-end=\"4090\"><strong data-start=\"3997\" data-end=\"4022\">Globale Kompatibilit\u00e4t:<\/strong> Unterst\u00fctzt die wichtigsten Steckertypen und entspricht internationalen Normen.<\/li><\/ul>\t\t\t\t\t\t\t\t<\/div>\n\t\t\t\t<\/div>\n\t\t\t\t<div class=\"elementor-element elementor-element-1d2bdbc5 elementor-widget__width-inherit elementor-widget elementor-widget-heading\" data-id=\"1d2bdbc5\" data-element_type=\"widget\" data-widget_type=\"heading.default\">\n\t\t\t\t<div class=\"elementor-widget-container\">\n\t\t\t\t\t<h2 class=\"elementor-heading-title elementor-size-default\">FAQ<\/h2>\t\t\t\t<\/div>\n\t\t\t\t<\/div>\n\t\t\t\t<div class=\"elementor-element elementor-element-1115fca8 elementor-widget elementor-widget-n-accordion\" data-id=\"1115fca8\" data-element_type=\"widget\" data-settings=\"{&quot;default_state&quot;:&quot;expanded&quot;,&quot;max_items_expended&quot;:&quot;one&quot;,&quot;n_accordion_animation_duration&quot;:{&quot;unit&quot;:&quot;ms&quot;,&quot;size&quot;:400,&quot;sizes&quot;:[]}}\" data-widget_type=\"nested-accordion.default\">\n\t\t\t\t<div class=\"elementor-widget-container\">\n\t\t\t\t\t\t\t<div class=\"e-n-accordion\" aria-label=\"Akkordeon. \u00d6ffnen Sie Links mit Enter oder Space, schlie\u00dfen Sie sie mit Escape und navigieren Sie mit den Pfeiltasten.\">\n\t\t\t\t\t\t<details id=\"e-n-accordion-item-2860\" class=\"e-n-accordion-item\" open>\n\t\t\t\t<summary class=\"e-n-accordion-item-title\" data-accordion-index=\"1\" tabindex=\"0\" aria-expanded=\"true\" aria-controls=\"e-n-accordion-item-2860\" >\n\t\t\t\t\t<span class='e-n-accordion-item-title-header'><div class=\"e-n-accordion-item-title-text\"> F: Wie lange dauert das Aufladen eines E-Fahrzeugs mit einem Mekel Pulse Series AC-Ladeger\u00e4t an einer 7kW Pulse Series EV-Ladestation? <\/div><\/span>\n\t\t\t\t\t\t\t<span class='e-n-accordion-item-title-icon'>\n\t\t\t<span class='e-opened' ><svg aria-hidden=\"true\" class=\"e-font-icon-svg e-fas-minus\" viewbox=\"0 0 448 512\" xmlns=\"http:\/\/www.w3.org\/2000\/svg\"><path d=\"M416 208H32c-17.67 0-32 14.33-32 32v32c0 17.67 14.33 32 32 32h384c17.67 0 32-14.33 32-32v-32c0-17.67-14.33-32-32-32z\"><\/path><\/svg><\/span>\n\t\t\t<span class='e-closed'><svg aria-hidden=\"true\" class=\"e-font-icon-svg e-fas-plus\" viewbox=\"0 0 448 512\" xmlns=\"http:\/\/www.w3.org\/2000\/svg\"><path d=\"M416 208H272V64c0-17.67-14.33-32-32-32h-32c-17.67 0-32 14.33-32 32v144H32c-17.67 0-32 14.33-32 32v32c0 17.67 14.33 32 32 32h144v144c0 17.67 14.33 32 32 32h32c17.67 0 32-14.33 32-32V304h144c17.67 0 32-14.33 32-32v-32c0-17.67-14.33-32-32-32z\"><\/path><\/svg><\/span>\n\t\t<\/span>\n\n\t\t\t\t\t\t<\/summary>\n\t\t\t\t<div role=\"region\" aria-labelledby=\"e-n-accordion-item-2860\" class=\"elementor-element elementor-element-74f26f6c e-con-full e-flex e-con e-child\" data-id=\"74f26f6c\" data-element_type=\"container\">\n\t\t\t\t<div class=\"elementor-element elementor-element-5951754f elementor-widget__width-inherit elementor-widget elementor-widget-text-editor\" data-id=\"5951754f\" data-element_type=\"widget\" data-widget_type=\"text-editor.default\">\n\t\t\t\t<div class=\"elementor-widget-container\">\n\t\t\t\t\t\t\t\t\t<p>A: Diese 7kW Pulse Series EV-Ladestation ben\u00f6tigt in der Regel ca. 8 Stunden f\u00fcr eine volle Ladung, was sie ideal f\u00fcr das Aufladen \u00fcber Nacht in H\u00e4usern und Wohnanlagen macht.<\/p>\t\t\t\t\t\t\t\t<\/div>\n\t\t\t\t<\/div>\n\t\t\t\t<\/div>\n\t\t\t\t\t<\/details>\n\t\t\t\t\t\t<details id=\"e-n-accordion-item-2861\" class=\"e-n-accordion-item\" >\n\t\t\t\t<summary class=\"e-n-accordion-item-title\" data-accordion-index=\"2\" tabindex=\"-1\" aria-expanded=\"false\" aria-controls=\"e-n-accordion-item-2861\" >\n\t\t\t\t\t<span class='e-n-accordion-item-title-header'><div class=\"e-n-accordion-item-title-text\"> F: Wie w\u00e4hle ich zwischen einem Basis- und einem intelligenten Ladeger\u00e4t? <\/div><\/span>\n\t\t\t\t\t\t\t<span class='e-n-accordion-item-title-icon'>\n\t\t\t<span class='e-opened' ><svg aria-hidden=\"true\" class=\"e-font-icon-svg e-fas-minus\" viewbox=\"0 0 448 512\" xmlns=\"http:\/\/www.w3.org\/2000\/svg\"><path d=\"M416 208H32c-17.67 0-32 14.33-32 32v32c0 17.67 14.33 32 32 32h384c17.67 0 32-14.33 32-32v-32c0-17.67-14.33-32-32-32z\"><\/path><\/svg><\/span>\n\t\t\t<span class='e-closed'><svg aria-hidden=\"true\" class=\"e-font-icon-svg e-fas-plus\" viewbox=\"0 0 448 512\" xmlns=\"http:\/\/www.w3.org\/2000\/svg\"><path d=\"M416 208H272V64c0-17.67-14.33-32-32-32h-32c-17.67 0-32 14.33-32 32v144H32c-17.67 0-32 14.33-32 32v32c0 17.67 14.33 32 32 32h144v144c0 17.67 14.33 32 32 32h32c17.67 0 32-14.33 32-32V304h144c17.67 0 32-14.33 32-32v-32c0-17.67-14.33-32-32-32z\"><\/path><\/svg><\/span>\n\t\t<\/span>\n\n\t\t\t\t\t\t<\/summary>\n\t\t\t\t<div role=\"region\" aria-labelledby=\"e-n-accordion-item-2861\" class=\"elementor-element elementor-element-634d8957 e-con-full e-flex e-con e-child\" data-id=\"634d8957\" data-element_type=\"container\">\n\t\t\t\t<div class=\"elementor-element elementor-element-286b3940 elementor-widget__width-inherit elementor-widget elementor-widget-text-editor\" data-id=\"286b3940\" data-element_type=\"widget\" data-widget_type=\"text-editor.default\">\n\t\t\t\t<div class=\"elementor-widget-container\">\n\t\t\t\t\t\t\t\t\t<p>A: Die Basismodelle sind perfekt f\u00fcr den einfachen Hausgebrauch, insbesondere in Gebieten mit pauschalen Stromtarifen. Die Smart 7kW Pulse Series EV-Ladestationen bieten fortschrittliche Funktionen wie Energieverfolgung, Fernsteuerung und Zeitplanung au\u00dferhalb der Spitzenzeiten - ideal f\u00fcr Nutzer, die intelligente Ladel\u00f6sungen suchen.<\/p>\t\t\t\t\t\t\t\t<\/div>\n\t\t\t\t<\/div>\n\t\t\t\t<\/div>\n\t\t\t\t\t<\/details>\n\t\t\t\t\t\t<details id=\"e-n-accordion-item-2862\" class=\"e-n-accordion-item\" >\n\t\t\t\t<summary class=\"e-n-accordion-item-title\" data-accordion-index=\"3\" tabindex=\"-1\" aria-expanded=\"false\" aria-controls=\"e-n-accordion-item-2862\" >\n\t\t\t\t\t<span class='e-n-accordion-item-title-header'><div class=\"e-n-accordion-item-title-text\"> F: Sind die Mekel 7kW Pulse Series EV-Ladestationen f\u00fcr den t\u00e4glichen Langzeiteinsatz geeignet? <\/div><\/span>\n\t\t\t\t\t\t\t<span class='e-n-accordion-item-title-icon'>\n\t\t\t<span class='e-opened' ><svg aria-hidden=\"true\" class=\"e-font-icon-svg e-fas-minus\" viewbox=\"0 0 448 512\" xmlns=\"http:\/\/www.w3.org\/2000\/svg\"><path d=\"M416 208H32c-17.67 0-32 14.33-32 32v32c0 17.67 14.33 32 32 32h384c17.67 0 32-14.33 32-32v-32c0-17.67-14.33-32-32-32z\"><\/path><\/svg><\/span>\n\t\t\t<span class='e-closed'><svg aria-hidden=\"true\" class=\"e-font-icon-svg e-fas-plus\" viewbox=\"0 0 448 512\" xmlns=\"http:\/\/www.w3.org\/2000\/svg\"><path d=\"M416 208H272V64c0-17.67-14.33-32-32-32h-32c-17.67 0-32 14.33-32 32v144H32c-17.67 0-32 14.33-32 32v32c0 17.67 14.33 32 32 32h144v144c0 17.67 14.33 32 32 32h32c17.67 0 32-14.33 32-32V304h144c17.67 0 32-14.33 32-32v-32c0-17.67-14.33-32-32-32z\"><\/path><\/svg><\/span>\n\t\t<\/span>\n\n\t\t\t\t\t\t<\/summary>\n\t\t\t\t<div role=\"region\" aria-labelledby=\"e-n-accordion-item-2862\" class=\"elementor-element elementor-element-5f9d202c e-con-full e-flex e-con e-child\" data-id=\"5f9d202c\" data-element_type=\"container\">\n\t\t\t\t<div class=\"elementor-element elementor-element-279de42b elementor-widget__width-inherit elementor-widget elementor-widget-text-editor\" data-id=\"279de42b\" data-element_type=\"widget\" data-widget_type=\"text-editor.default\">\n\t\t\t\t<div class=\"elementor-widget-container\">\n\t\t\t\t\t\t\t\t\t<p>A: Ja. Die auf Langlebigkeit ausgelegten Mekel-EV-Ladestationen der 7-kW-Pulsserie sind f\u00fcr allt\u00e4gliche Ladezyklen ausgelegt, sofern Ihr elektrisches System richtig konfiguriert und professionell installiert ist.<\/p>\t\t\t\t\t\t\t\t<\/div>\n\t\t\t\t<\/div>\n\t\t\t\t<\/div>\n\t\t\t\t\t<\/details>\n\t\t\t\t\t<\/div>\n\t\t\t\t\t\t<\/div>\n\t\t\t\t<\/div>\n\t\t\t\t\t<\/div>\n\t\t\t\t<\/div>\n\t\t\t\t<\/div>","protected":false},"excerpt":{"rendered":"<p>Introduction to 7kW Pulse Series EV Charging Station The Mekel 7kW Pulse Series EV charging station is an advanced home and residential charging solution engineered for electric vehicle owners seeking efficiency, safety, and convenience. The 7kW Pulse Series EV Charging Station delivers consistent performance in both indoor and outdoor environments, making it a perfect fit [&hellip;]<\/p>","protected":false},"author":4,"featured_media":5535,"menu_order":0,"template":"","format":"standard","meta":{"_acf_changed":false,"site-sidebar-layout":"no-sidebar","site-content-layout":"page-builder","ast-site-content-layout":"full-width-container","site-content-style":"default","site-sidebar-style":"default","ast-global-header-display":"","ast-banner-title-visibility":"","ast-main-header-display":"","ast-hfb-above-header-display":"","ast-hfb-below-header-display":"","ast-hfb-mobile-header-display":"","site-post-title":"disabled","ast-breadcrumbs-content":"","ast-featured-img":"disabled","footer-sml-layout":"","ast-disable-related-posts":"","theme-transparent-header-meta":"","adv-header-id-meta":"","stick-header-meta":"","header-above-stick-meta":"","header-main-stick-meta":"","header-below-stick-meta":"","astra-migrate-meta-layouts":"set","ast-page-background-enabled":"default","ast-page-background-meta":{"desktop":{"background-color":"","background-image":"","background-repeat":"repeat","background-position":"center center","background-size":"auto","background-attachment":"scroll","background-type":"","background-media":"","overlay-type":"","overlay-color":"","overlay-opacity":"","overlay-gradient":""},"tablet":{"background-color":"","background-image":"","background-repeat":"repeat","background-position":"center center","background-size":"auto","background-attachment":"scroll","background-type":"","background-media":"","overlay-type":"","overlay-color":"","overlay-opacity":"","overlay-gradient":""},"mobile":{"background-color":"","background-image":"","background-repeat":"repeat","background-position":"center center","background-size":"auto","background-attachment":"scroll","background-type":"","background-media":"","overlay-type":"","overlay-color":"","overlay-opacity":"","overlay-gradient":""}},"ast-content-background-meta":{"desktop":{"background-color":"var(--ast-global-color-5)","background-image":"","background-repeat":"repeat","background-position":"center center","background-size":"auto","background-attachment":"scroll","background-type":"","background-media":"","overlay-type":"","overlay-color":"","overlay-opacity":"","overlay-gradient":""},"tablet":{"background-color":"var(--ast-global-color-5)","background-image":"","background-repeat":"repeat","background-position":"center center","background-size":"auto","background-attachment":"scroll","background-type":"","background-media":"","overlay-type":"","overlay-color":"","overlay-opacity":"","overlay-gradient":""},"mobile":{"background-color":"var(--ast-global-color-5)","background-image":"","background-repeat":"repeat","background-position":"center center","background-size":"auto","background-attachment":"scroll","background-type":"","background-media":"","overlay-type":"","overlay-color":"","overlay-opacity":"","overlay-gradient":""}},"footnotes":""},"product-category":[116,86],"product-tag":[],"class_list":["post-5310","product","type-product","status-publish","format-standard","has-post-thumbnail","hentry","product-category-ac-charging-station","product-category-charging-stations"],"acf":[],"_links":{"self":[{"href":"https:\/\/www.mekeltech.com\/de\/wp-json\/wp\/v2\/product\/5310","targetHints":{"allow":["GET"]}}],"collection":[{"href":"https:\/\/www.mekeltech.com\/de\/wp-json\/wp\/v2\/product"}],"about":[{"href":"https:\/\/www.mekeltech.com\/de\/wp-json\/wp\/v2\/types\/product"}],"author":[{"embeddable":true,"href":"https:\/\/www.mekeltech.com\/de\/wp-json\/wp\/v2\/users\/4"}],"version-history":[{"count":22,"href":"https:\/\/www.mekeltech.com\/de\/wp-json\/wp\/v2\/product\/5310\/revisions"}],"predecessor-version":[{"id":7822,"href":"https:\/\/www.mekeltech.com\/de\/wp-json\/wp\/v2\/product\/5310\/revisions\/7822"}],"wp:featuredmedia":[{"embeddable":true,"href":"https:\/\/www.mekeltech.com\/de\/wp-json\/wp\/v2\/media\/5535"}],"wp:attachment":[{"href":"https:\/\/www.mekeltech.com\/de\/wp-json\/wp\/v2\/media?parent=5310"}],"wp:term":[{"taxonomy":"product-category","embeddable":true,"href":"https:\/\/www.mekeltech.com\/de\/wp-json\/wp\/v2\/product-category?post=5310"},{"taxonomy":"product-tag","embeddable":true,"href":"https:\/\/www.mekeltech.com\/de\/wp-json\/wp\/v2\/product-tag?post=5310"}],"curies":[{"name":"wp","href":"https:\/\/api.w.org\/{rel}","templated":true}]}}