{"id":4505,"date":"2025-06-18T16:47:51","date_gmt":"2025-06-18T08:47:51","guid":{"rendered":"https:\/\/www.mekeltech.com\/?post_type=product&#038;p=4505"},"modified":"2025-06-18T17:52:01","modified_gmt":"2025-06-18T09:52:01","slug":"type-2-standard-charging-connectors","status":"publish","type":"product","link":"https:\/\/www.mekeltech.com\/de\/product\/type-2-standard-charging-connectors\/","title":{"rendered":"Typ 2 Standard-Ladestecker"},"content":{"rendered":"<p>Mekel Typ 2 Buchsen und Stecker zeichnen sich durch ein ergonomisches Design aus und sind nachweislich au\u00dfergew\u00f6hnlich langlebig, sicher und witterungsbest\u00e4ndig. Die jetzt in ein- und dreiphasiger Ausf\u00fchrung erh\u00e4ltlichen Steckverbinder enthalten auch interne Leitungskomponenten.<\/p>\n\n\n\n<h2 class=\"wp-block-heading\">Was sind Federleisten und Messerleisten des Typs 2?<\/h2>\n\n\n\n<p>Typ 2 Buchsen und Stecker werden f\u00fcr die Montage von Typ 2 AC-Ladekabeln verwendet. <\/p>\n\n\n\n<p>Die <strong>Buchse<\/strong> wird f\u00fcr das Ende verwendet, das direkt in die Fahrzeugsteckdosen Typ 2 oder CCS2 eingesteckt wird. <\/p>\n\n\n\n<p>Die <strong>Steckverbinder<\/strong> wird f\u00fcr den Anschluss an AC-Ladestationen verwendet. <\/p>\n\n\n\n<p>Wenn der Kunde beabsichtigt, eine Ladestation zu montieren, ist die Buchse ausreichend, da sie das Ende f\u00fcr die Verbindung mit der Ladedose des Fahrzeugs ist.<\/p>\n\n\n\n<h2 class=\"wp-block-heading\">Wie funktioniert es?<\/h2>\n\n\n\n<p>Die Innenkabel der Ladekabel des Typs 2 sind nach Entfernung der Kabelummantelung zusammen mit den entsprechenden Anschl\u00fcssen, die zusammen mit den Steckern geliefert werden, zu stanzen. Die Klemmen werden dann auf die \u00e4u\u00dferen PC- und Nylon-Geh\u00e4useteile der Steckverbinder montiert.<\/p>\n\n\n\n<p>Die Leitung und Weiterleitung der Elektrizit\u00e4t erfolgt \u00fcber die Klemmen der Typ-2-Buchsen und -Stecker, um das Elektrofahrzeug an der Ladestation aufzuladen.<\/p>\n\n\n\n<h2 class=\"wp-block-heading\">Warum sollten Sie sich f\u00fcr Mekel-Ladestecker Typ 2 auf Typ 2 entscheiden?<\/h2>\n\n\n\n<h3 class=\"wp-block-heading\">Branchenf\u00fchrende Zertifizierungen<\/h3>\n\n\n\n<p>Gepr\u00fcft und zertifiziert durch das renommierte T\u00dcV Rheinland Testlabor f\u00fcr T\u00dcV-, CE- und UKCA-Zertifizierungen. Mekel ist stolz auf seine Produkte, die allen Endverbrauchern zertifizierte Sicherheit bieten.<\/p>\n\n\n\n<h3 class=\"wp-block-heading\">Robuste Qualit\u00e4t<\/h3>\n\n\n\n<p>Die Typ-2-Steckverbinder von Mekel sind aus hochwertigem Material gefertigt und bieten Ihnen durch ihre Langlebigkeit den gr\u00f6\u00dftm\u00f6glichen Wert. Unsere Typ-2-Steckverbinder sind f\u00fcr mehr als 10.000 Nutzungszyklen ausgelegt und eignen sich f\u00fcr alle Unternehmen und Endverbraucher f\u00fcr den t\u00e4glichen Gebrauch.<\/p>\n\n\n\n<h3 class=\"wp-block-heading\">Gesch\u00fctzt gegen extreme Umwelt- und Wetterbedingungen<\/h3>\n\n\n\n<p>Die Typ-2-Steckverbinder von Mekel verf\u00fcgen \u00fcber die Schutzart IP65, um Regen und Schnee zu widerstehen. Sie wurden f\u00fcr den Betrieb unter extremen Wetterbedingungen von -35\u00b0C bis +50\u00b0C getestet. Die Steckverbinder wurden in allen Umgebungen getestet und eignen sich auch f\u00fcr den Einsatz in L\u00e4ndern entlang des \u00c4quators und bei extremem Frostwetter in den nordischen L\u00e4ndern.<\/p>\n\n\n\n<h3 class=\"wp-block-heading\">Hauptmerkmale der Mekel Typ 2 Steckverbinder<\/h3>\n\n\n\n<p>1. TUV, CE, UKCA, RoHS zertifiziert<\/p>\n\n\n\n<ol class=\"wp-block-list\">\n<li><\/li>\n<\/ol>\n\n\n\n<p>2. Flexible Anpassungsl\u00f6sungen: Laser-Gravur von Logo, L\u00e4nge, Farbe, Verpackung<\/p>\n\n\n\n<p>3. 2 Jahre Garantie<\/p>\n\n\n\n<p>4. Umfangreiches globales Liefernetzwerk<\/p>\n\n\n\n<p>5. \u00dcberlegener Schutz durch Wasserbest\u00e4ndigkeit<\/p>\n\n\n\n<h2 class=\"wp-block-heading\">FAQ<\/h2>\n\n\n\n<p><strong>F: Welchen Stecker brauche ich, wenn ich Ladestationen herstelle?<\/strong><\/p>\n\n\n\n<p>A: Wenn Sie kabelgebundene Ladestationen bauen, bei denen das Stationsende des Typ-2-Ladekabels an Ihrer Ladestation befestigt ist, ben\u00f6tigen Sie nur die Buchse. Die Buchse wird am Ladeende des Kabels angebracht und zum Anschluss des Elektrofahrzeugs verwendet.<\/p>\n\n\n\n<p><strong>F: Sind die Steckverbinder mit batteriebetriebenen Elektrofahrzeugen (BEV) und Plug-in-Hybrid-Elektrofahrzeugen (PHEV) kompatibel?<\/strong><\/p>\n\n\n\n<p>A: Bitte \u00fcberpr\u00fcfen Sie den Ladeanschluss des Fahrzeugs, um zu sehen, ob es sich um Typ 2 (Mennekes, 7 Pins) oder CCS 2 (7 Pins + 2 Pins) handelt. Die Typ-2-Buchse ist mit BEV und PHEV mit Typ-2- und CCS-Ladeeing\u00e4ngen kompatibel. Der Stecker ist mit Ladestationen kompatibel, nicht mit Fahrzeugen.<\/p>\n\n\n\n<p><strong>F: Verf\u00fcgen die Steckverbinder \u00fcber ein Qualit\u00e4tszertifikat?<\/strong><\/p>\n\n\n\n<p>A: Ja. Unsere Typ-2-Steckverbinder sind T\u00dcV-, CE- und UKCA-konform. Dies sind die strengsten Zertifizierungsanforderungen in Europa und im Vereinigten K\u00f6nigreich. Die Sicherstellung f\u00fchrender Qualit\u00e4t hat f\u00fcr uns oberste Priorit\u00e4t.<\/p>","protected":false},"excerpt":{"rendered":"<p>Mekel Type 2 Female and Male Connectors feature ergonomic design and are proven to be of exceptional durability, safety proof, and weather resistance. Now available in Single and three-phase variations, connectors also include internal conduction components. What are Type 2 Female and Male Connectors? Type 2 Female and Male Connectors are used for assembly of [&hellip;]<\/p>","protected":false},"author":4,"featured_media":4509,"menu_order":0,"template":"","format":"standard","meta":{"_acf_changed":false,"site-sidebar-layout":"default","site-content-layout":"","ast-site-content-layout":"default","site-content-style":"default","site-sidebar-style":"default","ast-global-header-display":"","ast-banner-title-visibility":"","ast-main-header-display":"","ast-hfb-above-header-display":"","ast-hfb-below-header-display":"","ast-hfb-mobile-header-display":"","site-post-title":"","ast-breadcrumbs-content":"","ast-featured-img":"","footer-sml-layout":"","ast-disable-related-posts":"","theme-transparent-header-meta":"","adv-header-id-meta":"","stick-header-meta":"","header-above-stick-meta":"","header-main-stick-meta":"","header-below-stick-meta":"","astra-migrate-meta-layouts":"set","ast-page-background-enabled":"default","ast-page-background-meta":{"desktop":{"background-color":"","background-image":"","background-repeat":"repeat","background-position":"center center","background-size":"auto","background-attachment":"scroll","background-type":"","background-media":"","overlay-type":"","overlay-color":"","overlay-opacity":"","overlay-gradient":""},"tablet":{"background-color":"","background-image":"","background-repeat":"repeat","background-position":"center center","background-size":"auto","background-attachment":"scroll","background-type":"","background-media":"","overlay-type":"","overlay-color":"","overlay-opacity":"","overlay-gradient":""},"mobile":{"background-color":"","background-image":"","background-repeat":"repeat","background-position":"center center","background-size":"auto","background-attachment":"scroll","background-type":"","background-media":"","overlay-type":"","overlay-color":"","overlay-opacity":"","overlay-gradient":""}},"ast-content-background-meta":{"desktop":{"background-color":"var(--ast-global-color-5)","background-image":"","background-repeat":"repeat","background-position":"center center","background-size":"auto","background-attachment":"scroll","background-type":"","background-media":"","overlay-type":"","overlay-color":"","overlay-opacity":"","overlay-gradient":""},"tablet":{"background-color":"var(--ast-global-color-5)","background-image":"","background-repeat":"repeat","background-position":"center center","background-size":"auto","background-attachment":"scroll","background-type":"","background-media":"","overlay-type":"","overlay-color":"","overlay-opacity":"","overlay-gradient":""},"mobile":{"background-color":"var(--ast-global-color-5)","background-image":"","background-repeat":"repeat","background-position":"center center","background-size":"auto","background-attachment":"scroll","background-type":"","background-media":"","overlay-type":"","overlay-color":"","overlay-opacity":"","overlay-gradient":""}},"footnotes":""},"product-category":[90],"product-tag":[],"class_list":["post-4505","product","type-product","status-publish","format-standard","has-post-thumbnail","hentry","product-category-charging-cable"],"acf":[],"_links":{"self":[{"href":"https:\/\/www.mekeltech.com\/de\/wp-json\/wp\/v2\/product\/4505","targetHints":{"allow":["GET"]}}],"collection":[{"href":"https:\/\/www.mekeltech.com\/de\/wp-json\/wp\/v2\/product"}],"about":[{"href":"https:\/\/www.mekeltech.com\/de\/wp-json\/wp\/v2\/types\/product"}],"author":[{"embeddable":true,"href":"https:\/\/www.mekeltech.com\/de\/wp-json\/wp\/v2\/users\/4"}],"version-history":[{"count":4,"href":"https:\/\/www.mekeltech.com\/de\/wp-json\/wp\/v2\/product\/4505\/revisions"}],"predecessor-version":[{"id":5994,"href":"https:\/\/www.mekeltech.com\/de\/wp-json\/wp\/v2\/product\/4505\/revisions\/5994"}],"wp:featuredmedia":[{"embeddable":true,"href":"https:\/\/www.mekeltech.com\/de\/wp-json\/wp\/v2\/media\/4509"}],"wp:attachment":[{"href":"https:\/\/www.mekeltech.com\/de\/wp-json\/wp\/v2\/media?parent=4505"}],"wp:term":[{"taxonomy":"product-category","embeddable":true,"href":"https:\/\/www.mekeltech.com\/de\/wp-json\/wp\/v2\/product-category?post=4505"},{"taxonomy":"product-tag","embeddable":true,"href":"https:\/\/www.mekeltech.com\/de\/wp-json\/wp\/v2\/product-tag?post=4505"}],"curies":[{"name":"wp","href":"https:\/\/api.w.org\/{rel}","templated":true}]}}