{"id":3403,"date":"2025-05-07T08:56:08","date_gmt":"2025-05-07T08:56:08","guid":{"rendered":"https:\/\/www.mekeltech.com\/?post_type=product&#038;p=3403"},"modified":"2025-07-24T17:23:54","modified_gmt":"2025-07-24T09:23:54","slug":"7-22kw-portable-ev-charger-offerings","status":"publish","type":"product","link":"https:\/\/www.mekeltech.com\/de\/product\/7-22kw-portable-ev-charger-offerings\/","title":{"rendered":"7-22kW Tragbares EV-Ladeger\u00e4t"},"content":{"rendered":"<div data-elementor-type=\"wp-post\" data-elementor-id=\"3403\" class=\"elementor elementor-3403\" data-elementor-post-type=\"product\">\n\t\t\t\t<div class=\"elementor-element elementor-element-75f90086 e-flex e-con-boxed e-con e-parent\" data-id=\"75f90086\" data-element_type=\"container\">\n\t\t\t\t\t<div class=\"e-con-inner\">\n\t\t\t\t<div class=\"elementor-element elementor-element-3eda3a2 elementor-widget elementor-widget-text-editor\" data-id=\"3eda3a2\" data-element_type=\"widget\" data-widget_type=\"text-editor.default\">\n\t\t\t\t<div class=\"elementor-widget-container\">\n\t\t\t\t\t\t\t\t\t<p>Die tragbaren 7-22 kW EV-Ladeger\u00e4te von Mekel bieten m\u00fchelose Plug-and-Charge-Funktionalit\u00e4t, egal ob sie vor Ort montiert oder unterwegs mitgenommen werden. Sie sind sowohl f\u00fcr den Innen- als auch f\u00fcr den Au\u00dfenbereich geeignet und stellen eine vielseitige Ladestation f\u00fcr Unternehmen dar, die ihre E-Automobilit\u00e4t ausbauen m\u00f6chten, sowie f\u00fcr private E-Auto-Besitzer, die zu Hause und unterwegs m\u00fchelos laden m\u00f6chten.<\/p>\t\t\t\t\t\t\t\t<\/div>\n\t\t\t\t<\/div>\n\t\t\t\t<div class=\"elementor-element elementor-element-cac0e9e elementor-widget elementor-widget-heading\" data-id=\"cac0e9e\" data-element_type=\"widget\" data-widget_type=\"heading.default\">\n\t\t\t\t<div class=\"elementor-widget-container\">\n\t\t\t\t\t<h2 class=\"elementor-heading-title elementor-size-default\">Beschleunigtes Laden mit Mekel 7kW Portable EV Charger<\/h2>\t\t\t\t<\/div>\n\t\t\t\t<\/div>\n\t\t\t\t<div class=\"elementor-element elementor-element-9e44ca2 elementor-widget elementor-widget-text-editor\" data-id=\"9e44ca2\" data-element_type=\"widget\" data-widget_type=\"text-editor.default\">\n\t\t\t\t<div class=\"elementor-widget-container\">\n\t\t\t\t\t\t\t\t\t<p>Mit einer Leistung von bis zu 22 Kilowatt sorgen die tragbaren EV-Ladeger\u00e4te von Mekel (7-22 kW) f\u00fcr schnelles und zuverl\u00e4ssiges Aufladen zu Hause, am Arbeitsplatz und an kommerziellen Knotenpunkten. Mit Typ-2-, NACS- und Typ-1-Steckeroptionen l\u00e4sst es sich nahtlos in EV-Modelle in allen geografischen Gebieten integrieren. F\u00fcr Unternehmen und Privatpersonen steigert dieses Ladeger\u00e4t die betriebliche Effizienz, indem es die Ladezeit im Vergleich zu tragbaren 3,7-kW-Ladeger\u00e4ten erheblich verk\u00fcrzt, so dass Flotten und private E-Fahrzeuge mit minimaler Ladeverz\u00f6gerung einsatzbereit sind.<\/p>\t\t\t\t\t\t\t\t<\/div>\n\t\t\t\t<\/div>\n\t\t\t\t<div class=\"elementor-element elementor-element-a1641b5 elementor-widget elementor-widget-heading\" data-id=\"a1641b5\" data-element_type=\"widget\" data-widget_type=\"heading.default\">\n\t\t\t\t<div class=\"elementor-widget-container\">\n\t\t\t\t\t<h2 class=\"elementor-heading-title elementor-size-default\">Wie lange dauert das Aufladen mit einem tragbaren 22-kW-EV-Ladeger\u00e4t?<\/h2>\t\t\t\t<\/div>\n\t\t\t\t<\/div>\n\t\t\t\t<div class=\"elementor-element elementor-element-e34927b elementor-widget elementor-widget-text-editor\" data-id=\"e34927b\" data-element_type=\"widget\" data-widget_type=\"text-editor.default\">\n\t\t\t\t<div class=\"elementor-widget-container\">\n\t\t\t\t\t\t\t\t\t<p>Die Ladedauer h\u00e4ngt von der Gr\u00f6\u00dfe der Batterie eines Elektrofahrzeugs ab. Im Durchschnitt bietet dieses 22-kW-Ladeger\u00e4t eine Reichweite von etwa 100 km pro Stunde. Eine vollst\u00e4ndige Ladung dauert in der Regel 3 bis 4 Stunden - l\u00e4nger f\u00fcr Batterien mit hoher Kapazit\u00e4t wie die eines Tesla Model X, k\u00fcrzer f\u00fcr kleinere Batterien. Variablen wie die Leistungsstabilit\u00e4t und das Fahrzeugdesign spielen ebenfalls eine Rolle und machen es zu einer soliden Wahl f\u00fcr das Aufladen \u00fcber Nacht oder an Werktagen.<\/p>\t\t\t\t\t\t\t\t<\/div>\n\t\t\t\t<\/div>\n\t\t\t\t<div class=\"elementor-element elementor-element-de7c0e0 elementor-widget elementor-widget-heading\" data-id=\"de7c0e0\" data-element_type=\"widget\" data-widget_type=\"heading.default\">\n\t\t\t\t<div class=\"elementor-widget-container\">\n\t\t\t\t\t<h2 class=\"elementor-heading-title elementor-size-default\">Mobilit\u00e4t trifft auf robustes Design<\/h2>\t\t\t\t<\/div>\n\t\t\t\t<\/div>\n\t\t\t\t<div class=\"elementor-element elementor-element-4ede38a elementor-widget elementor-widget-text-editor\" data-id=\"4ede38a\" data-element_type=\"widget\" data-widget_type=\"text-editor.default\">\n\t\t\t\t<div class=\"elementor-widget-container\">\n\t\t\t\t\t\t\t\t\t<p>Die tragbaren Mekel-EV-Ladeger\u00e4te 7-22 kW sind auf Mobilit\u00e4t ausgelegt, ohne dabei Abstriche bei der Haltbarkeit zu machen. Der leichte Rahmen und die ergonomischen Griffe machen es einfach, die Ladestation an einem anderen Ort oder innerhalb einer Einrichtung zu platzieren, w\u00e4hrend das robuste Geh\u00e4use vor St\u00f6\u00dfen und Wettereinfl\u00fcssen sch\u00fctzt. Diese Anpassungsf\u00e4higkeit eignet sich f\u00fcr dynamische Gesch\u00e4ftsanforderungen, von Veranstaltungsr\u00e4umen bis hin zu Fuhrparkdepots und mobilen Dienstleistern.<\/p>\t\t\t\t\t\t\t\t<\/div>\n\t\t\t\t<\/div>\n\t\t\t\t<div class=\"elementor-element elementor-element-49c839a elementor-widget elementor-widget-heading\" data-id=\"49c839a\" data-element_type=\"widget\" data-widget_type=\"heading.default\">\n\t\t\t\t<div class=\"elementor-widget-container\">\n\t\t\t\t\t<h2 class=\"elementor-heading-title elementor-size-default\">Vereinfachtes Aufladen mit einer intuitiven Benutzeroberfl\u00e4che<\/h2>\t\t\t\t<\/div>\n\t\t\t\t<\/div>\n\t\t\t\t<div class=\"elementor-element elementor-element-9ff5d66 elementor-widget elementor-widget-text-editor\" data-id=\"9ff5d66\" data-element_type=\"widget\" data-widget_type=\"text-editor.default\">\n\t\t\t\t<div class=\"elementor-widget-container\">\n\t\t\t\t\t\t\t\t\t<p>Das Aufladen sollte Sie nicht aufhalten. Das Mekl 7-22kW Portable EV Chargers bietet ein einfaches Design f\u00fcr m\u00fchelose Bedienung:<\/p>\n<p><!-- \/wp:paragraph --><!-- wp:list --><\/p>\n<ul class=\"wp-block-list\"><!-- wp:list-item -->\n<li><strong>Scharfes LCD-Display<\/strong>: Verfolgt Ladestatistiken wie Strom und Temperatur in Echtzeit.<\/li>\n<!-- \/wp:list-item --><!-- wp:list-item -->\n<li><strong>Zug\u00e4ngliche Steuerelemente<\/strong>: Einfach zu bedienende Tasten gew\u00e4hrleisten eine schnelle Einrichtung, auch f\u00fcr Anf\u00e4nger.<\/li>\n<!-- \/wp:list-item --><!-- wp:list-item -->\n<li><strong>Cabrio-Stecker<\/strong>: Auswechselbare CEE- und verschiedene Haushaltsstecker f\u00fcr geeignete Einsatzszenarien.<\/li>\n<\/ul>\t\t\t\t\t\t\t\t<\/div>\n\t\t\t\t<\/div>\n\t\t\t\t<div class=\"elementor-element elementor-element-7d8b103 elementor-widget elementor-widget-heading\" data-id=\"7d8b103\" data-element_type=\"widget\" data-widget_type=\"heading.default\">\n\t\t\t\t<div class=\"elementor-widget-container\">\n\t\t\t\t\t<h2 class=\"elementor-heading-title elementor-size-default\">Unsere tragbaren 7-22kW EV-Ladeger\u00e4te-Varianten<\/h2>\t\t\t\t<\/div>\n\t\t\t\t<\/div>\n\t\t\t\t<div class=\"elementor-element elementor-element-455ce53 elementor-widget elementor-widget-text-editor\" data-id=\"455ce53\" data-element_type=\"widget\" data-widget_type=\"text-editor.default\">\n\t\t\t\t<div class=\"elementor-widget-container\">\n\t\t\t\t\t\t\t\t\t<p>Wir wissen, dass sich Unternehmen weiterentwickeln. Deshalb umfasst unser Angebot an tragbaren EV-Ladeger\u00e4ten von 7 bis 22 kW Modelle, die f\u00fcr eine konsistente, hochwertige Leistung ausgelegt sind, die auf Ihre betrieblichen Anforderungen zugeschnitten ist.<\/p>\t\t\t\t\t\t\t\t<\/div>\n\t\t\t\t<\/div>\n\t\t\t\t<div class=\"elementor-element elementor-element-bc17b39 elementor-widget elementor-widget-heading\" data-id=\"bc17b39\" data-element_type=\"widget\" data-widget_type=\"heading.default\">\n\t\t\t\t<div class=\"elementor-widget-container\">\n\t\t\t\t\t<h2 class=\"elementor-heading-title elementor-size-default\">Gesch\u00e4ftsspezifische Geb\u00fchrenanpassung<\/h2>\t\t\t\t<\/div>\n\t\t\t\t<\/div>\n\t\t\t\t<div class=\"elementor-element elementor-element-3cc1251 elementor-widget elementor-widget-text-editor\" data-id=\"3cc1251\" data-element_type=\"widget\" data-widget_type=\"text-editor.default\">\n\t\t\t\t<div class=\"elementor-widget-container\">\n\t\t\t\t\t\t\t\t\t<p>Passen Sie das Mekel 7kW Portable Charger an die Bed\u00fcrfnisse Ihres Unternehmens an. W\u00e4hlen Sie zwischen Typ-2-, NACS- oder Typ-1-Steckern, passen Sie Kabell\u00e4nge und -farbe an und drucken Sie Ihr Logo auf. Diese Personalisierung st\u00e4rkt und verbessert Ihre Markenpr\u00e4senz.<\/p>\t\t\t\t\t\t\t\t<\/div>\n\t\t\t\t<\/div>\n\t\t\t\t<div class=\"elementor-element elementor-element-1a73415 elementor-widget elementor-widget-heading\" data-id=\"1a73415\" data-element_type=\"widget\" data-widget_type=\"heading.default\">\n\t\t\t\t<div class=\"elementor-widget-container\">\n\t\t\t\t\t<h2 class=\"elementor-heading-title elementor-size-default\">Ladeszenarien f\u00fcr Mekel 7-22kW Portable EV-Ladeger\u00e4te<\/h2>\t\t\t\t<\/div>\n\t\t\t\t<\/div>\n\t\t\t\t<div class=\"elementor-element elementor-element-46cb4a6 elementor-widget elementor-widget-heading\" data-id=\"46cb4a6\" data-element_type=\"widget\" data-widget_type=\"heading.default\">\n\t\t\t\t<div class=\"elementor-widget-container\">\n\t\t\t\t\t<h3 class=\"elementor-heading-title elementor-size-default\">Zuverl\u00e4ssiger Strom zu Hause oder im B\u00fcro<\/h3>\t\t\t\t<\/div>\n\t\t\t\t<\/div>\n\t\t\t\t<div class=\"elementor-element elementor-element-81ca670 elementor-widget elementor-widget-text-editor\" data-id=\"81ca670\" data-element_type=\"widget\" data-widget_type=\"text-editor.default\">\n\t\t\t\t<div class=\"elementor-widget-container\">\n\t\t\t\t\t\t\t\t\t<p>Das tragbare 7-22-kW-EV-Ladeger\u00e4t von Mekel bietet eine zuverl\u00e4ssige L\u00f6sung f\u00fcr Innenr\u00e4ume, wie z. B. Hausgaragen oder B\u00fcrofl\u00e4chen. Schlie\u00dfen Sie es an eine 220-240-V-Wechselstrom-Steckdose an, um effizient \u00fcber Nacht zu laden, oder an CEE-Stecker mit bis zu 400-V-Wechselstrom, und es stellt sicher, dass die Fahrzeuge am Morgen voll aufgeladen sind.<\/p>\t\t\t\t\t\t\t\t<\/div>\n\t\t\t\t<\/div>\n\t\t\t\t<div class=\"elementor-element elementor-element-41845dc elementor-widget elementor-widget-heading\" data-id=\"41845dc\" data-element_type=\"widget\" data-widget_type=\"heading.default\">\n\t\t\t\t<div class=\"elementor-widget-container\">\n\t\t\t\t\t<h3 class=\"elementor-heading-title elementor-size-default\">Flexibles Aufladen unterwegs<\/h3>\t\t\t\t<\/div>\n\t\t\t\t<\/div>\n\t\t\t\t<div class=\"elementor-element elementor-element-1a294f0 elementor-widget elementor-widget-text-editor\" data-id=\"1a294f0\" data-element_type=\"widget\" data-widget_type=\"text-editor.default\">\n\t\t\t\t<div class=\"elementor-widget-container\">\n\t\t\t\t\t\t\t\t\t<p>Die tragbaren Mekel-EV-Ladeger\u00e4te 7-22 kW sind so kompakt, dass sie in den Kofferraum eines Fahrzeugs passen, und dienen als mobile Stromversorgungssysteme. Sie sind perfekt f\u00fcr Reisen in l\u00e4ndliche Gebiete und f\u00fcr Notf\u00e4lle geeignet und k\u00f6nnen an jede kompatible Steckdose angeschlossen werden, um \u00fcberall eine konstante Ladung zu gew\u00e4hrleisten. Dies gibt den Nutzern ein beruhigendes Gef\u00fchl, wenn die Abh\u00e4ngigkeit von \u00f6ffentlichen Ladestationen begrenzt ist.<\/p>\t\t\t\t\t\t\t\t<\/div>\n\t\t\t\t<\/div>\n\t\t\t\t<div class=\"elementor-element elementor-element-7237687 elementor-widget elementor-widget-heading\" data-id=\"7237687\" data-element_type=\"widget\" data-widget_type=\"heading.default\">\n\t\t\t\t<div class=\"elementor-widget-container\">\n\t\t\t\t\t<h2 class=\"elementor-heading-title elementor-size-default\">FAQ<\/h2>\t\t\t\t<\/div>\n\t\t\t\t<\/div>\n\t\t\t\t<div class=\"elementor-element elementor-element-6dcb7f4 elementor-widget elementor-widget-text-editor\" data-id=\"6dcb7f4\" data-element_type=\"widget\" data-widget_type=\"text-editor.default\">\n\t\t\t\t<div class=\"elementor-widget-container\">\n\t\t\t\t\t\t\t\t\t<p>F: Wie schnell l\u00e4dt ein tragbares 7-22-kW-EV-Ladeger\u00e4t (32 A)?<br \/>A: Abh\u00e4ngig von der angeschlossenen Steckdose erh\u00f6ht sich die Reichweite beim Laden mit 7 kW um 45-55 km pro Stunde, je nach Batteriegr\u00f6\u00dfe und -effizienz. Bei 22 kW betr\u00e4gt die zus\u00e4tzliche Reichweite etwa 110 km pro Stunde. Diese Geschwindigkeit eignet sich f\u00fcr das Aufladen von Flotten \u00fcber Nacht oder f\u00fcr den Einsatz am Tag, damit die Fahrzeuge einsatzbereit sind.<\/p>\n<p><!-- \/wp:paragraph --><!-- wp:paragraph --><\/p>\n<p>F: Ist es mit allen Elektrofahrzeugen kompatibel?<br \/>A: Ja, die Mekel-Ladeger\u00e4te mit 7-22 kW unterst\u00fctzen E-Fahrzeuge mit Typ-2-, NACS- oder Typ-1-Anschl\u00fcssen, darunter Modelle von Tesla, Nissan, BMW und anderen Herstellern. \u00dcberpr\u00fcfen Sie die technischen Daten Ihres Fahrzeugs, um eine perfekte \u00dcbereinstimmung zu erzielen, da die Ladebuchsen f\u00fcr Elektrofahrzeuge je nach Region variieren.<\/p>\n<p><!-- \/wp:paragraph --><!-- wp:paragraph --><\/p>\n<p>F: Wie muss die Stromversorgung aussehen?<br \/>A: Zum Laden mit 7 kW ist eine einphasige 32-A-CEE-Steckdose erforderlich, f\u00fcr 22 kW eine dreiphasige 32-A-CEE-Steckdose. Sollten beide nicht verf\u00fcgbar sein, k\u00f6nnen Sie auch den Steckdosenanschluss zum Laden wechseln, was Ihnen in verschiedenen Situationen die gr\u00f6\u00dftm\u00f6gliche Flexibilit\u00e4t bietet.<\/p>\n<p><!-- \/wp:paragraph --><!-- wp:paragraph --><\/p>\n<p>F: Kann das System sowohl station\u00e4re als auch mobile Gesch\u00e4ftsanforderungen erf\u00fcllen?<br \/>A: Ja, er ist f\u00fcr den station\u00e4ren Einsatz zu Hause oder im B\u00fcro geeignet und kann auch auf Reisen mitgenommen werden, was ihn zu einem vielseitigen Backup f\u00fcr Flotten oder entfernte Standorte macht.<\/p>\n<p><!-- \/wp:paragraph --><!-- wp:paragraph --><\/p>\n<p>F: Ist das Ger\u00e4t f\u00fcr den Au\u00dfeneinsatz geeignet?<br \/>A: Auf jeden Fall. Mit einer IP66-Einstufung widersteht es Regen, Staub und extremen Temperaturen und ist somit in jeder Gesch\u00e4ftsumgebung zuverl\u00e4ssig.<\/p>\t\t\t\t\t\t\t\t<\/div>\n\t\t\t\t<\/div>\n\t\t\t\t\t<\/div>\n\t\t\t\t<\/div>\n\t\t\t\t<\/div>","protected":false},"excerpt":{"rendered":"<p>Mekel\u2019s 7-22kW Portable EV Chargers delivers effortless plug-and-charge functionality, whether mounted in place or taken on the go. Designed for both indoor and outdoor environments, it\u2019s a versatile charging asset for businesses aiming to scale their EV operations and for individual EV owners looking for hassle free charging at home and on the go. Accelerated [&hellip;]<\/p>","protected":false},"author":1,"featured_media":2261,"menu_order":0,"template":"","format":"standard","meta":{"_acf_changed":false,"site-sidebar-layout":"default","site-content-layout":"","ast-site-content-layout":"default","site-content-style":"default","site-sidebar-style":"default","ast-global-header-display":"","ast-banner-title-visibility":"","ast-main-header-display":"","ast-hfb-above-header-display":"","ast-hfb-below-header-display":"","ast-hfb-mobile-header-display":"","site-post-title":"","ast-breadcrumbs-content":"","ast-featured-img":"","footer-sml-layout":"","ast-disable-related-posts":"","theme-transparent-header-meta":"","adv-header-id-meta":"","stick-header-meta":"","header-above-stick-meta":"","header-main-stick-meta":"","header-below-stick-meta":"","astra-migrate-meta-layouts":"set","ast-page-background-enabled":"default","ast-page-background-meta":{"desktop":{"background-color":"","background-image":"","background-repeat":"repeat","background-position":"center center","background-size":"auto","background-attachment":"scroll","background-type":"","background-media":"","overlay-type":"","overlay-color":"","overlay-opacity":"","overlay-gradient":""},"tablet":{"background-color":"","background-image":"","background-repeat":"repeat","background-position":"center center","background-size":"auto","background-attachment":"scroll","background-type":"","background-media":"","overlay-type":"","overlay-color":"","overlay-opacity":"","overlay-gradient":""},"mobile":{"background-color":"","background-image":"","background-repeat":"repeat","background-position":"center center","background-size":"auto","background-attachment":"scroll","background-type":"","background-media":"","overlay-type":"","overlay-color":"","overlay-opacity":"","overlay-gradient":""}},"ast-content-background-meta":{"desktop":{"background-color":"var(--ast-global-color-5)","background-image":"","background-repeat":"repeat","background-position":"center center","background-size":"auto","background-attachment":"scroll","background-type":"","background-media":"","overlay-type":"","overlay-color":"","overlay-opacity":"","overlay-gradient":""},"tablet":{"background-color":"var(--ast-global-color-5)","background-image":"","background-repeat":"repeat","background-position":"center center","background-size":"auto","background-attachment":"scroll","background-type":"","background-media":"","overlay-type":"","overlay-color":"","overlay-opacity":"","overlay-gradient":""},"mobile":{"background-color":"var(--ast-global-color-5)","background-image":"","background-repeat":"repeat","background-position":"center center","background-size":"auto","background-attachment":"scroll","background-type":"","background-media":"","overlay-type":"","overlay-color":"","overlay-opacity":"","overlay-gradient":""}},"footnotes":""},"product-category":[92],"product-tag":[],"class_list":["post-3403","product","type-product","status-publish","format-standard","has-post-thumbnail","hentry","product-category-portable-charger"],"acf":[],"_links":{"self":[{"href":"https:\/\/www.mekeltech.com\/de\/wp-json\/wp\/v2\/product\/3403","targetHints":{"allow":["GET"]}}],"collection":[{"href":"https:\/\/www.mekeltech.com\/de\/wp-json\/wp\/v2\/product"}],"about":[{"href":"https:\/\/www.mekeltech.com\/de\/wp-json\/wp\/v2\/types\/product"}],"author":[{"embeddable":true,"href":"https:\/\/www.mekeltech.com\/de\/wp-json\/wp\/v2\/users\/1"}],"version-history":[{"count":6,"href":"https:\/\/www.mekeltech.com\/de\/wp-json\/wp\/v2\/product\/3403\/revisions"}],"predecessor-version":[{"id":5427,"href":"https:\/\/www.mekeltech.com\/de\/wp-json\/wp\/v2\/product\/3403\/revisions\/5427"}],"wp:featuredmedia":[{"embeddable":true,"href":"https:\/\/www.mekeltech.com\/de\/wp-json\/wp\/v2\/media\/2261"}],"wp:attachment":[{"href":"https:\/\/www.mekeltech.com\/de\/wp-json\/wp\/v2\/media?parent=3403"}],"wp:term":[{"taxonomy":"product-category","embeddable":true,"href":"https:\/\/www.mekeltech.com\/de\/wp-json\/wp\/v2\/product-category?post=3403"},{"taxonomy":"product-tag","embeddable":true,"href":"https:\/\/www.mekeltech.com\/de\/wp-json\/wp\/v2\/product-tag?post=3403"}],"curies":[{"name":"wp","href":"https:\/\/api.w.org\/{rel}","templated":true}]}}