{"id":2981,"date":"2025-05-25T15:27:44","date_gmt":"2025-05-25T07:27:44","guid":{"rendered":"https:\/\/mekeltech.com\/?post_type=product&#038;p=2981"},"modified":"2025-09-05T10:41:59","modified_gmt":"2025-09-05T02:41:59","slug":"dc-charging-controller","status":"publish","type":"product","link":"https:\/\/www.mekeltech.com\/de\/product\/dc-charging-controller\/","title":{"rendered":"DC-Laderegler"},"content":{"rendered":"<div data-elementor-type=\"wp-post\" data-elementor-id=\"2981\" class=\"elementor elementor-2981\" data-elementor-post-type=\"product\">\n\t\t\t\t<div class=\"elementor-element elementor-element-40a01cfc e-flex e-con-boxed e-con e-parent\" data-id=\"40a01cfc\" data-element_type=\"container\">\n\t\t\t\t\t<div class=\"e-con-inner\">\n\t\t\t\t<div class=\"elementor-element elementor-element-85de9aa elementor-widget elementor-widget-heading\" data-id=\"85de9aa\" data-element_type=\"widget\" data-widget_type=\"heading.default\">\n\t\t\t\t<div class=\"elementor-widget-container\">\n\t\t\t\t\t<h2 class=\"elementor-heading-title elementor-size-default\">Einf\u00fchrung in den DC-Laderegler<\/h2>\t\t\t\t<\/div>\n\t\t\t\t<\/div>\n\t\t\t\t<div class=\"elementor-element elementor-element-e2110a0 elementor-widget elementor-widget-text-editor\" data-id=\"e2110a0\" data-element_type=\"widget\" data-widget_type=\"text-editor.default\">\n\t\t\t\t<div class=\"elementor-widget-container\">\n\t\t\t\t\t\t\t\t\t<p>Der DC-Laderegler von Mekel ist eine leistungsstarke Steuereinheit, die f\u00fcr die \u00dcberwachung, Steuerung, Kommunikation und Schutzfunktionen des gesamten Ladevorgangs verantwortlich ist. Er verf\u00fcgt \u00fcber eine Echtzeit-\u00dcberwachung von Spannung, Strom, Temperatur und Fehlerstatus und gew\u00e4hrleistet h\u00f6chste Effizienz (\u226596%) und einen unterbrechungsfreien Betrieb in \u00f6ffentlichen und kommerziellen Ladeszenarien. Mit integrierter Unterst\u00fctzung von CCS-, CHAdeMO- und GB\/T-Protokollen sowie der Einhaltung von IEC 61851-23 und ISO 15118 bietet unser Controller intelligentes Lademanagement und Ferndiagnose.<\/p>\t\t\t\t\t\t\t\t<\/div>\n\t\t\t\t<\/div>\n\t\t\t\t<div class=\"elementor-element elementor-element-b0e9e6a elementor-widget elementor-widget-heading\" data-id=\"b0e9e6a\" data-element_type=\"widget\" data-widget_type=\"heading.default\">\n\t\t\t\t<div class=\"elementor-widget-container\">\n\t\t\t\t\t<h2 class=\"elementor-heading-title elementor-size-default\">Wie funktioniert der DC Charging Controller?<\/h2>\t\t\t\t<\/div>\n\t\t\t\t<\/div>\n\t\t\t\t<div class=\"elementor-element elementor-element-8118dc1 elementor-widget elementor-widget-text-editor\" data-id=\"8118dc1\" data-element_type=\"widget\" data-widget_type=\"text-editor.default\">\n\t\t\t\t<div class=\"elementor-widget-container\">\n\t\t\t\t\t\t\t\t\t<p>Nach erfolgreicher Verifizierung durch den Benutzer stellt der DC-Laderegler die Kommunikation mit dem Batteriemanagementsystem (BMS) des Fahrzeugs her und leitet den Ladevorgang ein. W\u00e4hrend des Ladevorgangs \u00fcberwacht das Steuerger\u00e4t in Echtzeit<strong>\u00a0<\/strong>Spannung, Strom, Temperatur usw. und passt die Leistung auf der Grundlage des BMS-Feedbacks an. Wenn Probleme wie \u00dcberspannung oder \u00dcberhitzung auftreten, aktiviert der Controller Sicherheitsmechanismen und zeichnet Fehlerdaten auf. Nach Beendigung des Ladevorgangs trennt der Controller den Stromkreis sicher, k\u00fcmmert sich um die Z\u00e4hlung und Abrechnung und kommuniziert mit der Cloud f\u00fcr alle weiteren intelligenten Berichte.<\/p>\t\t\t\t\t\t\t\t<\/div>\n\t\t\t\t<\/div>\n\t\t\t\t<div class=\"elementor-element elementor-element-e3577ea elementor-widget elementor-widget-heading\" data-id=\"e3577ea\" data-element_type=\"widget\" data-widget_type=\"heading.default\">\n\t\t\t\t<div class=\"elementor-widget-container\">\n\t\t\t\t\t<h2 class=\"elementor-heading-title elementor-size-default\">Warum sollten Sie sich f\u00fcr Mekels DC-Laderegler entscheiden?<\/h2>\t\t\t\t<\/div>\n\t\t\t\t<\/div>\n\t\t\t\t<div class=\"elementor-element elementor-element-2748d70 elementor-widget elementor-widget-heading\" data-id=\"2748d70\" data-element_type=\"widget\" data-widget_type=\"heading.default\">\n\t\t\t\t<div class=\"elementor-widget-container\">\n\t\t\t\t\t<h3 class=\"elementor-heading-title elementor-size-default\">Skalierbares Power Management<\/h3>\t\t\t\t<\/div>\n\t\t\t\t<\/div>\n\t\t\t\t<div class=\"elementor-element elementor-element-4c6943e elementor-widget elementor-widget-text-editor\" data-id=\"4c6943e\" data-element_type=\"widget\" data-widget_type=\"text-editor.default\">\n\t\t\t\t<div class=\"elementor-widget-container\">\n\t\t\t\t\t\t\t\t\t<p>Unser DC-Laderegler unterst\u00fctzt mehrere Leistungsmodule parallel, so dass Betreiber von Ladestationen die Kapazit\u00e4t durch Hinzuf\u00fcgen oder Austauschen von Modulen ohne Ausfallzeiten erweitern k\u00f6nnen. Diese modulare Architektur reduziert die Investitionskosten f\u00fcr Betreiber und vereinfacht die Wartung, da einzelne Module gewartet oder ausgetauscht werden k\u00f6nnen, ohne die gesamte Station vom Netz zu nehmen.<\/p>\t\t\t\t\t\t\t\t<\/div>\n\t\t\t\t<\/div>\n\t\t\t\t<div class=\"elementor-element elementor-element-6800afa elementor-widget elementor-widget-heading\" data-id=\"6800afa\" data-element_type=\"widget\" data-widget_type=\"heading.default\">\n\t\t\t\t<div class=\"elementor-widget-container\">\n\t\t\t\t\t<h3 class=\"elementor-heading-title elementor-size-default\">Erweiterte Sicherheit und Zuverl\u00e4ssigkeit<\/h3>\t\t\t\t<\/div>\n\t\t\t\t<\/div>\n\t\t\t\t<div class=\"elementor-element elementor-element-9e9c837 elementor-widget elementor-widget-text-editor\" data-id=\"9e9c837\" data-element_type=\"widget\" data-widget_type=\"text-editor.default\">\n\t\t\t\t<div class=\"elementor-widget-container\">\n\t\t\t\t\t\t\t\t\t<p>Ausgestattet mit umfassenden Schutzmechanismen, trennt der DC-Laderegler automatisch fehlerhafte Module und l\u00f6st sichere Abschaltsequenzen aus, um Benutzer und Ger\u00e4te zu sch\u00fctzen. Der DC-Laderegler hat eine MTBF-Bewertung von mehr als 500.000 Stunden und gew\u00e4hrleistet damit langfristige Zuverl\u00e4ssigkeit in anspruchsvollen Umgebungen wie Autobahnstationen und Fuhrparkdepots.<\/p>\t\t\t\t\t\t\t\t<\/div>\n\t\t\t\t<\/div>\n\t\t\t\t<div class=\"elementor-element elementor-element-62c6537 elementor-widget elementor-widget-heading\" data-id=\"62c6537\" data-element_type=\"widget\" data-widget_type=\"heading.default\">\n\t\t\t\t<div class=\"elementor-widget-container\">\n\t\t\t\t\t<h3 class=\"elementor-heading-title elementor-size-default\">Intelligente Konnektivit\u00e4t und umfassende Konformit\u00e4t<\/h3>\t\t\t\t<\/div>\n\t\t\t\t<\/div>\n\t\t\t\t<div class=\"elementor-element elementor-element-9a283df elementor-widget elementor-widget-text-editor\" data-id=\"9a283df\" data-element_type=\"widget\" data-widget_type=\"text-editor.default\">\n\t\t\t\t<div class=\"elementor-widget-container\">\n\t\t\t\t\t\t\t\t\t<p>Mit CAN-, RS485- und Ethernet-Schnittstellen sowie 4G\/LTE- und Wi-Fi-Anschl\u00fcssen l\u00e4sst sich der DC-Laderegler nahtlos in Back-Office-Systeme f\u00fcr Fern\u00fcberwachung, Firmware-Updates und Lastmanagement integrieren. Die Unterst\u00fctzung von Plug &amp; Charge nach ISO 15118 erm\u00f6glicht eine sichere Authentifizierung und automatische Abrechnung und macht Ihre Infrastruktur zukunftssicher f\u00fcr aufkommende V2G- und Smart-Grid-Funktionen.<\/p>\t\t\t\t\t\t\t\t<\/div>\n\t\t\t\t<\/div>\n\t\t\t\t<div class=\"elementor-element elementor-element-71d855e elementor-widget elementor-widget-heading\" data-id=\"71d855e\" data-element_type=\"widget\" data-widget_type=\"heading.default\">\n\t\t\t\t<div class=\"elementor-widget-container\">\n\t\t\t\t\t<h2 class=\"elementor-heading-title elementor-size-default\">Hauptmerkmale von DC Charging Controller<\/h2>\t\t\t\t<\/div>\n\t\t\t\t<\/div>\n\t\t\t\t<div class=\"elementor-element elementor-element-7476077 elementor-widget elementor-widget-text-editor\" data-id=\"7476077\" data-element_type=\"widget\" data-widget_type=\"text-editor.default\">\n\t\t\t\t<div class=\"elementor-widget-container\">\n\t\t\t\t\t\t\t\t\t<ul>\n<li>Modularer Support zur Minimierung von Ausfallzeiten<\/li>\n<li>Strenge Ma\u00dfnahmen f\u00fcr Sicherheit und Langlebigkeit<\/li>\n<li>Intelligente Konnektivit\u00e4tsfunktionen<\/li>\n<li>Einfache Integration<\/li>\n<li>Globale Lieferung und Unterst\u00fctzung der Lieferkette \u00a0<\/li>\n<\/ul>\t\t\t\t\t\t\t\t<\/div>\n\t\t\t\t<\/div>\n\t\t\t\t\t<\/div>\n\t\t\t\t<\/div>\n\t\t\t\t<\/div>","protected":false},"excerpt":{"rendered":"<p>Introduction to DC Charging Controller Mekel\u2019s DC DC charging controller is a high-performance control unit responsible for the monitoring, control, communication, and protection functions of the entire charging process. It features real-time monitoring of voltage, current, temperature, and fault status, ensuring peak efficiency (\u226596%) and uninterrupted service in public and commercial charging scenarios. With integrated [&hellip;]<\/p>","protected":false},"author":1,"featured_media":2983,"menu_order":0,"template":"","format":"standard","meta":{"_acf_changed":true,"site-sidebar-layout":"default","site-content-layout":"","ast-site-content-layout":"default","site-content-style":"default","site-sidebar-style":"default","ast-global-header-display":"","ast-banner-title-visibility":"","ast-main-header-display":"","ast-hfb-above-header-display":"","ast-hfb-below-header-display":"","ast-hfb-mobile-header-display":"","site-post-title":"","ast-breadcrumbs-content":"","ast-featured-img":"","footer-sml-layout":"","ast-disable-related-posts":"","theme-transparent-header-meta":"","adv-header-id-meta":"","stick-header-meta":"","header-above-stick-meta":"","header-main-stick-meta":"","header-below-stick-meta":"","astra-migrate-meta-layouts":"set","ast-page-background-enabled":"default","ast-page-background-meta":{"desktop":{"background-color":"","background-image":"","background-repeat":"repeat","background-position":"center center","background-size":"auto","background-attachment":"scroll","background-type":"","background-media":"","overlay-type":"","overlay-color":"","overlay-opacity":"","overlay-gradient":""},"tablet":{"background-color":"","background-image":"","background-repeat":"repeat","background-position":"center center","background-size":"auto","background-attachment":"scroll","background-type":"","background-media":"","overlay-type":"","overlay-color":"","overlay-opacity":"","overlay-gradient":""},"mobile":{"background-color":"","background-image":"","background-repeat":"repeat","background-position":"center center","background-size":"auto","background-attachment":"scroll","background-type":"","background-media":"","overlay-type":"","overlay-color":"","overlay-opacity":"","overlay-gradient":""}},"ast-content-background-meta":{"desktop":{"background-color":"var(--ast-global-color-5)","background-image":"","background-repeat":"repeat","background-position":"center center","background-size":"auto","background-attachment":"scroll","background-type":"","background-media":"","overlay-type":"","overlay-color":"","overlay-opacity":"","overlay-gradient":""},"tablet":{"background-color":"var(--ast-global-color-5)","background-image":"","background-repeat":"repeat","background-position":"center center","background-size":"auto","background-attachment":"scroll","background-type":"","background-media":"","overlay-type":"","overlay-color":"","overlay-opacity":"","overlay-gradient":""},"mobile":{"background-color":"var(--ast-global-color-5)","background-image":"","background-repeat":"repeat","background-position":"center center","background-size":"auto","background-attachment":"scroll","background-type":"","background-media":"","overlay-type":"","overlay-color":"","overlay-opacity":"","overlay-gradient":""}},"footnotes":""},"product-category":[106],"product-tag":[],"class_list":["post-2981","product","type-product","status-publish","format-standard","has-post-thumbnail","hentry","product-category-dc-charging-controller"],"acf":[],"_links":{"self":[{"href":"https:\/\/www.mekeltech.com\/de\/wp-json\/wp\/v2\/product\/2981","targetHints":{"allow":["GET"]}}],"collection":[{"href":"https:\/\/www.mekeltech.com\/de\/wp-json\/wp\/v2\/product"}],"about":[{"href":"https:\/\/www.mekeltech.com\/de\/wp-json\/wp\/v2\/types\/product"}],"author":[{"embeddable":true,"href":"https:\/\/www.mekeltech.com\/de\/wp-json\/wp\/v2\/users\/1"}],"version-history":[{"count":14,"href":"https:\/\/www.mekeltech.com\/de\/wp-json\/wp\/v2\/product\/2981\/revisions"}],"predecessor-version":[{"id":6933,"href":"https:\/\/www.mekeltech.com\/de\/wp-json\/wp\/v2\/product\/2981\/revisions\/6933"}],"wp:featuredmedia":[{"embeddable":true,"href":"https:\/\/www.mekeltech.com\/de\/wp-json\/wp\/v2\/media\/2983"}],"wp:attachment":[{"href":"https:\/\/www.mekeltech.com\/de\/wp-json\/wp\/v2\/media?parent=2981"}],"wp:term":[{"taxonomy":"product-category","embeddable":true,"href":"https:\/\/www.mekeltech.com\/de\/wp-json\/wp\/v2\/product-category?post=2981"},{"taxonomy":"product-tag","embeddable":true,"href":"https:\/\/www.mekeltech.com\/de\/wp-json\/wp\/v2\/product-tag?post=2981"}],"curies":[{"name":"wp","href":"https:\/\/api.w.org\/{rel}","templated":true}]}}