{"id":2896,"date":"2025-05-25T13:46:28","date_gmt":"2025-05-25T05:46:28","guid":{"rendered":"https:\/\/mekeltech.com\/?post_type=product&#038;p=2896"},"modified":"2025-08-22T15:36:19","modified_gmt":"2025-08-22T07:36:19","slug":"30kw-dc-charging-module","status":"publish","type":"product","link":"https:\/\/www.mekeltech.com\/de\/product\/30kw-dc-charging-module\/","title":{"rendered":"30kW DC-Lademodul"},"content":{"rendered":"<div data-elementor-type=\"wp-post\" data-elementor-id=\"2896\" class=\"elementor elementor-2896\" data-elementor-post-type=\"product\">\n\t\t\t\t<div class=\"elementor-element elementor-element-13feab28 e-flex e-con-boxed e-con e-parent\" data-id=\"13feab28\" data-element_type=\"container\">\n\t\t\t\t\t<div class=\"e-con-inner\">\n\t\t\t\t<div class=\"elementor-element elementor-element-fe21823 elementor-widget elementor-widget-heading\" data-id=\"fe21823\" data-element_type=\"widget\" data-widget_type=\"heading.default\">\n\t\t\t\t<div class=\"elementor-widget-container\">\n\t\t\t\t\t<h2 class=\"elementor-heading-title elementor-size-default\">Introduction to Mekel 30kW DC Charging Module<\/h2>\t\t\t\t<\/div>\n\t\t\t\t<\/div>\n\t\t\t\t<div class=\"elementor-element elementor-element-276505b elementor-widget elementor-widget-text-editor\" data-id=\"276505b\" data-element_type=\"widget\" data-widget_type=\"text-editor.default\">\n\t\t\t\t<div class=\"elementor-widget-container\">\n\t\t\t\t\t\t\t\t\t<p>Mekel\u2019s DC Charging Module is a high-performance power conversion unit that is crucial for the functioning of DC charging stations. Available from 20KW to 30KW of output per module and supporting a wide voltage range of 150V to 1000V DC, our modules are stackable within the charging cabinet\u00a0to deliver rapid and reliable charging. With peak efficiency of \u226596%, intelligent control systems, and robust safety features, we have the perfect DC Charging Module for your charging station\u00a0needs.<\/p>\t\t\t\t\t\t\t\t<\/div>\n\t\t\t\t<\/div>\n\t\t\t\t<div class=\"elementor-element elementor-element-abaec29 elementor-widget elementor-widget-heading\" data-id=\"abaec29\" data-element_type=\"widget\" data-widget_type=\"heading.default\">\n\t\t\t\t<div class=\"elementor-widget-container\">\n\t\t\t\t\t<h2 class=\"elementor-heading-title elementor-size-default\">How Does a DC Charging Module Work?<\/h2>\t\t\t\t<\/div>\n\t\t\t\t<\/div>\n\t\t\t\t<div class=\"elementor-element elementor-element-0c5c828 elementor-widget elementor-widget-text-editor\" data-id=\"0c5c828\" data-element_type=\"widget\" data-widget_type=\"text-editor.default\">\n\t\t\t\t<div class=\"elementor-widget-container\">\n\t\t\t\t\t\t\t\t\t<p>The DC Power Module converts AC input power into regulated DC output appropriate for DC fast charging. It maintains constant power output across a broad voltage range to ensure consistent charging performance. Advanced control algorithms manage voltage and current\u00a0while integrated protection mechanisms protect against overvoltage, overcurrent, short circuits, and thermal anomalies. Communication interfaces, such as CAN protocols, facilitate seamless integration with charging station management systems for real-time monitoring and control.<\/p>\t\t\t\t\t\t\t\t<\/div>\n\t\t\t\t<\/div>\n\t\t\t\t<div class=\"elementor-element elementor-element-f02d7ee elementor-widget elementor-widget-heading\" data-id=\"f02d7ee\" data-element_type=\"widget\" data-widget_type=\"heading.default\">\n\t\t\t\t<div class=\"elementor-widget-container\">\n\t\t\t\t\t<h2 class=\"elementor-heading-title elementor-size-default\">Why Choose Mekel 30kW DC Charging Module?<\/h2>\t\t\t\t<\/div>\n\t\t\t\t<\/div>\n\t\t\t\t<div class=\"elementor-element elementor-element-7fb6fe2 elementor-widget elementor-widget-heading\" data-id=\"7fb6fe2\" data-element_type=\"widget\" data-widget_type=\"heading.default\">\n\t\t\t\t<div class=\"elementor-widget-container\">\n\t\t\t\t\t<h3 class=\"elementor-heading-title elementor-size-default\">Hohe Effizienz und Leistung<\/h3>\t\t\t\t<\/div>\n\t\t\t\t<\/div>\n\t\t\t\t<div class=\"elementor-element elementor-element-4a392bc elementor-widget elementor-widget-text-editor\" data-id=\"4a392bc\" data-element_type=\"widget\" data-widget_type=\"text-editor.default\">\n\t\t\t\t<div class=\"elementor-widget-container\">\n\t\t\t\t\t\t\t\t\t<p>Mit einer au\u00dfergew\u00f6hnlichen Energieumwandlungseffizienz haben unsere DC-Leistungsmodule einen Spitzenwirkungsgrad von \u226596% bei minimalen Energieverlusten, wodurch Sie Betriebskosten sparen. Der weite Ausgangsspannungsbereich und die F\u00e4higkeit, eine konstante Ausgangsleistung aufrechtzuerhalten, gew\u00e4hrleisten die Kompatibilit\u00e4t mit verschiedenen EV-Bordbatterien und tragen zur Steigerung der Kundenzufriedenheit bei.<\/p>\t\t\t\t\t\t\t\t<\/div>\n\t\t\t\t<\/div>\n\t\t\t\t<div class=\"elementor-element elementor-element-a047f5d elementor-widget elementor-widget-heading\" data-id=\"a047f5d\" data-element_type=\"widget\" data-widget_type=\"heading.default\">\n\t\t\t\t<div class=\"elementor-widget-container\">\n\t\t\t\t\t<h3 class=\"elementor-heading-title elementor-size-default\">Robuste Sicherheit und Verl\u00e4sslichkeit<\/h3>\t\t\t\t<\/div>\n\t\t\t\t<\/div>\n\t\t\t\t<div class=\"elementor-element elementor-element-4827519 elementor-widget elementor-widget-text-editor\" data-id=\"4827519\" data-element_type=\"widget\" data-widget_type=\"text-editor.default\">\n\t\t\t\t<div class=\"elementor-widget-container\">\n\t\t\t\t\t\t\t\t\t<p>Ausgestattet mit vielf\u00e4ltigen Schutzfunktionen, einschlie\u00dflich \u00dcberspannungs-, \u00dcberstrom-, Kurzschluss- und \u00dcbertemperaturgefahren, gew\u00e4hrleisten unsere DC-Lademodule einen sicheren Betrieb unter unterschiedlichen Betriebsbedingungen. Mit einer MTBF-Bewertung (Mean Time Between Failures) von bis zu 500.000 Stunden haben die Lademodule von Mekel eine starke Erfolgsbilanz in Bezug auf Zuverl\u00e4ssigkeit und Langlebigkeit unter anspruchsvollen Bedingungen.<\/p>\t\t\t\t\t\t\t\t<\/div>\n\t\t\t\t<\/div>\n\t\t\t\t<div class=\"elementor-element elementor-element-ee661b6 elementor-widget elementor-widget-heading\" data-id=\"ee661b6\" data-element_type=\"widget\" data-widget_type=\"heading.default\">\n\t\t\t\t<div class=\"elementor-widget-container\">\n\t\t\t\t\t<h3 class=\"elementor-heading-title elementor-size-default\">Vielseitige Integration und Konformit\u00e4t<\/h3>\t\t\t\t<\/div>\n\t\t\t\t<\/div>\n\t\t\t\t<div class=\"elementor-element elementor-element-00d21ed elementor-widget elementor-widget-text-editor\" data-id=\"00d21ed\" data-element_type=\"widget\" data-widget_type=\"text-editor.default\">\n\t\t\t\t<div class=\"elementor-widget-container\">\n\t\t\t\t\t\t\t\t\t<p>Die DC-Lademodule von Mekel sind f\u00fcr die einfache Integration in bestehende Ladeinfrastrukturen konzipiert und unterst\u00fctzen Standard-Kommunikationsprotokolle wie CAN f\u00fcr die Interoperabilit\u00e4t. Unsere Module entsprechen internationalen Normen wie UL2202, IEC61851-1, IEC61851-23 und IEC61851-21-2 und gew\u00e4hrleisten so die \u00dcbereinstimmung mit internationalen Sicherheits- und Betriebsanforderungen.<\/p>\t\t\t\t\t\t\t\t<\/div>\n\t\t\t\t<\/div>\n\t\t\t\t<div class=\"elementor-element elementor-element-f026999 elementor-widget elementor-widget-heading\" data-id=\"f026999\" data-element_type=\"widget\" data-widget_type=\"heading.default\">\n\t\t\t\t<div class=\"elementor-widget-container\">\n\t\t\t\t\t<h2 class=\"elementor-heading-title elementor-size-default\">Wesentliche Merkmale<\/h2>\t\t\t\t<\/div>\n\t\t\t\t<\/div>\n\t\t\t\t<div class=\"elementor-element elementor-element-3e5cf685 elementor-widget elementor-widget-text-editor\" data-id=\"3e5cf685\" data-element_type=\"widget\" data-widget_type=\"text-editor.default\">\n\t\t\t\t<div class=\"elementor-widget-container\">\n\t\t\t\t\t\t\t\t\t\n<ul class=\"wp-block-list\">\n<li>Au\u00dfergew\u00f6hnliche Effizienz und Leistung<\/li>\n\n<li>2-Year\u00a0Warranty \u00a0<\/li>\n\n<li>Umfassende Sicherheitsmerkmale<\/li>\n\n<li>Einfache Integration<\/li>\n\n<li>Globale Lieferung und Unterst\u00fctzung der Lieferkette \u00a0<\/li>\n<\/ul>\n<!-- \/wp:list -->\t\t\t\t\t\t\t\t<\/div>\n\t\t\t\t<\/div>\n\t\t\t\t\t<\/div>\n\t\t\t\t<\/div>\n\t\t\t\t<\/div>","protected":false},"excerpt":{"rendered":"<p>Introduction to Mekel 30kW DC Charging Module Mekel\u2019s DC Charging Module is a high-performance power conversion unit that is crucial for the functioning of DC charging stations. Available from 20KW to 30KW of output per module and supporting a wide voltage range of 150V to 1000V DC, our modules are stackable within the charging cabinet\u00a0to [&hellip;]<\/p>","protected":false},"author":1,"featured_media":2897,"menu_order":0,"template":"","format":"standard","meta":{"_acf_changed":false,"site-sidebar-layout":"default","site-content-layout":"","ast-site-content-layout":"default","site-content-style":"default","site-sidebar-style":"default","ast-global-header-display":"","ast-banner-title-visibility":"","ast-main-header-display":"","ast-hfb-above-header-display":"","ast-hfb-below-header-display":"","ast-hfb-mobile-header-display":"","site-post-title":"","ast-breadcrumbs-content":"","ast-featured-img":"","footer-sml-layout":"","ast-disable-related-posts":"","theme-transparent-header-meta":"","adv-header-id-meta":"","stick-header-meta":"","header-above-stick-meta":"","header-main-stick-meta":"","header-below-stick-meta":"","astra-migrate-meta-layouts":"set","ast-page-background-enabled":"default","ast-page-background-meta":{"desktop":{"background-color":"","background-image":"","background-repeat":"repeat","background-position":"center center","background-size":"auto","background-attachment":"scroll","background-type":"","background-media":"","overlay-type":"","overlay-color":"","overlay-opacity":"","overlay-gradient":""},"tablet":{"background-color":"","background-image":"","background-repeat":"repeat","background-position":"center center","background-size":"auto","background-attachment":"scroll","background-type":"","background-media":"","overlay-type":"","overlay-color":"","overlay-opacity":"","overlay-gradient":""},"mobile":{"background-color":"","background-image":"","background-repeat":"repeat","background-position":"center center","background-size":"auto","background-attachment":"scroll","background-type":"","background-media":"","overlay-type":"","overlay-color":"","overlay-opacity":"","overlay-gradient":""}},"ast-content-background-meta":{"desktop":{"background-color":"var(--ast-global-color-5)","background-image":"","background-repeat":"repeat","background-position":"center center","background-size":"auto","background-attachment":"scroll","background-type":"","background-media":"","overlay-type":"","overlay-color":"","overlay-opacity":"","overlay-gradient":""},"tablet":{"background-color":"var(--ast-global-color-5)","background-image":"","background-repeat":"repeat","background-position":"center center","background-size":"auto","background-attachment":"scroll","background-type":"","background-media":"","overlay-type":"","overlay-color":"","overlay-opacity":"","overlay-gradient":""},"mobile":{"background-color":"var(--ast-global-color-5)","background-image":"","background-repeat":"repeat","background-position":"center center","background-size":"auto","background-attachment":"scroll","background-type":"","background-media":"","overlay-type":"","overlay-color":"","overlay-opacity":"","overlay-gradient":""}},"footnotes":""},"product-category":[105],"product-tag":[],"class_list":["post-2896","product","type-product","status-publish","format-standard","has-post-thumbnail","hentry","product-category-dc-charging-module"],"acf":[],"_links":{"self":[{"href":"https:\/\/www.mekeltech.com\/de\/wp-json\/wp\/v2\/product\/2896","targetHints":{"allow":["GET"]}}],"collection":[{"href":"https:\/\/www.mekeltech.com\/de\/wp-json\/wp\/v2\/product"}],"about":[{"href":"https:\/\/www.mekeltech.com\/de\/wp-json\/wp\/v2\/types\/product"}],"author":[{"embeddable":true,"href":"https:\/\/www.mekeltech.com\/de\/wp-json\/wp\/v2\/users\/1"}],"version-history":[{"count":18,"href":"https:\/\/www.mekeltech.com\/de\/wp-json\/wp\/v2\/product\/2896\/revisions"}],"predecessor-version":[{"id":6963,"href":"https:\/\/www.mekeltech.com\/de\/wp-json\/wp\/v2\/product\/2896\/revisions\/6963"}],"wp:featuredmedia":[{"embeddable":true,"href":"https:\/\/www.mekeltech.com\/de\/wp-json\/wp\/v2\/media\/2897"}],"wp:attachment":[{"href":"https:\/\/www.mekeltech.com\/de\/wp-json\/wp\/v2\/media?parent=2896"}],"wp:term":[{"taxonomy":"product-category","embeddable":true,"href":"https:\/\/www.mekeltech.com\/de\/wp-json\/wp\/v2\/product-category?post=2896"},{"taxonomy":"product-tag","embeddable":true,"href":"https:\/\/www.mekeltech.com\/de\/wp-json\/wp\/v2\/product-tag?post=2896"}],"curies":[{"name":"wp","href":"https:\/\/api.w.org\/{rel}","templated":true}]}}