{"id":2881,"date":"2025-05-25T10:32:10","date_gmt":"2025-05-25T02:32:10","guid":{"rendered":"https:\/\/mekeltech.com\/?post_type=product&#038;p=2881"},"modified":"2025-08-25T15:13:21","modified_gmt":"2025-08-25T07:13:21","slug":"dc-charging-cabinet","status":"publish","type":"product","link":"https:\/\/www.mekeltech.com\/de\/product\/dc-charging-cabinet\/","title":{"rendered":"DC-Ladeschrank"},"content":{"rendered":"<div data-elementor-type=\"wp-post\" data-elementor-id=\"2881\" class=\"elementor elementor-2881\" data-elementor-post-type=\"product\">\n\t\t\t\t<div class=\"elementor-element elementor-element-b6b21d e-flex e-con-boxed e-con e-parent\" data-id=\"b6b21d\" data-element_type=\"container\">\n\t\t\t\t\t<div class=\"e-con-inner\">\n\t\t\t\t<div class=\"elementor-element elementor-element-1e94fb0 elementor-widget elementor-widget-heading\" data-id=\"1e94fb0\" data-element_type=\"widget\" data-widget_type=\"heading.default\">\n\t\t\t\t<div class=\"elementor-widget-container\">\n\t\t\t\t\t<h2 class=\"elementor-heading-title elementor-size-default\">Einf\u00fchrung in die DC-Ladeschr\u00e4nke<\/h2>\t\t\t\t<\/div>\n\t\t\t\t<\/div>\n\t\t\t\t<div class=\"elementor-element elementor-element-c888902 elementor-widget elementor-widget-text-editor\" data-id=\"c888902\" data-element_type=\"widget\" data-widget_type=\"text-editor.default\">\n\t\t\t\t<div class=\"elementor-widget-container\">\n\t\t\t\t\t\t\t\t\t<p>Der DC-Ladeschrank von Mekel ist eine robuste, hochwertige L\u00f6sung, die auf Hersteller und Monteure von DC-Ladestationen zugeschnitten ist. Unsere f\u00fcr Hochleistungsanwendungen konzipierten Schr\u00e4nke bieten au\u00dfergew\u00f6hnliche Haltbarkeit, Witterungsbest\u00e4ndigkeit und flexible Anpassungsm\u00f6glichkeiten, um die Anforderungen der globalen M\u00e4rkte zu erf\u00fcllen. Mit dem Schwerpunkt auf robustem strukturellem Design und Kompatibilit\u00e4t mit verschiedenen internen Komponenten sind die DC-Schr\u00e4nke von Mekel die ideale Wahl f\u00fcr den Bau zuverl\u00e4ssiger, leistungsstarker DC-Ladestationen.<\/p>\t\t\t\t\t\t\t\t<\/div>\n\t\t\t\t<\/div>\n\t\t\t\t<div class=\"elementor-element elementor-element-ca14b01 elementor-widget elementor-widget-heading\" data-id=\"ca14b01\" data-element_type=\"widget\" data-widget_type=\"heading.default\">\n\t\t\t\t<div class=\"elementor-widget-container\">\n\t\t\t\t\t<h2 class=\"elementor-heading-title elementor-size-default\">Was ist ein DC-Ladeschrank?<\/h2>\t\t\t\t<\/div>\n\t\t\t\t<\/div>\n\t\t\t\t<div class=\"elementor-element elementor-element-8c1cac7 elementor-widget elementor-widget-text-editor\" data-id=\"8c1cac7\" data-element_type=\"widget\" data-widget_type=\"text-editor.default\">\n\t\t\t\t<div class=\"elementor-widget-container\">\n\t\t\t\t\t\t\t\t\t<p>Der DC-Ladeschrank ist die \u00e4u\u00dfere H\u00fclle, in der die kritischen internen Komponenten von Hochleistungs-Gleichstromladestationen untergebracht sind, darunter Leistungsmodule, K\u00fchlsysteme und Steuereinheiten. Unser Schrank wurde f\u00fcr die kompatible Integration von mehrfach gestapelten Leistungsmodulen entwickelt und unterst\u00fctzt Schnellladeleistungen von 60 kW bis 360 kW. Diese Schr\u00e4nke bieten ein sicheres und wetterfestes Geh\u00e4use. Im Gegensatz zu ma\u00dfgefertigten Schr\u00e4nken, die erhebliche Vorabinvestitionen erfordern, bieten die Standardschr\u00e4nke von Mekel eine kosteneffiziente L\u00f6sung, die es Herstellern und Montagebetrieben erm\u00f6glicht, die Produktion zu rationalisieren, ohne Kompromisse bei Qualit\u00e4t oder Leistung einzugehen.<\/p>\t\t\t\t\t\t\t\t<\/div>\n\t\t\t\t<\/div>\n\t\t\t\t<div class=\"elementor-element elementor-element-6d06177 elementor-widget elementor-widget-heading\" data-id=\"6d06177\" data-element_type=\"widget\" data-widget_type=\"heading.default\">\n\t\t\t\t<div class=\"elementor-widget-container\">\n\t\t\t\t\t<h2 class=\"elementor-heading-title elementor-size-default\">Wie funktioniert der DC-Ladeschrank?<\/h2>\t\t\t\t<\/div>\n\t\t\t\t<\/div>\n\t\t\t\t<div class=\"elementor-element elementor-element-8e699c5 elementor-widget elementor-widget-text-editor\" data-id=\"8e699c5\" data-element_type=\"widget\" data-widget_type=\"text-editor.default\">\n\t\t\t\t<div class=\"elementor-widget-container\">\n\t\t\t\t\t\t\t\t\t<p>Hersteller und Monteure k\u00f6nnen die Schr\u00e4nke auf der Grundlage der internen Komponenten ausw\u00e4hlen, die f\u00fcr ihre DC-Ladestationen erforderlich sind, z. B. Leistungsmodule f\u00fcr die erforderliche Leistung, W\u00e4rmemanagementsysteme und Kommunikationseinheiten. Mekel stellt detaillierte Kompatibilit\u00e4tspl\u00e4ne und Mustereinheiten zur \u00dcberpr\u00fcfung bereit, um eine nahtlose Integration zu gew\u00e4hrleisten. Unsere DC-Ladeschr\u00e4nke sind mit modularen internen Layouts konzipiert, um unterschiedliche Komponentengr\u00f6\u00dfen und -konfigurationen aufzunehmen, einschlie\u00dflich Komponenten von Leistungsmodulen und Fl\u00fcssigkeitsk\u00fchlpumpenkonfigurationen f\u00fcr Varianten mit hoher kW-Leistung. Unser engagiertes Support-Team unterst\u00fctzt die Kunden bei der Ermittlung des optimalen Schranks f\u00fcr ihre spezifischen Anforderungen.<\/p>\t\t\t\t\t\t\t\t<\/div>\n\t\t\t\t<\/div>\n\t\t\t\t<div class=\"elementor-element elementor-element-9de7f12 elementor-widget elementor-widget-heading\" data-id=\"9de7f12\" data-element_type=\"widget\" data-widget_type=\"heading.default\">\n\t\t\t\t<div class=\"elementor-widget-container\">\n\t\t\t\t\t<h2 class=\"elementor-heading-title elementor-size-default\">Warum sollten Sie sich f\u00fcr den Mekel DC-Ladeschrank entscheiden?<\/h2>\t\t\t\t<\/div>\n\t\t\t\t<\/div>\n\t\t\t\t<div class=\"elementor-element elementor-element-51d492b elementor-widget elementor-widget-heading\" data-id=\"51d492b\" data-element_type=\"widget\" data-widget_type=\"heading.default\">\n\t\t\t\t<div class=\"elementor-widget-container\">\n\t\t\t\t\t<h3 class=\"elementor-heading-title elementor-size-default\">Unerreichte Langlebigkeit f\u00fcr anspruchsvolle Umgebungen<\/h3>\t\t\t\t<\/div>\n\t\t\t\t<\/div>\n\t\t\t\t<div class=\"elementor-element elementor-element-424fa0e elementor-widget elementor-widget-text-editor\" data-id=\"424fa0e\" data-element_type=\"widget\" data-widget_type=\"text-editor.default\">\n\t\t\t\t<div class=\"elementor-widget-container\">\n\t\t\t\t\t\t\t\t\t<p>Die DC-Ladeschr\u00e4nke von Mekel sind mit der branchenf\u00fchrenden Schutzart IP54 ausgestattet, die einen hervorragenden Schutz gegen das Eindringen von Wasser und Staub bietet. Dies macht sie ideal f\u00fcr Au\u00dfeninstallationen bei extremen Wetterbedingungen, von starkem Regen bis hin zu Staubst\u00fcrmen in der W\u00fcste. Unsere DC-Ladeschr\u00e4nke sind aufgrund ihrer Konstruktion und der verwendeten Materialien \u00e4u\u00dferst sto\u00dffest und gew\u00e4hrleisten eine langfristige Zuverl\u00e4ssigkeit in verschiedenen Umgebungen entlang von Autobahnen, in Industrieanlagen und auf \u00f6ffentlichen Parkpl\u00e4tzen. Diese Langlebigkeit f\u00fchrt zu geringeren Wartungskosten und erh\u00f6ht das Vertrauen der Kunden in den t\u00e4glichen Betrieb.<\/p>\t\t\t\t\t\t\t\t<\/div>\n\t\t\t\t<\/div>\n\t\t\t\t<div class=\"elementor-element elementor-element-ab135a8 elementor-widget elementor-widget-heading\" data-id=\"ab135a8\" data-element_type=\"widget\" data-widget_type=\"heading.default\">\n\t\t\t\t<div class=\"elementor-widget-container\">\n\t\t\t\t\t<h3 class=\"elementor-heading-title elementor-size-default\">Globale Zertifizierungskonformit\u00e4t<\/h3>\t\t\t\t<\/div>\n\t\t\t\t<\/div>\n\t\t\t\t<div class=\"elementor-element elementor-element-396ee10 elementor-widget elementor-widget-text-editor\" data-id=\"396ee10\" data-element_type=\"widget\" data-widget_type=\"text-editor.default\">\n\t\t\t\t<div class=\"elementor-widget-container\">\n\t\t\t\t\t\t\t\t\t<p>Die DC-Ladeschr\u00e4nke von Mekel sind so konzipiert, dass sie den strengen globalen Normen entsprechen, einschlie\u00dflich T\u00dcV, CE und UL. Egal, ob Sie auf den europ\u00e4ischen Markt, Nordamerika oder dar\u00fcber hinaus abzielen, unsere DC-Ladeschr\u00e4nke vereinfachen den Zertifizierungsprozess f\u00fcr Ihre DC-Ladestationen. Dank dieser globalen Kompatibilit\u00e4t k\u00f6nnen Hersteller und Monteure Produkte f\u00fcr verschiedene M\u00e4rkte entwickeln, ohne dass kostspielige Umgestaltungen oder zus\u00e4tzliche Tests erforderlich sind.<\/p>\t\t\t\t\t\t\t\t<\/div>\n\t\t\t\t<\/div>\n\t\t\t\t<div class=\"elementor-element elementor-element-e29c235 elementor-widget elementor-widget-heading\" data-id=\"e29c235\" data-element_type=\"widget\" data-widget_type=\"heading.default\">\n\t\t\t\t<div class=\"elementor-widget-container\">\n\t\t\t\t\t<h3 class=\"elementor-heading-title elementor-size-default\">Flexible L\u00f6sungen f\u00fcr interne Konfigurationen<\/h3>\t\t\t\t<\/div>\n\t\t\t\t<\/div>\n\t\t\t\t<div class=\"elementor-element elementor-element-b91dfac elementor-widget elementor-widget-text-editor\" data-id=\"b91dfac\" data-element_type=\"widget\" data-widget_type=\"text-editor.default\">\n\t\t\t\t<div class=\"elementor-widget-container\">\n\t\t\t\t\t\t\t\t\t<p>Wir wissen, dass sich DC-Ladestationen in ihrem internen Design stark unterscheiden. Die DC-Ladeschr\u00e4nke von Mekel bieten anpassungsf\u00e4hige interne Layouts, um eine Reihe von Leistungsmodulen, K\u00fchlsystemen und Steuereinheiten unterzubringen. Wir bieten auch interne Komponenten und Designunterst\u00fctzung. Die Unterst\u00fctzung bei der Markenkennzeichnung, einschlie\u00dflich Logos, Add-Ons, benutzerdefinierten Farbausf\u00fchrungen und ma\u00dfgeschneiderten Paneeldesigns, erm\u00f6glicht es den Herstellern, den Schrank mit ihrer einzigartigen Markenidentit\u00e4t in Einklang zu bringen.<\/p>\t\t\t\t\t\t\t\t<\/div>\n\t\t\t\t<\/div>\n\t\t\t\t<div class=\"elementor-element elementor-element-26d5be9 elementor-widget elementor-widget-heading\" data-id=\"26d5be9\" data-element_type=\"widget\" data-widget_type=\"heading.default\">\n\t\t\t\t<div class=\"elementor-widget-container\">\n\t\t\t\t\t<h2 class=\"elementor-heading-title elementor-size-default\">Hauptmerkmale der Mekel DC-Ladeschr\u00e4nke<\/h2>\t\t\t\t<\/div>\n\t\t\t\t<\/div>\n\t\t\t\t<div class=\"elementor-element elementor-element-361f17d elementor-widget elementor-widget-text-editor\" data-id=\"361f17d\" data-element_type=\"widget\" data-widget_type=\"text-editor.default\">\n\t\t\t\t<div class=\"elementor-widget-container\">\n\t\t\t\t\t\t\t\t\t<ul>\n<li>Kompatibel mit 60kW-480kW DC-Ladestation<\/li>\n<li>TUV, CE, UL-kompatibel \u00a0<\/li>\n<li>Anpassbare L\u00f6sungen: Lasergravur, Farbausf\u00fchrungen, modulare Innenaufteilung \u00a0<\/li>\n<li>2-Jahres-Garantie \u00a0<\/li>\n<li>\u00dcberlegener Wetterschutz mit IP54-Bewertung \u00a0<\/li>\n<li>Globale Lieferung und Unterst\u00fctzung der Lieferkette \u00a0<\/li>\n<\/ul>\t\t\t\t\t\t\t\t<\/div>\n\t\t\t\t<\/div>\n\t\t\t\t<div class=\"elementor-element elementor-element-7e9555b elementor-widget elementor-widget-heading\" data-id=\"7e9555b\" data-element_type=\"widget\" data-widget_type=\"heading.default\">\n\t\t\t\t<div class=\"elementor-widget-container\">\n\t\t\t\t\t<h2 class=\"elementor-heading-title elementor-size-default\">Technische Daten des DC-Ladeschranks<\/h2>\t\t\t\t<\/div>\n\t\t\t\t<\/div>\n\t\t\t\t<div class=\"elementor-element elementor-element-7ea9b34 elementor-widget elementor-widget-text-editor\" data-id=\"7ea9b34\" data-element_type=\"widget\" data-widget_type=\"text-editor.default\">\n\t\t\t\t<div class=\"elementor-widget-container\">\n\t\t\t\t\t\t\t\t\t<ul>\n<li>Hochleistungs-DC-Ladestation Metallgeh\u00e4use<\/li>\n<li>Leistungsbereich: 60kW - 480kW | Konfigurationen mit einer oder zwei Pistolen \u00a0<\/li>\n<li>Wasserdichtigkeitsgrad: IP54<\/li>\n<li>Zertifizierungen: CE, IEC 61851<\/li>\n<\/ul>\t\t\t\t\t\t\t\t<\/div>\n\t\t\t\t<\/div>\n\t\t\t\t<div class=\"elementor-element elementor-element-c1b5f27 elementor-widget elementor-widget-heading\" data-id=\"c1b5f27\" data-element_type=\"widget\" data-widget_type=\"heading.default\">\n\t\t\t\t<div class=\"elementor-widget-container\">\n\t\t\t\t\t<h2 class=\"elementor-heading-title elementor-size-default\">FAQ<\/h2>\t\t\t\t<\/div>\n\t\t\t\t<\/div>\n\t\t\t\t<div class=\"elementor-element elementor-element-9c2b4dc elementor-widget elementor-widget-n-accordion\" data-id=\"9c2b4dc\" data-element_type=\"widget\" data-settings=\"{&quot;default_state&quot;:&quot;expanded&quot;,&quot;max_items_expended&quot;:&quot;one&quot;,&quot;n_accordion_animation_duration&quot;:{&quot;unit&quot;:&quot;ms&quot;,&quot;size&quot;:400,&quot;sizes&quot;:[]}}\" data-widget_type=\"nested-accordion.default\">\n\t\t\t\t<div class=\"elementor-widget-container\">\n\t\t\t\t\t\t\t<div class=\"e-n-accordion\" aria-label=\"Akkordeon. \u00d6ffnen Sie Links mit Enter oder Space, schlie\u00dfen Sie sie mit Escape und navigieren Sie mit den Pfeiltasten.\">\n\t\t\t\t\t\t<details id=\"e-n-accordion-item-1630\" class=\"e-n-accordion-item\" open>\n\t\t\t\t<summary class=\"e-n-accordion-item-title\" data-accordion-index=\"1\" tabindex=\"0\" aria-expanded=\"true\" aria-controls=\"e-n-accordion-item-1630\" >\n\t\t\t\t\t<span class='e-n-accordion-item-title-header'><div class=\"e-n-accordion-item-title-text\"> F\u00fcr welche Arten von Ladestationen sind die DC-Ladeschr\u00e4nke konzipiert? <\/div><\/span>\n\t\t\t\t\t\t\t<span class='e-n-accordion-item-title-icon'>\n\t\t\t<span class='e-opened' ><svg aria-hidden=\"true\" class=\"e-font-icon-svg e-fas-minus\" viewbox=\"0 0 448 512\" xmlns=\"http:\/\/www.w3.org\/2000\/svg\"><path d=\"M416 208H32c-17.67 0-32 14.33-32 32v32c0 17.67 14.33 32 32 32h384c17.67 0 32-14.33 32-32v-32c0-17.67-14.33-32-32-32z\"><\/path><\/svg><\/span>\n\t\t\t<span class='e-closed'><svg aria-hidden=\"true\" class=\"e-font-icon-svg e-fas-plus\" viewbox=\"0 0 448 512\" xmlns=\"http:\/\/www.w3.org\/2000\/svg\"><path d=\"M416 208H272V64c0-17.67-14.33-32-32-32h-32c-17.67 0-32 14.33-32 32v144H32c-17.67 0-32 14.33-32 32v32c0 17.67 14.33 32 32 32h144v144c0 17.67 14.33 32 32 32h32c17.67 0 32-14.33 32-32V304h144c17.67 0 32-14.33 32-32v-32c0-17.67-14.33-32-32-32z\"><\/path><\/svg><\/span>\n\t\t<\/span>\n\n\t\t\t\t\t\t<\/summary>\n\t\t\t\t<div role=\"region\" aria-labelledby=\"e-n-accordion-item-1630\" class=\"elementor-element elementor-element-f29351f e-con-full e-flex e-con e-child\" data-id=\"f29351f\" data-element_type=\"container\">\n\t\t\t\t<div class=\"elementor-element elementor-element-8cd5127 elementor-widget elementor-widget-text-editor\" data-id=\"8cd5127\" data-element_type=\"widget\" data-widget_type=\"text-editor.default\">\n\t\t\t\t<div class=\"elementor-widget-container\">\n\t\t\t\t\t\t\t\t\t<p>Diese DC-Ladeschr\u00e4nke sind f\u00fcr Hochleistungs-Gleichstromladestationen mit einer Leistung von 60 kW bis 480 kW ausgelegt. Sie eignen sich sowohl f\u00fcr Innen- als auch f\u00fcr Au\u00dfenbereiche, einschlie\u00dflich gewerblicher, industrieller und \u00f6ffentlicher Ladeanwendungen.<\/p>\t\t\t\t\t\t\t\t<\/div>\n\t\t\t\t<\/div>\n\t\t\t\t<\/div>\n\t\t\t\t\t<\/details>\n\t\t\t\t\t\t<details id=\"e-n-accordion-item-1631\" class=\"e-n-accordion-item\" >\n\t\t\t\t<summary class=\"e-n-accordion-item-title\" data-accordion-index=\"2\" tabindex=\"-1\" aria-expanded=\"false\" aria-controls=\"e-n-accordion-item-1631\" >\n\t\t\t\t\t<span class='e-n-accordion-item-title-header'><div class=\"e-n-accordion-item-title-text\"> Sind die DC-Ladeschr\u00e4nke mit den globalen M\u00e4rkten kompatibel? <\/div><\/span>\n\t\t\t\t\t\t\t<span class='e-n-accordion-item-title-icon'>\n\t\t\t<span class='e-opened' ><svg aria-hidden=\"true\" class=\"e-font-icon-svg e-fas-minus\" viewbox=\"0 0 448 512\" xmlns=\"http:\/\/www.w3.org\/2000\/svg\"><path d=\"M416 208H32c-17.67 0-32 14.33-32 32v32c0 17.67 14.33 32 32 32h384c17.67 0 32-14.33 32-32v-32c0-17.67-14.33-32-32-32z\"><\/path><\/svg><\/span>\n\t\t\t<span class='e-closed'><svg aria-hidden=\"true\" class=\"e-font-icon-svg e-fas-plus\" viewbox=\"0 0 448 512\" xmlns=\"http:\/\/www.w3.org\/2000\/svg\"><path d=\"M416 208H272V64c0-17.67-14.33-32-32-32h-32c-17.67 0-32 14.33-32 32v144H32c-17.67 0-32 14.33-32 32v32c0 17.67 14.33 32 32 32h144v144c0 17.67 14.33 32 32 32h32c17.67 0 32-14.33 32-32V304h144c17.67 0 32-14.33 32-32v-32c0-17.67-14.33-32-32-32z\"><\/path><\/svg><\/span>\n\t\t<\/span>\n\n\t\t\t\t\t\t<\/summary>\n\t\t\t\t<div role=\"region\" aria-labelledby=\"e-n-accordion-item-1631\" class=\"elementor-element elementor-element-9afbd5e e-con-full e-flex e-con e-child\" data-id=\"9afbd5e\" data-element_type=\"container\">\n\t\t\t\t<div class=\"elementor-element elementor-element-7c7c199 elementor-widget elementor-widget-text-editor\" data-id=\"7c7c199\" data-element_type=\"widget\" data-widget_type=\"text-editor.default\">\n\t\t\t\t<div class=\"elementor-widget-container\">\n\t\t\t\t\t\t\t\t\t<p>Ja, Mekels DC-Ladeschr\u00e4nke erf\u00fcllen die T\u00dcV-, CE- und UL-Zertifizierungen, so dass sie f\u00fcr den Einsatz in Europa, Nordamerika und anderen Regionen weltweit geeignet sind.<\/p>\t\t\t\t\t\t\t\t<\/div>\n\t\t\t\t<\/div>\n\t\t\t\t<\/div>\n\t\t\t\t\t<\/details>\n\t\t\t\t\t\t<details id=\"e-n-accordion-item-1632\" class=\"e-n-accordion-item\" >\n\t\t\t\t<summary class=\"e-n-accordion-item-title\" data-accordion-index=\"3\" tabindex=\"-1\" aria-expanded=\"false\" aria-controls=\"e-n-accordion-item-1632\" >\n\t\t\t\t\t<span class='e-n-accordion-item-title-header'><div class=\"e-n-accordion-item-title-text\"> Wie w\u00e4hle ich den richtigen DC-Ladeschrank f\u00fcr meine DC-Ladestation aus? <\/div><\/span>\n\t\t\t\t\t\t\t<span class='e-n-accordion-item-title-icon'>\n\t\t\t<span class='e-opened' ><svg aria-hidden=\"true\" class=\"e-font-icon-svg e-fas-minus\" viewbox=\"0 0 448 512\" xmlns=\"http:\/\/www.w3.org\/2000\/svg\"><path d=\"M416 208H32c-17.67 0-32 14.33-32 32v32c0 17.67 14.33 32 32 32h384c17.67 0 32-14.33 32-32v-32c0-17.67-14.33-32-32-32z\"><\/path><\/svg><\/span>\n\t\t\t<span class='e-closed'><svg aria-hidden=\"true\" class=\"e-font-icon-svg e-fas-plus\" viewbox=\"0 0 448 512\" xmlns=\"http:\/\/www.w3.org\/2000\/svg\"><path d=\"M416 208H272V64c0-17.67-14.33-32-32-32h-32c-17.67 0-32 14.33-32 32v144H32c-17.67 0-32 14.33-32 32v32c0 17.67 14.33 32 32 32h144v144c0 17.67 14.33 32 32 32h32c17.67 0 32-14.33 32-32V304h144c17.67 0 32-14.33 32-32v-32c0-17.67-14.33-32-32-32z\"><\/path><\/svg><\/span>\n\t\t<\/span>\n\n\t\t\t\t\t\t<\/summary>\n\t\t\t\t<div role=\"region\" aria-labelledby=\"e-n-accordion-item-1632\" class=\"elementor-element elementor-element-b3631fb e-con-full e-flex e-con e-child\" data-id=\"b3631fb\" data-element_type=\"container\">\n\t\t\t\t<div class=\"elementor-element elementor-element-ee3eae4 elementor-widget elementor-widget-text-editor\" data-id=\"ee3eae4\" data-element_type=\"widget\" data-widget_type=\"text-editor.default\">\n\t\t\t\t<div class=\"elementor-widget-container\">\n\t\t\t\t\t\t\t\t\t<p>Beginnen Sie damit, die f\u00fcr Ihre Ladestation ben\u00f6tigten internen Komponenten wie Leistungsmodule, K\u00fchlsysteme und Steuereinheiten zu ermitteln. Beurteilen Sie dann die Platz- und Montageanforderungen f\u00fcr diese Komponenten. Mekel bietet detaillierte Spezifikationen und Kompatibilit\u00e4tsunterst\u00fctzung, um Ihnen bei der Auswahl des idealen Schranks zu helfen. Setzen Sie sich mit unseren Vertretern in Verbindung, um pers\u00f6nliche Unterst\u00fctzung zu erhalten oder um Muster und Pl\u00e4ne anzufordern.<\/p>\t\t\t\t\t\t\t\t<\/div>\n\t\t\t\t<\/div>\n\t\t\t\t<\/div>\n\t\t\t\t\t<\/details>\n\t\t\t\t\t<\/div>\n\t\t\t\t\t\t<\/div>\n\t\t\t\t<\/div>\n\t\t\t\t\t<\/div>\n\t\t\t\t<\/div>\n\t\t\t\t<\/div>","protected":false},"excerpt":{"rendered":"<p>Introduction to DC Charging Cabinet DC Charging Cabinet by Mekel is a robust, high-quality solution tailored for manufacturers and assemblers of DC charging stations. Designed for high-power applications, our cabinets offer exceptional durability, weather resistance, and flexible customization to meet the demands of global markets. With a focus on robust structural design and compatibility with [&hellip;]<\/p>","protected":false},"author":1,"featured_media":2882,"menu_order":0,"template":"","format":"standard","meta":{"_acf_changed":false,"site-sidebar-layout":"default","site-content-layout":"","ast-site-content-layout":"default","site-content-style":"default","site-sidebar-style":"default","ast-global-header-display":"","ast-banner-title-visibility":"","ast-main-header-display":"","ast-hfb-above-header-display":"","ast-hfb-below-header-display":"","ast-hfb-mobile-header-display":"","site-post-title":"","ast-breadcrumbs-content":"","ast-featured-img":"","footer-sml-layout":"","ast-disable-related-posts":"","theme-transparent-header-meta":"","adv-header-id-meta":"","stick-header-meta":"","header-above-stick-meta":"","header-main-stick-meta":"","header-below-stick-meta":"","astra-migrate-meta-layouts":"set","ast-page-background-enabled":"default","ast-page-background-meta":{"desktop":{"background-color":"","background-image":"","background-repeat":"repeat","background-position":"center center","background-size":"auto","background-attachment":"scroll","background-type":"","background-media":"","overlay-type":"","overlay-color":"","overlay-opacity":"","overlay-gradient":""},"tablet":{"background-color":"","background-image":"","background-repeat":"repeat","background-position":"center center","background-size":"auto","background-attachment":"scroll","background-type":"","background-media":"","overlay-type":"","overlay-color":"","overlay-opacity":"","overlay-gradient":""},"mobile":{"background-color":"","background-image":"","background-repeat":"repeat","background-position":"center center","background-size":"auto","background-attachment":"scroll","background-type":"","background-media":"","overlay-type":"","overlay-color":"","overlay-opacity":"","overlay-gradient":""}},"ast-content-background-meta":{"desktop":{"background-color":"var(--ast-global-color-5)","background-image":"","background-repeat":"repeat","background-position":"center center","background-size":"auto","background-attachment":"scroll","background-type":"","background-media":"","overlay-type":"","overlay-color":"","overlay-opacity":"","overlay-gradient":""},"tablet":{"background-color":"var(--ast-global-color-5)","background-image":"","background-repeat":"repeat","background-position":"center center","background-size":"auto","background-attachment":"scroll","background-type":"","background-media":"","overlay-type":"","overlay-color":"","overlay-opacity":"","overlay-gradient":""},"mobile":{"background-color":"var(--ast-global-color-5)","background-image":"","background-repeat":"repeat","background-position":"center center","background-size":"auto","background-attachment":"scroll","background-type":"","background-media":"","overlay-type":"","overlay-color":"","overlay-opacity":"","overlay-gradient":""}},"footnotes":""},"product-category":[103],"product-tag":[],"class_list":["post-2881","product","type-product","status-publish","format-standard","has-post-thumbnail","hentry","product-category-dc-charging-cabinet"],"acf":[],"_links":{"self":[{"href":"https:\/\/www.mekeltech.com\/de\/wp-json\/wp\/v2\/product\/2881","targetHints":{"allow":["GET"]}}],"collection":[{"href":"https:\/\/www.mekeltech.com\/de\/wp-json\/wp\/v2\/product"}],"about":[{"href":"https:\/\/www.mekeltech.com\/de\/wp-json\/wp\/v2\/types\/product"}],"author":[{"embeddable":true,"href":"https:\/\/www.mekeltech.com\/de\/wp-json\/wp\/v2\/users\/1"}],"version-history":[{"count":28,"href":"https:\/\/www.mekeltech.com\/de\/wp-json\/wp\/v2\/product\/2881\/revisions"}],"predecessor-version":[{"id":6985,"href":"https:\/\/www.mekeltech.com\/de\/wp-json\/wp\/v2\/product\/2881\/revisions\/6985"}],"wp:featuredmedia":[{"embeddable":true,"href":"https:\/\/www.mekeltech.com\/de\/wp-json\/wp\/v2\/media\/2882"}],"wp:attachment":[{"href":"https:\/\/www.mekeltech.com\/de\/wp-json\/wp\/v2\/media?parent=2881"}],"wp:term":[{"taxonomy":"product-category","embeddable":true,"href":"https:\/\/www.mekeltech.com\/de\/wp-json\/wp\/v2\/product-category?post=2881"},{"taxonomy":"product-tag","embeddable":true,"href":"https:\/\/www.mekeltech.com\/de\/wp-json\/wp\/v2\/product-tag?post=2881"}],"curies":[{"name":"wp","href":"https:\/\/api.w.org\/{rel}","templated":true}]}}