{"id":2864,"date":"2025-05-09T12:30:04","date_gmt":"2025-05-09T04:30:04","guid":{"rendered":"https:\/\/mekeltech.com\/?post_type=product&#038;p=2864"},"modified":"2025-08-25T16:37:21","modified_gmt":"2025-08-25T08:37:21","slug":"mcb-lineup","status":"publish","type":"product","link":"https:\/\/www.mekeltech.com\/de\/product\/mcb-lineup\/","title":{"rendered":"MCB-Besetzung"},"content":{"rendered":"<div data-elementor-type=\"wp-post\" data-elementor-id=\"2864\" class=\"elementor elementor-2864\" data-elementor-post-type=\"product\">\n\t\t\t\t<div class=\"elementor-element elementor-element-34953d3 e-flex e-con-boxed e-con e-parent\" data-id=\"34953d3\" data-element_type=\"container\">\n\t\t\t\t\t<div class=\"e-con-inner\">\n\t\t\t\t<div class=\"elementor-element elementor-element-053dbfe elementor-widget elementor-widget-heading\" data-id=\"053dbfe\" data-element_type=\"widget\" data-widget_type=\"heading.default\">\n\t\t\t\t<div class=\"elementor-widget-container\">\n\t\t\t\t\t<h2 class=\"elementor-heading-title elementor-size-default\">Einf\u00fchrung in die MCB-Produktpalette<\/h2>\t\t\t\t<\/div>\n\t\t\t\t<\/div>\n\t\t\t\t<div class=\"elementor-element elementor-element-2d9d3d4 elementor-widget elementor-widget-text-editor\" data-id=\"2d9d3d4\" data-element_type=\"widget\" data-widget_type=\"text-editor.default\">\n\t\t\t\t<div class=\"elementor-widget-container\">\n\t\t\t\t\t\t\t\t\t<p>Der MCB (Miniature Circuit Breaker) Lineup ist eine kritische Sicherheitskomponente f\u00fcr EV-Ladeeinrichtungen. Er wird vor dem Ladeger\u00e4t installiert und unterbricht den Stromkreis, wenn er ein Stromungleichgewicht zwischen dem stromf\u00fchrenden und dem neutralen Leiter feststellt, was auf einen Leckstrom zur Erde hinweisen k\u00f6nnte. Dies geschieht, um den Benutzer vor ernsthaften Gefahren wie Stromschlag und Feuer zu sch\u00fctzen.<\/p>\t\t\t\t\t\t\t\t<\/div>\n\t\t\t\t<\/div>\n\t\t\t\t<div class=\"elementor-element elementor-element-c0e6340 elementor-widget elementor-widget-heading\" data-id=\"c0e6340\" data-element_type=\"widget\" data-widget_type=\"heading.default\">\n\t\t\t\t<div class=\"elementor-widget-container\">\n\t\t\t\t\t<h2 class=\"elementor-heading-title elementor-size-default\">Warum MCB Lineup w\u00e4hlen?<\/h2>\t\t\t\t<\/div>\n\t\t\t\t<\/div>\n\t\t\t\t<div class=\"elementor-element elementor-element-a4b8a23 elementor-widget elementor-widget-heading\" data-id=\"a4b8a23\" data-element_type=\"widget\" data-widget_type=\"heading.default\">\n\t\t\t\t<div class=\"elementor-widget-container\">\n\t\t\t\t\t<h3 class=\"elementor-heading-title elementor-size-default\">Schutz f\u00fcr jede Ladeeinrichtung<\/h3>\t\t\t\t<\/div>\n\t\t\t\t<\/div>\n\t\t\t\t<div class=\"elementor-element elementor-element-3f5436f elementor-widget elementor-widget-text-editor\" data-id=\"3f5436f\" data-element_type=\"widget\" data-widget_type=\"text-editor.default\">\n\t\t\t\t<div class=\"elementor-widget-container\">\n\t\t\t\t\t\t\t\t\t<p>Wir bieten MCB Lineup-Ger\u00e4te f\u00fcr Ladesituationen an allen Arten von Standorten und Ger\u00e4ten an. Ob f\u00fcr die private oder gewerbliche Nutzung, einphasige oder dreiphasige AC-Ladung oder DC-Ladung, wir haben das richtige MCB Lineup-Produkt f\u00fcr Ihre Ladeeinrichtung.<\/p>\t\t\t\t\t\t\t\t<\/div>\n\t\t\t\t<\/div>\n\t\t\t\t<div class=\"elementor-element elementor-element-11e0c5e elementor-widget elementor-widget-heading\" data-id=\"11e0c5e\" data-element_type=\"widget\" data-widget_type=\"heading.default\">\n\t\t\t\t<div class=\"elementor-widget-container\">\n\t\t\t\t\t<h3 class=\"elementor-heading-title elementor-size-default\">Zuverl\u00e4ssige Qualit\u00e4t und Zertifizierung<\/h3>\t\t\t\t<\/div>\n\t\t\t\t<\/div>\n\t\t\t\t<div class=\"elementor-element elementor-element-3e71769 elementor-widget elementor-widget-text-editor\" data-id=\"3e71769\" data-element_type=\"widget\" data-widget_type=\"text-editor.default\">\n\t\t\t\t<div class=\"elementor-widget-container\">\n\t\t\t\t\t\t\t\t\t<p>Wir f\u00fchren nur MCB Lineup-Produkte von erstklassigen Herstellern, die die strengsten EU\/US-Zertifizierungsanforderungen erf\u00fcllen und bereits nach Europa, Amerika, in den Nahen Osten und nach S\u00fcdostasien exportiert haben. Schlie\u00dfen Sie sich unseren Kunden auf der ganzen Welt an und profitieren Sie von garantierter Produktqualit\u00e4t und Seelenfrieden.<\/p>\t\t\t\t\t\t\t\t<\/div>\n\t\t\t\t<\/div>\n\t\t\t\t<div class=\"elementor-element elementor-element-4278f28 elementor-widget elementor-widget-heading\" data-id=\"4278f28\" data-element_type=\"widget\" data-widget_type=\"heading.default\">\n\t\t\t\t<div class=\"elementor-widget-container\">\n\t\t\t\t\t<h3 class=\"elementor-heading-title elementor-size-default\">Engagierter, au\u00dfergew\u00f6hnlicher Kundensupport<\/h3>\t\t\t\t<\/div>\n\t\t\t\t<\/div>\n\t\t\t\t<div class=\"elementor-element elementor-element-ced7d46 elementor-widget elementor-widget-text-editor\" data-id=\"ced7d46\" data-element_type=\"widget\" data-widget_type=\"text-editor.default\">\n\t\t\t\t<div class=\"elementor-widget-container\">\n\t\t\t\t\t\t\t\t\t<p>Wir wissen, dass die Situation jedes Kunden einzigartig ist und dass das Laden von Elektrofahrzeugen f\u00fcr manche neu und undurchsichtig sein kann. Deshalb bietet MEKEL Ihnen eine kostenlose Produktberatung an, damit Sie die richtige Wahl f\u00fcr Ihr Unternehmen treffen k\u00f6nnen. Au\u00dferdem bieten wir Ihnen kostenlose technische Unterst\u00fctzung bei der Produktinstallation, um Probleme fr\u00fchzeitig zu vermeiden und die Reklamationsquote zu senken.<\/p>\t\t\t\t\t\t\t\t<\/div>\n\t\t\t\t<\/div>\n\t\t\t\t<div class=\"elementor-element elementor-element-337bb1a elementor-widget elementor-widget-heading\" data-id=\"337bb1a\" data-element_type=\"widget\" data-widget_type=\"heading.default\">\n\t\t\t\t<div class=\"elementor-widget-container\">\n\t\t\t\t\t<h2 class=\"elementor-heading-title elementor-size-default\">Produkt-Highlight der MCB-Produktpalette<\/h2>\t\t\t\t<\/div>\n\t\t\t\t<\/div>\n\t\t\t\t<div class=\"elementor-element elementor-element-fb35028 elementor-widget elementor-widget-text-editor\" data-id=\"fb35028\" data-element_type=\"widget\" data-widget_type=\"text-editor.default\">\n\t\t\t\t<div class=\"elementor-widget-container\">\n\t\t\t\t\t\t\t\t\t<ul class=\"wp-block-list\">\n<li>Alle Ladesituationen<\/li>\n<li>Zertifizierung und Garantie<\/li>\n<li>Au\u00dfergew\u00f6hnliche Kundenbetreuung<\/li>\n<li>Schnelle Lieferung<\/li>\n<\/ul>\t\t\t\t\t\t\t\t<\/div>\n\t\t\t\t<\/div>\n\t\t\t\t\t<\/div>\n\t\t\t\t<\/div>\n\t\t\t\t<\/div>","protected":false},"excerpt":{"rendered":"<p>Introduction to MCB Lineup The MCB ( Miniature Circuit Breaker ) Lineup is a critical safety component for EV charger installations. It is installed at the upstream of the EV charger and cuts off the circuit upon detecting any current imbalance in the live and neutral wires, which could indicate a current leakage to the [&hellip;]<\/p>","protected":false},"author":1,"featured_media":2865,"menu_order":0,"template":"","format":"standard","meta":{"_acf_changed":false,"site-sidebar-layout":"default","site-content-layout":"","ast-site-content-layout":"default","site-content-style":"default","site-sidebar-style":"default","ast-global-header-display":"","ast-banner-title-visibility":"","ast-main-header-display":"","ast-hfb-above-header-display":"","ast-hfb-below-header-display":"","ast-hfb-mobile-header-display":"","site-post-title":"","ast-breadcrumbs-content":"","ast-featured-img":"","footer-sml-layout":"","ast-disable-related-posts":"","theme-transparent-header-meta":"","adv-header-id-meta":"","stick-header-meta":"","header-above-stick-meta":"","header-main-stick-meta":"","header-below-stick-meta":"","astra-migrate-meta-layouts":"set","ast-page-background-enabled":"default","ast-page-background-meta":{"desktop":{"background-color":"","background-image":"","background-repeat":"repeat","background-position":"center center","background-size":"auto","background-attachment":"scroll","background-type":"","background-media":"","overlay-type":"","overlay-color":"","overlay-opacity":"","overlay-gradient":""},"tablet":{"background-color":"","background-image":"","background-repeat":"repeat","background-position":"center center","background-size":"auto","background-attachment":"scroll","background-type":"","background-media":"","overlay-type":"","overlay-color":"","overlay-opacity":"","overlay-gradient":""},"mobile":{"background-color":"","background-image":"","background-repeat":"repeat","background-position":"center center","background-size":"auto","background-attachment":"scroll","background-type":"","background-media":"","overlay-type":"","overlay-color":"","overlay-opacity":"","overlay-gradient":""}},"ast-content-background-meta":{"desktop":{"background-color":"var(--ast-global-color-5)","background-image":"","background-repeat":"repeat","background-position":"center center","background-size":"auto","background-attachment":"scroll","background-type":"","background-media":"","overlay-type":"","overlay-color":"","overlay-opacity":"","overlay-gradient":""},"tablet":{"background-color":"var(--ast-global-color-5)","background-image":"","background-repeat":"repeat","background-position":"center center","background-size":"auto","background-attachment":"scroll","background-type":"","background-media":"","overlay-type":"","overlay-color":"","overlay-opacity":"","overlay-gradient":""},"mobile":{"background-color":"var(--ast-global-color-5)","background-image":"","background-repeat":"repeat","background-position":"center center","background-size":"auto","background-attachment":"scroll","background-type":"","background-media":"","overlay-type":"","overlay-color":"","overlay-opacity":"","overlay-gradient":""}},"footnotes":""},"product-category":[95],"product-tag":[],"class_list":["post-2864","product","type-product","status-publish","format-standard","has-post-thumbnail","hentry","product-category-circuit-breaker"],"acf":[],"_links":{"self":[{"href":"https:\/\/www.mekeltech.com\/de\/wp-json\/wp\/v2\/product\/2864","targetHints":{"allow":["GET"]}}],"collection":[{"href":"https:\/\/www.mekeltech.com\/de\/wp-json\/wp\/v2\/product"}],"about":[{"href":"https:\/\/www.mekeltech.com\/de\/wp-json\/wp\/v2\/types\/product"}],"author":[{"embeddable":true,"href":"https:\/\/www.mekeltech.com\/de\/wp-json\/wp\/v2\/users\/1"}],"version-history":[{"count":8,"href":"https:\/\/www.mekeltech.com\/de\/wp-json\/wp\/v2\/product\/2864\/revisions"}],"predecessor-version":[{"id":7012,"href":"https:\/\/www.mekeltech.com\/de\/wp-json\/wp\/v2\/product\/2864\/revisions\/7012"}],"wp:featuredmedia":[{"embeddable":true,"href":"https:\/\/www.mekeltech.com\/de\/wp-json\/wp\/v2\/media\/2865"}],"wp:attachment":[{"href":"https:\/\/www.mekeltech.com\/de\/wp-json\/wp\/v2\/media?parent=2864"}],"wp:term":[{"taxonomy":"product-category","embeddable":true,"href":"https:\/\/www.mekeltech.com\/de\/wp-json\/wp\/v2\/product-category?post=2864"},{"taxonomy":"product-tag","embeddable":true,"href":"https:\/\/www.mekeltech.com\/de\/wp-json\/wp\/v2\/product-tag?post=2864"}],"curies":[{"name":"wp","href":"https:\/\/api.w.org\/{rel}","templated":true}]}}