{"id":2859,"date":"2025-05-09T07:59:57","date_gmt":"2025-05-09T07:59:57","guid":{"rendered":"https:\/\/mekeltech.com\/?post_type=product&#038;p=2859"},"modified":"2025-08-21T09:45:44","modified_gmt":"2025-08-21T01:45:44","slug":"dc-v2l-discharger-for-tesla-nacs-port","status":"publish","type":"product","link":"https:\/\/www.mekeltech.com\/de\/product\/dc-v2l-discharger-for-tesla-nacs-port\/","title":{"rendered":"DC V2L-Entladeger\u00e4t f\u00fcr Tesla NACS Port- Portable EV Power Solution"},"content":{"rendered":"<div data-elementor-type=\"wp-post\" data-elementor-id=\"2859\" class=\"elementor elementor-2859\" data-elementor-post-type=\"product\">\n\t\t\t\t<div class=\"elementor-element elementor-element-4a0c9806 e-flex e-con-boxed e-con e-parent\" data-id=\"4a0c9806\" data-element_type=\"container\">\n\t\t\t\t\t<div class=\"e-con-inner\">\n\t\t\t\t<div class=\"elementor-element elementor-element-4f6cc8a elementor-widget elementor-widget-heading\" data-id=\"4f6cc8a\" data-element_type=\"widget\" data-widget_type=\"heading.default\">\n\t\t\t\t<div class=\"elementor-widget-container\">\n\t\t\t\t\t<h2 class=\"elementor-heading-title elementor-size-default\">DC V2L-Ladeger\u00e4t f\u00fcr Tesla NACS-Anschluss<\/h2>\t\t\t\t<\/div>\n\t\t\t\t<\/div>\n\t\t\t\t<div class=\"elementor-element elementor-element-dbd82cd elementor-widget elementor-widget-text-editor\" data-id=\"dbd82cd\" data-element_type=\"widget\" data-widget_type=\"text-editor.default\">\n\t\t\t\t<div class=\"elementor-widget-container\">\n\t\t\t\t\t\t\t\t\t<div data-lark-html-role=\"root\"><span class=\"text-only\" data-eleid=\"10\"><span class=\"text-only\" data-eleid=\"10\">Besitzen Sie einen Tesla \/ ein EV-Modell, das nicht \u00fcber integrierte V2L-Funktionen verf\u00fcgt? Jetzt mit unseren innovativen DC V2L Entladern <span style=\"font-size: 16px;\">f\u00fcr Tesla NACS<\/span><\/span><\/span><span class=\"text-only\" data-eleid=\"10\">k\u00f6nnen Sie m\u00fchelos Ihre Autobatterie nutzen, um Ihre elektronischen Ger\u00e4te zu betreiben, wenn Sie unterwegs sind. Unser DC V2L Discharger nutzt den DC-Ladeanschluss des Autos als Stromquelle und verf\u00fcgt \u00fcber 2 Ausg\u00e4nge mit einer Leistung von bis zu 3,5KW f\u00fcr den Tesla NACS-Anschluss und 5KW f\u00fcr den CCS2-Anschluss. Sie k\u00f6nnen damit alle Ihre Campingger\u00e4te wie Grill, Herd, K\u00fchlschrank, Beleuchtung und mehr betreiben. Sie k\u00f6nnen es auch als Notstromversorgung bei Stromausf\u00e4llen verwenden.<\/span><\/div>\t\t\t\t\t\t\t\t<\/div>\n\t\t\t\t<\/div>\n\t\t\t\t<div class=\"elementor-element elementor-element-b47661f elementor-widget elementor-widget-heading\" data-id=\"b47661f\" data-element_type=\"widget\" data-widget_type=\"heading.default\">\n\t\t\t\t<div class=\"elementor-widget-container\">\n\t\t\t\t\t<h2 class=\"elementor-heading-title elementor-size-default\">Wie funktioniert unser DC V2L-Ladeger\u00e4t f\u00fcr Tesla NACS? <\/h2>\t\t\t\t<\/div>\n\t\t\t\t<\/div>\n\t\t\t\t<div class=\"elementor-element elementor-element-53e5d74d elementor-widget elementor-widget-text-editor\" data-id=\"53e5d74d\" data-element_type=\"widget\" data-widget_type=\"text-editor.default\">\n\t\t\t\t<div class=\"elementor-widget-container\">\n\t\t\t\t\t\t\t\t\t<p data-start=\"1160\" data-end=\"1477\">Normalerweise liefern Fahrzeuge mit eingebauter V2L-F\u00e4higkeit Wechselstrom direkt \u00fcber den Ladeanschluss, der mit einem einfachen V2L-Adapter verwendet werden kann. Viele Elektroauto-Modelle - wie z. B. Tesla - verf\u00fcgen jedoch nicht \u00fcber native V2L-Funktionen. Dies kann f\u00fcr Besitzer von Elektrofahrzeugen, die die Batteriekapazit\u00e4t ihres Fahrzeugs optimal nutzen wollen, frustrierend sein.<\/p><p data-start=\"1479\" data-end=\"1889\">Der Mekel DC V2L Discharger f\u00fcr Tesla NACS l\u00f6st diese Einschr\u00e4nkung, indem er Gleichstrom direkt vom Gleichstrom-Ladeanschluss Ihres Fahrzeugs bezieht und ihn \u00fcber einen eingebauten Wechselrichter in Wechselstrom umwandelt. Dies gew\u00e4hrleistet eine sichere und effiziente Energieumwandlung f\u00fcr die Stromversorgung Ihrer Ger\u00e4te. Schlie\u00dfen Sie das Entladeger\u00e4t einfach an den Ladeanschluss Ihres Fahrzeugs an, schalten Sie es ein, und schon k\u00f6nnen Sie Ihre Ger\u00e4te wie an einer Steckdose zu Hause mit Strom versorgen.<\/p>\t\t\t\t\t\t\t\t<\/div>\n\t\t\t\t<\/div>\n\t\t\t\t<div class=\"elementor-element elementor-element-d2d73f4 elementor-widget elementor-widget-heading\" data-id=\"d2d73f4\" data-element_type=\"widget\" data-widget_type=\"heading.default\">\n\t\t\t\t<div class=\"elementor-widget-container\">\n\t\t\t\t\t<h2 class=\"elementor-heading-title elementor-size-default\">Hauptmerkmale des DC V2L-Ladeger\u00e4ts f\u00fcr Tesla NACS Port<\/h2>\t\t\t\t<\/div>\n\t\t\t\t<\/div>\n\t\t\t\t<div class=\"elementor-element elementor-element-7eccb48 elementor-widget elementor-widget-text-editor\" data-id=\"7eccb48\" data-element_type=\"widget\" data-widget_type=\"text-editor.default\">\n\t\t\t\t<div class=\"elementor-widget-container\">\n\t\t\t\t\t\t\t\t\t<ul><li data-lark-html-role=\"root\"><span class=\"text-only\" data-eleid=\"22\">F\u00fcr Fahrzeuge ohne integrierte V2L-Funktionen <\/span><\/li><li data-lark-html-role=\"root\"><span class=\"text-only\" data-eleid=\"24\">Funktioniert mit NACS (Tesla) oder CCS2-Anschl\u00fcssen <\/span><\/li><li data-lark-html-role=\"root\"><span class=\"text-only\" data-eleid=\"26\">Hohe Leistungsabgabe bis zu 5KW <\/span><\/li><li data-lark-html-role=\"root\"><span class=\"text-only\" data-eleid=\"28\">Doppelsteckdosen<\/span><\/li><\/ul>\t\t\t\t\t\t\t\t<\/div>\n\t\t\t\t<\/div>\n\t\t\t\t\t<\/div>\n\t\t\t\t<\/div>\n\t\t\t\t<\/div>","protected":false},"excerpt":{"rendered":"<p>DC V2L Discharger for Tesla NACS Port Do you own a Tesla \/ an EV model that doesn\u2019t have built-in V2L functions? Now with our innovative DC V2L dischargers for Tesla NACS, you can effortlessly use your car battery to power your electronic appliances when you are on the road. Our DC V2L Discharger uses [&hellip;]<\/p>","protected":false},"author":1,"featured_media":2860,"menu_order":0,"template":"","format":"standard","meta":{"_acf_changed":false,"site-sidebar-layout":"default","site-content-layout":"","ast-site-content-layout":"default","site-content-style":"default","site-sidebar-style":"default","ast-global-header-display":"","ast-banner-title-visibility":"","ast-main-header-display":"","ast-hfb-above-header-display":"","ast-hfb-below-header-display":"","ast-hfb-mobile-header-display":"","site-post-title":"","ast-breadcrumbs-content":"","ast-featured-img":"","footer-sml-layout":"","ast-disable-related-posts":"","theme-transparent-header-meta":"","adv-header-id-meta":"","stick-header-meta":"","header-above-stick-meta":"","header-main-stick-meta":"","header-below-stick-meta":"","astra-migrate-meta-layouts":"set","ast-page-background-enabled":"default","ast-page-background-meta":{"desktop":{"background-color":"","background-image":"","background-repeat":"repeat","background-position":"center center","background-size":"auto","background-attachment":"scroll","background-type":"","background-media":"","overlay-type":"","overlay-color":"","overlay-opacity":"","overlay-gradient":""},"tablet":{"background-color":"","background-image":"","background-repeat":"repeat","background-position":"center center","background-size":"auto","background-attachment":"scroll","background-type":"","background-media":"","overlay-type":"","overlay-color":"","overlay-opacity":"","overlay-gradient":""},"mobile":{"background-color":"","background-image":"","background-repeat":"repeat","background-position":"center center","background-size":"auto","background-attachment":"scroll","background-type":"","background-media":"","overlay-type":"","overlay-color":"","overlay-opacity":"","overlay-gradient":""}},"ast-content-background-meta":{"desktop":{"background-color":"var(--ast-global-color-5)","background-image":"","background-repeat":"repeat","background-position":"center center","background-size":"auto","background-attachment":"scroll","background-type":"","background-media":"","overlay-type":"","overlay-color":"","overlay-opacity":"","overlay-gradient":""},"tablet":{"background-color":"var(--ast-global-color-5)","background-image":"","background-repeat":"repeat","background-position":"center center","background-size":"auto","background-attachment":"scroll","background-type":"","background-media":"","overlay-type":"","overlay-color":"","overlay-opacity":"","overlay-gradient":""},"mobile":{"background-color":"var(--ast-global-color-5)","background-image":"","background-repeat":"repeat","background-position":"center center","background-size":"auto","background-attachment":"scroll","background-type":"","background-media":"","overlay-type":"","overlay-color":"","overlay-opacity":"","overlay-gradient":""}},"footnotes":""},"product-category":[93],"product-tag":[],"class_list":["post-2859","product","type-product","status-publish","format-standard","has-post-thumbnail","hentry","product-category-vehicle-to-load-v2l"],"acf":[],"_links":{"self":[{"href":"https:\/\/www.mekeltech.com\/de\/wp-json\/wp\/v2\/product\/2859","targetHints":{"allow":["GET"]}}],"collection":[{"href":"https:\/\/www.mekeltech.com\/de\/wp-json\/wp\/v2\/product"}],"about":[{"href":"https:\/\/www.mekeltech.com\/de\/wp-json\/wp\/v2\/types\/product"}],"author":[{"embeddable":true,"href":"https:\/\/www.mekeltech.com\/de\/wp-json\/wp\/v2\/users\/1"}],"version-history":[{"count":20,"href":"https:\/\/www.mekeltech.com\/de\/wp-json\/wp\/v2\/product\/2859\/revisions"}],"predecessor-version":[{"id":6116,"href":"https:\/\/www.mekeltech.com\/de\/wp-json\/wp\/v2\/product\/2859\/revisions\/6116"}],"wp:featuredmedia":[{"embeddable":true,"href":"https:\/\/www.mekeltech.com\/de\/wp-json\/wp\/v2\/media\/2860"}],"wp:attachment":[{"href":"https:\/\/www.mekeltech.com\/de\/wp-json\/wp\/v2\/media?parent=2859"}],"wp:term":[{"taxonomy":"product-category","embeddable":true,"href":"https:\/\/www.mekeltech.com\/de\/wp-json\/wp\/v2\/product-category?post=2859"},{"taxonomy":"product-tag","embeddable":true,"href":"https:\/\/www.mekeltech.com\/de\/wp-json\/wp\/v2\/product-tag?post=2859"}],"curies":[{"name":"wp","href":"https:\/\/api.w.org\/{rel}","templated":true}]}}