{"id":2855,"date":"2025-05-10T07:58:42","date_gmt":"2025-05-10T07:58:42","guid":{"rendered":"https:\/\/mekeltech.com\/?post_type=product&#038;p=2855"},"modified":"2025-09-05T11:37:20","modified_gmt":"2025-09-05T03:37:20","slug":"dc-v2l-discharger-for-ccs2-port","status":"publish","type":"product","link":"https:\/\/www.mekeltech.com\/de\/product\/dc-v2l-discharger-for-ccs2-port\/","title":{"rendered":"DC V2L-Entladeger\u00e4t f\u00fcr CCS2-Anschluss - tragbare EV-Stromversorgungsl\u00f6sung"},"content":{"rendered":"<div data-elementor-type=\"wp-post\" data-elementor-id=\"2855\" class=\"elementor elementor-2855\" data-elementor-post-type=\"product\">\n\t\t\t\t<div class=\"elementor-element elementor-element-4a95899e e-flex e-con-boxed e-con e-parent\" data-id=\"4a95899e\" data-element_type=\"container\">\n\t\t\t\t\t<div class=\"e-con-inner\">\n\t\t\t\t<div class=\"elementor-element elementor-element-da866a4 elementor-widget elementor-widget-heading\" data-id=\"da866a4\" data-element_type=\"widget\" data-widget_type=\"heading.default\">\n\t\t\t\t<div class=\"elementor-widget-container\">\n\t\t\t\t\t<h2 class=\"elementor-heading-title elementor-size-default\">DC V2L-Entladeger\u00e4t f\u00fcr CCS2-Anschluss<\/h2>\t\t\t\t<\/div>\n\t\t\t\t<\/div>\n\t\t\t\t<div class=\"elementor-element elementor-element-1ee4811 elementor-widget elementor-widget-text-editor\" data-id=\"1ee4811\" data-element_type=\"widget\" data-widget_type=\"text-editor.default\">\n\t\t\t\t<div class=\"elementor-widget-container\">\n\t\t\t\t\t\t\t\t\t<div data-lark-html-role=\"root\"><span class=\"text-only\" data-eleid=\"10\"> Do you own a Tesla \/ an EV model that doesn\u2019t have built-in V2L functions? Now with our innovative DC V2L dischargers for CCS2 Port, you can effortlessly use your car battery to power your electronic appliances when you are on the road. Our DC V2L Discharger uses the car\u2019s DC charging port as power source and features 2 outlets with power up to 3.5KW for Tesla NACS port and 5KW for CCS2 port. You can use it to power all your camping appliances such as grill, cooker, refrigerator, lights, and more. You can also use it for emergency power backup during power outages.<\/span><\/div>\t\t\t\t\t\t\t\t<\/div>\n\t\t\t\t<\/div>\n\t\t\t\t<div class=\"elementor-element elementor-element-f2c233c elementor-widget elementor-widget-heading\" data-id=\"f2c233c\" data-element_type=\"widget\" data-widget_type=\"heading.default\">\n\t\t\t\t<div class=\"elementor-widget-container\">\n\t\t\t\t\t<h2 class=\"elementor-heading-title elementor-size-default\">\nHow does Our DC V2L Discharger for CCS2 Port Work?<\/h2>\t\t\t\t<\/div>\n\t\t\t\t<\/div>\n\t\t\t\t<div class=\"elementor-element elementor-element-5cf6907c elementor-widget elementor-widget-text-editor\" data-id=\"5cf6907c\" data-element_type=\"widget\" data-widget_type=\"text-editor.default\">\n\t\t\t\t<div class=\"elementor-widget-container\">\n\t\t\t\t\t\t\t\t\t<div data-lark-html-role=\"root\"><span class=\"text-only\" data-eleid=\"15\">Normalerweise liefern Fahrzeuge, die V2L unterst\u00fctzen, Wechselstrom direkt \u00fcber ihren Ladeanschluss, der dann mit einem einfachen V2L-Adapter zur Stromversorgung elektronischer Ger\u00e4te verwendet wird. Einige Fahrzeuge, wie z. B. Tesla, unterst\u00fctzen V2L jedoch nicht auf diese typische Weise, was f\u00fcr Besitzer, die ihren aktiven Lebensstil nicht einschr\u00e4nken wollen, ein Problem darstellen k\u00f6nnte. <\/span> <span class=\"text-only\" data-eleid=\"17\">Mekel\u2019s DC V2L Discharger for CCS2 Port cleverly works around this constraint by drawing DC power directly from the car\u2019s DC charging port, which is then converted to AC power through the discharger\u2019s inverter to safely power your external appliances. Simply plug into the car\u2019s charging port, power on the device, and it is ready to charge your devices. <\/span><\/div>\t\t\t\t\t\t\t\t<\/div>\n\t\t\t\t<\/div>\n\t\t\t\t<div class=\"elementor-element elementor-element-3d00db9 elementor-widget elementor-widget-heading\" data-id=\"3d00db9\" data-element_type=\"widget\" data-widget_type=\"heading.default\">\n\t\t\t\t<div class=\"elementor-widget-container\">\n\t\t\t\t\t<h2 class=\"elementor-heading-title elementor-size-default\">Key Features of DC V2L Discharger for CCS2 Port<\/h2>\t\t\t\t<\/div>\n\t\t\t\t<\/div>\n\t\t\t\t<div class=\"elementor-element elementor-element-bc22011 elementor-widget elementor-widget-text-editor\" data-id=\"bc22011\" data-element_type=\"widget\" data-widget_type=\"text-editor.default\">\n\t\t\t\t<div class=\"elementor-widget-container\">\n\t\t\t\t\t\t\t\t\t<ul>\n<li data-lark-html-role=\"root\"><span class=\"text-only\" data-eleid=\"22\">F\u00fcr Fahrzeuge ohne integrierte V2L-Funktionen <\/span><\/li>\n<li data-lark-html-role=\"root\"><span class=\"text-only\" data-eleid=\"24\">Funktioniert mit NACS (Tesla) oder CCS2-Anschl\u00fcssen <\/span><\/li>\n<li data-lark-html-role=\"root\"><span class=\"text-only\" data-eleid=\"26\">Hohe Leistungsabgabe bis zu 5KW <\/span><\/li>\n<li data-lark-html-role=\"root\"><span class=\"text-only\" data-eleid=\"28\">Doppelsteckdosen<\/span><\/li>\n<\/ul>\t\t\t\t\t\t\t\t<\/div>\n\t\t\t\t<\/div>\n\t\t\t\t\t<\/div>\n\t\t\t\t<\/div>\n\t\t\t\t<\/div>","protected":false},"excerpt":{"rendered":"<p>DC V2L Discharger for CCS2 Port Do you own a Tesla \/ an EV model that doesn\u2019t have built-in V2L functions? Now with our innovative DC V2L dischargers for CCS2 Port, you can effortlessly use your car battery to power your electronic appliances when you are on the road. Our DC V2L Discharger uses the [&hellip;]<\/p>","protected":false},"author":1,"featured_media":2857,"menu_order":0,"template":"","format":"standard","meta":{"_acf_changed":true,"site-sidebar-layout":"default","site-content-layout":"","ast-site-content-layout":"default","site-content-style":"default","site-sidebar-style":"default","ast-global-header-display":"","ast-banner-title-visibility":"","ast-main-header-display":"","ast-hfb-above-header-display":"","ast-hfb-below-header-display":"","ast-hfb-mobile-header-display":"","site-post-title":"disabled","ast-breadcrumbs-content":"","ast-featured-img":"disabled","footer-sml-layout":"","ast-disable-related-posts":"","theme-transparent-header-meta":"","adv-header-id-meta":"","stick-header-meta":"","header-above-stick-meta":"","header-main-stick-meta":"","header-below-stick-meta":"","astra-migrate-meta-layouts":"set","ast-page-background-enabled":"default","ast-page-background-meta":{"desktop":{"background-color":"","background-image":"","background-repeat":"repeat","background-position":"center center","background-size":"auto","background-attachment":"scroll","background-type":"","background-media":"","overlay-type":"","overlay-color":"","overlay-opacity":"","overlay-gradient":""},"tablet":{"background-color":"","background-image":"","background-repeat":"repeat","background-position":"center center","background-size":"auto","background-attachment":"scroll","background-type":"","background-media":"","overlay-type":"","overlay-color":"","overlay-opacity":"","overlay-gradient":""},"mobile":{"background-color":"","background-image":"","background-repeat":"repeat","background-position":"center center","background-size":"auto","background-attachment":"scroll","background-type":"","background-media":"","overlay-type":"","overlay-color":"","overlay-opacity":"","overlay-gradient":""}},"ast-content-background-meta":{"desktop":{"background-color":"var(--ast-global-color-5)","background-image":"","background-repeat":"repeat","background-position":"center center","background-size":"auto","background-attachment":"scroll","background-type":"","background-media":"","overlay-type":"","overlay-color":"","overlay-opacity":"","overlay-gradient":""},"tablet":{"background-color":"var(--ast-global-color-5)","background-image":"","background-repeat":"repeat","background-position":"center center","background-size":"auto","background-attachment":"scroll","background-type":"","background-media":"","overlay-type":"","overlay-color":"","overlay-opacity":"","overlay-gradient":""},"mobile":{"background-color":"var(--ast-global-color-5)","background-image":"","background-repeat":"repeat","background-position":"center center","background-size":"auto","background-attachment":"scroll","background-type":"","background-media":"","overlay-type":"","overlay-color":"","overlay-opacity":"","overlay-gradient":""}},"footnotes":""},"product-category":[93],"product-tag":[],"class_list":["post-2855","product","type-product","status-publish","format-standard","has-post-thumbnail","hentry","product-category-vehicle-to-load-v2l"],"acf":[],"_links":{"self":[{"href":"https:\/\/www.mekeltech.com\/de\/wp-json\/wp\/v2\/product\/2855","targetHints":{"allow":["GET"]}}],"collection":[{"href":"https:\/\/www.mekeltech.com\/de\/wp-json\/wp\/v2\/product"}],"about":[{"href":"https:\/\/www.mekeltech.com\/de\/wp-json\/wp\/v2\/types\/product"}],"author":[{"embeddable":true,"href":"https:\/\/www.mekeltech.com\/de\/wp-json\/wp\/v2\/users\/1"}],"version-history":[{"count":27,"href":"https:\/\/www.mekeltech.com\/de\/wp-json\/wp\/v2\/product\/2855\/revisions"}],"predecessor-version":[{"id":7162,"href":"https:\/\/www.mekeltech.com\/de\/wp-json\/wp\/v2\/product\/2855\/revisions\/7162"}],"wp:featuredmedia":[{"embeddable":true,"href":"https:\/\/www.mekeltech.com\/de\/wp-json\/wp\/v2\/media\/2857"}],"wp:attachment":[{"href":"https:\/\/www.mekeltech.com\/de\/wp-json\/wp\/v2\/media?parent=2855"}],"wp:term":[{"taxonomy":"product-category","embeddable":true,"href":"https:\/\/www.mekeltech.com\/de\/wp-json\/wp\/v2\/product-category?post=2855"},{"taxonomy":"product-tag","embeddable":true,"href":"https:\/\/www.mekeltech.com\/de\/wp-json\/wp\/v2\/product-tag?post=2855"}],"curies":[{"name":"wp","href":"https:\/\/api.w.org\/{rel}","templated":true}]}}