{"id":2845,"date":"2025-05-02T07:48:19","date_gmt":"2025-05-02T07:48:19","guid":{"rendered":"https:\/\/mekeltech.com\/?post_type=product&#038;p=2845"},"modified":"2025-08-07T17:06:11","modified_gmt":"2025-08-07T09:06:11","slug":"european-to-tesla-ac-type2-ccs2-ev-charging-adapter","status":"publish","type":"product","link":"https:\/\/www.mekeltech.com\/de\/product\/european-to-tesla-ac-type2-ccs2-ev-charging-adapter\/","title":{"rendered":"Europ\u00e4ischer zu Tesla AC (Typ 2 - CCS2) EV-Ladeadapter"},"content":{"rendered":"<p>Der zuverl\u00e4ssige und einfach zu bedienende CCS2-GBT-DC-Ladeadapter erm\u00f6glicht das Schnellladen von Fahrzeugen mit chinesischem Standardanschluss (GBT) mit europ\u00e4ischen Standard-DC-Ladeger\u00e4ten (CCS2). Das Produkt hat ein kompaktes Design f\u00fcr eine einfache Lagerung und ist Plug-and-Play, ohne dass zus\u00e4tzliche Einstellungen erforderlich sind. Die Wasserdichtigkeit nach IP54 und die Temperaturbest\u00e4ndigkeit von -30\u00b0C bis +50\u00b0C sorgen f\u00fcr Sicherheit und Haltbarkeit, der Sie vertrauen k\u00f6nnen.<\/p>\n\n\n\n<p class=\"has-medium-font-size\"><strong>Eine L\u00f6sung f\u00fcr jeden Ladestandard<\/strong><strong><\/strong><\/p>\n\n\n\n<p>Unser Angebot an Ladeadaptern f\u00fcr Elektrofahrzeuge bietet Konvertierungsl\u00f6sungen f\u00fcr jeden Ladestandard auf der ganzen Welt, einschlie\u00dflich Konvertierungen zwischen amerikanischen Typ-1-, Tesla NACS-, europ\u00e4ischen Typ-2-, chinesischen GBT- und japanischen Chademo-Ladeanschl\u00fcssen.  Sprechen Sie mit uns, um mehr \u00fcber die perfekten Adapterprodukte f\u00fcr Ihre jeweiligen M\u00e4rkte zu erfahren<\/p>\n\n\n\n<p class=\"has-medium-font-size\"><strong>Erstklassig gebaute Qualit\u00e4t<\/strong><strong><\/strong><\/p>\n\n\n\n<p>Unsere Adapter bestehen aus einem hochfesten thermoplastischen Kunststoff, der eine lange Lebensdauer gew\u00e4hrleistet, und einer versilberten Kupferlegierung, die eine erstklassige Leitf\u00e4higkeit bietet, was zur Zufriedenheit Ihrer Kunden beitr\u00e4gt.<\/p>\n\n\n\n<p class=\"has-medium-font-size\"><strong>Einfach zu benutzen und mitzunehmen<\/strong><strong><\/strong><\/p>\n\n\n\n<p>Unsere Adapter zeichnen sich durch ein kompaktes Design aus, ohne die Funktionalit\u00e4t zu beeintr\u00e4chtigen. Er unterst\u00fctzt Hochgeschwindigkeits-Wechselstrom- oder -Gleichstromladungen und passt dabei bequem in ein Handschuhfach. Einfach auf die Ladepistole aufsetzen und in den Ladeanschluss des Fahrzeugs einstecken - f\u00fcr ein nahtloses Ladeerlebnis<\/p>\n\n\n\n<p class=\"has-medium-font-size\"><strong>Produkt Hoch<\/strong><strong>Licht<\/strong><strong><\/strong><\/p>\n\n\n\n<ul class=\"wp-block-list\">\n<li>Alle Ladestandards<\/li>\n\n\n\n<li>Hochwertige Materialien<\/li>\n\n\n\n<li>Wetterschutz<\/li>\n\n\n\n<li>Produktionsbereitschaft<\/li>\n\n\n\n<li>Schnelle Lieferung<\/li>\n<\/ul>\n\n\n\n<p class=\"has-medium-font-size\"><strong>Produkt<\/strong><strong>&nbsp;<\/strong><strong>Einzelheiten<\/strong><strong><\/strong><\/p>\n\n\n\n<figure class=\"wp-block-table\"><table class=\"has-fixed-layout\"><tbody><tr><td><strong>Produktname<\/strong><strong><\/strong><\/td><td><strong>CCS2 zu GBT-Ladeadapter<\/strong><strong><\/strong><\/td><\/tr><tr><td><strong>Nennstrom<\/strong><strong><\/strong><\/td><td><strong>Maximal 250A<\/strong><strong><\/strong><\/td><\/tr><tr><td><strong>Nennspannung <\/strong><strong><\/strong><\/td><td><strong>Maximal 1000V DC<\/strong><strong><\/strong><\/td><\/tr><tr><td><strong>Wasserbest\u00e4ndigkeit <\/strong><strong><\/strong><\/td><td><strong>IP54 (wenn eingesteckt)<\/strong><strong><\/strong><\/td><\/tr><tr><td><strong>\u00c4u\u00dfere Schale <\/strong><strong><\/strong><\/td><td><strong>Thermoplastischer Kunststoff<\/strong><strong>\uff08TBC\uff09<\/strong><strong><\/strong><\/td><\/tr><tr><td><strong>Leitf\u00e4higer Stift<\/strong><strong><\/strong><\/td><td><strong>Kupferlegierung, versilbert<\/strong><strong><\/strong><\/td><\/tr><tr><td><strong>Arbeitstemperatur <\/strong><strong><\/strong><\/td><td><strong>-30\u00b0C bis +50\u00b0C<\/strong><strong><\/strong><\/td><\/tr><tr><td><strong>Nettogewicht<\/strong><strong><\/strong><\/td><td><strong>1,6 kg<\/strong><strong><\/strong><\/td><\/tr><tr><td><strong>Abmessungen<\/strong><strong><\/strong><\/td><td><strong>294*95*145mm<\/strong><strong><\/strong><\/td><\/tr><\/tbody><\/table><\/figure>\n\n\n\n<p class=\"has-medium-font-size\"><strong>FAQ<\/strong><strong><\/strong><\/p>\n\n\n\n<p class=\"has-medium-font-size\"><strong>Welche Funktion hat ein EV-Ladeadapter? <\/strong><strong><\/strong><\/p>\n\n\n\n<p>Ein EV-Ladeadapter erm\u00f6glicht es einem Fahrzeug, eine Ladestation mit einem anderen Ladestandard zu nutzen. Ein aus China importiertes Auto mit einem GBT-Ladeanschluss kann beispielsweise mit einem Adapter von Typ 2 auf GBT mit dem europ\u00e4ischen Typ-2-Stecker geladen werden.<\/p>\n\n\n\n<p><strong class=\"\">Wie schlie\u00dfe ich den europ\u00e4ischen an den Tesla AC (Typ 2 - CCS2) EV-Ladeadapter an?<\/strong><\/p>\n\n\n\n<p>Zur Verwendung des <strong>EV-Ladeadapter<\/strong>Stecken Sie einfach den Typ-2-Stecker der Station in die Buchse des Adapters und dann das m\u00e4nnliche, Tesla-kompatible Ende in den Ladeanschluss Ihres Fahrzeugs. Der Ladevorgang beginnt automatisch innerhalb von Sekunden.<\/p>\n\n\n\n<p><strong class=\"\">Verlangsamt der European to Tesla AC (Type 2 - CCS2) EV Ladeadapter meine Ladegeschwindigkeit im Vergleich zu einem Tesla Wall Connector?<\/strong><\/p>\n\n\n\n<p>Nein. Die versilberten Leiter im <strong class=\"\">EV-Ladeadapter<\/strong> f\u00fchren &lt;0,3% Verlustleistung ein, so dass 11 kW oder 22 kW AC-Ladegeschwindigkeiten identisch mit der direkten Typ-2-Ladung bleiben.<\/p>\n\n\n\n<p><\/p>","protected":false},"excerpt":{"rendered":"<p>Reliable and easy to use, the CCS2 to GBT DC EV charging adapter allows vehicles with Chinese standard port (GBT) to fast charge using European standard DC chargers (CCS2). The product has a compact\u00a0design for easy storage and is plug-and-play without needing additional setups. Comes with IP54 water resistance and temperature endurance of -30\u00b0C to [&hellip;]<\/p>","protected":false},"author":1,"featured_media":3356,"menu_order":0,"template":"","format":"standard","meta":{"_acf_changed":false,"site-sidebar-layout":"default","site-content-layout":"","ast-site-content-layout":"default","site-content-style":"default","site-sidebar-style":"default","ast-global-header-display":"","ast-banner-title-visibility":"","ast-main-header-display":"","ast-hfb-above-header-display":"","ast-hfb-below-header-display":"","ast-hfb-mobile-header-display":"","site-post-title":"","ast-breadcrumbs-content":"","ast-featured-img":"","footer-sml-layout":"","ast-disable-related-posts":"","theme-transparent-header-meta":"","adv-header-id-meta":"","stick-header-meta":"","header-above-stick-meta":"","header-main-stick-meta":"","header-below-stick-meta":"","astra-migrate-meta-layouts":"set","ast-page-background-enabled":"default","ast-page-background-meta":{"desktop":{"background-color":"","background-image":"","background-repeat":"repeat","background-position":"center center","background-size":"auto","background-attachment":"scroll","background-type":"","background-media":"","overlay-type":"","overlay-color":"","overlay-opacity":"","overlay-gradient":""},"tablet":{"background-color":"","background-image":"","background-repeat":"repeat","background-position":"center center","background-size":"auto","background-attachment":"scroll","background-type":"","background-media":"","overlay-type":"","overlay-color":"","overlay-opacity":"","overlay-gradient":""},"mobile":{"background-color":"","background-image":"","background-repeat":"repeat","background-position":"center center","background-size":"auto","background-attachment":"scroll","background-type":"","background-media":"","overlay-type":"","overlay-color":"","overlay-opacity":"","overlay-gradient":""}},"ast-content-background-meta":{"desktop":{"background-color":"var(--ast-global-color-5)","background-image":"","background-repeat":"repeat","background-position":"center center","background-size":"auto","background-attachment":"scroll","background-type":"","background-media":"","overlay-type":"","overlay-color":"","overlay-opacity":"","overlay-gradient":""},"tablet":{"background-color":"var(--ast-global-color-5)","background-image":"","background-repeat":"repeat","background-position":"center center","background-size":"auto","background-attachment":"scroll","background-type":"","background-media":"","overlay-type":"","overlay-color":"","overlay-opacity":"","overlay-gradient":""},"mobile":{"background-color":"var(--ast-global-color-5)","background-image":"","background-repeat":"repeat","background-position":"center center","background-size":"auto","background-attachment":"scroll","background-type":"","background-media":"","overlay-type":"","overlay-color":"","overlay-opacity":"","overlay-gradient":""}},"footnotes":""},"product-category":[89],"product-tag":[],"class_list":["post-2845","product","type-product","status-publish","format-standard","has-post-thumbnail","hentry","product-category-charging-adapter"],"acf":[],"_links":{"self":[{"href":"https:\/\/www.mekeltech.com\/de\/wp-json\/wp\/v2\/product\/2845","targetHints":{"allow":["GET"]}}],"collection":[{"href":"https:\/\/www.mekeltech.com\/de\/wp-json\/wp\/v2\/product"}],"about":[{"href":"https:\/\/www.mekeltech.com\/de\/wp-json\/wp\/v2\/types\/product"}],"author":[{"embeddable":true,"href":"https:\/\/www.mekeltech.com\/de\/wp-json\/wp\/v2\/users\/1"}],"version-history":[{"count":5,"href":"https:\/\/www.mekeltech.com\/de\/wp-json\/wp\/v2\/product\/2845\/revisions"}],"predecessor-version":[{"id":5829,"href":"https:\/\/www.mekeltech.com\/de\/wp-json\/wp\/v2\/product\/2845\/revisions\/5829"}],"wp:featuredmedia":[{"embeddable":true,"href":"https:\/\/www.mekeltech.com\/de\/wp-json\/wp\/v2\/media\/3356"}],"wp:attachment":[{"href":"https:\/\/www.mekeltech.com\/de\/wp-json\/wp\/v2\/media?parent=2845"}],"wp:term":[{"taxonomy":"product-category","embeddable":true,"href":"https:\/\/www.mekeltech.com\/de\/wp-json\/wp\/v2\/product-category?post=2845"},{"taxonomy":"product-tag","embeddable":true,"href":"https:\/\/www.mekeltech.com\/de\/wp-json\/wp\/v2\/product-tag?post=2845"}],"curies":[{"name":"wp","href":"https:\/\/api.w.org\/{rel}","templated":true}]}}