{"id":2843,"date":"2025-05-03T07:45:54","date_gmt":"2025-05-03T07:45:54","guid":{"rendered":"https:\/\/mekeltech.com\/?post_type=product&#038;p=2843"},"modified":"2025-09-05T10:51:46","modified_gmt":"2025-09-05T02:51:46","slug":"ccs2-chademo-ev-charging-adapters","status":"publish","type":"product","link":"https:\/\/www.mekeltech.com\/de\/product\/ccs2-chademo-ev-charging-adapters\/","title":{"rendered":"CCS2-CHAdeMO EV-Ladeadapter"},"content":{"rendered":"<h2 class=\"wp-block-heading\">Einf\u00fchrung in die europ\u00e4ische bis japanische EZ (CCS2-CHAdeMO)<\/h2>\n\n\n\n<p>Die zuverl\u00e4ssigen und einfach zu bedienenden CCS2-zu-CHAdeMO-DC-EV-Ladeadapter erm\u00f6glichen die Schnellladung von Fahrzeugen mit japanischem Standardanschluss (CHAdeMO) mit europ\u00e4ischen Standard-DC-Ladeger\u00e4ten (CCS2). Das Produkt hat ein kompaktes Design f\u00fcr einfache Lagerung und ist Plug-and-Play, ohne dass zus\u00e4tzliche Einstellungen erforderlich sind. Es ist wasserdicht nach IP54 und temperaturbest\u00e4ndig von -30\u00b0C bis +50\u00b0C und bietet damit Sicherheit und Haltbarkeit, auf die Sie sich verlassen k\u00f6nnen.<\/p>\n\n\n\n<h2 class=\"wp-block-heading\">Merkmale von Mekel EV-Ladeadaptern<\/h2>\n\n\n\n<h3 class=\"wp-block-heading\">Eine L\u00f6sung f\u00fcr jeden Ladestandard<\/h3>\n\n\n\n<p>Unser Angebot an Ladeadaptern f\u00fcr Elektrofahrzeuge bietet Konvertierungsl\u00f6sungen f\u00fcr jeden Ladestandard auf der ganzen Welt, einschlie\u00dflich Konvertierungen zwischen amerikanischen Typ-1-, Tesla NACS-, europ\u00e4ischen Typ-2-, chinesischen GBT- und japanischen Chademo-Ladeanschl\u00fcssen.  Sprechen Sie mit uns, um mehr \u00fcber die perfekten Adapterprodukte f\u00fcr Ihre jeweiligen M\u00e4rkte zu erfahren.<\/p>\n\n\n\n<h3 class=\"wp-block-heading has-medium-font-size\"><strong>Erstklassig gebaute Qualit\u00e4t<\/strong><strong><\/strong><\/h3>\n\n\n\n<p>Unsere Adapter bestehen aus einem hochfesten thermoplastischen Kunststoff, der eine lange Lebensdauer gew\u00e4hrleistet, und einer versilberten Kupferlegierung, die eine erstklassige Leitf\u00e4higkeit bietet, was zur Zufriedenheit Ihrer Kunden beitr\u00e4gt.<\/p>\n\n\n\n<h3 class=\"wp-block-heading has-medium-font-size\"><strong>Einfach zu benutzen und mitzunehmen<\/strong><strong><\/strong><\/h3>\n\n\n\n<p>Unsere Adapter zeichnen sich durch ein kompaktes Design aus, ohne die Funktionalit\u00e4t zu beeintr\u00e4chtigen. Er unterst\u00fctzt Hochgeschwindigkeits-Wechselstrom- oder -Gleichstromladungen und passt dabei bequem in ein Handschuhfach. Einfach auf die Ladepistole aufsetzen und in den Ladeanschluss des Fahrzeugs einstecken - f\u00fcr ein nahtloses Ladeerlebnis<\/p>\n\n\n\n<h2 class=\"wp-block-heading\"><strong>Produkt Hoch<\/strong><strong>Licht<\/strong><strong><\/strong><\/h2>\n\n\n\n<p>Alle Ladestandards<\/p>\n\n\n\n<p>Hochwertige Materialien<\/p>\n\n\n\n<p>Wetterschutz<\/p>\n\n\n\n<p>Produktionsbereitschaft<\/p>\n\n\n\n<p>Schnelle Lieferung<\/p>\n\n\n\n<h2 class=\"wp-block-heading has-medium-font-size\"><strong>Produkt<\/strong><strong>&nbsp;<\/strong><strong>Einzelheiten<\/strong><strong><\/strong><\/h2>\n\n\n\n<figure class=\"wp-block-table\"><table class=\"has-fixed-layout\"><tbody><tr><td><strong>Produktname<\/strong><strong><\/strong><\/td><td><strong>CCS2 zu CHAdeMO<\/strong> <strong>Adapter zum Aufladen<\/strong><\/td><\/tr><tr><td><strong>Nennstrom<\/strong><strong><\/strong><\/td><td><strong>Maximal 250A<\/strong><strong><\/strong><\/td><\/tr><tr><td><strong>Nennspannung <\/strong><strong><\/strong><\/td><td><strong>Maximal 1000V DC<\/strong><strong><\/strong><\/td><\/tr><tr><td><strong>Wasserbest\u00e4ndigkeit <\/strong><strong><\/strong><\/td><td><strong>IP54 (wenn eingesteckt)<\/strong><strong><\/strong><\/td><\/tr><tr><td><strong>\u00c4u\u00dfere Schale <\/strong><strong><\/strong><\/td><td><strong>Thermoplastischer Kunststoff<\/strong><strong>\uff08TBC\uff09<\/strong><strong><\/strong><\/td><\/tr><tr><td><strong>Leitf\u00e4higer Stift<\/strong><strong><\/strong><\/td><td><strong>Kupferlegierung, versilbert<\/strong><strong><\/strong><\/td><\/tr><tr><td><strong>Arbeitstemperatur <\/strong><strong><\/strong><\/td><td><strong>-30\u00b0C bis +50\u00b0C<\/strong><strong><\/strong><\/td><\/tr><tr><td><strong>Nettogewicht<\/strong><strong><\/strong><\/td><td><strong>1,6 kg<\/strong><strong><\/strong><\/td><\/tr><tr><td><strong>Abmessungen<\/strong><strong><\/strong><\/td><td><strong>294*95*145mm<\/strong><\/td><\/tr><\/tbody><\/table><\/figure>\n\n\n\n<h2 class=\"wp-block-heading has-medium-font-size\"><strong>FAQ<\/strong><strong><\/strong><\/h2>\n\n\n\n<p class=\"has-medium-font-size\">Welche Funktion hat ein EV-Ladeadapter? <\/p>\n\n\n\n<p>Ein EV-Ladeadapter erm\u00f6glicht es einem Fahrzeug, eine Ladestation zu nutzen, die einen anderen Ladestandard hat. Ein aus China importiertes Fahrzeug mit einem CHAdeMO-Ladeanschluss kann beispielsweise mit einem Adapter von Typ 2 auf CHAdeMO mit dem europ\u00e4ischen Typ-2-Stecker geladen werden.<\/p>\n\n\n\n<p class=\"has-medium-font-size\">Werden diese CCS2 zu CHAdeMO DC EV Ladeadapter langsamer als das Original laden?<\/p>\n\n\n\n<p>A: Dieses Produkt verwendet versilberte Kupferlegierungsleiter (Widerstand &lt; 0,2m\u03a9), Leistungsverlust &lt; 0,3%, und die Ladeeffizienz entspricht der von Direktladestationen.<\/p>\n\n\n\n<p class=\"has-medium-font-size\">Wie viel Leistung unterst\u00fctzen diese CCS2-CHAdeMO-EV-Ladeadapter beim Schnellladen?<\/p>\n\n\n\n<p>A: Dieses Produkt unterst\u00fctzt bis zu 250A\/1000V DC-Schnellladung (250kW) und erf\u00fcllt damit die Anforderungen an die extreme Ladegeschwindigkeit von Mainstream-Modellen.<\/p>\n\n\n\n<p class=\"has-medium-font-size\">Kann dieser CCS2-zu-CHAdeMO-Gleichstromadapter normal in einer Umgebung mit niedrigen Temperaturen von -20\u2103 verwendet werden?<\/p>\n\n\n\n<p>A: Ja, diese <strong>EV-Ladeadapter<\/strong> haben den -30\u2103-Extremk\u00e4ltetest bestanden, und der eingebaute Temperatursensor wird zur Echtzeit\u00fcberwachung verwendet, um einen sicheren Betrieb im gesamten Temperaturbereich von -30\u00b0C bis 50\u00b0C zu gew\u00e4hrleisten.<\/p>\n\n\n\n<p><\/p>","protected":false},"excerpt":{"rendered":"<p>Introduction to European to Japanese DC (CCS2-CHAdeMO) Reliable and easy to use, the CCS2 to CHAdeMO DC EV charging adapters allow vehicles with Japanese standard port (CHAdeMO ) to fast charge using European standard DC chargers (CCS2). The product has a compact&nbsp;design for easy storage and is plug-and-play without needing additional setups. Comes with IP54 [&hellip;]<\/p>","protected":false},"author":1,"featured_media":3352,"menu_order":0,"template":"","format":"standard","meta":{"_acf_changed":true,"site-sidebar-layout":"default","site-content-layout":"","ast-site-content-layout":"default","site-content-style":"default","site-sidebar-style":"default","ast-global-header-display":"","ast-banner-title-visibility":"","ast-main-header-display":"","ast-hfb-above-header-display":"","ast-hfb-below-header-display":"","ast-hfb-mobile-header-display":"","site-post-title":"","ast-breadcrumbs-content":"","ast-featured-img":"","footer-sml-layout":"","ast-disable-related-posts":"","theme-transparent-header-meta":"","adv-header-id-meta":"","stick-header-meta":"","header-above-stick-meta":"","header-main-stick-meta":"","header-below-stick-meta":"","astra-migrate-meta-layouts":"set","ast-page-background-enabled":"default","ast-page-background-meta":{"desktop":{"background-color":"","background-image":"","background-repeat":"repeat","background-position":"center center","background-size":"auto","background-attachment":"scroll","background-type":"","background-media":"","overlay-type":"","overlay-color":"","overlay-opacity":"","overlay-gradient":""},"tablet":{"background-color":"","background-image":"","background-repeat":"repeat","background-position":"center center","background-size":"auto","background-attachment":"scroll","background-type":"","background-media":"","overlay-type":"","overlay-color":"","overlay-opacity":"","overlay-gradient":""},"mobile":{"background-color":"","background-image":"","background-repeat":"repeat","background-position":"center center","background-size":"auto","background-attachment":"scroll","background-type":"","background-media":"","overlay-type":"","overlay-color":"","overlay-opacity":"","overlay-gradient":""}},"ast-content-background-meta":{"desktop":{"background-color":"var(--ast-global-color-5)","background-image":"","background-repeat":"repeat","background-position":"center center","background-size":"auto","background-attachment":"scroll","background-type":"","background-media":"","overlay-type":"","overlay-color":"","overlay-opacity":"","overlay-gradient":""},"tablet":{"background-color":"var(--ast-global-color-5)","background-image":"","background-repeat":"repeat","background-position":"center center","background-size":"auto","background-attachment":"scroll","background-type":"","background-media":"","overlay-type":"","overlay-color":"","overlay-opacity":"","overlay-gradient":""},"mobile":{"background-color":"var(--ast-global-color-5)","background-image":"","background-repeat":"repeat","background-position":"center center","background-size":"auto","background-attachment":"scroll","background-type":"","background-media":"","overlay-type":"","overlay-color":"","overlay-opacity":"","overlay-gradient":""}},"footnotes":""},"product-category":[89],"product-tag":[],"class_list":["post-2843","product","type-product","status-publish","format-standard","has-post-thumbnail","hentry","product-category-charging-adapter"],"acf":[],"_links":{"self":[{"href":"https:\/\/www.mekeltech.com\/de\/wp-json\/wp\/v2\/product\/2843","targetHints":{"allow":["GET"]}}],"collection":[{"href":"https:\/\/www.mekeltech.com\/de\/wp-json\/wp\/v2\/product"}],"about":[{"href":"https:\/\/www.mekeltech.com\/de\/wp-json\/wp\/v2\/types\/product"}],"author":[{"embeddable":true,"href":"https:\/\/www.mekeltech.com\/de\/wp-json\/wp\/v2\/users\/1"}],"version-history":[{"count":7,"href":"https:\/\/www.mekeltech.com\/de\/wp-json\/wp\/v2\/product\/2843\/revisions"}],"predecessor-version":[{"id":7093,"href":"https:\/\/www.mekeltech.com\/de\/wp-json\/wp\/v2\/product\/2843\/revisions\/7093"}],"wp:featuredmedia":[{"embeddable":true,"href":"https:\/\/www.mekeltech.com\/de\/wp-json\/wp\/v2\/media\/3352"}],"wp:attachment":[{"href":"https:\/\/www.mekeltech.com\/de\/wp-json\/wp\/v2\/media?parent=2843"}],"wp:term":[{"taxonomy":"product-category","embeddable":true,"href":"https:\/\/www.mekeltech.com\/de\/wp-json\/wp\/v2\/product-category?post=2843"},{"taxonomy":"product-tag","embeddable":true,"href":"https:\/\/www.mekeltech.com\/de\/wp-json\/wp\/v2\/product-tag?post=2843"}],"curies":[{"name":"wp","href":"https:\/\/api.w.org\/{rel}","templated":true}]}}