{"id":2841,"date":"2025-05-04T07:43:48","date_gmt":"2025-05-04T07:43:48","guid":{"rendered":"https:\/\/mekeltech.com\/?post_type=product&#038;p=2841"},"modified":"2025-08-07T11:58:34","modified_gmt":"2025-08-07T03:58:34","slug":"european-to-chinese-dc-ccs2-gbt-ev-charging-adapters","status":"publish","type":"product","link":"https:\/\/www.mekeltech.com\/de\/product\/european-to-chinese-dc-ccs2-gbt-ev-charging-adapters\/","title":{"rendered":"Europ\u00e4isch-chinesische DC (CCS2-GBT) EV-Ladeadapter"},"content":{"rendered":"<h2 class=\"wp-block-heading\">Einf\u00fchrung in europ\u00e4ische und chinesische DC (CCS2-GBT) EV-Ladeadapter<\/h2>\n\n\n\n<p>Die zuverl\u00e4ssigen und benutzerfreundlichen CCS2-GBT-DC-Ladeadapter erm\u00f6glichen das Schnellladen von Fahrzeugen mit chinesischem Standardanschluss (GBT) mit europ\u00e4ischen Standard-DC-Ladeger\u00e4ten (CCS2). Das Produkt hat ein kompaktes Design f\u00fcr eine einfache Lagerung und ist Plug-and-Play, ohne dass zus\u00e4tzliche Einstellungen erforderlich sind. Die Wasserdichtigkeit nach IP54 und die Temperaturbest\u00e4ndigkeit von -30\u00b0C bis +50\u00b0C sorgen f\u00fcr Sicherheit und Haltbarkeit, der Sie vertrauen k\u00f6nnen.<\/p>\n\n\n\n<h2 class=\"wp-block-heading\">Merkmale von Mekel EV-Ladeadaptern<\/h2>\n\n\n\n<h3 class=\"wp-block-heading has-medium-font-size\"><strong>Eine L\u00f6sung f\u00fcr jeden Ladestandard<\/strong><strong><\/strong><\/h3>\n\n\n\n<p>Mekels Angebot an EV-Ladeadaptern bietet Konvertierungsl\u00f6sungen f\u00fcr jeden Ladestandard auf der ganzen Welt, einschlie\u00dflich Konvertierungen zwischen<strong>&nbsp;Amerikanischer Typ 1, Tesla NACS, europ\u00e4ischer Typ 2, chinesischer GBT und japanischer Chademo<\/strong>&nbsp;Ladeanschl\u00fcsse.  Sprechen Sie mit uns, um sich \u00fcber die perfekten Adapterprodukte f\u00fcr Ihre jeweiligen M\u00e4rkte zu informieren<\/p>\n\n\n\n<h3 class=\"wp-block-heading has-medium-font-size\"><strong>Erstklassig gebaute Qualit\u00e4t<\/strong><strong><\/strong><\/h3>\n\n\n\n<p>Unsere Ladeadapter bestehen aus einem hochfesten thermoplastischen Kunststoff, der eine lange Lebensdauer gew\u00e4hrleistet, und einer versilberten Kupferlegierung, die eine erstklassige Leitf\u00e4higkeit bietet, was zur Zufriedenheit Ihrer Kunden beitr\u00e4gt.<\/p>\n\n\n\n<h3 class=\"wp-block-heading has-medium-font-size\"><strong>Einfach zu benutzen und mitzunehmen<\/strong><strong><\/strong><\/h3>\n\n\n\n<p>Unsere EV-Ladeadapter zeichnen sich durch ein kompaktes Design aus, ohne dass die Funktionalit\u00e4t darunter leidet. Sie unterst\u00fctzen das Hochgeschwindigkeitsladen mit Wechsel- oder Gleichstrom und passen bequem in ein Handschuhfach. Einfach auf die Ladepistole aufsetzen und in den Ladeanschluss des Fahrzeugs stecken - f\u00fcr ein nahtloses Ladeerlebnis<\/p>\n\n\n\n<h2 class=\"wp-block-heading\"><strong>Produkt Hoch<\/strong><strong>Licht<\/strong><strong><\/strong><\/h2>\n\n\n\n<ul class=\"wp-block-list\">\n<li>Alle Ladestandards<\/li>\n\n\n\n<li>Hochwertige Materialien<\/li>\n\n\n\n<li>Wetterschutz<\/li>\n\n\n\n<li>Produktionsbereitschaft<\/li>\n\n\n\n<li>Schnelle Lieferung<\/li>\n<\/ul>\n\n\n\n<h2 class=\"wp-block-heading\"><strong>Produktspezifikationen<\/strong><\/h2>\n\n\n\n<figure class=\"wp-block-table\"><table class=\"has-fixed-layout\"><tbody><tr><td><strong>Produktname<\/strong><strong><\/strong><\/td><td><strong>CCS2 zu GBT-Ladeadapter<\/strong><strong><\/strong><\/td><\/tr><tr><td><strong>Nennstrom<\/strong><strong><\/strong><\/td><td><strong>Maximal 250A<\/strong><strong><\/strong><\/td><\/tr><tr><td><strong>Nennspannung <\/strong><strong><\/strong><\/td><td><strong>Maximal 1000V DC<\/strong><strong><\/strong><\/td><\/tr><tr><td><strong>Wasserbest\u00e4ndigkeit<\/strong><\/td><td><strong>IP54 (wenn eingesteckt)<\/strong><strong><\/strong><\/td><\/tr><tr><td><strong>\u00c4u\u00dfere Schale <\/strong><strong><\/strong><\/td><td><strong>Thermoplastischer Kunststoff<\/strong><strong>\uff08TBC\uff09<\/strong><strong><\/strong><\/td><\/tr><tr><td><strong>Leitf\u00e4higer Stift<\/strong><strong><\/strong><\/td><td><strong>Kupferlegierung, versilbert<\/strong><strong><\/strong><\/td><\/tr><tr><td><strong>Arbeitstemperatur <\/strong><strong><\/strong><\/td><td><strong>-30\u00b0C bis +50\u00b0C<\/strong><strong><\/strong><\/td><\/tr><tr><td><strong>Nettogewicht<\/strong><strong><\/strong><\/td><td><strong>1,6 kg<\/strong><strong><\/strong><\/td><\/tr><tr><td><strong>Abmessungen<\/strong><strong><\/strong><\/td><td><strong>294*95*145mm<\/strong><strong><\/strong><\/td><\/tr><\/tbody><\/table><\/figure>\n\n\n\n<h2 class=\"wp-block-heading\"><strong>FAQ<\/strong><\/h2>\n\n\n\n<p><strong>F: Laden diese europ\u00e4ischen auf chinesische DC EV-Ladeadapter langsamer als die Originaladapter?<\/strong><br>A: Dieses Produkt verwendet versilberte Kupferlegierungsleiter (Widerstand &lt; 0,2m\u03a9), Leistungsverlust &lt; 0,3%, und die Ladeeffizienz entspricht der von Direktladestationen.<\/p>\n\n\n\n<p><strong>F: Welche Sicherheitszertifizierungen hat dieser CCS2-GBT DC EV-Ladeadapter bestanden?<\/strong><br>A: Es besitzt die CE\/ROHS-Zertifizierung, und die Kernkomponenten haben die ISO 20653 Staub- und Wasserbest\u00e4ndigkeitspr\u00fcfung sowie die UL94 V-0 Flammschutzzertifizierung bestanden.<\/p>\n\n\n\n<p><strong>F: Wie viel Leistung unterst\u00fctzen die CCS2-GBT-EV-Ladeadapter beim Schnellladen?<\/strong><br>A: Dieses Produkt unterst\u00fctzt bis zu 250A\/1000V DC-Schnellladung (250kW) und erf\u00fcllt damit die Anforderungen an die extreme Ladegeschwindigkeit von Mainstream-Modellen.<\/p>\n\n\n\n<p><strong>F: Kann dieser europ\u00e4isch-chinesische Gleichstromadapter normalerweise in einer Umgebung mit niedrigen Temperaturen von -20\u2103 verwendet werden?<\/strong><br>A Ja, diese EV-Ladeadapter haben den -30\u2103-Extremk\u00e4ltetest bestanden, und der eingebaute Temperatursensor wird zur Echtzeit\u00fcberwachung verwendet, um einen sicheren Betrieb im gesamten Temperaturbereich von -30\u00b0C bis 50\u00b0C zu gew\u00e4hrleisten.<\/p>","protected":false},"excerpt":{"rendered":"<p>Einf\u00fchrung in europ\u00e4ische zu chinesischen DC (CCS2-GBT) EV-Ladeadapter Die zuverl\u00e4ssigen und einfach zu bedienenden CCS2 zu GBT DC EV-Ladeadapter erm\u00f6glichen es Fahrzeugen mit chinesischem Standardanschluss (GBT), mit europ\u00e4ischen Standard-DC-Ladeger\u00e4ten (CCS2) schnell zu laden. Das Produkt hat ein kompaktes Design f\u00fcr eine einfache Lagerung und ist Plug-and-Play, ohne dass zus\u00e4tzliche Einstellungen erforderlich sind. Kommt [...]<\/p>","protected":false},"author":1,"featured_media":3338,"menu_order":0,"template":"","format":"standard","meta":{"_acf_changed":false,"site-sidebar-layout":"default","site-content-layout":"","ast-site-content-layout":"default","site-content-style":"default","site-sidebar-style":"default","ast-global-header-display":"","ast-banner-title-visibility":"","ast-main-header-display":"","ast-hfb-above-header-display":"","ast-hfb-below-header-display":"","ast-hfb-mobile-header-display":"","site-post-title":"","ast-breadcrumbs-content":"","ast-featured-img":"","footer-sml-layout":"","ast-disable-related-posts":"","theme-transparent-header-meta":"","adv-header-id-meta":"","stick-header-meta":"","header-above-stick-meta":"","header-main-stick-meta":"","header-below-stick-meta":"","astra-migrate-meta-layouts":"set","ast-page-background-enabled":"default","ast-page-background-meta":{"desktop":{"background-color":"","background-image":"","background-repeat":"repeat","background-position":"center center","background-size":"auto","background-attachment":"scroll","background-type":"","background-media":"","overlay-type":"","overlay-color":"","overlay-opacity":"","overlay-gradient":""},"tablet":{"background-color":"","background-image":"","background-repeat":"repeat","background-position":"center center","background-size":"auto","background-attachment":"scroll","background-type":"","background-media":"","overlay-type":"","overlay-color":"","overlay-opacity":"","overlay-gradient":""},"mobile":{"background-color":"","background-image":"","background-repeat":"repeat","background-position":"center center","background-size":"auto","background-attachment":"scroll","background-type":"","background-media":"","overlay-type":"","overlay-color":"","overlay-opacity":"","overlay-gradient":""}},"ast-content-background-meta":{"desktop":{"background-color":"var(--ast-global-color-5)","background-image":"","background-repeat":"repeat","background-position":"center center","background-size":"auto","background-attachment":"scroll","background-type":"","background-media":"","overlay-type":"","overlay-color":"","overlay-opacity":"","overlay-gradient":""},"tablet":{"background-color":"var(--ast-global-color-5)","background-image":"","background-repeat":"repeat","background-position":"center center","background-size":"auto","background-attachment":"scroll","background-type":"","background-media":"","overlay-type":"","overlay-color":"","overlay-opacity":"","overlay-gradient":""},"mobile":{"background-color":"var(--ast-global-color-5)","background-image":"","background-repeat":"repeat","background-position":"center center","background-size":"auto","background-attachment":"scroll","background-type":"","background-media":"","overlay-type":"","overlay-color":"","overlay-opacity":"","overlay-gradient":""}},"footnotes":""},"product-category":[89],"product-tag":[],"class_list":["post-2841","product","type-product","status-publish","format-standard","has-post-thumbnail","hentry","product-category-charging-adapter"],"acf":[],"_links":{"self":[{"href":"https:\/\/www.mekeltech.com\/de\/wp-json\/wp\/v2\/product\/2841","targetHints":{"allow":["GET"]}}],"collection":[{"href":"https:\/\/www.mekeltech.com\/de\/wp-json\/wp\/v2\/product"}],"about":[{"href":"https:\/\/www.mekeltech.com\/de\/wp-json\/wp\/v2\/types\/product"}],"author":[{"embeddable":true,"href":"https:\/\/www.mekeltech.com\/de\/wp-json\/wp\/v2\/users\/1"}],"version-history":[{"count":11,"href":"https:\/\/www.mekeltech.com\/de\/wp-json\/wp\/v2\/product\/2841\/revisions"}],"predecessor-version":[{"id":7090,"href":"https:\/\/www.mekeltech.com\/de\/wp-json\/wp\/v2\/product\/2841\/revisions\/7090"}],"wp:featuredmedia":[{"embeddable":true,"href":"https:\/\/www.mekeltech.com\/de\/wp-json\/wp\/v2\/media\/3338"}],"wp:attachment":[{"href":"https:\/\/www.mekeltech.com\/de\/wp-json\/wp\/v2\/media?parent=2841"}],"wp:term":[{"taxonomy":"product-category","embeddable":true,"href":"https:\/\/www.mekeltech.com\/de\/wp-json\/wp\/v2\/product-category?post=2841"},{"taxonomy":"product-tag","embeddable":true,"href":"https:\/\/www.mekeltech.com\/de\/wp-json\/wp\/v2\/product-tag?post=2841"}],"curies":[{"name":"wp","href":"https:\/\/api.w.org\/{rel}","templated":true}]}}