{"id":2701,"date":"2025-05-09T18:42:39","date_gmt":"2025-05-09T10:42:39","guid":{"rendered":"https:\/\/mekeltech.com\/?post_type=product&#038;p=2701"},"modified":"2025-08-25T15:56:13","modified_gmt":"2025-08-25T07:56:13","slug":"pillar-stand","status":"publish","type":"product","link":"https:\/\/www.mekeltech.com\/de\/product\/pillar-stand\/","title":{"rendered":"S\u00e4ulenst\u00e4nder"},"content":{"rendered":"<div data-elementor-type=\"wp-post\" data-elementor-id=\"2701\" class=\"elementor elementor-2701\" data-elementor-post-type=\"product\">\n\t\t\t\t<div class=\"elementor-element elementor-element-3c28ffb e-flex e-con-boxed e-con e-parent\" data-id=\"3c28ffb\" data-element_type=\"container\">\n\t\t\t\t\t<div class=\"e-con-inner\">\n\t\t\t\t<div class=\"elementor-element elementor-element-23a2c62 elementor-widget elementor-widget-heading\" data-id=\"23a2c62\" data-element_type=\"widget\" data-widget_type=\"heading.default\">\n\t\t\t\t<div class=\"elementor-widget-container\">\n\t\t\t\t\t<h2 class=\"elementor-heading-title elementor-size-default\">Einf\u00fchrung in den S\u00e4ulenst\u00e4nder<\/h2>\t\t\t\t<\/div>\n\t\t\t\t<\/div>\n\t\t\t\t<div class=\"elementor-element elementor-element-49a6f33 elementor-widget elementor-widget-text-editor\" data-id=\"49a6f33\" data-element_type=\"widget\" data-widget_type=\"text-editor.default\">\n\t\t\t\t<div class=\"elementor-widget-container\">\n\t\t\t\t\t\t\t\t\t<p>Wir bieten bodenmontierte S\u00e4ulenst\u00e4nder an, die eine sichere Grundlage f\u00fcr die Installation von EV-Ladestationen in jeder Umgebung bieten. Die St\u00e4nder sind problemlos zu installieren und werden aus hochwertigen, verst\u00e4rkten Materialien hergestellt, um optimale Stabilit\u00e4t und Haltbarkeit zu gew\u00e4hrleisten. Sie verf\u00fcgen \u00fcber eine wetterfeste Konstruktion mit korrosionsbest\u00e4ndiger Pulverbeschichtung, die eine lange Lebensdauer unter rauen Au\u00dfenbedingungen gew\u00e4hrleistet. Die verdeckte Kabelf\u00fchrung erm\u00f6glicht eine sichere und organisierte interne Verkabelung.<\/p>\n<p>Ob in Garagen, auf Parkpl\u00e4tzen oder in \u00f6ffentlichen Ladebereichen - unsere S\u00e4ulenst\u00e4nder bieten zuverl\u00e4ssige und vielseitige L\u00f6sungen f\u00fcr die Installation von Ladeinfrastruktur f\u00fcr Elektrofahrzeuge.<\/p>\t\t\t\t\t\t\t\t<\/div>\n\t\t\t\t<\/div>\n\t\t\t\t<div class=\"elementor-element elementor-element-6318802 elementor-widget elementor-widget-heading\" data-id=\"6318802\" data-element_type=\"widget\" data-widget_type=\"heading.default\">\n\t\t\t\t<div class=\"elementor-widget-container\">\n\t\t\t\t\t<h2 class=\"elementor-heading-title elementor-size-default\">Warum Mekels S\u00e4ulenst\u00e4nder f\u00fcr die Installation w\u00e4hlen?<\/h2>\t\t\t\t<\/div>\n\t\t\t\t<\/div>\n\t\t\t\t<div class=\"elementor-element elementor-element-b447c2c elementor-widget elementor-widget-heading\" data-id=\"b447c2c\" data-element_type=\"widget\" data-widget_type=\"heading.default\">\n\t\t\t\t<div class=\"elementor-widget-container\">\n\t\t\t\t\t<h3 class=\"elementor-heading-title elementor-size-default\">Au\u00dfergew\u00f6hnliche Langlebigkeit und Wetterbest\u00e4ndigkeit<\/h3>\t\t\t\t<\/div>\n\t\t\t\t<\/div>\n\t\t\t\t<div class=\"elementor-element elementor-element-c72225d elementor-widget elementor-widget-text-editor\" data-id=\"c72225d\" data-element_type=\"widget\" data-widget_type=\"text-editor.default\">\n\t\t\t\t<div class=\"elementor-widget-container\">\n\t\t\t\t\t\t\t\t\t<p>Unsere aus pulverbeschichtetem Stahl oder Aluminium in Luft- und Raumfahrtqualit\u00e4t gefertigten S\u00e4ulenst\u00e4nder widerstehen rauen Au\u00dfenbedingungen, einschlie\u00dflich Regen\/Schnee und UV-Strahlung. Das bedeutet jahrelange, zuverl\u00e4ssige und wartungsfreie Leistung, damit Ihre Ladeinfrastruktur in jedem Klima zuverl\u00e4ssig und leistungsf\u00e4hig bleibt.<\/p>\t\t\t\t\t\t\t\t<\/div>\n\t\t\t\t<\/div>\n\t\t\t\t<div class=\"elementor-element elementor-element-9473831 elementor-widget elementor-widget-heading\" data-id=\"9473831\" data-element_type=\"widget\" data-widget_type=\"heading.default\">\n\t\t\t\t<div class=\"elementor-widget-container\">\n\t\t\t\t\t<h3 class=\"elementor-heading-title elementor-size-default\">Flexibles, zukunftssicheres Design<\/h3>\t\t\t\t<\/div>\n\t\t\t\t<\/div>\n\t\t\t\t<div class=\"elementor-element elementor-element-4350366 elementor-widget elementor-widget-text-editor\" data-id=\"4350366\" data-element_type=\"widget\" data-widget_type=\"text-editor.default\">\n\t\t\t\t<div class=\"elementor-widget-container\">\n\t\t\t\t\t\t\t\t\t<p>Unsere S\u00e4ulenst\u00e4nder sind mit universellen Halterungen und verstellbaren Bolzenmustern ausgestattet und eignen sich f\u00fcr eine Vielzahl von AC- und DC-Ladestationen, wodurch sie mit bestehenden und zuk\u00fcnftigen Ladeger\u00e4ten kompatibel sind. Die modulare Konstruktion erm\u00f6glicht den Austausch von Kabeln und Dr\u00e4hten, ohne dass die gesamte S\u00e4ule demontiert werden muss, wodurch Sie Zeit und Kosten sparen.<\/p>\t\t\t\t\t\t\t\t<\/div>\n\t\t\t\t<\/div>\n\t\t\t\t<div class=\"elementor-element elementor-element-d1aca09 elementor-widget elementor-widget-heading\" data-id=\"d1aca09\" data-element_type=\"widget\" data-widget_type=\"heading.default\">\n\t\t\t\t<div class=\"elementor-widget-container\">\n\t\t\t\t\t<h3 class=\"elementor-heading-title elementor-size-default\">Individuelle Anpassung von Spezifikationen und Materialien<\/h3>\t\t\t\t<\/div>\n\t\t\t\t<\/div>\n\t\t\t\t<div class=\"elementor-element elementor-element-91aed74 elementor-widget elementor-widget-text-editor\" data-id=\"91aed74\" data-element_type=\"widget\" data-widget_type=\"text-editor.default\">\n\t\t\t\t<div class=\"elementor-widget-container\">\n\t\t\t\t\t\t\t\t\t<p>Wir bieten umfangreiche Anpassungen an, um die verschiedensten Installations- und Markenanforderungen zu erf\u00fcllen. Dazu geh\u00f6ren kundenspezifische Materialien, technische Spezifikationen, Farbausf\u00fchrungen und Markenlogos. Unser Ziel ist es, Ihnen die Installation Ihrer Ladeger\u00e4te zu erleichtern und Ihr Markenimage zu f\u00f6rdern.<\/p>\t\t\t\t\t\t\t\t<\/div>\n\t\t\t\t<\/div>\n\t\t\t\t<div class=\"elementor-element elementor-element-bf8bf96 elementor-widget elementor-widget-heading\" data-id=\"bf8bf96\" data-element_type=\"widget\" data-widget_type=\"heading.default\">\n\t\t\t\t<div class=\"elementor-widget-container\">\n\t\t\t\t\t<h2 class=\"elementor-heading-title elementor-size-default\">Eigenschaften von Pillar Stand<\/h2>\t\t\t\t<\/div>\n\t\t\t\t<\/div>\n\t\t\t\t<div class=\"elementor-element elementor-element-bde2b74 elementor-widget elementor-widget-text-editor\" data-id=\"bde2b74\" data-element_type=\"widget\" data-widget_type=\"text-editor.default\">\n\t\t\t\t<div class=\"elementor-widget-container\">\n\t\t\t\t\t\t\t\t\t<ul>\n<li>Langlebige Materialien<\/li>\n<li>Freundlich f\u00fcr Installateure<\/li>\n<li>Anpassungsoptionen<\/li>\n<li>Kundenbetreuung<\/li>\n<\/ul>\t\t\t\t\t\t\t\t<\/div>\n\t\t\t\t<\/div>\n\t\t\t\t\t<\/div>\n\t\t\t\t<\/div>\n\t\t\t\t<\/div>","protected":false},"excerpt":{"rendered":"<p>Einf\u00fchrung in die S\u00e4ulenst\u00e4nder Wir bieten bodenmontierte S\u00e4ulenst\u00e4nder an, die eine sichere Grundlage f\u00fcr die Installation von EV-Ladestationen in jeder Umgebung bieten. Die St\u00e4nder sind problemlos zu installieren und werden aus hochwertigen, verst\u00e4rkten Materialien hergestellt, um optimale Stabilit\u00e4t und Haltbarkeit zu gew\u00e4hrleisten. Sie verf\u00fcgen \u00fcber eine witterungsbest\u00e4ndige Konstruktion mit korrosionsbest\u00e4ndiger Pulverbeschichtung, die eine lange Lebensdauer in rauen [...]<\/p>","protected":false},"author":1,"featured_media":2874,"menu_order":0,"template":"","format":"standard","meta":{"_acf_changed":false,"site-sidebar-layout":"default","site-content-layout":"","ast-site-content-layout":"default","site-content-style":"default","site-sidebar-style":"default","ast-global-header-display":"","ast-banner-title-visibility":"","ast-main-header-display":"","ast-hfb-above-header-display":"","ast-hfb-below-header-display":"","ast-hfb-mobile-header-display":"","site-post-title":"","ast-breadcrumbs-content":"","ast-featured-img":"","footer-sml-layout":"","ast-disable-related-posts":"","theme-transparent-header-meta":"","adv-header-id-meta":"","stick-header-meta":"","header-above-stick-meta":"","header-main-stick-meta":"","header-below-stick-meta":"","astra-migrate-meta-layouts":"set","ast-page-background-enabled":"default","ast-page-background-meta":{"desktop":{"background-color":"","background-image":"","background-repeat":"repeat","background-position":"center center","background-size":"auto","background-attachment":"scroll","background-type":"","background-media":"","overlay-type":"","overlay-color":"","overlay-opacity":"","overlay-gradient":""},"tablet":{"background-color":"","background-image":"","background-repeat":"repeat","background-position":"center center","background-size":"auto","background-attachment":"scroll","background-type":"","background-media":"","overlay-type":"","overlay-color":"","overlay-opacity":"","overlay-gradient":""},"mobile":{"background-color":"","background-image":"","background-repeat":"repeat","background-position":"center center","background-size":"auto","background-attachment":"scroll","background-type":"","background-media":"","overlay-type":"","overlay-color":"","overlay-opacity":"","overlay-gradient":""}},"ast-content-background-meta":{"desktop":{"background-color":"var(--ast-global-color-5)","background-image":"","background-repeat":"repeat","background-position":"center center","background-size":"auto","background-attachment":"scroll","background-type":"","background-media":"","overlay-type":"","overlay-color":"","overlay-opacity":"","overlay-gradient":""},"tablet":{"background-color":"var(--ast-global-color-5)","background-image":"","background-repeat":"repeat","background-position":"center center","background-size":"auto","background-attachment":"scroll","background-type":"","background-media":"","overlay-type":"","overlay-color":"","overlay-opacity":"","overlay-gradient":""},"mobile":{"background-color":"var(--ast-global-color-5)","background-image":"","background-repeat":"repeat","background-position":"center center","background-size":"auto","background-attachment":"scroll","background-type":"","background-media":"","overlay-type":"","overlay-color":"","overlay-opacity":"","overlay-gradient":""}},"footnotes":""},"product-category":[102],"product-tag":[],"class_list":["post-2701","product","type-product","status-publish","format-standard","has-post-thumbnail","hentry","product-category-pillar-stand"],"acf":[],"_links":{"self":[{"href":"https:\/\/www.mekeltech.com\/de\/wp-json\/wp\/v2\/product\/2701","targetHints":{"allow":["GET"]}}],"collection":[{"href":"https:\/\/www.mekeltech.com\/de\/wp-json\/wp\/v2\/product"}],"about":[{"href":"https:\/\/www.mekeltech.com\/de\/wp-json\/wp\/v2\/types\/product"}],"author":[{"embeddable":true,"href":"https:\/\/www.mekeltech.com\/de\/wp-json\/wp\/v2\/users\/1"}],"version-history":[{"count":14,"href":"https:\/\/www.mekeltech.com\/de\/wp-json\/wp\/v2\/product\/2701\/revisions"}],"predecessor-version":[{"id":6997,"href":"https:\/\/www.mekeltech.com\/de\/wp-json\/wp\/v2\/product\/2701\/revisions\/6997"}],"wp:featuredmedia":[{"embeddable":true,"href":"https:\/\/www.mekeltech.com\/de\/wp-json\/wp\/v2\/media\/2874"}],"wp:attachment":[{"href":"https:\/\/www.mekeltech.com\/de\/wp-json\/wp\/v2\/media?parent=2701"}],"wp:term":[{"taxonomy":"product-category","embeddable":true,"href":"https:\/\/www.mekeltech.com\/de\/wp-json\/wp\/v2\/product-category?post=2701"},{"taxonomy":"product-tag","embeddable":true,"href":"https:\/\/www.mekeltech.com\/de\/wp-json\/wp\/v2\/product-tag?post=2701"}],"curies":[{"name":"wp","href":"https:\/\/api.w.org\/{rel}","templated":true}]}}