{"id":2424,"date":"2025-05-05T06:56:13","date_gmt":"2025-05-05T06:56:13","guid":{"rendered":"https:\/\/mekeltech.com\/?post_type=product&#038;p=2424"},"modified":"2025-08-07T12:19:23","modified_gmt":"2025-08-07T04:19:23","slug":"ccs2-to-gbt-dc-ev-charging-adapter","status":"publish","type":"product","link":"https:\/\/www.mekeltech.com\/de\/product\/ccs2-to-gbt-dc-ev-charging-adapter\/","title":{"rendered":"CCS2 zu GBT DC EV-Ladeadapter"},"content":{"rendered":"<div data-elementor-type=\"wp-post\" data-elementor-id=\"2424\" class=\"elementor elementor-2424\" data-elementor-post-type=\"product\">\n\t\t\t\t<div class=\"elementor-element elementor-element-1ed46942 e-flex e-con-boxed e-con e-parent\" data-id=\"1ed46942\" data-element_type=\"container\">\n\t\t\t\t\t<div class=\"e-con-inner\">\n\t\t\t\t<div class=\"elementor-element elementor-element-f17077f elementor-widget elementor-widget-text-editor\" data-id=\"f17077f\" data-element_type=\"widget\" data-widget_type=\"text-editor.default\">\n\t\t\t\t<div class=\"elementor-widget-container\">\n\t\t\t\t\t\t\t\t\t\n<p>Die zuverl\u00e4ssigen und benutzerfreundlichen CCS2-GBT-DC-Ladeadapter erm\u00f6glichen das Schnellladen von Fahrzeugen mit chinesischem Standardanschluss (GBT) mit europ\u00e4ischen Standard-DC-Ladeger\u00e4ten (CCS2). Das Produkt hat ein kompaktes Design f\u00fcr eine einfache Lagerung und ist Plug-and-Play, ohne dass zus\u00e4tzliche Einstellungen erforderlich sind. Die Wasserdichtigkeit nach IP54 und die Temperaturbest\u00e4ndigkeit von -30\u00b0C bis +50\u00b0C sorgen f\u00fcr Sicherheit und Haltbarkeit, der Sie vertrauen k\u00f6nnen.<\/p>\n\n<h2 class=\"wp-block-heading has-medium-font-size\"><strong>Eine L\u00f6sung f\u00fcr jeden Ladestandard<\/strong><\/h2>\n\n<p>Our EV charging adapter lineup provides conversion solutions for every charging standard across\u00a0the world, including conversions between\u00a0American\u00a0Type 1, Tesla\u00a0NACS, European\u00a0Type 2, Chinese\u00a0GBT, and Japanese\u00a0Chademo\u00a0charging ports. \u00a0Speak with us to find out about the perfect adaptor products for your respective markets<\/p>\n\n<h2 class=\"wp-block-heading has-medium-font-size\"><strong>Erstklassig gebaute Qualit\u00e4t<\/strong><\/h2>\n\n<p>Our adapters are made with high-strength thermoplastic\u00a0shell that provide great durability and silver-plated\u00a0copper alloy that delivers top-class conductivity, which will help drive your customers\u2019\u00a0satisfaction<\/p>\n\n<h2 class=\"wp-block-heading has-medium-font-size\"><strong>Einfach zu benutzen und mitzunehmen<\/strong><\/h2>\n\n<p>Our adapters boast compact designs without compromising functionality. It supports high speed AC or DC charging, all while fits comfortably\u00a0inside a glovebox. Simply fit onto the charging gun and plug into vehicle\u2019s charging port fora seamless\u00a0charging experience<\/p>\n\n<h2 class=\"wp-block-heading has-medium-font-size\"><strong>Produkt Hoch<\/strong><strong>Licht<\/strong><\/h2>\n\n<ul class=\"wp-block-list\">\n<li>Alle Ladestandards<\/li>\n\n<li>Hochwertige Materialien<\/li>\n\n<li>Wetterschutz<\/li>\n\n<li>Produktionsbereitschaft<\/li>\n\n<li>Schnelle Lieferung<\/li>\n<\/ul>\n\n<h2 class=\"wp-block-heading has-medium-font-size\"><strong><strong>Produktspezifikationen<\/strong><\/strong><\/h2>\n\n<figure class=\"wp-block-table\">\n<table class=\"has-fixed-layout\">\n<tbody>\n<tr>\n<td><strong>Produktname<\/strong><\/td>\n<td><strong>CCS2 zu GBT-Ladeadapter<\/strong><\/td>\n<\/tr>\n<tr>\n<td><strong>Nennstrom<\/strong><\/td>\n<td><strong>Maximal 250A<\/strong><\/td>\n<\/tr>\n<tr>\n<td><strong>Nennspannung <\/strong><\/td>\n<td><strong>Maximal 1000V DC<\/strong><\/td>\n<\/tr>\n<tr>\n<td><strong>Wasserbest\u00e4ndigkeit <\/strong><\/td>\n<td><strong>IP54 (wenn eingesteckt)<\/strong><\/td>\n<\/tr>\n<tr>\n<td><strong>\u00c4u\u00dfere Schale <\/strong><\/td>\n<td><strong>Thermoplastischer Kunststoff<\/strong><strong>\uff08TBC\uff09<\/strong><\/td>\n<\/tr>\n<tr>\n<td><strong>Leitf\u00e4higer Stift<\/strong><\/td>\n<td><strong>Kupferlegierung, versilbert<\/strong><\/td>\n<\/tr>\n<tr>\n<td><strong>Arbeitstemperatur <\/strong><\/td>\n<td><strong>-30\u00b0C bis +50\u00b0C<\/strong><\/td>\n<\/tr>\n<tr>\n<td><strong>Nettogewicht<\/strong><\/td>\n<td><strong>1,6 kg<\/strong><\/td>\n<\/tr>\n<tr>\n<td><strong>Abmessungen<\/strong><\/td>\n<td><strong>294*95*145mm<\/strong><\/td>\n<\/tr>\n<\/tbody>\n<\/table>\n<\/figure>\n\n<h2 class=\"wp-block-heading has-medium-font-size\"><strong>FAQ<\/strong><\/h2>\n\n<p class=\"has-medium-font-size\"><strong>Q: What is the function of an EV charging adapter?<\/strong><\/p>\n\n<p>Ein EV-Ladeadapter erm\u00f6glicht es einem Fahrzeug, eine Ladestation mit einem anderen Ladestandard zu nutzen. Ein aus China importiertes Auto mit einem GBT-Ladeanschluss kann beispielsweise mit einem Adapter von Typ 2 auf GBT mit dem europ\u00e4ischen Typ-2-Stecker geladen werden.<\/p>\n\n<p><strong class=\"\">Q: Will this CCS2 to GBT DC EV charging adapter charge slower than the original one?<\/strong><\/p>\n\n<p>A: Dieses Produkt verwendet versilberte Kupferlegierungsleiter (Widerstand &lt; 0,2m\u03a9), Leistungsverlust &lt; 0,3%, und die Ladeeffizienz entspricht der von Direktladestationen.<\/p>\n\n<p><strong class=\"\">Q: What safety certifications has this CCS2 to GBT DC EV charging adapter passed?<\/strong><\/p>\n\n<p>A: Es besitzt die CE\/ROHS-Zertifizierung, und die Kernkomponenten haben die ISO 20653 Staub- und Wasserbest\u00e4ndigkeitspr\u00fcfung sowie die UL94 V-0 Flammschutzzertifizierung bestanden.<\/p>\n\n<p><strong class=\"\">Q: How much power does this CCS2 to GBT EV charging adapter support for fast charging?<\/strong><\/p>\n\n<p>A: Dieses Produkt unterst\u00fctzt bis zu 250A\/1000V DC-Schnellladung (250kW) und erf\u00fcllt damit die Anforderungen an die extreme Ladegeschwindigkeit von Mainstream-Modellen.<\/p>\n\n<p><strong class=\"\">Q: Can this CCS2 to GBT DC EV charging adapter be used normally in a low-temperature environment of -20\u2103?<\/strong><\/p>\n\n<p>A: Ja, das <strong class=\"\">EV-Ladeadapter<\/strong> hat den -30\u2103-Extremk\u00e4ltetest bestanden, und der eingebaute Temperatursensor wird zur Echtzeit\u00fcberwachung verwendet, um einen sicheren Betrieb im gesamten Temperaturbereich von -30\u00b0C bis 50\u00b0C zu gew\u00e4hrleisten.<\/p>\n\t\t\t\t\t\t\t\t<\/div>\n\t\t\t\t<\/div>\n\t\t\t\t\t<\/div>\n\t\t\t\t<\/div>\n\t\t\t\t<\/div>","protected":false},"excerpt":{"rendered":"<p>Reliable and easy to use, the CCS2 to GBT DC EV charging adapters allow vehicles with Chinese standard port (GBT) to fast charge using European standard DC chargers (CCS2). The product has a compact\u00a0design for easy storage and is plug-and-play without needing additional setups. Comes with IP54 water resistance and temperature endurance of -30\u00b0C to [&hellip;]<\/p>","protected":false},"author":1,"featured_media":3496,"menu_order":15,"template":"","format":"standard","meta":{"_acf_changed":false,"site-sidebar-layout":"default","site-content-layout":"","ast-site-content-layout":"default","site-content-style":"default","site-sidebar-style":"default","ast-global-header-display":"","ast-banner-title-visibility":"","ast-main-header-display":"","ast-hfb-above-header-display":"","ast-hfb-below-header-display":"","ast-hfb-mobile-header-display":"","site-post-title":"","ast-breadcrumbs-content":"","ast-featured-img":"","footer-sml-layout":"","ast-disable-related-posts":"","theme-transparent-header-meta":"","adv-header-id-meta":"","stick-header-meta":"","header-above-stick-meta":"","header-main-stick-meta":"","header-below-stick-meta":"","astra-migrate-meta-layouts":"set","ast-page-background-enabled":"default","ast-page-background-meta":{"desktop":{"background-color":"","background-image":"","background-repeat":"repeat","background-position":"center center","background-size":"auto","background-attachment":"scroll","background-type":"","background-media":"","overlay-type":"","overlay-color":"","overlay-opacity":"","overlay-gradient":""},"tablet":{"background-color":"","background-image":"","background-repeat":"repeat","background-position":"center center","background-size":"auto","background-attachment":"scroll","background-type":"","background-media":"","overlay-type":"","overlay-color":"","overlay-opacity":"","overlay-gradient":""},"mobile":{"background-color":"","background-image":"","background-repeat":"repeat","background-position":"center center","background-size":"auto","background-attachment":"scroll","background-type":"","background-media":"","overlay-type":"","overlay-color":"","overlay-opacity":"","overlay-gradient":""}},"ast-content-background-meta":{"desktop":{"background-color":"var(--ast-global-color-5)","background-image":"","background-repeat":"repeat","background-position":"center center","background-size":"auto","background-attachment":"scroll","background-type":"","background-media":"","overlay-type":"","overlay-color":"","overlay-opacity":"","overlay-gradient":""},"tablet":{"background-color":"var(--ast-global-color-5)","background-image":"","background-repeat":"repeat","background-position":"center center","background-size":"auto","background-attachment":"scroll","background-type":"","background-media":"","overlay-type":"","overlay-color":"","overlay-opacity":"","overlay-gradient":""},"mobile":{"background-color":"var(--ast-global-color-5)","background-image":"","background-repeat":"repeat","background-position":"center center","background-size":"auto","background-attachment":"scroll","background-type":"","background-media":"","overlay-type":"","overlay-color":"","overlay-opacity":"","overlay-gradient":""}},"footnotes":""},"product-category":[89],"product-tag":[],"class_list":["post-2424","product","type-product","status-publish","format-standard","has-post-thumbnail","hentry","product-category-charging-adapter"],"acf":[],"_links":{"self":[{"href":"https:\/\/www.mekeltech.com\/de\/wp-json\/wp\/v2\/product\/2424","targetHints":{"allow":["GET"]}}],"collection":[{"href":"https:\/\/www.mekeltech.com\/de\/wp-json\/wp\/v2\/product"}],"about":[{"href":"https:\/\/www.mekeltech.com\/de\/wp-json\/wp\/v2\/types\/product"}],"author":[{"embeddable":true,"href":"https:\/\/www.mekeltech.com\/de\/wp-json\/wp\/v2\/users\/1"}],"version-history":[{"count":9,"href":"https:\/\/www.mekeltech.com\/de\/wp-json\/wp\/v2\/product\/2424\/revisions"}],"predecessor-version":[{"id":5823,"href":"https:\/\/www.mekeltech.com\/de\/wp-json\/wp\/v2\/product\/2424\/revisions\/5823"}],"wp:featuredmedia":[{"embeddable":true,"href":"https:\/\/www.mekeltech.com\/de\/wp-json\/wp\/v2\/media\/3496"}],"wp:attachment":[{"href":"https:\/\/www.mekeltech.com\/de\/wp-json\/wp\/v2\/media?parent=2424"}],"wp:term":[{"taxonomy":"product-category","embeddable":true,"href":"https:\/\/www.mekeltech.com\/de\/wp-json\/wp\/v2\/product-category?post=2424"},{"taxonomy":"product-tag","embeddable":true,"href":"https:\/\/www.mekeltech.com\/de\/wp-json\/wp\/v2\/product-tag?post=2424"}],"curies":[{"name":"wp","href":"https:\/\/api.w.org\/{rel}","templated":true}]}}